{"id":55349,"date":"2023-04-05T13:46:43","date_gmt":"2023-04-05T13:46:43","guid":{"rendered":"https:\/\/sales-ai-agents.com\/templates\/marketing-brief-internal\/"},"modified":"2023-09-21T20:27:08","modified_gmt":"2023-09-21T20:27:08","slug":"marketing-brief-internal","status":"publish","type":"product","link":"https:\/\/sales-ai-agents.com\/tr\/templates\/marketing-brief-internal\/","title":{"rendered":"Pazarlama Dosyas\u0131 Dahili"},"content":{"rendered":"<h2 class=\"ng-binding ng-scope\">Pazarlama \u00d6zeti Dahili \u015eablonu<\/h2>\n<p>Pazar \u00d6zeti Dahili \u015eablonu, Pazarlama \u00d6zeti \u015eablonunun bir t\u00fcrevidir. Dahili \u015eablon, m\u00fc\u015fterinin brief&#8217;teki t\u00fcm isteklerini i\u00e7erir. Ancak burada, gizli i\u00e7 s\u00fcre\u00e7leri g\u00f6rmeleri konusunda endi\u015felenmezsiniz. M\u00fc\u015fteri bilgileri hakk\u0131nda yorum yap\u0131n, yeni g\u00f6revler belirleyin ve tamamlanan i\u015fleri i\u015faretleyin.<\/p>\n<p>&nbsp;<\/p>\n<h5 id=\"b208071222_13491\" class=\"nedit-heading editable-text paragraph indent-0 allow-dragging focused-block selected-block selected-block-wrapper\">Nas\u0131l kullan\u0131l\u0131r?<\/h5>\n<ul id=\"b208071222_13511\" class=\"editor-list number-template-decimal-all\">\n<li id=\"b208071222_13517\" class=\"list-item-bullet editable-text list-item indent-0 selected-block selected-block-wrapper\"><strong>Projenin temelleri<\/strong><br class=\"separator\" \/>Burada m\u00fc\u015fteri \u015firket ve proje adlar\u0131n\u0131, teslim tarihini ve i\u015f kabul ki\u015fisini bulabilirsiniz.<\/li>\n<li id=\"b208071222_13638\" class=\"list-item-bullet editable-text list-item indent-0 selected-block selected-block-wrapper\"><strong>M\u00fc\u015fteri Ge\u00e7mi\u015fi<\/strong><br class=\"separator\" \/>Bu, m\u00fc\u015fterinin i\u015finin k\u0131sa bir tan\u0131m\u0131n\u0131 i\u00e7erir: ne \u00fcretti\u011fi ve nas\u0131l ba\u015far\u0131l\u0131 oldu\u011fu.<br class=\"separator\" \/>Ayr\u0131ca, \u015firketin web sitesine, sosyal medya ve inceleme sitelerindeki hesaplar\u0131na ve yard\u0131mc\u0131 olabilecek di\u011fer platformlara ba\u011flant\u0131lar i\u00e7eren bir tablo da bulunmaktad\u0131r.<br class=\"separator\" \/>Daha sonra m\u00fc\u015fteri, proje hedefi hakk\u0131nda daha iyi bir fikir edinmek i\u00e7in Misyon ve De\u011ferler alanlar\u0131n\u0131 doldurmal\u0131d\u0131r: \u015firketlerinin neden var oldu\u011fu ve m\u00fc\u015fterilerin ya\u015famlar\u0131n\u0131 nas\u0131l iyile\u015ftirmeyi umdu\u011fu.<\/li>\n<li id=\"b208071222_14009\" class=\"list-item-bullet editable-text list-item indent-0 selected-block selected-block-wrapper\"><strong>Projeye Genel Bak\u0131\u015f<\/strong><br class=\"separator\" \/>Ekibinizin \u00e7al\u0131\u015fmas\u0131n\u0131n ana hatlar\u0131n\u0131 planlay\u0131n.<br class=\"separator\" \/>Kilometre ta\u015flar\u0131: Projeyi y\u00f6netilebilir g\u00f6revlere ay\u0131r\u0131n.<br class=\"separator\" \/>Atananlar: Her bir kilometre ta\u015f\u0131ndan sorumlu ki\u015fiyi belirtin.<br class=\"separator\" \/>Son tarih: g\u00f6revin ne zaman tamamlanmas\u0131 gerekti\u011fini belirleyin.<br class=\"separator\" \/>Durum: meslekta\u015flar\u0131n\u0131zdan kilometre ta\u015flar\u0131n\u0131n Ba\u015flamad\u0131, Beklemede veya Bitti olup olmad\u0131\u011f\u0131n\u0131 i\u015faretlemelerini isteyin.<\/li>\n<li id=\"b208071222_14289\" class=\"list-item-bullet editable-text list-item indent-0 selected-block selected-block-wrapper\"><strong>Sinyaller ve \u00d6l\u00e7\u00fcmler<\/strong><br class=\"separator\" \/>Tablo s\u00fctunlar\u0131nda, m\u00fc\u015fteriniz taraf\u0131ndan belirlenen pazarlama kampanyas\u0131 hedeflerini bulun.<br class=\"separator\" \/>Her hedefin 1. sat\u0131r\u0131, m\u00fc\u015fterinin g\u00f6r\u00fc\u015f\u00fcne g\u00f6re, her hedefe ula\u015fma yolunda ilerlemeyi g\u00f6steren bir i\u015faret i\u00e7erir.<br class=\"separator\" \/>2. sat\u0131rda, hedeflerin ilerlemesini de\u011ferlendirmek i\u00e7in kullanman\u0131z gereken metrikleri bulun.<br class=\"separator\" \/>3. sat\u0131rda m\u00fc\u015fterinin kampanya i\u00e7in neden bu hedefleri belirledi\u011fi a\u00e7\u0131klanmaktad\u0131r.<\/li>\n<li id=\"b208071222_14682\" class=\"list-item-bullet editable-text list-item indent-0 selected-block selected-block-wrapper\"><strong>Projenin Amac\u0131<\/strong><br class=\"separator\" \/>M\u00fc\u015fterinin, bu \u015firketin hedef kitlesine nas\u0131l yard\u0131mc\u0131 olmas\u0131 ve fayda sa\u011flamas\u0131 gerekti\u011fi konusundaki bak\u0131\u015f a\u00e7\u0131s\u0131n\u0131 \u00f6\u011frenin.<\/li>\n<li id=\"b208071222_14804\" class=\"list-item-bullet editable-text list-item indent-0 selected-block selected-block-wrapper\"><strong>Gelir Hedefi<\/strong><br class=\"separator\" \/>M\u00fc\u015fterinizin kampanyadan elde etmek istedi\u011fi k\u00e2r art\u0131\u015f\u0131n\u0131 \u00f6\u011frenin.<\/li>\n<li id=\"b208071222_14963\" class=\"list-item-bullet editable-text list-item indent-0 selected-block selected-block-wrapper\"><strong>Hedef Kitle<\/strong><br class=\"separator\" \/>Burada m\u00fc\u015fteri, sizin kriterlerinize g\u00f6re hedef kitlesini belirlemi\u015ftir.<\/li>\n<li id=\"b208071222_15054\" class=\"list-item-bullet editable-text list-item indent-0 selected-block selected-block-wrapper\"><strong>Rakipler<\/strong><br class=\"separator\" \/>\u015eirketin sundu\u011fu \u00f6zellikleri ve hizmetleri m\u00fc\u015fterinin rakipleriyle kar\u015f\u0131la\u015ft\u0131r\u0131n.<\/li>\n<li id=\"b208071222_15351\" class=\"list-item-bullet editable-text list-item indent-0 selected-block selected-block-wrapper\"><strong>Bir mesaj olu\u015fturmak i\u00e7in veriler<\/strong><br class=\"separator\" \/>Etkili bir kampanya i\u00e7in el alt\u0131nda bulundurun:<br class=\"separator\" \/>&#8211; t\u00fcketicilerin \u00fcr\u00fcnlerinden elde edecekleri temel faydalar;<br class=\"separator\" \/>&#8211; Ana \u015firketin sloganlar\u0131.<\/li>\n<li id=\"b208071222_15508\" class=\"list-item-bullet editable-text list-item indent-0 selected-block selected-block-wrapper\"><strong>Pazarlama Stratejisi<\/strong><br class=\"separator\" \/>Pazarlama Kanallar\u0131: Kullanabilece\u011finiz t\u00fcm da\u011f\u0131t\u0131m kanallar\u0131n\u0131n bir listesini yap\u0131n (Facebook, reklam panolar\u0131, vb.) ve m\u00fc\u015fteriden be\u011fendiklerini i\u015faretlemesini isteyin.<br class=\"separator\" \/>Hedefler: her hedef i\u00e7in, a\u00e7\u0131klamas\u0131n\u0131 ve beklenen temel sonu\u00e7lar\u0131 i\u00e7eren bir tablo ekleyin; ad\u0131mlar\u0131 i\u015faretlemek i\u00e7in bir ilerleme \u00e7ubu\u011fu y\u00f6netin.<br class=\"separator\" \/>Zaman \u00e7izelgesi: Planlanan t\u00fcm pazarlama giri\u015fimlerini listeleyen tabloyu doldurun, \u00f6nceden haz\u0131rlanm\u0131\u015f veya sizin taraf\u0131n\u0131zdan olu\u015fturulmu\u015f kategorileri atay\u0131n, uygulama i\u00e7in \u00f6nceli\u011fi ve zaman \u00e7er\u00e7evesini belirtin ve sorumlu meslekta\u015f\u0131n\u0131z\u0131 belirtin.<\/li>\n<li id=\"b208071222_16025\" class=\"list-item-bullet editable-text list-item indent-0 selected-block selected-block-wrapper\"><strong>Sorumlu Taraflar<\/strong><br class=\"separator\" \/>M\u00fc\u015fterinin proje s\u0131ras\u0131nda ileti\u015fim kurabilece\u011fi ki\u015fileri kontrol etti\u011finizden emin olun.<\/li>\n<li id=\"b208071222_16134\" class=\"list-item-bullet editable-text list-item indent-0 selected-block selected-block-wrapper\"><strong>Harekete Ge\u00e7me \u00c7a\u011fr\u0131s\u0131<\/strong><br class=\"separator\" \/>Bir \u00e7al\u0131\u015fma plan\u0131 olu\u015fturun: g\u00f6revleri listeleyin, son tarihleri belirleyin ve her a\u015famada ileti\u015fime ge\u00e7ebilece\u011finiz sorumlu ki\u015fileri belirleyin.<\/li>\n<\/ul>\n","protected":false},"excerpt":{"rendered":"<p>Art\u0131k m\u00fc\u015fterilerin briefleri ve proje planlar\u0131 aras\u0131nda ge\u00e7i\u015f yapmak yok. Pazarlama \u00d6zeti Dahili \u015eablonu her \u015feyi bir araya getirerek size zaman kazand\u0131r\u0131r.<\/p>\n","protected":false},"featured_media":55350,"template":"","meta":{"_acf_changed":false,"inline_featured_image":false},"product_brand":[],"product_cat":[227],"product_tag":[],"class_list":{"0":"post-55349","1":"product","2":"type-product","3":"status-publish","4":"has-post-thumbnail","6":"product_cat-marketing-clients","7":"collections-client","9":"first","10":"instock","11":"shipping-taxable","12":"product-type-simple"},"acf":[],"yoast_head":"<!-- This site is optimized with the Yoast SEO plugin v25.3.1 - https:\/\/yoast.com\/wordpress\/plugins\/seo\/ -->\n<title>Pazarlama Dosyas\u0131 Dahili \u015eablon - Sales AI Agents<\/title>\n<meta name=\"description\" content=\"T\u00fcm pazarlama uzmanlar\u0131n\u0131n ayn\u0131 sayfada oldu\u011fundan emin olun. Pazarlama \u00d6zeti Dahili \u015eablonu, m\u00fc\u015fterinin kampanya isteklerini t\u00fcm ekibin notlar\u0131yla birle\u015ftirir.\" \/>\n<meta name=\"robots\" content=\"index, follow, max-snippet:-1, max-image-preview:large, max-video-preview:-1\" \/>\n<link rel=\"canonical\" href=\"https:\/\/sales-ai-agents.com\/tr\/templates\/marketing-brief-internal\/\" \/>\n<meta property=\"og:locale\" content=\"tr_TR\" \/>\n<meta property=\"og:type\" content=\"article\" \/>\n<meta property=\"og:title\" content=\"Pazarlama Dosyas\u0131 Dahili \u015eablon - Sales AI Agents\" \/>\n<meta property=\"og:description\" content=\"T\u00fcm pazarlama uzmanlar\u0131n\u0131n ayn\u0131 sayfada oldu\u011fundan emin olun. Pazarlama \u00d6zeti Dahili \u015eablonu, m\u00fc\u015fterinin kampanya isteklerini t\u00fcm ekibin notlar\u0131yla birle\u015ftirir.\" \/>\n<meta property=\"og:url\" content=\"https:\/\/sales-ai-agents.com\/tr\/templates\/marketing-brief-internal\/\" \/>\n<meta property=\"og:site_name\" content=\"Sales AI Agents\" \/>\n<meta property=\"article:modified_time\" content=\"2023-09-21T20:27:08+00:00\" \/>\n<meta property=\"og:image\" content=\"https:\/\/sales-ai-agents.com\/wp-content\/uploads\/2023\/04\/Marketing-Brief-Internal-Template.png\" \/>\n\t<meta property=\"og:image:width\" content=\"1700\" \/>\n\t<meta property=\"og:image:height\" content=\"1100\" \/>\n\t<meta property=\"og:image:type\" content=\"image\/png\" \/>\n<meta name=\"twitter:card\" content=\"summary_large_image\" \/>\n<script type=\"application\/ld+json\" class=\"yoast-schema-graph\">{\"@context\":\"https:\/\/schema.org\",\"@graph\":[{\"@type\":\"WebPage\",\"@id\":\"https:\/\/sales-ai-agents.com\/tr\/templates\/marketing-brief-internal\/\",\"url\":\"https:\/\/sales-ai-agents.com\/tr\/templates\/marketing-brief-internal\/\",\"name\":\"Pazarlama Dosyas\u0131 Dahili \u015eablon - Sales AI Agents\",\"isPartOf\":{\"@id\":\"https:\/\/sales-ai-agents.com\/#website\"},\"primaryImageOfPage\":{\"@id\":\"https:\/\/sales-ai-agents.com\/tr\/templates\/marketing-brief-internal\/#primaryimage\"},\"image\":{\"@id\":\"https:\/\/sales-ai-agents.com\/tr\/templates\/marketing-brief-internal\/#primaryimage\"},\"thumbnailUrl\":\"https:\/\/sales-ai-agents.com\/wp-content\/uploads\/2023\/04\/Marketing-Brief-Internal-Template.png\",\"datePublished\":\"2023-04-05T13:46:43+00:00\",\"dateModified\":\"2023-09-21T20:27:08+00:00\",\"description\":\"T\u00fcm pazarlama uzmanlar\u0131n\u0131n ayn\u0131 sayfada oldu\u011fundan emin olun. Pazarlama \u00d6zeti Dahili \u015eablonu, m\u00fc\u015fterinin kampanya isteklerini t\u00fcm ekibin notlar\u0131yla birle\u015ftirir.\",\"inLanguage\":\"tr\",\"potentialAction\":[{\"@type\":\"ReadAction\",\"target\":[\"https:\/\/sales-ai-agents.com\/tr\/templates\/marketing-brief-internal\/\"]}]},{\"@type\":\"ImageObject\",\"inLanguage\":\"tr\",\"@id\":\"https:\/\/sales-ai-agents.com\/tr\/templates\/marketing-brief-internal\/#primaryimage\",\"url\":\"https:\/\/sales-ai-agents.com\/wp-content\/uploads\/2023\/04\/Marketing-Brief-Internal-Template.png\",\"contentUrl\":\"https:\/\/sales-ai-agents.com\/wp-content\/uploads\/2023\/04\/Marketing-Brief-Internal-Template.png\",\"width\":1700,\"height\":1100},{\"@type\":\"WebSite\",\"@id\":\"https:\/\/sales-ai-agents.com\/#website\",\"url\":\"https:\/\/sales-ai-agents.com\/\",\"name\":\"FuseBase\",\"description\":\"Sales AI Agents - Free Online Collaboration Software for Remote Teams. Build your wikis, client portals and more with the Nimbus Platform collaboration tool ? A perfect space for online work\",\"publisher\":{\"@id\":\"https:\/\/sales-ai-agents.com\/#organization\"},\"potentialAction\":[{\"@type\":\"SearchAction\",\"target\":{\"@type\":\"EntryPoint\",\"urlTemplate\":\"https:\/\/sales-ai-agents.com\/?s={search_term_string}\"},\"query-input\":{\"@type\":\"PropertyValueSpecification\",\"valueRequired\":true,\"valueName\":\"search_term_string\"}}],\"inLanguage\":\"tr\"},{\"@type\":\"Organization\",\"@id\":\"https:\/\/sales-ai-agents.com\/#organization\",\"name\":\"FuseBase\",\"url\":\"https:\/\/sales-ai-agents.com\/\",\"logo\":{\"@type\":\"ImageObject\",\"inLanguage\":\"tr\",\"@id\":\"https:\/\/sales-ai-agents.com\/#\/schema\/logo\/image\/\",\"url\":\"https:\/\/sales-ai-agents.com\/wp-content\/uploads\/2023\/11\/icon-7.svg\",\"contentUrl\":\"https:\/\/sales-ai-agents.com\/wp-content\/uploads\/2023\/11\/icon-7.svg\",\"width\":128,\"height\":128,\"caption\":\"FuseBase\"},\"image\":{\"@id\":\"https:\/\/sales-ai-agents.com\/#\/schema\/logo\/image\/\"}}]}<\/script>\n<!-- \/ Yoast SEO plugin. -->","yoast_head_json":{"title":"Pazarlama Dosyas\u0131 Dahili \u015eablon - Sales AI Agents","description":"T\u00fcm pazarlama uzmanlar\u0131n\u0131n ayn\u0131 sayfada oldu\u011fundan emin olun. Pazarlama \u00d6zeti Dahili \u015eablonu, m\u00fc\u015fterinin kampanya isteklerini t\u00fcm ekibin notlar\u0131yla birle\u015ftirir.","robots":{"index":"index","follow":"follow","max-snippet":"max-snippet:-1","max-image-preview":"max-image-preview:large","max-video-preview":"max-video-preview:-1"},"canonical":"https:\/\/sales-ai-agents.com\/tr\/templates\/marketing-brief-internal\/","og_locale":"tr_TR","og_type":"article","og_title":"Pazarlama Dosyas\u0131 Dahili \u015eablon - Sales AI Agents","og_description":"T\u00fcm pazarlama uzmanlar\u0131n\u0131n ayn\u0131 sayfada oldu\u011fundan emin olun. Pazarlama \u00d6zeti Dahili \u015eablonu, m\u00fc\u015fterinin kampanya isteklerini t\u00fcm ekibin notlar\u0131yla birle\u015ftirir.","og_url":"https:\/\/sales-ai-agents.com\/tr\/templates\/marketing-brief-internal\/","og_site_name":"Sales AI Agents","article_modified_time":"2023-09-21T20:27:08+00:00","og_image":[{"width":1700,"height":1100,"url":"https:\/\/sales-ai-agents.com\/wp-content\/uploads\/2023\/04\/Marketing-Brief-Internal-Template.png","type":"image\/png"}],"twitter_card":"summary_large_image","schema":{"@context":"https:\/\/schema.org","@graph":[{"@type":"WebPage","@id":"https:\/\/sales-ai-agents.com\/tr\/templates\/marketing-brief-internal\/","url":"https:\/\/sales-ai-agents.com\/tr\/templates\/marketing-brief-internal\/","name":"Pazarlama Dosyas\u0131 Dahili \u015eablon - Sales AI Agents","isPartOf":{"@id":"https:\/\/sales-ai-agents.com\/#website"},"primaryImageOfPage":{"@id":"https:\/\/sales-ai-agents.com\/tr\/templates\/marketing-brief-internal\/#primaryimage"},"image":{"@id":"https:\/\/sales-ai-agents.com\/tr\/templates\/marketing-brief-internal\/#primaryimage"},"thumbnailUrl":"https:\/\/sales-ai-agents.com\/wp-content\/uploads\/2023\/04\/Marketing-Brief-Internal-Template.png","datePublished":"2023-04-05T13:46:43+00:00","dateModified":"2023-09-21T20:27:08+00:00","description":"T\u00fcm pazarlama uzmanlar\u0131n\u0131n ayn\u0131 sayfada oldu\u011fundan emin olun. Pazarlama \u00d6zeti Dahili \u015eablonu, m\u00fc\u015fterinin kampanya isteklerini t\u00fcm ekibin notlar\u0131yla birle\u015ftirir.","inLanguage":"tr","potentialAction":[{"@type":"ReadAction","target":["https:\/\/sales-ai-agents.com\/tr\/templates\/marketing-brief-internal\/"]}]},{"@type":"ImageObject","inLanguage":"tr","@id":"https:\/\/sales-ai-agents.com\/tr\/templates\/marketing-brief-internal\/#primaryimage","url":"https:\/\/sales-ai-agents.com\/wp-content\/uploads\/2023\/04\/Marketing-Brief-Internal-Template.png","contentUrl":"https:\/\/sales-ai-agents.com\/wp-content\/uploads\/2023\/04\/Marketing-Brief-Internal-Template.png","width":1700,"height":1100},{"@type":"WebSite","@id":"https:\/\/sales-ai-agents.com\/#website","url":"https:\/\/sales-ai-agents.com\/","name":"FuseBase","description":"Sales AI Agents - Free Online Collaboration Software for Remote Teams. Build your wikis, client portals and more with the Nimbus Platform collaboration tool ? A perfect space for online work","publisher":{"@id":"https:\/\/sales-ai-agents.com\/#organization"},"potentialAction":[{"@type":"SearchAction","target":{"@type":"EntryPoint","urlTemplate":"https:\/\/sales-ai-agents.com\/?s={search_term_string}"},"query-input":{"@type":"PropertyValueSpecification","valueRequired":true,"valueName":"search_term_string"}}],"inLanguage":"tr"},{"@type":"Organization","@id":"https:\/\/sales-ai-agents.com\/#organization","name":"FuseBase","url":"https:\/\/sales-ai-agents.com\/","logo":{"@type":"ImageObject","inLanguage":"tr","@id":"https:\/\/sales-ai-agents.com\/#\/schema\/logo\/image\/","url":"https:\/\/sales-ai-agents.com\/wp-content\/uploads\/2023\/11\/icon-7.svg","contentUrl":"https:\/\/sales-ai-agents.com\/wp-content\/uploads\/2023\/11\/icon-7.svg","width":128,"height":128,"caption":"FuseBase"},"image":{"@id":"https:\/\/sales-ai-agents.com\/#\/schema\/logo\/image\/"}}]}},"_links":{"self":[{"href":"https:\/\/sales-ai-agents.com\/tr\/wp-json\/wp\/v2\/product\/55349","targetHints":{"allow":["GET"]}}],"collection":[{"href":"https:\/\/sales-ai-agents.com\/tr\/wp-json\/wp\/v2\/product"}],"about":[{"href":"https:\/\/sales-ai-agents.com\/tr\/wp-json\/wp\/v2\/types\/product"}],"wp:featuredmedia":[{"embeddable":true,"href":"https:\/\/sales-ai-agents.com\/tr\/wp-json\/wp\/v2\/media\/55350"}],"wp:attachment":[{"href":"https:\/\/sales-ai-agents.com\/tr\/wp-json\/wp\/v2\/media?parent=55349"}],"wp:term":[{"taxonomy":"product_brand","embeddable":true,"href":"https:\/\/sales-ai-agents.com\/tr\/wp-json\/wp\/v2\/product_brand?post=55349"},{"taxonomy":"product_cat","embeddable":true,"href":"https:\/\/sales-ai-agents.com\/tr\/wp-json\/wp\/v2\/product_cat?post=55349"},{"taxonomy":"product_tag","embeddable":true,"href":"https:\/\/sales-ai-agents.com\/tr\/wp-json\/wp\/v2\/product_tag?post=55349"}],"curies":[{"name":"wp","href":"https:\/\/api.w.org\/{rel}","templated":true}]}}