{"id":55358,"date":"2023-04-05T10:53:46","date_gmt":"2023-04-05T10:53:46","guid":{"rendered":"https:\/\/sales-ai-agents.com\/templates\/creative-brief-internal\/"},"modified":"2023-09-21T20:39:42","modified_gmt":"2023-09-21T20:39:42","slug":"creative-brief-internal","status":"publish","type":"product","link":"https:\/\/sales-ai-agents.com\/tr\/templates\/creative-brief-internal\/","title":{"rendered":"Yarat\u0131c\u0131 Dosya Dahili"},"content":{"rendered":"<h2>Yarat\u0131c\u0131 Brief Dahili \u015eablonu<\/h2>\n<p>Yarat\u0131c\u0131 Dosya Dahili \u015eablonu, Yarat\u0131c\u0131 Dosya \u015eablonuna bir ektir. T\u00fcm m\u00fc\u015fteri s\u00f6zle\u015fmelerini orijinal haliyle saklay\u0131n ve ekip \u00e7al\u0131\u015fmas\u0131 i\u00e7in bu \u015fablonu kullan\u0131n. Yorum yap\u0131n, dosya ekleyin, g\u00f6revler belirleyin ve ilerlemelerini takip edin.<\/p>\n<h5><\/h5>\n<h5 id=\"b208071222_7380\" class=\"nedit-heading editable-text paragraph indent-0 allow-dragging focused-block selected-block selected-block-wrapper\">Nas\u0131l kullan\u0131l\u0131r?<\/h5>\n<ul id=\"b208071222_7400\" class=\"editor-list number-template-decimal-all\">\n<li id=\"b208071222_7406\" class=\"list-item-bullet editable-text list-item indent-0 selected-block selected-block-wrapper\"><strong>Projenin temelleri<\/strong><br class=\"separator\" \/>Burada m\u00fc\u015fteri \u015firket ve proje adlar\u0131n\u0131, teslim tarihini ve i\u015f kabul ki\u015fisini bulabilirsiniz.<\/li>\n<li id=\"b208071222_7527\" class=\"list-item-bullet editable-text list-item indent-0 selected-block selected-block-wrapper\"><strong>M\u00fc\u015fteri Ge\u00e7mi\u015fi<\/strong><br class=\"separator\" \/>Bu, m\u00fc\u015fterinin i\u015finin k\u0131sa bir tan\u0131m\u0131n\u0131 i\u00e7erir: ne \u00fcretti\u011fi ve nas\u0131l ba\u015far\u0131l\u0131 oldu\u011fu.<br class=\"separator\" \/>Ayr\u0131ca, \u015firketin web sitesine, sosyal medya ve inceleme sitelerindeki hesaplar\u0131na ve yard\u0131mc\u0131 olabilecek di\u011fer platformlara ba\u011flant\u0131lar i\u00e7eren bir tablo da bulunmaktad\u0131r.<br class=\"separator\" \/>Daha sonra m\u00fc\u015fteri, proje hedefi hakk\u0131nda daha iyi bir fikir edinmek i\u00e7in Misyon ve De\u011ferler alanlar\u0131n\u0131 doldurmal\u0131d\u0131r: \u015firketlerinin neden var oldu\u011fu ve m\u00fc\u015fterilerin ya\u015famlar\u0131n\u0131 nas\u0131l iyile\u015ftirmeyi umdu\u011fu.<\/li>\n<li id=\"b208071222_7898\" class=\"list-item-bullet editable-text list-item indent-0 selected-block selected-block-wrapper\"><strong>Projeye Genel Bak\u0131\u015f<\/strong><br class=\"separator\" \/>Ekibinizin \u00e7al\u0131\u015fmas\u0131n\u0131n ana hatlar\u0131n\u0131 planlay\u0131n.<br class=\"separator\" \/>Kilometre ta\u015flar\u0131: Projeyi y\u00f6netilebilir g\u00f6revlere ay\u0131r\u0131n.<br class=\"separator\" \/>Atananlar: Her bir kilometre ta\u015f\u0131ndan sorumlu ki\u015fiyi belirtin.<br class=\"separator\" \/>Son tarih: g\u00f6revin ne zaman tamamlanmas\u0131 gerekti\u011fini belirleyin.<br class=\"separator\" \/>Durum: meslekta\u015flar\u0131n\u0131zdan kilometre ta\u015flar\u0131n\u0131n Ba\u015flamad\u0131, Beklemede veya Bitti olup olmad\u0131\u011f\u0131n\u0131 i\u015faretlemelerini isteyin.<\/li>\n<li id=\"b208071222_8178\" class=\"list-item-bullet editable-text list-item indent-0 selected-block selected-block-wrapper\"><strong>Hedef Kitle<\/strong><br class=\"separator\" \/>Burada m\u00fc\u015fteri, sizin kriterlerinize g\u00f6re hedef kitlesini belirlemi\u015ftir.<\/li>\n<li id=\"b208071222_8269\" class=\"list-item-bullet editable-text list-item indent-0 selected-block selected-block-wrapper\"><strong>Rakipler<\/strong><br class=\"separator\" \/>\u015eirketin sundu\u011fu \u00f6zellikleri ve hizmetleri m\u00fc\u015fterinin rakipleriyle kar\u015f\u0131la\u015ft\u0131r\u0131n. Ard\u0131ndan, kampanyan\u0131z\u0131 m\u00fc\u015fterinizin g\u00fc\u00e7l\u00fc y\u00f6nlerine g\u00f6re olu\u015fturun.<\/li>\n<li id=\"b208071222_8595\" class=\"list-item-bullet editable-text list-item indent-0 selected-block selected-block-wrapper\"><strong>Bir mesaj olu\u015fturmak i\u00e7in veriler<\/strong><br class=\"separator\" \/>A\u015fa\u011f\u0131da, sa\u011flam bir izleyici ileti\u015fimi i\u00e7in m\u00fc\u015fteriden \u00f6\u011frenece\u011finiz maddeler yer almaktad\u0131r:<br class=\"separator\" \/>\u00dcr\u00fcnlerini rakiplerinden farkl\u0131la\u015ft\u0131ran kilit noktalar;<br class=\"separator\" \/>Ana \u015firketin sloganlar\u0131;<br class=\"separator\" \/>i\u015flerine \u00f6zg\u00fc bir ses tonuna sahip olmal\u0131d\u0131r.<\/li>\n<li id=\"b208071222_8870\" class=\"list-item-bullet editable-text list-item indent-0 selected-block selected-block-wrapper\"><strong>Da\u011f\u0131t\u0131m<\/strong><br class=\"separator\" \/>M\u00fc\u015fterinin kullanaca\u011f\u0131 t\u00fcm da\u011f\u0131t\u0131m kanallar\u0131n\u0131 \u00f6\u011frenin.<\/li>\n<li id=\"b208071222_8957\" class=\"list-item-bullet editable-text list-item indent-0 selected-block selected-block-wrapper\"><strong>Zorunlu i\u00e7erikler<\/strong><br class=\"separator\" \/>M\u00fc\u015fterinin kreatiflerinde olmas\u0131n\u0131 istedi\u011fi unsurlar \u015funlard\u0131r: logo, kurumsal renk, haz\u0131r sloganlar, vb.<\/li>\n<li id=\"b208071222_9095\" class=\"list-item-bullet editable-text list-item indent-0 selected-block selected-block-wrapper\"><strong>Teslim Edilecekler<\/strong><br class=\"separator\" \/>Ekibinizden beklenen t\u00fcm yarat\u0131c\u0131 formatlara g\u00f6z at\u0131n.<\/li>\n<li id=\"b208071222_9179\" class=\"list-item-bullet editable-text list-item indent-0 selected-block selected-block-wrapper\"><strong>Harekete Ge\u00e7me \u00c7a\u011fr\u0131s\u0131<\/strong><br class=\"separator\" \/>Bir \u00e7al\u0131\u015fma plan\u0131 olu\u015fturun: g\u00f6revleri listeleyin, s\u00fcreleri belirleyin<\/li>\n<\/ul>\n","protected":false},"excerpt":{"rendered":"<p>Yorumlar\u0131n\u0131z\u0131 m\u00fc\u015fteri brief&#8217;ine eklemek i\u00e7in Yarat\u0131c\u0131 Brief Dahili \u015eablonunu kullan\u0131n. Birlikte bir proje bilgi taban\u0131na sahip olmak harika!<\/p>\n","protected":false},"featured_media":55359,"template":"","meta":{"_acf_changed":false,"inline_featured_image":false},"product_brand":[],"product_cat":[227,228,251],"product_tag":[],"class_list":{"0":"post-55358","1":"product","2":"type-product","3":"status-publish","4":"has-post-thumbnail","6":"product_cat-marketing-clients","7":"product_cat-sales-account","8":"product_cat-designer","9":"collections-client","11":"first","12":"instock","13":"shipping-taxable","14":"product-type-simple"},"acf":[],"yoast_head":"<!-- This site is optimized with the Yoast SEO plugin v25.3.1 - https:\/\/yoast.com\/wordpress\/plugins\/seo\/ -->\n<title>Yarat\u0131c\u0131 Dosya Dahili \u015eablon - Sales AI Agents<\/title>\n<meta name=\"description\" content=\"Yarat\u0131c\u0131 Brief Dahili \u015eablonu ile bir m\u00fc\u015fteri briefini ekibinizin \u00e7al\u0131\u015fma belgesine d\u00f6n\u00fc\u015ft\u00fcr\u00fcn! T\u00fcm m\u00fc\u015fteri bilgilerini, dosyalar\u0131 ve g\u00f6revleri tek bir yerde d\u00fczenleyin.\" \/>\n<meta name=\"robots\" content=\"index, follow, max-snippet:-1, max-image-preview:large, max-video-preview:-1\" \/>\n<link rel=\"canonical\" href=\"https:\/\/sales-ai-agents.com\/tr\/templates\/creative-brief-internal\/\" \/>\n<meta property=\"og:locale\" content=\"tr_TR\" \/>\n<meta property=\"og:type\" content=\"article\" \/>\n<meta property=\"og:title\" content=\"Yarat\u0131c\u0131 Dosya Dahili \u015eablon - Sales AI Agents\" \/>\n<meta property=\"og:description\" content=\"Yarat\u0131c\u0131 Brief Dahili \u015eablonu ile bir m\u00fc\u015fteri briefini ekibinizin \u00e7al\u0131\u015fma belgesine d\u00f6n\u00fc\u015ft\u00fcr\u00fcn! T\u00fcm m\u00fc\u015fteri bilgilerini, dosyalar\u0131 ve g\u00f6revleri tek bir yerde d\u00fczenleyin.\" \/>\n<meta property=\"og:url\" content=\"https:\/\/sales-ai-agents.com\/tr\/templates\/creative-brief-internal\/\" \/>\n<meta property=\"og:site_name\" content=\"Sales AI Agents\" \/>\n<meta property=\"article:modified_time\" content=\"2023-09-21T20:39:42+00:00\" \/>\n<meta property=\"og:image\" content=\"https:\/\/sales-ai-agents.com\/wp-content\/uploads\/2023\/04\/Creative-Brief-Internal-Template.png\" \/>\n\t<meta property=\"og:image:width\" content=\"1700\" \/>\n\t<meta property=\"og:image:height\" content=\"1100\" \/>\n\t<meta property=\"og:image:type\" content=\"image\/png\" \/>\n<meta name=\"twitter:card\" content=\"summary_large_image\" \/>\n<script type=\"application\/ld+json\" class=\"yoast-schema-graph\">{\"@context\":\"https:\/\/schema.org\",\"@graph\":[{\"@type\":\"WebPage\",\"@id\":\"https:\/\/sales-ai-agents.com\/tr\/templates\/creative-brief-internal\/\",\"url\":\"https:\/\/sales-ai-agents.com\/tr\/templates\/creative-brief-internal\/\",\"name\":\"Yarat\u0131c\u0131 Dosya Dahili \u015eablon - Sales AI Agents\",\"isPartOf\":{\"@id\":\"https:\/\/sales-ai-agents.com\/#website\"},\"primaryImageOfPage\":{\"@id\":\"https:\/\/sales-ai-agents.com\/tr\/templates\/creative-brief-internal\/#primaryimage\"},\"image\":{\"@id\":\"https:\/\/sales-ai-agents.com\/tr\/templates\/creative-brief-internal\/#primaryimage\"},\"thumbnailUrl\":\"https:\/\/sales-ai-agents.com\/wp-content\/uploads\/2023\/04\/Creative-Brief-Internal-Template.png\",\"datePublished\":\"2023-04-05T10:53:46+00:00\",\"dateModified\":\"2023-09-21T20:39:42+00:00\",\"description\":\"Yarat\u0131c\u0131 Brief Dahili \u015eablonu ile bir m\u00fc\u015fteri briefini ekibinizin \u00e7al\u0131\u015fma belgesine d\u00f6n\u00fc\u015ft\u00fcr\u00fcn! T\u00fcm m\u00fc\u015fteri bilgilerini, dosyalar\u0131 ve g\u00f6revleri tek bir yerde d\u00fczenleyin.\",\"inLanguage\":\"tr\",\"potentialAction\":[{\"@type\":\"ReadAction\",\"target\":[\"https:\/\/sales-ai-agents.com\/tr\/templates\/creative-brief-internal\/\"]}]},{\"@type\":\"ImageObject\",\"inLanguage\":\"tr\",\"@id\":\"https:\/\/sales-ai-agents.com\/tr\/templates\/creative-brief-internal\/#primaryimage\",\"url\":\"https:\/\/sales-ai-agents.com\/wp-content\/uploads\/2023\/04\/Creative-Brief-Internal-Template.png\",\"contentUrl\":\"https:\/\/sales-ai-agents.com\/wp-content\/uploads\/2023\/04\/Creative-Brief-Internal-Template.png\",\"width\":1700,\"height\":1100},{\"@type\":\"WebSite\",\"@id\":\"https:\/\/sales-ai-agents.com\/#website\",\"url\":\"https:\/\/sales-ai-agents.com\/\",\"name\":\"FuseBase\",\"description\":\"Sales AI Agents - Free Online Collaboration Software for Remote Teams. Build your wikis, client portals and more with the Nimbus Platform collaboration tool ? A perfect space for online work\",\"publisher\":{\"@id\":\"https:\/\/sales-ai-agents.com\/#organization\"},\"potentialAction\":[{\"@type\":\"SearchAction\",\"target\":{\"@type\":\"EntryPoint\",\"urlTemplate\":\"https:\/\/sales-ai-agents.com\/?s={search_term_string}\"},\"query-input\":{\"@type\":\"PropertyValueSpecification\",\"valueRequired\":true,\"valueName\":\"search_term_string\"}}],\"inLanguage\":\"tr\"},{\"@type\":\"Organization\",\"@id\":\"https:\/\/sales-ai-agents.com\/#organization\",\"name\":\"FuseBase\",\"url\":\"https:\/\/sales-ai-agents.com\/\",\"logo\":{\"@type\":\"ImageObject\",\"inLanguage\":\"tr\",\"@id\":\"https:\/\/sales-ai-agents.com\/#\/schema\/logo\/image\/\",\"url\":\"https:\/\/sales-ai-agents.com\/wp-content\/uploads\/2023\/11\/icon-7.svg\",\"contentUrl\":\"https:\/\/sales-ai-agents.com\/wp-content\/uploads\/2023\/11\/icon-7.svg\",\"width\":128,\"height\":128,\"caption\":\"FuseBase\"},\"image\":{\"@id\":\"https:\/\/sales-ai-agents.com\/#\/schema\/logo\/image\/\"}}]}<\/script>\n<!-- \/ Yoast SEO plugin. -->","yoast_head_json":{"title":"Yarat\u0131c\u0131 Dosya Dahili \u015eablon - Sales AI Agents","description":"Yarat\u0131c\u0131 Brief Dahili \u015eablonu ile bir m\u00fc\u015fteri briefini ekibinizin \u00e7al\u0131\u015fma belgesine d\u00f6n\u00fc\u015ft\u00fcr\u00fcn! T\u00fcm m\u00fc\u015fteri bilgilerini, dosyalar\u0131 ve g\u00f6revleri tek bir yerde d\u00fczenleyin.","robots":{"index":"index","follow":"follow","max-snippet":"max-snippet:-1","max-image-preview":"max-image-preview:large","max-video-preview":"max-video-preview:-1"},"canonical":"https:\/\/sales-ai-agents.com\/tr\/templates\/creative-brief-internal\/","og_locale":"tr_TR","og_type":"article","og_title":"Yarat\u0131c\u0131 Dosya Dahili \u015eablon - Sales AI Agents","og_description":"Yarat\u0131c\u0131 Brief Dahili \u015eablonu ile bir m\u00fc\u015fteri briefini ekibinizin \u00e7al\u0131\u015fma belgesine d\u00f6n\u00fc\u015ft\u00fcr\u00fcn! T\u00fcm m\u00fc\u015fteri bilgilerini, dosyalar\u0131 ve g\u00f6revleri tek bir yerde d\u00fczenleyin.","og_url":"https:\/\/sales-ai-agents.com\/tr\/templates\/creative-brief-internal\/","og_site_name":"Sales AI Agents","article_modified_time":"2023-09-21T20:39:42+00:00","og_image":[{"width":1700,"height":1100,"url":"https:\/\/sales-ai-agents.com\/wp-content\/uploads\/2023\/04\/Creative-Brief-Internal-Template.png","type":"image\/png"}],"twitter_card":"summary_large_image","schema":{"@context":"https:\/\/schema.org","@graph":[{"@type":"WebPage","@id":"https:\/\/sales-ai-agents.com\/tr\/templates\/creative-brief-internal\/","url":"https:\/\/sales-ai-agents.com\/tr\/templates\/creative-brief-internal\/","name":"Yarat\u0131c\u0131 Dosya Dahili \u015eablon - Sales AI Agents","isPartOf":{"@id":"https:\/\/sales-ai-agents.com\/#website"},"primaryImageOfPage":{"@id":"https:\/\/sales-ai-agents.com\/tr\/templates\/creative-brief-internal\/#primaryimage"},"image":{"@id":"https:\/\/sales-ai-agents.com\/tr\/templates\/creative-brief-internal\/#primaryimage"},"thumbnailUrl":"https:\/\/sales-ai-agents.com\/wp-content\/uploads\/2023\/04\/Creative-Brief-Internal-Template.png","datePublished":"2023-04-05T10:53:46+00:00","dateModified":"2023-09-21T20:39:42+00:00","description":"Yarat\u0131c\u0131 Brief Dahili \u015eablonu ile bir m\u00fc\u015fteri briefini ekibinizin \u00e7al\u0131\u015fma belgesine d\u00f6n\u00fc\u015ft\u00fcr\u00fcn! T\u00fcm m\u00fc\u015fteri bilgilerini, dosyalar\u0131 ve g\u00f6revleri tek bir yerde d\u00fczenleyin.","inLanguage":"tr","potentialAction":[{"@type":"ReadAction","target":["https:\/\/sales-ai-agents.com\/tr\/templates\/creative-brief-internal\/"]}]},{"@type":"ImageObject","inLanguage":"tr","@id":"https:\/\/sales-ai-agents.com\/tr\/templates\/creative-brief-internal\/#primaryimage","url":"https:\/\/sales-ai-agents.com\/wp-content\/uploads\/2023\/04\/Creative-Brief-Internal-Template.png","contentUrl":"https:\/\/sales-ai-agents.com\/wp-content\/uploads\/2023\/04\/Creative-Brief-Internal-Template.png","width":1700,"height":1100},{"@type":"WebSite","@id":"https:\/\/sales-ai-agents.com\/#website","url":"https:\/\/sales-ai-agents.com\/","name":"FuseBase","description":"Sales AI Agents - Free Online Collaboration Software for Remote Teams. Build your wikis, client portals and more with the Nimbus Platform collaboration tool ? A perfect space for online work","publisher":{"@id":"https:\/\/sales-ai-agents.com\/#organization"},"potentialAction":[{"@type":"SearchAction","target":{"@type":"EntryPoint","urlTemplate":"https:\/\/sales-ai-agents.com\/?s={search_term_string}"},"query-input":{"@type":"PropertyValueSpecification","valueRequired":true,"valueName":"search_term_string"}}],"inLanguage":"tr"},{"@type":"Organization","@id":"https:\/\/sales-ai-agents.com\/#organization","name":"FuseBase","url":"https:\/\/sales-ai-agents.com\/","logo":{"@type":"ImageObject","inLanguage":"tr","@id":"https:\/\/sales-ai-agents.com\/#\/schema\/logo\/image\/","url":"https:\/\/sales-ai-agents.com\/wp-content\/uploads\/2023\/11\/icon-7.svg","contentUrl":"https:\/\/sales-ai-agents.com\/wp-content\/uploads\/2023\/11\/icon-7.svg","width":128,"height":128,"caption":"FuseBase"},"image":{"@id":"https:\/\/sales-ai-agents.com\/#\/schema\/logo\/image\/"}}]}},"_links":{"self":[{"href":"https:\/\/sales-ai-agents.com\/tr\/wp-json\/wp\/v2\/product\/55358","targetHints":{"allow":["GET"]}}],"collection":[{"href":"https:\/\/sales-ai-agents.com\/tr\/wp-json\/wp\/v2\/product"}],"about":[{"href":"https:\/\/sales-ai-agents.com\/tr\/wp-json\/wp\/v2\/types\/product"}],"wp:featuredmedia":[{"embeddable":true,"href":"https:\/\/sales-ai-agents.com\/tr\/wp-json\/wp\/v2\/media\/55359"}],"wp:attachment":[{"href":"https:\/\/sales-ai-agents.com\/tr\/wp-json\/wp\/v2\/media?parent=55358"}],"wp:term":[{"taxonomy":"product_brand","embeddable":true,"href":"https:\/\/sales-ai-agents.com\/tr\/wp-json\/wp\/v2\/product_brand?post=55358"},{"taxonomy":"product_cat","embeddable":true,"href":"https:\/\/sales-ai-agents.com\/tr\/wp-json\/wp\/v2\/product_cat?post=55358"},{"taxonomy":"product_tag","embeddable":true,"href":"https:\/\/sales-ai-agents.com\/tr\/wp-json\/wp\/v2\/product_tag?post=55358"}],"curies":[{"name":"wp","href":"https:\/\/api.w.org\/{rel}","templated":true}]}}