{"id":55363,"date":"2023-04-05T09:47:35","date_gmt":"2023-04-05T09:47:35","guid":{"rendered":"https:\/\/sales-ai-agents.com\/templates\/creative-brief\/"},"modified":"2023-09-21T20:47:24","modified_gmt":"2023-09-21T20:47:24","slug":"creative-brief","status":"publish","type":"product","link":"https:\/\/sales-ai-agents.com\/tr\/templates\/creative-brief\/","title":{"rendered":"Yarat\u0131c\u0131 \u00d6zet"},"content":{"rendered":"<h2>Yarat\u0131c\u0131 Brief \u015eablonu<\/h2>\n<p>Yarat\u0131c\u0131 Brief \u015eablonu, tasar\u0131m ekibinin projeye ba\u015flamadan \u00f6nce m\u00fc\u015fteriye g\u00f6nderdi\u011fi bir ankettir. M\u00fc\u015fterinin \u015firketi, ihtiya\u00e7lar\u0131 ve istekleri, markan\u0131n g\u00f6rsel DNA&#8217;s\u0131 ve daha fazlas\u0131 hakk\u0131nda bilgi toplar.<\/p>\n<p>&nbsp;<\/p>\n<h5 id=\"b208071222_4634\" class=\"nedit-heading editable-text paragraph indent-0 allow-dragging focused-block selected-block selected-block-wrapper\">Nas\u0131l kullan\u0131l\u0131r?<\/h5>\n<ul id=\"b208071222_4654\" class=\"editor-list number-template-decimal-all\">\n<li id=\"b208071222_4660\" class=\"list-item-bullet editable-text list-item indent-0 selected-block selected-block-wrapper\"><strong>Projenin temelleri<\/strong><br class=\"separator\" \/>Proje ve \u015firket isimleri, teslim tarihi ve i\u015f kabul ki\u015fisi ile doldurmaya ba\u015flamay\u0131 teklif edin.<\/li>\n<li id=\"b208071222_4792\" class=\"list-item-bullet editable-text list-item indent-0 selected-block selected-block-wrapper\"><strong>M\u00fc\u015fteri Ge\u00e7mi\u015fi<\/strong><br class=\"separator\" \/>Bu, m\u00fc\u015fterinin i\u015finin k\u0131sa bir tan\u0131m\u0131n\u0131 i\u00e7erir: ne \u00fcretti\u011fi ve nas\u0131l ba\u015far\u0131l\u0131 oldu\u011fu.<br class=\"separator\" \/>Ayr\u0131ca, \u015firketin web sitesine, sosyal medya ve inceleme sitelerindeki hesaplar\u0131na ve yard\u0131mc\u0131 olabilecek di\u011fer platformlara ba\u011flant\u0131lar i\u00e7eren bir tablo da bulunmaktad\u0131r.<br class=\"separator\" \/>Daha sonra m\u00fc\u015fteri, proje hedefi hakk\u0131nda daha iyi bir fikir edinmek i\u00e7in Misyon ve De\u011ferler alanlar\u0131n\u0131 doldurmal\u0131d\u0131r: \u015firketlerinin neden var oldu\u011fu ve m\u00fc\u015fterilerin ya\u015famlar\u0131n\u0131 nas\u0131l iyile\u015ftirmeyi umdu\u011fu.<\/li>\n<li id=\"b208071222_5184\" class=\"list-item-bullet editable-text list-item indent-0 selected-block selected-block-wrapper\"><strong>Projeye Genel Bak\u0131\u015f<\/strong><br class=\"separator\" \/>Ger\u00e7ekle\u015ftirebilece\u011finiz t\u00fcm m\u00fc\u015fteri isteklerini bu tabloya yaz\u0131n.<br class=\"separator\" \/>M\u00fc\u015fteri, gerekti\u011finde ek yorumlarla birlikte \u00f6nerilen se\u00e7eneklerin \u00f6nceli\u011fini belirlemelidir.<\/li>\n<li id=\"b208071222_5373\" class=\"list-item-bullet editable-text list-item indent-0 selected-block selected-block-wrapper\"><strong>Hedef Kitle<\/strong><br class=\"separator\" \/>M\u00fc\u015fterinizin projedeki mevcut i\u015f i\u00e7in hedef kitlesini belirlemesini sa\u011flayacak \u00f6zellikler ekleyin.<\/li>\n<li id=\"b208071222_5512\" class=\"list-item-bullet editable-text list-item indent-0 selected-block selected-block-wrapper\"><strong>Rakipler<\/strong><br class=\"separator\" \/>M\u00fc\u015fteri, \u015firketinin \u00f6zelliklerini ve hizmetlerini rakipleriyle kar\u015f\u0131la\u015ft\u0131rmal\u0131d\u0131r.<\/li>\n<li id=\"b208071222_5631\" class=\"list-item-bullet editable-text list-item indent-0 selected-block selected-block-wrapper\"><strong>Bir mesaj olu\u015fturmak i\u00e7in veriler<\/strong><br class=\"separator\" \/>Etkili bir kampanya i\u00e7in m\u00fc\u015fterinin a\u015fa\u011f\u0131dakileri belirtmesi gerekir:<br class=\"separator\" \/>\u00dcr\u00fcnlerinin t\u00fcketicilere sa\u011flad\u0131\u011f\u0131 temel faydalar;<br class=\"separator\" \/>tasar\u0131m yarat\u0131c\u0131lar\u0131 i\u00e7in sat\u0131\u015f teklifinin \u00f6z\u00fc;<br class=\"separator\" \/>Ana \u015firketin sloganlar\u0131;<br class=\"separator\" \/>\u0130\u015fletmelerinin ses tonunu.<\/li>\n<li id=\"b208071222_5903\" class=\"list-item-bullet editable-text list-item indent-0 selected-block selected-block-wrapper\"><strong>Da\u011f\u0131t\u0131m<\/strong><br class=\"separator\" \/>Reklam \u00f6\u011feleri haz\u0131rlayabilece\u011finiz t\u00fcm da\u011f\u0131t\u0131m kanallar\u0131n\u0131n bir listesini yap\u0131n (Facebook, reklam panolar\u0131 vb.) ve m\u00fc\u015fteriden kullanacaklar\u0131n\u0131 kontrol etmesini isteyin.<\/li>\n<li id=\"b208071222_6075\" class=\"list-item-bullet editable-text list-item indent-0 selected-block selected-block-wrapper\"><strong>Zorunlu i\u00e7erikler<\/strong><br class=\"separator\" \/>M\u00fc\u015fteriniz reklamlarda g\u00f6rmek istedi\u011fi \u00f6\u011feleri ekleyebilir: logo, kurumsal renk, haz\u0131r sloganlar vb.<\/li>\n<li id=\"b208071222_6213\" class=\"list-item-bullet editable-text list-item indent-0 selected-block selected-block-wrapper\"><strong>Teslim Edilecekler<\/strong><br class=\"separator\" \/>M\u00fc\u015fteriniz, ekibinizden beklenen t\u00fcm yarat\u0131c\u0131 formatlar\u0131 \u00f6zetlemelidir.<\/li>\n<li id=\"b208071222_6315\" class=\"list-item-bullet editable-text list-item indent-0 selected-block selected-block-wrapper\"><strong>Harekete Ge\u00e7me \u00c7a\u011fr\u0131s\u0131<\/strong><br class=\"separator\" \/>Bir \u00e7al\u0131\u015fma plan\u0131 olu\u015fturun: g\u00f6revleri listeleyin, son tarihleri belirleyin ve m\u00fc\u015fterinin her a\u015famada ileti\u015fime ge\u00e7ebilece\u011fi sorumlu ki\u015fileri belirleyin.<\/li>\n<li id=\"b208071222_6514\" class=\"list-item-bullet editable-text list-item indent-0 selected-block selected-block-wrapper\"><strong>Daha fazla<\/strong><br class=\"separator\" \/>M\u00fc\u015fteriye her t\u00fcrl\u00fc soru ve a\u00e7\u0131klama i\u00e7in alan b\u0131rak\u0131n.<\/li>\n<\/ul>\n","protected":false},"excerpt":{"rendered":"<p>Tasar\u0131m yarat\u0131c\u0131lar\u0131n\u0131n metin \u00f6zetine ihtiyac\u0131 yok! Resimler, referanslar, Figma taslaklar\u0131 ve daha fazlas\u0131n\u0131 eklemek i\u00e7in Nimbus \u015eablonunu kullan\u0131n.<\/p>\n","protected":false},"featured_media":55364,"template":"","meta":{"_acf_changed":false,"inline_featured_image":false},"product_brand":[],"product_cat":[227,251],"product_tag":[],"class_list":{"0":"post-55363","1":"product","2":"type-product","3":"status-publish","4":"has-post-thumbnail","6":"product_cat-marketing-clients","7":"product_cat-designer","8":"collections-client","10":"first","11":"instock","12":"shipping-taxable","13":"product-type-simple"},"acf":[],"yoast_head":"<!-- This site is optimized with the Yoast SEO plugin v25.3.1 - https:\/\/yoast.com\/wordpress\/plugins\/seo\/ -->\n<title>Yarat\u0131c\u0131 \u00d6zet \u015eablon - Sales AI Agents<\/title>\n<meta name=\"description\" content=\"Nimbus \u015eablonu sadece metnin \u00f6tesine ge\u00e7erek yarat\u0131c\u0131l\u0131\u011f\u0131n\u0131za ilham verir. M\u00fc\u015fterinin ihtiya\u00e7lar\u0131n\u0131 g\u00f6rseller, referanslar, renk paletleri ve daha fazlas\u0131yla anlay\u0131n.\" \/>\n<meta name=\"robots\" content=\"index, follow, max-snippet:-1, max-image-preview:large, max-video-preview:-1\" \/>\n<link rel=\"canonical\" href=\"https:\/\/sales-ai-agents.com\/tr\/templates\/creative-brief\/\" \/>\n<meta property=\"og:locale\" content=\"tr_TR\" \/>\n<meta property=\"og:type\" content=\"article\" \/>\n<meta property=\"og:title\" content=\"Yarat\u0131c\u0131 \u00d6zet \u015eablon - Sales AI Agents\" \/>\n<meta property=\"og:description\" content=\"Nimbus \u015eablonu sadece metnin \u00f6tesine ge\u00e7erek yarat\u0131c\u0131l\u0131\u011f\u0131n\u0131za ilham verir. M\u00fc\u015fterinin ihtiya\u00e7lar\u0131n\u0131 g\u00f6rseller, referanslar, renk paletleri ve daha fazlas\u0131yla anlay\u0131n.\" \/>\n<meta property=\"og:url\" content=\"https:\/\/sales-ai-agents.com\/tr\/templates\/creative-brief\/\" \/>\n<meta property=\"og:site_name\" content=\"Sales AI Agents\" \/>\n<meta property=\"article:modified_time\" content=\"2023-09-21T20:47:24+00:00\" \/>\n<meta property=\"og:image\" content=\"https:\/\/sales-ai-agents.com\/wp-content\/uploads\/2023\/04\/Creative-Brief-Template.png\" \/>\n\t<meta property=\"og:image:width\" content=\"1700\" \/>\n\t<meta property=\"og:image:height\" content=\"1100\" \/>\n\t<meta property=\"og:image:type\" content=\"image\/png\" \/>\n<meta name=\"twitter:card\" content=\"summary_large_image\" \/>\n<script type=\"application\/ld+json\" class=\"yoast-schema-graph\">{\"@context\":\"https:\/\/schema.org\",\"@graph\":[{\"@type\":\"WebPage\",\"@id\":\"https:\/\/sales-ai-agents.com\/tr\/templates\/creative-brief\/\",\"url\":\"https:\/\/sales-ai-agents.com\/tr\/templates\/creative-brief\/\",\"name\":\"Yarat\u0131c\u0131 \u00d6zet \u015eablon - Sales AI Agents\",\"isPartOf\":{\"@id\":\"https:\/\/sales-ai-agents.com\/#website\"},\"primaryImageOfPage\":{\"@id\":\"https:\/\/sales-ai-agents.com\/tr\/templates\/creative-brief\/#primaryimage\"},\"image\":{\"@id\":\"https:\/\/sales-ai-agents.com\/tr\/templates\/creative-brief\/#primaryimage\"},\"thumbnailUrl\":\"https:\/\/sales-ai-agents.com\/wp-content\/uploads\/2023\/04\/Creative-Brief-Template.png\",\"datePublished\":\"2023-04-05T09:47:35+00:00\",\"dateModified\":\"2023-09-21T20:47:24+00:00\",\"description\":\"Nimbus \u015eablonu sadece metnin \u00f6tesine ge\u00e7erek yarat\u0131c\u0131l\u0131\u011f\u0131n\u0131za ilham verir. M\u00fc\u015fterinin ihtiya\u00e7lar\u0131n\u0131 g\u00f6rseller, referanslar, renk paletleri ve daha fazlas\u0131yla anlay\u0131n.\",\"inLanguage\":\"tr\",\"potentialAction\":[{\"@type\":\"ReadAction\",\"target\":[\"https:\/\/sales-ai-agents.com\/tr\/templates\/creative-brief\/\"]}]},{\"@type\":\"ImageObject\",\"inLanguage\":\"tr\",\"@id\":\"https:\/\/sales-ai-agents.com\/tr\/templates\/creative-brief\/#primaryimage\",\"url\":\"https:\/\/sales-ai-agents.com\/wp-content\/uploads\/2023\/04\/Creative-Brief-Template.png\",\"contentUrl\":\"https:\/\/sales-ai-agents.com\/wp-content\/uploads\/2023\/04\/Creative-Brief-Template.png\",\"width\":1700,\"height\":1100},{\"@type\":\"WebSite\",\"@id\":\"https:\/\/sales-ai-agents.com\/#website\",\"url\":\"https:\/\/sales-ai-agents.com\/\",\"name\":\"FuseBase\",\"description\":\"Sales AI Agents - Free Online Collaboration Software for Remote Teams. Build your wikis, client portals and more with the Nimbus Platform collaboration tool ? A perfect space for online work\",\"publisher\":{\"@id\":\"https:\/\/sales-ai-agents.com\/#organization\"},\"potentialAction\":[{\"@type\":\"SearchAction\",\"target\":{\"@type\":\"EntryPoint\",\"urlTemplate\":\"https:\/\/sales-ai-agents.com\/?s={search_term_string}\"},\"query-input\":{\"@type\":\"PropertyValueSpecification\",\"valueRequired\":true,\"valueName\":\"search_term_string\"}}],\"inLanguage\":\"tr\"},{\"@type\":\"Organization\",\"@id\":\"https:\/\/sales-ai-agents.com\/#organization\",\"name\":\"FuseBase\",\"url\":\"https:\/\/sales-ai-agents.com\/\",\"logo\":{\"@type\":\"ImageObject\",\"inLanguage\":\"tr\",\"@id\":\"https:\/\/sales-ai-agents.com\/#\/schema\/logo\/image\/\",\"url\":\"https:\/\/sales-ai-agents.com\/wp-content\/uploads\/2023\/11\/icon-7.svg\",\"contentUrl\":\"https:\/\/sales-ai-agents.com\/wp-content\/uploads\/2023\/11\/icon-7.svg\",\"width\":128,\"height\":128,\"caption\":\"FuseBase\"},\"image\":{\"@id\":\"https:\/\/sales-ai-agents.com\/#\/schema\/logo\/image\/\"}}]}<\/script>\n<!-- \/ Yoast SEO plugin. -->","yoast_head_json":{"title":"Yarat\u0131c\u0131 \u00d6zet \u015eablon - Sales AI Agents","description":"Nimbus \u015eablonu sadece metnin \u00f6tesine ge\u00e7erek yarat\u0131c\u0131l\u0131\u011f\u0131n\u0131za ilham verir. M\u00fc\u015fterinin ihtiya\u00e7lar\u0131n\u0131 g\u00f6rseller, referanslar, renk paletleri ve daha fazlas\u0131yla anlay\u0131n.","robots":{"index":"index","follow":"follow","max-snippet":"max-snippet:-1","max-image-preview":"max-image-preview:large","max-video-preview":"max-video-preview:-1"},"canonical":"https:\/\/sales-ai-agents.com\/tr\/templates\/creative-brief\/","og_locale":"tr_TR","og_type":"article","og_title":"Yarat\u0131c\u0131 \u00d6zet \u015eablon - Sales AI Agents","og_description":"Nimbus \u015eablonu sadece metnin \u00f6tesine ge\u00e7erek yarat\u0131c\u0131l\u0131\u011f\u0131n\u0131za ilham verir. M\u00fc\u015fterinin ihtiya\u00e7lar\u0131n\u0131 g\u00f6rseller, referanslar, renk paletleri ve daha fazlas\u0131yla anlay\u0131n.","og_url":"https:\/\/sales-ai-agents.com\/tr\/templates\/creative-brief\/","og_site_name":"Sales AI Agents","article_modified_time":"2023-09-21T20:47:24+00:00","og_image":[{"width":1700,"height":1100,"url":"https:\/\/sales-ai-agents.com\/wp-content\/uploads\/2023\/04\/Creative-Brief-Template.png","type":"image\/png"}],"twitter_card":"summary_large_image","schema":{"@context":"https:\/\/schema.org","@graph":[{"@type":"WebPage","@id":"https:\/\/sales-ai-agents.com\/tr\/templates\/creative-brief\/","url":"https:\/\/sales-ai-agents.com\/tr\/templates\/creative-brief\/","name":"Yarat\u0131c\u0131 \u00d6zet \u015eablon - Sales AI Agents","isPartOf":{"@id":"https:\/\/sales-ai-agents.com\/#website"},"primaryImageOfPage":{"@id":"https:\/\/sales-ai-agents.com\/tr\/templates\/creative-brief\/#primaryimage"},"image":{"@id":"https:\/\/sales-ai-agents.com\/tr\/templates\/creative-brief\/#primaryimage"},"thumbnailUrl":"https:\/\/sales-ai-agents.com\/wp-content\/uploads\/2023\/04\/Creative-Brief-Template.png","datePublished":"2023-04-05T09:47:35+00:00","dateModified":"2023-09-21T20:47:24+00:00","description":"Nimbus \u015eablonu sadece metnin \u00f6tesine ge\u00e7erek yarat\u0131c\u0131l\u0131\u011f\u0131n\u0131za ilham verir. M\u00fc\u015fterinin ihtiya\u00e7lar\u0131n\u0131 g\u00f6rseller, referanslar, renk paletleri ve daha fazlas\u0131yla anlay\u0131n.","inLanguage":"tr","potentialAction":[{"@type":"ReadAction","target":["https:\/\/sales-ai-agents.com\/tr\/templates\/creative-brief\/"]}]},{"@type":"ImageObject","inLanguage":"tr","@id":"https:\/\/sales-ai-agents.com\/tr\/templates\/creative-brief\/#primaryimage","url":"https:\/\/sales-ai-agents.com\/wp-content\/uploads\/2023\/04\/Creative-Brief-Template.png","contentUrl":"https:\/\/sales-ai-agents.com\/wp-content\/uploads\/2023\/04\/Creative-Brief-Template.png","width":1700,"height":1100},{"@type":"WebSite","@id":"https:\/\/sales-ai-agents.com\/#website","url":"https:\/\/sales-ai-agents.com\/","name":"FuseBase","description":"Sales AI Agents - Free Online Collaboration Software for Remote Teams. Build your wikis, client portals and more with the Nimbus Platform collaboration tool ? A perfect space for online work","publisher":{"@id":"https:\/\/sales-ai-agents.com\/#organization"},"potentialAction":[{"@type":"SearchAction","target":{"@type":"EntryPoint","urlTemplate":"https:\/\/sales-ai-agents.com\/?s={search_term_string}"},"query-input":{"@type":"PropertyValueSpecification","valueRequired":true,"valueName":"search_term_string"}}],"inLanguage":"tr"},{"@type":"Organization","@id":"https:\/\/sales-ai-agents.com\/#organization","name":"FuseBase","url":"https:\/\/sales-ai-agents.com\/","logo":{"@type":"ImageObject","inLanguage":"tr","@id":"https:\/\/sales-ai-agents.com\/#\/schema\/logo\/image\/","url":"https:\/\/sales-ai-agents.com\/wp-content\/uploads\/2023\/11\/icon-7.svg","contentUrl":"https:\/\/sales-ai-agents.com\/wp-content\/uploads\/2023\/11\/icon-7.svg","width":128,"height":128,"caption":"FuseBase"},"image":{"@id":"https:\/\/sales-ai-agents.com\/#\/schema\/logo\/image\/"}}]}},"_links":{"self":[{"href":"https:\/\/sales-ai-agents.com\/tr\/wp-json\/wp\/v2\/product\/55363","targetHints":{"allow":["GET"]}}],"collection":[{"href":"https:\/\/sales-ai-agents.com\/tr\/wp-json\/wp\/v2\/product"}],"about":[{"href":"https:\/\/sales-ai-agents.com\/tr\/wp-json\/wp\/v2\/types\/product"}],"wp:featuredmedia":[{"embeddable":true,"href":"https:\/\/sales-ai-agents.com\/tr\/wp-json\/wp\/v2\/media\/55364"}],"wp:attachment":[{"href":"https:\/\/sales-ai-agents.com\/tr\/wp-json\/wp\/v2\/media?parent=55363"}],"wp:term":[{"taxonomy":"product_brand","embeddable":true,"href":"https:\/\/sales-ai-agents.com\/tr\/wp-json\/wp\/v2\/product_brand?post=55363"},{"taxonomy":"product_cat","embeddable":true,"href":"https:\/\/sales-ai-agents.com\/tr\/wp-json\/wp\/v2\/product_cat?post=55363"},{"taxonomy":"product_tag","embeddable":true,"href":"https:\/\/sales-ai-agents.com\/tr\/wp-json\/wp\/v2\/product_tag?post=55363"}],"curies":[{"name":"wp","href":"https:\/\/api.w.org\/{rel}","templated":true}]}}