{"id":55367,"date":"2023-04-04T13:53:49","date_gmt":"2023-04-04T13:53:49","guid":{"rendered":"https:\/\/sales-ai-agents.com\/templates\/risk-register\/"},"modified":"2023-09-21T20:55:45","modified_gmt":"2023-09-21T20:55:45","slug":"risk-register","status":"publish","type":"product","link":"https:\/\/sales-ai-agents.com\/tr\/templates\/risk-register\/","title":{"rendered":"Risk Kayd\u0131"},"content":{"rendered":"<h2>Risk Kayd\u0131 \u015eablonu<\/h2>\n<p>Risk Kayd\u0131 \u015eablonu, problem \u00e7\u00f6zme i\u00e7in bir ekip bilgi taban\u0131 g\u00f6revi g\u00f6r\u00fcr. Operasyonel hatalara y\u00f6nelik \u00e7\u00f6z\u00fcmleri tan\u0131mlay\u0131n ve yeni programc\u0131lar\u0131 bu konuda e\u011fitin. M\u00fc\u015fterilerle ileti\u015fim kurarken itibar risklerini bilmek faydal\u0131d\u0131r. Ekonomik riskleri g\u00f6z \u00f6n\u00fcnde bulundurun ve uzun vadeli bir strateji olu\u015fturun. Art\u0131k t\u00fcm riskler tek bir yerde &#8211; kontrol sizde!<\/p>\n<h5><\/h5>\n<h5 id=\"b208071222_788\" class=\"nedit-heading editable-text paragraph indent-0 allow-dragging focused-block selected-block selected-block-wrapper\">Nas\u0131l kullan\u0131l\u0131r?<\/h5>\n<p class=\"nedit-heading editable-text paragraph indent-0 allow-dragging focused-block selected-block selected-block-wrapper\"><strong>Ana<\/strong><\/p>\n<ul id=\"b208071222_823\" class=\"editor-list number-template-decimal-all\">\n<li id=\"b208071222_829\" class=\"list-item-bullet editable-text list-item indent-0 selected-block selected-block-wrapper\">ID: takip sisteminizden bir g\u00f6rev numaras\u0131 veya ba\u011flant\u0131 ekleyin;<\/li>\n<li id=\"b208071222_960\" class=\"list-item-bullet editable-text list-item indent-0 selected-block selected-block-wrapper\">\u0130sim: Riske \u00e7al\u0131\u015fma ba\u015fl\u0131\u011f\u0131n\u0131 verin;<\/li>\n<li id=\"b208071222_1009\" class=\"list-item-bullet editable-text list-item indent-0 selected-block selected-block-wrapper\">Kategori: \u00f6nceden haz\u0131rlanm\u0131\u015f bir se\u00e7imden risk t\u00fcr\u00fcn\u00fc belirleyin veya kendinizinkini ekleyin;<\/li>\n<li id=\"b208071222_1104\" class=\"list-item-bullet editable-text list-item indent-0 selected-block selected-block-wrapper\">A\u00e7\u0131klama: riski k\u0131saca tan\u0131mlay\u0131n;<\/li>\n<li id=\"b208071222_1154\" class=\"list-item-bullet editable-text list-item indent-0 selected-block selected-block-wrapper\">Olas\u0131l\u0131k, Etki, Seviye: riski d\u00fc\u015f\u00fck, orta veya y\u00fcksek olarak derecelendirin (olas\u0131l\u0131k ve etki i\u00e7in). Seviye s\u00fctunu bunlar\u0131 toplar: etiketler D\u00fc\u015f\u00fck ve Y\u00fcksek ise, risk Orta Seviyeye sahiptir; Y\u00fcksek ve Orta olanlar Y\u00fcksek Seviyeye e\u015fittir;<\/li>\n<li id=\"b208071222_1388\" class=\"list-item-bullet editable-text list-item indent-0 selected-block selected-block-wrapper\">Risk Sahibi: \u00c7\u00f6z\u00fcm bulmaktan sorumlu bir meslekta\u015f\u0131n\u0131zdan bahsedin;<\/li>\n<li id=\"b208071222_1469\" class=\"list-item-bullet editable-text list-item indent-0 selected-block selected-block-wrapper\">Durum: riski ilgili (a\u00e7\u0131k) veya de\u011fil (kapal\u0131) olarak i\u015faretleyin;<\/li>\n<li id=\"b208071222_1537\" class=\"list-item-bullet editable-text list-item indent-0 selected-block selected-block-wrapper\">G\u00fcndeme Getirildi\u011fi Tarih: riskin g\u00fcndeme getirildi\u011fi tarihi belirtin;<\/li>\n<li id=\"b208071222_1596\" class=\"list-item-bullet editable-text list-item indent-0 selected-block selected-block-wrapper\">Notlar: \u00e7\u00f6z\u00fcm\u00fc a\u00e7\u0131klay\u0131n veya ilgili dosyalar\u0131 ekleyin.<\/li>\n<\/ul>\n<p>&nbsp;<\/p>\n<p><strong>Acil durum m\u00fcdahale plan\u0131<\/strong><\/p>\n<p>&nbsp;<\/p>\n<p id=\"b208071222_1698\" class=\"editable-text paragraph indent-0 selected-block selected-block-wrapper\">Ortaya \u00e7\u0131kan her risk i\u00e7in bir g\u00f6rev listesi haz\u0131rlay\u0131n:<\/p>\n<ul id=\"b208071222_1747\" class=\"editor-list number-template-decimal-all\">\n<li id=\"b208071222_1753\" class=\"list-item-bullet editable-text list-item indent-0 selected-block selected-block-wrapper\">Sorumlu taraflar\u0131 belirleyin;<\/li>\n<li id=\"b208071222_1793\" class=\"list-item-bullet editable-text list-item indent-0 selected-block selected-block-wrapper\">\u00d6ncelikleri belirleyin;<\/li>\n<li id=\"b208071222_1825\" class=\"list-item-bullet editable-text list-item indent-0 selected-block selected-block-wrapper\">Son teslim tarihlerini belirleyin.<\/li>\n<\/ul>\n","protected":false},"excerpt":{"rendered":"<p>Hi\u00e7bir i\u015fletme hatalardan ka\u00e7\u0131namaz. Ancak, Risk Kayd\u0131 \u015eablonu bunlar\u0131n h\u0131zl\u0131 ve etkili bir \u015fekilde ele al\u0131nmas\u0131na yard\u0131mc\u0131 olur. Ortaya \u00e7\u0131kan riskleri kaydedin, ekip i\u00e7in g\u00f6revler belirleyin ve belge \u00e7\u00f6z\u00fcmleri sa\u011flay\u0131n.<\/p>\n","protected":false},"featured_media":55370,"template":"","meta":{"_acf_changed":false,"inline_featured_image":false},"product_brand":[],"product_cat":[252,253],"product_tag":[],"class_list":{"0":"post-55367","1":"product","2":"type-product","3":"status-publish","4":"has-post-thumbnail","6":"product_cat-product","7":"product_cat-product-documents","9":"first","10":"instock","11":"shipping-taxable","12":"product-type-simple"},"acf":[],"yoast_head":"<!-- This site is optimized with the Yoast SEO plugin v25.3.1 - https:\/\/yoast.com\/wordpress\/plugins\/seo\/ -->\n<title>Risk Kayd\u0131 \u015eablon - Sales AI Agents<\/title>\n<meta name=\"description\" content=\"Nimbus \u015eablonu ile i\u015f risklerini etkin bir \u015fekilde y\u00f6netin! Ortaya \u00e7\u0131kan riskleri belirleyin, g\u00f6revleri ekibe kolayca atay\u0131n ve belge \u00e7\u00f6z\u00fcmleri sa\u011flay\u0131n.\" \/>\n<meta name=\"robots\" content=\"index, follow, max-snippet:-1, max-image-preview:large, max-video-preview:-1\" \/>\n<link rel=\"canonical\" href=\"https:\/\/sales-ai-agents.com\/tr\/templates\/risk-register\/\" \/>\n<meta property=\"og:locale\" content=\"tr_TR\" \/>\n<meta property=\"og:type\" content=\"article\" \/>\n<meta property=\"og:title\" content=\"Risk Kayd\u0131 \u015eablon - Sales AI Agents\" \/>\n<meta property=\"og:description\" content=\"Nimbus \u015eablonu ile i\u015f risklerini etkin bir \u015fekilde y\u00f6netin! Ortaya \u00e7\u0131kan riskleri belirleyin, g\u00f6revleri ekibe kolayca atay\u0131n ve belge \u00e7\u00f6z\u00fcmleri sa\u011flay\u0131n.\" \/>\n<meta property=\"og:url\" content=\"https:\/\/sales-ai-agents.com\/tr\/templates\/risk-register\/\" \/>\n<meta property=\"og:site_name\" content=\"Sales AI Agents\" \/>\n<meta property=\"article:modified_time\" content=\"2023-09-21T20:55:45+00:00\" \/>\n<meta property=\"og:image\" content=\"https:\/\/sales-ai-agents.com\/wp-content\/uploads\/2023\/04\/Risk-Register-Template.png\" \/>\n\t<meta property=\"og:image:width\" content=\"1700\" \/>\n\t<meta property=\"og:image:height\" content=\"1100\" \/>\n\t<meta property=\"og:image:type\" content=\"image\/png\" \/>\n<meta name=\"twitter:card\" content=\"summary_large_image\" \/>\n<script type=\"application\/ld+json\" class=\"yoast-schema-graph\">{\"@context\":\"https:\/\/schema.org\",\"@graph\":[{\"@type\":\"WebPage\",\"@id\":\"https:\/\/sales-ai-agents.com\/tr\/templates\/risk-register\/\",\"url\":\"https:\/\/sales-ai-agents.com\/tr\/templates\/risk-register\/\",\"name\":\"Risk Kayd\u0131 \u015eablon - Sales AI Agents\",\"isPartOf\":{\"@id\":\"https:\/\/sales-ai-agents.com\/#website\"},\"primaryImageOfPage\":{\"@id\":\"https:\/\/sales-ai-agents.com\/tr\/templates\/risk-register\/#primaryimage\"},\"image\":{\"@id\":\"https:\/\/sales-ai-agents.com\/tr\/templates\/risk-register\/#primaryimage\"},\"thumbnailUrl\":\"https:\/\/sales-ai-agents.com\/wp-content\/uploads\/2023\/04\/Risk-Register-Template.png\",\"datePublished\":\"2023-04-04T13:53:49+00:00\",\"dateModified\":\"2023-09-21T20:55:45+00:00\",\"description\":\"Nimbus \u015eablonu ile i\u015f risklerini etkin bir \u015fekilde y\u00f6netin! Ortaya \u00e7\u0131kan riskleri belirleyin, g\u00f6revleri ekibe kolayca atay\u0131n ve belge \u00e7\u00f6z\u00fcmleri sa\u011flay\u0131n.\",\"inLanguage\":\"tr\",\"potentialAction\":[{\"@type\":\"ReadAction\",\"target\":[\"https:\/\/sales-ai-agents.com\/tr\/templates\/risk-register\/\"]}]},{\"@type\":\"ImageObject\",\"inLanguage\":\"tr\",\"@id\":\"https:\/\/sales-ai-agents.com\/tr\/templates\/risk-register\/#primaryimage\",\"url\":\"https:\/\/sales-ai-agents.com\/wp-content\/uploads\/2023\/04\/Risk-Register-Template.png\",\"contentUrl\":\"https:\/\/sales-ai-agents.com\/wp-content\/uploads\/2023\/04\/Risk-Register-Template.png\",\"width\":1700,\"height\":1100},{\"@type\":\"WebSite\",\"@id\":\"https:\/\/sales-ai-agents.com\/#website\",\"url\":\"https:\/\/sales-ai-agents.com\/\",\"name\":\"FuseBase\",\"description\":\"Sales AI Agents - Free Online Collaboration Software for Remote Teams. Build your wikis, client portals and more with the Nimbus Platform collaboration tool ? A perfect space for online work\",\"publisher\":{\"@id\":\"https:\/\/sales-ai-agents.com\/#organization\"},\"potentialAction\":[{\"@type\":\"SearchAction\",\"target\":{\"@type\":\"EntryPoint\",\"urlTemplate\":\"https:\/\/sales-ai-agents.com\/?s={search_term_string}\"},\"query-input\":{\"@type\":\"PropertyValueSpecification\",\"valueRequired\":true,\"valueName\":\"search_term_string\"}}],\"inLanguage\":\"tr\"},{\"@type\":\"Organization\",\"@id\":\"https:\/\/sales-ai-agents.com\/#organization\",\"name\":\"FuseBase\",\"url\":\"https:\/\/sales-ai-agents.com\/\",\"logo\":{\"@type\":\"ImageObject\",\"inLanguage\":\"tr\",\"@id\":\"https:\/\/sales-ai-agents.com\/#\/schema\/logo\/image\/\",\"url\":\"https:\/\/sales-ai-agents.com\/wp-content\/uploads\/2023\/11\/icon-7.svg\",\"contentUrl\":\"https:\/\/sales-ai-agents.com\/wp-content\/uploads\/2023\/11\/icon-7.svg\",\"width\":128,\"height\":128,\"caption\":\"FuseBase\"},\"image\":{\"@id\":\"https:\/\/sales-ai-agents.com\/#\/schema\/logo\/image\/\"}}]}<\/script>\n<!-- \/ Yoast SEO plugin. -->","yoast_head_json":{"title":"Risk Kayd\u0131 \u015eablon - Sales AI Agents","description":"Nimbus \u015eablonu ile i\u015f risklerini etkin bir \u015fekilde y\u00f6netin! Ortaya \u00e7\u0131kan riskleri belirleyin, g\u00f6revleri ekibe kolayca atay\u0131n ve belge \u00e7\u00f6z\u00fcmleri sa\u011flay\u0131n.","robots":{"index":"index","follow":"follow","max-snippet":"max-snippet:-1","max-image-preview":"max-image-preview:large","max-video-preview":"max-video-preview:-1"},"canonical":"https:\/\/sales-ai-agents.com\/tr\/templates\/risk-register\/","og_locale":"tr_TR","og_type":"article","og_title":"Risk Kayd\u0131 \u015eablon - Sales AI Agents","og_description":"Nimbus \u015eablonu ile i\u015f risklerini etkin bir \u015fekilde y\u00f6netin! Ortaya \u00e7\u0131kan riskleri belirleyin, g\u00f6revleri ekibe kolayca atay\u0131n ve belge \u00e7\u00f6z\u00fcmleri sa\u011flay\u0131n.","og_url":"https:\/\/sales-ai-agents.com\/tr\/templates\/risk-register\/","og_site_name":"Sales AI Agents","article_modified_time":"2023-09-21T20:55:45+00:00","og_image":[{"width":1700,"height":1100,"url":"https:\/\/sales-ai-agents.com\/wp-content\/uploads\/2023\/04\/Risk-Register-Template.png","type":"image\/png"}],"twitter_card":"summary_large_image","schema":{"@context":"https:\/\/schema.org","@graph":[{"@type":"WebPage","@id":"https:\/\/sales-ai-agents.com\/tr\/templates\/risk-register\/","url":"https:\/\/sales-ai-agents.com\/tr\/templates\/risk-register\/","name":"Risk Kayd\u0131 \u015eablon - Sales AI Agents","isPartOf":{"@id":"https:\/\/sales-ai-agents.com\/#website"},"primaryImageOfPage":{"@id":"https:\/\/sales-ai-agents.com\/tr\/templates\/risk-register\/#primaryimage"},"image":{"@id":"https:\/\/sales-ai-agents.com\/tr\/templates\/risk-register\/#primaryimage"},"thumbnailUrl":"https:\/\/sales-ai-agents.com\/wp-content\/uploads\/2023\/04\/Risk-Register-Template.png","datePublished":"2023-04-04T13:53:49+00:00","dateModified":"2023-09-21T20:55:45+00:00","description":"Nimbus \u015eablonu ile i\u015f risklerini etkin bir \u015fekilde y\u00f6netin! Ortaya \u00e7\u0131kan riskleri belirleyin, g\u00f6revleri ekibe kolayca atay\u0131n ve belge \u00e7\u00f6z\u00fcmleri sa\u011flay\u0131n.","inLanguage":"tr","potentialAction":[{"@type":"ReadAction","target":["https:\/\/sales-ai-agents.com\/tr\/templates\/risk-register\/"]}]},{"@type":"ImageObject","inLanguage":"tr","@id":"https:\/\/sales-ai-agents.com\/tr\/templates\/risk-register\/#primaryimage","url":"https:\/\/sales-ai-agents.com\/wp-content\/uploads\/2023\/04\/Risk-Register-Template.png","contentUrl":"https:\/\/sales-ai-agents.com\/wp-content\/uploads\/2023\/04\/Risk-Register-Template.png","width":1700,"height":1100},{"@type":"WebSite","@id":"https:\/\/sales-ai-agents.com\/#website","url":"https:\/\/sales-ai-agents.com\/","name":"FuseBase","description":"Sales AI Agents - Free Online Collaboration Software for Remote Teams. Build your wikis, client portals and more with the Nimbus Platform collaboration tool ? A perfect space for online work","publisher":{"@id":"https:\/\/sales-ai-agents.com\/#organization"},"potentialAction":[{"@type":"SearchAction","target":{"@type":"EntryPoint","urlTemplate":"https:\/\/sales-ai-agents.com\/?s={search_term_string}"},"query-input":{"@type":"PropertyValueSpecification","valueRequired":true,"valueName":"search_term_string"}}],"inLanguage":"tr"},{"@type":"Organization","@id":"https:\/\/sales-ai-agents.com\/#organization","name":"FuseBase","url":"https:\/\/sales-ai-agents.com\/","logo":{"@type":"ImageObject","inLanguage":"tr","@id":"https:\/\/sales-ai-agents.com\/#\/schema\/logo\/image\/","url":"https:\/\/sales-ai-agents.com\/wp-content\/uploads\/2023\/11\/icon-7.svg","contentUrl":"https:\/\/sales-ai-agents.com\/wp-content\/uploads\/2023\/11\/icon-7.svg","width":128,"height":128,"caption":"FuseBase"},"image":{"@id":"https:\/\/sales-ai-agents.com\/#\/schema\/logo\/image\/"}}]}},"_links":{"self":[{"href":"https:\/\/sales-ai-agents.com\/tr\/wp-json\/wp\/v2\/product\/55367","targetHints":{"allow":["GET"]}}],"collection":[{"href":"https:\/\/sales-ai-agents.com\/tr\/wp-json\/wp\/v2\/product"}],"about":[{"href":"https:\/\/sales-ai-agents.com\/tr\/wp-json\/wp\/v2\/types\/product"}],"wp:featuredmedia":[{"embeddable":true,"href":"https:\/\/sales-ai-agents.com\/tr\/wp-json\/wp\/v2\/media\/55370"}],"wp:attachment":[{"href":"https:\/\/sales-ai-agents.com\/tr\/wp-json\/wp\/v2\/media?parent=55367"}],"wp:term":[{"taxonomy":"product_brand","embeddable":true,"href":"https:\/\/sales-ai-agents.com\/tr\/wp-json\/wp\/v2\/product_brand?post=55367"},{"taxonomy":"product_cat","embeddable":true,"href":"https:\/\/sales-ai-agents.com\/tr\/wp-json\/wp\/v2\/product_cat?post=55367"},{"taxonomy":"product_tag","embeddable":true,"href":"https:\/\/sales-ai-agents.com\/tr\/wp-json\/wp\/v2\/product_tag?post=55367"}],"curies":[{"name":"wp","href":"https:\/\/api.w.org\/{rel}","templated":true}]}}