{"id":55372,"date":"2023-02-10T14:19:24","date_gmt":"2023-02-10T14:19:24","guid":{"rendered":"https:\/\/sales-ai-agents.com\/templates\/client-brief\/"},"modified":"2023-09-21T21:04:01","modified_gmt":"2023-09-21T21:04:01","slug":"client-brief","status":"publish","type":"product","link":"https:\/\/sales-ai-agents.com\/tr\/templates\/client-brief\/","title":{"rendered":"M\u00fc\u015fteri \u00d6zeti"},"content":{"rendered":"<h2>M\u00fc\u015fteri \u00d6zeti \u015eablonu<\/h2>\n<p>M\u00fc\u015fteri \u00d6zeti \u015eablonu, m\u00fc\u015fterilerin i\u015fbirliklerinin ba\u015f\u0131nda doldurduklar\u0131 ve t\u00fcm proje ayr\u0131nt\u0131lar\u0131n\u0131 a\u00e7\u0131klayan bir belgedir. Kendileri bir brief haz\u0131rlamak zorunda olanlar i\u00e7in, art\u0131k sorular\u0131 merak etmek yok: her \u015fey sizin i\u00e7in d\u00fc\u015f\u00fcn\u00fcld\u00fc! Brieflerini sunmak i\u00e7in yeni yollar arayanlar\u0131n tasar\u0131m i\u00e7in zaman harcamas\u0131na gerek yok. Bu Nimbus \u015fablonu profesyonelce yap\u0131land\u0131r\u0131lm\u0131\u015f ve bi\u00e7imlendirilmi\u015ftir.<\/p>\n<h5><\/h5>\n<h5>Nas\u0131l kullan\u0131l\u0131r?<\/h5>\n<ul>\n<li id=\"b208071222_2650\" class=\"list-item-bullet editable-text list-item indent-0 selected-block selected-block-wrapper focused-block allow-dragging\"><strong>\u015eirket Ad\u0131<\/strong><br class=\"separator\" \/>Basit ba\u015flay\u0131n \ud83d\ude09<\/li>\n<li id=\"b208071222_2689\" class=\"list-item-bullet editable-text list-item indent-0 selected-block selected-block-wrapper\"><strong>M\u00fc\u015fteri Ge\u00e7mi\u015fi<\/strong><br class=\"separator\" \/>Bu, m\u00fc\u015fterinin i\u015finin k\u0131sa bir tan\u0131m\u0131n\u0131 i\u00e7erir: ne \u00fcretti\u011fi ve nas\u0131l ba\u015far\u0131l\u0131 oldu\u011fu.<br class=\"separator\" \/>Ayr\u0131ca, \u015firketin web sitesine, sosyal medya ve inceleme sitelerindeki hesaplar\u0131na ve yard\u0131mc\u0131 olabilecek di\u011fer platformlara ba\u011flant\u0131lar i\u00e7eren bir tablo da bulunmaktad\u0131r.<br class=\"separator\" \/>Daha sonra m\u00fc\u015fteri, proje hedefi hakk\u0131nda daha iyi bir fikir edinmek i\u00e7in Misyon ve De\u011ferler alanlar\u0131n\u0131 doldurmal\u0131d\u0131r: \u015firketlerinin neden var oldu\u011fu ve m\u00fc\u015fterilerin ya\u015famlar\u0131n\u0131 nas\u0131l iyile\u015ftirmeyi umdu\u011fu.<\/li>\n<li id=\"b208071222_3081\" class=\"list-item-bullet editable-text list-item indent-0 selected-block selected-block-wrapper\"><strong>Projeye Genel Bak\u0131\u015f<\/strong><br class=\"separator\" \/>Ger\u00e7ekle\u015ftirebilece\u011finiz t\u00fcm m\u00fc\u015fteri isteklerini bu tabloya yaz\u0131n.<br class=\"separator\" \/>M\u00fc\u015fteri, gerekti\u011finde ek yorumlarla birlikte \u00f6nerilen se\u00e7eneklerin \u00f6nceli\u011fini belirlemelidir.<\/li>\n<li id=\"b208071222_3270\" class=\"list-item-bullet editable-text list-item indent-0 selected-block selected-block-wrapper\"><strong>Hedef Kitle<\/strong><br class=\"separator\" \/>M\u00fc\u015fterinizin projede uygulanabilir \u00e7al\u0131\u015fmalar i\u00e7in hedef kitlesini belirlemesini sa\u011flayacak \u00f6zellikler ekleyin.<\/li>\n<li id=\"b208071222_3409\" class=\"list-item-bullet editable-text list-item indent-0 selected-block selected-block-wrapper\"><strong>Rakipler<\/strong><br class=\"separator\" \/>M\u00fc\u015fteri, \u015firketinin \u00f6zelliklerini ve hizmetlerini rakipleriyle kar\u015f\u0131la\u015ft\u0131rmal\u0131d\u0131r.<\/li>\n<li id=\"b208071222_3528\" class=\"list-item-bullet editable-text list-item indent-0 selected-block selected-block-wrapper\"><strong>Sorun ve \u00c7\u00f6z\u00fcm<\/strong><br class=\"separator\" \/>M\u00fc\u015fteriden, sizin yard\u0131m\u0131n\u0131zla \u00e7\u00f6zmek istedikleri sorunu ve neyi ba\u015farmay\u0131 ama\u00e7lad\u0131klar\u0131n\u0131 tan\u0131mlamas\u0131n\u0131 isteyin.<\/li>\n<li id=\"b208071222_3629\" class=\"list-item-bullet editable-text list-item indent-0 selected-block selected-block-wrapper\"><strong>Harekete Ge\u00e7me \u00c7a\u011fr\u0131s\u0131<\/strong><br class=\"separator\" \/>Bir \u00e7al\u0131\u015fma plan\u0131 olu\u015fturun: g\u00f6revleri listeleyin, son tarihleri belirleyin ve m\u00fc\u015fterinin her a\u015famada ileti\u015fim kurabilece\u011fi sorumlu ki\u015fileri belirleyin.<\/li>\n<li id=\"b208071222_3828\" class=\"list-item-bullet editable-text list-item indent-0 selected-block selected-block-wrapper\"><strong>Daha fazla<\/strong><br class=\"separator\" \/>M\u00fc\u015fteriye her t\u00fcrl\u00fc soru ve a\u00e7\u0131klama i\u00e7in alan b\u0131rak\u0131n.<\/li>\n<\/ul>\n<p>&nbsp;<\/p>\n<p><em>\u00d6rnek bir \u015fablon indirirsiniz. \u015eablonun en iyi \u015fekilde \u00e7al\u0131\u015fmas\u0131 i\u00e7in ihtiya\u00e7lar\u0131n\u0131za uyacak \u015fekilde kolayca d\u00fczenleyin.<\/em><\/p>\n","protected":false},"excerpt":{"rendered":"<p>M\u00fc\u015fteri \u00f6zetinizi m\u00fckemmelle\u015ftirmek i\u00e7in stres yapmay\u0131n. Payla\u015fmas\u0131 kolay bu \u015fablon, yakla\u015fan bir projenin her ayr\u0131nt\u0131s\u0131n\u0131 i\u00e7erir.<\/p>\n","protected":false},"featured_media":55373,"template":"","meta":{"_acf_changed":false,"inline_featured_image":false},"product_brand":[],"product_cat":[227,254,228],"product_tag":[232],"class_list":{"0":"post-55372","1":"product","2":"type-product","3":"status-publish","4":"has-post-thumbnail","6":"product_cat-marketing-clients","7":"product_cat-sales","8":"product_cat-sales-account","9":"product_tag-hit","10":"collections-client","12":"first","13":"instock","14":"shipping-taxable","15":"product-type-simple"},"acf":[],"yoast_head":"<!-- This site is optimized with the Yoast SEO plugin v25.3.1 - https:\/\/yoast.com\/wordpress\/plugins\/seo\/ -->\n<title>M\u00fc\u015fteri \u00d6zeti - Sales AI Agents<\/title>\n<meta name=\"description\" content=\"M\u00fc\u015fteri projesiyle ilgili herhangi bir \u015feyi a\u00e7\u0131kl\u0131\u011fa kavu\u015fturmay\u0131 unutmaktan endi\u015fe etmeyin. M\u00fc\u015fteri \u00d6zeti \u015eablonu ile her ayr\u0131nt\u0131 sizin i\u00e7in d\u00fc\u015f\u00fcn\u00fcld\u00fc!\" \/>\n<meta name=\"robots\" content=\"index, follow, max-snippet:-1, max-image-preview:large, max-video-preview:-1\" \/>\n<link rel=\"canonical\" href=\"https:\/\/sales-ai-agents.com\/tr\/templates\/client-brief\/\" \/>\n<meta property=\"og:locale\" content=\"tr_TR\" \/>\n<meta property=\"og:type\" content=\"article\" \/>\n<meta property=\"og:title\" content=\"M\u00fc\u015fteri \u00d6zeti - Sales AI Agents\" \/>\n<meta property=\"og:description\" content=\"M\u00fc\u015fteri projesiyle ilgili herhangi bir \u015feyi a\u00e7\u0131kl\u0131\u011fa kavu\u015fturmay\u0131 unutmaktan endi\u015fe etmeyin. M\u00fc\u015fteri \u00d6zeti \u015eablonu ile her ayr\u0131nt\u0131 sizin i\u00e7in d\u00fc\u015f\u00fcn\u00fcld\u00fc!\" \/>\n<meta property=\"og:url\" content=\"https:\/\/sales-ai-agents.com\/tr\/templates\/client-brief\/\" \/>\n<meta property=\"og:site_name\" content=\"Sales AI Agents\" \/>\n<meta property=\"article:modified_time\" content=\"2023-09-21T21:04:01+00:00\" \/>\n<meta property=\"og:image\" content=\"https:\/\/sales-ai-agents.com\/wp-content\/uploads\/2023\/02\/Client-Brief-Template.png\" \/>\n\t<meta property=\"og:image:width\" content=\"1700\" \/>\n\t<meta property=\"og:image:height\" content=\"1100\" \/>\n\t<meta property=\"og:image:type\" content=\"image\/png\" \/>\n<meta name=\"twitter:card\" content=\"summary_large_image\" \/>\n<script type=\"application\/ld+json\" class=\"yoast-schema-graph\">{\"@context\":\"https:\/\/schema.org\",\"@graph\":[{\"@type\":\"WebPage\",\"@id\":\"https:\/\/sales-ai-agents.com\/tr\/templates\/client-brief\/\",\"url\":\"https:\/\/sales-ai-agents.com\/tr\/templates\/client-brief\/\",\"name\":\"M\u00fc\u015fteri \u00d6zeti - Sales AI Agents\",\"isPartOf\":{\"@id\":\"https:\/\/sales-ai-agents.com\/#website\"},\"primaryImageOfPage\":{\"@id\":\"https:\/\/sales-ai-agents.com\/tr\/templates\/client-brief\/#primaryimage\"},\"image\":{\"@id\":\"https:\/\/sales-ai-agents.com\/tr\/templates\/client-brief\/#primaryimage\"},\"thumbnailUrl\":\"https:\/\/sales-ai-agents.com\/wp-content\/uploads\/2023\/02\/Client-Brief-Template.png\",\"datePublished\":\"2023-02-10T14:19:24+00:00\",\"dateModified\":\"2023-09-21T21:04:01+00:00\",\"description\":\"M\u00fc\u015fteri projesiyle ilgili herhangi bir \u015feyi a\u00e7\u0131kl\u0131\u011fa kavu\u015fturmay\u0131 unutmaktan endi\u015fe etmeyin. M\u00fc\u015fteri \u00d6zeti \u015eablonu ile her ayr\u0131nt\u0131 sizin i\u00e7in d\u00fc\u015f\u00fcn\u00fcld\u00fc!\",\"inLanguage\":\"tr\",\"potentialAction\":[{\"@type\":\"ReadAction\",\"target\":[\"https:\/\/sales-ai-agents.com\/tr\/templates\/client-brief\/\"]}]},{\"@type\":\"ImageObject\",\"inLanguage\":\"tr\",\"@id\":\"https:\/\/sales-ai-agents.com\/tr\/templates\/client-brief\/#primaryimage\",\"url\":\"https:\/\/sales-ai-agents.com\/wp-content\/uploads\/2023\/02\/Client-Brief-Template.png\",\"contentUrl\":\"https:\/\/sales-ai-agents.com\/wp-content\/uploads\/2023\/02\/Client-Brief-Template.png\",\"width\":1700,\"height\":1100},{\"@type\":\"WebSite\",\"@id\":\"https:\/\/sales-ai-agents.com\/#website\",\"url\":\"https:\/\/sales-ai-agents.com\/\",\"name\":\"FuseBase\",\"description\":\"Sales AI Agents - Free Online Collaboration Software for Remote Teams. Build your wikis, client portals and more with the Nimbus Platform collaboration tool ? A perfect space for online work\",\"publisher\":{\"@id\":\"https:\/\/sales-ai-agents.com\/#organization\"},\"potentialAction\":[{\"@type\":\"SearchAction\",\"target\":{\"@type\":\"EntryPoint\",\"urlTemplate\":\"https:\/\/sales-ai-agents.com\/?s={search_term_string}\"},\"query-input\":{\"@type\":\"PropertyValueSpecification\",\"valueRequired\":true,\"valueName\":\"search_term_string\"}}],\"inLanguage\":\"tr\"},{\"@type\":\"Organization\",\"@id\":\"https:\/\/sales-ai-agents.com\/#organization\",\"name\":\"FuseBase\",\"url\":\"https:\/\/sales-ai-agents.com\/\",\"logo\":{\"@type\":\"ImageObject\",\"inLanguage\":\"tr\",\"@id\":\"https:\/\/sales-ai-agents.com\/#\/schema\/logo\/image\/\",\"url\":\"https:\/\/sales-ai-agents.com\/wp-content\/uploads\/2023\/11\/icon-7.svg\",\"contentUrl\":\"https:\/\/sales-ai-agents.com\/wp-content\/uploads\/2023\/11\/icon-7.svg\",\"width\":128,\"height\":128,\"caption\":\"FuseBase\"},\"image\":{\"@id\":\"https:\/\/sales-ai-agents.com\/#\/schema\/logo\/image\/\"}}]}<\/script>\n<!-- \/ Yoast SEO plugin. -->","yoast_head_json":{"title":"M\u00fc\u015fteri \u00d6zeti - Sales AI Agents","description":"M\u00fc\u015fteri projesiyle ilgili herhangi bir \u015feyi a\u00e7\u0131kl\u0131\u011fa kavu\u015fturmay\u0131 unutmaktan endi\u015fe etmeyin. M\u00fc\u015fteri \u00d6zeti \u015eablonu ile her ayr\u0131nt\u0131 sizin i\u00e7in d\u00fc\u015f\u00fcn\u00fcld\u00fc!","robots":{"index":"index","follow":"follow","max-snippet":"max-snippet:-1","max-image-preview":"max-image-preview:large","max-video-preview":"max-video-preview:-1"},"canonical":"https:\/\/sales-ai-agents.com\/tr\/templates\/client-brief\/","og_locale":"tr_TR","og_type":"article","og_title":"M\u00fc\u015fteri \u00d6zeti - Sales AI Agents","og_description":"M\u00fc\u015fteri projesiyle ilgili herhangi bir \u015feyi a\u00e7\u0131kl\u0131\u011fa kavu\u015fturmay\u0131 unutmaktan endi\u015fe etmeyin. M\u00fc\u015fteri \u00d6zeti \u015eablonu ile her ayr\u0131nt\u0131 sizin i\u00e7in d\u00fc\u015f\u00fcn\u00fcld\u00fc!","og_url":"https:\/\/sales-ai-agents.com\/tr\/templates\/client-brief\/","og_site_name":"Sales AI Agents","article_modified_time":"2023-09-21T21:04:01+00:00","og_image":[{"width":1700,"height":1100,"url":"https:\/\/sales-ai-agents.com\/wp-content\/uploads\/2023\/02\/Client-Brief-Template.png","type":"image\/png"}],"twitter_card":"summary_large_image","schema":{"@context":"https:\/\/schema.org","@graph":[{"@type":"WebPage","@id":"https:\/\/sales-ai-agents.com\/tr\/templates\/client-brief\/","url":"https:\/\/sales-ai-agents.com\/tr\/templates\/client-brief\/","name":"M\u00fc\u015fteri \u00d6zeti - Sales AI Agents","isPartOf":{"@id":"https:\/\/sales-ai-agents.com\/#website"},"primaryImageOfPage":{"@id":"https:\/\/sales-ai-agents.com\/tr\/templates\/client-brief\/#primaryimage"},"image":{"@id":"https:\/\/sales-ai-agents.com\/tr\/templates\/client-brief\/#primaryimage"},"thumbnailUrl":"https:\/\/sales-ai-agents.com\/wp-content\/uploads\/2023\/02\/Client-Brief-Template.png","datePublished":"2023-02-10T14:19:24+00:00","dateModified":"2023-09-21T21:04:01+00:00","description":"M\u00fc\u015fteri projesiyle ilgili herhangi bir \u015feyi a\u00e7\u0131kl\u0131\u011fa kavu\u015fturmay\u0131 unutmaktan endi\u015fe etmeyin. M\u00fc\u015fteri \u00d6zeti \u015eablonu ile her ayr\u0131nt\u0131 sizin i\u00e7in d\u00fc\u015f\u00fcn\u00fcld\u00fc!","inLanguage":"tr","potentialAction":[{"@type":"ReadAction","target":["https:\/\/sales-ai-agents.com\/tr\/templates\/client-brief\/"]}]},{"@type":"ImageObject","inLanguage":"tr","@id":"https:\/\/sales-ai-agents.com\/tr\/templates\/client-brief\/#primaryimage","url":"https:\/\/sales-ai-agents.com\/wp-content\/uploads\/2023\/02\/Client-Brief-Template.png","contentUrl":"https:\/\/sales-ai-agents.com\/wp-content\/uploads\/2023\/02\/Client-Brief-Template.png","width":1700,"height":1100},{"@type":"WebSite","@id":"https:\/\/sales-ai-agents.com\/#website","url":"https:\/\/sales-ai-agents.com\/","name":"FuseBase","description":"Sales AI Agents - Free Online Collaboration Software for Remote Teams. Build your wikis, client portals and more with the Nimbus Platform collaboration tool ? A perfect space for online work","publisher":{"@id":"https:\/\/sales-ai-agents.com\/#organization"},"potentialAction":[{"@type":"SearchAction","target":{"@type":"EntryPoint","urlTemplate":"https:\/\/sales-ai-agents.com\/?s={search_term_string}"},"query-input":{"@type":"PropertyValueSpecification","valueRequired":true,"valueName":"search_term_string"}}],"inLanguage":"tr"},{"@type":"Organization","@id":"https:\/\/sales-ai-agents.com\/#organization","name":"FuseBase","url":"https:\/\/sales-ai-agents.com\/","logo":{"@type":"ImageObject","inLanguage":"tr","@id":"https:\/\/sales-ai-agents.com\/#\/schema\/logo\/image\/","url":"https:\/\/sales-ai-agents.com\/wp-content\/uploads\/2023\/11\/icon-7.svg","contentUrl":"https:\/\/sales-ai-agents.com\/wp-content\/uploads\/2023\/11\/icon-7.svg","width":128,"height":128,"caption":"FuseBase"},"image":{"@id":"https:\/\/sales-ai-agents.com\/#\/schema\/logo\/image\/"}}]}},"_links":{"self":[{"href":"https:\/\/sales-ai-agents.com\/tr\/wp-json\/wp\/v2\/product\/55372","targetHints":{"allow":["GET"]}}],"collection":[{"href":"https:\/\/sales-ai-agents.com\/tr\/wp-json\/wp\/v2\/product"}],"about":[{"href":"https:\/\/sales-ai-agents.com\/tr\/wp-json\/wp\/v2\/types\/product"}],"wp:featuredmedia":[{"embeddable":true,"href":"https:\/\/sales-ai-agents.com\/tr\/wp-json\/wp\/v2\/media\/55373"}],"wp:attachment":[{"href":"https:\/\/sales-ai-agents.com\/tr\/wp-json\/wp\/v2\/media?parent=55372"}],"wp:term":[{"taxonomy":"product_brand","embeddable":true,"href":"https:\/\/sales-ai-agents.com\/tr\/wp-json\/wp\/v2\/product_brand?post=55372"},{"taxonomy":"product_cat","embeddable":true,"href":"https:\/\/sales-ai-agents.com\/tr\/wp-json\/wp\/v2\/product_cat?post=55372"},{"taxonomy":"product_tag","embeddable":true,"href":"https:\/\/sales-ai-agents.com\/tr\/wp-json\/wp\/v2\/product_tag?post=55372"}],"curies":[{"name":"wp","href":"https:\/\/api.w.org\/{rel}","templated":true}]}}