{"id":55380,"date":"2022-09-26T13:36:36","date_gmt":"2022-09-26T13:36:36","guid":{"rendered":"https:\/\/sales-ai-agents.com\/templates\/life-balance\/"},"modified":"2023-12-31T17:09:01","modified_gmt":"2023-12-31T17:09:01","slug":"life-balance","status":"publish","type":"product","link":"https:\/\/sales-ai-agents.com\/tr\/templates\/life-balance\/","title":{"rendered":"Ya\u015fam Dengesi"},"content":{"rendered":"<p>&nbsp;<\/p>\n<h2>Ya\u015fam Dengesi \u015eablonu<\/h2>\n<p class=\"desc-text\">Ya\u015fam dengesi, bir ki\u015finin kariyerinin taleplerine ve ki\u015fisel ya\u015fam\u0131n\u0131n taleplerine e\u015fit derecede \u00f6ncelik verdi\u011fi denge durumudur. Hayat\u0131n\u0131z\u0131n her y\u00f6n\u00fcn\u00fc takip ederek ve sonu\u00e7lar\u0131 de\u011ferlendirerek ya\u015fam dengenize ula\u015fmak i\u00e7in bu \u015fablonu kullan\u0131n.<\/p>\n<h5>Nas\u0131l kullan\u0131l\u0131r?<\/h5>\n<ul class=\"desc-item_list\">\n<li class=\"desc-item_list__point\">Hayat\u0131n\u0131z\u0131n bu y\u00f6nlerinde nas\u0131l oldu\u011funuzu hissetti\u011finizi en iyi anlatan say\u0131y\u0131 renklendirin<\/li>\n<li class=\"desc-item_list__point\">Hedef s\u00fctununda ne kadar iyi durumda olmak istedi\u011finizi de\u011ferlendirin<\/li>\n<li class=\"desc-item_list__point\">Mevcut ve optimum aras\u0131ndaki fark\u0131 bo\u015fluk s\u00fctununa yaz\u0131n<\/li>\n<li class=\"desc-item_list__point\">En y\u00fcksek ve en d\u00fc\u015f\u00fck puanlar\u0131 i\u015faretleyin<\/li>\n<li class=\"desc-item_list__point\">Dengenizi geli\u015ftirecek ad\u0131mlar ve eylemler hakk\u0131nda d\u00fc\u015f\u00fcn\u00fcn<\/li>\n<\/ul>\n","protected":false},"excerpt":{"rendered":"<p>Ya\u015fam dengesi, ki\u015finin kariyerine ve \u00f6zel hayat\u0131na e\u015fit \u015fekilde yakla\u015fmas\u0131d\u0131r. Hayat\u0131n\u0131z\u0131n her y\u00f6n\u00fcn\u00fc takip ederek ya\u015fam dengenize ula\u015fmak i\u00e7in bu \u00fccretsiz \u015fablonu kullan\u0131n.<\/p>\n","protected":false},"featured_media":55381,"template":"","meta":{"_acf_changed":false,"inline_featured_image":false},"product_brand":[],"product_cat":[257,256],"product_tag":[],"class_list":{"0":"post-55380","1":"product","2":"type-product","3":"status-publish","4":"has-post-thumbnail","6":"product_cat-personal","7":"product_cat-organizers-planners","9":"first","10":"instock","11":"virtual","12":"sold-individually","13":"product-type-simple"},"acf":[],"yoast_head":"<!-- This site is optimized with the Yoast SEO plugin v25.3.1 - https:\/\/yoast.com\/wordpress\/plugins\/seo\/ -->\n<title>Ya\u015fam Dengesi \u015eablonu - Sales AI Agents<\/title>\n<meta name=\"description\" content=\"Ya\u015fam dengesi, ki\u015finin kariyerine ve \u00f6zel hayat\u0131na e\u015fit \u015fekilde yakla\u015fmas\u0131d\u0131r. Hayat\u0131n\u0131z\u0131n her y\u00f6n\u00fcn\u00fc takip ederek ya\u015fam dengenize ula\u015fmak i\u00e7in bu \u00fccretsiz \u015fablonu kullan\u0131n\" \/>\n<meta name=\"robots\" content=\"index, follow, max-snippet:-1, max-image-preview:large, max-video-preview:-1\" \/>\n<link rel=\"canonical\" href=\"https:\/\/sales-ai-agents.com\/tr\/templates\/life-balance\/\" \/>\n<meta property=\"og:locale\" content=\"tr_TR\" \/>\n<meta property=\"og:type\" content=\"article\" \/>\n<meta property=\"og:title\" content=\"Ya\u015fam Dengesi \u015eablonu - Sales AI Agents\" \/>\n<meta property=\"og:description\" content=\"Ya\u015fam dengesi, ki\u015finin kariyerine ve \u00f6zel hayat\u0131na e\u015fit \u015fekilde yakla\u015fmas\u0131d\u0131r. Hayat\u0131n\u0131z\u0131n her y\u00f6n\u00fcn\u00fc takip ederek ya\u015fam dengenize ula\u015fmak i\u00e7in bu \u00fccretsiz \u015fablonu kullan\u0131n\" \/>\n<meta property=\"og:url\" content=\"https:\/\/sales-ai-agents.com\/tr\/templates\/life-balance\/\" \/>\n<meta property=\"og:site_name\" content=\"Sales AI Agents\" \/>\n<meta property=\"article:modified_time\" content=\"2023-12-31T17:09:01+00:00\" \/>\n<meta property=\"og:image\" content=\"https:\/\/sales-ai-agents.com\/wp-content\/uploads\/2023\/01\/image-preview123705.png\" \/>\n\t<meta property=\"og:image:width\" content=\"1078\" \/>\n\t<meta property=\"og:image:height\" content=\"1183\" \/>\n\t<meta property=\"og:image:type\" content=\"image\/png\" \/>\n<meta name=\"twitter:card\" content=\"summary_large_image\" \/>\n<script type=\"application\/ld+json\" class=\"yoast-schema-graph\">{\"@context\":\"https:\/\/schema.org\",\"@graph\":[{\"@type\":\"WebPage\",\"@id\":\"https:\/\/sales-ai-agents.com\/tr\/templates\/life-balance\/\",\"url\":\"https:\/\/sales-ai-agents.com\/tr\/templates\/life-balance\/\",\"name\":\"Ya\u015fam Dengesi \u015eablonu - Sales AI Agents\",\"isPartOf\":{\"@id\":\"https:\/\/sales-ai-agents.com\/#website\"},\"primaryImageOfPage\":{\"@id\":\"https:\/\/sales-ai-agents.com\/tr\/templates\/life-balance\/#primaryimage\"},\"image\":{\"@id\":\"https:\/\/sales-ai-agents.com\/tr\/templates\/life-balance\/#primaryimage\"},\"thumbnailUrl\":\"https:\/\/sales-ai-agents.com\/wp-content\/uploads\/2023\/01\/image-preview123705.png\",\"datePublished\":\"2022-09-26T13:36:36+00:00\",\"dateModified\":\"2023-12-31T17:09:01+00:00\",\"description\":\"Ya\u015fam dengesi, ki\u015finin kariyerine ve \u00f6zel hayat\u0131na e\u015fit \u015fekilde yakla\u015fmas\u0131d\u0131r. Hayat\u0131n\u0131z\u0131n her y\u00f6n\u00fcn\u00fc takip ederek ya\u015fam dengenize ula\u015fmak i\u00e7in bu \u00fccretsiz \u015fablonu kullan\u0131n\",\"inLanguage\":\"tr\",\"potentialAction\":[{\"@type\":\"ReadAction\",\"target\":[\"https:\/\/sales-ai-agents.com\/tr\/templates\/life-balance\/\"]}]},{\"@type\":\"ImageObject\",\"inLanguage\":\"tr\",\"@id\":\"https:\/\/sales-ai-agents.com\/tr\/templates\/life-balance\/#primaryimage\",\"url\":\"https:\/\/sales-ai-agents.com\/wp-content\/uploads\/2023\/01\/image-preview123705.png\",\"contentUrl\":\"https:\/\/sales-ai-agents.com\/wp-content\/uploads\/2023\/01\/image-preview123705.png\",\"width\":1078,\"height\":1183},{\"@type\":\"WebSite\",\"@id\":\"https:\/\/sales-ai-agents.com\/#website\",\"url\":\"https:\/\/sales-ai-agents.com\/\",\"name\":\"FuseBase\",\"description\":\"Sales AI Agents - Free Online Collaboration Software for Remote Teams. Build your wikis, client portals and more with the Nimbus Platform collaboration tool ? A perfect space for online work\",\"publisher\":{\"@id\":\"https:\/\/sales-ai-agents.com\/#organization\"},\"potentialAction\":[{\"@type\":\"SearchAction\",\"target\":{\"@type\":\"EntryPoint\",\"urlTemplate\":\"https:\/\/sales-ai-agents.com\/?s={search_term_string}\"},\"query-input\":{\"@type\":\"PropertyValueSpecification\",\"valueRequired\":true,\"valueName\":\"search_term_string\"}}],\"inLanguage\":\"tr\"},{\"@type\":\"Organization\",\"@id\":\"https:\/\/sales-ai-agents.com\/#organization\",\"name\":\"FuseBase\",\"url\":\"https:\/\/sales-ai-agents.com\/\",\"logo\":{\"@type\":\"ImageObject\",\"inLanguage\":\"tr\",\"@id\":\"https:\/\/sales-ai-agents.com\/#\/schema\/logo\/image\/\",\"url\":\"https:\/\/sales-ai-agents.com\/wp-content\/uploads\/2023\/11\/icon-7.svg\",\"contentUrl\":\"https:\/\/sales-ai-agents.com\/wp-content\/uploads\/2023\/11\/icon-7.svg\",\"width\":128,\"height\":128,\"caption\":\"FuseBase\"},\"image\":{\"@id\":\"https:\/\/sales-ai-agents.com\/#\/schema\/logo\/image\/\"}}]}<\/script>\n<!-- \/ Yoast SEO plugin. -->","yoast_head_json":{"title":"Ya\u015fam Dengesi \u015eablonu - Sales AI Agents","description":"Ya\u015fam dengesi, ki\u015finin kariyerine ve \u00f6zel hayat\u0131na e\u015fit \u015fekilde yakla\u015fmas\u0131d\u0131r. Hayat\u0131n\u0131z\u0131n her y\u00f6n\u00fcn\u00fc takip ederek ya\u015fam dengenize ula\u015fmak i\u00e7in bu \u00fccretsiz \u015fablonu kullan\u0131n","robots":{"index":"index","follow":"follow","max-snippet":"max-snippet:-1","max-image-preview":"max-image-preview:large","max-video-preview":"max-video-preview:-1"},"canonical":"https:\/\/sales-ai-agents.com\/tr\/templates\/life-balance\/","og_locale":"tr_TR","og_type":"article","og_title":"Ya\u015fam Dengesi \u015eablonu - Sales AI Agents","og_description":"Ya\u015fam dengesi, ki\u015finin kariyerine ve \u00f6zel hayat\u0131na e\u015fit \u015fekilde yakla\u015fmas\u0131d\u0131r. Hayat\u0131n\u0131z\u0131n her y\u00f6n\u00fcn\u00fc takip ederek ya\u015fam dengenize ula\u015fmak i\u00e7in bu \u00fccretsiz \u015fablonu kullan\u0131n","og_url":"https:\/\/sales-ai-agents.com\/tr\/templates\/life-balance\/","og_site_name":"Sales AI Agents","article_modified_time":"2023-12-31T17:09:01+00:00","og_image":[{"width":1078,"height":1183,"url":"https:\/\/sales-ai-agents.com\/wp-content\/uploads\/2023\/01\/image-preview123705.png","type":"image\/png"}],"twitter_card":"summary_large_image","schema":{"@context":"https:\/\/schema.org","@graph":[{"@type":"WebPage","@id":"https:\/\/sales-ai-agents.com\/tr\/templates\/life-balance\/","url":"https:\/\/sales-ai-agents.com\/tr\/templates\/life-balance\/","name":"Ya\u015fam Dengesi \u015eablonu - Sales AI Agents","isPartOf":{"@id":"https:\/\/sales-ai-agents.com\/#website"},"primaryImageOfPage":{"@id":"https:\/\/sales-ai-agents.com\/tr\/templates\/life-balance\/#primaryimage"},"image":{"@id":"https:\/\/sales-ai-agents.com\/tr\/templates\/life-balance\/#primaryimage"},"thumbnailUrl":"https:\/\/sales-ai-agents.com\/wp-content\/uploads\/2023\/01\/image-preview123705.png","datePublished":"2022-09-26T13:36:36+00:00","dateModified":"2023-12-31T17:09:01+00:00","description":"Ya\u015fam dengesi, ki\u015finin kariyerine ve \u00f6zel hayat\u0131na e\u015fit \u015fekilde yakla\u015fmas\u0131d\u0131r. Hayat\u0131n\u0131z\u0131n her y\u00f6n\u00fcn\u00fc takip ederek ya\u015fam dengenize ula\u015fmak i\u00e7in bu \u00fccretsiz \u015fablonu kullan\u0131n","inLanguage":"tr","potentialAction":[{"@type":"ReadAction","target":["https:\/\/sales-ai-agents.com\/tr\/templates\/life-balance\/"]}]},{"@type":"ImageObject","inLanguage":"tr","@id":"https:\/\/sales-ai-agents.com\/tr\/templates\/life-balance\/#primaryimage","url":"https:\/\/sales-ai-agents.com\/wp-content\/uploads\/2023\/01\/image-preview123705.png","contentUrl":"https:\/\/sales-ai-agents.com\/wp-content\/uploads\/2023\/01\/image-preview123705.png","width":1078,"height":1183},{"@type":"WebSite","@id":"https:\/\/sales-ai-agents.com\/#website","url":"https:\/\/sales-ai-agents.com\/","name":"FuseBase","description":"Sales AI Agents - Free Online Collaboration Software for Remote Teams. Build your wikis, client portals and more with the Nimbus Platform collaboration tool ? A perfect space for online work","publisher":{"@id":"https:\/\/sales-ai-agents.com\/#organization"},"potentialAction":[{"@type":"SearchAction","target":{"@type":"EntryPoint","urlTemplate":"https:\/\/sales-ai-agents.com\/?s={search_term_string}"},"query-input":{"@type":"PropertyValueSpecification","valueRequired":true,"valueName":"search_term_string"}}],"inLanguage":"tr"},{"@type":"Organization","@id":"https:\/\/sales-ai-agents.com\/#organization","name":"FuseBase","url":"https:\/\/sales-ai-agents.com\/","logo":{"@type":"ImageObject","inLanguage":"tr","@id":"https:\/\/sales-ai-agents.com\/#\/schema\/logo\/image\/","url":"https:\/\/sales-ai-agents.com\/wp-content\/uploads\/2023\/11\/icon-7.svg","contentUrl":"https:\/\/sales-ai-agents.com\/wp-content\/uploads\/2023\/11\/icon-7.svg","width":128,"height":128,"caption":"FuseBase"},"image":{"@id":"https:\/\/sales-ai-agents.com\/#\/schema\/logo\/image\/"}}]}},"_links":{"self":[{"href":"https:\/\/sales-ai-agents.com\/tr\/wp-json\/wp\/v2\/product\/55380","targetHints":{"allow":["GET"]}}],"collection":[{"href":"https:\/\/sales-ai-agents.com\/tr\/wp-json\/wp\/v2\/product"}],"about":[{"href":"https:\/\/sales-ai-agents.com\/tr\/wp-json\/wp\/v2\/types\/product"}],"wp:featuredmedia":[{"embeddable":true,"href":"https:\/\/sales-ai-agents.com\/tr\/wp-json\/wp\/v2\/media\/55381"}],"wp:attachment":[{"href":"https:\/\/sales-ai-agents.com\/tr\/wp-json\/wp\/v2\/media?parent=55380"}],"wp:term":[{"taxonomy":"product_brand","embeddable":true,"href":"https:\/\/sales-ai-agents.com\/tr\/wp-json\/wp\/v2\/product_brand?post=55380"},{"taxonomy":"product_cat","embeddable":true,"href":"https:\/\/sales-ai-agents.com\/tr\/wp-json\/wp\/v2\/product_cat?post=55380"},{"taxonomy":"product_tag","embeddable":true,"href":"https:\/\/sales-ai-agents.com\/tr\/wp-json\/wp\/v2\/product_tag?post=55380"}],"curies":[{"name":"wp","href":"https:\/\/api.w.org\/{rel}","templated":true}]}}