{"id":55383,"date":"2022-09-26T13:36:33","date_gmt":"2022-09-26T13:36:33","guid":{"rendered":"https:\/\/sales-ai-agents.com\/templates\/standard-operation-procedure\/"},"modified":"2024-01-02T13:15:44","modified_gmt":"2024-01-02T13:15:44","slug":"standard-operation-procedure","status":"publish","type":"product","link":"https:\/\/sales-ai-agents.com\/tr\/templates\/standard-operation-procedure\/","title":{"rendered":"Standart Operasyon Prosed\u00fcr\u00fc"},"content":{"rendered":"<p>&nbsp;<\/p>\n<h2>Standart Operasyon Prosed\u00fcr\u00fc \u015eablonu<\/h2>\n<p class=\"desc-text\">\u00dcr\u00fcn\u00fcn\u00fcz\u00fc t\u00fcm y\u00f6nleriyle belgelemek i\u00e7in bu \u015fablonu kullan\u0131n. Temel k\u0131lavuzlar\u0131 ve prosed\u00fcrleri ekleyin. Herkesin ayn\u0131 bilgilere eri\u015febilmesi i\u00e7in ekibinizle payla\u015f\u0131n. \u0130\u015fbirli\u011fini kolay ve rahat hale getirmek i\u00e7in tek bir belge kullan\u0131n.<\/p>\n<h5>Nas\u0131l kullan\u0131l\u0131r?<\/h5>\n<ul class=\"desc-item_list\">\n<li class=\"desc-item_list__point\">\u00d6nemli bilgileri ve k\u0131lavuzlar\u0131 listeleyin<\/li>\n<li class=\"desc-item_list__point\">Her bir maddenin alt\u0131na uygun belgeleri ekleyin<\/li>\n<li class=\"desc-item_list__point\">\u015eablonda ilerledik\u00e7e daha fazla bilgi ekleyin<\/li>\n<li class=\"desc-item_list__point\">Temel s\u00fcre\u00e7leri ve ad\u0131mlar\u0131 unutmay\u0131n<\/li>\n<li class=\"desc-item_list__point\">Belgeyi ekibinizle payla\u015f\u0131n<\/li>\n<li class=\"desc-item_list__point\">Devam ederken g\u00fcncelleyin ve d\u00fczenleyin<\/li>\n<\/ul>\n","protected":false},"excerpt":{"rendered":"<p>\u00dcr\u00fcn\u00fcn\u00fcz\u00fcn t\u00fcm y\u00f6nlerini belgelemek i\u00e7in bu \u00fccretsiz \u00f6zelle\u015ftirilebilir \u00fcr\u00fcn wiki \u015fablonunu kullan\u0131n. Temel k\u0131lavuzlar\u0131 ve prosed\u00fcrleri ekleyin ve bunlar\u0131 ekibinizle payla\u015f\u0131n.<\/p>\n","protected":false},"featured_media":55384,"template":"","meta":{"_acf_changed":false,"inline_featured_image":false},"product_brand":[],"product_cat":[252,253],"product_tag":[],"class_list":{"0":"post-55383","1":"product","2":"type-product","3":"status-publish","4":"has-post-thumbnail","6":"product_cat-product","7":"product_cat-product-documents","9":"first","10":"instock","11":"virtual","12":"sold-individually","13":"product-type-simple"},"acf":[],"yoast_head":"<!-- This site is optimized with the Yoast SEO plugin v25.3.1 - https:\/\/yoast.com\/wordpress\/plugins\/seo\/ -->\n<title>\u00dcr\u00fcn Wiki \u015eablonu - Sales AI Agents<\/title>\n<meta name=\"description\" content=\"\u00dcr\u00fcn\u00fcn\u00fcz\u00fcn t\u00fcm y\u00f6nlerini belgelemek i\u00e7in bu \u00fccretsiz \u00f6zelle\u015ftirilebilir \u015fablonu kullan\u0131n. Temel k\u0131lavuzlar\u0131 ve prosed\u00fcrleri ekleyin ve bunlar\u0131 ekibinizle payla\u015f\u0131n.\" \/>\n<meta name=\"robots\" content=\"index, follow, max-snippet:-1, max-image-preview:large, max-video-preview:-1\" \/>\n<link rel=\"canonical\" href=\"https:\/\/sales-ai-agents.com\/tr\/templates\/standard-operation-procedure\/\" \/>\n<meta property=\"og:locale\" content=\"tr_TR\" \/>\n<meta property=\"og:type\" content=\"article\" \/>\n<meta property=\"og:title\" content=\"\u00dcr\u00fcn Wiki \u015eablonu - Sales AI Agents\" \/>\n<meta property=\"og:description\" content=\"\u00dcr\u00fcn\u00fcn\u00fcz\u00fcn t\u00fcm y\u00f6nlerini belgelemek i\u00e7in bu \u00fccretsiz \u00f6zelle\u015ftirilebilir \u015fablonu kullan\u0131n. Temel k\u0131lavuzlar\u0131 ve prosed\u00fcrleri ekleyin ve bunlar\u0131 ekibinizle payla\u015f\u0131n.\" \/>\n<meta property=\"og:url\" content=\"https:\/\/sales-ai-agents.com\/tr\/templates\/standard-operation-procedure\/\" \/>\n<meta property=\"og:site_name\" content=\"Sales AI Agents\" \/>\n<meta property=\"article:modified_time\" content=\"2024-01-02T13:15:44+00:00\" \/>\n<meta property=\"og:image\" content=\"https:\/\/sales-ai-agents.com\/wp-content\/uploads\/2022\/09\/Standard-Operation-Procedure-Template.png\" \/>\n\t<meta property=\"og:image:width\" content=\"1700\" \/>\n\t<meta property=\"og:image:height\" content=\"1100\" \/>\n\t<meta property=\"og:image:type\" content=\"image\/png\" \/>\n<meta name=\"twitter:card\" content=\"summary_large_image\" \/>\n<script type=\"application\/ld+json\" class=\"yoast-schema-graph\">{\"@context\":\"https:\/\/schema.org\",\"@graph\":[{\"@type\":\"WebPage\",\"@id\":\"https:\/\/sales-ai-agents.com\/tr\/templates\/standard-operation-procedure\/\",\"url\":\"https:\/\/sales-ai-agents.com\/tr\/templates\/standard-operation-procedure\/\",\"name\":\"\u00dcr\u00fcn Wiki \u015eablonu - Sales AI Agents\",\"isPartOf\":{\"@id\":\"https:\/\/sales-ai-agents.com\/#website\"},\"primaryImageOfPage\":{\"@id\":\"https:\/\/sales-ai-agents.com\/tr\/templates\/standard-operation-procedure\/#primaryimage\"},\"image\":{\"@id\":\"https:\/\/sales-ai-agents.com\/tr\/templates\/standard-operation-procedure\/#primaryimage\"},\"thumbnailUrl\":\"https:\/\/sales-ai-agents.com\/wp-content\/uploads\/2022\/09\/Standard-Operation-Procedure-Template.png\",\"datePublished\":\"2022-09-26T13:36:33+00:00\",\"dateModified\":\"2024-01-02T13:15:44+00:00\",\"description\":\"\u00dcr\u00fcn\u00fcn\u00fcz\u00fcn t\u00fcm y\u00f6nlerini belgelemek i\u00e7in bu \u00fccretsiz \u00f6zelle\u015ftirilebilir \u015fablonu kullan\u0131n. Temel k\u0131lavuzlar\u0131 ve prosed\u00fcrleri ekleyin ve bunlar\u0131 ekibinizle payla\u015f\u0131n.\",\"inLanguage\":\"tr\",\"potentialAction\":[{\"@type\":\"ReadAction\",\"target\":[\"https:\/\/sales-ai-agents.com\/tr\/templates\/standard-operation-procedure\/\"]}]},{\"@type\":\"ImageObject\",\"inLanguage\":\"tr\",\"@id\":\"https:\/\/sales-ai-agents.com\/tr\/templates\/standard-operation-procedure\/#primaryimage\",\"url\":\"https:\/\/sales-ai-agents.com\/wp-content\/uploads\/2022\/09\/Standard-Operation-Procedure-Template.png\",\"contentUrl\":\"https:\/\/sales-ai-agents.com\/wp-content\/uploads\/2022\/09\/Standard-Operation-Procedure-Template.png\",\"width\":1700,\"height\":1100},{\"@type\":\"WebSite\",\"@id\":\"https:\/\/sales-ai-agents.com\/#website\",\"url\":\"https:\/\/sales-ai-agents.com\/\",\"name\":\"FuseBase\",\"description\":\"Sales AI Agents - Free Online Collaboration Software for Remote Teams. Build your wikis, client portals and more with the Nimbus Platform collaboration tool ? A perfect space for online work\",\"publisher\":{\"@id\":\"https:\/\/sales-ai-agents.com\/#organization\"},\"potentialAction\":[{\"@type\":\"SearchAction\",\"target\":{\"@type\":\"EntryPoint\",\"urlTemplate\":\"https:\/\/sales-ai-agents.com\/?s={search_term_string}\"},\"query-input\":{\"@type\":\"PropertyValueSpecification\",\"valueRequired\":true,\"valueName\":\"search_term_string\"}}],\"inLanguage\":\"tr\"},{\"@type\":\"Organization\",\"@id\":\"https:\/\/sales-ai-agents.com\/#organization\",\"name\":\"FuseBase\",\"url\":\"https:\/\/sales-ai-agents.com\/\",\"logo\":{\"@type\":\"ImageObject\",\"inLanguage\":\"tr\",\"@id\":\"https:\/\/sales-ai-agents.com\/#\/schema\/logo\/image\/\",\"url\":\"https:\/\/sales-ai-agents.com\/wp-content\/uploads\/2023\/11\/icon-7.svg\",\"contentUrl\":\"https:\/\/sales-ai-agents.com\/wp-content\/uploads\/2023\/11\/icon-7.svg\",\"width\":128,\"height\":128,\"caption\":\"FuseBase\"},\"image\":{\"@id\":\"https:\/\/sales-ai-agents.com\/#\/schema\/logo\/image\/\"}}]}<\/script>\n<!-- \/ Yoast SEO plugin. -->","yoast_head_json":{"title":"\u00dcr\u00fcn Wiki \u015eablonu - Sales AI Agents","description":"\u00dcr\u00fcn\u00fcn\u00fcz\u00fcn t\u00fcm y\u00f6nlerini belgelemek i\u00e7in bu \u00fccretsiz \u00f6zelle\u015ftirilebilir \u015fablonu kullan\u0131n. Temel k\u0131lavuzlar\u0131 ve prosed\u00fcrleri ekleyin ve bunlar\u0131 ekibinizle payla\u015f\u0131n.","robots":{"index":"index","follow":"follow","max-snippet":"max-snippet:-1","max-image-preview":"max-image-preview:large","max-video-preview":"max-video-preview:-1"},"canonical":"https:\/\/sales-ai-agents.com\/tr\/templates\/standard-operation-procedure\/","og_locale":"tr_TR","og_type":"article","og_title":"\u00dcr\u00fcn Wiki \u015eablonu - Sales AI Agents","og_description":"\u00dcr\u00fcn\u00fcn\u00fcz\u00fcn t\u00fcm y\u00f6nlerini belgelemek i\u00e7in bu \u00fccretsiz \u00f6zelle\u015ftirilebilir \u015fablonu kullan\u0131n. Temel k\u0131lavuzlar\u0131 ve prosed\u00fcrleri ekleyin ve bunlar\u0131 ekibinizle payla\u015f\u0131n.","og_url":"https:\/\/sales-ai-agents.com\/tr\/templates\/standard-operation-procedure\/","og_site_name":"Sales AI Agents","article_modified_time":"2024-01-02T13:15:44+00:00","og_image":[{"width":1700,"height":1100,"url":"https:\/\/sales-ai-agents.com\/wp-content\/uploads\/2022\/09\/Standard-Operation-Procedure-Template.png","type":"image\/png"}],"twitter_card":"summary_large_image","schema":{"@context":"https:\/\/schema.org","@graph":[{"@type":"WebPage","@id":"https:\/\/sales-ai-agents.com\/tr\/templates\/standard-operation-procedure\/","url":"https:\/\/sales-ai-agents.com\/tr\/templates\/standard-operation-procedure\/","name":"\u00dcr\u00fcn Wiki \u015eablonu - Sales AI Agents","isPartOf":{"@id":"https:\/\/sales-ai-agents.com\/#website"},"primaryImageOfPage":{"@id":"https:\/\/sales-ai-agents.com\/tr\/templates\/standard-operation-procedure\/#primaryimage"},"image":{"@id":"https:\/\/sales-ai-agents.com\/tr\/templates\/standard-operation-procedure\/#primaryimage"},"thumbnailUrl":"https:\/\/sales-ai-agents.com\/wp-content\/uploads\/2022\/09\/Standard-Operation-Procedure-Template.png","datePublished":"2022-09-26T13:36:33+00:00","dateModified":"2024-01-02T13:15:44+00:00","description":"\u00dcr\u00fcn\u00fcn\u00fcz\u00fcn t\u00fcm y\u00f6nlerini belgelemek i\u00e7in bu \u00fccretsiz \u00f6zelle\u015ftirilebilir \u015fablonu kullan\u0131n. Temel k\u0131lavuzlar\u0131 ve prosed\u00fcrleri ekleyin ve bunlar\u0131 ekibinizle payla\u015f\u0131n.","inLanguage":"tr","potentialAction":[{"@type":"ReadAction","target":["https:\/\/sales-ai-agents.com\/tr\/templates\/standard-operation-procedure\/"]}]},{"@type":"ImageObject","inLanguage":"tr","@id":"https:\/\/sales-ai-agents.com\/tr\/templates\/standard-operation-procedure\/#primaryimage","url":"https:\/\/sales-ai-agents.com\/wp-content\/uploads\/2022\/09\/Standard-Operation-Procedure-Template.png","contentUrl":"https:\/\/sales-ai-agents.com\/wp-content\/uploads\/2022\/09\/Standard-Operation-Procedure-Template.png","width":1700,"height":1100},{"@type":"WebSite","@id":"https:\/\/sales-ai-agents.com\/#website","url":"https:\/\/sales-ai-agents.com\/","name":"FuseBase","description":"Sales AI Agents - Free Online Collaboration Software for Remote Teams. Build your wikis, client portals and more with the Nimbus Platform collaboration tool ? A perfect space for online work","publisher":{"@id":"https:\/\/sales-ai-agents.com\/#organization"},"potentialAction":[{"@type":"SearchAction","target":{"@type":"EntryPoint","urlTemplate":"https:\/\/sales-ai-agents.com\/?s={search_term_string}"},"query-input":{"@type":"PropertyValueSpecification","valueRequired":true,"valueName":"search_term_string"}}],"inLanguage":"tr"},{"@type":"Organization","@id":"https:\/\/sales-ai-agents.com\/#organization","name":"FuseBase","url":"https:\/\/sales-ai-agents.com\/","logo":{"@type":"ImageObject","inLanguage":"tr","@id":"https:\/\/sales-ai-agents.com\/#\/schema\/logo\/image\/","url":"https:\/\/sales-ai-agents.com\/wp-content\/uploads\/2023\/11\/icon-7.svg","contentUrl":"https:\/\/sales-ai-agents.com\/wp-content\/uploads\/2023\/11\/icon-7.svg","width":128,"height":128,"caption":"FuseBase"},"image":{"@id":"https:\/\/sales-ai-agents.com\/#\/schema\/logo\/image\/"}}]}},"_links":{"self":[{"href":"https:\/\/sales-ai-agents.com\/tr\/wp-json\/wp\/v2\/product\/55383","targetHints":{"allow":["GET"]}}],"collection":[{"href":"https:\/\/sales-ai-agents.com\/tr\/wp-json\/wp\/v2\/product"}],"about":[{"href":"https:\/\/sales-ai-agents.com\/tr\/wp-json\/wp\/v2\/types\/product"}],"wp:featuredmedia":[{"embeddable":true,"href":"https:\/\/sales-ai-agents.com\/tr\/wp-json\/wp\/v2\/media\/55384"}],"wp:attachment":[{"href":"https:\/\/sales-ai-agents.com\/tr\/wp-json\/wp\/v2\/media?parent=55383"}],"wp:term":[{"taxonomy":"product_brand","embeddable":true,"href":"https:\/\/sales-ai-agents.com\/tr\/wp-json\/wp\/v2\/product_brand?post=55383"},{"taxonomy":"product_cat","embeddable":true,"href":"https:\/\/sales-ai-agents.com\/tr\/wp-json\/wp\/v2\/product_cat?post=55383"},{"taxonomy":"product_tag","embeddable":true,"href":"https:\/\/sales-ai-agents.com\/tr\/wp-json\/wp\/v2\/product_tag?post=55383"}],"curies":[{"name":"wp","href":"https:\/\/api.w.org\/{rel}","templated":true}]}}