{"id":55386,"date":"2022-09-26T13:36:28","date_gmt":"2022-09-26T13:36:28","guid":{"rendered":"https:\/\/sales-ai-agents.com\/templates\/customer-interview-report\/"},"modified":"2023-12-31T16:34:14","modified_gmt":"2023-12-31T16:34:14","slug":"customer-interview-report","status":"publish","type":"product","link":"https:\/\/sales-ai-agents.com\/tr\/templates\/customer-interview-report\/","title":{"rendered":"M\u00fc\u015fteri G\u00f6r\u00fc\u015fme Raporu"},"content":{"rendered":"<p>&nbsp;<\/p>\n<h2>M\u00fc\u015fteri G\u00f6r\u00fc\u015fme Raporu \u015eablonu<\/h2>\n<p class=\"desc-text\">M\u00fc\u015fterilerle g\u00f6r\u00fc\u015fmek, \u00e7al\u0131\u015fmalar\u0131n\u0131z hakk\u0131nda geri bildirim almak ve t\u00fcketicilerin \u00fcr\u00fcnlerinizle nas\u0131l etkile\u015fime girdi\u011fini g\u00f6rmek i\u00e7in harika bir yol olabilir. T\u00fcketicilerle konu\u015fmak sizi onlar\u0131n sorunlu noktalar\u0131, g\u00fcnl\u00fck kullan\u0131mlar\u0131 ve ihtiya\u00e7lar\u0131 konusunda bilgilendirir. Bu \u015fablon, verilerinizi d\u00fczenlemenize ve m\u00fclakat Soru-Cevaplar\u0131n\u0131z\u0131 kaydetmenize yard\u0131mc\u0131 olur. \u00d6nemli sonu\u00e7lar\u0131 not edin ve bunlar\u0131n \u00e7al\u0131\u015fman\u0131za nas\u0131l dahil edilebilece\u011fini bulun.<\/p>\n<h5>Nas\u0131l kullan\u0131l\u0131r?<\/h5>\n<ul class=\"desc-item_list\">\n<li class=\"desc-item_list__point\">G\u00f6r\u00fc\u015fmeden \u00e7\u0131kard\u0131\u011f\u0131n\u0131z kayda de\u011fer sonu\u00e7lar\u0131 \u00f6zetleyin<\/li>\n<li class=\"desc-item_list__point\">T\u00fcm m\u00fclakat sorular\u0131n\u0131 ve cevaplar\u0131n\u0131 kaydedin<\/li>\n<li class=\"desc-item_list__point\">\u00dcr\u00fcn\u00fcn\u00fcz i\u00e7in farkl\u0131 kullan\u0131m durumlar\u0131n\u0131 kapsay\u0131n<\/li>\n<li class=\"desc-item_list__point\">Sorunlar, f\u0131rsatlar ve sonu\u00e7lar hakk\u0131nda notlar al\u0131n<\/li>\n<\/ul>\n","protected":false},"excerpt":{"rendered":"<p>Bu \u015fablon, verilerinizi d\u00fczenlemenize ve m\u00fclakat Soru-Cevaplar\u0131n\u0131z\u0131 kaydetmenize yard\u0131mc\u0131 olur. \u00d6nemli sonu\u00e7lar\u0131 not edin ve bunlar\u0131 \u00e7al\u0131\u015fman\u0131za dahil edin!<\/p>\n","protected":false},"featured_media":55388,"template":"","meta":{"_acf_changed":false,"inline_featured_image":false},"product_brand":[],"product_cat":[217,250,258,227,228],"product_tag":[],"class_list":{"0":"post-55386","1":"product","2":"type-product","3":"status-publish","4":"has-post-thumbnail","6":"product_cat-entrepreneur","7":"product_cat-marketing","8":"product_cat-marketing-analysis","9":"product_cat-marketing-clients","10":"product_cat-sales-account","11":"collections-client","13":"first","14":"instock","15":"virtual","16":"sold-individually","17":"product-type-simple"},"acf":[],"yoast_head":"<!-- This site is optimized with the Yoast SEO plugin v25.3.1 - https:\/\/yoast.com\/wordpress\/plugins\/seo\/ -->\n<title>T\u00fcketici G\u00f6r\u00fc\u015fme Raporu \u015eablonu - Sales AI Agents<\/title>\n<meta name=\"description\" content=\"Bu \u015fablon, verilerinizi d\u00fczenlemenize ve m\u00fclakat Soru-Cevaplar\u0131n\u0131z\u0131 kaydetmenize yard\u0131mc\u0131 olur. \u00d6nemli sonu\u00e7lar\u0131 not edin ve bunlar\u0131 \u00e7al\u0131\u015fman\u0131za dahil edin!\" \/>\n<meta name=\"robots\" content=\"index, follow, max-snippet:-1, max-image-preview:large, max-video-preview:-1\" \/>\n<link rel=\"canonical\" href=\"https:\/\/sales-ai-agents.com\/tr\/templates\/customer-interview-report\/\" \/>\n<meta property=\"og:locale\" content=\"tr_TR\" \/>\n<meta property=\"og:type\" content=\"article\" \/>\n<meta property=\"og:title\" content=\"T\u00fcketici G\u00f6r\u00fc\u015fme Raporu \u015eablonu - Sales AI Agents\" \/>\n<meta property=\"og:description\" content=\"Bu \u015fablon, verilerinizi d\u00fczenlemenize ve m\u00fclakat Soru-Cevaplar\u0131n\u0131z\u0131 kaydetmenize yard\u0131mc\u0131 olur. \u00d6nemli sonu\u00e7lar\u0131 not edin ve bunlar\u0131 \u00e7al\u0131\u015fman\u0131za dahil edin!\" \/>\n<meta property=\"og:url\" content=\"https:\/\/sales-ai-agents.com\/tr\/templates\/customer-interview-report\/\" \/>\n<meta property=\"og:site_name\" content=\"Sales AI Agents\" \/>\n<meta property=\"article:modified_time\" content=\"2023-12-31T16:34:14+00:00\" \/>\n<meta property=\"og:image\" content=\"https:\/\/sales-ai-agents.com\/wp-content\/uploads\/2022\/09\/Customer-Interview-Report-Template.png\" \/>\n\t<meta property=\"og:image:width\" content=\"1700\" \/>\n\t<meta property=\"og:image:height\" content=\"1100\" \/>\n\t<meta property=\"og:image:type\" content=\"image\/png\" \/>\n<meta name=\"twitter:card\" content=\"summary_large_image\" \/>\n<script type=\"application\/ld+json\" class=\"yoast-schema-graph\">{\"@context\":\"https:\/\/schema.org\",\"@graph\":[{\"@type\":\"WebPage\",\"@id\":\"https:\/\/sales-ai-agents.com\/tr\/templates\/customer-interview-report\/\",\"url\":\"https:\/\/sales-ai-agents.com\/tr\/templates\/customer-interview-report\/\",\"name\":\"T\u00fcketici G\u00f6r\u00fc\u015fme Raporu \u015eablonu - Sales AI Agents\",\"isPartOf\":{\"@id\":\"https:\/\/sales-ai-agents.com\/#website\"},\"primaryImageOfPage\":{\"@id\":\"https:\/\/sales-ai-agents.com\/tr\/templates\/customer-interview-report\/#primaryimage\"},\"image\":{\"@id\":\"https:\/\/sales-ai-agents.com\/tr\/templates\/customer-interview-report\/#primaryimage\"},\"thumbnailUrl\":\"https:\/\/sales-ai-agents.com\/wp-content\/uploads\/2022\/09\/Customer-Interview-Report-Template.png\",\"datePublished\":\"2022-09-26T13:36:28+00:00\",\"dateModified\":\"2023-12-31T16:34:14+00:00\",\"description\":\"Bu \u015fablon, verilerinizi d\u00fczenlemenize ve m\u00fclakat Soru-Cevaplar\u0131n\u0131z\u0131 kaydetmenize yard\u0131mc\u0131 olur. \u00d6nemli sonu\u00e7lar\u0131 not edin ve bunlar\u0131 \u00e7al\u0131\u015fman\u0131za dahil edin!\",\"inLanguage\":\"tr\",\"potentialAction\":[{\"@type\":\"ReadAction\",\"target\":[\"https:\/\/sales-ai-agents.com\/tr\/templates\/customer-interview-report\/\"]}]},{\"@type\":\"ImageObject\",\"inLanguage\":\"tr\",\"@id\":\"https:\/\/sales-ai-agents.com\/tr\/templates\/customer-interview-report\/#primaryimage\",\"url\":\"https:\/\/sales-ai-agents.com\/wp-content\/uploads\/2022\/09\/Customer-Interview-Report-Template.png\",\"contentUrl\":\"https:\/\/sales-ai-agents.com\/wp-content\/uploads\/2022\/09\/Customer-Interview-Report-Template.png\",\"width\":1700,\"height\":1100},{\"@type\":\"WebSite\",\"@id\":\"https:\/\/sales-ai-agents.com\/#website\",\"url\":\"https:\/\/sales-ai-agents.com\/\",\"name\":\"FuseBase\",\"description\":\"Sales AI Agents - Free Online Collaboration Software for Remote Teams. Build your wikis, client portals and more with the Nimbus Platform collaboration tool ? A perfect space for online work\",\"publisher\":{\"@id\":\"https:\/\/sales-ai-agents.com\/#organization\"},\"potentialAction\":[{\"@type\":\"SearchAction\",\"target\":{\"@type\":\"EntryPoint\",\"urlTemplate\":\"https:\/\/sales-ai-agents.com\/?s={search_term_string}\"},\"query-input\":{\"@type\":\"PropertyValueSpecification\",\"valueRequired\":true,\"valueName\":\"search_term_string\"}}],\"inLanguage\":\"tr\"},{\"@type\":\"Organization\",\"@id\":\"https:\/\/sales-ai-agents.com\/#organization\",\"name\":\"FuseBase\",\"url\":\"https:\/\/sales-ai-agents.com\/\",\"logo\":{\"@type\":\"ImageObject\",\"inLanguage\":\"tr\",\"@id\":\"https:\/\/sales-ai-agents.com\/#\/schema\/logo\/image\/\",\"url\":\"https:\/\/sales-ai-agents.com\/wp-content\/uploads\/2023\/11\/icon-7.svg\",\"contentUrl\":\"https:\/\/sales-ai-agents.com\/wp-content\/uploads\/2023\/11\/icon-7.svg\",\"width\":128,\"height\":128,\"caption\":\"FuseBase\"},\"image\":{\"@id\":\"https:\/\/sales-ai-agents.com\/#\/schema\/logo\/image\/\"}}]}<\/script>\n<!-- \/ Yoast SEO plugin. -->","yoast_head_json":{"title":"T\u00fcketici G\u00f6r\u00fc\u015fme Raporu \u015eablonu - Sales AI Agents","description":"Bu \u015fablon, verilerinizi d\u00fczenlemenize ve m\u00fclakat Soru-Cevaplar\u0131n\u0131z\u0131 kaydetmenize yard\u0131mc\u0131 olur. \u00d6nemli sonu\u00e7lar\u0131 not edin ve bunlar\u0131 \u00e7al\u0131\u015fman\u0131za dahil edin!","robots":{"index":"index","follow":"follow","max-snippet":"max-snippet:-1","max-image-preview":"max-image-preview:large","max-video-preview":"max-video-preview:-1"},"canonical":"https:\/\/sales-ai-agents.com\/tr\/templates\/customer-interview-report\/","og_locale":"tr_TR","og_type":"article","og_title":"T\u00fcketici G\u00f6r\u00fc\u015fme Raporu \u015eablonu - Sales AI Agents","og_description":"Bu \u015fablon, verilerinizi d\u00fczenlemenize ve m\u00fclakat Soru-Cevaplar\u0131n\u0131z\u0131 kaydetmenize yard\u0131mc\u0131 olur. \u00d6nemli sonu\u00e7lar\u0131 not edin ve bunlar\u0131 \u00e7al\u0131\u015fman\u0131za dahil edin!","og_url":"https:\/\/sales-ai-agents.com\/tr\/templates\/customer-interview-report\/","og_site_name":"Sales AI Agents","article_modified_time":"2023-12-31T16:34:14+00:00","og_image":[{"width":1700,"height":1100,"url":"https:\/\/sales-ai-agents.com\/wp-content\/uploads\/2022\/09\/Customer-Interview-Report-Template.png","type":"image\/png"}],"twitter_card":"summary_large_image","schema":{"@context":"https:\/\/schema.org","@graph":[{"@type":"WebPage","@id":"https:\/\/sales-ai-agents.com\/tr\/templates\/customer-interview-report\/","url":"https:\/\/sales-ai-agents.com\/tr\/templates\/customer-interview-report\/","name":"T\u00fcketici G\u00f6r\u00fc\u015fme Raporu \u015eablonu - Sales AI Agents","isPartOf":{"@id":"https:\/\/sales-ai-agents.com\/#website"},"primaryImageOfPage":{"@id":"https:\/\/sales-ai-agents.com\/tr\/templates\/customer-interview-report\/#primaryimage"},"image":{"@id":"https:\/\/sales-ai-agents.com\/tr\/templates\/customer-interview-report\/#primaryimage"},"thumbnailUrl":"https:\/\/sales-ai-agents.com\/wp-content\/uploads\/2022\/09\/Customer-Interview-Report-Template.png","datePublished":"2022-09-26T13:36:28+00:00","dateModified":"2023-12-31T16:34:14+00:00","description":"Bu \u015fablon, verilerinizi d\u00fczenlemenize ve m\u00fclakat Soru-Cevaplar\u0131n\u0131z\u0131 kaydetmenize yard\u0131mc\u0131 olur. \u00d6nemli sonu\u00e7lar\u0131 not edin ve bunlar\u0131 \u00e7al\u0131\u015fman\u0131za dahil edin!","inLanguage":"tr","potentialAction":[{"@type":"ReadAction","target":["https:\/\/sales-ai-agents.com\/tr\/templates\/customer-interview-report\/"]}]},{"@type":"ImageObject","inLanguage":"tr","@id":"https:\/\/sales-ai-agents.com\/tr\/templates\/customer-interview-report\/#primaryimage","url":"https:\/\/sales-ai-agents.com\/wp-content\/uploads\/2022\/09\/Customer-Interview-Report-Template.png","contentUrl":"https:\/\/sales-ai-agents.com\/wp-content\/uploads\/2022\/09\/Customer-Interview-Report-Template.png","width":1700,"height":1100},{"@type":"WebSite","@id":"https:\/\/sales-ai-agents.com\/#website","url":"https:\/\/sales-ai-agents.com\/","name":"FuseBase","description":"Sales AI Agents - Free Online Collaboration Software for Remote Teams. Build your wikis, client portals and more with the Nimbus Platform collaboration tool ? A perfect space for online work","publisher":{"@id":"https:\/\/sales-ai-agents.com\/#organization"},"potentialAction":[{"@type":"SearchAction","target":{"@type":"EntryPoint","urlTemplate":"https:\/\/sales-ai-agents.com\/?s={search_term_string}"},"query-input":{"@type":"PropertyValueSpecification","valueRequired":true,"valueName":"search_term_string"}}],"inLanguage":"tr"},{"@type":"Organization","@id":"https:\/\/sales-ai-agents.com\/#organization","name":"FuseBase","url":"https:\/\/sales-ai-agents.com\/","logo":{"@type":"ImageObject","inLanguage":"tr","@id":"https:\/\/sales-ai-agents.com\/#\/schema\/logo\/image\/","url":"https:\/\/sales-ai-agents.com\/wp-content\/uploads\/2023\/11\/icon-7.svg","contentUrl":"https:\/\/sales-ai-agents.com\/wp-content\/uploads\/2023\/11\/icon-7.svg","width":128,"height":128,"caption":"FuseBase"},"image":{"@id":"https:\/\/sales-ai-agents.com\/#\/schema\/logo\/image\/"}}]}},"_links":{"self":[{"href":"https:\/\/sales-ai-agents.com\/tr\/wp-json\/wp\/v2\/product\/55386","targetHints":{"allow":["GET"]}}],"collection":[{"href":"https:\/\/sales-ai-agents.com\/tr\/wp-json\/wp\/v2\/product"}],"about":[{"href":"https:\/\/sales-ai-agents.com\/tr\/wp-json\/wp\/v2\/types\/product"}],"wp:featuredmedia":[{"embeddable":true,"href":"https:\/\/sales-ai-agents.com\/tr\/wp-json\/wp\/v2\/media\/55388"}],"wp:attachment":[{"href":"https:\/\/sales-ai-agents.com\/tr\/wp-json\/wp\/v2\/media?parent=55386"}],"wp:term":[{"taxonomy":"product_brand","embeddable":true,"href":"https:\/\/sales-ai-agents.com\/tr\/wp-json\/wp\/v2\/product_brand?post=55386"},{"taxonomy":"product_cat","embeddable":true,"href":"https:\/\/sales-ai-agents.com\/tr\/wp-json\/wp\/v2\/product_cat?post=55386"},{"taxonomy":"product_tag","embeddable":true,"href":"https:\/\/sales-ai-agents.com\/tr\/wp-json\/wp\/v2\/product_tag?post=55386"}],"curies":[{"name":"wp","href":"https:\/\/api.w.org\/{rel}","templated":true}]}}