{"id":55468,"date":"2022-09-26T13:36:25","date_gmt":"2022-09-26T13:36:25","guid":{"rendered":"https:\/\/sales-ai-agents.com\/templates\/intermittent-fasting-tracker\/"},"modified":"2024-01-02T11:12:50","modified_gmt":"2024-01-02T11:12:50","slug":"intermittent-fasting-tracker","status":"publish","type":"product","link":"https:\/\/sales-ai-agents.com\/tr\/templates\/intermittent-fasting-tracker\/","title":{"rendered":"Aral\u0131kl\u0131 Oru\u00e7 Takibi"},"content":{"rendered":"<p>&nbsp;<\/p>\n<h2>Aral\u0131kl\u0131 Oru\u00e7 Takip \u015eablonu<\/h2>\n<p class=\"desc-text\">Intermittent fasting tracker kullanarak kilo verin ve daha sa\u011fl\u0131kl\u0131 olun. Ne yedi\u011finizden ziyade ne zaman yedi\u011finize odaklanan \u00f6zel bir yeme d\u00fczenidir. Kilo verme amac\u0131yla farkl\u0131 a\u00e7l\u0131k aral\u0131klar\u0131 (yemek yemedi\u011finiz zamanlar) ve beslenme aral\u0131klar\u0131 vard\u0131r.<\/p>\n<h5>Nas\u0131l kullan\u0131l\u0131r?<\/h5>\n<ul class=\"desc-item_list\">\n<li class=\"desc-item_list__point\">A\u00e7l\u0131k aral\u0131\u011f\u0131n\u0131 se\u00e7in (6-18 saat aras\u0131nda herhangi bir yerde)<\/li>\n<li class=\"desc-item_list__point\">Renkli kalemler yard\u0131m\u0131yla her g\u00fcn i\u00e7in yemek ve oru\u00e7 saatlerini i\u015faretleyerek haftan\u0131z\u0131 planlay\u0131n<\/li>\n<li class=\"desc-item_list__point\">\u0130lerlemenizi takip edin<\/li>\n<\/ul>\n","protected":false},"excerpt":{"rendered":"<p>\u00dccretsiz Intermittent fasting tracker&#8217;\u0131 kullanarak kilo verin ve daha sa\u011fl\u0131kl\u0131 olun. Ne yedi\u011finizden ziyade ne zaman yedi\u011finize odaklanan \u00f6zel bir yeme d\u00fczenidir.<\/p>\n","protected":false},"featured_media":55469,"template":"","meta":{"_acf_changed":false,"inline_featured_image":false},"product_brand":[],"product_cat":[257,259,256],"product_tag":[],"class_list":{"0":"post-55468","1":"product","2":"type-product","3":"status-publish","4":"has-post-thumbnail","6":"product_cat-personal","7":"product_cat-personal-health","8":"product_cat-organizers-planners","10":"first","11":"instock","12":"virtual","13":"sold-individually","14":"product-type-simple"},"acf":[],"yoast_head":"<!-- This site is optimized with the Yoast SEO plugin v25.3.1 - https:\/\/yoast.com\/wordpress\/plugins\/seo\/ -->\n<title>Aral\u0131kl\u0131 Oru\u00e7 Takip \u015eablonu - Sales AI Agents<\/title>\n<meta name=\"description\" content=\"\u00dccretsiz Intermittent fasting tracker&#039;\u0131 kullanarak kilo verin ve daha sa\u011fl\u0131kl\u0131 olun. Bu \u015fablonu kilo vermek i\u00e7in kullan\u0131n!\" \/>\n<meta name=\"robots\" content=\"index, follow, max-snippet:-1, max-image-preview:large, max-video-preview:-1\" \/>\n<link rel=\"canonical\" href=\"https:\/\/sales-ai-agents.com\/tr\/templates\/intermittent-fasting-tracker\/\" \/>\n<meta property=\"og:locale\" content=\"tr_TR\" \/>\n<meta property=\"og:type\" content=\"article\" \/>\n<meta property=\"og:title\" content=\"Aral\u0131kl\u0131 Oru\u00e7 Takip \u015eablonu - Sales AI Agents\" \/>\n<meta property=\"og:description\" content=\"\u00dccretsiz Intermittent fasting tracker&#039;\u0131 kullanarak kilo verin ve daha sa\u011fl\u0131kl\u0131 olun. Bu \u015fablonu kilo vermek i\u00e7in kullan\u0131n!\" \/>\n<meta property=\"og:url\" content=\"https:\/\/sales-ai-agents.com\/tr\/templates\/intermittent-fasting-tracker\/\" \/>\n<meta property=\"og:site_name\" content=\"Sales AI Agents\" \/>\n<meta property=\"article:modified_time\" content=\"2024-01-02T11:12:50+00:00\" \/>\n<meta property=\"og:image\" content=\"https:\/\/sales-ai-agents.com\/wp-content\/uploads\/2023\/01\/image-preview122838.png\" \/>\n\t<meta property=\"og:image:width\" content=\"1078\" \/>\n\t<meta property=\"og:image:height\" content=\"853\" \/>\n\t<meta property=\"og:image:type\" content=\"image\/png\" \/>\n<meta name=\"twitter:card\" content=\"summary_large_image\" \/>\n<script type=\"application\/ld+json\" class=\"yoast-schema-graph\">{\"@context\":\"https:\/\/schema.org\",\"@graph\":[{\"@type\":\"WebPage\",\"@id\":\"https:\/\/sales-ai-agents.com\/tr\/templates\/intermittent-fasting-tracker\/\",\"url\":\"https:\/\/sales-ai-agents.com\/tr\/templates\/intermittent-fasting-tracker\/\",\"name\":\"Aral\u0131kl\u0131 Oru\u00e7 Takip \u015eablonu - Sales AI Agents\",\"isPartOf\":{\"@id\":\"https:\/\/sales-ai-agents.com\/#website\"},\"primaryImageOfPage\":{\"@id\":\"https:\/\/sales-ai-agents.com\/tr\/templates\/intermittent-fasting-tracker\/#primaryimage\"},\"image\":{\"@id\":\"https:\/\/sales-ai-agents.com\/tr\/templates\/intermittent-fasting-tracker\/#primaryimage\"},\"thumbnailUrl\":\"https:\/\/sales-ai-agents.com\/wp-content\/uploads\/2023\/01\/image-preview122838.png\",\"datePublished\":\"2022-09-26T13:36:25+00:00\",\"dateModified\":\"2024-01-02T11:12:50+00:00\",\"description\":\"\u00dccretsiz Intermittent fasting tracker'\u0131 kullanarak kilo verin ve daha sa\u011fl\u0131kl\u0131 olun. Bu \u015fablonu kilo vermek i\u00e7in kullan\u0131n!\",\"inLanguage\":\"tr\",\"potentialAction\":[{\"@type\":\"ReadAction\",\"target\":[\"https:\/\/sales-ai-agents.com\/tr\/templates\/intermittent-fasting-tracker\/\"]}]},{\"@type\":\"ImageObject\",\"inLanguage\":\"tr\",\"@id\":\"https:\/\/sales-ai-agents.com\/tr\/templates\/intermittent-fasting-tracker\/#primaryimage\",\"url\":\"https:\/\/sales-ai-agents.com\/wp-content\/uploads\/2023\/01\/image-preview122838.png\",\"contentUrl\":\"https:\/\/sales-ai-agents.com\/wp-content\/uploads\/2023\/01\/image-preview122838.png\",\"width\":1078,\"height\":853},{\"@type\":\"WebSite\",\"@id\":\"https:\/\/sales-ai-agents.com\/#website\",\"url\":\"https:\/\/sales-ai-agents.com\/\",\"name\":\"FuseBase\",\"description\":\"Sales AI Agents - Free Online Collaboration Software for Remote Teams. Build your wikis, client portals and more with the Nimbus Platform collaboration tool ? A perfect space for online work\",\"publisher\":{\"@id\":\"https:\/\/sales-ai-agents.com\/#organization\"},\"potentialAction\":[{\"@type\":\"SearchAction\",\"target\":{\"@type\":\"EntryPoint\",\"urlTemplate\":\"https:\/\/sales-ai-agents.com\/?s={search_term_string}\"},\"query-input\":{\"@type\":\"PropertyValueSpecification\",\"valueRequired\":true,\"valueName\":\"search_term_string\"}}],\"inLanguage\":\"tr\"},{\"@type\":\"Organization\",\"@id\":\"https:\/\/sales-ai-agents.com\/#organization\",\"name\":\"FuseBase\",\"url\":\"https:\/\/sales-ai-agents.com\/\",\"logo\":{\"@type\":\"ImageObject\",\"inLanguage\":\"tr\",\"@id\":\"https:\/\/sales-ai-agents.com\/#\/schema\/logo\/image\/\",\"url\":\"https:\/\/sales-ai-agents.com\/wp-content\/uploads\/2023\/11\/icon-7.svg\",\"contentUrl\":\"https:\/\/sales-ai-agents.com\/wp-content\/uploads\/2023\/11\/icon-7.svg\",\"width\":128,\"height\":128,\"caption\":\"FuseBase\"},\"image\":{\"@id\":\"https:\/\/sales-ai-agents.com\/#\/schema\/logo\/image\/\"}}]}<\/script>\n<!-- \/ Yoast SEO plugin. -->","yoast_head_json":{"title":"Aral\u0131kl\u0131 Oru\u00e7 Takip \u015eablonu - Sales AI Agents","description":"\u00dccretsiz Intermittent fasting tracker'\u0131 kullanarak kilo verin ve daha sa\u011fl\u0131kl\u0131 olun. Bu \u015fablonu kilo vermek i\u00e7in kullan\u0131n!","robots":{"index":"index","follow":"follow","max-snippet":"max-snippet:-1","max-image-preview":"max-image-preview:large","max-video-preview":"max-video-preview:-1"},"canonical":"https:\/\/sales-ai-agents.com\/tr\/templates\/intermittent-fasting-tracker\/","og_locale":"tr_TR","og_type":"article","og_title":"Aral\u0131kl\u0131 Oru\u00e7 Takip \u015eablonu - Sales AI Agents","og_description":"\u00dccretsiz Intermittent fasting tracker'\u0131 kullanarak kilo verin ve daha sa\u011fl\u0131kl\u0131 olun. Bu \u015fablonu kilo vermek i\u00e7in kullan\u0131n!","og_url":"https:\/\/sales-ai-agents.com\/tr\/templates\/intermittent-fasting-tracker\/","og_site_name":"Sales AI Agents","article_modified_time":"2024-01-02T11:12:50+00:00","og_image":[{"width":1078,"height":853,"url":"https:\/\/sales-ai-agents.com\/wp-content\/uploads\/2023\/01\/image-preview122838.png","type":"image\/png"}],"twitter_card":"summary_large_image","schema":{"@context":"https:\/\/schema.org","@graph":[{"@type":"WebPage","@id":"https:\/\/sales-ai-agents.com\/tr\/templates\/intermittent-fasting-tracker\/","url":"https:\/\/sales-ai-agents.com\/tr\/templates\/intermittent-fasting-tracker\/","name":"Aral\u0131kl\u0131 Oru\u00e7 Takip \u015eablonu - Sales AI Agents","isPartOf":{"@id":"https:\/\/sales-ai-agents.com\/#website"},"primaryImageOfPage":{"@id":"https:\/\/sales-ai-agents.com\/tr\/templates\/intermittent-fasting-tracker\/#primaryimage"},"image":{"@id":"https:\/\/sales-ai-agents.com\/tr\/templates\/intermittent-fasting-tracker\/#primaryimage"},"thumbnailUrl":"https:\/\/sales-ai-agents.com\/wp-content\/uploads\/2023\/01\/image-preview122838.png","datePublished":"2022-09-26T13:36:25+00:00","dateModified":"2024-01-02T11:12:50+00:00","description":"\u00dccretsiz Intermittent fasting tracker'\u0131 kullanarak kilo verin ve daha sa\u011fl\u0131kl\u0131 olun. Bu \u015fablonu kilo vermek i\u00e7in kullan\u0131n!","inLanguage":"tr","potentialAction":[{"@type":"ReadAction","target":["https:\/\/sales-ai-agents.com\/tr\/templates\/intermittent-fasting-tracker\/"]}]},{"@type":"ImageObject","inLanguage":"tr","@id":"https:\/\/sales-ai-agents.com\/tr\/templates\/intermittent-fasting-tracker\/#primaryimage","url":"https:\/\/sales-ai-agents.com\/wp-content\/uploads\/2023\/01\/image-preview122838.png","contentUrl":"https:\/\/sales-ai-agents.com\/wp-content\/uploads\/2023\/01\/image-preview122838.png","width":1078,"height":853},{"@type":"WebSite","@id":"https:\/\/sales-ai-agents.com\/#website","url":"https:\/\/sales-ai-agents.com\/","name":"FuseBase","description":"Sales AI Agents - Free Online Collaboration Software for Remote Teams. Build your wikis, client portals and more with the Nimbus Platform collaboration tool ? A perfect space for online work","publisher":{"@id":"https:\/\/sales-ai-agents.com\/#organization"},"potentialAction":[{"@type":"SearchAction","target":{"@type":"EntryPoint","urlTemplate":"https:\/\/sales-ai-agents.com\/?s={search_term_string}"},"query-input":{"@type":"PropertyValueSpecification","valueRequired":true,"valueName":"search_term_string"}}],"inLanguage":"tr"},{"@type":"Organization","@id":"https:\/\/sales-ai-agents.com\/#organization","name":"FuseBase","url":"https:\/\/sales-ai-agents.com\/","logo":{"@type":"ImageObject","inLanguage":"tr","@id":"https:\/\/sales-ai-agents.com\/#\/schema\/logo\/image\/","url":"https:\/\/sales-ai-agents.com\/wp-content\/uploads\/2023\/11\/icon-7.svg","contentUrl":"https:\/\/sales-ai-agents.com\/wp-content\/uploads\/2023\/11\/icon-7.svg","width":128,"height":128,"caption":"FuseBase"},"image":{"@id":"https:\/\/sales-ai-agents.com\/#\/schema\/logo\/image\/"}}]}},"_links":{"self":[{"href":"https:\/\/sales-ai-agents.com\/tr\/wp-json\/wp\/v2\/product\/55468","targetHints":{"allow":["GET"]}}],"collection":[{"href":"https:\/\/sales-ai-agents.com\/tr\/wp-json\/wp\/v2\/product"}],"about":[{"href":"https:\/\/sales-ai-agents.com\/tr\/wp-json\/wp\/v2\/types\/product"}],"wp:featuredmedia":[{"embeddable":true,"href":"https:\/\/sales-ai-agents.com\/tr\/wp-json\/wp\/v2\/media\/55469"}],"wp:attachment":[{"href":"https:\/\/sales-ai-agents.com\/tr\/wp-json\/wp\/v2\/media?parent=55468"}],"wp:term":[{"taxonomy":"product_brand","embeddable":true,"href":"https:\/\/sales-ai-agents.com\/tr\/wp-json\/wp\/v2\/product_brand?post=55468"},{"taxonomy":"product_cat","embeddable":true,"href":"https:\/\/sales-ai-agents.com\/tr\/wp-json\/wp\/v2\/product_cat?post=55468"},{"taxonomy":"product_tag","embeddable":true,"href":"https:\/\/sales-ai-agents.com\/tr\/wp-json\/wp\/v2\/product_tag?post=55468"}],"curies":[{"name":"wp","href":"https:\/\/api.w.org\/{rel}","templated":true}]}}