{"id":55472,"date":"2022-09-26T13:36:22","date_gmt":"2022-09-26T13:36:22","guid":{"rendered":"https:\/\/sales-ai-agents.com\/templates\/culture-and-values\/"},"modified":"2024-01-02T13:37:07","modified_gmt":"2024-01-02T13:37:07","slug":"culture-and-values","status":"publish","type":"product","link":"https:\/\/sales-ai-agents.com\/tr\/templates\/culture-and-values\/","title":{"rendered":"K\u00fclt\u00fcr ve De\u011ferler"},"content":{"rendered":"<p>&nbsp;<\/p>\n<h2>K\u00fclt\u00fcr ve De\u011ferler \u015eablonu<\/h2>\n<p class=\"desc-text\">Her kurulu\u015fun, liderli\u011fe ve kararlara rehberlik eden ve yetenekleri elde tutmaya yard\u0131mc\u0131 olan benzersiz bir k\u00fclt\u00fcr\u00fc ve de\u011ferleri vard\u0131r. Kurulu\u015funuz i\u00e7in do\u011fru temelleri olu\u015fturmaya ba\u015flamak i\u00e7in k\u00fclt\u00fcr ve de\u011ferler \u015fablonumuza g\u00f6z at\u0131n. Markan\u0131z\u0131n ne hakk\u0131nda oldu\u011funu belirlemek i\u00e7in payda\u015flarla i\u015fbirli\u011fi yap\u0131n. \u015eirketinizin \u00f6ne \u00e7\u0131kmas\u0131na yard\u0131mc\u0131 olacak planlar\u0131 olu\u015fturun. Herkesin haberdar olmas\u0131 i\u00e7in ekibinize eri\u015fim izni verin.<\/p>\n<h5>Nas\u0131l kullan\u0131l\u0131r?<\/h5>\n<ul class=\"desc-item_list\">\n<li class=\"desc-item_list__point\">El kitaplar\u0131n\u0131 ve k\u00fclt\u00fcr destelerini y\u00fckleyin<\/li>\n<li class=\"desc-item_list__point\">Payda\u015flarla beyin f\u0131rt\u0131nas\u0131<\/li>\n<li class=\"desc-item_list__point\">Temel i\u015fyeri de\u011ferlerini listeleyin<\/li>\n<li class=\"desc-item_list__point\">\u015eirketiniz hakk\u0131nda \u00f6nemli sorular\u0131 yan\u0131tlay\u0131n<\/li>\n<li class=\"desc-item_list__point\">T\u00fcm kurulu\u015funuzla payla\u015f\u0131n<\/li>\n<\/ul>\n","protected":false},"excerpt":{"rendered":"<p>Her kurulu\u015fun kendine \u00f6zg\u00fc bir k\u00fclt\u00fcr\u00fc ve kararlara rehberlik eden de\u011ferleri vard\u0131r. \u015eirketinizin temellerini olu\u015fturmak i\u00e7in \u015fablonumuza g\u00f6z at\u0131n!<\/p>\n","protected":false},"featured_media":55473,"template":"","meta":{"_acf_changed":false,"inline_featured_image":false},"product_brand":[],"product_cat":[217,218],"product_tag":[],"class_list":{"0":"post-55472","1":"product","2":"type-product","3":"status-publish","4":"has-post-thumbnail","6":"product_cat-entrepreneur","7":"product_cat-operations","9":"first","10":"instock","11":"virtual","12":"sold-individually","13":"product-type-simple"},"acf":[],"yoast_head":"<!-- This site is optimized with the Yoast SEO plugin v25.3.1 - https:\/\/yoast.com\/wordpress\/plugins\/seo\/ -->\n<title>K\u00fclt\u00fcr ve De\u011ferler \u015eablonu - Sales AI Agents<\/title>\n<meta name=\"description\" content=\"Her kurulu\u015fun kendine \u00f6zg\u00fc bir k\u00fclt\u00fcr\u00fc ve kararlara rehberlik eden de\u011ferleri vard\u0131r. Nimbus ile kurumunuz i\u00e7in temeller olu\u015fturun!\" \/>\n<meta name=\"robots\" content=\"index, follow, max-snippet:-1, max-image-preview:large, max-video-preview:-1\" \/>\n<link rel=\"canonical\" href=\"https:\/\/sales-ai-agents.com\/tr\/templates\/culture-and-values\/\" \/>\n<meta property=\"og:locale\" content=\"tr_TR\" \/>\n<meta property=\"og:type\" content=\"article\" \/>\n<meta property=\"og:title\" content=\"K\u00fclt\u00fcr ve De\u011ferler \u015eablonu - Sales AI Agents\" \/>\n<meta property=\"og:description\" content=\"Her kurulu\u015fun kendine \u00f6zg\u00fc bir k\u00fclt\u00fcr\u00fc ve kararlara rehberlik eden de\u011ferleri vard\u0131r. Nimbus ile kurumunuz i\u00e7in temeller olu\u015fturun!\" \/>\n<meta property=\"og:url\" content=\"https:\/\/sales-ai-agents.com\/tr\/templates\/culture-and-values\/\" \/>\n<meta property=\"og:site_name\" content=\"Sales AI Agents\" \/>\n<meta property=\"article:modified_time\" content=\"2024-01-02T13:37:07+00:00\" \/>\n<meta property=\"og:image\" content=\"https:\/\/sales-ai-agents.com\/wp-content\/uploads\/2022\/09\/Culture-and-Values-Template.png\" \/>\n\t<meta property=\"og:image:width\" content=\"1700\" \/>\n\t<meta property=\"og:image:height\" content=\"1100\" \/>\n\t<meta property=\"og:image:type\" content=\"image\/png\" \/>\n<meta name=\"twitter:card\" content=\"summary_large_image\" \/>\n<script type=\"application\/ld+json\" class=\"yoast-schema-graph\">{\"@context\":\"https:\/\/schema.org\",\"@graph\":[{\"@type\":\"WebPage\",\"@id\":\"https:\/\/sales-ai-agents.com\/tr\/templates\/culture-and-values\/\",\"url\":\"https:\/\/sales-ai-agents.com\/tr\/templates\/culture-and-values\/\",\"name\":\"K\u00fclt\u00fcr ve De\u011ferler \u015eablonu - Sales AI Agents\",\"isPartOf\":{\"@id\":\"https:\/\/sales-ai-agents.com\/#website\"},\"primaryImageOfPage\":{\"@id\":\"https:\/\/sales-ai-agents.com\/tr\/templates\/culture-and-values\/#primaryimage\"},\"image\":{\"@id\":\"https:\/\/sales-ai-agents.com\/tr\/templates\/culture-and-values\/#primaryimage\"},\"thumbnailUrl\":\"https:\/\/sales-ai-agents.com\/wp-content\/uploads\/2022\/09\/Culture-and-Values-Template.png\",\"datePublished\":\"2022-09-26T13:36:22+00:00\",\"dateModified\":\"2024-01-02T13:37:07+00:00\",\"description\":\"Her kurulu\u015fun kendine \u00f6zg\u00fc bir k\u00fclt\u00fcr\u00fc ve kararlara rehberlik eden de\u011ferleri vard\u0131r. Nimbus ile kurumunuz i\u00e7in temeller olu\u015fturun!\",\"inLanguage\":\"tr\",\"potentialAction\":[{\"@type\":\"ReadAction\",\"target\":[\"https:\/\/sales-ai-agents.com\/tr\/templates\/culture-and-values\/\"]}]},{\"@type\":\"ImageObject\",\"inLanguage\":\"tr\",\"@id\":\"https:\/\/sales-ai-agents.com\/tr\/templates\/culture-and-values\/#primaryimage\",\"url\":\"https:\/\/sales-ai-agents.com\/wp-content\/uploads\/2022\/09\/Culture-and-Values-Template.png\",\"contentUrl\":\"https:\/\/sales-ai-agents.com\/wp-content\/uploads\/2022\/09\/Culture-and-Values-Template.png\",\"width\":1700,\"height\":1100},{\"@type\":\"WebSite\",\"@id\":\"https:\/\/sales-ai-agents.com\/#website\",\"url\":\"https:\/\/sales-ai-agents.com\/\",\"name\":\"FuseBase\",\"description\":\"Sales AI Agents - Free Online Collaboration Software for Remote Teams. Build your wikis, client portals and more with the Nimbus Platform collaboration tool ? A perfect space for online work\",\"publisher\":{\"@id\":\"https:\/\/sales-ai-agents.com\/#organization\"},\"potentialAction\":[{\"@type\":\"SearchAction\",\"target\":{\"@type\":\"EntryPoint\",\"urlTemplate\":\"https:\/\/sales-ai-agents.com\/?s={search_term_string}\"},\"query-input\":{\"@type\":\"PropertyValueSpecification\",\"valueRequired\":true,\"valueName\":\"search_term_string\"}}],\"inLanguage\":\"tr\"},{\"@type\":\"Organization\",\"@id\":\"https:\/\/sales-ai-agents.com\/#organization\",\"name\":\"FuseBase\",\"url\":\"https:\/\/sales-ai-agents.com\/\",\"logo\":{\"@type\":\"ImageObject\",\"inLanguage\":\"tr\",\"@id\":\"https:\/\/sales-ai-agents.com\/#\/schema\/logo\/image\/\",\"url\":\"https:\/\/sales-ai-agents.com\/wp-content\/uploads\/2023\/11\/icon-7.svg\",\"contentUrl\":\"https:\/\/sales-ai-agents.com\/wp-content\/uploads\/2023\/11\/icon-7.svg\",\"width\":128,\"height\":128,\"caption\":\"FuseBase\"},\"image\":{\"@id\":\"https:\/\/sales-ai-agents.com\/#\/schema\/logo\/image\/\"}}]}<\/script>\n<!-- \/ Yoast SEO plugin. -->","yoast_head_json":{"title":"K\u00fclt\u00fcr ve De\u011ferler \u015eablonu - Sales AI Agents","description":"Her kurulu\u015fun kendine \u00f6zg\u00fc bir k\u00fclt\u00fcr\u00fc ve kararlara rehberlik eden de\u011ferleri vard\u0131r. Nimbus ile kurumunuz i\u00e7in temeller olu\u015fturun!","robots":{"index":"index","follow":"follow","max-snippet":"max-snippet:-1","max-image-preview":"max-image-preview:large","max-video-preview":"max-video-preview:-1"},"canonical":"https:\/\/sales-ai-agents.com\/tr\/templates\/culture-and-values\/","og_locale":"tr_TR","og_type":"article","og_title":"K\u00fclt\u00fcr ve De\u011ferler \u015eablonu - Sales AI Agents","og_description":"Her kurulu\u015fun kendine \u00f6zg\u00fc bir k\u00fclt\u00fcr\u00fc ve kararlara rehberlik eden de\u011ferleri vard\u0131r. Nimbus ile kurumunuz i\u00e7in temeller olu\u015fturun!","og_url":"https:\/\/sales-ai-agents.com\/tr\/templates\/culture-and-values\/","og_site_name":"Sales AI Agents","article_modified_time":"2024-01-02T13:37:07+00:00","og_image":[{"width":1700,"height":1100,"url":"https:\/\/sales-ai-agents.com\/wp-content\/uploads\/2022\/09\/Culture-and-Values-Template.png","type":"image\/png"}],"twitter_card":"summary_large_image","schema":{"@context":"https:\/\/schema.org","@graph":[{"@type":"WebPage","@id":"https:\/\/sales-ai-agents.com\/tr\/templates\/culture-and-values\/","url":"https:\/\/sales-ai-agents.com\/tr\/templates\/culture-and-values\/","name":"K\u00fclt\u00fcr ve De\u011ferler \u015eablonu - Sales AI Agents","isPartOf":{"@id":"https:\/\/sales-ai-agents.com\/#website"},"primaryImageOfPage":{"@id":"https:\/\/sales-ai-agents.com\/tr\/templates\/culture-and-values\/#primaryimage"},"image":{"@id":"https:\/\/sales-ai-agents.com\/tr\/templates\/culture-and-values\/#primaryimage"},"thumbnailUrl":"https:\/\/sales-ai-agents.com\/wp-content\/uploads\/2022\/09\/Culture-and-Values-Template.png","datePublished":"2022-09-26T13:36:22+00:00","dateModified":"2024-01-02T13:37:07+00:00","description":"Her kurulu\u015fun kendine \u00f6zg\u00fc bir k\u00fclt\u00fcr\u00fc ve kararlara rehberlik eden de\u011ferleri vard\u0131r. Nimbus ile kurumunuz i\u00e7in temeller olu\u015fturun!","inLanguage":"tr","potentialAction":[{"@type":"ReadAction","target":["https:\/\/sales-ai-agents.com\/tr\/templates\/culture-and-values\/"]}]},{"@type":"ImageObject","inLanguage":"tr","@id":"https:\/\/sales-ai-agents.com\/tr\/templates\/culture-and-values\/#primaryimage","url":"https:\/\/sales-ai-agents.com\/wp-content\/uploads\/2022\/09\/Culture-and-Values-Template.png","contentUrl":"https:\/\/sales-ai-agents.com\/wp-content\/uploads\/2022\/09\/Culture-and-Values-Template.png","width":1700,"height":1100},{"@type":"WebSite","@id":"https:\/\/sales-ai-agents.com\/#website","url":"https:\/\/sales-ai-agents.com\/","name":"FuseBase","description":"Sales AI Agents - Free Online Collaboration Software for Remote Teams. Build your wikis, client portals and more with the Nimbus Platform collaboration tool ? A perfect space for online work","publisher":{"@id":"https:\/\/sales-ai-agents.com\/#organization"},"potentialAction":[{"@type":"SearchAction","target":{"@type":"EntryPoint","urlTemplate":"https:\/\/sales-ai-agents.com\/?s={search_term_string}"},"query-input":{"@type":"PropertyValueSpecification","valueRequired":true,"valueName":"search_term_string"}}],"inLanguage":"tr"},{"@type":"Organization","@id":"https:\/\/sales-ai-agents.com\/#organization","name":"FuseBase","url":"https:\/\/sales-ai-agents.com\/","logo":{"@type":"ImageObject","inLanguage":"tr","@id":"https:\/\/sales-ai-agents.com\/#\/schema\/logo\/image\/","url":"https:\/\/sales-ai-agents.com\/wp-content\/uploads\/2023\/11\/icon-7.svg","contentUrl":"https:\/\/sales-ai-agents.com\/wp-content\/uploads\/2023\/11\/icon-7.svg","width":128,"height":128,"caption":"FuseBase"},"image":{"@id":"https:\/\/sales-ai-agents.com\/#\/schema\/logo\/image\/"}}]}},"_links":{"self":[{"href":"https:\/\/sales-ai-agents.com\/tr\/wp-json\/wp\/v2\/product\/55472","targetHints":{"allow":["GET"]}}],"collection":[{"href":"https:\/\/sales-ai-agents.com\/tr\/wp-json\/wp\/v2\/product"}],"about":[{"href":"https:\/\/sales-ai-agents.com\/tr\/wp-json\/wp\/v2\/types\/product"}],"wp:featuredmedia":[{"embeddable":true,"href":"https:\/\/sales-ai-agents.com\/tr\/wp-json\/wp\/v2\/media\/55473"}],"wp:attachment":[{"href":"https:\/\/sales-ai-agents.com\/tr\/wp-json\/wp\/v2\/media?parent=55472"}],"wp:term":[{"taxonomy":"product_brand","embeddable":true,"href":"https:\/\/sales-ai-agents.com\/tr\/wp-json\/wp\/v2\/product_brand?post=55472"},{"taxonomy":"product_cat","embeddable":true,"href":"https:\/\/sales-ai-agents.com\/tr\/wp-json\/wp\/v2\/product_cat?post=55472"},{"taxonomy":"product_tag","embeddable":true,"href":"https:\/\/sales-ai-agents.com\/tr\/wp-json\/wp\/v2\/product_tag?post=55472"}],"curies":[{"name":"wp","href":"https:\/\/api.w.org\/{rel}","templated":true}]}}