{"id":55475,"date":"2022-09-26T13:36:17","date_gmt":"2022-09-26T13:36:17","guid":{"rendered":"https:\/\/sales-ai-agents.com\/templates\/client-profile\/"},"modified":"2024-01-02T11:20:50","modified_gmt":"2024-01-02T11:20:50","slug":"client-profile","status":"publish","type":"product","link":"https:\/\/sales-ai-agents.com\/tr\/templates\/client-profile\/","title":{"rendered":"M\u00fc\u015fteri Profili"},"content":{"rendered":"<p>&nbsp;<\/p>\n<h2>M\u00fc\u015fteri Profili \u015eablonu<\/h2>\n<p class=\"desc-text\">Ekipleriniz i\u00e7inde bilgi payla\u015f\u0131m\u0131n\u0131 art\u0131rmak i\u00e7in m\u00fc\u015fteri profillerinizi saklay\u0131n! Bir m\u00fc\u015fteri veya birlikte \u00e7al\u0131\u015ft\u0131\u011f\u0131n\u0131z bir \u015firket hakk\u0131ndaki t\u00fcm \u00f6nemli bilgileri toplay\u0131n. Bu \u015fekilde, m\u00fc\u015fteri i\u00e7in \u015firketin sitesini, sosyal medya hesaplar\u0131n\u0131, tercih etti\u011fi platformlar\u0131, tercihlerini ve proje \u015fartlar\u0131n\u0131 bulabilece\u011finiz bir bilgi taban\u0131na sahip olacaks\u0131n\u0131z.<\/p>\n<h5>Nas\u0131l kullan\u0131l\u0131r?<\/h5>\n<ul class=\"desc-item_list\">\n<li class=\"desc-item_list__point\">M\u00fc\u015fteri \/ \u015eirket ge\u00e7mi\u015fi ile ba\u015flay\u0131n: siteleri, sosyal medya hesaplar\u0131 ve di\u011fer \u00f6nemli ba\u011flant\u0131lar.<\/li>\n<li class=\"desc-item_list__point\">Toplant\u0131 Notlar\u0131n\u0131za bir ba\u011flant\u0131 ekleyin<a class=\"corporate-blue\" href=\"https:\/\/sales-ai-agents.com\/templates\/meeting-wrap-up-for-clients\/\" target=\"_blank\" rel=\"noopener\">(burada \u015fablonu bulabilirsiniz&gt;<\/a>).<\/li>\n<li class=\"desc-item_list__point\">Hedefleri ve dikkat edilmesi gerekenleri ekleyin.<\/li>\n<li class=\"desc-item_list__point\">\u00c7al\u0131\u015fman\u0131z bitti\u011finde, m\u00fc\u015fterinizin geri bildirimini ekleyin.<\/li>\n<\/ul>\n","protected":false},"excerpt":{"rendered":"<p>M\u00fc\u015fteri Profilleri, belirli bir m\u00fc\u015fteri veya proje hakk\u0131ndaki her \u015feyi hat\u0131rlaman\u0131za yard\u0131mc\u0131 olur. Birlikte \u00e7al\u0131\u015ft\u0131\u011f\u0131n\u0131z m\u00fc\u015fteri veya \u015firketle ilgili t\u00fcm \u00f6nemli verileri buraya koyun.<\/p>\n","protected":false},"featured_media":55476,"template":"","meta":{"_acf_changed":false,"inline_featured_image":false},"product_brand":[],"product_cat":[217,250,227,254,228],"product_tag":[],"class_list":{"0":"post-55475","1":"product","2":"type-product","3":"status-publish","4":"has-post-thumbnail","6":"product_cat-entrepreneur","7":"product_cat-marketing","8":"product_cat-marketing-clients","9":"product_cat-sales","10":"product_cat-sales-account","11":"collections-client","13":"first","14":"instock","15":"virtual","16":"sold-individually","17":"product-type-simple"},"acf":[],"yoast_head":"<!-- This site is optimized with the Yoast SEO plugin v25.3.1 - https:\/\/yoast.com\/wordpress\/plugins\/seo\/ -->\n<title>M\u00fc\u015fteri Profili \u015eablonu - Sales AI Agents<\/title>\n<meta name=\"description\" content=\"M\u00fc\u015fteri Profilleri, belirli bir m\u00fc\u015fteri veya proje hakk\u0131ndaki her \u015feyi hat\u0131rlaman\u0131za yard\u0131mc\u0131 olur. Birlikte \u00e7al\u0131\u015ft\u0131\u011f\u0131n\u0131z \u015firketle ilgili t\u00fcm \u00f6nemli verileri buraya koyun\" \/>\n<meta name=\"robots\" content=\"index, follow, max-snippet:-1, max-image-preview:large, max-video-preview:-1\" \/>\n<link rel=\"canonical\" href=\"https:\/\/sales-ai-agents.com\/tr\/templates\/client-profile\/\" \/>\n<meta property=\"og:locale\" content=\"tr_TR\" \/>\n<meta property=\"og:type\" content=\"article\" \/>\n<meta property=\"og:title\" content=\"M\u00fc\u015fteri Profili \u015eablonu - Sales AI Agents\" \/>\n<meta property=\"og:description\" content=\"M\u00fc\u015fteri Profilleri, belirli bir m\u00fc\u015fteri veya proje hakk\u0131ndaki her \u015feyi hat\u0131rlaman\u0131za yard\u0131mc\u0131 olur. Birlikte \u00e7al\u0131\u015ft\u0131\u011f\u0131n\u0131z \u015firketle ilgili t\u00fcm \u00f6nemli verileri buraya koyun\" \/>\n<meta property=\"og:url\" content=\"https:\/\/sales-ai-agents.com\/tr\/templates\/client-profile\/\" \/>\n<meta property=\"og:site_name\" content=\"Sales AI Agents\" \/>\n<meta property=\"article:modified_time\" content=\"2024-01-02T11:20:50+00:00\" \/>\n<meta property=\"og:image\" content=\"https:\/\/sales-ai-agents.com\/wp-content\/uploads\/2022\/09\/Client-Profile-Template.png\" \/>\n\t<meta property=\"og:image:width\" content=\"1700\" \/>\n\t<meta property=\"og:image:height\" content=\"1100\" \/>\n\t<meta property=\"og:image:type\" content=\"image\/png\" \/>\n<meta name=\"twitter:card\" content=\"summary_large_image\" \/>\n<script type=\"application\/ld+json\" class=\"yoast-schema-graph\">{\"@context\":\"https:\/\/schema.org\",\"@graph\":[{\"@type\":\"WebPage\",\"@id\":\"https:\/\/sales-ai-agents.com\/tr\/templates\/client-profile\/\",\"url\":\"https:\/\/sales-ai-agents.com\/tr\/templates\/client-profile\/\",\"name\":\"M\u00fc\u015fteri Profili \u015eablonu - Sales AI Agents\",\"isPartOf\":{\"@id\":\"https:\/\/sales-ai-agents.com\/#website\"},\"primaryImageOfPage\":{\"@id\":\"https:\/\/sales-ai-agents.com\/tr\/templates\/client-profile\/#primaryimage\"},\"image\":{\"@id\":\"https:\/\/sales-ai-agents.com\/tr\/templates\/client-profile\/#primaryimage\"},\"thumbnailUrl\":\"https:\/\/sales-ai-agents.com\/wp-content\/uploads\/2022\/09\/Client-Profile-Template.png\",\"datePublished\":\"2022-09-26T13:36:17+00:00\",\"dateModified\":\"2024-01-02T11:20:50+00:00\",\"description\":\"M\u00fc\u015fteri Profilleri, belirli bir m\u00fc\u015fteri veya proje hakk\u0131ndaki her \u015feyi hat\u0131rlaman\u0131za yard\u0131mc\u0131 olur. Birlikte \u00e7al\u0131\u015ft\u0131\u011f\u0131n\u0131z \u015firketle ilgili t\u00fcm \u00f6nemli verileri buraya koyun\",\"inLanguage\":\"tr\",\"potentialAction\":[{\"@type\":\"ReadAction\",\"target\":[\"https:\/\/sales-ai-agents.com\/tr\/templates\/client-profile\/\"]}]},{\"@type\":\"ImageObject\",\"inLanguage\":\"tr\",\"@id\":\"https:\/\/sales-ai-agents.com\/tr\/templates\/client-profile\/#primaryimage\",\"url\":\"https:\/\/sales-ai-agents.com\/wp-content\/uploads\/2022\/09\/Client-Profile-Template.png\",\"contentUrl\":\"https:\/\/sales-ai-agents.com\/wp-content\/uploads\/2022\/09\/Client-Profile-Template.png\",\"width\":1700,\"height\":1100},{\"@type\":\"WebSite\",\"@id\":\"https:\/\/sales-ai-agents.com\/#website\",\"url\":\"https:\/\/sales-ai-agents.com\/\",\"name\":\"FuseBase\",\"description\":\"Sales AI Agents - Free Online Collaboration Software for Remote Teams. Build your wikis, client portals and more with the Nimbus Platform collaboration tool ? A perfect space for online work\",\"publisher\":{\"@id\":\"https:\/\/sales-ai-agents.com\/#organization\"},\"potentialAction\":[{\"@type\":\"SearchAction\",\"target\":{\"@type\":\"EntryPoint\",\"urlTemplate\":\"https:\/\/sales-ai-agents.com\/?s={search_term_string}\"},\"query-input\":{\"@type\":\"PropertyValueSpecification\",\"valueRequired\":true,\"valueName\":\"search_term_string\"}}],\"inLanguage\":\"tr\"},{\"@type\":\"Organization\",\"@id\":\"https:\/\/sales-ai-agents.com\/#organization\",\"name\":\"FuseBase\",\"url\":\"https:\/\/sales-ai-agents.com\/\",\"logo\":{\"@type\":\"ImageObject\",\"inLanguage\":\"tr\",\"@id\":\"https:\/\/sales-ai-agents.com\/#\/schema\/logo\/image\/\",\"url\":\"https:\/\/sales-ai-agents.com\/wp-content\/uploads\/2023\/11\/icon-7.svg\",\"contentUrl\":\"https:\/\/sales-ai-agents.com\/wp-content\/uploads\/2023\/11\/icon-7.svg\",\"width\":128,\"height\":128,\"caption\":\"FuseBase\"},\"image\":{\"@id\":\"https:\/\/sales-ai-agents.com\/#\/schema\/logo\/image\/\"}}]}<\/script>\n<!-- \/ Yoast SEO plugin. -->","yoast_head_json":{"title":"M\u00fc\u015fteri Profili \u015eablonu - Sales AI Agents","description":"M\u00fc\u015fteri Profilleri, belirli bir m\u00fc\u015fteri veya proje hakk\u0131ndaki her \u015feyi hat\u0131rlaman\u0131za yard\u0131mc\u0131 olur. Birlikte \u00e7al\u0131\u015ft\u0131\u011f\u0131n\u0131z \u015firketle ilgili t\u00fcm \u00f6nemli verileri buraya koyun","robots":{"index":"index","follow":"follow","max-snippet":"max-snippet:-1","max-image-preview":"max-image-preview:large","max-video-preview":"max-video-preview:-1"},"canonical":"https:\/\/sales-ai-agents.com\/tr\/templates\/client-profile\/","og_locale":"tr_TR","og_type":"article","og_title":"M\u00fc\u015fteri Profili \u015eablonu - Sales AI Agents","og_description":"M\u00fc\u015fteri Profilleri, belirli bir m\u00fc\u015fteri veya proje hakk\u0131ndaki her \u015feyi hat\u0131rlaman\u0131za yard\u0131mc\u0131 olur. Birlikte \u00e7al\u0131\u015ft\u0131\u011f\u0131n\u0131z \u015firketle ilgili t\u00fcm \u00f6nemli verileri buraya koyun","og_url":"https:\/\/sales-ai-agents.com\/tr\/templates\/client-profile\/","og_site_name":"Sales AI Agents","article_modified_time":"2024-01-02T11:20:50+00:00","og_image":[{"width":1700,"height":1100,"url":"https:\/\/sales-ai-agents.com\/wp-content\/uploads\/2022\/09\/Client-Profile-Template.png","type":"image\/png"}],"twitter_card":"summary_large_image","schema":{"@context":"https:\/\/schema.org","@graph":[{"@type":"WebPage","@id":"https:\/\/sales-ai-agents.com\/tr\/templates\/client-profile\/","url":"https:\/\/sales-ai-agents.com\/tr\/templates\/client-profile\/","name":"M\u00fc\u015fteri Profili \u015eablonu - Sales AI Agents","isPartOf":{"@id":"https:\/\/sales-ai-agents.com\/#website"},"primaryImageOfPage":{"@id":"https:\/\/sales-ai-agents.com\/tr\/templates\/client-profile\/#primaryimage"},"image":{"@id":"https:\/\/sales-ai-agents.com\/tr\/templates\/client-profile\/#primaryimage"},"thumbnailUrl":"https:\/\/sales-ai-agents.com\/wp-content\/uploads\/2022\/09\/Client-Profile-Template.png","datePublished":"2022-09-26T13:36:17+00:00","dateModified":"2024-01-02T11:20:50+00:00","description":"M\u00fc\u015fteri Profilleri, belirli bir m\u00fc\u015fteri veya proje hakk\u0131ndaki her \u015feyi hat\u0131rlaman\u0131za yard\u0131mc\u0131 olur. Birlikte \u00e7al\u0131\u015ft\u0131\u011f\u0131n\u0131z \u015firketle ilgili t\u00fcm \u00f6nemli verileri buraya koyun","inLanguage":"tr","potentialAction":[{"@type":"ReadAction","target":["https:\/\/sales-ai-agents.com\/tr\/templates\/client-profile\/"]}]},{"@type":"ImageObject","inLanguage":"tr","@id":"https:\/\/sales-ai-agents.com\/tr\/templates\/client-profile\/#primaryimage","url":"https:\/\/sales-ai-agents.com\/wp-content\/uploads\/2022\/09\/Client-Profile-Template.png","contentUrl":"https:\/\/sales-ai-agents.com\/wp-content\/uploads\/2022\/09\/Client-Profile-Template.png","width":1700,"height":1100},{"@type":"WebSite","@id":"https:\/\/sales-ai-agents.com\/#website","url":"https:\/\/sales-ai-agents.com\/","name":"FuseBase","description":"Sales AI Agents - Free Online Collaboration Software for Remote Teams. Build your wikis, client portals and more with the Nimbus Platform collaboration tool ? A perfect space for online work","publisher":{"@id":"https:\/\/sales-ai-agents.com\/#organization"},"potentialAction":[{"@type":"SearchAction","target":{"@type":"EntryPoint","urlTemplate":"https:\/\/sales-ai-agents.com\/?s={search_term_string}"},"query-input":{"@type":"PropertyValueSpecification","valueRequired":true,"valueName":"search_term_string"}}],"inLanguage":"tr"},{"@type":"Organization","@id":"https:\/\/sales-ai-agents.com\/#organization","name":"FuseBase","url":"https:\/\/sales-ai-agents.com\/","logo":{"@type":"ImageObject","inLanguage":"tr","@id":"https:\/\/sales-ai-agents.com\/#\/schema\/logo\/image\/","url":"https:\/\/sales-ai-agents.com\/wp-content\/uploads\/2023\/11\/icon-7.svg","contentUrl":"https:\/\/sales-ai-agents.com\/wp-content\/uploads\/2023\/11\/icon-7.svg","width":128,"height":128,"caption":"FuseBase"},"image":{"@id":"https:\/\/sales-ai-agents.com\/#\/schema\/logo\/image\/"}}]}},"_links":{"self":[{"href":"https:\/\/sales-ai-agents.com\/tr\/wp-json\/wp\/v2\/product\/55475","targetHints":{"allow":["GET"]}}],"collection":[{"href":"https:\/\/sales-ai-agents.com\/tr\/wp-json\/wp\/v2\/product"}],"about":[{"href":"https:\/\/sales-ai-agents.com\/tr\/wp-json\/wp\/v2\/types\/product"}],"wp:featuredmedia":[{"embeddable":true,"href":"https:\/\/sales-ai-agents.com\/tr\/wp-json\/wp\/v2\/media\/55476"}],"wp:attachment":[{"href":"https:\/\/sales-ai-agents.com\/tr\/wp-json\/wp\/v2\/media?parent=55475"}],"wp:term":[{"taxonomy":"product_brand","embeddable":true,"href":"https:\/\/sales-ai-agents.com\/tr\/wp-json\/wp\/v2\/product_brand?post=55475"},{"taxonomy":"product_cat","embeddable":true,"href":"https:\/\/sales-ai-agents.com\/tr\/wp-json\/wp\/v2\/product_cat?post=55475"},{"taxonomy":"product_tag","embeddable":true,"href":"https:\/\/sales-ai-agents.com\/tr\/wp-json\/wp\/v2\/product_tag?post=55475"}],"curies":[{"name":"wp","href":"https:\/\/api.w.org\/{rel}","templated":true}]}}