{"id":55486,"date":"2022-09-26T13:36:06","date_gmt":"2022-09-26T13:36:06","guid":{"rendered":"https:\/\/sales-ai-agents.com\/templates\/decision-log\/"},"modified":"2024-01-02T13:54:56","modified_gmt":"2024-01-02T13:54:56","slug":"decision-log","status":"publish","type":"product","link":"https:\/\/sales-ai-agents.com\/tr\/templates\/decision-log\/","title":{"rendered":"Karar G\u00fcnl\u00fc\u011f\u00fc"},"content":{"rendered":"<p>&nbsp;<\/p>\n<h2>Karar G\u00fcnl\u00fc\u011f\u00fc \u015eablonu<\/h2>\n<p class=\"desc-text\">Karar verme s\u00fcrecinde pek \u00e7ok farkl\u0131 fakt\u00f6r rol oynar. Bu karar g\u00fcnl\u00fc\u011f\u00fc ile \u00f6nemli se\u00e7imleri ve se\u00e7enekleri belgeleyin ve bunlar\u0131 ba\u015fkalar\u0131yla payla\u015f\u0131n. Verilerinizi d\u00fczenleyin ve herkesin ayn\u0131 sayfada olmas\u0131 i\u00e7in ekibinizle ileti\u015fim kurun. Eylem ad\u0131mlar\u0131n\u0131 belirleyin ve sonu\u00e7lar\u0131 birlikte tart\u0131\u015f\u0131n.<\/p>\n<h5>Nas\u0131l kullan\u0131l\u0131r?<\/h5>\n<ul class=\"desc-item_list\">\n<li class=\"desc-item_list__point\">Di\u011fer ekip \u00fcyelerini atay\u0131n ve etiketleyin<\/li>\n<li class=\"desc-item_list__point\">Karar\u0131n\u0131z i\u00e7in arka plan bilgisi sa\u011flay\u0131n<\/li>\n<li class=\"desc-item_list__point\">Potansiyel se\u00e7enekleri tan\u0131mlay\u0131n<\/li>\n<li class=\"desc-item_list__point\">\u0130\u015fleri halletmek i\u00e7in bir yap\u0131lacaklar listesi olu\u015fturun<\/li>\n<li class=\"desc-item_list__point\">Ekip \u00fcyeleriyle bir araya gelin ve sonu\u00e7lar\u0131 tart\u0131\u015f\u0131n<\/li>\n<\/ul>\n","protected":false},"excerpt":{"rendered":"<p>Karar verme s\u00fcrecinde bir\u00e7ok farkl\u0131 fakt\u00f6r rol oynar. Bu \u00fccretsiz \u00f6zelle\u015ftirilebilir karar g\u00fcnl\u00fc\u011f\u00fc ile \u00f6nemli se\u00e7imleri ve se\u00e7enekleri belgeleyin ve bunlar\u0131 ba\u015fkalar\u0131yla payla\u015f\u0131n.<\/p>\n","protected":false},"featured_media":55487,"template":"","meta":{"_acf_changed":false,"inline_featured_image":false},"product_brand":[],"product_cat":[217,262,231],"product_tag":[],"class_list":{"0":"post-55486","1":"product","2":"type-product","3":"status-publish","4":"has-post-thumbnail","6":"product_cat-entrepreneur","7":"product_cat-marketing-strategy","8":"product_cat-project-management","9":"collections-manager","10":"collections-team","12":"first","13":"instock","14":"virtual","15":"sold-individually","16":"product-type-simple"},"acf":[],"yoast_head":"<!-- This site is optimized with the Yoast SEO plugin v25.3.1 - https:\/\/yoast.com\/wordpress\/plugins\/seo\/ -->\n<title>Karar G\u00fcnl\u00fc\u011f\u00fc \u015eablonu - Sales AI Agents<\/title>\n<meta name=\"description\" content=\"Karar verme s\u00fcrecinde pek \u00e7ok farkl\u0131 fakt\u00f6r rol oynar. Bu \u00fccretsiz \u00f6zelle\u015ftirilebilir karar g\u00fcnl\u00fc\u011f\u00fc ile \u00f6nemli se\u00e7imlerinizi ve se\u00e7eneklerinizi belgeleyin ve bunlar\u0131 ba\u015fkalar\u0131yla payla\u015f\u0131n\" \/>\n<meta name=\"robots\" content=\"index, follow, max-snippet:-1, max-image-preview:large, max-video-preview:-1\" \/>\n<link rel=\"canonical\" href=\"https:\/\/sales-ai-agents.com\/tr\/templates\/decision-log\/\" \/>\n<meta property=\"og:locale\" content=\"tr_TR\" \/>\n<meta property=\"og:type\" content=\"article\" \/>\n<meta property=\"og:title\" content=\"Karar G\u00fcnl\u00fc\u011f\u00fc \u015eablonu - Sales AI Agents\" \/>\n<meta property=\"og:description\" content=\"Karar verme s\u00fcrecinde pek \u00e7ok farkl\u0131 fakt\u00f6r rol oynar. Bu \u00fccretsiz \u00f6zelle\u015ftirilebilir karar g\u00fcnl\u00fc\u011f\u00fc ile \u00f6nemli se\u00e7imlerinizi ve se\u00e7eneklerinizi belgeleyin ve bunlar\u0131 ba\u015fkalar\u0131yla payla\u015f\u0131n\" \/>\n<meta property=\"og:url\" content=\"https:\/\/sales-ai-agents.com\/tr\/templates\/decision-log\/\" \/>\n<meta property=\"og:site_name\" content=\"Sales AI Agents\" \/>\n<meta property=\"article:modified_time\" content=\"2024-01-02T13:54:56+00:00\" \/>\n<meta property=\"og:image\" content=\"https:\/\/sales-ai-agents.com\/wp-content\/uploads\/2022\/09\/Decision-Log-Template.png\" \/>\n\t<meta property=\"og:image:width\" content=\"1700\" \/>\n\t<meta property=\"og:image:height\" content=\"1100\" \/>\n\t<meta property=\"og:image:type\" content=\"image\/png\" \/>\n<meta name=\"twitter:card\" content=\"summary_large_image\" \/>\n<script type=\"application\/ld+json\" class=\"yoast-schema-graph\">{\"@context\":\"https:\/\/schema.org\",\"@graph\":[{\"@type\":\"WebPage\",\"@id\":\"https:\/\/sales-ai-agents.com\/tr\/templates\/decision-log\/\",\"url\":\"https:\/\/sales-ai-agents.com\/tr\/templates\/decision-log\/\",\"name\":\"Karar G\u00fcnl\u00fc\u011f\u00fc \u015eablonu - Sales AI Agents\",\"isPartOf\":{\"@id\":\"https:\/\/sales-ai-agents.com\/#website\"},\"primaryImageOfPage\":{\"@id\":\"https:\/\/sales-ai-agents.com\/tr\/templates\/decision-log\/#primaryimage\"},\"image\":{\"@id\":\"https:\/\/sales-ai-agents.com\/tr\/templates\/decision-log\/#primaryimage\"},\"thumbnailUrl\":\"https:\/\/sales-ai-agents.com\/wp-content\/uploads\/2022\/09\/Decision-Log-Template.png\",\"datePublished\":\"2022-09-26T13:36:06+00:00\",\"dateModified\":\"2024-01-02T13:54:56+00:00\",\"description\":\"Karar verme s\u00fcrecinde pek \u00e7ok farkl\u0131 fakt\u00f6r rol oynar. Bu \u00fccretsiz \u00f6zelle\u015ftirilebilir karar g\u00fcnl\u00fc\u011f\u00fc ile \u00f6nemli se\u00e7imlerinizi ve se\u00e7eneklerinizi belgeleyin ve bunlar\u0131 ba\u015fkalar\u0131yla payla\u015f\u0131n\",\"inLanguage\":\"tr\",\"potentialAction\":[{\"@type\":\"ReadAction\",\"target\":[\"https:\/\/sales-ai-agents.com\/tr\/templates\/decision-log\/\"]}]},{\"@type\":\"ImageObject\",\"inLanguage\":\"tr\",\"@id\":\"https:\/\/sales-ai-agents.com\/tr\/templates\/decision-log\/#primaryimage\",\"url\":\"https:\/\/sales-ai-agents.com\/wp-content\/uploads\/2022\/09\/Decision-Log-Template.png\",\"contentUrl\":\"https:\/\/sales-ai-agents.com\/wp-content\/uploads\/2022\/09\/Decision-Log-Template.png\",\"width\":1700,\"height\":1100},{\"@type\":\"WebSite\",\"@id\":\"https:\/\/sales-ai-agents.com\/#website\",\"url\":\"https:\/\/sales-ai-agents.com\/\",\"name\":\"FuseBase\",\"description\":\"Sales AI Agents - Free Online Collaboration Software for Remote Teams. Build your wikis, client portals and more with the Nimbus Platform collaboration tool ? A perfect space for online work\",\"publisher\":{\"@id\":\"https:\/\/sales-ai-agents.com\/#organization\"},\"potentialAction\":[{\"@type\":\"SearchAction\",\"target\":{\"@type\":\"EntryPoint\",\"urlTemplate\":\"https:\/\/sales-ai-agents.com\/?s={search_term_string}\"},\"query-input\":{\"@type\":\"PropertyValueSpecification\",\"valueRequired\":true,\"valueName\":\"search_term_string\"}}],\"inLanguage\":\"tr\"},{\"@type\":\"Organization\",\"@id\":\"https:\/\/sales-ai-agents.com\/#organization\",\"name\":\"FuseBase\",\"url\":\"https:\/\/sales-ai-agents.com\/\",\"logo\":{\"@type\":\"ImageObject\",\"inLanguage\":\"tr\",\"@id\":\"https:\/\/sales-ai-agents.com\/#\/schema\/logo\/image\/\",\"url\":\"https:\/\/sales-ai-agents.com\/wp-content\/uploads\/2023\/11\/icon-7.svg\",\"contentUrl\":\"https:\/\/sales-ai-agents.com\/wp-content\/uploads\/2023\/11\/icon-7.svg\",\"width\":128,\"height\":128,\"caption\":\"FuseBase\"},\"image\":{\"@id\":\"https:\/\/sales-ai-agents.com\/#\/schema\/logo\/image\/\"}}]}<\/script>\n<!-- \/ Yoast SEO plugin. -->","yoast_head_json":{"title":"Karar G\u00fcnl\u00fc\u011f\u00fc \u015eablonu - Sales AI Agents","description":"Karar verme s\u00fcrecinde pek \u00e7ok farkl\u0131 fakt\u00f6r rol oynar. Bu \u00fccretsiz \u00f6zelle\u015ftirilebilir karar g\u00fcnl\u00fc\u011f\u00fc ile \u00f6nemli se\u00e7imlerinizi ve se\u00e7eneklerinizi belgeleyin ve bunlar\u0131 ba\u015fkalar\u0131yla payla\u015f\u0131n","robots":{"index":"index","follow":"follow","max-snippet":"max-snippet:-1","max-image-preview":"max-image-preview:large","max-video-preview":"max-video-preview:-1"},"canonical":"https:\/\/sales-ai-agents.com\/tr\/templates\/decision-log\/","og_locale":"tr_TR","og_type":"article","og_title":"Karar G\u00fcnl\u00fc\u011f\u00fc \u015eablonu - Sales AI Agents","og_description":"Karar verme s\u00fcrecinde pek \u00e7ok farkl\u0131 fakt\u00f6r rol oynar. Bu \u00fccretsiz \u00f6zelle\u015ftirilebilir karar g\u00fcnl\u00fc\u011f\u00fc ile \u00f6nemli se\u00e7imlerinizi ve se\u00e7eneklerinizi belgeleyin ve bunlar\u0131 ba\u015fkalar\u0131yla payla\u015f\u0131n","og_url":"https:\/\/sales-ai-agents.com\/tr\/templates\/decision-log\/","og_site_name":"Sales AI Agents","article_modified_time":"2024-01-02T13:54:56+00:00","og_image":[{"width":1700,"height":1100,"url":"https:\/\/sales-ai-agents.com\/wp-content\/uploads\/2022\/09\/Decision-Log-Template.png","type":"image\/png"}],"twitter_card":"summary_large_image","schema":{"@context":"https:\/\/schema.org","@graph":[{"@type":"WebPage","@id":"https:\/\/sales-ai-agents.com\/tr\/templates\/decision-log\/","url":"https:\/\/sales-ai-agents.com\/tr\/templates\/decision-log\/","name":"Karar G\u00fcnl\u00fc\u011f\u00fc \u015eablonu - Sales AI Agents","isPartOf":{"@id":"https:\/\/sales-ai-agents.com\/#website"},"primaryImageOfPage":{"@id":"https:\/\/sales-ai-agents.com\/tr\/templates\/decision-log\/#primaryimage"},"image":{"@id":"https:\/\/sales-ai-agents.com\/tr\/templates\/decision-log\/#primaryimage"},"thumbnailUrl":"https:\/\/sales-ai-agents.com\/wp-content\/uploads\/2022\/09\/Decision-Log-Template.png","datePublished":"2022-09-26T13:36:06+00:00","dateModified":"2024-01-02T13:54:56+00:00","description":"Karar verme s\u00fcrecinde pek \u00e7ok farkl\u0131 fakt\u00f6r rol oynar. Bu \u00fccretsiz \u00f6zelle\u015ftirilebilir karar g\u00fcnl\u00fc\u011f\u00fc ile \u00f6nemli se\u00e7imlerinizi ve se\u00e7eneklerinizi belgeleyin ve bunlar\u0131 ba\u015fkalar\u0131yla payla\u015f\u0131n","inLanguage":"tr","potentialAction":[{"@type":"ReadAction","target":["https:\/\/sales-ai-agents.com\/tr\/templates\/decision-log\/"]}]},{"@type":"ImageObject","inLanguage":"tr","@id":"https:\/\/sales-ai-agents.com\/tr\/templates\/decision-log\/#primaryimage","url":"https:\/\/sales-ai-agents.com\/wp-content\/uploads\/2022\/09\/Decision-Log-Template.png","contentUrl":"https:\/\/sales-ai-agents.com\/wp-content\/uploads\/2022\/09\/Decision-Log-Template.png","width":1700,"height":1100},{"@type":"WebSite","@id":"https:\/\/sales-ai-agents.com\/#website","url":"https:\/\/sales-ai-agents.com\/","name":"FuseBase","description":"Sales AI Agents - Free Online Collaboration Software for Remote Teams. Build your wikis, client portals and more with the Nimbus Platform collaboration tool ? A perfect space for online work","publisher":{"@id":"https:\/\/sales-ai-agents.com\/#organization"},"potentialAction":[{"@type":"SearchAction","target":{"@type":"EntryPoint","urlTemplate":"https:\/\/sales-ai-agents.com\/?s={search_term_string}"},"query-input":{"@type":"PropertyValueSpecification","valueRequired":true,"valueName":"search_term_string"}}],"inLanguage":"tr"},{"@type":"Organization","@id":"https:\/\/sales-ai-agents.com\/#organization","name":"FuseBase","url":"https:\/\/sales-ai-agents.com\/","logo":{"@type":"ImageObject","inLanguage":"tr","@id":"https:\/\/sales-ai-agents.com\/#\/schema\/logo\/image\/","url":"https:\/\/sales-ai-agents.com\/wp-content\/uploads\/2023\/11\/icon-7.svg","contentUrl":"https:\/\/sales-ai-agents.com\/wp-content\/uploads\/2023\/11\/icon-7.svg","width":128,"height":128,"caption":"FuseBase"},"image":{"@id":"https:\/\/sales-ai-agents.com\/#\/schema\/logo\/image\/"}}]}},"_links":{"self":[{"href":"https:\/\/sales-ai-agents.com\/tr\/wp-json\/wp\/v2\/product\/55486","targetHints":{"allow":["GET"]}}],"collection":[{"href":"https:\/\/sales-ai-agents.com\/tr\/wp-json\/wp\/v2\/product"}],"about":[{"href":"https:\/\/sales-ai-agents.com\/tr\/wp-json\/wp\/v2\/types\/product"}],"wp:featuredmedia":[{"embeddable":true,"href":"https:\/\/sales-ai-agents.com\/tr\/wp-json\/wp\/v2\/media\/55487"}],"wp:attachment":[{"href":"https:\/\/sales-ai-agents.com\/tr\/wp-json\/wp\/v2\/media?parent=55486"}],"wp:term":[{"taxonomy":"product_brand","embeddable":true,"href":"https:\/\/sales-ai-agents.com\/tr\/wp-json\/wp\/v2\/product_brand?post=55486"},{"taxonomy":"product_cat","embeddable":true,"href":"https:\/\/sales-ai-agents.com\/tr\/wp-json\/wp\/v2\/product_cat?post=55486"},{"taxonomy":"product_tag","embeddable":true,"href":"https:\/\/sales-ai-agents.com\/tr\/wp-json\/wp\/v2\/product_tag?post=55486"}],"curies":[{"name":"wp","href":"https:\/\/api.w.org\/{rel}","templated":true}]}}