{"id":55490,"date":"2022-09-26T13:35:44","date_gmt":"2022-09-26T13:35:44","guid":{"rendered":"https:\/\/sales-ai-agents.com\/templates\/customer-testimonials\/"},"modified":"2023-12-31T16:52:19","modified_gmt":"2023-12-31T16:52:19","slug":"customer-testimonials","status":"publish","type":"product","link":"https:\/\/sales-ai-agents.com\/tr\/templates\/customer-testimonials\/","title":{"rendered":"M\u00fc\u015fteri G\u00f6r\u00fc\u015fleri"},"content":{"rendered":"<p>&nbsp;<\/p>\n<h2>M\u00fc\u015fteri G\u00f6r\u00fc\u015fleri \u015eablonu<\/h2>\n<p class=\"desc-text\">Referanslar, kurulu\u015funuz i\u00e7in g\u00fcvenilirlik olu\u015fturman\u0131n harika bir yoludur. Tek ba\u015f\u0131na d\u00fcz bir belgede y\u00f6netmek i\u00e7in \u00e7ok fazla bilgiye sahipseniz, \u00e7al\u0131\u015fman\u0131za yap\u0131 ve netlik katmak i\u00e7in bu \u015fablonu kullan\u0131n. M\u00fc\u015fteri tekliflerinizi kaydedin ve kay\u0131tlar\u0131n\u0131z\u0131 d\u00fczenlemek i\u00e7in haz\u0131r tablolar\u0131 kullan\u0131n. Daha fazla bilgi g\u00f6stermek i\u00e7in ekstra belgeler de ekleyebilirsiniz. T\u00fcm verilerinizi tek bir yerde tutun, b\u00f6ylece her \u015feyi kolayca y\u00f6netebilirsiniz.<\/p>\n<h5>Nas\u0131l kullan\u0131l\u0131r?<\/h5>\n<ul class=\"desc-item_list\">\n<li class=\"desc-item_list__point\">M\u00fc\u015fteri adlar\u0131n\u0131z\u0131 listeleyin<\/li>\n<li class=\"desc-item_list__point\">Vaka \u00e7al\u0131\u015fmalar\u0131n\u0131 ekleyin<\/li>\n<li class=\"desc-item_list__point\">Durumu izlemek i\u00e7in onay kutular\u0131n\u0131 kullan\u0131n<\/li>\n<li class=\"desc-item_list__point\">Al\u0131nt\u0131lar\u0131 ve yorumlar\u0131 yap\u0131\u015ft\u0131r\u0131n<\/li>\n<li class=\"desc-item_list__point\"><span data-preserver-spaces=\"true\">\u015eirketler<\/span> hakk\u0131nda \u00f6nemli ayr\u0131nt\u0131lar\u0131 ekleyin<\/li>\n<\/ul>\n","protected":false},"excerpt":{"rendered":"<p>Referanslar, kurulu\u015funuz i\u00e7in g\u00fcvenilirlik olu\u015fturman\u0131n harika bir yoludur. Hepsini yap\u0131land\u0131rmak ve kullanmak i\u00e7in bu \u00fccretsiz \u00f6zelle\u015ftirilebilir \u015fablonu kullan\u0131n.<\/p>\n","protected":false},"featured_media":55491,"template":"","meta":{"_acf_changed":false,"inline_featured_image":false},"product_brand":[],"product_cat":[217,250,258,227,228],"product_tag":[232],"class_list":{"0":"post-55490","1":"product","2":"type-product","3":"status-publish","4":"has-post-thumbnail","6":"product_cat-entrepreneur","7":"product_cat-marketing","8":"product_cat-marketing-analysis","9":"product_cat-marketing-clients","10":"product_cat-sales-account","11":"product_tag-hit","12":"collections-client","14":"first","15":"instock","16":"virtual","17":"sold-individually","18":"product-type-simple"},"acf":[],"yoast_head":"<!-- This site is optimized with the Yoast SEO plugin v25.3.1 - https:\/\/yoast.com\/wordpress\/plugins\/seo\/ -->\n<title>M\u00fc\u015fteri G\u00f6r\u00fc\u015fleri \u015eablonu - Sales AI Agents<\/title>\n<meta name=\"description\" content=\"Referanslar, kurulu\u015funuz i\u00e7in g\u00fcvenilirlik olu\u015fturman\u0131n harika bir yoludur. Hepsini yap\u0131land\u0131rmak ve kullanmak i\u00e7in bu \u00fccretsiz \u00f6zelle\u015ftirilebilir \u015fablonu kullan\u0131n!\" \/>\n<meta name=\"robots\" content=\"index, follow, max-snippet:-1, max-image-preview:large, max-video-preview:-1\" \/>\n<link rel=\"canonical\" href=\"https:\/\/sales-ai-agents.com\/tr\/templates\/customer-testimonials\/\" \/>\n<meta property=\"og:locale\" content=\"tr_TR\" \/>\n<meta property=\"og:type\" content=\"article\" \/>\n<meta property=\"og:title\" content=\"M\u00fc\u015fteri G\u00f6r\u00fc\u015fleri \u015eablonu - Sales AI Agents\" \/>\n<meta property=\"og:description\" content=\"Referanslar, kurulu\u015funuz i\u00e7in g\u00fcvenilirlik olu\u015fturman\u0131n harika bir yoludur. Hepsini yap\u0131land\u0131rmak ve kullanmak i\u00e7in bu \u00fccretsiz \u00f6zelle\u015ftirilebilir \u015fablonu kullan\u0131n!\" \/>\n<meta property=\"og:url\" content=\"https:\/\/sales-ai-agents.com\/tr\/templates\/customer-testimonials\/\" \/>\n<meta property=\"og:site_name\" content=\"Sales AI Agents\" \/>\n<meta property=\"article:modified_time\" content=\"2023-12-31T16:52:19+00:00\" \/>\n<meta property=\"og:image\" content=\"https:\/\/sales-ai-agents.com\/wp-content\/uploads\/2022\/09\/Customer-Testimonials-Template.png\" \/>\n\t<meta property=\"og:image:width\" content=\"1700\" \/>\n\t<meta property=\"og:image:height\" content=\"1100\" \/>\n\t<meta property=\"og:image:type\" content=\"image\/png\" \/>\n<meta name=\"twitter:card\" content=\"summary_large_image\" \/>\n<script type=\"application\/ld+json\" class=\"yoast-schema-graph\">{\"@context\":\"https:\/\/schema.org\",\"@graph\":[{\"@type\":\"WebPage\",\"@id\":\"https:\/\/sales-ai-agents.com\/tr\/templates\/customer-testimonials\/\",\"url\":\"https:\/\/sales-ai-agents.com\/tr\/templates\/customer-testimonials\/\",\"name\":\"M\u00fc\u015fteri G\u00f6r\u00fc\u015fleri \u015eablonu - Sales AI Agents\",\"isPartOf\":{\"@id\":\"https:\/\/sales-ai-agents.com\/#website\"},\"primaryImageOfPage\":{\"@id\":\"https:\/\/sales-ai-agents.com\/tr\/templates\/customer-testimonials\/#primaryimage\"},\"image\":{\"@id\":\"https:\/\/sales-ai-agents.com\/tr\/templates\/customer-testimonials\/#primaryimage\"},\"thumbnailUrl\":\"https:\/\/sales-ai-agents.com\/wp-content\/uploads\/2022\/09\/Customer-Testimonials-Template.png\",\"datePublished\":\"2022-09-26T13:35:44+00:00\",\"dateModified\":\"2023-12-31T16:52:19+00:00\",\"description\":\"Referanslar, kurulu\u015funuz i\u00e7in g\u00fcvenilirlik olu\u015fturman\u0131n harika bir yoludur. Hepsini yap\u0131land\u0131rmak ve kullanmak i\u00e7in bu \u00fccretsiz \u00f6zelle\u015ftirilebilir \u015fablonu kullan\u0131n!\",\"inLanguage\":\"tr\",\"potentialAction\":[{\"@type\":\"ReadAction\",\"target\":[\"https:\/\/sales-ai-agents.com\/tr\/templates\/customer-testimonials\/\"]}]},{\"@type\":\"ImageObject\",\"inLanguage\":\"tr\",\"@id\":\"https:\/\/sales-ai-agents.com\/tr\/templates\/customer-testimonials\/#primaryimage\",\"url\":\"https:\/\/sales-ai-agents.com\/wp-content\/uploads\/2022\/09\/Customer-Testimonials-Template.png\",\"contentUrl\":\"https:\/\/sales-ai-agents.com\/wp-content\/uploads\/2022\/09\/Customer-Testimonials-Template.png\",\"width\":1700,\"height\":1100},{\"@type\":\"WebSite\",\"@id\":\"https:\/\/sales-ai-agents.com\/#website\",\"url\":\"https:\/\/sales-ai-agents.com\/\",\"name\":\"FuseBase\",\"description\":\"Sales AI Agents - Free Online Collaboration Software for Remote Teams. Build your wikis, client portals and more with the Nimbus Platform collaboration tool ? A perfect space for online work\",\"publisher\":{\"@id\":\"https:\/\/sales-ai-agents.com\/#organization\"},\"potentialAction\":[{\"@type\":\"SearchAction\",\"target\":{\"@type\":\"EntryPoint\",\"urlTemplate\":\"https:\/\/sales-ai-agents.com\/?s={search_term_string}\"},\"query-input\":{\"@type\":\"PropertyValueSpecification\",\"valueRequired\":true,\"valueName\":\"search_term_string\"}}],\"inLanguage\":\"tr\"},{\"@type\":\"Organization\",\"@id\":\"https:\/\/sales-ai-agents.com\/#organization\",\"name\":\"FuseBase\",\"url\":\"https:\/\/sales-ai-agents.com\/\",\"logo\":{\"@type\":\"ImageObject\",\"inLanguage\":\"tr\",\"@id\":\"https:\/\/sales-ai-agents.com\/#\/schema\/logo\/image\/\",\"url\":\"https:\/\/sales-ai-agents.com\/wp-content\/uploads\/2023\/11\/icon-7.svg\",\"contentUrl\":\"https:\/\/sales-ai-agents.com\/wp-content\/uploads\/2023\/11\/icon-7.svg\",\"width\":128,\"height\":128,\"caption\":\"FuseBase\"},\"image\":{\"@id\":\"https:\/\/sales-ai-agents.com\/#\/schema\/logo\/image\/\"}}]}<\/script>\n<!-- \/ Yoast SEO plugin. -->","yoast_head_json":{"title":"M\u00fc\u015fteri G\u00f6r\u00fc\u015fleri \u015eablonu - Sales AI Agents","description":"Referanslar, kurulu\u015funuz i\u00e7in g\u00fcvenilirlik olu\u015fturman\u0131n harika bir yoludur. Hepsini yap\u0131land\u0131rmak ve kullanmak i\u00e7in bu \u00fccretsiz \u00f6zelle\u015ftirilebilir \u015fablonu kullan\u0131n!","robots":{"index":"index","follow":"follow","max-snippet":"max-snippet:-1","max-image-preview":"max-image-preview:large","max-video-preview":"max-video-preview:-1"},"canonical":"https:\/\/sales-ai-agents.com\/tr\/templates\/customer-testimonials\/","og_locale":"tr_TR","og_type":"article","og_title":"M\u00fc\u015fteri G\u00f6r\u00fc\u015fleri \u015eablonu - Sales AI Agents","og_description":"Referanslar, kurulu\u015funuz i\u00e7in g\u00fcvenilirlik olu\u015fturman\u0131n harika bir yoludur. Hepsini yap\u0131land\u0131rmak ve kullanmak i\u00e7in bu \u00fccretsiz \u00f6zelle\u015ftirilebilir \u015fablonu kullan\u0131n!","og_url":"https:\/\/sales-ai-agents.com\/tr\/templates\/customer-testimonials\/","og_site_name":"Sales AI Agents","article_modified_time":"2023-12-31T16:52:19+00:00","og_image":[{"width":1700,"height":1100,"url":"https:\/\/sales-ai-agents.com\/wp-content\/uploads\/2022\/09\/Customer-Testimonials-Template.png","type":"image\/png"}],"twitter_card":"summary_large_image","schema":{"@context":"https:\/\/schema.org","@graph":[{"@type":"WebPage","@id":"https:\/\/sales-ai-agents.com\/tr\/templates\/customer-testimonials\/","url":"https:\/\/sales-ai-agents.com\/tr\/templates\/customer-testimonials\/","name":"M\u00fc\u015fteri G\u00f6r\u00fc\u015fleri \u015eablonu - Sales AI Agents","isPartOf":{"@id":"https:\/\/sales-ai-agents.com\/#website"},"primaryImageOfPage":{"@id":"https:\/\/sales-ai-agents.com\/tr\/templates\/customer-testimonials\/#primaryimage"},"image":{"@id":"https:\/\/sales-ai-agents.com\/tr\/templates\/customer-testimonials\/#primaryimage"},"thumbnailUrl":"https:\/\/sales-ai-agents.com\/wp-content\/uploads\/2022\/09\/Customer-Testimonials-Template.png","datePublished":"2022-09-26T13:35:44+00:00","dateModified":"2023-12-31T16:52:19+00:00","description":"Referanslar, kurulu\u015funuz i\u00e7in g\u00fcvenilirlik olu\u015fturman\u0131n harika bir yoludur. Hepsini yap\u0131land\u0131rmak ve kullanmak i\u00e7in bu \u00fccretsiz \u00f6zelle\u015ftirilebilir \u015fablonu kullan\u0131n!","inLanguage":"tr","potentialAction":[{"@type":"ReadAction","target":["https:\/\/sales-ai-agents.com\/tr\/templates\/customer-testimonials\/"]}]},{"@type":"ImageObject","inLanguage":"tr","@id":"https:\/\/sales-ai-agents.com\/tr\/templates\/customer-testimonials\/#primaryimage","url":"https:\/\/sales-ai-agents.com\/wp-content\/uploads\/2022\/09\/Customer-Testimonials-Template.png","contentUrl":"https:\/\/sales-ai-agents.com\/wp-content\/uploads\/2022\/09\/Customer-Testimonials-Template.png","width":1700,"height":1100},{"@type":"WebSite","@id":"https:\/\/sales-ai-agents.com\/#website","url":"https:\/\/sales-ai-agents.com\/","name":"FuseBase","description":"Sales AI Agents - Free Online Collaboration Software for Remote Teams. Build your wikis, client portals and more with the Nimbus Platform collaboration tool ? A perfect space for online work","publisher":{"@id":"https:\/\/sales-ai-agents.com\/#organization"},"potentialAction":[{"@type":"SearchAction","target":{"@type":"EntryPoint","urlTemplate":"https:\/\/sales-ai-agents.com\/?s={search_term_string}"},"query-input":{"@type":"PropertyValueSpecification","valueRequired":true,"valueName":"search_term_string"}}],"inLanguage":"tr"},{"@type":"Organization","@id":"https:\/\/sales-ai-agents.com\/#organization","name":"FuseBase","url":"https:\/\/sales-ai-agents.com\/","logo":{"@type":"ImageObject","inLanguage":"tr","@id":"https:\/\/sales-ai-agents.com\/#\/schema\/logo\/image\/","url":"https:\/\/sales-ai-agents.com\/wp-content\/uploads\/2023\/11\/icon-7.svg","contentUrl":"https:\/\/sales-ai-agents.com\/wp-content\/uploads\/2023\/11\/icon-7.svg","width":128,"height":128,"caption":"FuseBase"},"image":{"@id":"https:\/\/sales-ai-agents.com\/#\/schema\/logo\/image\/"}}]}},"_links":{"self":[{"href":"https:\/\/sales-ai-agents.com\/tr\/wp-json\/wp\/v2\/product\/55490","targetHints":{"allow":["GET"]}}],"collection":[{"href":"https:\/\/sales-ai-agents.com\/tr\/wp-json\/wp\/v2\/product"}],"about":[{"href":"https:\/\/sales-ai-agents.com\/tr\/wp-json\/wp\/v2\/types\/product"}],"wp:featuredmedia":[{"embeddable":true,"href":"https:\/\/sales-ai-agents.com\/tr\/wp-json\/wp\/v2\/media\/55491"}],"wp:attachment":[{"href":"https:\/\/sales-ai-agents.com\/tr\/wp-json\/wp\/v2\/media?parent=55490"}],"wp:term":[{"taxonomy":"product_brand","embeddable":true,"href":"https:\/\/sales-ai-agents.com\/tr\/wp-json\/wp\/v2\/product_brand?post=55490"},{"taxonomy":"product_cat","embeddable":true,"href":"https:\/\/sales-ai-agents.com\/tr\/wp-json\/wp\/v2\/product_cat?post=55490"},{"taxonomy":"product_tag","embeddable":true,"href":"https:\/\/sales-ai-agents.com\/tr\/wp-json\/wp\/v2\/product_tag?post=55490"}],"curies":[{"name":"wp","href":"https:\/\/api.w.org\/{rel}","templated":true}]}}