{"id":55496,"date":"2022-09-26T13:35:40","date_gmt":"2022-09-26T13:35:40","guid":{"rendered":"https:\/\/sales-ai-agents.com\/templates\/morning-routine\/"},"modified":"2024-01-02T13:53:19","modified_gmt":"2024-01-02T13:53:19","slug":"morning-routine","status":"publish","type":"product","link":"https:\/\/sales-ai-agents.com\/tr\/templates\/morning-routine\/","title":{"rendered":"Sabah Rutini"},"content":{"rendered":"<p>&nbsp;<\/p>\n<h2>Sabah Rutini \u015eablonu<\/h2>\n<p class=\"desc-text\">Sabah rutini, sabahlar\u0131, genellikle i\u015fe veya okula gitmek gibi \u00f6nemli g\u00fcnl\u00fck faaliyetlere ba\u015flamadan \u00f6nce yap\u0131lan bir dizi faaliyettir. Aktiviteler bir bardak su i\u00e7mek veya di\u015f f\u0131r\u00e7alamaktan iki saatlik egzersizlere veya blok etraf\u0131nda ko\u015fmaya kadar her \u015fey olabilir. Bu \u015fablon, gerekli g\u00fcnl\u00fck faaliyetlerinizi tamamlamay\u0131 hat\u0131rlaman\u0131za yard\u0131mc\u0131 olacakt\u0131r.<\/p>\n<h5>Nas\u0131l kullan\u0131l\u0131r?<\/h5>\n<ul class=\"desc-item_list\">\n<li class=\"desc-item_list__point\">Haz\u0131rl\u0131k, Planlama, Sabah oda\u011f\u0131 ve Pratik sabah yap\u0131lacaklar bloklar\u0131n\u0131 istedi\u011finiz g\u00f6revlerle doldurun.<\/li>\n<li class=\"desc-item_list__point\">\u0130lerledik\u00e7e onay kutular\u0131n\u0131 i\u015faretleyin.<\/li>\n<li class=\"desc-item_list__point\">Notta g\u00fcnl\u00fck bir hat\u0131rlat\u0131c\u0131 ayarlay\u0131n, b\u00f6ylece g\u00fcnl\u00fck sabah rutininizi unutmazs\u0131n\u0131z.<\/li>\n<\/ul>\n","protected":false},"excerpt":{"rendered":"<p>Bu \u00fccretsiz \u00f6zelle\u015ftirilebilir \u015fablon, egzersiz yapmak, su i\u00e7mek ve di\u011fer \u015feyler gibi gerekli g\u00fcnl\u00fck aktivitelerinizi tamamlamay\u0131 hat\u0131rlaman\u0131za yard\u0131mc\u0131 olacakt\u0131r.<\/p>\n","protected":false},"featured_media":55497,"template":"","meta":{"_acf_changed":false,"inline_featured_image":false},"product_brand":[],"product_cat":[257,256],"product_tag":[],"class_list":{"0":"post-55496","1":"product","2":"type-product","3":"status-publish","4":"has-post-thumbnail","6":"product_cat-personal","7":"product_cat-organizers-planners","9":"first","10":"instock","11":"virtual","12":"sold-individually","13":"product-type-simple"},"acf":[],"yoast_head":"<!-- This site is optimized with the Yoast SEO plugin v25.3.1 - https:\/\/yoast.com\/wordpress\/plugins\/seo\/ -->\n<title>Sabah Rutini \u015eablonu - Sales AI Agents<\/title>\n<meta name=\"description\" content=\"Bu \u00fccretsiz \u00f6zelle\u015ftirilebilir \u015fablon, egzersiz yapmak, su i\u00e7mek ve di\u011fer \u015feyler gibi gerekli g\u00fcnl\u00fck aktivitelerinizi tamamlamay\u0131 hat\u0131rlaman\u0131za yard\u0131mc\u0131 olacakt\u0131r\" \/>\n<meta name=\"robots\" content=\"index, follow, max-snippet:-1, max-image-preview:large, max-video-preview:-1\" \/>\n<link rel=\"canonical\" href=\"https:\/\/sales-ai-agents.com\/tr\/templates\/morning-routine\/\" \/>\n<meta property=\"og:locale\" content=\"tr_TR\" \/>\n<meta property=\"og:type\" content=\"article\" \/>\n<meta property=\"og:title\" content=\"Sabah Rutini \u015eablonu - Sales AI Agents\" \/>\n<meta property=\"og:description\" content=\"Bu \u00fccretsiz \u00f6zelle\u015ftirilebilir \u015fablon, egzersiz yapmak, su i\u00e7mek ve di\u011fer \u015feyler gibi gerekli g\u00fcnl\u00fck aktivitelerinizi tamamlamay\u0131 hat\u0131rlaman\u0131za yard\u0131mc\u0131 olacakt\u0131r\" \/>\n<meta property=\"og:url\" content=\"https:\/\/sales-ai-agents.com\/tr\/templates\/morning-routine\/\" \/>\n<meta property=\"og:site_name\" content=\"Sales AI Agents\" \/>\n<meta property=\"article:modified_time\" content=\"2024-01-02T13:53:19+00:00\" \/>\n<meta property=\"og:image\" content=\"https:\/\/sales-ai-agents.com\/wp-content\/uploads\/2022\/09\/Morning-Routine-Template.png\" \/>\n\t<meta property=\"og:image:width\" content=\"1700\" \/>\n\t<meta property=\"og:image:height\" content=\"1100\" \/>\n\t<meta property=\"og:image:type\" content=\"image\/png\" \/>\n<meta name=\"twitter:card\" content=\"summary_large_image\" \/>\n<script type=\"application\/ld+json\" class=\"yoast-schema-graph\">{\"@context\":\"https:\/\/schema.org\",\"@graph\":[{\"@type\":\"WebPage\",\"@id\":\"https:\/\/sales-ai-agents.com\/tr\/templates\/morning-routine\/\",\"url\":\"https:\/\/sales-ai-agents.com\/tr\/templates\/morning-routine\/\",\"name\":\"Sabah Rutini \u015eablonu - Sales AI Agents\",\"isPartOf\":{\"@id\":\"https:\/\/sales-ai-agents.com\/#website\"},\"primaryImageOfPage\":{\"@id\":\"https:\/\/sales-ai-agents.com\/tr\/templates\/morning-routine\/#primaryimage\"},\"image\":{\"@id\":\"https:\/\/sales-ai-agents.com\/tr\/templates\/morning-routine\/#primaryimage\"},\"thumbnailUrl\":\"https:\/\/sales-ai-agents.com\/wp-content\/uploads\/2022\/09\/Morning-Routine-Template.png\",\"datePublished\":\"2022-09-26T13:35:40+00:00\",\"dateModified\":\"2024-01-02T13:53:19+00:00\",\"description\":\"Bu \u00fccretsiz \u00f6zelle\u015ftirilebilir \u015fablon, egzersiz yapmak, su i\u00e7mek ve di\u011fer \u015feyler gibi gerekli g\u00fcnl\u00fck aktivitelerinizi tamamlamay\u0131 hat\u0131rlaman\u0131za yard\u0131mc\u0131 olacakt\u0131r\",\"inLanguage\":\"tr\",\"potentialAction\":[{\"@type\":\"ReadAction\",\"target\":[\"https:\/\/sales-ai-agents.com\/tr\/templates\/morning-routine\/\"]}]},{\"@type\":\"ImageObject\",\"inLanguage\":\"tr\",\"@id\":\"https:\/\/sales-ai-agents.com\/tr\/templates\/morning-routine\/#primaryimage\",\"url\":\"https:\/\/sales-ai-agents.com\/wp-content\/uploads\/2022\/09\/Morning-Routine-Template.png\",\"contentUrl\":\"https:\/\/sales-ai-agents.com\/wp-content\/uploads\/2022\/09\/Morning-Routine-Template.png\",\"width\":1700,\"height\":1100},{\"@type\":\"WebSite\",\"@id\":\"https:\/\/sales-ai-agents.com\/#website\",\"url\":\"https:\/\/sales-ai-agents.com\/\",\"name\":\"FuseBase\",\"description\":\"Sales AI Agents - Free Online Collaboration Software for Remote Teams. Build your wikis, client portals and more with the Nimbus Platform collaboration tool ? A perfect space for online work\",\"publisher\":{\"@id\":\"https:\/\/sales-ai-agents.com\/#organization\"},\"potentialAction\":[{\"@type\":\"SearchAction\",\"target\":{\"@type\":\"EntryPoint\",\"urlTemplate\":\"https:\/\/sales-ai-agents.com\/?s={search_term_string}\"},\"query-input\":{\"@type\":\"PropertyValueSpecification\",\"valueRequired\":true,\"valueName\":\"search_term_string\"}}],\"inLanguage\":\"tr\"},{\"@type\":\"Organization\",\"@id\":\"https:\/\/sales-ai-agents.com\/#organization\",\"name\":\"FuseBase\",\"url\":\"https:\/\/sales-ai-agents.com\/\",\"logo\":{\"@type\":\"ImageObject\",\"inLanguage\":\"tr\",\"@id\":\"https:\/\/sales-ai-agents.com\/#\/schema\/logo\/image\/\",\"url\":\"https:\/\/sales-ai-agents.com\/wp-content\/uploads\/2023\/11\/icon-7.svg\",\"contentUrl\":\"https:\/\/sales-ai-agents.com\/wp-content\/uploads\/2023\/11\/icon-7.svg\",\"width\":128,\"height\":128,\"caption\":\"FuseBase\"},\"image\":{\"@id\":\"https:\/\/sales-ai-agents.com\/#\/schema\/logo\/image\/\"}}]}<\/script>\n<!-- \/ Yoast SEO plugin. -->","yoast_head_json":{"title":"Sabah Rutini \u015eablonu - Sales AI Agents","description":"Bu \u00fccretsiz \u00f6zelle\u015ftirilebilir \u015fablon, egzersiz yapmak, su i\u00e7mek ve di\u011fer \u015feyler gibi gerekli g\u00fcnl\u00fck aktivitelerinizi tamamlamay\u0131 hat\u0131rlaman\u0131za yard\u0131mc\u0131 olacakt\u0131r","robots":{"index":"index","follow":"follow","max-snippet":"max-snippet:-1","max-image-preview":"max-image-preview:large","max-video-preview":"max-video-preview:-1"},"canonical":"https:\/\/sales-ai-agents.com\/tr\/templates\/morning-routine\/","og_locale":"tr_TR","og_type":"article","og_title":"Sabah Rutini \u015eablonu - Sales AI Agents","og_description":"Bu \u00fccretsiz \u00f6zelle\u015ftirilebilir \u015fablon, egzersiz yapmak, su i\u00e7mek ve di\u011fer \u015feyler gibi gerekli g\u00fcnl\u00fck aktivitelerinizi tamamlamay\u0131 hat\u0131rlaman\u0131za yard\u0131mc\u0131 olacakt\u0131r","og_url":"https:\/\/sales-ai-agents.com\/tr\/templates\/morning-routine\/","og_site_name":"Sales AI Agents","article_modified_time":"2024-01-02T13:53:19+00:00","og_image":[{"width":1700,"height":1100,"url":"https:\/\/sales-ai-agents.com\/wp-content\/uploads\/2022\/09\/Morning-Routine-Template.png","type":"image\/png"}],"twitter_card":"summary_large_image","schema":{"@context":"https:\/\/schema.org","@graph":[{"@type":"WebPage","@id":"https:\/\/sales-ai-agents.com\/tr\/templates\/morning-routine\/","url":"https:\/\/sales-ai-agents.com\/tr\/templates\/morning-routine\/","name":"Sabah Rutini \u015eablonu - Sales AI Agents","isPartOf":{"@id":"https:\/\/sales-ai-agents.com\/#website"},"primaryImageOfPage":{"@id":"https:\/\/sales-ai-agents.com\/tr\/templates\/morning-routine\/#primaryimage"},"image":{"@id":"https:\/\/sales-ai-agents.com\/tr\/templates\/morning-routine\/#primaryimage"},"thumbnailUrl":"https:\/\/sales-ai-agents.com\/wp-content\/uploads\/2022\/09\/Morning-Routine-Template.png","datePublished":"2022-09-26T13:35:40+00:00","dateModified":"2024-01-02T13:53:19+00:00","description":"Bu \u00fccretsiz \u00f6zelle\u015ftirilebilir \u015fablon, egzersiz yapmak, su i\u00e7mek ve di\u011fer \u015feyler gibi gerekli g\u00fcnl\u00fck aktivitelerinizi tamamlamay\u0131 hat\u0131rlaman\u0131za yard\u0131mc\u0131 olacakt\u0131r","inLanguage":"tr","potentialAction":[{"@type":"ReadAction","target":["https:\/\/sales-ai-agents.com\/tr\/templates\/morning-routine\/"]}]},{"@type":"ImageObject","inLanguage":"tr","@id":"https:\/\/sales-ai-agents.com\/tr\/templates\/morning-routine\/#primaryimage","url":"https:\/\/sales-ai-agents.com\/wp-content\/uploads\/2022\/09\/Morning-Routine-Template.png","contentUrl":"https:\/\/sales-ai-agents.com\/wp-content\/uploads\/2022\/09\/Morning-Routine-Template.png","width":1700,"height":1100},{"@type":"WebSite","@id":"https:\/\/sales-ai-agents.com\/#website","url":"https:\/\/sales-ai-agents.com\/","name":"FuseBase","description":"Sales AI Agents - Free Online Collaboration Software for Remote Teams. Build your wikis, client portals and more with the Nimbus Platform collaboration tool ? A perfect space for online work","publisher":{"@id":"https:\/\/sales-ai-agents.com\/#organization"},"potentialAction":[{"@type":"SearchAction","target":{"@type":"EntryPoint","urlTemplate":"https:\/\/sales-ai-agents.com\/?s={search_term_string}"},"query-input":{"@type":"PropertyValueSpecification","valueRequired":true,"valueName":"search_term_string"}}],"inLanguage":"tr"},{"@type":"Organization","@id":"https:\/\/sales-ai-agents.com\/#organization","name":"FuseBase","url":"https:\/\/sales-ai-agents.com\/","logo":{"@type":"ImageObject","inLanguage":"tr","@id":"https:\/\/sales-ai-agents.com\/#\/schema\/logo\/image\/","url":"https:\/\/sales-ai-agents.com\/wp-content\/uploads\/2023\/11\/icon-7.svg","contentUrl":"https:\/\/sales-ai-agents.com\/wp-content\/uploads\/2023\/11\/icon-7.svg","width":128,"height":128,"caption":"FuseBase"},"image":{"@id":"https:\/\/sales-ai-agents.com\/#\/schema\/logo\/image\/"}}]}},"_links":{"self":[{"href":"https:\/\/sales-ai-agents.com\/tr\/wp-json\/wp\/v2\/product\/55496","targetHints":{"allow":["GET"]}}],"collection":[{"href":"https:\/\/sales-ai-agents.com\/tr\/wp-json\/wp\/v2\/product"}],"about":[{"href":"https:\/\/sales-ai-agents.com\/tr\/wp-json\/wp\/v2\/types\/product"}],"wp:featuredmedia":[{"embeddable":true,"href":"https:\/\/sales-ai-agents.com\/tr\/wp-json\/wp\/v2\/media\/55497"}],"wp:attachment":[{"href":"https:\/\/sales-ai-agents.com\/tr\/wp-json\/wp\/v2\/media?parent=55496"}],"wp:term":[{"taxonomy":"product_brand","embeddable":true,"href":"https:\/\/sales-ai-agents.com\/tr\/wp-json\/wp\/v2\/product_brand?post=55496"},{"taxonomy":"product_cat","embeddable":true,"href":"https:\/\/sales-ai-agents.com\/tr\/wp-json\/wp\/v2\/product_cat?post=55496"},{"taxonomy":"product_tag","embeddable":true,"href":"https:\/\/sales-ai-agents.com\/tr\/wp-json\/wp\/v2\/product_tag?post=55496"}],"curies":[{"name":"wp","href":"https:\/\/api.w.org\/{rel}","templated":true}]}}