{"id":55499,"date":"2022-09-26T13:34:58","date_gmt":"2022-09-26T13:34:58","guid":{"rendered":"https:\/\/sales-ai-agents.com\/templates\/personal-crm\/"},"modified":"2023-12-27T15:55:29","modified_gmt":"2023-12-27T15:55:29","slug":"personal-crm","status":"publish","type":"product","link":"https:\/\/sales-ai-agents.com\/tr\/templates\/personal-crm\/","title":{"rendered":"Ki\u015fisel CRM"},"content":{"rendered":"<p>&nbsp;<\/p>\n<h2>Ki\u015fisel CRM \u015eablonu<\/h2>\n<p class=\"desc-text\">Bu ki\u015fisel CRM \u015fablonu ile a\u011f\u0131n\u0131z\u0131 geni\u015fletin ve arkada\u015flar\u0131n\u0131z ve ailenizle ileti\u015fim halinde kal\u0131n. Ba\u015fkalar\u0131yla ileti\u015fimde kalmak i\u00e7in sadece haf\u0131zan\u0131za g\u00fcvenmeyin. Toplant\u0131lar\u0131, aramalar\u0131 ve ileti\u015fim bilgilerini takip etmek i\u00e7in somut bir sistem kullan\u0131n. Mesle\u011finiz ne olursa olsun, en \u00f6nemli ki\u015filere ula\u015fmak i\u00e7in net bir sistem kullanarak ba\u011flant\u0131lar\u0131n\u0131z\u0131 geli\u015ftirebilir ve iyile\u015ftirebilirsiniz.<\/p>\n<h5>Nas\u0131l kullan\u0131l\u0131r?<\/h5>\n<ul class=\"desc-item_list\">\n<li class=\"desc-item_list__point\">Ki\u015filerinizin isimlerini listeleyin<\/li>\n<li class=\"desc-item_list__point\">Her bir ki\u015fiyi etiketlemek i\u00e7in renkli bir etiket kullan\u0131n<\/li>\n<li class=\"desc-item_list__point\">Tabloya temel bilgileri dahil edin<\/li>\n<li class=\"desc-item_list__point\">Son yakalaman\u0131z\u0131n tarih ve saatini se\u00e7in<\/li>\n<li class=\"desc-item_list__point\">E-posta, telefon numaras\u0131, adres ve sosyal medya ekleyin<\/li>\n<li class=\"desc-item_list__point\">Ula\u015f\u0131p ula\u015fmad\u0131\u011f\u0131n\u0131z\u0131 belirtmek i\u00e7in onay kutular\u0131n\u0131 kullan\u0131n<\/li>\n<\/ul>\n","protected":false},"excerpt":{"rendered":"<p>Bu ki\u015fisel CRM \u015fablonu ile a\u011f\u0131n\u0131z\u0131 geni\u015fletin ve arkada\u015flar\u0131n\u0131z ve ailenizle ileti\u015fim halinde kal\u0131n. Toplant\u0131lar\u0131, aramalar\u0131 ve ileti\u015fim bilgilerini takip etmek i\u00e7in bir sistem kullan\u0131n.<\/p>\n","protected":false},"featured_media":55500,"template":"","meta":{"_acf_changed":false,"inline_featured_image":false},"product_brand":[],"product_cat":[265],"product_tag":[],"class_list":{"0":"post-55499","1":"product","2":"type-product","3":"status-publish","4":"has-post-thumbnail","6":"product_cat-customer-support","8":"first","9":"instock","10":"virtual","11":"sold-individually","12":"product-type-simple"},"acf":[],"yoast_head":"<!-- This site is optimized with the Yoast SEO plugin v25.3.1 - https:\/\/yoast.com\/wordpress\/plugins\/seo\/ -->\n<title>Ki\u015fisel CRM \u015eablonu - Sales AI Agents<\/title>\n<meta name=\"description\" content=\"Bu ki\u015fisel CRM \u015fablonu ile a\u011f\u0131n\u0131z\u0131 geni\u015fletin ve arkada\u015flar\u0131n\u0131z ve ailenizle ileti\u015fim halinde kal\u0131n. Toplant\u0131lar\u0131, aramalar\u0131 ve ileti\u015fim bilgilerini takip etmek i\u00e7in bir sistem kullan\u0131n.\" \/>\n<meta name=\"robots\" content=\"index, follow, max-snippet:-1, max-image-preview:large, max-video-preview:-1\" \/>\n<link rel=\"canonical\" href=\"https:\/\/sales-ai-agents.com\/tr\/templates\/personal-crm\/\" \/>\n<meta property=\"og:locale\" content=\"tr_TR\" \/>\n<meta property=\"og:type\" content=\"article\" \/>\n<meta property=\"og:title\" content=\"Ki\u015fisel CRM \u015eablonu - Sales AI Agents\" \/>\n<meta property=\"og:description\" content=\"Bu ki\u015fisel CRM \u015fablonu ile a\u011f\u0131n\u0131z\u0131 geni\u015fletin ve arkada\u015flar\u0131n\u0131z ve ailenizle ileti\u015fim halinde kal\u0131n. Toplant\u0131lar\u0131, aramalar\u0131 ve ileti\u015fim bilgilerini takip etmek i\u00e7in bir sistem kullan\u0131n.\" \/>\n<meta property=\"og:url\" content=\"https:\/\/sales-ai-agents.com\/tr\/templates\/personal-crm\/\" \/>\n<meta property=\"og:site_name\" content=\"Sales AI Agents\" \/>\n<meta property=\"article:modified_time\" content=\"2023-12-27T15:55:29+00:00\" \/>\n<meta property=\"og:image\" content=\"https:\/\/sales-ai-agents.com\/wp-content\/uploads\/2023\/01\/image-preview124112.png\" \/>\n\t<meta property=\"og:image:width\" content=\"1078\" \/>\n\t<meta property=\"og:image:height\" content=\"760\" \/>\n\t<meta property=\"og:image:type\" content=\"image\/png\" \/>\n<meta name=\"twitter:card\" content=\"summary_large_image\" \/>\n<script type=\"application\/ld+json\" class=\"yoast-schema-graph\">{\"@context\":\"https:\/\/schema.org\",\"@graph\":[{\"@type\":\"WebPage\",\"@id\":\"https:\/\/sales-ai-agents.com\/tr\/templates\/personal-crm\/\",\"url\":\"https:\/\/sales-ai-agents.com\/tr\/templates\/personal-crm\/\",\"name\":\"Ki\u015fisel CRM \u015eablonu - Sales AI Agents\",\"isPartOf\":{\"@id\":\"https:\/\/sales-ai-agents.com\/#website\"},\"primaryImageOfPage\":{\"@id\":\"https:\/\/sales-ai-agents.com\/tr\/templates\/personal-crm\/#primaryimage\"},\"image\":{\"@id\":\"https:\/\/sales-ai-agents.com\/tr\/templates\/personal-crm\/#primaryimage\"},\"thumbnailUrl\":\"https:\/\/sales-ai-agents.com\/wp-content\/uploads\/2023\/01\/image-preview124112.png\",\"datePublished\":\"2022-09-26T13:34:58+00:00\",\"dateModified\":\"2023-12-27T15:55:29+00:00\",\"description\":\"Bu ki\u015fisel CRM \u015fablonu ile a\u011f\u0131n\u0131z\u0131 geni\u015fletin ve arkada\u015flar\u0131n\u0131z ve ailenizle ileti\u015fim halinde kal\u0131n. Toplant\u0131lar\u0131, aramalar\u0131 ve ileti\u015fim bilgilerini takip etmek i\u00e7in bir sistem kullan\u0131n.\",\"inLanguage\":\"tr\",\"potentialAction\":[{\"@type\":\"ReadAction\",\"target\":[\"https:\/\/sales-ai-agents.com\/tr\/templates\/personal-crm\/\"]}]},{\"@type\":\"ImageObject\",\"inLanguage\":\"tr\",\"@id\":\"https:\/\/sales-ai-agents.com\/tr\/templates\/personal-crm\/#primaryimage\",\"url\":\"https:\/\/sales-ai-agents.com\/wp-content\/uploads\/2023\/01\/image-preview124112.png\",\"contentUrl\":\"https:\/\/sales-ai-agents.com\/wp-content\/uploads\/2023\/01\/image-preview124112.png\",\"width\":1078,\"height\":760},{\"@type\":\"WebSite\",\"@id\":\"https:\/\/sales-ai-agents.com\/#website\",\"url\":\"https:\/\/sales-ai-agents.com\/\",\"name\":\"FuseBase\",\"description\":\"Sales AI Agents - Free Online Collaboration Software for Remote Teams. Build your wikis, client portals and more with the Nimbus Platform collaboration tool ? A perfect space for online work\",\"publisher\":{\"@id\":\"https:\/\/sales-ai-agents.com\/#organization\"},\"potentialAction\":[{\"@type\":\"SearchAction\",\"target\":{\"@type\":\"EntryPoint\",\"urlTemplate\":\"https:\/\/sales-ai-agents.com\/?s={search_term_string}\"},\"query-input\":{\"@type\":\"PropertyValueSpecification\",\"valueRequired\":true,\"valueName\":\"search_term_string\"}}],\"inLanguage\":\"tr\"},{\"@type\":\"Organization\",\"@id\":\"https:\/\/sales-ai-agents.com\/#organization\",\"name\":\"FuseBase\",\"url\":\"https:\/\/sales-ai-agents.com\/\",\"logo\":{\"@type\":\"ImageObject\",\"inLanguage\":\"tr\",\"@id\":\"https:\/\/sales-ai-agents.com\/#\/schema\/logo\/image\/\",\"url\":\"https:\/\/sales-ai-agents.com\/wp-content\/uploads\/2023\/11\/icon-7.svg\",\"contentUrl\":\"https:\/\/sales-ai-agents.com\/wp-content\/uploads\/2023\/11\/icon-7.svg\",\"width\":128,\"height\":128,\"caption\":\"FuseBase\"},\"image\":{\"@id\":\"https:\/\/sales-ai-agents.com\/#\/schema\/logo\/image\/\"}}]}<\/script>\n<!-- \/ Yoast SEO plugin. -->","yoast_head_json":{"title":"Ki\u015fisel CRM \u015eablonu - Sales AI Agents","description":"Bu ki\u015fisel CRM \u015fablonu ile a\u011f\u0131n\u0131z\u0131 geni\u015fletin ve arkada\u015flar\u0131n\u0131z ve ailenizle ileti\u015fim halinde kal\u0131n. Toplant\u0131lar\u0131, aramalar\u0131 ve ileti\u015fim bilgilerini takip etmek i\u00e7in bir sistem kullan\u0131n.","robots":{"index":"index","follow":"follow","max-snippet":"max-snippet:-1","max-image-preview":"max-image-preview:large","max-video-preview":"max-video-preview:-1"},"canonical":"https:\/\/sales-ai-agents.com\/tr\/templates\/personal-crm\/","og_locale":"tr_TR","og_type":"article","og_title":"Ki\u015fisel CRM \u015eablonu - Sales AI Agents","og_description":"Bu ki\u015fisel CRM \u015fablonu ile a\u011f\u0131n\u0131z\u0131 geni\u015fletin ve arkada\u015flar\u0131n\u0131z ve ailenizle ileti\u015fim halinde kal\u0131n. Toplant\u0131lar\u0131, aramalar\u0131 ve ileti\u015fim bilgilerini takip etmek i\u00e7in bir sistem kullan\u0131n.","og_url":"https:\/\/sales-ai-agents.com\/tr\/templates\/personal-crm\/","og_site_name":"Sales AI Agents","article_modified_time":"2023-12-27T15:55:29+00:00","og_image":[{"width":1078,"height":760,"url":"https:\/\/sales-ai-agents.com\/wp-content\/uploads\/2023\/01\/image-preview124112.png","type":"image\/png"}],"twitter_card":"summary_large_image","schema":{"@context":"https:\/\/schema.org","@graph":[{"@type":"WebPage","@id":"https:\/\/sales-ai-agents.com\/tr\/templates\/personal-crm\/","url":"https:\/\/sales-ai-agents.com\/tr\/templates\/personal-crm\/","name":"Ki\u015fisel CRM \u015eablonu - Sales AI Agents","isPartOf":{"@id":"https:\/\/sales-ai-agents.com\/#website"},"primaryImageOfPage":{"@id":"https:\/\/sales-ai-agents.com\/tr\/templates\/personal-crm\/#primaryimage"},"image":{"@id":"https:\/\/sales-ai-agents.com\/tr\/templates\/personal-crm\/#primaryimage"},"thumbnailUrl":"https:\/\/sales-ai-agents.com\/wp-content\/uploads\/2023\/01\/image-preview124112.png","datePublished":"2022-09-26T13:34:58+00:00","dateModified":"2023-12-27T15:55:29+00:00","description":"Bu ki\u015fisel CRM \u015fablonu ile a\u011f\u0131n\u0131z\u0131 geni\u015fletin ve arkada\u015flar\u0131n\u0131z ve ailenizle ileti\u015fim halinde kal\u0131n. Toplant\u0131lar\u0131, aramalar\u0131 ve ileti\u015fim bilgilerini takip etmek i\u00e7in bir sistem kullan\u0131n.","inLanguage":"tr","potentialAction":[{"@type":"ReadAction","target":["https:\/\/sales-ai-agents.com\/tr\/templates\/personal-crm\/"]}]},{"@type":"ImageObject","inLanguage":"tr","@id":"https:\/\/sales-ai-agents.com\/tr\/templates\/personal-crm\/#primaryimage","url":"https:\/\/sales-ai-agents.com\/wp-content\/uploads\/2023\/01\/image-preview124112.png","contentUrl":"https:\/\/sales-ai-agents.com\/wp-content\/uploads\/2023\/01\/image-preview124112.png","width":1078,"height":760},{"@type":"WebSite","@id":"https:\/\/sales-ai-agents.com\/#website","url":"https:\/\/sales-ai-agents.com\/","name":"FuseBase","description":"Sales AI Agents - Free Online Collaboration Software for Remote Teams. Build your wikis, client portals and more with the Nimbus Platform collaboration tool ? A perfect space for online work","publisher":{"@id":"https:\/\/sales-ai-agents.com\/#organization"},"potentialAction":[{"@type":"SearchAction","target":{"@type":"EntryPoint","urlTemplate":"https:\/\/sales-ai-agents.com\/?s={search_term_string}"},"query-input":{"@type":"PropertyValueSpecification","valueRequired":true,"valueName":"search_term_string"}}],"inLanguage":"tr"},{"@type":"Organization","@id":"https:\/\/sales-ai-agents.com\/#organization","name":"FuseBase","url":"https:\/\/sales-ai-agents.com\/","logo":{"@type":"ImageObject","inLanguage":"tr","@id":"https:\/\/sales-ai-agents.com\/#\/schema\/logo\/image\/","url":"https:\/\/sales-ai-agents.com\/wp-content\/uploads\/2023\/11\/icon-7.svg","contentUrl":"https:\/\/sales-ai-agents.com\/wp-content\/uploads\/2023\/11\/icon-7.svg","width":128,"height":128,"caption":"FuseBase"},"image":{"@id":"https:\/\/sales-ai-agents.com\/#\/schema\/logo\/image\/"}}]}},"_links":{"self":[{"href":"https:\/\/sales-ai-agents.com\/tr\/wp-json\/wp\/v2\/product\/55499","targetHints":{"allow":["GET"]}}],"collection":[{"href":"https:\/\/sales-ai-agents.com\/tr\/wp-json\/wp\/v2\/product"}],"about":[{"href":"https:\/\/sales-ai-agents.com\/tr\/wp-json\/wp\/v2\/types\/product"}],"wp:featuredmedia":[{"embeddable":true,"href":"https:\/\/sales-ai-agents.com\/tr\/wp-json\/wp\/v2\/media\/55500"}],"wp:attachment":[{"href":"https:\/\/sales-ai-agents.com\/tr\/wp-json\/wp\/v2\/media?parent=55499"}],"wp:term":[{"taxonomy":"product_brand","embeddable":true,"href":"https:\/\/sales-ai-agents.com\/tr\/wp-json\/wp\/v2\/product_brand?post=55499"},{"taxonomy":"product_cat","embeddable":true,"href":"https:\/\/sales-ai-agents.com\/tr\/wp-json\/wp\/v2\/product_cat?post=55499"},{"taxonomy":"product_tag","embeddable":true,"href":"https:\/\/sales-ai-agents.com\/tr\/wp-json\/wp\/v2\/product_tag?post=55499"}],"curies":[{"name":"wp","href":"https:\/\/api.w.org\/{rel}","templated":true}]}}