{"id":55502,"date":"2022-09-26T13:34:54","date_gmt":"2022-09-26T13:34:54","guid":{"rendered":"https:\/\/sales-ai-agents.com\/templates\/job-candidates-tracker\/"},"modified":"2024-01-02T13:06:13","modified_gmt":"2024-01-02T13:06:13","slug":"job-candidates-tracker","status":"publish","type":"product","link":"https:\/\/sales-ai-agents.com\/tr\/templates\/job-candidates-tracker\/","title":{"rendered":"\u0130\u015f Adaylar\u0131 Takibi"},"content":{"rendered":"<p>&nbsp;<\/p>\n<h2>\u0130\u015f Adaylar\u0131 Takip \u015eablonu<\/h2>\n<p class=\"desc-text\">Bu aday izleyici ile i\u015fe al\u0131m s\u00fcrecinizi d\u00fczenleyin. \u0130lk \u00f6zge\u00e7mi\u015f taramas\u0131ndan sonra uygun ba\u015fvuru sahiplerini listeleyerek adaylar\u0131n\u0131z\u0131 takip edin. Ba\u015fvuru durumlar\u0131ndan haberdar olun. Bir aday teklifi reddederse, nedenlerini not edebilirsiniz. Tabloyu kullanarak, bir telefon g\u00f6r\u00fc\u015fmesi veya toplant\u0131 i\u00e7in ula\u015fabilece\u011finiz di\u011fer uygun ba\u015fvuru sahiplerini vurgulayabilirsiniz.<\/p>\n<h5>Nas\u0131l kullan\u0131l\u0131r?<\/h5>\n<ul class=\"desc-item_list\">\n<li class=\"desc-item_list__point\">Aday\u0131n istedi\u011fi pozisyonu ekleyin<\/li>\n<li class=\"desc-item_list__point\">\u00d6nemli ba\u015fvuru sahibi bilgilerini ekleyin<\/li>\n<li class=\"desc-item_list__point\">G\u00f6r\u00fc\u015fme tarihlerini not edin<\/li>\n<li class=\"desc-item_list__point\">Tekliflerini reddettilerse kutuyu i\u015faretleyin<\/li>\n<li class=\"desc-item_list__point\">\u0130lgili notlar\u0131 veya yorumlar\u0131 ekleyin<\/li>\n<\/ul>\n","protected":false},"excerpt":{"rendered":"<p>Bu aday izleyici ile i\u015fe al\u0131m s\u00fcrecinizi d\u00fczenleyin. \u0130lk \u00f6zge\u00e7mi\u015f taramas\u0131ndan sonra uygun ba\u015fvuru sahiplerini listeleyerek adaylar\u0131n\u0131z\u0131 takip edin.<\/p>\n","protected":false},"featured_media":55503,"template":"","meta":{"_acf_changed":false,"inline_featured_image":false},"product_brand":[],"product_cat":[217,218],"product_tag":[],"class_list":{"0":"post-55502","1":"product","2":"type-product","3":"status-publish","4":"has-post-thumbnail","6":"product_cat-entrepreneur","7":"product_cat-operations","9":"first","10":"instock","11":"virtual","12":"sold-individually","13":"product-type-simple"},"acf":[],"yoast_head":"<!-- This site is optimized with the Yoast SEO plugin v25.3.1 - https:\/\/yoast.com\/wordpress\/plugins\/seo\/ -->\n<title>\u0130\u015f Adaylar\u0131 Takip \u015eablonu - Sales AI Agents<\/title>\n<meta name=\"description\" content=\"Bu aday izleyici ile i\u015fe al\u0131m s\u00fcrecinizi d\u00fczenleyin. \u0130lk \u00f6zge\u00e7mi\u015f taramas\u0131ndan sonra uygun ba\u015fvuru sahiplerini listeleyerek adaylar\u0131n\u0131z\u0131 takip edin.\" \/>\n<meta name=\"robots\" content=\"index, follow, max-snippet:-1, max-image-preview:large, max-video-preview:-1\" \/>\n<link rel=\"canonical\" href=\"https:\/\/sales-ai-agents.com\/tr\/templates\/job-candidates-tracker\/\" \/>\n<meta property=\"og:locale\" content=\"tr_TR\" \/>\n<meta property=\"og:type\" content=\"article\" \/>\n<meta property=\"og:title\" content=\"\u0130\u015f Adaylar\u0131 Takip \u015eablonu - Sales AI Agents\" \/>\n<meta property=\"og:description\" content=\"Bu aday izleyici ile i\u015fe al\u0131m s\u00fcrecinizi d\u00fczenleyin. \u0130lk \u00f6zge\u00e7mi\u015f taramas\u0131ndan sonra uygun ba\u015fvuru sahiplerini listeleyerek adaylar\u0131n\u0131z\u0131 takip edin.\" \/>\n<meta property=\"og:url\" content=\"https:\/\/sales-ai-agents.com\/tr\/templates\/job-candidates-tracker\/\" \/>\n<meta property=\"og:site_name\" content=\"Sales AI Agents\" \/>\n<meta property=\"article:modified_time\" content=\"2024-01-02T13:06:13+00:00\" \/>\n<meta property=\"og:image\" content=\"https:\/\/sales-ai-agents.com\/wp-content\/uploads\/2023\/01\/image-preview123610.png\" \/>\n\t<meta property=\"og:image:width\" content=\"1078\" \/>\n\t<meta property=\"og:image:height\" content=\"760\" \/>\n\t<meta property=\"og:image:type\" content=\"image\/png\" \/>\n<meta name=\"twitter:card\" content=\"summary_large_image\" \/>\n<script type=\"application\/ld+json\" class=\"yoast-schema-graph\">{\"@context\":\"https:\/\/schema.org\",\"@graph\":[{\"@type\":\"WebPage\",\"@id\":\"https:\/\/sales-ai-agents.com\/tr\/templates\/job-candidates-tracker\/\",\"url\":\"https:\/\/sales-ai-agents.com\/tr\/templates\/job-candidates-tracker\/\",\"name\":\"\u0130\u015f Adaylar\u0131 Takip \u015eablonu - Sales AI Agents\",\"isPartOf\":{\"@id\":\"https:\/\/sales-ai-agents.com\/#website\"},\"primaryImageOfPage\":{\"@id\":\"https:\/\/sales-ai-agents.com\/tr\/templates\/job-candidates-tracker\/#primaryimage\"},\"image\":{\"@id\":\"https:\/\/sales-ai-agents.com\/tr\/templates\/job-candidates-tracker\/#primaryimage\"},\"thumbnailUrl\":\"https:\/\/sales-ai-agents.com\/wp-content\/uploads\/2023\/01\/image-preview123610.png\",\"datePublished\":\"2022-09-26T13:34:54+00:00\",\"dateModified\":\"2024-01-02T13:06:13+00:00\",\"description\":\"Bu aday izleyici ile i\u015fe al\u0131m s\u00fcrecinizi d\u00fczenleyin. \u0130lk \u00f6zge\u00e7mi\u015f taramas\u0131ndan sonra uygun ba\u015fvuru sahiplerini listeleyerek adaylar\u0131n\u0131z\u0131 takip edin.\",\"inLanguage\":\"tr\",\"potentialAction\":[{\"@type\":\"ReadAction\",\"target\":[\"https:\/\/sales-ai-agents.com\/tr\/templates\/job-candidates-tracker\/\"]}]},{\"@type\":\"ImageObject\",\"inLanguage\":\"tr\",\"@id\":\"https:\/\/sales-ai-agents.com\/tr\/templates\/job-candidates-tracker\/#primaryimage\",\"url\":\"https:\/\/sales-ai-agents.com\/wp-content\/uploads\/2023\/01\/image-preview123610.png\",\"contentUrl\":\"https:\/\/sales-ai-agents.com\/wp-content\/uploads\/2023\/01\/image-preview123610.png\",\"width\":1078,\"height\":760},{\"@type\":\"WebSite\",\"@id\":\"https:\/\/sales-ai-agents.com\/#website\",\"url\":\"https:\/\/sales-ai-agents.com\/\",\"name\":\"FuseBase\",\"description\":\"Sales AI Agents - Free Online Collaboration Software for Remote Teams. Build your wikis, client portals and more with the Nimbus Platform collaboration tool ? A perfect space for online work\",\"publisher\":{\"@id\":\"https:\/\/sales-ai-agents.com\/#organization\"},\"potentialAction\":[{\"@type\":\"SearchAction\",\"target\":{\"@type\":\"EntryPoint\",\"urlTemplate\":\"https:\/\/sales-ai-agents.com\/?s={search_term_string}\"},\"query-input\":{\"@type\":\"PropertyValueSpecification\",\"valueRequired\":true,\"valueName\":\"search_term_string\"}}],\"inLanguage\":\"tr\"},{\"@type\":\"Organization\",\"@id\":\"https:\/\/sales-ai-agents.com\/#organization\",\"name\":\"FuseBase\",\"url\":\"https:\/\/sales-ai-agents.com\/\",\"logo\":{\"@type\":\"ImageObject\",\"inLanguage\":\"tr\",\"@id\":\"https:\/\/sales-ai-agents.com\/#\/schema\/logo\/image\/\",\"url\":\"https:\/\/sales-ai-agents.com\/wp-content\/uploads\/2023\/11\/icon-7.svg\",\"contentUrl\":\"https:\/\/sales-ai-agents.com\/wp-content\/uploads\/2023\/11\/icon-7.svg\",\"width\":128,\"height\":128,\"caption\":\"FuseBase\"},\"image\":{\"@id\":\"https:\/\/sales-ai-agents.com\/#\/schema\/logo\/image\/\"}}]}<\/script>\n<!-- \/ Yoast SEO plugin. -->","yoast_head_json":{"title":"\u0130\u015f Adaylar\u0131 Takip \u015eablonu - Sales AI Agents","description":"Bu aday izleyici ile i\u015fe al\u0131m s\u00fcrecinizi d\u00fczenleyin. \u0130lk \u00f6zge\u00e7mi\u015f taramas\u0131ndan sonra uygun ba\u015fvuru sahiplerini listeleyerek adaylar\u0131n\u0131z\u0131 takip edin.","robots":{"index":"index","follow":"follow","max-snippet":"max-snippet:-1","max-image-preview":"max-image-preview:large","max-video-preview":"max-video-preview:-1"},"canonical":"https:\/\/sales-ai-agents.com\/tr\/templates\/job-candidates-tracker\/","og_locale":"tr_TR","og_type":"article","og_title":"\u0130\u015f Adaylar\u0131 Takip \u015eablonu - Sales AI Agents","og_description":"Bu aday izleyici ile i\u015fe al\u0131m s\u00fcrecinizi d\u00fczenleyin. \u0130lk \u00f6zge\u00e7mi\u015f taramas\u0131ndan sonra uygun ba\u015fvuru sahiplerini listeleyerek adaylar\u0131n\u0131z\u0131 takip edin.","og_url":"https:\/\/sales-ai-agents.com\/tr\/templates\/job-candidates-tracker\/","og_site_name":"Sales AI Agents","article_modified_time":"2024-01-02T13:06:13+00:00","og_image":[{"width":1078,"height":760,"url":"https:\/\/sales-ai-agents.com\/wp-content\/uploads\/2023\/01\/image-preview123610.png","type":"image\/png"}],"twitter_card":"summary_large_image","schema":{"@context":"https:\/\/schema.org","@graph":[{"@type":"WebPage","@id":"https:\/\/sales-ai-agents.com\/tr\/templates\/job-candidates-tracker\/","url":"https:\/\/sales-ai-agents.com\/tr\/templates\/job-candidates-tracker\/","name":"\u0130\u015f Adaylar\u0131 Takip \u015eablonu - Sales AI Agents","isPartOf":{"@id":"https:\/\/sales-ai-agents.com\/#website"},"primaryImageOfPage":{"@id":"https:\/\/sales-ai-agents.com\/tr\/templates\/job-candidates-tracker\/#primaryimage"},"image":{"@id":"https:\/\/sales-ai-agents.com\/tr\/templates\/job-candidates-tracker\/#primaryimage"},"thumbnailUrl":"https:\/\/sales-ai-agents.com\/wp-content\/uploads\/2023\/01\/image-preview123610.png","datePublished":"2022-09-26T13:34:54+00:00","dateModified":"2024-01-02T13:06:13+00:00","description":"Bu aday izleyici ile i\u015fe al\u0131m s\u00fcrecinizi d\u00fczenleyin. \u0130lk \u00f6zge\u00e7mi\u015f taramas\u0131ndan sonra uygun ba\u015fvuru sahiplerini listeleyerek adaylar\u0131n\u0131z\u0131 takip edin.","inLanguage":"tr","potentialAction":[{"@type":"ReadAction","target":["https:\/\/sales-ai-agents.com\/tr\/templates\/job-candidates-tracker\/"]}]},{"@type":"ImageObject","inLanguage":"tr","@id":"https:\/\/sales-ai-agents.com\/tr\/templates\/job-candidates-tracker\/#primaryimage","url":"https:\/\/sales-ai-agents.com\/wp-content\/uploads\/2023\/01\/image-preview123610.png","contentUrl":"https:\/\/sales-ai-agents.com\/wp-content\/uploads\/2023\/01\/image-preview123610.png","width":1078,"height":760},{"@type":"WebSite","@id":"https:\/\/sales-ai-agents.com\/#website","url":"https:\/\/sales-ai-agents.com\/","name":"FuseBase","description":"Sales AI Agents - Free Online Collaboration Software for Remote Teams. Build your wikis, client portals and more with the Nimbus Platform collaboration tool ? A perfect space for online work","publisher":{"@id":"https:\/\/sales-ai-agents.com\/#organization"},"potentialAction":[{"@type":"SearchAction","target":{"@type":"EntryPoint","urlTemplate":"https:\/\/sales-ai-agents.com\/?s={search_term_string}"},"query-input":{"@type":"PropertyValueSpecification","valueRequired":true,"valueName":"search_term_string"}}],"inLanguage":"tr"},{"@type":"Organization","@id":"https:\/\/sales-ai-agents.com\/#organization","name":"FuseBase","url":"https:\/\/sales-ai-agents.com\/","logo":{"@type":"ImageObject","inLanguage":"tr","@id":"https:\/\/sales-ai-agents.com\/#\/schema\/logo\/image\/","url":"https:\/\/sales-ai-agents.com\/wp-content\/uploads\/2023\/11\/icon-7.svg","contentUrl":"https:\/\/sales-ai-agents.com\/wp-content\/uploads\/2023\/11\/icon-7.svg","width":128,"height":128,"caption":"FuseBase"},"image":{"@id":"https:\/\/sales-ai-agents.com\/#\/schema\/logo\/image\/"}}]}},"_links":{"self":[{"href":"https:\/\/sales-ai-agents.com\/tr\/wp-json\/wp\/v2\/product\/55502","targetHints":{"allow":["GET"]}}],"collection":[{"href":"https:\/\/sales-ai-agents.com\/tr\/wp-json\/wp\/v2\/product"}],"about":[{"href":"https:\/\/sales-ai-agents.com\/tr\/wp-json\/wp\/v2\/types\/product"}],"wp:featuredmedia":[{"embeddable":true,"href":"https:\/\/sales-ai-agents.com\/tr\/wp-json\/wp\/v2\/media\/55503"}],"wp:attachment":[{"href":"https:\/\/sales-ai-agents.com\/tr\/wp-json\/wp\/v2\/media?parent=55502"}],"wp:term":[{"taxonomy":"product_brand","embeddable":true,"href":"https:\/\/sales-ai-agents.com\/tr\/wp-json\/wp\/v2\/product_brand?post=55502"},{"taxonomy":"product_cat","embeddable":true,"href":"https:\/\/sales-ai-agents.com\/tr\/wp-json\/wp\/v2\/product_cat?post=55502"},{"taxonomy":"product_tag","embeddable":true,"href":"https:\/\/sales-ai-agents.com\/tr\/wp-json\/wp\/v2\/product_tag?post=55502"}],"curies":[{"name":"wp","href":"https:\/\/api.w.org\/{rel}","templated":true}]}}