{"id":55505,"date":"2022-09-26T13:34:50","date_gmt":"2022-09-26T13:34:50","guid":{"rendered":"https:\/\/sales-ai-agents.com\/templates\/weekly-agenda\/"},"modified":"2023-12-31T17:18:00","modified_gmt":"2023-12-31T17:18:00","slug":"weekly-agenda","status":"publish","type":"product","link":"https:\/\/sales-ai-agents.com\/tr\/templates\/weekly-agenda\/","title":{"rendered":"Haftal\u0131k Ajanda"},"content":{"rendered":"<p>&nbsp;<\/p>\n<h2>Haftal\u0131k Ajanda \u015fablonu<\/h2>\n<p class=\"desc-text\">Ekibinizle bir araya gelerek ve haftal\u0131k g\u00fcndemi g\u00f6zden ge\u00e7irerek haftan\u0131za ba\u015flay\u0131n. Hafta sona ermeden \u00f6nce tamamlaman\u0131z gerekenleri belirleyin. Yakla\u015fan \u00f6nemli toplant\u0131lar\u0131, son teslim tarihlerini ve etkinlikleri ekleyin. \u00d6nemli tart\u0131\u015fma konular\u0131n\u0131n bir listesini olu\u015fturun. Bu \u015fablonu payla\u015farak t\u00fcm ekibinizin ilgisini \u00e7ekin.<\/p>\n<h5>Nas\u0131l kullan\u0131l\u0131r?<\/h5>\n<ul class=\"desc-item_list\">\n<li class=\"desc-item_list__point\">Yakla\u015fan planlar\u0131 not edin<\/li>\n<li class=\"desc-item_list__point\">Hafta i\u00e7i her g\u00fcn i\u00e7in etkinlik ve faaliyetler ekleyin<\/li>\n<li class=\"desc-item_list__point\">Tart\u0131\u015fma konular\u0131 i\u00e7in notlar olu\u015fturun<\/li>\n<li class=\"desc-item_list__point\">\u00d6nemli \u00e7\u0131kar\u0131mlar\u0131 listeleyin<\/li>\n<li class=\"desc-item_list__point\">Haftal\u0131k g\u00fcndemi ekiple payla\u015fmak ve ileti\u015fim kurmak<\/li>\n<\/ul>\n","protected":false},"excerpt":{"rendered":"<p>Hangi tak\u0131mda olursan\u0131z olun, bu \u00fccretsiz \u00f6zelle\u015ftirilebilir \u015fablonla ba\u015far\u0131l\u0131 olun. Haftal\u0131k Ajanda, her boyut ve karma\u015f\u0131kl\u0131ktaki projeleri y\u00f6netmeyi kolayla\u015ft\u0131r\u0131r.<\/p>\n","protected":false},"featured_media":55508,"template":"","meta":{"_acf_changed":false,"inline_featured_image":false},"product_brand":[],"product_cat":[257,266,256],"product_tag":[],"class_list":{"0":"post-55505","1":"product","2":"type-product","3":"status-publish","4":"has-post-thumbnail","6":"product_cat-personal","7":"product_cat-personal-work","8":"product_cat-organizers-planners","10":"first","11":"instock","12":"virtual","13":"sold-individually","14":"product-type-simple"},"acf":[],"yoast_head":"<!-- This site is optimized with the Yoast SEO plugin v25.3.1 - https:\/\/yoast.com\/wordpress\/plugins\/seo\/ -->\n<title>Haftal\u0131k Ajanda \u015eablonu - Sales AI Agents<\/title>\n<meta name=\"description\" content=\"Hangi tak\u0131mda olursan\u0131z olun, bu \u00fccretsiz \u00f6zelle\u015ftirilebilir \u015fablonla ba\u015far\u0131l\u0131 olun. Haftal\u0131k Ajanda, her boyut ve karma\u015f\u0131kl\u0131ktaki projeyi y\u00f6netmeyi kolayla\u015ft\u0131r\u0131r\" \/>\n<meta name=\"robots\" content=\"index, follow, max-snippet:-1, max-image-preview:large, max-video-preview:-1\" \/>\n<link rel=\"canonical\" href=\"https:\/\/sales-ai-agents.com\/tr\/templates\/weekly-agenda\/\" \/>\n<meta property=\"og:locale\" content=\"tr_TR\" \/>\n<meta property=\"og:type\" content=\"article\" \/>\n<meta property=\"og:title\" content=\"Haftal\u0131k Ajanda \u015eablonu - Sales AI Agents\" \/>\n<meta property=\"og:description\" content=\"Hangi tak\u0131mda olursan\u0131z olun, bu \u00fccretsiz \u00f6zelle\u015ftirilebilir \u015fablonla ba\u015far\u0131l\u0131 olun. Haftal\u0131k Ajanda, her boyut ve karma\u015f\u0131kl\u0131ktaki projeyi y\u00f6netmeyi kolayla\u015ft\u0131r\u0131r\" \/>\n<meta property=\"og:url\" content=\"https:\/\/sales-ai-agents.com\/tr\/templates\/weekly-agenda\/\" \/>\n<meta property=\"og:site_name\" content=\"Sales AI Agents\" \/>\n<meta property=\"article:modified_time\" content=\"2023-12-31T17:18:00+00:00\" \/>\n<meta property=\"og:image\" content=\"https:\/\/sales-ai-agents.com\/wp-content\/uploads\/2022\/09\/Weekly-Agenda-Template.png\" \/>\n\t<meta property=\"og:image:width\" content=\"1700\" \/>\n\t<meta property=\"og:image:height\" content=\"1100\" \/>\n\t<meta property=\"og:image:type\" content=\"image\/png\" \/>\n<meta name=\"twitter:card\" content=\"summary_large_image\" \/>\n<script type=\"application\/ld+json\" class=\"yoast-schema-graph\">{\"@context\":\"https:\/\/schema.org\",\"@graph\":[{\"@type\":\"WebPage\",\"@id\":\"https:\/\/sales-ai-agents.com\/tr\/templates\/weekly-agenda\/\",\"url\":\"https:\/\/sales-ai-agents.com\/tr\/templates\/weekly-agenda\/\",\"name\":\"Haftal\u0131k Ajanda \u015eablonu - Sales AI Agents\",\"isPartOf\":{\"@id\":\"https:\/\/sales-ai-agents.com\/#website\"},\"primaryImageOfPage\":{\"@id\":\"https:\/\/sales-ai-agents.com\/tr\/templates\/weekly-agenda\/#primaryimage\"},\"image\":{\"@id\":\"https:\/\/sales-ai-agents.com\/tr\/templates\/weekly-agenda\/#primaryimage\"},\"thumbnailUrl\":\"https:\/\/sales-ai-agents.com\/wp-content\/uploads\/2022\/09\/Weekly-Agenda-Template.png\",\"datePublished\":\"2022-09-26T13:34:50+00:00\",\"dateModified\":\"2023-12-31T17:18:00+00:00\",\"description\":\"Hangi tak\u0131mda olursan\u0131z olun, bu \u00fccretsiz \u00f6zelle\u015ftirilebilir \u015fablonla ba\u015far\u0131l\u0131 olun. Haftal\u0131k Ajanda, her boyut ve karma\u015f\u0131kl\u0131ktaki projeyi y\u00f6netmeyi kolayla\u015ft\u0131r\u0131r\",\"inLanguage\":\"tr\",\"potentialAction\":[{\"@type\":\"ReadAction\",\"target\":[\"https:\/\/sales-ai-agents.com\/tr\/templates\/weekly-agenda\/\"]}]},{\"@type\":\"ImageObject\",\"inLanguage\":\"tr\",\"@id\":\"https:\/\/sales-ai-agents.com\/tr\/templates\/weekly-agenda\/#primaryimage\",\"url\":\"https:\/\/sales-ai-agents.com\/wp-content\/uploads\/2022\/09\/Weekly-Agenda-Template.png\",\"contentUrl\":\"https:\/\/sales-ai-agents.com\/wp-content\/uploads\/2022\/09\/Weekly-Agenda-Template.png\",\"width\":1700,\"height\":1100},{\"@type\":\"WebSite\",\"@id\":\"https:\/\/sales-ai-agents.com\/#website\",\"url\":\"https:\/\/sales-ai-agents.com\/\",\"name\":\"FuseBase\",\"description\":\"Sales AI Agents - Free Online Collaboration Software for Remote Teams. Build your wikis, client portals and more with the Nimbus Platform collaboration tool ? A perfect space for online work\",\"publisher\":{\"@id\":\"https:\/\/sales-ai-agents.com\/#organization\"},\"potentialAction\":[{\"@type\":\"SearchAction\",\"target\":{\"@type\":\"EntryPoint\",\"urlTemplate\":\"https:\/\/sales-ai-agents.com\/?s={search_term_string}\"},\"query-input\":{\"@type\":\"PropertyValueSpecification\",\"valueRequired\":true,\"valueName\":\"search_term_string\"}}],\"inLanguage\":\"tr\"},{\"@type\":\"Organization\",\"@id\":\"https:\/\/sales-ai-agents.com\/#organization\",\"name\":\"FuseBase\",\"url\":\"https:\/\/sales-ai-agents.com\/\",\"logo\":{\"@type\":\"ImageObject\",\"inLanguage\":\"tr\",\"@id\":\"https:\/\/sales-ai-agents.com\/#\/schema\/logo\/image\/\",\"url\":\"https:\/\/sales-ai-agents.com\/wp-content\/uploads\/2023\/11\/icon-7.svg\",\"contentUrl\":\"https:\/\/sales-ai-agents.com\/wp-content\/uploads\/2023\/11\/icon-7.svg\",\"width\":128,\"height\":128,\"caption\":\"FuseBase\"},\"image\":{\"@id\":\"https:\/\/sales-ai-agents.com\/#\/schema\/logo\/image\/\"}}]}<\/script>\n<!-- \/ Yoast SEO plugin. -->","yoast_head_json":{"title":"Haftal\u0131k Ajanda \u015eablonu - Sales AI Agents","description":"Hangi tak\u0131mda olursan\u0131z olun, bu \u00fccretsiz \u00f6zelle\u015ftirilebilir \u015fablonla ba\u015far\u0131l\u0131 olun. Haftal\u0131k Ajanda, her boyut ve karma\u015f\u0131kl\u0131ktaki projeyi y\u00f6netmeyi kolayla\u015ft\u0131r\u0131r","robots":{"index":"index","follow":"follow","max-snippet":"max-snippet:-1","max-image-preview":"max-image-preview:large","max-video-preview":"max-video-preview:-1"},"canonical":"https:\/\/sales-ai-agents.com\/tr\/templates\/weekly-agenda\/","og_locale":"tr_TR","og_type":"article","og_title":"Haftal\u0131k Ajanda \u015eablonu - Sales AI Agents","og_description":"Hangi tak\u0131mda olursan\u0131z olun, bu \u00fccretsiz \u00f6zelle\u015ftirilebilir \u015fablonla ba\u015far\u0131l\u0131 olun. Haftal\u0131k Ajanda, her boyut ve karma\u015f\u0131kl\u0131ktaki projeyi y\u00f6netmeyi kolayla\u015ft\u0131r\u0131r","og_url":"https:\/\/sales-ai-agents.com\/tr\/templates\/weekly-agenda\/","og_site_name":"Sales AI Agents","article_modified_time":"2023-12-31T17:18:00+00:00","og_image":[{"width":1700,"height":1100,"url":"https:\/\/sales-ai-agents.com\/wp-content\/uploads\/2022\/09\/Weekly-Agenda-Template.png","type":"image\/png"}],"twitter_card":"summary_large_image","schema":{"@context":"https:\/\/schema.org","@graph":[{"@type":"WebPage","@id":"https:\/\/sales-ai-agents.com\/tr\/templates\/weekly-agenda\/","url":"https:\/\/sales-ai-agents.com\/tr\/templates\/weekly-agenda\/","name":"Haftal\u0131k Ajanda \u015eablonu - Sales AI Agents","isPartOf":{"@id":"https:\/\/sales-ai-agents.com\/#website"},"primaryImageOfPage":{"@id":"https:\/\/sales-ai-agents.com\/tr\/templates\/weekly-agenda\/#primaryimage"},"image":{"@id":"https:\/\/sales-ai-agents.com\/tr\/templates\/weekly-agenda\/#primaryimage"},"thumbnailUrl":"https:\/\/sales-ai-agents.com\/wp-content\/uploads\/2022\/09\/Weekly-Agenda-Template.png","datePublished":"2022-09-26T13:34:50+00:00","dateModified":"2023-12-31T17:18:00+00:00","description":"Hangi tak\u0131mda olursan\u0131z olun, bu \u00fccretsiz \u00f6zelle\u015ftirilebilir \u015fablonla ba\u015far\u0131l\u0131 olun. Haftal\u0131k Ajanda, her boyut ve karma\u015f\u0131kl\u0131ktaki projeyi y\u00f6netmeyi kolayla\u015ft\u0131r\u0131r","inLanguage":"tr","potentialAction":[{"@type":"ReadAction","target":["https:\/\/sales-ai-agents.com\/tr\/templates\/weekly-agenda\/"]}]},{"@type":"ImageObject","inLanguage":"tr","@id":"https:\/\/sales-ai-agents.com\/tr\/templates\/weekly-agenda\/#primaryimage","url":"https:\/\/sales-ai-agents.com\/wp-content\/uploads\/2022\/09\/Weekly-Agenda-Template.png","contentUrl":"https:\/\/sales-ai-agents.com\/wp-content\/uploads\/2022\/09\/Weekly-Agenda-Template.png","width":1700,"height":1100},{"@type":"WebSite","@id":"https:\/\/sales-ai-agents.com\/#website","url":"https:\/\/sales-ai-agents.com\/","name":"FuseBase","description":"Sales AI Agents - Free Online Collaboration Software for Remote Teams. Build your wikis, client portals and more with the Nimbus Platform collaboration tool ? A perfect space for online work","publisher":{"@id":"https:\/\/sales-ai-agents.com\/#organization"},"potentialAction":[{"@type":"SearchAction","target":{"@type":"EntryPoint","urlTemplate":"https:\/\/sales-ai-agents.com\/?s={search_term_string}"},"query-input":{"@type":"PropertyValueSpecification","valueRequired":true,"valueName":"search_term_string"}}],"inLanguage":"tr"},{"@type":"Organization","@id":"https:\/\/sales-ai-agents.com\/#organization","name":"FuseBase","url":"https:\/\/sales-ai-agents.com\/","logo":{"@type":"ImageObject","inLanguage":"tr","@id":"https:\/\/sales-ai-agents.com\/#\/schema\/logo\/image\/","url":"https:\/\/sales-ai-agents.com\/wp-content\/uploads\/2023\/11\/icon-7.svg","contentUrl":"https:\/\/sales-ai-agents.com\/wp-content\/uploads\/2023\/11\/icon-7.svg","width":128,"height":128,"caption":"FuseBase"},"image":{"@id":"https:\/\/sales-ai-agents.com\/#\/schema\/logo\/image\/"}}]}},"_links":{"self":[{"href":"https:\/\/sales-ai-agents.com\/tr\/wp-json\/wp\/v2\/product\/55505","targetHints":{"allow":["GET"]}}],"collection":[{"href":"https:\/\/sales-ai-agents.com\/tr\/wp-json\/wp\/v2\/product"}],"about":[{"href":"https:\/\/sales-ai-agents.com\/tr\/wp-json\/wp\/v2\/types\/product"}],"wp:featuredmedia":[{"embeddable":true,"href":"https:\/\/sales-ai-agents.com\/tr\/wp-json\/wp\/v2\/media\/55508"}],"wp:attachment":[{"href":"https:\/\/sales-ai-agents.com\/tr\/wp-json\/wp\/v2\/media?parent=55505"}],"wp:term":[{"taxonomy":"product_brand","embeddable":true,"href":"https:\/\/sales-ai-agents.com\/tr\/wp-json\/wp\/v2\/product_brand?post=55505"},{"taxonomy":"product_cat","embeddable":true,"href":"https:\/\/sales-ai-agents.com\/tr\/wp-json\/wp\/v2\/product_cat?post=55505"},{"taxonomy":"product_tag","embeddable":true,"href":"https:\/\/sales-ai-agents.com\/tr\/wp-json\/wp\/v2\/product_tag?post=55505"}],"curies":[{"name":"wp","href":"https:\/\/api.w.org\/{rel}","templated":true}]}}