{"id":55511,"date":"2022-09-26T13:34:46","date_gmt":"2022-09-26T13:34:46","guid":{"rendered":"https:\/\/sales-ai-agents.com\/templates\/resume\/"},"modified":"2023-12-31T17:36:38","modified_gmt":"2023-12-31T17:36:38","slug":"resume","status":"publish","type":"product","link":"https:\/\/sales-ai-agents.com\/tr\/templates\/resume\/","title":{"rendered":"\u00d6zge\u00e7mi\u015f"},"content":{"rendered":"<p>&nbsp;<\/p>\n<h2>\u00d6zge\u00e7mi\u015f \u015eablonu<\/h2>\n<p>Hedeflere ula\u015fmak i\u00e7in \u00f6zge\u00e7mi\u015f yazmay\u0131 zor buluyor musunuz? Pek \u00e7ok ki\u015fi m\u00fcmk\u00fcn olan en iyi g\u00f6r\u00fcn\u00fcmde bir \u00f6zge\u00e7mi\u015f yazmakta zorlan\u0131r. Ortalama olarak, bir i\u015fveren \u00f6zge\u00e7mi\u015f incelemesi i\u00e7in yakla\u015f\u0131k 30 saniye harcamaktad\u0131r. Bu nedenle, ilgili t\u00fcm bilgileri a\u00e7\u0131k ve anla\u015f\u0131lmas\u0131 kolay bir formatta yans\u0131tan, \u015f\u00fcpheci bir i\u015fverenin bile sizi g\u00f6r\u00fc\u015fmeye \u00e7a\u011f\u0131rmas\u0131n\u0131 sa\u011flayabilecek bir \u00f6zge\u00e7mi\u015f yazmak \u00e7ok \u00f6nemlidir.<\/p>\n<p>Bir\u00e7ok profesyonel \u00fccretsiz \u00f6zge\u00e7mi\u015f \u015fablonu ve \u00fccretli kategori bulabilirsiniz. Bu formatlar kullan\u0131labilir ve hatta gereksinimlerinizi kar\u015f\u0131layacak \u015fekilde \u00f6zelle\u015ftirilebilir. Ayr\u0131ca, bir\u00e7ok \u00f6zge\u00e7mi\u015f yazma yaz\u0131l\u0131m program\u0131 bulabilirsiniz. Bunlar, temel noktalar\u0131 vurgulayarak bir \u00f6zge\u00e7mi\u015f geli\u015ftirirken sizi kapsaml\u0131 bir \u015fekilde desteklemek i\u00e7in tasarlanm\u0131\u015ft\u0131r. \u00d6zge\u00e7mi\u015f formatlar\u0131 ve bunlar\u0131n sizin yarar\u0131n\u0131za nas\u0131l kullan\u0131labilece\u011fi hakk\u0131nda daha fazla bilgi bulal\u0131m.<\/p>\n<h5>Profesyonel \u00d6zge\u00e7mi\u015f \u015eablonu Nedir?<b><br \/>\n<\/b><\/h5>\n<p>Profesyonel bir \u00f6zge\u00e7mi\u015f \u015fablonu, bir i\u015fvereni \u00e7ekmek i\u00e7in \u00e7ok \u00f6nemli olan ilgili bilgileri beslemek \u00fczere tasarlanm\u0131\u015f bir ayara sahip \u00f6nceden bi\u00e7imlendirilmi\u015f bir belgeyi temsil eder. \u00d6zge\u00e7mi\u015f ayarlar\u0131, profesyonel bir \u00e7ekicilik sa\u011flamak i\u00e7in kenar bo\u015fluklar\u0131, yaz\u0131 tipleri, ba\u015fl\u0131klar, stiller vb. i\u00e7erecektir. \u0130\u015f piyasas\u0131 olduk\u00e7a zorludur ve profesyonel bir \u00f6zge\u00e7mi\u015f format\u0131 size di\u011fer \u00f6zge\u00e7mi\u015flere g\u00f6re rekabet avantaj\u0131 sa\u011flayacakt\u0131r.<\/p>\n<p>Profesyonel bir \u00f6zge\u00e7mi\u015f \u015fablonu kulland\u0131\u011f\u0131n\u0131z\u0131 varsayal\u0131m; bu bir bo\u015fluk doldurma sayfas\u0131 gibi olacakt\u0131r. \u00d6zge\u00e7mi\u015f format\u0131, daha fazla beyaz bo\u015flukla iyi okunabilirli\u011fe sahip olacak ve \u00f6zge\u00e7mi\u015finizi daha \u00e7ekici ve sunulabilir hale getirecektir. Ayr\u0131ca, \u00f6zge\u00e7mi\u015f format\u0131, bilgileri okunmas\u0131 kolay ifadeler halinde sunman\u0131za olanak tan\u0131yan bir madde i\u015fareti sunum ayar\u0131na da sahip olacakt\u0131r. Yaz\u0131 tipi ve stil konusunda endi\u015felenmeden verileri \u00fccretsiz \u00f6zge\u00e7mi\u015f format\u0131nda beslemeye ba\u015flayabilirsiniz.<\/p>\n<p>\u00d6zge\u00e7mi\u015f \u015fablonu, i\u015f ge\u00e7mi\u015fi, nitelikler, i\u015f deneyimi ba\u015far\u0131lar\u0131 ve ba\u015far\u0131lar\u0131 sa\u011flamak i\u00e7in \u00f6nceden bi\u00e7imlendirilmi\u015f ve i\u015f i\u00e7in en iyi aday olarak neden di\u011ferlerinden \u00f6ne \u00e7\u0131kt\u0131\u011f\u0131n\u0131z\u0131 g\u00f6stermeye yard\u0131mc\u0131 olan bir i\u015f ba\u015fvuru format\u0131d\u0131r.<\/p>\n<h5>\u00d6zge\u00e7mi\u015f \u0130\u00e7in \u015eablon Kullan\u0131lmal\u0131 m\u0131 Kullan\u0131lmamal\u0131 m\u0131?<b><br \/>\n<\/b><\/h5>\n<p>\u00d6zge\u00e7mi\u015f \u015fablonlar\u0131 iyi yap\u0131land\u0131r\u0131lm\u0131\u015f, bilgilendirici bir \u00f6zge\u00e7mi\u015f geli\u015ftirmeme yard\u0131mc\u0131 olacak ve hayallerimdeki do\u011fru i\u015fi bulmamda bana yard\u0131mc\u0131 olabilece\u011fine inan\u0131yorum. \u00d6zge\u00e7mi\u015f format\u0131 bir i\u015fverene kendini sunman\u0131n en iyi yoludur \u00e7\u00fcnk\u00fc bu format kritik kalite ve deneyimi vurgulayabilir. \u00d6zge\u00e7mi\u015f olu\u015fturucu, niteliklerim, m\u00fcfredat d\u0131\u015f\u0131 faaliyetlerim, g\u00f6n\u00fcll\u00fc hizmetlerim, deneyimlerim ve kariyer ba\u015far\u0131lar\u0131m hakk\u0131nda en bilgilendirici formatta net bilgiler sa\u011flayabilir. CV&#8217;nin d\u00fczeni, i\u00e7erik sunumu, yaz\u0131 tipi vb. CV de\u011ferlendirme s\u00fcrecinde net bir etki yaratacakt\u0131r.<\/p>\n<h5>2023&#8217;te En \u0130yi \u00d6zge\u00e7mi\u015f Format\u0131 Nedir?<b><br \/>\n<\/b><\/h5>\n<p>2023&#8217;te en iyi format olarak bir\u00e7ok format bulabilirsiniz. Ancak profesyonel bir bak\u0131\u015f a\u00e7\u0131s\u0131yla, Nimbus Platform \u00d6zge\u00e7mi\u015f \u015eablonu, bir\u00e7ok avantajl\u0131 \u00f6zelli\u011fi nedeniyle g\u00fcvenle kullanabilece\u011finiz en iyi \u00f6zge\u00e7mi\u015f \u015fablonlar\u0131 olu\u015fturucusudur.<\/p>\n<p>Nimbus \u00f6zge\u00e7mi\u015f \u015fablonunda ileti\u015fim bilgileri, toplam deneyim, yeterlilik, beceri, g\u00f6n\u00fcll\u00fc hizmet vb. i\u00e7in i\u015faretlenmi\u015f alan olacakt\u0131r. \u00d6nceden bi\u00e7imlendirilmi\u015f \u00f6zge\u00e7mi\u015f formu do\u011fru yaz\u0131 tipine, boyuta, kenar bo\u015flu\u011funa, kal\u0131n harflerle yaz\u0131lm\u0131\u015f alt ba\u015fl\u0131klara vb. sahip olacakt\u0131r. Gerekli alan\u0131n alt\u0131ndaki t\u00fcm ilgili bilgileri doldurabilece\u011finiz doldurulabilir bo\u015f bir formla birlikte gelir. Gerekli t\u00fcm bilgileri verdikten sonra, i\u015fverenle payla\u015fmaya haz\u0131r, net, d\u00fczenli, profesyonel bir \u00f6zge\u00e7mi\u015f elde edeceksiniz.<\/p>\n<h5>\u015eablon Nas\u0131l Kullan\u0131l\u0131r?<b><br \/>\n<\/b><\/h5>\n<ul>\n<li>\u00d6zge\u00e7mi\u015f \u015fablonunda biyografi ve ileti\u015fim bilgileri de dahil olmak \u00fczere t\u00fcm ayr\u0131nt\u0131lar\u0131n\u0131z\u0131 girin.<\/li>\n<li>Yetene\u011finizi ekleyin.<\/li>\n<li>\u0130\u015f deneyiminizi ekleyin.<\/li>\n<li>Niteliklerinizi ve dil becerilerinizi doldurun.<\/li>\n<li>Gerekirse ek teknik yeterlilik\/beceri vb. sa\u011flay\u0131n.<\/li>\n<\/ul>\n<p>&#8211; T\u00fcm bilgiler tamamland\u0131ktan sonra, genel ba\u011flant\u0131ya t\u0131klayarak \u00f6zge\u00e7mi\u015fi payla\u015fabilir veya bir parola ile eri\u015fimi k\u0131s\u0131tlayabilirsiniz.<\/p>\n<h5>2023&#8217;te Bir \u00d6zge\u00e7mi\u015f Nas\u0131l Olmal\u0131?<b><br \/>\n<\/b><\/h5>\n<p>\u00d6zge\u00e7mi\u015f basit, konuya \u00f6zg\u00fc ve ters kronolojik formatta olmal\u0131d\u0131r. Bu nedenle, 2022&#8217;deki \u00f6zge\u00e7mi\u015f format\u0131 h\u0131zla de\u011fi\u015fen i\u015f piyasas\u0131 talebini yans\u0131tmal\u0131d\u0131r. Uzaktan \u00e7al\u0131\u015fma milenyumunda ya\u015f\u0131yoruz. \u0130nsanlar\u0131n uzaktan \u00e7al\u0131\u015fmas\u0131na olanak tan\u0131yan bir\u00e7ok i\u015f t\u00fcr\u00fc vard\u0131r. \u0130nsanlar daha iyi \u00fccret ve i\u015f tatmini i\u00e7in s\u00fcrekli i\u015f de\u011fi\u015ftiriyor. Y\u0131pranma, i\u015f piyasas\u0131nda yayg\u0131n bir sorundur ve \u015firketler \u00f6zge\u00e7mi\u015flerini ve paketlerini de\u011ferlendirerek bunu ele alman\u0131n yollar\u0131n\u0131 bulmaktad\u0131r.<\/p>\n<p>\u00d6zge\u00e7mi\u015f geli\u015ftirmedeki yeni trend, de\u011fi\u015fen i\u015f piyasas\u0131 senaryosunda ustala\u015fmak i\u00e7in hayati \u00f6nem ta\u015f\u0131maktad\u0131r. \u00d6zge\u00e7mi\u015finiz son trendlere uygun olmal\u0131 ve i\u015fverene y\u00fcksek sesle hitap etmelidir. Elinizde haz\u0131r bir \u00f6zge\u00e7mi\u015f format\u0131 yoksa t\u00fcm bilgileri istenen formatta yazman\u0131z m\u00fcmk\u00fcn olmayabilir. 2023 \u00f6zge\u00e7mi\u015f olu\u015fturucu a\u015fa\u011f\u0131daki segmentlere ve bilgilere sahip olmal\u0131d\u0131r.<\/p>\n","protected":false},"excerpt":{"rendered":"<p>\u00d6zge\u00e7mi\u015f \u015fablonu, ileti\u015fim bilgileri, i\u015f deneyimi, beceriler ve e\u011fitim ile doldurdu\u011funuz bo\u015f bir formdur. \u00d6zge\u00e7mi\u015f basit, a\u00e7\u0131k, d\u00fczenli ve okunmas\u0131 kolay olmal\u0131d\u0131r. Sadece bilgilerinizi girin ve i\u015f ba\u015fvurular\u0131n\u0131z i\u00e7in payla\u015fabilece\u011finiz haz\u0131r bir belge elde edin.<\/p>\n","protected":false},"featured_media":55512,"template":"","meta":{"_acf_changed":false,"inline_featured_image":false},"product_brand":[],"product_cat":[266,267,218],"product_tag":[],"class_list":{"0":"post-55511","1":"product","2":"type-product","3":"status-publish","4":"has-post-thumbnail","6":"product_cat-personal-work","7":"product_cat-student","8":"product_cat-operations","10":"first","11":"instock","12":"virtual","13":"sold-individually","14":"product-type-simple"},"acf":[],"yoast_head":"<!-- This site is optimized with the Yoast SEO plugin v25.3.1 - https:\/\/yoast.com\/wordpress\/plugins\/seo\/ -->\n<title>\u00d6zge\u00e7mi\u015f \u015eablonu - Sales AI Agents<\/title>\n<meta name=\"description\" content=\"\u00d6zge\u00e7mi\u015f \u015fablonu, ileti\u015fim bilgileri, i\u015f deneyimi, beceriler vb. ile doldurdu\u011funuz bo\u015f bir formdur. Bilgilerinizi girin ve kolayca payla\u015f\u0131n!\" \/>\n<meta name=\"robots\" content=\"index, follow, max-snippet:-1, max-image-preview:large, max-video-preview:-1\" \/>\n<link rel=\"canonical\" href=\"https:\/\/sales-ai-agents.com\/tr\/templates\/resume\/\" \/>\n<meta property=\"og:locale\" content=\"tr_TR\" \/>\n<meta property=\"og:type\" content=\"article\" \/>\n<meta property=\"og:title\" content=\"\u00d6zge\u00e7mi\u015f \u015eablonu - Sales AI Agents\" \/>\n<meta property=\"og:description\" content=\"\u00d6zge\u00e7mi\u015f \u015fablonu, ileti\u015fim bilgileri, i\u015f deneyimi, beceriler vb. ile doldurdu\u011funuz bo\u015f bir formdur. Bilgilerinizi girin ve kolayca payla\u015f\u0131n!\" \/>\n<meta property=\"og:url\" content=\"https:\/\/sales-ai-agents.com\/tr\/templates\/resume\/\" \/>\n<meta property=\"og:site_name\" content=\"Sales AI Agents\" \/>\n<meta property=\"article:modified_time\" content=\"2023-12-31T17:36:38+00:00\" \/>\n<meta property=\"og:image\" content=\"https:\/\/sales-ai-agents.com\/wp-content\/uploads\/2023\/01\/image-preview123535.png\" \/>\n\t<meta property=\"og:image:width\" content=\"1078\" \/>\n\t<meta property=\"og:image:height\" content=\"2605\" \/>\n\t<meta property=\"og:image:type\" content=\"image\/png\" \/>\n<meta name=\"twitter:card\" content=\"summary_large_image\" \/>\n<script type=\"application\/ld+json\" class=\"yoast-schema-graph\">{\"@context\":\"https:\/\/schema.org\",\"@graph\":[{\"@type\":\"WebPage\",\"@id\":\"https:\/\/sales-ai-agents.com\/tr\/templates\/resume\/\",\"url\":\"https:\/\/sales-ai-agents.com\/tr\/templates\/resume\/\",\"name\":\"\u00d6zge\u00e7mi\u015f \u015eablonu - Sales AI Agents\",\"isPartOf\":{\"@id\":\"https:\/\/sales-ai-agents.com\/#website\"},\"primaryImageOfPage\":{\"@id\":\"https:\/\/sales-ai-agents.com\/tr\/templates\/resume\/#primaryimage\"},\"image\":{\"@id\":\"https:\/\/sales-ai-agents.com\/tr\/templates\/resume\/#primaryimage\"},\"thumbnailUrl\":\"https:\/\/sales-ai-agents.com\/wp-content\/uploads\/2023\/01\/image-preview123535.png\",\"datePublished\":\"2022-09-26T13:34:46+00:00\",\"dateModified\":\"2023-12-31T17:36:38+00:00\",\"description\":\"\u00d6zge\u00e7mi\u015f \u015fablonu, ileti\u015fim bilgileri, i\u015f deneyimi, beceriler vb. ile doldurdu\u011funuz bo\u015f bir formdur. Bilgilerinizi girin ve kolayca payla\u015f\u0131n!\",\"inLanguage\":\"tr\",\"potentialAction\":[{\"@type\":\"ReadAction\",\"target\":[\"https:\/\/sales-ai-agents.com\/tr\/templates\/resume\/\"]}]},{\"@type\":\"ImageObject\",\"inLanguage\":\"tr\",\"@id\":\"https:\/\/sales-ai-agents.com\/tr\/templates\/resume\/#primaryimage\",\"url\":\"https:\/\/sales-ai-agents.com\/wp-content\/uploads\/2023\/01\/image-preview123535.png\",\"contentUrl\":\"https:\/\/sales-ai-agents.com\/wp-content\/uploads\/2023\/01\/image-preview123535.png\",\"width\":1078,\"height\":2605},{\"@type\":\"WebSite\",\"@id\":\"https:\/\/sales-ai-agents.com\/#website\",\"url\":\"https:\/\/sales-ai-agents.com\/\",\"name\":\"FuseBase\",\"description\":\"Sales AI Agents - Free Online Collaboration Software for Remote Teams. Build your wikis, client portals and more with the Nimbus Platform collaboration tool ? A perfect space for online work\",\"publisher\":{\"@id\":\"https:\/\/sales-ai-agents.com\/#organization\"},\"potentialAction\":[{\"@type\":\"SearchAction\",\"target\":{\"@type\":\"EntryPoint\",\"urlTemplate\":\"https:\/\/sales-ai-agents.com\/?s={search_term_string}\"},\"query-input\":{\"@type\":\"PropertyValueSpecification\",\"valueRequired\":true,\"valueName\":\"search_term_string\"}}],\"inLanguage\":\"tr\"},{\"@type\":\"Organization\",\"@id\":\"https:\/\/sales-ai-agents.com\/#organization\",\"name\":\"FuseBase\",\"url\":\"https:\/\/sales-ai-agents.com\/\",\"logo\":{\"@type\":\"ImageObject\",\"inLanguage\":\"tr\",\"@id\":\"https:\/\/sales-ai-agents.com\/#\/schema\/logo\/image\/\",\"url\":\"https:\/\/sales-ai-agents.com\/wp-content\/uploads\/2023\/11\/icon-7.svg\",\"contentUrl\":\"https:\/\/sales-ai-agents.com\/wp-content\/uploads\/2023\/11\/icon-7.svg\",\"width\":128,\"height\":128,\"caption\":\"FuseBase\"},\"image\":{\"@id\":\"https:\/\/sales-ai-agents.com\/#\/schema\/logo\/image\/\"}}]}<\/script>\n<!-- \/ Yoast SEO plugin. -->","yoast_head_json":{"title":"\u00d6zge\u00e7mi\u015f \u015eablonu - Sales AI Agents","description":"\u00d6zge\u00e7mi\u015f \u015fablonu, ileti\u015fim bilgileri, i\u015f deneyimi, beceriler vb. ile doldurdu\u011funuz bo\u015f bir formdur. Bilgilerinizi girin ve kolayca payla\u015f\u0131n!","robots":{"index":"index","follow":"follow","max-snippet":"max-snippet:-1","max-image-preview":"max-image-preview:large","max-video-preview":"max-video-preview:-1"},"canonical":"https:\/\/sales-ai-agents.com\/tr\/templates\/resume\/","og_locale":"tr_TR","og_type":"article","og_title":"\u00d6zge\u00e7mi\u015f \u015eablonu - Sales AI Agents","og_description":"\u00d6zge\u00e7mi\u015f \u015fablonu, ileti\u015fim bilgileri, i\u015f deneyimi, beceriler vb. ile doldurdu\u011funuz bo\u015f bir formdur. Bilgilerinizi girin ve kolayca payla\u015f\u0131n!","og_url":"https:\/\/sales-ai-agents.com\/tr\/templates\/resume\/","og_site_name":"Sales AI Agents","article_modified_time":"2023-12-31T17:36:38+00:00","og_image":[{"width":1078,"height":2605,"url":"https:\/\/sales-ai-agents.com\/wp-content\/uploads\/2023\/01\/image-preview123535.png","type":"image\/png"}],"twitter_card":"summary_large_image","schema":{"@context":"https:\/\/schema.org","@graph":[{"@type":"WebPage","@id":"https:\/\/sales-ai-agents.com\/tr\/templates\/resume\/","url":"https:\/\/sales-ai-agents.com\/tr\/templates\/resume\/","name":"\u00d6zge\u00e7mi\u015f \u015eablonu - Sales AI Agents","isPartOf":{"@id":"https:\/\/sales-ai-agents.com\/#website"},"primaryImageOfPage":{"@id":"https:\/\/sales-ai-agents.com\/tr\/templates\/resume\/#primaryimage"},"image":{"@id":"https:\/\/sales-ai-agents.com\/tr\/templates\/resume\/#primaryimage"},"thumbnailUrl":"https:\/\/sales-ai-agents.com\/wp-content\/uploads\/2023\/01\/image-preview123535.png","datePublished":"2022-09-26T13:34:46+00:00","dateModified":"2023-12-31T17:36:38+00:00","description":"\u00d6zge\u00e7mi\u015f \u015fablonu, ileti\u015fim bilgileri, i\u015f deneyimi, beceriler vb. ile doldurdu\u011funuz bo\u015f bir formdur. Bilgilerinizi girin ve kolayca payla\u015f\u0131n!","inLanguage":"tr","potentialAction":[{"@type":"ReadAction","target":["https:\/\/sales-ai-agents.com\/tr\/templates\/resume\/"]}]},{"@type":"ImageObject","inLanguage":"tr","@id":"https:\/\/sales-ai-agents.com\/tr\/templates\/resume\/#primaryimage","url":"https:\/\/sales-ai-agents.com\/wp-content\/uploads\/2023\/01\/image-preview123535.png","contentUrl":"https:\/\/sales-ai-agents.com\/wp-content\/uploads\/2023\/01\/image-preview123535.png","width":1078,"height":2605},{"@type":"WebSite","@id":"https:\/\/sales-ai-agents.com\/#website","url":"https:\/\/sales-ai-agents.com\/","name":"FuseBase","description":"Sales AI Agents - Free Online Collaboration Software for Remote Teams. Build your wikis, client portals and more with the Nimbus Platform collaboration tool ? A perfect space for online work","publisher":{"@id":"https:\/\/sales-ai-agents.com\/#organization"},"potentialAction":[{"@type":"SearchAction","target":{"@type":"EntryPoint","urlTemplate":"https:\/\/sales-ai-agents.com\/?s={search_term_string}"},"query-input":{"@type":"PropertyValueSpecification","valueRequired":true,"valueName":"search_term_string"}}],"inLanguage":"tr"},{"@type":"Organization","@id":"https:\/\/sales-ai-agents.com\/#organization","name":"FuseBase","url":"https:\/\/sales-ai-agents.com\/","logo":{"@type":"ImageObject","inLanguage":"tr","@id":"https:\/\/sales-ai-agents.com\/#\/schema\/logo\/image\/","url":"https:\/\/sales-ai-agents.com\/wp-content\/uploads\/2023\/11\/icon-7.svg","contentUrl":"https:\/\/sales-ai-agents.com\/wp-content\/uploads\/2023\/11\/icon-7.svg","width":128,"height":128,"caption":"FuseBase"},"image":{"@id":"https:\/\/sales-ai-agents.com\/#\/schema\/logo\/image\/"}}]}},"_links":{"self":[{"href":"https:\/\/sales-ai-agents.com\/tr\/wp-json\/wp\/v2\/product\/55511","targetHints":{"allow":["GET"]}}],"collection":[{"href":"https:\/\/sales-ai-agents.com\/tr\/wp-json\/wp\/v2\/product"}],"about":[{"href":"https:\/\/sales-ai-agents.com\/tr\/wp-json\/wp\/v2\/types\/product"}],"wp:featuredmedia":[{"embeddable":true,"href":"https:\/\/sales-ai-agents.com\/tr\/wp-json\/wp\/v2\/media\/55512"}],"wp:attachment":[{"href":"https:\/\/sales-ai-agents.com\/tr\/wp-json\/wp\/v2\/media?parent=55511"}],"wp:term":[{"taxonomy":"product_brand","embeddable":true,"href":"https:\/\/sales-ai-agents.com\/tr\/wp-json\/wp\/v2\/product_brand?post=55511"},{"taxonomy":"product_cat","embeddable":true,"href":"https:\/\/sales-ai-agents.com\/tr\/wp-json\/wp\/v2\/product_cat?post=55511"},{"taxonomy":"product_tag","embeddable":true,"href":"https:\/\/sales-ai-agents.com\/tr\/wp-json\/wp\/v2\/product_tag?post=55511"}],"curies":[{"name":"wp","href":"https:\/\/api.w.org\/{rel}","templated":true}]}}