{"id":55518,"date":"2022-09-26T13:34:38","date_gmt":"2022-09-26T13:34:38","guid":{"rendered":"https:\/\/sales-ai-agents.com\/templates\/brand-guidelines\/"},"modified":"2023-12-26T14:46:08","modified_gmt":"2023-12-26T14:46:08","slug":"brand-guidelines","status":"publish","type":"product","link":"https:\/\/sales-ai-agents.com\/tr\/templates\/brand-guidelines\/","title":{"rendered":"Marka K\u0131lavuzlar\u0131"},"content":{"rendered":"<p>&nbsp;<\/p>\n<h2>Marka K\u0131lavuzlar\u0131 \u015eablonu<\/h2>\n<p class=\"desc-text\">K\u0131lavuzlar, marka tasar\u0131mlar\u0131n\u0131n tutarl\u0131 ve etkili kalmas\u0131n\u0131 sa\u011flamak i\u00e7in \u00e7ok \u00f6nemlidir. Sizin i\u00e7in k\u00fct\u00fcphanemize ekledi\u011fimiz bu \u015fablonu kullanarak t\u00fcm yarat\u0131c\u0131 \u00f6\u011felerinizin uyumlu oldu\u011fundan emin olun. Ekibinizdeki herkesin ayn\u0131 gemide olmas\u0131 i\u00e7in y\u00f6nergelerinizi belirleyin. Ekibinizin yarat\u0131c\u0131 varl\u0131klar\u0131 kolayca g\u00f6r\u00fcnt\u00fcleyebilmesi ve bunlara eri\u015febilmesi i\u00e7in g\u00f6rseller ekleyin ve saklay\u0131n.<\/p>\n<h5>Nas\u0131l kullan\u0131l\u0131r?<\/h5>\n<ul class=\"desc-item_list\">\n<li class=\"desc-item_list__point\">K\u0131lavuzlar\u0131 ve di\u011fer belgeleri y\u00fckleyin<\/li>\n<li class=\"desc-item_list__point\">G\u00f6rselleri ve yarat\u0131c\u0131 varl\u0131klar\u0131 ekleyin<\/li>\n<li class=\"desc-item_list__point\">Herkesin kat\u0131lmas\u0131n\u0131 sa\u011flamak i\u00e7in ekibinizle payla\u015f\u0131n<\/li>\n<li class=\"desc-item_list__point\">T\u00fcm ekibinizin marka imaj\u0131n\u0131z\u0131 anlad\u0131\u011f\u0131ndan emin olun<\/li>\n<\/ul>\n","protected":false},"excerpt":{"rendered":"<p>K\u0131lavuzlar, marka tasar\u0131mlar\u0131n\u0131n tutarl\u0131 kalmas\u0131n\u0131 sa\u011flamak i\u00e7in \u00e7ok \u00f6nemlidir. Bu \u00fccretsiz ve kolay \u015fablonu kullanarak t\u00fcm yarat\u0131c\u0131 \u00f6\u011felerinizin ayn\u0131 hizada oldu\u011fundan emin olun.<\/p>\n","protected":false},"featured_media":55519,"template":"","meta":{"_acf_changed":false,"inline_featured_image":false},"product_brand":[],"product_cat":[251],"product_tag":[],"class_list":{"0":"post-55518","1":"product","2":"type-product","3":"status-publish","4":"has-post-thumbnail","6":"product_cat-designer","8":"first","9":"instock","10":"virtual","11":"sold-individually","12":"product-type-simple"},"acf":[],"yoast_head":"<!-- This site is optimized with the Yoast SEO plugin v25.3.1 - https:\/\/yoast.com\/wordpress\/plugins\/seo\/ -->\n<title>Marka K\u0131lavuzlar\u0131 \u015eablonu - Sales AI Agents<\/title>\n<meta name=\"description\" content=\"K\u0131lavuzlar, marka tasar\u0131mlar\u0131n\u0131n tutarl\u0131 kalmas\u0131n\u0131 sa\u011flamak i\u00e7in \u00e7ok \u00f6nemlidir. T\u00fcm yarat\u0131c\u0131 \u00f6\u011felerinizin Nimbus \u015fablonuyla uyumlu oldu\u011fundan emin olun!\" \/>\n<meta name=\"robots\" content=\"index, follow, max-snippet:-1, max-image-preview:large, max-video-preview:-1\" \/>\n<link rel=\"canonical\" href=\"https:\/\/sales-ai-agents.com\/tr\/templates\/brand-guidelines\/\" \/>\n<meta property=\"og:locale\" content=\"tr_TR\" \/>\n<meta property=\"og:type\" content=\"article\" \/>\n<meta property=\"og:title\" content=\"Marka K\u0131lavuzlar\u0131 \u015eablonu - Sales AI Agents\" \/>\n<meta property=\"og:description\" content=\"K\u0131lavuzlar, marka tasar\u0131mlar\u0131n\u0131n tutarl\u0131 kalmas\u0131n\u0131 sa\u011flamak i\u00e7in \u00e7ok \u00f6nemlidir. T\u00fcm yarat\u0131c\u0131 \u00f6\u011felerinizin Nimbus \u015fablonuyla uyumlu oldu\u011fundan emin olun!\" \/>\n<meta property=\"og:url\" content=\"https:\/\/sales-ai-agents.com\/tr\/templates\/brand-guidelines\/\" \/>\n<meta property=\"og:site_name\" content=\"Sales AI Agents\" \/>\n<meta property=\"article:modified_time\" content=\"2023-12-26T14:46:08+00:00\" \/>\n<meta property=\"og:image\" content=\"https:\/\/sales-ai-agents.com\/wp-content\/uploads\/2023\/01\/image-preview123509.png\" \/>\n\t<meta property=\"og:image:width\" content=\"1078\" \/>\n\t<meta property=\"og:image:height\" content=\"877\" \/>\n\t<meta property=\"og:image:type\" content=\"image\/png\" \/>\n<meta name=\"twitter:card\" content=\"summary_large_image\" \/>\n<script type=\"application\/ld+json\" class=\"yoast-schema-graph\">{\"@context\":\"https:\/\/schema.org\",\"@graph\":[{\"@type\":\"WebPage\",\"@id\":\"https:\/\/sales-ai-agents.com\/tr\/templates\/brand-guidelines\/\",\"url\":\"https:\/\/sales-ai-agents.com\/tr\/templates\/brand-guidelines\/\",\"name\":\"Marka K\u0131lavuzlar\u0131 \u015eablonu - Sales AI Agents\",\"isPartOf\":{\"@id\":\"https:\/\/sales-ai-agents.com\/#website\"},\"primaryImageOfPage\":{\"@id\":\"https:\/\/sales-ai-agents.com\/tr\/templates\/brand-guidelines\/#primaryimage\"},\"image\":{\"@id\":\"https:\/\/sales-ai-agents.com\/tr\/templates\/brand-guidelines\/#primaryimage\"},\"thumbnailUrl\":\"https:\/\/sales-ai-agents.com\/wp-content\/uploads\/2023\/01\/image-preview123509.png\",\"datePublished\":\"2022-09-26T13:34:38+00:00\",\"dateModified\":\"2023-12-26T14:46:08+00:00\",\"description\":\"K\u0131lavuzlar, marka tasar\u0131mlar\u0131n\u0131n tutarl\u0131 kalmas\u0131n\u0131 sa\u011flamak i\u00e7in \u00e7ok \u00f6nemlidir. T\u00fcm yarat\u0131c\u0131 \u00f6\u011felerinizin Nimbus \u015fablonuyla uyumlu oldu\u011fundan emin olun!\",\"inLanguage\":\"tr\",\"potentialAction\":[{\"@type\":\"ReadAction\",\"target\":[\"https:\/\/sales-ai-agents.com\/tr\/templates\/brand-guidelines\/\"]}]},{\"@type\":\"ImageObject\",\"inLanguage\":\"tr\",\"@id\":\"https:\/\/sales-ai-agents.com\/tr\/templates\/brand-guidelines\/#primaryimage\",\"url\":\"https:\/\/sales-ai-agents.com\/wp-content\/uploads\/2023\/01\/image-preview123509.png\",\"contentUrl\":\"https:\/\/sales-ai-agents.com\/wp-content\/uploads\/2023\/01\/image-preview123509.png\",\"width\":1078,\"height\":877},{\"@type\":\"WebSite\",\"@id\":\"https:\/\/sales-ai-agents.com\/#website\",\"url\":\"https:\/\/sales-ai-agents.com\/\",\"name\":\"FuseBase\",\"description\":\"Sales AI Agents - Free Online Collaboration Software for Remote Teams. Build your wikis, client portals and more with the Nimbus Platform collaboration tool ? A perfect space for online work\",\"publisher\":{\"@id\":\"https:\/\/sales-ai-agents.com\/#organization\"},\"potentialAction\":[{\"@type\":\"SearchAction\",\"target\":{\"@type\":\"EntryPoint\",\"urlTemplate\":\"https:\/\/sales-ai-agents.com\/?s={search_term_string}\"},\"query-input\":{\"@type\":\"PropertyValueSpecification\",\"valueRequired\":true,\"valueName\":\"search_term_string\"}}],\"inLanguage\":\"tr\"},{\"@type\":\"Organization\",\"@id\":\"https:\/\/sales-ai-agents.com\/#organization\",\"name\":\"FuseBase\",\"url\":\"https:\/\/sales-ai-agents.com\/\",\"logo\":{\"@type\":\"ImageObject\",\"inLanguage\":\"tr\",\"@id\":\"https:\/\/sales-ai-agents.com\/#\/schema\/logo\/image\/\",\"url\":\"https:\/\/sales-ai-agents.com\/wp-content\/uploads\/2023\/11\/icon-7.svg\",\"contentUrl\":\"https:\/\/sales-ai-agents.com\/wp-content\/uploads\/2023\/11\/icon-7.svg\",\"width\":128,\"height\":128,\"caption\":\"FuseBase\"},\"image\":{\"@id\":\"https:\/\/sales-ai-agents.com\/#\/schema\/logo\/image\/\"}}]}<\/script>\n<!-- \/ Yoast SEO plugin. -->","yoast_head_json":{"title":"Marka K\u0131lavuzlar\u0131 \u015eablonu - Sales AI Agents","description":"K\u0131lavuzlar, marka tasar\u0131mlar\u0131n\u0131n tutarl\u0131 kalmas\u0131n\u0131 sa\u011flamak i\u00e7in \u00e7ok \u00f6nemlidir. T\u00fcm yarat\u0131c\u0131 \u00f6\u011felerinizin Nimbus \u015fablonuyla uyumlu oldu\u011fundan emin olun!","robots":{"index":"index","follow":"follow","max-snippet":"max-snippet:-1","max-image-preview":"max-image-preview:large","max-video-preview":"max-video-preview:-1"},"canonical":"https:\/\/sales-ai-agents.com\/tr\/templates\/brand-guidelines\/","og_locale":"tr_TR","og_type":"article","og_title":"Marka K\u0131lavuzlar\u0131 \u015eablonu - Sales AI Agents","og_description":"K\u0131lavuzlar, marka tasar\u0131mlar\u0131n\u0131n tutarl\u0131 kalmas\u0131n\u0131 sa\u011flamak i\u00e7in \u00e7ok \u00f6nemlidir. T\u00fcm yarat\u0131c\u0131 \u00f6\u011felerinizin Nimbus \u015fablonuyla uyumlu oldu\u011fundan emin olun!","og_url":"https:\/\/sales-ai-agents.com\/tr\/templates\/brand-guidelines\/","og_site_name":"Sales AI Agents","article_modified_time":"2023-12-26T14:46:08+00:00","og_image":[{"width":1078,"height":877,"url":"https:\/\/sales-ai-agents.com\/wp-content\/uploads\/2023\/01\/image-preview123509.png","type":"image\/png"}],"twitter_card":"summary_large_image","schema":{"@context":"https:\/\/schema.org","@graph":[{"@type":"WebPage","@id":"https:\/\/sales-ai-agents.com\/tr\/templates\/brand-guidelines\/","url":"https:\/\/sales-ai-agents.com\/tr\/templates\/brand-guidelines\/","name":"Marka K\u0131lavuzlar\u0131 \u015eablonu - Sales AI Agents","isPartOf":{"@id":"https:\/\/sales-ai-agents.com\/#website"},"primaryImageOfPage":{"@id":"https:\/\/sales-ai-agents.com\/tr\/templates\/brand-guidelines\/#primaryimage"},"image":{"@id":"https:\/\/sales-ai-agents.com\/tr\/templates\/brand-guidelines\/#primaryimage"},"thumbnailUrl":"https:\/\/sales-ai-agents.com\/wp-content\/uploads\/2023\/01\/image-preview123509.png","datePublished":"2022-09-26T13:34:38+00:00","dateModified":"2023-12-26T14:46:08+00:00","description":"K\u0131lavuzlar, marka tasar\u0131mlar\u0131n\u0131n tutarl\u0131 kalmas\u0131n\u0131 sa\u011flamak i\u00e7in \u00e7ok \u00f6nemlidir. T\u00fcm yarat\u0131c\u0131 \u00f6\u011felerinizin Nimbus \u015fablonuyla uyumlu oldu\u011fundan emin olun!","inLanguage":"tr","potentialAction":[{"@type":"ReadAction","target":["https:\/\/sales-ai-agents.com\/tr\/templates\/brand-guidelines\/"]}]},{"@type":"ImageObject","inLanguage":"tr","@id":"https:\/\/sales-ai-agents.com\/tr\/templates\/brand-guidelines\/#primaryimage","url":"https:\/\/sales-ai-agents.com\/wp-content\/uploads\/2023\/01\/image-preview123509.png","contentUrl":"https:\/\/sales-ai-agents.com\/wp-content\/uploads\/2023\/01\/image-preview123509.png","width":1078,"height":877},{"@type":"WebSite","@id":"https:\/\/sales-ai-agents.com\/#website","url":"https:\/\/sales-ai-agents.com\/","name":"FuseBase","description":"Sales AI Agents - Free Online Collaboration Software for Remote Teams. Build your wikis, client portals and more with the Nimbus Platform collaboration tool ? A perfect space for online work","publisher":{"@id":"https:\/\/sales-ai-agents.com\/#organization"},"potentialAction":[{"@type":"SearchAction","target":{"@type":"EntryPoint","urlTemplate":"https:\/\/sales-ai-agents.com\/?s={search_term_string}"},"query-input":{"@type":"PropertyValueSpecification","valueRequired":true,"valueName":"search_term_string"}}],"inLanguage":"tr"},{"@type":"Organization","@id":"https:\/\/sales-ai-agents.com\/#organization","name":"FuseBase","url":"https:\/\/sales-ai-agents.com\/","logo":{"@type":"ImageObject","inLanguage":"tr","@id":"https:\/\/sales-ai-agents.com\/#\/schema\/logo\/image\/","url":"https:\/\/sales-ai-agents.com\/wp-content\/uploads\/2023\/11\/icon-7.svg","contentUrl":"https:\/\/sales-ai-agents.com\/wp-content\/uploads\/2023\/11\/icon-7.svg","width":128,"height":128,"caption":"FuseBase"},"image":{"@id":"https:\/\/sales-ai-agents.com\/#\/schema\/logo\/image\/"}}]}},"_links":{"self":[{"href":"https:\/\/sales-ai-agents.com\/tr\/wp-json\/wp\/v2\/product\/55518","targetHints":{"allow":["GET"]}}],"collection":[{"href":"https:\/\/sales-ai-agents.com\/tr\/wp-json\/wp\/v2\/product"}],"about":[{"href":"https:\/\/sales-ai-agents.com\/tr\/wp-json\/wp\/v2\/types\/product"}],"wp:featuredmedia":[{"embeddable":true,"href":"https:\/\/sales-ai-agents.com\/tr\/wp-json\/wp\/v2\/media\/55519"}],"wp:attachment":[{"href":"https:\/\/sales-ai-agents.com\/tr\/wp-json\/wp\/v2\/media?parent=55518"}],"wp:term":[{"taxonomy":"product_brand","embeddable":true,"href":"https:\/\/sales-ai-agents.com\/tr\/wp-json\/wp\/v2\/product_brand?post=55518"},{"taxonomy":"product_cat","embeddable":true,"href":"https:\/\/sales-ai-agents.com\/tr\/wp-json\/wp\/v2\/product_cat?post=55518"},{"taxonomy":"product_tag","embeddable":true,"href":"https:\/\/sales-ai-agents.com\/tr\/wp-json\/wp\/v2\/product_tag?post=55518"}],"curies":[{"name":"wp","href":"https:\/\/api.w.org\/{rel}","templated":true}]}}