{"id":55521,"date":"2022-09-26T13:34:21","date_gmt":"2022-09-26T13:34:21","guid":{"rendered":"https:\/\/sales-ai-agents.com\/templates\/calorie-fitness-log\/"},"modified":"2023-12-31T17:10:46","modified_gmt":"2023-12-31T17:10:46","slug":"calorie-fitness-log","status":"publish","type":"product","link":"https:\/\/sales-ai-agents.com\/tr\/templates\/calorie-fitness-log\/","title":{"rendered":"Kalori ve Fitness G\u00fcnl\u00fc\u011f\u00fc"},"content":{"rendered":"<p>&nbsp;<\/p>\n<h2>Kalori ve Fitness G\u00fcnl\u00fc\u011f\u00fc \u015eablonu<\/h2>\n<p class=\"desc-text\">G\u00fcn boyunca yediklerinizi ve fitness aktivitelerinizi takip etmek i\u00e7in Kalori ve Fitness G\u00fcnl\u00fc\u011f\u00fc \u015fablonunu kullan\u0131n. Ald\u0131\u011f\u0131n\u0131z kalori ile yakt\u0131\u011f\u0131n\u0131z kalori aras\u0131ndaki fark\u0131 kontrol ederek ya\u011f yakma s\u00fcrecinin ilerleyi\u015fini takip edebilirsiniz.<\/p>\n<h5>Nas\u0131l kullan\u0131l\u0131r?<\/h5>\n<ul class=\"desc-item_list\">\n<li class=\"desc-item_list__point\">Bir tarih, ba\u015flang\u0131\u00e7 kilonuzu ve hedef kilonuzu ekleyin<\/li>\n<li class=\"desc-item_list__point\">Her \u00f6\u011f\u00fcn i\u00e7in al\u0131nan kaloriyi yaz\u0131n<\/li>\n<li class=\"desc-item_list__point\">Yapt\u0131\u011f\u0131n\u0131z egzersiz t\u00fcr\u00fcn\u00fc, egzersiz s\u00fcresini ve yak\u0131lan kaloriyi ekleyin<\/li>\n<li class=\"desc-item_list__point\">Her g\u00fcn i\u00e7in al\u0131nan ve yak\u0131lan toplam kaloriyi kontrol edin<\/li>\n<\/ul>\n","protected":false},"excerpt":{"rendered":"<p>G\u00fcn boyunca yediklerinizi ve fitness aktivitelerinizi takip etmek i\u00e7in Kalori ve Fitness G\u00fcnl\u00fc\u011f\u00fc \u015fablonunu kullan\u0131n. Ya\u011f yakma s\u00fcrecinin ilerleyi\u015fini takip edin.<\/p>\n","protected":false},"featured_media":55522,"template":"","meta":{"_acf_changed":false,"inline_featured_image":false},"product_brand":[],"product_cat":[257,259,256],"product_tag":[],"class_list":{"0":"post-55521","1":"product","2":"type-product","3":"status-publish","4":"has-post-thumbnail","6":"product_cat-personal","7":"product_cat-personal-health","8":"product_cat-organizers-planners","10":"first","11":"instock","12":"virtual","13":"sold-individually","14":"product-type-simple"},"acf":[],"yoast_head":"<!-- This site is optimized with the Yoast SEO plugin v25.3.1 - https:\/\/yoast.com\/wordpress\/plugins\/seo\/ -->\n<title>Kalori ve Fitness G\u00fcnl\u00fc\u011f\u00fc \u015eablonu - Sales AI Agents<\/title>\n<meta name=\"description\" content=\"G\u00fcn boyunca yediklerinizi ve fitness aktivitelerinizi takip etmek i\u00e7in Kalori ve Fitness G\u00fcnl\u00fc\u011f\u00fc \u015fablonunu kullan\u0131n. Nimbus ile ilerlemeyi takip edin!\" \/>\n<meta name=\"robots\" content=\"index, follow, max-snippet:-1, max-image-preview:large, max-video-preview:-1\" \/>\n<link rel=\"canonical\" href=\"https:\/\/sales-ai-agents.com\/tr\/templates\/calorie-fitness-log\/\" \/>\n<meta property=\"og:locale\" content=\"tr_TR\" \/>\n<meta property=\"og:type\" content=\"article\" \/>\n<meta property=\"og:title\" content=\"Kalori ve Fitness G\u00fcnl\u00fc\u011f\u00fc \u015eablonu - Sales AI Agents\" \/>\n<meta property=\"og:description\" content=\"G\u00fcn boyunca yediklerinizi ve fitness aktivitelerinizi takip etmek i\u00e7in Kalori ve Fitness G\u00fcnl\u00fc\u011f\u00fc \u015fablonunu kullan\u0131n. Nimbus ile ilerlemeyi takip edin!\" \/>\n<meta property=\"og:url\" content=\"https:\/\/sales-ai-agents.com\/tr\/templates\/calorie-fitness-log\/\" \/>\n<meta property=\"og:site_name\" content=\"Sales AI Agents\" \/>\n<meta property=\"article:modified_time\" content=\"2023-12-31T17:10:46+00:00\" \/>\n<meta property=\"og:image\" content=\"https:\/\/sales-ai-agents.com\/wp-content\/uploads\/2023\/01\/image-preview123453.png\" \/>\n\t<meta property=\"og:image:width\" content=\"1078\" \/>\n\t<meta property=\"og:image:height\" content=\"3207\" \/>\n\t<meta property=\"og:image:type\" content=\"image\/png\" \/>\n<meta name=\"twitter:card\" content=\"summary_large_image\" \/>\n<script type=\"application\/ld+json\" class=\"yoast-schema-graph\">{\"@context\":\"https:\/\/schema.org\",\"@graph\":[{\"@type\":\"WebPage\",\"@id\":\"https:\/\/sales-ai-agents.com\/tr\/templates\/calorie-fitness-log\/\",\"url\":\"https:\/\/sales-ai-agents.com\/tr\/templates\/calorie-fitness-log\/\",\"name\":\"Kalori ve Fitness G\u00fcnl\u00fc\u011f\u00fc \u015eablonu - Sales AI Agents\",\"isPartOf\":{\"@id\":\"https:\/\/sales-ai-agents.com\/#website\"},\"primaryImageOfPage\":{\"@id\":\"https:\/\/sales-ai-agents.com\/tr\/templates\/calorie-fitness-log\/#primaryimage\"},\"image\":{\"@id\":\"https:\/\/sales-ai-agents.com\/tr\/templates\/calorie-fitness-log\/#primaryimage\"},\"thumbnailUrl\":\"https:\/\/sales-ai-agents.com\/wp-content\/uploads\/2023\/01\/image-preview123453.png\",\"datePublished\":\"2022-09-26T13:34:21+00:00\",\"dateModified\":\"2023-12-31T17:10:46+00:00\",\"description\":\"G\u00fcn boyunca yediklerinizi ve fitness aktivitelerinizi takip etmek i\u00e7in Kalori ve Fitness G\u00fcnl\u00fc\u011f\u00fc \u015fablonunu kullan\u0131n. Nimbus ile ilerlemeyi takip edin!\",\"inLanguage\":\"tr\",\"potentialAction\":[{\"@type\":\"ReadAction\",\"target\":[\"https:\/\/sales-ai-agents.com\/tr\/templates\/calorie-fitness-log\/\"]}]},{\"@type\":\"ImageObject\",\"inLanguage\":\"tr\",\"@id\":\"https:\/\/sales-ai-agents.com\/tr\/templates\/calorie-fitness-log\/#primaryimage\",\"url\":\"https:\/\/sales-ai-agents.com\/wp-content\/uploads\/2023\/01\/image-preview123453.png\",\"contentUrl\":\"https:\/\/sales-ai-agents.com\/wp-content\/uploads\/2023\/01\/image-preview123453.png\",\"width\":1078,\"height\":3207},{\"@type\":\"WebSite\",\"@id\":\"https:\/\/sales-ai-agents.com\/#website\",\"url\":\"https:\/\/sales-ai-agents.com\/\",\"name\":\"FuseBase\",\"description\":\"Sales AI Agents - Free Online Collaboration Software for Remote Teams. Build your wikis, client portals and more with the Nimbus Platform collaboration tool ? A perfect space for online work\",\"publisher\":{\"@id\":\"https:\/\/sales-ai-agents.com\/#organization\"},\"potentialAction\":[{\"@type\":\"SearchAction\",\"target\":{\"@type\":\"EntryPoint\",\"urlTemplate\":\"https:\/\/sales-ai-agents.com\/?s={search_term_string}\"},\"query-input\":{\"@type\":\"PropertyValueSpecification\",\"valueRequired\":true,\"valueName\":\"search_term_string\"}}],\"inLanguage\":\"tr\"},{\"@type\":\"Organization\",\"@id\":\"https:\/\/sales-ai-agents.com\/#organization\",\"name\":\"FuseBase\",\"url\":\"https:\/\/sales-ai-agents.com\/\",\"logo\":{\"@type\":\"ImageObject\",\"inLanguage\":\"tr\",\"@id\":\"https:\/\/sales-ai-agents.com\/#\/schema\/logo\/image\/\",\"url\":\"https:\/\/sales-ai-agents.com\/wp-content\/uploads\/2023\/11\/icon-7.svg\",\"contentUrl\":\"https:\/\/sales-ai-agents.com\/wp-content\/uploads\/2023\/11\/icon-7.svg\",\"width\":128,\"height\":128,\"caption\":\"FuseBase\"},\"image\":{\"@id\":\"https:\/\/sales-ai-agents.com\/#\/schema\/logo\/image\/\"}}]}<\/script>\n<!-- \/ Yoast SEO plugin. -->","yoast_head_json":{"title":"Kalori ve Fitness G\u00fcnl\u00fc\u011f\u00fc \u015eablonu - Sales AI Agents","description":"G\u00fcn boyunca yediklerinizi ve fitness aktivitelerinizi takip etmek i\u00e7in Kalori ve Fitness G\u00fcnl\u00fc\u011f\u00fc \u015fablonunu kullan\u0131n. Nimbus ile ilerlemeyi takip edin!","robots":{"index":"index","follow":"follow","max-snippet":"max-snippet:-1","max-image-preview":"max-image-preview:large","max-video-preview":"max-video-preview:-1"},"canonical":"https:\/\/sales-ai-agents.com\/tr\/templates\/calorie-fitness-log\/","og_locale":"tr_TR","og_type":"article","og_title":"Kalori ve Fitness G\u00fcnl\u00fc\u011f\u00fc \u015eablonu - Sales AI Agents","og_description":"G\u00fcn boyunca yediklerinizi ve fitness aktivitelerinizi takip etmek i\u00e7in Kalori ve Fitness G\u00fcnl\u00fc\u011f\u00fc \u015fablonunu kullan\u0131n. Nimbus ile ilerlemeyi takip edin!","og_url":"https:\/\/sales-ai-agents.com\/tr\/templates\/calorie-fitness-log\/","og_site_name":"Sales AI Agents","article_modified_time":"2023-12-31T17:10:46+00:00","og_image":[{"width":1078,"height":3207,"url":"https:\/\/sales-ai-agents.com\/wp-content\/uploads\/2023\/01\/image-preview123453.png","type":"image\/png"}],"twitter_card":"summary_large_image","schema":{"@context":"https:\/\/schema.org","@graph":[{"@type":"WebPage","@id":"https:\/\/sales-ai-agents.com\/tr\/templates\/calorie-fitness-log\/","url":"https:\/\/sales-ai-agents.com\/tr\/templates\/calorie-fitness-log\/","name":"Kalori ve Fitness G\u00fcnl\u00fc\u011f\u00fc \u015eablonu - Sales AI Agents","isPartOf":{"@id":"https:\/\/sales-ai-agents.com\/#website"},"primaryImageOfPage":{"@id":"https:\/\/sales-ai-agents.com\/tr\/templates\/calorie-fitness-log\/#primaryimage"},"image":{"@id":"https:\/\/sales-ai-agents.com\/tr\/templates\/calorie-fitness-log\/#primaryimage"},"thumbnailUrl":"https:\/\/sales-ai-agents.com\/wp-content\/uploads\/2023\/01\/image-preview123453.png","datePublished":"2022-09-26T13:34:21+00:00","dateModified":"2023-12-31T17:10:46+00:00","description":"G\u00fcn boyunca yediklerinizi ve fitness aktivitelerinizi takip etmek i\u00e7in Kalori ve Fitness G\u00fcnl\u00fc\u011f\u00fc \u015fablonunu kullan\u0131n. Nimbus ile ilerlemeyi takip edin!","inLanguage":"tr","potentialAction":[{"@type":"ReadAction","target":["https:\/\/sales-ai-agents.com\/tr\/templates\/calorie-fitness-log\/"]}]},{"@type":"ImageObject","inLanguage":"tr","@id":"https:\/\/sales-ai-agents.com\/tr\/templates\/calorie-fitness-log\/#primaryimage","url":"https:\/\/sales-ai-agents.com\/wp-content\/uploads\/2023\/01\/image-preview123453.png","contentUrl":"https:\/\/sales-ai-agents.com\/wp-content\/uploads\/2023\/01\/image-preview123453.png","width":1078,"height":3207},{"@type":"WebSite","@id":"https:\/\/sales-ai-agents.com\/#website","url":"https:\/\/sales-ai-agents.com\/","name":"FuseBase","description":"Sales AI Agents - Free Online Collaboration Software for Remote Teams. Build your wikis, client portals and more with the Nimbus Platform collaboration tool ? A perfect space for online work","publisher":{"@id":"https:\/\/sales-ai-agents.com\/#organization"},"potentialAction":[{"@type":"SearchAction","target":{"@type":"EntryPoint","urlTemplate":"https:\/\/sales-ai-agents.com\/?s={search_term_string}"},"query-input":{"@type":"PropertyValueSpecification","valueRequired":true,"valueName":"search_term_string"}}],"inLanguage":"tr"},{"@type":"Organization","@id":"https:\/\/sales-ai-agents.com\/#organization","name":"FuseBase","url":"https:\/\/sales-ai-agents.com\/","logo":{"@type":"ImageObject","inLanguage":"tr","@id":"https:\/\/sales-ai-agents.com\/#\/schema\/logo\/image\/","url":"https:\/\/sales-ai-agents.com\/wp-content\/uploads\/2023\/11\/icon-7.svg","contentUrl":"https:\/\/sales-ai-agents.com\/wp-content\/uploads\/2023\/11\/icon-7.svg","width":128,"height":128,"caption":"FuseBase"},"image":{"@id":"https:\/\/sales-ai-agents.com\/#\/schema\/logo\/image\/"}}]}},"_links":{"self":[{"href":"https:\/\/sales-ai-agents.com\/tr\/wp-json\/wp\/v2\/product\/55521","targetHints":{"allow":["GET"]}}],"collection":[{"href":"https:\/\/sales-ai-agents.com\/tr\/wp-json\/wp\/v2\/product"}],"about":[{"href":"https:\/\/sales-ai-agents.com\/tr\/wp-json\/wp\/v2\/types\/product"}],"wp:featuredmedia":[{"embeddable":true,"href":"https:\/\/sales-ai-agents.com\/tr\/wp-json\/wp\/v2\/media\/55522"}],"wp:attachment":[{"href":"https:\/\/sales-ai-agents.com\/tr\/wp-json\/wp\/v2\/media?parent=55521"}],"wp:term":[{"taxonomy":"product_brand","embeddable":true,"href":"https:\/\/sales-ai-agents.com\/tr\/wp-json\/wp\/v2\/product_brand?post=55521"},{"taxonomy":"product_cat","embeddable":true,"href":"https:\/\/sales-ai-agents.com\/tr\/wp-json\/wp\/v2\/product_cat?post=55521"},{"taxonomy":"product_tag","embeddable":true,"href":"https:\/\/sales-ai-agents.com\/tr\/wp-json\/wp\/v2\/product_tag?post=55521"}],"curies":[{"name":"wp","href":"https:\/\/api.w.org\/{rel}","templated":true}]}}