{"id":55525,"date":"2022-09-26T13:34:17","date_gmt":"2022-09-26T13:34:17","guid":{"rendered":"https:\/\/sales-ai-agents.com\/templates\/weekly-weight-tracker\/"},"modified":"2023-12-31T17:33:17","modified_gmt":"2023-12-31T17:33:17","slug":"weekly-weight-tracker","status":"publish","type":"product","link":"https:\/\/sales-ai-agents.com\/tr\/templates\/weekly-weight-tracker\/","title":{"rendered":"Haftal\u0131k Kilo Takibi"},"content":{"rendered":"<p>&nbsp;<\/p>\n<h2>Haftal\u0131k Kilo Takip \u015eablonu<\/h2>\n<p class=\"desc-text\">Bu \u015fablon ile her hafta kilonuzu ve kalori al\u0131m\u0131n\u0131z\u0131 takip edin. \u0130lerlemenizi takip ederek ve kendinizi motive ederek fitness yolculu\u011funuzda ivmeyi koruyun. \u0130lerlemenizi kaydederek ve egzersiz ve kalorilerinizi not ederek, neyi iyi yapt\u0131\u011f\u0131n\u0131z\u0131 yans\u0131tabilirsiniz. Her hafta geli\u015fiminizi g\u00f6rmek de cesaret verici olabilir!<\/p>\n<h5>Nas\u0131l kullan\u0131l\u0131r?<\/h5>\n<ul class=\"desc-item_list\">\n<li class=\"desc-item_list__point\">Hedeflerinizi tan\u0131mlay\u0131n<\/li>\n<li class=\"desc-item_list__point\">Kendiniz i\u00e7in bir hedef tarih belirleyin<\/li>\n<li class=\"desc-item_list__point\">Haftan\u0131n her g\u00fcn\u00fc ilerlemenizi kaydedin<\/li>\n<li class=\"desc-item_list__point\">Egzersizi, kalori al\u0131m\u0131n\u0131 ve her t\u00fcrl\u00fc de\u011fi\u015fikli\u011fi not edin<\/li>\n<\/ul>\n","protected":false},"excerpt":{"rendered":"<p>Bu \u015fablon ile kilonuzu ve kalori al\u0131m\u0131n\u0131z\u0131 takip edin. \u0130lerlemenizi takip ederek ve kendinizi motive ederek fitness yolculu\u011funuzda ivmeyi koruyun.<\/p>\n","protected":false},"featured_media":55526,"template":"","meta":{"_acf_changed":false,"inline_featured_image":false},"product_brand":[],"product_cat":[257,259],"product_tag":[],"class_list":{"0":"post-55525","1":"product","2":"type-product","3":"status-publish","4":"has-post-thumbnail","6":"product_cat-personal","7":"product_cat-personal-health","9":"first","10":"instock","11":"virtual","12":"sold-individually","13":"product-type-simple"},"acf":[],"yoast_head":"<!-- This site is optimized with the Yoast SEO plugin v25.3.1 - https:\/\/yoast.com\/wordpress\/plugins\/seo\/ -->\n<title>Haftal\u0131k Kilo Takip \u015eablonu - Sales AI Agents<\/title>\n<meta name=\"description\" content=\"Bu \u015fablon ile kilonuzu ve kalori al\u0131m\u0131n\u0131z\u0131 takip edin. \u0130lerlemenizi takip ederek ve kendinizi motive ederek fitness yolculu\u011funuzda ivmeyi koruyun.\" \/>\n<meta name=\"robots\" content=\"index, follow, max-snippet:-1, max-image-preview:large, max-video-preview:-1\" \/>\n<link rel=\"canonical\" href=\"https:\/\/sales-ai-agents.com\/tr\/templates\/weekly-weight-tracker\/\" \/>\n<meta property=\"og:locale\" content=\"tr_TR\" \/>\n<meta property=\"og:type\" content=\"article\" \/>\n<meta property=\"og:title\" content=\"Haftal\u0131k Kilo Takip \u015eablonu - Sales AI Agents\" \/>\n<meta property=\"og:description\" content=\"Bu \u015fablon ile kilonuzu ve kalori al\u0131m\u0131n\u0131z\u0131 takip edin. \u0130lerlemenizi takip ederek ve kendinizi motive ederek fitness yolculu\u011funuzda ivmeyi koruyun.\" \/>\n<meta property=\"og:url\" content=\"https:\/\/sales-ai-agents.com\/tr\/templates\/weekly-weight-tracker\/\" \/>\n<meta property=\"og:site_name\" content=\"Sales AI Agents\" \/>\n<meta property=\"article:modified_time\" content=\"2023-12-31T17:33:17+00:00\" \/>\n<meta property=\"og:image\" content=\"https:\/\/sales-ai-agents.com\/wp-content\/uploads\/2023\/01\/image-preview123530.png\" \/>\n\t<meta property=\"og:image:width\" content=\"1078\" \/>\n\t<meta property=\"og:image:height\" content=\"1191\" \/>\n\t<meta property=\"og:image:type\" content=\"image\/png\" \/>\n<meta name=\"twitter:card\" content=\"summary_large_image\" \/>\n<script type=\"application\/ld+json\" class=\"yoast-schema-graph\">{\"@context\":\"https:\/\/schema.org\",\"@graph\":[{\"@type\":\"WebPage\",\"@id\":\"https:\/\/sales-ai-agents.com\/tr\/templates\/weekly-weight-tracker\/\",\"url\":\"https:\/\/sales-ai-agents.com\/tr\/templates\/weekly-weight-tracker\/\",\"name\":\"Haftal\u0131k Kilo Takip \u015eablonu - Sales AI Agents\",\"isPartOf\":{\"@id\":\"https:\/\/sales-ai-agents.com\/#website\"},\"primaryImageOfPage\":{\"@id\":\"https:\/\/sales-ai-agents.com\/tr\/templates\/weekly-weight-tracker\/#primaryimage\"},\"image\":{\"@id\":\"https:\/\/sales-ai-agents.com\/tr\/templates\/weekly-weight-tracker\/#primaryimage\"},\"thumbnailUrl\":\"https:\/\/sales-ai-agents.com\/wp-content\/uploads\/2023\/01\/image-preview123530.png\",\"datePublished\":\"2022-09-26T13:34:17+00:00\",\"dateModified\":\"2023-12-31T17:33:17+00:00\",\"description\":\"Bu \u015fablon ile kilonuzu ve kalori al\u0131m\u0131n\u0131z\u0131 takip edin. \u0130lerlemenizi takip ederek ve kendinizi motive ederek fitness yolculu\u011funuzda ivmeyi koruyun.\",\"inLanguage\":\"tr\",\"potentialAction\":[{\"@type\":\"ReadAction\",\"target\":[\"https:\/\/sales-ai-agents.com\/tr\/templates\/weekly-weight-tracker\/\"]}]},{\"@type\":\"ImageObject\",\"inLanguage\":\"tr\",\"@id\":\"https:\/\/sales-ai-agents.com\/tr\/templates\/weekly-weight-tracker\/#primaryimage\",\"url\":\"https:\/\/sales-ai-agents.com\/wp-content\/uploads\/2023\/01\/image-preview123530.png\",\"contentUrl\":\"https:\/\/sales-ai-agents.com\/wp-content\/uploads\/2023\/01\/image-preview123530.png\",\"width\":1078,\"height\":1191},{\"@type\":\"WebSite\",\"@id\":\"https:\/\/sales-ai-agents.com\/#website\",\"url\":\"https:\/\/sales-ai-agents.com\/\",\"name\":\"FuseBase\",\"description\":\"Sales AI Agents - Free Online Collaboration Software for Remote Teams. Build your wikis, client portals and more with the Nimbus Platform collaboration tool ? A perfect space for online work\",\"publisher\":{\"@id\":\"https:\/\/sales-ai-agents.com\/#organization\"},\"potentialAction\":[{\"@type\":\"SearchAction\",\"target\":{\"@type\":\"EntryPoint\",\"urlTemplate\":\"https:\/\/sales-ai-agents.com\/?s={search_term_string}\"},\"query-input\":{\"@type\":\"PropertyValueSpecification\",\"valueRequired\":true,\"valueName\":\"search_term_string\"}}],\"inLanguage\":\"tr\"},{\"@type\":\"Organization\",\"@id\":\"https:\/\/sales-ai-agents.com\/#organization\",\"name\":\"FuseBase\",\"url\":\"https:\/\/sales-ai-agents.com\/\",\"logo\":{\"@type\":\"ImageObject\",\"inLanguage\":\"tr\",\"@id\":\"https:\/\/sales-ai-agents.com\/#\/schema\/logo\/image\/\",\"url\":\"https:\/\/sales-ai-agents.com\/wp-content\/uploads\/2023\/11\/icon-7.svg\",\"contentUrl\":\"https:\/\/sales-ai-agents.com\/wp-content\/uploads\/2023\/11\/icon-7.svg\",\"width\":128,\"height\":128,\"caption\":\"FuseBase\"},\"image\":{\"@id\":\"https:\/\/sales-ai-agents.com\/#\/schema\/logo\/image\/\"}}]}<\/script>\n<!-- \/ Yoast SEO plugin. -->","yoast_head_json":{"title":"Haftal\u0131k Kilo Takip \u015eablonu - Sales AI Agents","description":"Bu \u015fablon ile kilonuzu ve kalori al\u0131m\u0131n\u0131z\u0131 takip edin. \u0130lerlemenizi takip ederek ve kendinizi motive ederek fitness yolculu\u011funuzda ivmeyi koruyun.","robots":{"index":"index","follow":"follow","max-snippet":"max-snippet:-1","max-image-preview":"max-image-preview:large","max-video-preview":"max-video-preview:-1"},"canonical":"https:\/\/sales-ai-agents.com\/tr\/templates\/weekly-weight-tracker\/","og_locale":"tr_TR","og_type":"article","og_title":"Haftal\u0131k Kilo Takip \u015eablonu - Sales AI Agents","og_description":"Bu \u015fablon ile kilonuzu ve kalori al\u0131m\u0131n\u0131z\u0131 takip edin. \u0130lerlemenizi takip ederek ve kendinizi motive ederek fitness yolculu\u011funuzda ivmeyi koruyun.","og_url":"https:\/\/sales-ai-agents.com\/tr\/templates\/weekly-weight-tracker\/","og_site_name":"Sales AI Agents","article_modified_time":"2023-12-31T17:33:17+00:00","og_image":[{"width":1078,"height":1191,"url":"https:\/\/sales-ai-agents.com\/wp-content\/uploads\/2023\/01\/image-preview123530.png","type":"image\/png"}],"twitter_card":"summary_large_image","schema":{"@context":"https:\/\/schema.org","@graph":[{"@type":"WebPage","@id":"https:\/\/sales-ai-agents.com\/tr\/templates\/weekly-weight-tracker\/","url":"https:\/\/sales-ai-agents.com\/tr\/templates\/weekly-weight-tracker\/","name":"Haftal\u0131k Kilo Takip \u015eablonu - Sales AI Agents","isPartOf":{"@id":"https:\/\/sales-ai-agents.com\/#website"},"primaryImageOfPage":{"@id":"https:\/\/sales-ai-agents.com\/tr\/templates\/weekly-weight-tracker\/#primaryimage"},"image":{"@id":"https:\/\/sales-ai-agents.com\/tr\/templates\/weekly-weight-tracker\/#primaryimage"},"thumbnailUrl":"https:\/\/sales-ai-agents.com\/wp-content\/uploads\/2023\/01\/image-preview123530.png","datePublished":"2022-09-26T13:34:17+00:00","dateModified":"2023-12-31T17:33:17+00:00","description":"Bu \u015fablon ile kilonuzu ve kalori al\u0131m\u0131n\u0131z\u0131 takip edin. \u0130lerlemenizi takip ederek ve kendinizi motive ederek fitness yolculu\u011funuzda ivmeyi koruyun.","inLanguage":"tr","potentialAction":[{"@type":"ReadAction","target":["https:\/\/sales-ai-agents.com\/tr\/templates\/weekly-weight-tracker\/"]}]},{"@type":"ImageObject","inLanguage":"tr","@id":"https:\/\/sales-ai-agents.com\/tr\/templates\/weekly-weight-tracker\/#primaryimage","url":"https:\/\/sales-ai-agents.com\/wp-content\/uploads\/2023\/01\/image-preview123530.png","contentUrl":"https:\/\/sales-ai-agents.com\/wp-content\/uploads\/2023\/01\/image-preview123530.png","width":1078,"height":1191},{"@type":"WebSite","@id":"https:\/\/sales-ai-agents.com\/#website","url":"https:\/\/sales-ai-agents.com\/","name":"FuseBase","description":"Sales AI Agents - Free Online Collaboration Software for Remote Teams. Build your wikis, client portals and more with the Nimbus Platform collaboration tool ? A perfect space for online work","publisher":{"@id":"https:\/\/sales-ai-agents.com\/#organization"},"potentialAction":[{"@type":"SearchAction","target":{"@type":"EntryPoint","urlTemplate":"https:\/\/sales-ai-agents.com\/?s={search_term_string}"},"query-input":{"@type":"PropertyValueSpecification","valueRequired":true,"valueName":"search_term_string"}}],"inLanguage":"tr"},{"@type":"Organization","@id":"https:\/\/sales-ai-agents.com\/#organization","name":"FuseBase","url":"https:\/\/sales-ai-agents.com\/","logo":{"@type":"ImageObject","inLanguage":"tr","@id":"https:\/\/sales-ai-agents.com\/#\/schema\/logo\/image\/","url":"https:\/\/sales-ai-agents.com\/wp-content\/uploads\/2023\/11\/icon-7.svg","contentUrl":"https:\/\/sales-ai-agents.com\/wp-content\/uploads\/2023\/11\/icon-7.svg","width":128,"height":128,"caption":"FuseBase"},"image":{"@id":"https:\/\/sales-ai-agents.com\/#\/schema\/logo\/image\/"}}]}},"_links":{"self":[{"href":"https:\/\/sales-ai-agents.com\/tr\/wp-json\/wp\/v2\/product\/55525","targetHints":{"allow":["GET"]}}],"collection":[{"href":"https:\/\/sales-ai-agents.com\/tr\/wp-json\/wp\/v2\/product"}],"about":[{"href":"https:\/\/sales-ai-agents.com\/tr\/wp-json\/wp\/v2\/types\/product"}],"wp:featuredmedia":[{"embeddable":true,"href":"https:\/\/sales-ai-agents.com\/tr\/wp-json\/wp\/v2\/media\/55526"}],"wp:attachment":[{"href":"https:\/\/sales-ai-agents.com\/tr\/wp-json\/wp\/v2\/media?parent=55525"}],"wp:term":[{"taxonomy":"product_brand","embeddable":true,"href":"https:\/\/sales-ai-agents.com\/tr\/wp-json\/wp\/v2\/product_brand?post=55525"},{"taxonomy":"product_cat","embeddable":true,"href":"https:\/\/sales-ai-agents.com\/tr\/wp-json\/wp\/v2\/product_cat?post=55525"},{"taxonomy":"product_tag","embeddable":true,"href":"https:\/\/sales-ai-agents.com\/tr\/wp-json\/wp\/v2\/product_tag?post=55525"}],"curies":[{"name":"wp","href":"https:\/\/api.w.org\/{rel}","templated":true}]}}