{"id":55528,"date":"2022-09-26T13:34:14","date_gmt":"2022-09-26T13:34:14","guid":{"rendered":"https:\/\/sales-ai-agents.com\/templates\/weekly-class-progress\/"},"modified":"2023-12-26T20:34:17","modified_gmt":"2023-12-26T20:34:17","slug":"weekly-class-progress","status":"publish","type":"product","link":"https:\/\/sales-ai-agents.com\/tr\/templates\/weekly-class-progress\/","title":{"rendered":"Haftal\u0131k S\u0131n\u0131f \u0130lerlemesi"},"content":{"rendered":"<p>&nbsp;<\/p>\n<h2>Haftal\u0131k S\u0131n\u0131f \u0130lerleme \u015eablonu<\/h2>\n<p class=\"desc-text\">Bir s\u0131n\u0131f dolusu \u00f6\u011frenci varken, her birini takip etmek zordur. \u00d6\u011frencilerin standartlar\u0131 kar\u015f\u0131lad\u0131\u011f\u0131ndan emin olmak i\u00e7in, s\u0131n\u0131f i\u00e7in dijital ara\u00e7larla birlikte haftal\u0131k ilerleme \u015fablonumuzu kullan\u0131n. Her \u00f6\u011frenciyi her hafta g\u00f6zden ge\u00e7irin. Geli\u015fmeleri \u00e7evrimi\u00e7i bir ilerleme defterinde i\u015faretleyin. \u00d6\u011frencileri programa uygun tutun ve onlar\u0131 desteklemenin yollar\u0131n\u0131 listeleyin. S\u0131n\u0131f\u0131n\u0131z\u0131 ba\u015far\u0131ya haz\u0131rlamak i\u00e7in etkili bir \u015fekilde organize olun.<\/p>\n<h5>Nas\u0131l kullan\u0131l\u0131r?<\/h5>\n<ul class=\"desc-item_list\">\n<li class=\"desc-item_list__point\">Tablodaki her bir \u00f6\u011frenciyi listeleyin<\/li>\n<li class=\"desc-item_list__point\">Hafta sonunda ilerlemelerini de\u011ferlendirin<\/li>\n<li class=\"desc-item_list__point\">G\u00fc\u00e7l\u00fc ve zay\u0131f y\u00f6nlerini yaz\u0131n<\/li>\n<li class=\"desc-item_list__point\">Geli\u015fmelerine yard\u0131mc\u0131 olacak yollar bulun<\/li>\n<li class=\"desc-item_list__point\">Ders planlar\u0131n\u0131z\u0131 olu\u015ftururken bunu bir rehber olarak kullan\u0131n<\/li>\n<\/ul>\n","protected":false},"excerpt":{"rendered":"<p>Bu \u00fccretsiz haftal\u0131k ilerleme \u015fablonuyla her \u00f6\u011frencinin hedeflerine ula\u015ft\u0131\u011f\u0131ndan emin olun. Bu \u015fablon ile her \u00f6\u011frenciyi her hafta g\u00f6zden ge\u00e7irebilirsiniz.<\/p>\n","protected":false},"featured_media":55529,"template":"","meta":{"_acf_changed":false,"inline_featured_image":false},"product_brand":[],"product_cat":[268],"product_tag":[],"class_list":{"0":"post-55528","1":"product","2":"type-product","3":"status-publish","4":"has-post-thumbnail","6":"product_cat-teacher","8":"first","9":"instock","10":"virtual","11":"sold-individually","12":"product-type-simple"},"acf":[],"yoast_head":"<!-- This site is optimized with the Yoast SEO plugin v25.3.1 - https:\/\/yoast.com\/wordpress\/plugins\/seo\/ -->\n<title>Haftal\u0131k S\u0131n\u0131f \u0130lerleme \u015eablonu - Sales AI Agents<\/title>\n<meta name=\"description\" content=\"Bu \u00fccretsiz haftal\u0131k ilerleme \u015fablonuyla her \u00f6\u011frencinin hedeflerine ula\u015ft\u0131\u011f\u0131ndan emin olun. Bu \u015fablonla her \u00f6\u011frenciyi her hafta g\u00f6zden ge\u00e7irebilirsiniz.\" \/>\n<meta name=\"robots\" content=\"index, follow, max-snippet:-1, max-image-preview:large, max-video-preview:-1\" \/>\n<link rel=\"canonical\" href=\"https:\/\/sales-ai-agents.com\/tr\/templates\/weekly-class-progress\/\" \/>\n<meta property=\"og:locale\" content=\"tr_TR\" \/>\n<meta property=\"og:type\" content=\"article\" \/>\n<meta property=\"og:title\" content=\"Haftal\u0131k S\u0131n\u0131f \u0130lerleme \u015eablonu - Sales AI Agents\" \/>\n<meta property=\"og:description\" content=\"Bu \u00fccretsiz haftal\u0131k ilerleme \u015fablonuyla her \u00f6\u011frencinin hedeflerine ula\u015ft\u0131\u011f\u0131ndan emin olun. Bu \u015fablonla her \u00f6\u011frenciyi her hafta g\u00f6zden ge\u00e7irebilirsiniz.\" \/>\n<meta property=\"og:url\" content=\"https:\/\/sales-ai-agents.com\/tr\/templates\/weekly-class-progress\/\" \/>\n<meta property=\"og:site_name\" content=\"Sales AI Agents\" \/>\n<meta property=\"article:modified_time\" content=\"2023-12-26T20:34:17+00:00\" \/>\n<meta property=\"og:image\" content=\"https:\/\/sales-ai-agents.com\/wp-content\/uploads\/2023\/01\/image-preview124108.png\" \/>\n\t<meta property=\"og:image:width\" content=\"1078\" \/>\n\t<meta property=\"og:image:height\" content=\"760\" \/>\n\t<meta property=\"og:image:type\" content=\"image\/png\" \/>\n<meta name=\"twitter:card\" content=\"summary_large_image\" \/>\n<script type=\"application\/ld+json\" class=\"yoast-schema-graph\">{\"@context\":\"https:\/\/schema.org\",\"@graph\":[{\"@type\":\"WebPage\",\"@id\":\"https:\/\/sales-ai-agents.com\/tr\/templates\/weekly-class-progress\/\",\"url\":\"https:\/\/sales-ai-agents.com\/tr\/templates\/weekly-class-progress\/\",\"name\":\"Haftal\u0131k S\u0131n\u0131f \u0130lerleme \u015eablonu - Sales AI Agents\",\"isPartOf\":{\"@id\":\"https:\/\/sales-ai-agents.com\/#website\"},\"primaryImageOfPage\":{\"@id\":\"https:\/\/sales-ai-agents.com\/tr\/templates\/weekly-class-progress\/#primaryimage\"},\"image\":{\"@id\":\"https:\/\/sales-ai-agents.com\/tr\/templates\/weekly-class-progress\/#primaryimage\"},\"thumbnailUrl\":\"https:\/\/sales-ai-agents.com\/wp-content\/uploads\/2023\/01\/image-preview124108.png\",\"datePublished\":\"2022-09-26T13:34:14+00:00\",\"dateModified\":\"2023-12-26T20:34:17+00:00\",\"description\":\"Bu \u00fccretsiz haftal\u0131k ilerleme \u015fablonuyla her \u00f6\u011frencinin hedeflerine ula\u015ft\u0131\u011f\u0131ndan emin olun. Bu \u015fablonla her \u00f6\u011frenciyi her hafta g\u00f6zden ge\u00e7irebilirsiniz.\",\"inLanguage\":\"tr\",\"potentialAction\":[{\"@type\":\"ReadAction\",\"target\":[\"https:\/\/sales-ai-agents.com\/tr\/templates\/weekly-class-progress\/\"]}]},{\"@type\":\"ImageObject\",\"inLanguage\":\"tr\",\"@id\":\"https:\/\/sales-ai-agents.com\/tr\/templates\/weekly-class-progress\/#primaryimage\",\"url\":\"https:\/\/sales-ai-agents.com\/wp-content\/uploads\/2023\/01\/image-preview124108.png\",\"contentUrl\":\"https:\/\/sales-ai-agents.com\/wp-content\/uploads\/2023\/01\/image-preview124108.png\",\"width\":1078,\"height\":760},{\"@type\":\"WebSite\",\"@id\":\"https:\/\/sales-ai-agents.com\/#website\",\"url\":\"https:\/\/sales-ai-agents.com\/\",\"name\":\"FuseBase\",\"description\":\"Sales AI Agents - Free Online Collaboration Software for Remote Teams. Build your wikis, client portals and more with the Nimbus Platform collaboration tool ? A perfect space for online work\",\"publisher\":{\"@id\":\"https:\/\/sales-ai-agents.com\/#organization\"},\"potentialAction\":[{\"@type\":\"SearchAction\",\"target\":{\"@type\":\"EntryPoint\",\"urlTemplate\":\"https:\/\/sales-ai-agents.com\/?s={search_term_string}\"},\"query-input\":{\"@type\":\"PropertyValueSpecification\",\"valueRequired\":true,\"valueName\":\"search_term_string\"}}],\"inLanguage\":\"tr\"},{\"@type\":\"Organization\",\"@id\":\"https:\/\/sales-ai-agents.com\/#organization\",\"name\":\"FuseBase\",\"url\":\"https:\/\/sales-ai-agents.com\/\",\"logo\":{\"@type\":\"ImageObject\",\"inLanguage\":\"tr\",\"@id\":\"https:\/\/sales-ai-agents.com\/#\/schema\/logo\/image\/\",\"url\":\"https:\/\/sales-ai-agents.com\/wp-content\/uploads\/2023\/11\/icon-7.svg\",\"contentUrl\":\"https:\/\/sales-ai-agents.com\/wp-content\/uploads\/2023\/11\/icon-7.svg\",\"width\":128,\"height\":128,\"caption\":\"FuseBase\"},\"image\":{\"@id\":\"https:\/\/sales-ai-agents.com\/#\/schema\/logo\/image\/\"}}]}<\/script>\n<!-- \/ Yoast SEO plugin. -->","yoast_head_json":{"title":"Haftal\u0131k S\u0131n\u0131f \u0130lerleme \u015eablonu - Sales AI Agents","description":"Bu \u00fccretsiz haftal\u0131k ilerleme \u015fablonuyla her \u00f6\u011frencinin hedeflerine ula\u015ft\u0131\u011f\u0131ndan emin olun. Bu \u015fablonla her \u00f6\u011frenciyi her hafta g\u00f6zden ge\u00e7irebilirsiniz.","robots":{"index":"index","follow":"follow","max-snippet":"max-snippet:-1","max-image-preview":"max-image-preview:large","max-video-preview":"max-video-preview:-1"},"canonical":"https:\/\/sales-ai-agents.com\/tr\/templates\/weekly-class-progress\/","og_locale":"tr_TR","og_type":"article","og_title":"Haftal\u0131k S\u0131n\u0131f \u0130lerleme \u015eablonu - Sales AI Agents","og_description":"Bu \u00fccretsiz haftal\u0131k ilerleme \u015fablonuyla her \u00f6\u011frencinin hedeflerine ula\u015ft\u0131\u011f\u0131ndan emin olun. Bu \u015fablonla her \u00f6\u011frenciyi her hafta g\u00f6zden ge\u00e7irebilirsiniz.","og_url":"https:\/\/sales-ai-agents.com\/tr\/templates\/weekly-class-progress\/","og_site_name":"Sales AI Agents","article_modified_time":"2023-12-26T20:34:17+00:00","og_image":[{"width":1078,"height":760,"url":"https:\/\/sales-ai-agents.com\/wp-content\/uploads\/2023\/01\/image-preview124108.png","type":"image\/png"}],"twitter_card":"summary_large_image","schema":{"@context":"https:\/\/schema.org","@graph":[{"@type":"WebPage","@id":"https:\/\/sales-ai-agents.com\/tr\/templates\/weekly-class-progress\/","url":"https:\/\/sales-ai-agents.com\/tr\/templates\/weekly-class-progress\/","name":"Haftal\u0131k S\u0131n\u0131f \u0130lerleme \u015eablonu - Sales AI Agents","isPartOf":{"@id":"https:\/\/sales-ai-agents.com\/#website"},"primaryImageOfPage":{"@id":"https:\/\/sales-ai-agents.com\/tr\/templates\/weekly-class-progress\/#primaryimage"},"image":{"@id":"https:\/\/sales-ai-agents.com\/tr\/templates\/weekly-class-progress\/#primaryimage"},"thumbnailUrl":"https:\/\/sales-ai-agents.com\/wp-content\/uploads\/2023\/01\/image-preview124108.png","datePublished":"2022-09-26T13:34:14+00:00","dateModified":"2023-12-26T20:34:17+00:00","description":"Bu \u00fccretsiz haftal\u0131k ilerleme \u015fablonuyla her \u00f6\u011frencinin hedeflerine ula\u015ft\u0131\u011f\u0131ndan emin olun. Bu \u015fablonla her \u00f6\u011frenciyi her hafta g\u00f6zden ge\u00e7irebilirsiniz.","inLanguage":"tr","potentialAction":[{"@type":"ReadAction","target":["https:\/\/sales-ai-agents.com\/tr\/templates\/weekly-class-progress\/"]}]},{"@type":"ImageObject","inLanguage":"tr","@id":"https:\/\/sales-ai-agents.com\/tr\/templates\/weekly-class-progress\/#primaryimage","url":"https:\/\/sales-ai-agents.com\/wp-content\/uploads\/2023\/01\/image-preview124108.png","contentUrl":"https:\/\/sales-ai-agents.com\/wp-content\/uploads\/2023\/01\/image-preview124108.png","width":1078,"height":760},{"@type":"WebSite","@id":"https:\/\/sales-ai-agents.com\/#website","url":"https:\/\/sales-ai-agents.com\/","name":"FuseBase","description":"Sales AI Agents - Free Online Collaboration Software for Remote Teams. Build your wikis, client portals and more with the Nimbus Platform collaboration tool ? A perfect space for online work","publisher":{"@id":"https:\/\/sales-ai-agents.com\/#organization"},"potentialAction":[{"@type":"SearchAction","target":{"@type":"EntryPoint","urlTemplate":"https:\/\/sales-ai-agents.com\/?s={search_term_string}"},"query-input":{"@type":"PropertyValueSpecification","valueRequired":true,"valueName":"search_term_string"}}],"inLanguage":"tr"},{"@type":"Organization","@id":"https:\/\/sales-ai-agents.com\/#organization","name":"FuseBase","url":"https:\/\/sales-ai-agents.com\/","logo":{"@type":"ImageObject","inLanguage":"tr","@id":"https:\/\/sales-ai-agents.com\/#\/schema\/logo\/image\/","url":"https:\/\/sales-ai-agents.com\/wp-content\/uploads\/2023\/11\/icon-7.svg","contentUrl":"https:\/\/sales-ai-agents.com\/wp-content\/uploads\/2023\/11\/icon-7.svg","width":128,"height":128,"caption":"FuseBase"},"image":{"@id":"https:\/\/sales-ai-agents.com\/#\/schema\/logo\/image\/"}}]}},"_links":{"self":[{"href":"https:\/\/sales-ai-agents.com\/tr\/wp-json\/wp\/v2\/product\/55528","targetHints":{"allow":["GET"]}}],"collection":[{"href":"https:\/\/sales-ai-agents.com\/tr\/wp-json\/wp\/v2\/product"}],"about":[{"href":"https:\/\/sales-ai-agents.com\/tr\/wp-json\/wp\/v2\/types\/product"}],"wp:featuredmedia":[{"embeddable":true,"href":"https:\/\/sales-ai-agents.com\/tr\/wp-json\/wp\/v2\/media\/55529"}],"wp:attachment":[{"href":"https:\/\/sales-ai-agents.com\/tr\/wp-json\/wp\/v2\/media?parent=55528"}],"wp:term":[{"taxonomy":"product_brand","embeddable":true,"href":"https:\/\/sales-ai-agents.com\/tr\/wp-json\/wp\/v2\/product_brand?post=55528"},{"taxonomy":"product_cat","embeddable":true,"href":"https:\/\/sales-ai-agents.com\/tr\/wp-json\/wp\/v2\/product_cat?post=55528"},{"taxonomy":"product_tag","embeddable":true,"href":"https:\/\/sales-ai-agents.com\/tr\/wp-json\/wp\/v2\/product_tag?post=55528"}],"curies":[{"name":"wp","href":"https:\/\/api.w.org\/{rel}","templated":true}]}}