{"id":55582,"date":"2022-09-26T13:33:53","date_gmt":"2022-09-26T13:33:53","guid":{"rendered":"https:\/\/sales-ai-agents.com\/templates\/report-for-clients\/"},"modified":"2023-12-31T17:04:42","modified_gmt":"2023-12-31T17:04:42","slug":"report-for-clients","status":"publish","type":"product","link":"https:\/\/sales-ai-agents.com\/tr\/templates\/report-for-clients\/","title":{"rendered":"M\u00fc\u015fteriler i\u00e7in Rapor"},"content":{"rendered":"<p>&nbsp;<\/p>\n<h2>M\u00fc\u015fteriler i\u00e7in Rapor \u015eablonu<\/h2>\n<p class=\"desc-text\">M\u00fc\u015fterilerinize tamamlanan t\u00fcm g\u00f6revleri g\u00f6sterin! Ne yapt\u0131\u011f\u0131n\u0131z\u0131 a\u00e7\u0131klay\u0131n ve \u00e7al\u0131\u015fmay\u0131 resimler, ekran g\u00f6r\u00fcnt\u00fcleri ve yerle\u015ftirmelerle kan\u0131tlay\u0131n. \u00c7al\u0131\u015fman\u0131z\u0131n sonu\u00e7lar\u0131n\u0131 ekleyin ve daha fazla iyile\u015ftirme i\u00e7in \u00f6nerilerinizi yaz\u0131n.<\/p>\n<h5>Nas\u0131l kullan\u0131l\u0131r?<\/h5>\n<ul class=\"desc-item_list\">\n<li class=\"desc-item_list__point\">Tamamlanan t\u00fcm g\u00f6revleri not edin.<\/li>\n<li class=\"desc-item_list__point\">\u00c7al\u0131\u015fman\u0131z\u0131n bir \u00f6zetini ekleyin.<\/li>\n<li class=\"desc-item_list__point\">Projenin \u00fc\u00e7 a\u015famas\u0131n\u0131 g\u00f6sterin: ba\u015flamadan \u00f6nce, s\u00fcre\u00e7 i\u00e7inde ve tamamland\u0131.<\/li>\n<li class=\"desc-item_list__point\">M\u00fc\u015fterileriniz i\u00e7in daha ileri ad\u0131mlar \u00f6nerin.<\/li>\n<\/ul>\n","protected":false},"excerpt":{"rendered":"<p>Bu \u00fccretsiz \u015fablon ile \u00e7al\u0131\u015fmalar\u0131n\u0131z\u0131 m\u00fc\u015fterilerinize ak\u0131ll\u0131 bir \u015fekilde sunun! Onlara proje hakk\u0131nda gerekli t\u00fcm bilgileri bulabilecekleri tek bir ba\u011flant\u0131 g\u00f6nderin.<\/p>\n","protected":false},"featured_media":55584,"template":"","meta":{"_acf_changed":false,"inline_featured_image":false},"product_brand":[],"product_cat":[217,250,227,254,228,248],"product_tag":[],"class_list":{"0":"post-55582","1":"product","2":"type-product","3":"status-publish","4":"has-post-thumbnail","6":"product_cat-entrepreneur","7":"product_cat-marketing","8":"product_cat-marketing-clients","9":"product_cat-sales","10":"product_cat-sales-account","11":"product_cat-sales-proposals","12":"collections-client","14":"first","15":"instock","16":"virtual","17":"sold-individually","18":"product-type-simple"},"acf":[],"yoast_head":"<!-- This site is optimized with the Yoast SEO plugin v25.3.1 - https:\/\/yoast.com\/wordpress\/plugins\/seo\/ -->\n<title>M\u00fc\u015fteriler i\u00e7in Rapor \u015eablonu - Sales AI Agents<\/title>\n<meta name=\"description\" content=\"Bu \u00fccretsiz \u015fablon ile \u00e7al\u0131\u015fmalar\u0131n\u0131z\u0131 m\u00fc\u015fterilerinize ak\u0131ll\u0131 bir \u015fekilde sunun! Onlara proje hakk\u0131nda gerekli t\u00fcm bilgileri bulabilecekleri bir ba\u011flant\u0131 g\u00f6nderin!\" \/>\n<meta name=\"robots\" content=\"index, follow, max-snippet:-1, max-image-preview:large, max-video-preview:-1\" \/>\n<link rel=\"canonical\" href=\"https:\/\/sales-ai-agents.com\/tr\/templates\/report-for-clients\/\" \/>\n<meta property=\"og:locale\" content=\"tr_TR\" \/>\n<meta property=\"og:type\" content=\"article\" \/>\n<meta property=\"og:title\" content=\"M\u00fc\u015fteriler i\u00e7in Rapor \u015eablonu - Sales AI Agents\" \/>\n<meta property=\"og:description\" content=\"Bu \u00fccretsiz \u015fablon ile \u00e7al\u0131\u015fmalar\u0131n\u0131z\u0131 m\u00fc\u015fterilerinize ak\u0131ll\u0131 bir \u015fekilde sunun! Onlara proje hakk\u0131nda gerekli t\u00fcm bilgileri bulabilecekleri bir ba\u011flant\u0131 g\u00f6nderin!\" \/>\n<meta property=\"og:url\" content=\"https:\/\/sales-ai-agents.com\/tr\/templates\/report-for-clients\/\" \/>\n<meta property=\"og:site_name\" content=\"Sales AI Agents\" \/>\n<meta property=\"article:modified_time\" content=\"2023-12-31T17:04:42+00:00\" \/>\n<meta property=\"og:image\" content=\"https:\/\/sales-ai-agents.com\/wp-content\/uploads\/2022\/09\/Report-for-Clients-Template-1.png\" \/>\n\t<meta property=\"og:image:width\" content=\"1700\" \/>\n\t<meta property=\"og:image:height\" content=\"1100\" \/>\n\t<meta property=\"og:image:type\" content=\"image\/png\" \/>\n<meta name=\"twitter:card\" content=\"summary_large_image\" \/>\n<script type=\"application\/ld+json\" class=\"yoast-schema-graph\">{\"@context\":\"https:\/\/schema.org\",\"@graph\":[{\"@type\":\"WebPage\",\"@id\":\"https:\/\/sales-ai-agents.com\/tr\/templates\/report-for-clients\/\",\"url\":\"https:\/\/sales-ai-agents.com\/tr\/templates\/report-for-clients\/\",\"name\":\"M\u00fc\u015fteriler i\u00e7in Rapor \u015eablonu - Sales AI Agents\",\"isPartOf\":{\"@id\":\"https:\/\/sales-ai-agents.com\/#website\"},\"primaryImageOfPage\":{\"@id\":\"https:\/\/sales-ai-agents.com\/tr\/templates\/report-for-clients\/#primaryimage\"},\"image\":{\"@id\":\"https:\/\/sales-ai-agents.com\/tr\/templates\/report-for-clients\/#primaryimage\"},\"thumbnailUrl\":\"https:\/\/sales-ai-agents.com\/wp-content\/uploads\/2022\/09\/Report-for-Clients-Template-1.png\",\"datePublished\":\"2022-09-26T13:33:53+00:00\",\"dateModified\":\"2023-12-31T17:04:42+00:00\",\"description\":\"Bu \u00fccretsiz \u015fablon ile \u00e7al\u0131\u015fmalar\u0131n\u0131z\u0131 m\u00fc\u015fterilerinize ak\u0131ll\u0131 bir \u015fekilde sunun! Onlara proje hakk\u0131nda gerekli t\u00fcm bilgileri bulabilecekleri bir ba\u011flant\u0131 g\u00f6nderin!\",\"inLanguage\":\"tr\",\"potentialAction\":[{\"@type\":\"ReadAction\",\"target\":[\"https:\/\/sales-ai-agents.com\/tr\/templates\/report-for-clients\/\"]}]},{\"@type\":\"ImageObject\",\"inLanguage\":\"tr\",\"@id\":\"https:\/\/sales-ai-agents.com\/tr\/templates\/report-for-clients\/#primaryimage\",\"url\":\"https:\/\/sales-ai-agents.com\/wp-content\/uploads\/2022\/09\/Report-for-Clients-Template-1.png\",\"contentUrl\":\"https:\/\/sales-ai-agents.com\/wp-content\/uploads\/2022\/09\/Report-for-Clients-Template-1.png\",\"width\":1700,\"height\":1100},{\"@type\":\"WebSite\",\"@id\":\"https:\/\/sales-ai-agents.com\/#website\",\"url\":\"https:\/\/sales-ai-agents.com\/\",\"name\":\"FuseBase\",\"description\":\"Sales AI Agents - Free Online Collaboration Software for Remote Teams. Build your wikis, client portals and more with the Nimbus Platform collaboration tool ? A perfect space for online work\",\"publisher\":{\"@id\":\"https:\/\/sales-ai-agents.com\/#organization\"},\"potentialAction\":[{\"@type\":\"SearchAction\",\"target\":{\"@type\":\"EntryPoint\",\"urlTemplate\":\"https:\/\/sales-ai-agents.com\/?s={search_term_string}\"},\"query-input\":{\"@type\":\"PropertyValueSpecification\",\"valueRequired\":true,\"valueName\":\"search_term_string\"}}],\"inLanguage\":\"tr\"},{\"@type\":\"Organization\",\"@id\":\"https:\/\/sales-ai-agents.com\/#organization\",\"name\":\"FuseBase\",\"url\":\"https:\/\/sales-ai-agents.com\/\",\"logo\":{\"@type\":\"ImageObject\",\"inLanguage\":\"tr\",\"@id\":\"https:\/\/sales-ai-agents.com\/#\/schema\/logo\/image\/\",\"url\":\"https:\/\/sales-ai-agents.com\/wp-content\/uploads\/2023\/11\/icon-7.svg\",\"contentUrl\":\"https:\/\/sales-ai-agents.com\/wp-content\/uploads\/2023\/11\/icon-7.svg\",\"width\":128,\"height\":128,\"caption\":\"FuseBase\"},\"image\":{\"@id\":\"https:\/\/sales-ai-agents.com\/#\/schema\/logo\/image\/\"}}]}<\/script>\n<!-- \/ Yoast SEO plugin. -->","yoast_head_json":{"title":"M\u00fc\u015fteriler i\u00e7in Rapor \u015eablonu - Sales AI Agents","description":"Bu \u00fccretsiz \u015fablon ile \u00e7al\u0131\u015fmalar\u0131n\u0131z\u0131 m\u00fc\u015fterilerinize ak\u0131ll\u0131 bir \u015fekilde sunun! Onlara proje hakk\u0131nda gerekli t\u00fcm bilgileri bulabilecekleri bir ba\u011flant\u0131 g\u00f6nderin!","robots":{"index":"index","follow":"follow","max-snippet":"max-snippet:-1","max-image-preview":"max-image-preview:large","max-video-preview":"max-video-preview:-1"},"canonical":"https:\/\/sales-ai-agents.com\/tr\/templates\/report-for-clients\/","og_locale":"tr_TR","og_type":"article","og_title":"M\u00fc\u015fteriler i\u00e7in Rapor \u015eablonu - Sales AI Agents","og_description":"Bu \u00fccretsiz \u015fablon ile \u00e7al\u0131\u015fmalar\u0131n\u0131z\u0131 m\u00fc\u015fterilerinize ak\u0131ll\u0131 bir \u015fekilde sunun! Onlara proje hakk\u0131nda gerekli t\u00fcm bilgileri bulabilecekleri bir ba\u011flant\u0131 g\u00f6nderin!","og_url":"https:\/\/sales-ai-agents.com\/tr\/templates\/report-for-clients\/","og_site_name":"Sales AI Agents","article_modified_time":"2023-12-31T17:04:42+00:00","og_image":[{"width":1700,"height":1100,"url":"https:\/\/sales-ai-agents.com\/wp-content\/uploads\/2022\/09\/Report-for-Clients-Template-1.png","type":"image\/png"}],"twitter_card":"summary_large_image","schema":{"@context":"https:\/\/schema.org","@graph":[{"@type":"WebPage","@id":"https:\/\/sales-ai-agents.com\/tr\/templates\/report-for-clients\/","url":"https:\/\/sales-ai-agents.com\/tr\/templates\/report-for-clients\/","name":"M\u00fc\u015fteriler i\u00e7in Rapor \u015eablonu - Sales AI Agents","isPartOf":{"@id":"https:\/\/sales-ai-agents.com\/#website"},"primaryImageOfPage":{"@id":"https:\/\/sales-ai-agents.com\/tr\/templates\/report-for-clients\/#primaryimage"},"image":{"@id":"https:\/\/sales-ai-agents.com\/tr\/templates\/report-for-clients\/#primaryimage"},"thumbnailUrl":"https:\/\/sales-ai-agents.com\/wp-content\/uploads\/2022\/09\/Report-for-Clients-Template-1.png","datePublished":"2022-09-26T13:33:53+00:00","dateModified":"2023-12-31T17:04:42+00:00","description":"Bu \u00fccretsiz \u015fablon ile \u00e7al\u0131\u015fmalar\u0131n\u0131z\u0131 m\u00fc\u015fterilerinize ak\u0131ll\u0131 bir \u015fekilde sunun! Onlara proje hakk\u0131nda gerekli t\u00fcm bilgileri bulabilecekleri bir ba\u011flant\u0131 g\u00f6nderin!","inLanguage":"tr","potentialAction":[{"@type":"ReadAction","target":["https:\/\/sales-ai-agents.com\/tr\/templates\/report-for-clients\/"]}]},{"@type":"ImageObject","inLanguage":"tr","@id":"https:\/\/sales-ai-agents.com\/tr\/templates\/report-for-clients\/#primaryimage","url":"https:\/\/sales-ai-agents.com\/wp-content\/uploads\/2022\/09\/Report-for-Clients-Template-1.png","contentUrl":"https:\/\/sales-ai-agents.com\/wp-content\/uploads\/2022\/09\/Report-for-Clients-Template-1.png","width":1700,"height":1100},{"@type":"WebSite","@id":"https:\/\/sales-ai-agents.com\/#website","url":"https:\/\/sales-ai-agents.com\/","name":"FuseBase","description":"Sales AI Agents - Free Online Collaboration Software for Remote Teams. Build your wikis, client portals and more with the Nimbus Platform collaboration tool ? A perfect space for online work","publisher":{"@id":"https:\/\/sales-ai-agents.com\/#organization"},"potentialAction":[{"@type":"SearchAction","target":{"@type":"EntryPoint","urlTemplate":"https:\/\/sales-ai-agents.com\/?s={search_term_string}"},"query-input":{"@type":"PropertyValueSpecification","valueRequired":true,"valueName":"search_term_string"}}],"inLanguage":"tr"},{"@type":"Organization","@id":"https:\/\/sales-ai-agents.com\/#organization","name":"FuseBase","url":"https:\/\/sales-ai-agents.com\/","logo":{"@type":"ImageObject","inLanguage":"tr","@id":"https:\/\/sales-ai-agents.com\/#\/schema\/logo\/image\/","url":"https:\/\/sales-ai-agents.com\/wp-content\/uploads\/2023\/11\/icon-7.svg","contentUrl":"https:\/\/sales-ai-agents.com\/wp-content\/uploads\/2023\/11\/icon-7.svg","width":128,"height":128,"caption":"FuseBase"},"image":{"@id":"https:\/\/sales-ai-agents.com\/#\/schema\/logo\/image\/"}}]}},"_links":{"self":[{"href":"https:\/\/sales-ai-agents.com\/tr\/wp-json\/wp\/v2\/product\/55582","targetHints":{"allow":["GET"]}}],"collection":[{"href":"https:\/\/sales-ai-agents.com\/tr\/wp-json\/wp\/v2\/product"}],"about":[{"href":"https:\/\/sales-ai-agents.com\/tr\/wp-json\/wp\/v2\/types\/product"}],"wp:featuredmedia":[{"embeddable":true,"href":"https:\/\/sales-ai-agents.com\/tr\/wp-json\/wp\/v2\/media\/55584"}],"wp:attachment":[{"href":"https:\/\/sales-ai-agents.com\/tr\/wp-json\/wp\/v2\/media?parent=55582"}],"wp:term":[{"taxonomy":"product_brand","embeddable":true,"href":"https:\/\/sales-ai-agents.com\/tr\/wp-json\/wp\/v2\/product_brand?post=55582"},{"taxonomy":"product_cat","embeddable":true,"href":"https:\/\/sales-ai-agents.com\/tr\/wp-json\/wp\/v2\/product_cat?post=55582"},{"taxonomy":"product_tag","embeddable":true,"href":"https:\/\/sales-ai-agents.com\/tr\/wp-json\/wp\/v2\/product_tag?post=55582"}],"curies":[{"name":"wp","href":"https:\/\/api.w.org\/{rel}","templated":true}]}}