{"id":55588,"date":"2022-09-26T13:33:48","date_gmt":"2022-09-26T13:33:48","guid":{"rendered":"https:\/\/sales-ai-agents.com\/templates\/meeting-poll\/"},"modified":"2024-01-02T11:44:41","modified_gmt":"2024-01-02T11:44:41","slug":"meeting-poll","status":"publish","type":"product","link":"https:\/\/sales-ai-agents.com\/tr\/templates\/meeting-poll\/","title":{"rendered":"Toplant\u0131 Anketi"},"content":{"rendered":"<p>&nbsp;<\/p>\n<h2>Toplant\u0131 Anketi \u015eablonu<\/h2>\n<p class=\"desc-text\">Bu toplant\u0131 anketini kullanarak kat\u0131l\u0131mc\u0131lara istedikleri zaman, fikir, konu veya g\u00fcndem maddelerini oylamalar\u0131 i\u00e7in kolay bir yol sunun. Toplant\u0131 kat\u0131l\u0131mc\u0131lar\u0131 anketleri interaktif olarak oylayabilir ve bir toplant\u0131 i\u00e7in uygun bir konu ve\/veya zaman se\u00e7iminde i\u015fbirli\u011fi yapabilirler.<\/p>\n<h5>Nas\u0131l kullan\u0131l\u0131r?<\/h5>\n<ul class=\"desc-item_list\">\n<li class=\"desc-item_list__point\">\u0130lk tablo s\u00fctununun sat\u0131rlar\u0131na anket kat\u0131l\u0131mc\u0131lar\u0131n\u0131n adlar\u0131n\u0131 yaz\u0131n (adlar\u0131n\u0131 girin veya @ i\u015faretini kullan\u0131n).<\/li>\n<li class=\"desc-item_list__point\">Cevap se\u00e7enekleri i\u00e7in sonraki s\u00fctunlar\u0131 kullan\u0131n (\u00f6rne\u011fin, toplant\u0131 konular\u0131 veya zamanlar\u0131).<\/li>\n<li class=\"desc-item_list__point\">Yan\u0131t se\u00e7enekleri olan s\u00fctunlar i\u00e7in h\u00fccre t\u00fcr\u00fcn\u00fc se\u00e7in &#8211; Onay Kutusu.<\/li>\n<li class=\"desc-item_list__point\">Anket kat\u0131l\u0131mc\u0131lar\u0131n\u0131 kendilerine en uygun se\u00e7enekleri se\u00e7meye davet edin.<\/li>\n<li class=\"desc-item_list__point\">Hangi cevaplar\u0131n en pop\u00fcler oldu\u011funu g\u00f6rmek i\u00e7in say\u0131m \u00e7izgisini kontrol edin.<\/li>\n<\/ul>\n","protected":false},"excerpt":{"rendered":"<p>Bu \u00fccretsiz \u00f6zelle\u015ftirilebilir toplant\u0131 anketini kullanarak kat\u0131l\u0131mc\u0131lara verimli toplant\u0131lar\u0131n\u0131z i\u00e7in istenen zamanlar\u0131, fikirleri, konular\u0131 veya g\u00fcndem maddelerini oylamalar\u0131 i\u00e7in kolay bir yol sunun.<\/p>\n","protected":false},"featured_media":55589,"template":"","meta":{"_acf_changed":false,"inline_featured_image":false},"product_brand":[],"product_cat":[217,268,231,230],"product_tag":[],"class_list":{"0":"post-55588","1":"product","2":"type-product","3":"status-publish","4":"has-post-thumbnail","6":"product_cat-entrepreneur","7":"product_cat-teacher","8":"product_cat-project-management","9":"product_cat-meeting","10":"collections-team","12":"first","13":"instock","14":"virtual","15":"sold-individually","16":"product-type-simple"},"acf":[],"yoast_head":"<!-- This site is optimized with the Yoast SEO plugin v25.3.1 - https:\/\/yoast.com\/wordpress\/plugins\/seo\/ -->\n<title>Toplant\u0131 Anketi \u015eablonu - Sales AI Agents<\/title>\n<meta name=\"description\" content=\"Bu \u00fccretsiz \u00f6zelle\u015ftirilebilir toplant\u0131 anketini kullanarak kat\u0131l\u0131mc\u0131lara verimli toplant\u0131lar\u0131n\u0131z i\u00e7in istenen zamanlar\u0131, fikirleri, konular\u0131 veya g\u00fcndem maddelerini oylamalar\u0131 i\u00e7in kolay bir yol sunun.\" \/>\n<meta name=\"robots\" content=\"index, follow, max-snippet:-1, max-image-preview:large, max-video-preview:-1\" \/>\n<link rel=\"canonical\" href=\"https:\/\/sales-ai-agents.com\/tr\/templates\/meeting-poll\/\" \/>\n<meta property=\"og:locale\" content=\"tr_TR\" \/>\n<meta property=\"og:type\" content=\"article\" \/>\n<meta property=\"og:title\" content=\"Toplant\u0131 Anketi \u015eablonu - Sales AI Agents\" \/>\n<meta property=\"og:description\" content=\"Bu \u00fccretsiz \u00f6zelle\u015ftirilebilir toplant\u0131 anketini kullanarak kat\u0131l\u0131mc\u0131lara verimli toplant\u0131lar\u0131n\u0131z i\u00e7in istenen zamanlar\u0131, fikirleri, konular\u0131 veya g\u00fcndem maddelerini oylamalar\u0131 i\u00e7in kolay bir yol sunun.\" \/>\n<meta property=\"og:url\" content=\"https:\/\/sales-ai-agents.com\/tr\/templates\/meeting-poll\/\" \/>\n<meta property=\"og:site_name\" content=\"Sales AI Agents\" \/>\n<meta property=\"article:modified_time\" content=\"2024-01-02T11:44:41+00:00\" \/>\n<meta property=\"og:image\" content=\"https:\/\/sales-ai-agents.com\/wp-content\/uploads\/2023\/01\/image-preview123553.png\" \/>\n\t<meta property=\"og:image:width\" content=\"1078\" \/>\n\t<meta property=\"og:image:height\" content=\"760\" \/>\n\t<meta property=\"og:image:type\" content=\"image\/png\" \/>\n<meta name=\"twitter:card\" content=\"summary_large_image\" \/>\n<script type=\"application\/ld+json\" class=\"yoast-schema-graph\">{\"@context\":\"https:\/\/schema.org\",\"@graph\":[{\"@type\":\"WebPage\",\"@id\":\"https:\/\/sales-ai-agents.com\/tr\/templates\/meeting-poll\/\",\"url\":\"https:\/\/sales-ai-agents.com\/tr\/templates\/meeting-poll\/\",\"name\":\"Toplant\u0131 Anketi \u015eablonu - Sales AI Agents\",\"isPartOf\":{\"@id\":\"https:\/\/sales-ai-agents.com\/#website\"},\"primaryImageOfPage\":{\"@id\":\"https:\/\/sales-ai-agents.com\/tr\/templates\/meeting-poll\/#primaryimage\"},\"image\":{\"@id\":\"https:\/\/sales-ai-agents.com\/tr\/templates\/meeting-poll\/#primaryimage\"},\"thumbnailUrl\":\"https:\/\/sales-ai-agents.com\/wp-content\/uploads\/2023\/01\/image-preview123553.png\",\"datePublished\":\"2022-09-26T13:33:48+00:00\",\"dateModified\":\"2024-01-02T11:44:41+00:00\",\"description\":\"Bu \u00fccretsiz \u00f6zelle\u015ftirilebilir toplant\u0131 anketini kullanarak kat\u0131l\u0131mc\u0131lara verimli toplant\u0131lar\u0131n\u0131z i\u00e7in istenen zamanlar\u0131, fikirleri, konular\u0131 veya g\u00fcndem maddelerini oylamalar\u0131 i\u00e7in kolay bir yol sunun.\",\"inLanguage\":\"tr\",\"potentialAction\":[{\"@type\":\"ReadAction\",\"target\":[\"https:\/\/sales-ai-agents.com\/tr\/templates\/meeting-poll\/\"]}]},{\"@type\":\"ImageObject\",\"inLanguage\":\"tr\",\"@id\":\"https:\/\/sales-ai-agents.com\/tr\/templates\/meeting-poll\/#primaryimage\",\"url\":\"https:\/\/sales-ai-agents.com\/wp-content\/uploads\/2023\/01\/image-preview123553.png\",\"contentUrl\":\"https:\/\/sales-ai-agents.com\/wp-content\/uploads\/2023\/01\/image-preview123553.png\",\"width\":1078,\"height\":760},{\"@type\":\"WebSite\",\"@id\":\"https:\/\/sales-ai-agents.com\/#website\",\"url\":\"https:\/\/sales-ai-agents.com\/\",\"name\":\"FuseBase\",\"description\":\"Sales AI Agents - Free Online Collaboration Software for Remote Teams. Build your wikis, client portals and more with the Nimbus Platform collaboration tool ? A perfect space for online work\",\"publisher\":{\"@id\":\"https:\/\/sales-ai-agents.com\/#organization\"},\"potentialAction\":[{\"@type\":\"SearchAction\",\"target\":{\"@type\":\"EntryPoint\",\"urlTemplate\":\"https:\/\/sales-ai-agents.com\/?s={search_term_string}\"},\"query-input\":{\"@type\":\"PropertyValueSpecification\",\"valueRequired\":true,\"valueName\":\"search_term_string\"}}],\"inLanguage\":\"tr\"},{\"@type\":\"Organization\",\"@id\":\"https:\/\/sales-ai-agents.com\/#organization\",\"name\":\"FuseBase\",\"url\":\"https:\/\/sales-ai-agents.com\/\",\"logo\":{\"@type\":\"ImageObject\",\"inLanguage\":\"tr\",\"@id\":\"https:\/\/sales-ai-agents.com\/#\/schema\/logo\/image\/\",\"url\":\"https:\/\/sales-ai-agents.com\/wp-content\/uploads\/2023\/11\/icon-7.svg\",\"contentUrl\":\"https:\/\/sales-ai-agents.com\/wp-content\/uploads\/2023\/11\/icon-7.svg\",\"width\":128,\"height\":128,\"caption\":\"FuseBase\"},\"image\":{\"@id\":\"https:\/\/sales-ai-agents.com\/#\/schema\/logo\/image\/\"}}]}<\/script>\n<!-- \/ Yoast SEO plugin. -->","yoast_head_json":{"title":"Toplant\u0131 Anketi \u015eablonu - Sales AI Agents","description":"Bu \u00fccretsiz \u00f6zelle\u015ftirilebilir toplant\u0131 anketini kullanarak kat\u0131l\u0131mc\u0131lara verimli toplant\u0131lar\u0131n\u0131z i\u00e7in istenen zamanlar\u0131, fikirleri, konular\u0131 veya g\u00fcndem maddelerini oylamalar\u0131 i\u00e7in kolay bir yol sunun.","robots":{"index":"index","follow":"follow","max-snippet":"max-snippet:-1","max-image-preview":"max-image-preview:large","max-video-preview":"max-video-preview:-1"},"canonical":"https:\/\/sales-ai-agents.com\/tr\/templates\/meeting-poll\/","og_locale":"tr_TR","og_type":"article","og_title":"Toplant\u0131 Anketi \u015eablonu - Sales AI Agents","og_description":"Bu \u00fccretsiz \u00f6zelle\u015ftirilebilir toplant\u0131 anketini kullanarak kat\u0131l\u0131mc\u0131lara verimli toplant\u0131lar\u0131n\u0131z i\u00e7in istenen zamanlar\u0131, fikirleri, konular\u0131 veya g\u00fcndem maddelerini oylamalar\u0131 i\u00e7in kolay bir yol sunun.","og_url":"https:\/\/sales-ai-agents.com\/tr\/templates\/meeting-poll\/","og_site_name":"Sales AI Agents","article_modified_time":"2024-01-02T11:44:41+00:00","og_image":[{"width":1078,"height":760,"url":"https:\/\/sales-ai-agents.com\/wp-content\/uploads\/2023\/01\/image-preview123553.png","type":"image\/png"}],"twitter_card":"summary_large_image","schema":{"@context":"https:\/\/schema.org","@graph":[{"@type":"WebPage","@id":"https:\/\/sales-ai-agents.com\/tr\/templates\/meeting-poll\/","url":"https:\/\/sales-ai-agents.com\/tr\/templates\/meeting-poll\/","name":"Toplant\u0131 Anketi \u015eablonu - Sales AI Agents","isPartOf":{"@id":"https:\/\/sales-ai-agents.com\/#website"},"primaryImageOfPage":{"@id":"https:\/\/sales-ai-agents.com\/tr\/templates\/meeting-poll\/#primaryimage"},"image":{"@id":"https:\/\/sales-ai-agents.com\/tr\/templates\/meeting-poll\/#primaryimage"},"thumbnailUrl":"https:\/\/sales-ai-agents.com\/wp-content\/uploads\/2023\/01\/image-preview123553.png","datePublished":"2022-09-26T13:33:48+00:00","dateModified":"2024-01-02T11:44:41+00:00","description":"Bu \u00fccretsiz \u00f6zelle\u015ftirilebilir toplant\u0131 anketini kullanarak kat\u0131l\u0131mc\u0131lara verimli toplant\u0131lar\u0131n\u0131z i\u00e7in istenen zamanlar\u0131, fikirleri, konular\u0131 veya g\u00fcndem maddelerini oylamalar\u0131 i\u00e7in kolay bir yol sunun.","inLanguage":"tr","potentialAction":[{"@type":"ReadAction","target":["https:\/\/sales-ai-agents.com\/tr\/templates\/meeting-poll\/"]}]},{"@type":"ImageObject","inLanguage":"tr","@id":"https:\/\/sales-ai-agents.com\/tr\/templates\/meeting-poll\/#primaryimage","url":"https:\/\/sales-ai-agents.com\/wp-content\/uploads\/2023\/01\/image-preview123553.png","contentUrl":"https:\/\/sales-ai-agents.com\/wp-content\/uploads\/2023\/01\/image-preview123553.png","width":1078,"height":760},{"@type":"WebSite","@id":"https:\/\/sales-ai-agents.com\/#website","url":"https:\/\/sales-ai-agents.com\/","name":"FuseBase","description":"Sales AI Agents - Free Online Collaboration Software for Remote Teams. Build your wikis, client portals and more with the Nimbus Platform collaboration tool ? A perfect space for online work","publisher":{"@id":"https:\/\/sales-ai-agents.com\/#organization"},"potentialAction":[{"@type":"SearchAction","target":{"@type":"EntryPoint","urlTemplate":"https:\/\/sales-ai-agents.com\/?s={search_term_string}"},"query-input":{"@type":"PropertyValueSpecification","valueRequired":true,"valueName":"search_term_string"}}],"inLanguage":"tr"},{"@type":"Organization","@id":"https:\/\/sales-ai-agents.com\/#organization","name":"FuseBase","url":"https:\/\/sales-ai-agents.com\/","logo":{"@type":"ImageObject","inLanguage":"tr","@id":"https:\/\/sales-ai-agents.com\/#\/schema\/logo\/image\/","url":"https:\/\/sales-ai-agents.com\/wp-content\/uploads\/2023\/11\/icon-7.svg","contentUrl":"https:\/\/sales-ai-agents.com\/wp-content\/uploads\/2023\/11\/icon-7.svg","width":128,"height":128,"caption":"FuseBase"},"image":{"@id":"https:\/\/sales-ai-agents.com\/#\/schema\/logo\/image\/"}}]}},"_links":{"self":[{"href":"https:\/\/sales-ai-agents.com\/tr\/wp-json\/wp\/v2\/product\/55588","targetHints":{"allow":["GET"]}}],"collection":[{"href":"https:\/\/sales-ai-agents.com\/tr\/wp-json\/wp\/v2\/product"}],"about":[{"href":"https:\/\/sales-ai-agents.com\/tr\/wp-json\/wp\/v2\/types\/product"}],"wp:featuredmedia":[{"embeddable":true,"href":"https:\/\/sales-ai-agents.com\/tr\/wp-json\/wp\/v2\/media\/55589"}],"wp:attachment":[{"href":"https:\/\/sales-ai-agents.com\/tr\/wp-json\/wp\/v2\/media?parent=55588"}],"wp:term":[{"taxonomy":"product_brand","embeddable":true,"href":"https:\/\/sales-ai-agents.com\/tr\/wp-json\/wp\/v2\/product_brand?post=55588"},{"taxonomy":"product_cat","embeddable":true,"href":"https:\/\/sales-ai-agents.com\/tr\/wp-json\/wp\/v2\/product_cat?post=55588"},{"taxonomy":"product_tag","embeddable":true,"href":"https:\/\/sales-ai-agents.com\/tr\/wp-json\/wp\/v2\/product_tag?post=55588"}],"curies":[{"name":"wp","href":"https:\/\/api.w.org\/{rel}","templated":true}]}}