{"id":55591,"date":"2022-09-26T13:33:45","date_gmt":"2022-09-26T13:33:45","guid":{"rendered":"https:\/\/sales-ai-agents.com\/templates\/monthly-mood-productivity-tracker\/"},"modified":"2024-01-02T11:33:41","modified_gmt":"2024-01-02T11:33:41","slug":"monthly-mood-productivity-tracker","status":"publish","type":"product","link":"https:\/\/sales-ai-agents.com\/tr\/templates\/monthly-mood-productivity-tracker\/","title":{"rendered":"Ayl\u0131k Ruh Hali ve \u00dcretkenlik Takibi"},"content":{"rendered":"<p>&nbsp;<\/p>\n<h2>Ayl\u0131k Ruh Hali ve \u00dcretkenlik Takip \u015eablonu<\/h2>\n<p class=\"desc-text\">\u0130\u015finiz ba\u015f\u0131n\u0131zdan a\u015fk\u0131nsa, ay boyunca farkl\u0131 ruh hallerinden ge\u00e7ebilirsiniz. Baz\u0131 g\u00fcnler di\u011ferlerinden daha \u00fcretken olabilir. Her ay duygular\u0131n\u0131z\u0131 takip etmek, ilerlemenizi ve \u00fcretkenli\u011finizi izlemenize yard\u0131mc\u0131 olabilir. Duygular\u0131n\u0131z\u0131 g\u00f6zlemlemek ve kaydetmek i\u00e7in bu \u015fablonu kullan\u0131n. Al\u0131\u015fkanl\u0131klar\u0131n\u0131z\u0131 neyin etkiledi\u011fini g\u00f6r\u00fcn. Her ay ruh halinizi g\u00f6zden ge\u00e7irin ve ne gibi de\u011fi\u015fiklikler yapabilece\u011finize karar verin.<\/p>\n<h5>Nas\u0131l kullan\u0131l\u0131r?<\/h5>\n<ul class=\"desc-item_list\">\n<li class=\"desc-item_list__point\">Takip etti\u011finiz ay\u0131 ekleyin<\/li>\n<li class=\"desc-item_list__point\">Ruh halinizi de\u011ferlendirmek i\u00e7in anahtar\u0131 kullan\u0131n<\/li>\n<li class=\"desc-item_list__point\">Haftan\u0131n her g\u00fcn\u00fc kendinize bir puan verin<\/li>\n<li class=\"desc-item_list__point\">\u00dcretkenlik i\u00e7in derecelendirmeleri dahil edin<\/li>\n<li class=\"desc-item_list__point\">Ay sonunda ilerleme durumunuzu g\u00f6r\u00fcn<\/li>\n<\/ul>\n","protected":false},"excerpt":{"rendered":"<p>Her ay duygular\u0131n\u0131z\u0131 takip etmek, ilerlemenizi ve \u00fcretkenli\u011finizi izlemenize yard\u0131mc\u0131 olabilir. Duygular\u0131n\u0131z\u0131 g\u00f6zlemlemek ve kaydetmek i\u00e7in bu \u015fablonu kullan\u0131n.<\/p>\n","protected":false},"featured_media":55592,"template":"","meta":{"_acf_changed":false,"inline_featured_image":false},"product_brand":[],"product_cat":[257,259,256],"product_tag":[],"class_list":{"0":"post-55591","1":"product","2":"type-product","3":"status-publish","4":"has-post-thumbnail","6":"product_cat-personal","7":"product_cat-personal-health","8":"product_cat-organizers-planners","10":"first","11":"instock","12":"virtual","13":"sold-individually","14":"product-type-simple"},"acf":[],"yoast_head":"<!-- This site is optimized with the Yoast SEO plugin v25.3.1 - https:\/\/yoast.com\/wordpress\/plugins\/seo\/ -->\n<title>Ayl\u0131k Ruh Hali ve \u00dcretkenlik Takip \u015eablonu - Sales AI Agents<\/title>\n<meta name=\"description\" content=\"Her ay duygular\u0131n\u0131z\u0131 takip etmek, ilerlemenizi ve \u00fcretkenli\u011finizi izlemenize yard\u0131mc\u0131 olabilir. Duygular\u0131n\u0131z\u0131 g\u00f6zlemlemek ve kaydetmek i\u00e7in bu \u015fablonu kullan\u0131n.\" \/>\n<meta name=\"robots\" content=\"index, follow, max-snippet:-1, max-image-preview:large, max-video-preview:-1\" \/>\n<link rel=\"canonical\" href=\"https:\/\/sales-ai-agents.com\/tr\/templates\/monthly-mood-productivity-tracker\/\" \/>\n<meta property=\"og:locale\" content=\"tr_TR\" \/>\n<meta property=\"og:type\" content=\"article\" \/>\n<meta property=\"og:title\" content=\"Ayl\u0131k Ruh Hali ve \u00dcretkenlik Takip \u015eablonu - Sales AI Agents\" \/>\n<meta property=\"og:description\" content=\"Her ay duygular\u0131n\u0131z\u0131 takip etmek, ilerlemenizi ve \u00fcretkenli\u011finizi izlemenize yard\u0131mc\u0131 olabilir. Duygular\u0131n\u0131z\u0131 g\u00f6zlemlemek ve kaydetmek i\u00e7in bu \u015fablonu kullan\u0131n.\" \/>\n<meta property=\"og:url\" content=\"https:\/\/sales-ai-agents.com\/tr\/templates\/monthly-mood-productivity-tracker\/\" \/>\n<meta property=\"og:site_name\" content=\"Sales AI Agents\" \/>\n<meta property=\"article:modified_time\" content=\"2024-01-02T11:33:41+00:00\" \/>\n<meta property=\"og:image\" content=\"https:\/\/sales-ai-agents.com\/wp-content\/uploads\/2022\/09\/Monthly-Mood-and-Productivity-Tracker.png\" \/>\n\t<meta property=\"og:image:width\" content=\"1700\" \/>\n\t<meta property=\"og:image:height\" content=\"1100\" \/>\n\t<meta property=\"og:image:type\" content=\"image\/png\" \/>\n<meta name=\"twitter:card\" content=\"summary_large_image\" \/>\n<script type=\"application\/ld+json\" class=\"yoast-schema-graph\">{\"@context\":\"https:\/\/schema.org\",\"@graph\":[{\"@type\":\"WebPage\",\"@id\":\"https:\/\/sales-ai-agents.com\/tr\/templates\/monthly-mood-productivity-tracker\/\",\"url\":\"https:\/\/sales-ai-agents.com\/tr\/templates\/monthly-mood-productivity-tracker\/\",\"name\":\"Ayl\u0131k Ruh Hali ve \u00dcretkenlik Takip \u015eablonu - Sales AI Agents\",\"isPartOf\":{\"@id\":\"https:\/\/sales-ai-agents.com\/#website\"},\"primaryImageOfPage\":{\"@id\":\"https:\/\/sales-ai-agents.com\/tr\/templates\/monthly-mood-productivity-tracker\/#primaryimage\"},\"image\":{\"@id\":\"https:\/\/sales-ai-agents.com\/tr\/templates\/monthly-mood-productivity-tracker\/#primaryimage\"},\"thumbnailUrl\":\"https:\/\/sales-ai-agents.com\/wp-content\/uploads\/2022\/09\/Monthly-Mood-and-Productivity-Tracker.png\",\"datePublished\":\"2022-09-26T13:33:45+00:00\",\"dateModified\":\"2024-01-02T11:33:41+00:00\",\"description\":\"Her ay duygular\u0131n\u0131z\u0131 takip etmek, ilerlemenizi ve \u00fcretkenli\u011finizi izlemenize yard\u0131mc\u0131 olabilir. Duygular\u0131n\u0131z\u0131 g\u00f6zlemlemek ve kaydetmek i\u00e7in bu \u015fablonu kullan\u0131n.\",\"inLanguage\":\"tr\",\"potentialAction\":[{\"@type\":\"ReadAction\",\"target\":[\"https:\/\/sales-ai-agents.com\/tr\/templates\/monthly-mood-productivity-tracker\/\"]}]},{\"@type\":\"ImageObject\",\"inLanguage\":\"tr\",\"@id\":\"https:\/\/sales-ai-agents.com\/tr\/templates\/monthly-mood-productivity-tracker\/#primaryimage\",\"url\":\"https:\/\/sales-ai-agents.com\/wp-content\/uploads\/2022\/09\/Monthly-Mood-and-Productivity-Tracker.png\",\"contentUrl\":\"https:\/\/sales-ai-agents.com\/wp-content\/uploads\/2022\/09\/Monthly-Mood-and-Productivity-Tracker.png\",\"width\":1700,\"height\":1100},{\"@type\":\"WebSite\",\"@id\":\"https:\/\/sales-ai-agents.com\/#website\",\"url\":\"https:\/\/sales-ai-agents.com\/\",\"name\":\"FuseBase\",\"description\":\"Sales AI Agents - Free Online Collaboration Software for Remote Teams. Build your wikis, client portals and more with the Nimbus Platform collaboration tool ? A perfect space for online work\",\"publisher\":{\"@id\":\"https:\/\/sales-ai-agents.com\/#organization\"},\"potentialAction\":[{\"@type\":\"SearchAction\",\"target\":{\"@type\":\"EntryPoint\",\"urlTemplate\":\"https:\/\/sales-ai-agents.com\/?s={search_term_string}\"},\"query-input\":{\"@type\":\"PropertyValueSpecification\",\"valueRequired\":true,\"valueName\":\"search_term_string\"}}],\"inLanguage\":\"tr\"},{\"@type\":\"Organization\",\"@id\":\"https:\/\/sales-ai-agents.com\/#organization\",\"name\":\"FuseBase\",\"url\":\"https:\/\/sales-ai-agents.com\/\",\"logo\":{\"@type\":\"ImageObject\",\"inLanguage\":\"tr\",\"@id\":\"https:\/\/sales-ai-agents.com\/#\/schema\/logo\/image\/\",\"url\":\"https:\/\/sales-ai-agents.com\/wp-content\/uploads\/2023\/11\/icon-7.svg\",\"contentUrl\":\"https:\/\/sales-ai-agents.com\/wp-content\/uploads\/2023\/11\/icon-7.svg\",\"width\":128,\"height\":128,\"caption\":\"FuseBase\"},\"image\":{\"@id\":\"https:\/\/sales-ai-agents.com\/#\/schema\/logo\/image\/\"}}]}<\/script>\n<!-- \/ Yoast SEO plugin. -->","yoast_head_json":{"title":"Ayl\u0131k Ruh Hali ve \u00dcretkenlik Takip \u015eablonu - Sales AI Agents","description":"Her ay duygular\u0131n\u0131z\u0131 takip etmek, ilerlemenizi ve \u00fcretkenli\u011finizi izlemenize yard\u0131mc\u0131 olabilir. Duygular\u0131n\u0131z\u0131 g\u00f6zlemlemek ve kaydetmek i\u00e7in bu \u015fablonu kullan\u0131n.","robots":{"index":"index","follow":"follow","max-snippet":"max-snippet:-1","max-image-preview":"max-image-preview:large","max-video-preview":"max-video-preview:-1"},"canonical":"https:\/\/sales-ai-agents.com\/tr\/templates\/monthly-mood-productivity-tracker\/","og_locale":"tr_TR","og_type":"article","og_title":"Ayl\u0131k Ruh Hali ve \u00dcretkenlik Takip \u015eablonu - Sales AI Agents","og_description":"Her ay duygular\u0131n\u0131z\u0131 takip etmek, ilerlemenizi ve \u00fcretkenli\u011finizi izlemenize yard\u0131mc\u0131 olabilir. Duygular\u0131n\u0131z\u0131 g\u00f6zlemlemek ve kaydetmek i\u00e7in bu \u015fablonu kullan\u0131n.","og_url":"https:\/\/sales-ai-agents.com\/tr\/templates\/monthly-mood-productivity-tracker\/","og_site_name":"Sales AI Agents","article_modified_time":"2024-01-02T11:33:41+00:00","og_image":[{"width":1700,"height":1100,"url":"https:\/\/sales-ai-agents.com\/wp-content\/uploads\/2022\/09\/Monthly-Mood-and-Productivity-Tracker.png","type":"image\/png"}],"twitter_card":"summary_large_image","schema":{"@context":"https:\/\/schema.org","@graph":[{"@type":"WebPage","@id":"https:\/\/sales-ai-agents.com\/tr\/templates\/monthly-mood-productivity-tracker\/","url":"https:\/\/sales-ai-agents.com\/tr\/templates\/monthly-mood-productivity-tracker\/","name":"Ayl\u0131k Ruh Hali ve \u00dcretkenlik Takip \u015eablonu - Sales AI Agents","isPartOf":{"@id":"https:\/\/sales-ai-agents.com\/#website"},"primaryImageOfPage":{"@id":"https:\/\/sales-ai-agents.com\/tr\/templates\/monthly-mood-productivity-tracker\/#primaryimage"},"image":{"@id":"https:\/\/sales-ai-agents.com\/tr\/templates\/monthly-mood-productivity-tracker\/#primaryimage"},"thumbnailUrl":"https:\/\/sales-ai-agents.com\/wp-content\/uploads\/2022\/09\/Monthly-Mood-and-Productivity-Tracker.png","datePublished":"2022-09-26T13:33:45+00:00","dateModified":"2024-01-02T11:33:41+00:00","description":"Her ay duygular\u0131n\u0131z\u0131 takip etmek, ilerlemenizi ve \u00fcretkenli\u011finizi izlemenize yard\u0131mc\u0131 olabilir. Duygular\u0131n\u0131z\u0131 g\u00f6zlemlemek ve kaydetmek i\u00e7in bu \u015fablonu kullan\u0131n.","inLanguage":"tr","potentialAction":[{"@type":"ReadAction","target":["https:\/\/sales-ai-agents.com\/tr\/templates\/monthly-mood-productivity-tracker\/"]}]},{"@type":"ImageObject","inLanguage":"tr","@id":"https:\/\/sales-ai-agents.com\/tr\/templates\/monthly-mood-productivity-tracker\/#primaryimage","url":"https:\/\/sales-ai-agents.com\/wp-content\/uploads\/2022\/09\/Monthly-Mood-and-Productivity-Tracker.png","contentUrl":"https:\/\/sales-ai-agents.com\/wp-content\/uploads\/2022\/09\/Monthly-Mood-and-Productivity-Tracker.png","width":1700,"height":1100},{"@type":"WebSite","@id":"https:\/\/sales-ai-agents.com\/#website","url":"https:\/\/sales-ai-agents.com\/","name":"FuseBase","description":"Sales AI Agents - Free Online Collaboration Software for Remote Teams. Build your wikis, client portals and more with the Nimbus Platform collaboration tool ? A perfect space for online work","publisher":{"@id":"https:\/\/sales-ai-agents.com\/#organization"},"potentialAction":[{"@type":"SearchAction","target":{"@type":"EntryPoint","urlTemplate":"https:\/\/sales-ai-agents.com\/?s={search_term_string}"},"query-input":{"@type":"PropertyValueSpecification","valueRequired":true,"valueName":"search_term_string"}}],"inLanguage":"tr"},{"@type":"Organization","@id":"https:\/\/sales-ai-agents.com\/#organization","name":"FuseBase","url":"https:\/\/sales-ai-agents.com\/","logo":{"@type":"ImageObject","inLanguage":"tr","@id":"https:\/\/sales-ai-agents.com\/#\/schema\/logo\/image\/","url":"https:\/\/sales-ai-agents.com\/wp-content\/uploads\/2023\/11\/icon-7.svg","contentUrl":"https:\/\/sales-ai-agents.com\/wp-content\/uploads\/2023\/11\/icon-7.svg","width":128,"height":128,"caption":"FuseBase"},"image":{"@id":"https:\/\/sales-ai-agents.com\/#\/schema\/logo\/image\/"}}]}},"_links":{"self":[{"href":"https:\/\/sales-ai-agents.com\/tr\/wp-json\/wp\/v2\/product\/55591","targetHints":{"allow":["GET"]}}],"collection":[{"href":"https:\/\/sales-ai-agents.com\/tr\/wp-json\/wp\/v2\/product"}],"about":[{"href":"https:\/\/sales-ai-agents.com\/tr\/wp-json\/wp\/v2\/types\/product"}],"wp:featuredmedia":[{"embeddable":true,"href":"https:\/\/sales-ai-agents.com\/tr\/wp-json\/wp\/v2\/media\/55592"}],"wp:attachment":[{"href":"https:\/\/sales-ai-agents.com\/tr\/wp-json\/wp\/v2\/media?parent=55591"}],"wp:term":[{"taxonomy":"product_brand","embeddable":true,"href":"https:\/\/sales-ai-agents.com\/tr\/wp-json\/wp\/v2\/product_brand?post=55591"},{"taxonomy":"product_cat","embeddable":true,"href":"https:\/\/sales-ai-agents.com\/tr\/wp-json\/wp\/v2\/product_cat?post=55591"},{"taxonomy":"product_tag","embeddable":true,"href":"https:\/\/sales-ai-agents.com\/tr\/wp-json\/wp\/v2\/product_tag?post=55591"}],"curies":[{"name":"wp","href":"https:\/\/api.w.org\/{rel}","templated":true}]}}