{"id":55599,"date":"2022-09-26T12:25:16","date_gmt":"2022-09-26T12:25:16","guid":{"rendered":"https:\/\/sales-ai-agents.com\/templates\/teacher-schedule\/"},"modified":"2023-12-26T15:00:54","modified_gmt":"2023-12-26T15:00:54","slug":"teacher-schedule","status":"publish","type":"product","link":"https:\/\/sales-ai-agents.com\/tr\/templates\/teacher-schedule\/","title":{"rendered":"\u00d6\u011fretmen Program\u0131"},"content":{"rendered":"<p>&nbsp;<\/p>\n<h2>\u00d6\u011fretmen Program\u0131 \u015eablonu<\/h2>\n<p class=\"desc-text\">Tamamen i\u015flevsel \u00f6\u011fretmen program\u0131m\u0131z\u0131 kullanmak, kendi okul program\u0131 uygulaman\u0131za sahip olmak gibidir. Her \u00f6\u011fretmen, b\u00f6l\u00fcm veya s\u0131n\u0131f i\u00e7in kullan\u0131n. Her \u00f6\u011fretmenin kapsad\u0131\u011f\u0131 dersleri g\u00f6r\u00fcn, b\u00f6l\u00fcmlerini veya s\u0131n\u0131f seviyelerini kontrol edin ve farkl\u0131 ders d\u00f6nemlerinde nerede \u00e7al\u0131\u015facaklar\u0131n\u0131 bulun.<\/p>\n<h5>Nas\u0131l kullan\u0131l\u0131r?<\/h5>\n<ul class=\"desc-item_list\">\n<li class=\"desc-item_list__point\">\u00d6\u011fretmenler, tarihler ve s\u0131n\u0131flar hakk\u0131nda bilgi ekleyin<\/li>\n<li class=\"desc-item_list__point\">Konuyu doldurun, \u00f6\u011fretmeni etiketleyin ve b\u00f6l\u00fcm\u00fc etiketleyin<\/li>\n<li class=\"desc-item_list__point\">Her ders i\u00e7in s\u0131n\u0131f ve d\u00f6nem numaras\u0131n\u0131 ekleyin<\/li>\n<li class=\"desc-item_list__point\">Gerekirse ders planlar\u0131n\u0131 veya di\u011fer e\u011fitim materyallerini ekleyin<\/li>\n<\/ul>\n","protected":false},"excerpt":{"rendered":"<p>Bu \u00fccretsiz \u00f6zelle\u015ftirilebilir \u015fablonla her \u00f6\u011fretmen, b\u00f6l\u00fcm veya s\u0131n\u0131f i\u00e7in program kullan\u0131n. \u00d6\u011fretmenin kapsad\u0131\u011f\u0131 dersleri g\u00f6r\u00fcn, b\u00f6l\u00fcmleri ve daha fazlas\u0131n\u0131 kontrol edin.<\/p>\n","protected":false},"featured_media":55600,"template":"","meta":{"_acf_changed":false,"inline_featured_image":false},"product_brand":[],"product_cat":[268],"product_tag":[],"class_list":{"0":"post-55599","1":"product","2":"type-product","3":"status-publish","4":"has-post-thumbnail","6":"product_cat-teacher","8":"first","9":"instock","10":"virtual","11":"sold-individually","12":"product-type-simple"},"acf":[],"yoast_head":"<!-- This site is optimized with the Yoast SEO plugin v25.3.1 - https:\/\/yoast.com\/wordpress\/plugins\/seo\/ -->\n<title>\u00d6\u011fretmen Program\u0131 \u015eablonu - Sales AI Agents<\/title>\n<meta name=\"description\" content=\"Bu \u00fccretsiz \u00f6zelle\u015ftirilebilir \u015fablonla her \u00f6\u011fretmen, b\u00f6l\u00fcm veya s\u0131n\u0131f i\u00e7in program kullan\u0131n. \u00d6\u011fretmenin kapsad\u0131\u011f\u0131 dersleri g\u00f6r\u00fcn, b\u00f6l\u00fcmleri kontrol edin ve daha fazlas\u0131n\u0131 yap\u0131n\" \/>\n<meta name=\"robots\" content=\"index, follow, max-snippet:-1, max-image-preview:large, max-video-preview:-1\" \/>\n<link rel=\"canonical\" href=\"https:\/\/sales-ai-agents.com\/tr\/templates\/teacher-schedule\/\" \/>\n<meta property=\"og:locale\" content=\"tr_TR\" \/>\n<meta property=\"og:type\" content=\"article\" \/>\n<meta property=\"og:title\" content=\"\u00d6\u011fretmen Program\u0131 \u015eablonu - Sales AI Agents\" \/>\n<meta property=\"og:description\" content=\"Bu \u00fccretsiz \u00f6zelle\u015ftirilebilir \u015fablonla her \u00f6\u011fretmen, b\u00f6l\u00fcm veya s\u0131n\u0131f i\u00e7in program kullan\u0131n. \u00d6\u011fretmenin kapsad\u0131\u011f\u0131 dersleri g\u00f6r\u00fcn, b\u00f6l\u00fcmleri kontrol edin ve daha fazlas\u0131n\u0131 yap\u0131n\" \/>\n<meta property=\"og:url\" content=\"https:\/\/sales-ai-agents.com\/tr\/templates\/teacher-schedule\/\" \/>\n<meta property=\"og:site_name\" content=\"Sales AI Agents\" \/>\n<meta property=\"article:modified_time\" content=\"2023-12-26T15:00:54+00:00\" \/>\n<meta property=\"og:image\" content=\"https:\/\/sales-ai-agents.com\/wp-content\/uploads\/2023\/01\/image-preview120035.png\" \/>\n\t<meta property=\"og:image:width\" content=\"1078\" \/>\n\t<meta property=\"og:image:height\" content=\"760\" \/>\n\t<meta property=\"og:image:type\" content=\"image\/png\" \/>\n<meta name=\"twitter:card\" content=\"summary_large_image\" \/>\n<script type=\"application\/ld+json\" class=\"yoast-schema-graph\">{\"@context\":\"https:\/\/schema.org\",\"@graph\":[{\"@type\":\"WebPage\",\"@id\":\"https:\/\/sales-ai-agents.com\/tr\/templates\/teacher-schedule\/\",\"url\":\"https:\/\/sales-ai-agents.com\/tr\/templates\/teacher-schedule\/\",\"name\":\"\u00d6\u011fretmen Program\u0131 \u015eablonu - Sales AI Agents\",\"isPartOf\":{\"@id\":\"https:\/\/sales-ai-agents.com\/#website\"},\"primaryImageOfPage\":{\"@id\":\"https:\/\/sales-ai-agents.com\/tr\/templates\/teacher-schedule\/#primaryimage\"},\"image\":{\"@id\":\"https:\/\/sales-ai-agents.com\/tr\/templates\/teacher-schedule\/#primaryimage\"},\"thumbnailUrl\":\"https:\/\/sales-ai-agents.com\/wp-content\/uploads\/2023\/01\/image-preview120035.png\",\"datePublished\":\"2022-09-26T12:25:16+00:00\",\"dateModified\":\"2023-12-26T15:00:54+00:00\",\"description\":\"Bu \u00fccretsiz \u00f6zelle\u015ftirilebilir \u015fablonla her \u00f6\u011fretmen, b\u00f6l\u00fcm veya s\u0131n\u0131f i\u00e7in program kullan\u0131n. \u00d6\u011fretmenin kapsad\u0131\u011f\u0131 dersleri g\u00f6r\u00fcn, b\u00f6l\u00fcmleri kontrol edin ve daha fazlas\u0131n\u0131 yap\u0131n\",\"inLanguage\":\"tr\",\"potentialAction\":[{\"@type\":\"ReadAction\",\"target\":[\"https:\/\/sales-ai-agents.com\/tr\/templates\/teacher-schedule\/\"]}]},{\"@type\":\"ImageObject\",\"inLanguage\":\"tr\",\"@id\":\"https:\/\/sales-ai-agents.com\/tr\/templates\/teacher-schedule\/#primaryimage\",\"url\":\"https:\/\/sales-ai-agents.com\/wp-content\/uploads\/2023\/01\/image-preview120035.png\",\"contentUrl\":\"https:\/\/sales-ai-agents.com\/wp-content\/uploads\/2023\/01\/image-preview120035.png\",\"width\":1078,\"height\":760},{\"@type\":\"WebSite\",\"@id\":\"https:\/\/sales-ai-agents.com\/#website\",\"url\":\"https:\/\/sales-ai-agents.com\/\",\"name\":\"FuseBase\",\"description\":\"Sales AI Agents - Free Online Collaboration Software for Remote Teams. Build your wikis, client portals and more with the Nimbus Platform collaboration tool ? A perfect space for online work\",\"publisher\":{\"@id\":\"https:\/\/sales-ai-agents.com\/#organization\"},\"potentialAction\":[{\"@type\":\"SearchAction\",\"target\":{\"@type\":\"EntryPoint\",\"urlTemplate\":\"https:\/\/sales-ai-agents.com\/?s={search_term_string}\"},\"query-input\":{\"@type\":\"PropertyValueSpecification\",\"valueRequired\":true,\"valueName\":\"search_term_string\"}}],\"inLanguage\":\"tr\"},{\"@type\":\"Organization\",\"@id\":\"https:\/\/sales-ai-agents.com\/#organization\",\"name\":\"FuseBase\",\"url\":\"https:\/\/sales-ai-agents.com\/\",\"logo\":{\"@type\":\"ImageObject\",\"inLanguage\":\"tr\",\"@id\":\"https:\/\/sales-ai-agents.com\/#\/schema\/logo\/image\/\",\"url\":\"https:\/\/sales-ai-agents.com\/wp-content\/uploads\/2023\/11\/icon-7.svg\",\"contentUrl\":\"https:\/\/sales-ai-agents.com\/wp-content\/uploads\/2023\/11\/icon-7.svg\",\"width\":128,\"height\":128,\"caption\":\"FuseBase\"},\"image\":{\"@id\":\"https:\/\/sales-ai-agents.com\/#\/schema\/logo\/image\/\"}}]}<\/script>\n<!-- \/ Yoast SEO plugin. -->","yoast_head_json":{"title":"\u00d6\u011fretmen Program\u0131 \u015eablonu - Sales AI Agents","description":"Bu \u00fccretsiz \u00f6zelle\u015ftirilebilir \u015fablonla her \u00f6\u011fretmen, b\u00f6l\u00fcm veya s\u0131n\u0131f i\u00e7in program kullan\u0131n. \u00d6\u011fretmenin kapsad\u0131\u011f\u0131 dersleri g\u00f6r\u00fcn, b\u00f6l\u00fcmleri kontrol edin ve daha fazlas\u0131n\u0131 yap\u0131n","robots":{"index":"index","follow":"follow","max-snippet":"max-snippet:-1","max-image-preview":"max-image-preview:large","max-video-preview":"max-video-preview:-1"},"canonical":"https:\/\/sales-ai-agents.com\/tr\/templates\/teacher-schedule\/","og_locale":"tr_TR","og_type":"article","og_title":"\u00d6\u011fretmen Program\u0131 \u015eablonu - Sales AI Agents","og_description":"Bu \u00fccretsiz \u00f6zelle\u015ftirilebilir \u015fablonla her \u00f6\u011fretmen, b\u00f6l\u00fcm veya s\u0131n\u0131f i\u00e7in program kullan\u0131n. \u00d6\u011fretmenin kapsad\u0131\u011f\u0131 dersleri g\u00f6r\u00fcn, b\u00f6l\u00fcmleri kontrol edin ve daha fazlas\u0131n\u0131 yap\u0131n","og_url":"https:\/\/sales-ai-agents.com\/tr\/templates\/teacher-schedule\/","og_site_name":"Sales AI Agents","article_modified_time":"2023-12-26T15:00:54+00:00","og_image":[{"width":1078,"height":760,"url":"https:\/\/sales-ai-agents.com\/wp-content\/uploads\/2023\/01\/image-preview120035.png","type":"image\/png"}],"twitter_card":"summary_large_image","schema":{"@context":"https:\/\/schema.org","@graph":[{"@type":"WebPage","@id":"https:\/\/sales-ai-agents.com\/tr\/templates\/teacher-schedule\/","url":"https:\/\/sales-ai-agents.com\/tr\/templates\/teacher-schedule\/","name":"\u00d6\u011fretmen Program\u0131 \u015eablonu - Sales AI Agents","isPartOf":{"@id":"https:\/\/sales-ai-agents.com\/#website"},"primaryImageOfPage":{"@id":"https:\/\/sales-ai-agents.com\/tr\/templates\/teacher-schedule\/#primaryimage"},"image":{"@id":"https:\/\/sales-ai-agents.com\/tr\/templates\/teacher-schedule\/#primaryimage"},"thumbnailUrl":"https:\/\/sales-ai-agents.com\/wp-content\/uploads\/2023\/01\/image-preview120035.png","datePublished":"2022-09-26T12:25:16+00:00","dateModified":"2023-12-26T15:00:54+00:00","description":"Bu \u00fccretsiz \u00f6zelle\u015ftirilebilir \u015fablonla her \u00f6\u011fretmen, b\u00f6l\u00fcm veya s\u0131n\u0131f i\u00e7in program kullan\u0131n. \u00d6\u011fretmenin kapsad\u0131\u011f\u0131 dersleri g\u00f6r\u00fcn, b\u00f6l\u00fcmleri kontrol edin ve daha fazlas\u0131n\u0131 yap\u0131n","inLanguage":"tr","potentialAction":[{"@type":"ReadAction","target":["https:\/\/sales-ai-agents.com\/tr\/templates\/teacher-schedule\/"]}]},{"@type":"ImageObject","inLanguage":"tr","@id":"https:\/\/sales-ai-agents.com\/tr\/templates\/teacher-schedule\/#primaryimage","url":"https:\/\/sales-ai-agents.com\/wp-content\/uploads\/2023\/01\/image-preview120035.png","contentUrl":"https:\/\/sales-ai-agents.com\/wp-content\/uploads\/2023\/01\/image-preview120035.png","width":1078,"height":760},{"@type":"WebSite","@id":"https:\/\/sales-ai-agents.com\/#website","url":"https:\/\/sales-ai-agents.com\/","name":"FuseBase","description":"Sales AI Agents - Free Online Collaboration Software for Remote Teams. Build your wikis, client portals and more with the Nimbus Platform collaboration tool ? A perfect space for online work","publisher":{"@id":"https:\/\/sales-ai-agents.com\/#organization"},"potentialAction":[{"@type":"SearchAction","target":{"@type":"EntryPoint","urlTemplate":"https:\/\/sales-ai-agents.com\/?s={search_term_string}"},"query-input":{"@type":"PropertyValueSpecification","valueRequired":true,"valueName":"search_term_string"}}],"inLanguage":"tr"},{"@type":"Organization","@id":"https:\/\/sales-ai-agents.com\/#organization","name":"FuseBase","url":"https:\/\/sales-ai-agents.com\/","logo":{"@type":"ImageObject","inLanguage":"tr","@id":"https:\/\/sales-ai-agents.com\/#\/schema\/logo\/image\/","url":"https:\/\/sales-ai-agents.com\/wp-content\/uploads\/2023\/11\/icon-7.svg","contentUrl":"https:\/\/sales-ai-agents.com\/wp-content\/uploads\/2023\/11\/icon-7.svg","width":128,"height":128,"caption":"FuseBase"},"image":{"@id":"https:\/\/sales-ai-agents.com\/#\/schema\/logo\/image\/"}}]}},"_links":{"self":[{"href":"https:\/\/sales-ai-agents.com\/tr\/wp-json\/wp\/v2\/product\/55599","targetHints":{"allow":["GET"]}}],"collection":[{"href":"https:\/\/sales-ai-agents.com\/tr\/wp-json\/wp\/v2\/product"}],"about":[{"href":"https:\/\/sales-ai-agents.com\/tr\/wp-json\/wp\/v2\/types\/product"}],"wp:featuredmedia":[{"embeddable":true,"href":"https:\/\/sales-ai-agents.com\/tr\/wp-json\/wp\/v2\/media\/55600"}],"wp:attachment":[{"href":"https:\/\/sales-ai-agents.com\/tr\/wp-json\/wp\/v2\/media?parent=55599"}],"wp:term":[{"taxonomy":"product_brand","embeddable":true,"href":"https:\/\/sales-ai-agents.com\/tr\/wp-json\/wp\/v2\/product_brand?post=55599"},{"taxonomy":"product_cat","embeddable":true,"href":"https:\/\/sales-ai-agents.com\/tr\/wp-json\/wp\/v2\/product_cat?post=55599"},{"taxonomy":"product_tag","embeddable":true,"href":"https:\/\/sales-ai-agents.com\/tr\/wp-json\/wp\/v2\/product_tag?post=55599"}],"curies":[{"name":"wp","href":"https:\/\/api.w.org\/{rel}","templated":true}]}}