{"id":55603,"date":"2022-09-26T12:25:11","date_gmt":"2022-09-26T12:25:11","guid":{"rendered":"https:\/\/sales-ai-agents.com\/templates\/tracking-marketing-campaigns\/"},"modified":"2024-01-02T13:11:39","modified_gmt":"2024-01-02T13:11:39","slug":"tracking-marketing-campaigns","status":"publish","type":"product","link":"https:\/\/sales-ai-agents.com\/tr\/templates\/tracking-marketing-campaigns\/","title":{"rendered":"Pazarlama Kampanyalar\u0131n\u0131n Takibi"},"content":{"rendered":"<p>&nbsp;<\/p>\n<h2>Pazarlama Kampanyalar\u0131n\u0131 Takip Etme \u015eablonu<\/h2>\n<p class=\"desc-text\">Bir pazarlama profesyoneli olarak, ayn\u0131 anda takip etmeniz gereken birka\u00e7 kampanyan\u0131z olabilir. Bu \u015fablonla, \u00e7al\u0131\u015fmalar\u0131n\u0131z\u0131 fikir a\u015famas\u0131ndan tamamlanmas\u0131na kadar kolayca takip edebilirsiniz. Kampanyalar\u0131n\u0131z\u0131 takip ederek neyin en etkili oldu\u011funu g\u00f6rebilirsiniz. Bu, bir sonraki giri\u015fimlerinizi planlamak i\u00e7in daha iyi kararlar alman\u0131za yard\u0131mc\u0131 olur.<\/p>\n<h5>Nas\u0131l kullan\u0131l\u0131r?<\/h5>\n<ul class=\"desc-item_list\">\n<li class=\"desc-item_list__point\">Kampanya ad\u0131 ekle<\/li>\n<li class=\"desc-item_list__point\">\u0130zleme durumu<\/li>\n<li class=\"desc-item_list__point\">Demografik verileri ekleyin<\/li>\n<li class=\"desc-item_list__point\">D\u00f6n\u00fc\u015f\u00fcm oranlar\u0131n\u0131 hesaplay\u0131n<\/li>\n<\/ul>\n","protected":false},"excerpt":{"rendered":"<p>Bir pazarlama profesyoneli olarak, ayn\u0131 anda takip etmeniz gereken birka\u00e7 kampanyan\u0131z olabilir. Bu \u015fablonla, \u00e7al\u0131\u015fman\u0131z\u0131 ba\u015flang\u0131\u00e7tan tamamlanmas\u0131na kadar takip edin.<\/p>\n","protected":false},"featured_media":55604,"template":"","meta":{"_acf_changed":false,"inline_featured_image":false},"product_brand":[],"product_cat":[250,269],"product_tag":[],"class_list":{"0":"post-55603","1":"product","2":"type-product","3":"status-publish","4":"has-post-thumbnail","6":"product_cat-marketing","7":"product_cat-marketing-campaign","9":"first","10":"instock","11":"virtual","12":"sold-individually","13":"product-type-simple"},"acf":[],"yoast_head":"<!-- This site is optimized with the Yoast SEO plugin v25.3.1 - https:\/\/yoast.com\/wordpress\/plugins\/seo\/ -->\n<title>Pazarlama Kampanyalar\u0131n\u0131 Takip Etme \u015eablonu - Sales AI Agents<\/title>\n<meta name=\"description\" content=\"Bir pazarlama profesyoneli olarak, ayn\u0131 anda takip etmeniz gereken birka\u00e7 kampanyan\u0131z olabilir. Bu \u015fablonla, \u00e7al\u0131\u015fman\u0131z\u0131 ba\u015flang\u0131\u00e7tan tamamlanmas\u0131na kadar takip edin.\" \/>\n<meta name=\"robots\" content=\"index, follow, max-snippet:-1, max-image-preview:large, max-video-preview:-1\" \/>\n<link rel=\"canonical\" href=\"https:\/\/sales-ai-agents.com\/tr\/templates\/tracking-marketing-campaigns\/\" \/>\n<meta property=\"og:locale\" content=\"tr_TR\" \/>\n<meta property=\"og:type\" content=\"article\" \/>\n<meta property=\"og:title\" content=\"Pazarlama Kampanyalar\u0131n\u0131 Takip Etme \u015eablonu - Sales AI Agents\" \/>\n<meta property=\"og:description\" content=\"Bir pazarlama profesyoneli olarak, ayn\u0131 anda takip etmeniz gereken birka\u00e7 kampanyan\u0131z olabilir. Bu \u015fablonla, \u00e7al\u0131\u015fman\u0131z\u0131 ba\u015flang\u0131\u00e7tan tamamlanmas\u0131na kadar takip edin.\" \/>\n<meta property=\"og:url\" content=\"https:\/\/sales-ai-agents.com\/tr\/templates\/tracking-marketing-campaigns\/\" \/>\n<meta property=\"og:site_name\" content=\"Sales AI Agents\" \/>\n<meta property=\"article:modified_time\" content=\"2024-01-02T13:11:39+00:00\" \/>\n<meta property=\"og:image\" content=\"https:\/\/sales-ai-agents.com\/wp-content\/uploads\/2022\/09\/Tracking-Marketing-Campaigns-Template.png\" \/>\n\t<meta property=\"og:image:width\" content=\"1700\" \/>\n\t<meta property=\"og:image:height\" content=\"1100\" \/>\n\t<meta property=\"og:image:type\" content=\"image\/png\" \/>\n<meta name=\"twitter:card\" content=\"summary_large_image\" \/>\n<script type=\"application\/ld+json\" class=\"yoast-schema-graph\">{\"@context\":\"https:\/\/schema.org\",\"@graph\":[{\"@type\":\"WebPage\",\"@id\":\"https:\/\/sales-ai-agents.com\/tr\/templates\/tracking-marketing-campaigns\/\",\"url\":\"https:\/\/sales-ai-agents.com\/tr\/templates\/tracking-marketing-campaigns\/\",\"name\":\"Pazarlama Kampanyalar\u0131n\u0131 Takip Etme \u015eablonu - Sales AI Agents\",\"isPartOf\":{\"@id\":\"https:\/\/sales-ai-agents.com\/#website\"},\"primaryImageOfPage\":{\"@id\":\"https:\/\/sales-ai-agents.com\/tr\/templates\/tracking-marketing-campaigns\/#primaryimage\"},\"image\":{\"@id\":\"https:\/\/sales-ai-agents.com\/tr\/templates\/tracking-marketing-campaigns\/#primaryimage\"},\"thumbnailUrl\":\"https:\/\/sales-ai-agents.com\/wp-content\/uploads\/2022\/09\/Tracking-Marketing-Campaigns-Template.png\",\"datePublished\":\"2022-09-26T12:25:11+00:00\",\"dateModified\":\"2024-01-02T13:11:39+00:00\",\"description\":\"Bir pazarlama profesyoneli olarak, ayn\u0131 anda takip etmeniz gereken birka\u00e7 kampanyan\u0131z olabilir. Bu \u015fablonla, \u00e7al\u0131\u015fman\u0131z\u0131 ba\u015flang\u0131\u00e7tan tamamlanmas\u0131na kadar takip edin.\",\"inLanguage\":\"tr\",\"potentialAction\":[{\"@type\":\"ReadAction\",\"target\":[\"https:\/\/sales-ai-agents.com\/tr\/templates\/tracking-marketing-campaigns\/\"]}]},{\"@type\":\"ImageObject\",\"inLanguage\":\"tr\",\"@id\":\"https:\/\/sales-ai-agents.com\/tr\/templates\/tracking-marketing-campaigns\/#primaryimage\",\"url\":\"https:\/\/sales-ai-agents.com\/wp-content\/uploads\/2022\/09\/Tracking-Marketing-Campaigns-Template.png\",\"contentUrl\":\"https:\/\/sales-ai-agents.com\/wp-content\/uploads\/2022\/09\/Tracking-Marketing-Campaigns-Template.png\",\"width\":1700,\"height\":1100},{\"@type\":\"WebSite\",\"@id\":\"https:\/\/sales-ai-agents.com\/#website\",\"url\":\"https:\/\/sales-ai-agents.com\/\",\"name\":\"FuseBase\",\"description\":\"Sales AI Agents - Free Online Collaboration Software for Remote Teams. Build your wikis, client portals and more with the Nimbus Platform collaboration tool ? A perfect space for online work\",\"publisher\":{\"@id\":\"https:\/\/sales-ai-agents.com\/#organization\"},\"potentialAction\":[{\"@type\":\"SearchAction\",\"target\":{\"@type\":\"EntryPoint\",\"urlTemplate\":\"https:\/\/sales-ai-agents.com\/?s={search_term_string}\"},\"query-input\":{\"@type\":\"PropertyValueSpecification\",\"valueRequired\":true,\"valueName\":\"search_term_string\"}}],\"inLanguage\":\"tr\"},{\"@type\":\"Organization\",\"@id\":\"https:\/\/sales-ai-agents.com\/#organization\",\"name\":\"FuseBase\",\"url\":\"https:\/\/sales-ai-agents.com\/\",\"logo\":{\"@type\":\"ImageObject\",\"inLanguage\":\"tr\",\"@id\":\"https:\/\/sales-ai-agents.com\/#\/schema\/logo\/image\/\",\"url\":\"https:\/\/sales-ai-agents.com\/wp-content\/uploads\/2023\/11\/icon-7.svg\",\"contentUrl\":\"https:\/\/sales-ai-agents.com\/wp-content\/uploads\/2023\/11\/icon-7.svg\",\"width\":128,\"height\":128,\"caption\":\"FuseBase\"},\"image\":{\"@id\":\"https:\/\/sales-ai-agents.com\/#\/schema\/logo\/image\/\"}}]}<\/script>\n<!-- \/ Yoast SEO plugin. -->","yoast_head_json":{"title":"Pazarlama Kampanyalar\u0131n\u0131 Takip Etme \u015eablonu - Sales AI Agents","description":"Bir pazarlama profesyoneli olarak, ayn\u0131 anda takip etmeniz gereken birka\u00e7 kampanyan\u0131z olabilir. Bu \u015fablonla, \u00e7al\u0131\u015fman\u0131z\u0131 ba\u015flang\u0131\u00e7tan tamamlanmas\u0131na kadar takip edin.","robots":{"index":"index","follow":"follow","max-snippet":"max-snippet:-1","max-image-preview":"max-image-preview:large","max-video-preview":"max-video-preview:-1"},"canonical":"https:\/\/sales-ai-agents.com\/tr\/templates\/tracking-marketing-campaigns\/","og_locale":"tr_TR","og_type":"article","og_title":"Pazarlama Kampanyalar\u0131n\u0131 Takip Etme \u015eablonu - Sales AI Agents","og_description":"Bir pazarlama profesyoneli olarak, ayn\u0131 anda takip etmeniz gereken birka\u00e7 kampanyan\u0131z olabilir. Bu \u015fablonla, \u00e7al\u0131\u015fman\u0131z\u0131 ba\u015flang\u0131\u00e7tan tamamlanmas\u0131na kadar takip edin.","og_url":"https:\/\/sales-ai-agents.com\/tr\/templates\/tracking-marketing-campaigns\/","og_site_name":"Sales AI Agents","article_modified_time":"2024-01-02T13:11:39+00:00","og_image":[{"width":1700,"height":1100,"url":"https:\/\/sales-ai-agents.com\/wp-content\/uploads\/2022\/09\/Tracking-Marketing-Campaigns-Template.png","type":"image\/png"}],"twitter_card":"summary_large_image","schema":{"@context":"https:\/\/schema.org","@graph":[{"@type":"WebPage","@id":"https:\/\/sales-ai-agents.com\/tr\/templates\/tracking-marketing-campaigns\/","url":"https:\/\/sales-ai-agents.com\/tr\/templates\/tracking-marketing-campaigns\/","name":"Pazarlama Kampanyalar\u0131n\u0131 Takip Etme \u015eablonu - Sales AI Agents","isPartOf":{"@id":"https:\/\/sales-ai-agents.com\/#website"},"primaryImageOfPage":{"@id":"https:\/\/sales-ai-agents.com\/tr\/templates\/tracking-marketing-campaigns\/#primaryimage"},"image":{"@id":"https:\/\/sales-ai-agents.com\/tr\/templates\/tracking-marketing-campaigns\/#primaryimage"},"thumbnailUrl":"https:\/\/sales-ai-agents.com\/wp-content\/uploads\/2022\/09\/Tracking-Marketing-Campaigns-Template.png","datePublished":"2022-09-26T12:25:11+00:00","dateModified":"2024-01-02T13:11:39+00:00","description":"Bir pazarlama profesyoneli olarak, ayn\u0131 anda takip etmeniz gereken birka\u00e7 kampanyan\u0131z olabilir. Bu \u015fablonla, \u00e7al\u0131\u015fman\u0131z\u0131 ba\u015flang\u0131\u00e7tan tamamlanmas\u0131na kadar takip edin.","inLanguage":"tr","potentialAction":[{"@type":"ReadAction","target":["https:\/\/sales-ai-agents.com\/tr\/templates\/tracking-marketing-campaigns\/"]}]},{"@type":"ImageObject","inLanguage":"tr","@id":"https:\/\/sales-ai-agents.com\/tr\/templates\/tracking-marketing-campaigns\/#primaryimage","url":"https:\/\/sales-ai-agents.com\/wp-content\/uploads\/2022\/09\/Tracking-Marketing-Campaigns-Template.png","contentUrl":"https:\/\/sales-ai-agents.com\/wp-content\/uploads\/2022\/09\/Tracking-Marketing-Campaigns-Template.png","width":1700,"height":1100},{"@type":"WebSite","@id":"https:\/\/sales-ai-agents.com\/#website","url":"https:\/\/sales-ai-agents.com\/","name":"FuseBase","description":"Sales AI Agents - Free Online Collaboration Software for Remote Teams. Build your wikis, client portals and more with the Nimbus Platform collaboration tool ? A perfect space for online work","publisher":{"@id":"https:\/\/sales-ai-agents.com\/#organization"},"potentialAction":[{"@type":"SearchAction","target":{"@type":"EntryPoint","urlTemplate":"https:\/\/sales-ai-agents.com\/?s={search_term_string}"},"query-input":{"@type":"PropertyValueSpecification","valueRequired":true,"valueName":"search_term_string"}}],"inLanguage":"tr"},{"@type":"Organization","@id":"https:\/\/sales-ai-agents.com\/#organization","name":"FuseBase","url":"https:\/\/sales-ai-agents.com\/","logo":{"@type":"ImageObject","inLanguage":"tr","@id":"https:\/\/sales-ai-agents.com\/#\/schema\/logo\/image\/","url":"https:\/\/sales-ai-agents.com\/wp-content\/uploads\/2023\/11\/icon-7.svg","contentUrl":"https:\/\/sales-ai-agents.com\/wp-content\/uploads\/2023\/11\/icon-7.svg","width":128,"height":128,"caption":"FuseBase"},"image":{"@id":"https:\/\/sales-ai-agents.com\/#\/schema\/logo\/image\/"}}]}},"_links":{"self":[{"href":"https:\/\/sales-ai-agents.com\/tr\/wp-json\/wp\/v2\/product\/55603","targetHints":{"allow":["GET"]}}],"collection":[{"href":"https:\/\/sales-ai-agents.com\/tr\/wp-json\/wp\/v2\/product"}],"about":[{"href":"https:\/\/sales-ai-agents.com\/tr\/wp-json\/wp\/v2\/types\/product"}],"wp:featuredmedia":[{"embeddable":true,"href":"https:\/\/sales-ai-agents.com\/tr\/wp-json\/wp\/v2\/media\/55604"}],"wp:attachment":[{"href":"https:\/\/sales-ai-agents.com\/tr\/wp-json\/wp\/v2\/media?parent=55603"}],"wp:term":[{"taxonomy":"product_brand","embeddable":true,"href":"https:\/\/sales-ai-agents.com\/tr\/wp-json\/wp\/v2\/product_brand?post=55603"},{"taxonomy":"product_cat","embeddable":true,"href":"https:\/\/sales-ai-agents.com\/tr\/wp-json\/wp\/v2\/product_cat?post=55603"},{"taxonomy":"product_tag","embeddable":true,"href":"https:\/\/sales-ai-agents.com\/tr\/wp-json\/wp\/v2\/product_tag?post=55603"}],"curies":[{"name":"wp","href":"https:\/\/api.w.org\/{rel}","templated":true}]}}