{"id":55619,"date":"2022-09-26T12:25:02","date_gmt":"2022-09-26T12:25:02","guid":{"rendered":"https:\/\/sales-ai-agents.com\/templates\/blog-post\/"},"modified":"2024-01-02T13:52:38","modified_gmt":"2024-01-02T13:52:38","slug":"blog-post","status":"publish","type":"product","link":"https:\/\/sales-ai-agents.com\/tr\/templates\/blog-post\/","title":{"rendered":"Blog G\u00f6nderisi"},"content":{"rendered":"<p>&nbsp;<\/p>\n<h2>Blog Yaz\u0131s\u0131 \u015eablonu<\/h2>\n<p class=\"desc-text\">Bir blog yaz\u0131s\u0131 olu\u015fturmak birka\u00e7 ad\u0131m ve a\u015fama i\u00e7erir. Bir g\u00f6nderi yay\u0131nland\u0131ktan sonra, farkl\u0131 kanallarda daha fazla payla\u015f\u0131labilir. Yazma s\u00fcrecinizi takip etmek i\u00e7in yazma ad\u0131mlar\u0131n\u0131 listeleyen bu \u015fablonu kullan\u0131n. \u00d6nemli ba\u011flant\u0131lar ve kontrol listeleri ekleyin ve yaz\u0131n\u0131z\u0131 yay\u0131na almadan \u00f6nce t\u00fcm eksiklerinizin giderildi\u011finden emin olun.<\/p>\n<h5>Nas\u0131l kullan\u0131l\u0131r?<\/h5>\n<ul class=\"desc-item_list\">\n<li class=\"desc-item_list__point\">Durumu ilerledik\u00e7e g\u00fcncelleyin<\/li>\n<li class=\"desc-item_list__point\">Tamamlanan ad\u0131mlar\u0131 i\u015faretlemek i\u00e7in kontrol listesini kullan\u0131n<\/li>\n<li class=\"desc-item_list__point\">\u00c7al\u0131\u015fman\u0131z\u0131 konu uzmanlar\u0131 veya halkla ili\u015fkiler uzmanlar\u0131 ile g\u00f6zden ge\u00e7irin<\/li>\n<li class=\"desc-item_list__point\">Makale i\u00e7in ba\u011flant\u0131lar ve alternatif ba\u015fl\u0131klar ekleyin<\/li>\n<\/ul>\n","protected":false},"excerpt":{"rendered":"<p>Bir blog yaz\u0131s\u0131 olu\u015fturmak birka\u00e7 ad\u0131m ve a\u015fama i\u00e7erir. Yazma s\u00fcrecinizi takip etmek i\u00e7in, yazma ad\u0131mlar\u0131n\u0131z\u0131 listeleyen bu \u00fccretsiz \u00f6zelle\u015ftirilebilir \u015fablonu kullan\u0131n.<\/p>\n","protected":false},"featured_media":55620,"template":"","meta":{"_acf_changed":false,"inline_featured_image":false},"product_brand":[],"product_cat":[250,249],"product_tag":[],"class_list":{"0":"post-55619","1":"product","2":"type-product","3":"status-publish","4":"has-post-thumbnail","6":"product_cat-marketing","7":"product_cat-marketing-content","9":"first","10":"instock","11":"virtual","12":"sold-individually","13":"product-type-simple"},"acf":[],"yoast_head":"<!-- This site is optimized with the Yoast SEO plugin v25.3.1 - https:\/\/yoast.com\/wordpress\/plugins\/seo\/ -->\n<title>Blog G\u00f6nderisi Takip \u015eablonu - Sales AI Agents<\/title>\n<meta name=\"description\" content=\"Bir blog yaz\u0131s\u0131 olu\u015fturmak birka\u00e7 ad\u0131m ve a\u015fama i\u00e7erir. Yazma s\u00fcrecinizi takip etmek i\u00e7in, yazma ad\u0131mlar\u0131n\u0131z\u0131 listeleyen bu \u00fccretsiz \u00f6zelle\u015ftirilebilir \u015fablonu kullan\u0131n.\" \/>\n<meta name=\"robots\" content=\"index, follow, max-snippet:-1, max-image-preview:large, max-video-preview:-1\" \/>\n<link rel=\"canonical\" href=\"https:\/\/sales-ai-agents.com\/tr\/templates\/blog-post\/\" \/>\n<meta property=\"og:locale\" content=\"tr_TR\" \/>\n<meta property=\"og:type\" content=\"article\" \/>\n<meta property=\"og:title\" content=\"Blog G\u00f6nderisi Takip \u015eablonu - Sales AI Agents\" \/>\n<meta property=\"og:description\" content=\"Bir blog yaz\u0131s\u0131 olu\u015fturmak birka\u00e7 ad\u0131m ve a\u015fama i\u00e7erir. Yazma s\u00fcrecinizi takip etmek i\u00e7in, yazma ad\u0131mlar\u0131n\u0131z\u0131 listeleyen bu \u00fccretsiz \u00f6zelle\u015ftirilebilir \u015fablonu kullan\u0131n.\" \/>\n<meta property=\"og:url\" content=\"https:\/\/sales-ai-agents.com\/tr\/templates\/blog-post\/\" \/>\n<meta property=\"og:site_name\" content=\"Sales AI Agents\" \/>\n<meta property=\"article:modified_time\" content=\"2024-01-02T13:52:38+00:00\" \/>\n<meta property=\"og:image\" content=\"https:\/\/sales-ai-agents.com\/wp-content\/uploads\/2022\/09\/Blog-Post-Template.png\" \/>\n\t<meta property=\"og:image:width\" content=\"1700\" \/>\n\t<meta property=\"og:image:height\" content=\"1100\" \/>\n\t<meta property=\"og:image:type\" content=\"image\/png\" \/>\n<meta name=\"twitter:card\" content=\"summary_large_image\" \/>\n<script type=\"application\/ld+json\" class=\"yoast-schema-graph\">{\"@context\":\"https:\/\/schema.org\",\"@graph\":[{\"@type\":\"WebPage\",\"@id\":\"https:\/\/sales-ai-agents.com\/tr\/templates\/blog-post\/\",\"url\":\"https:\/\/sales-ai-agents.com\/tr\/templates\/blog-post\/\",\"name\":\"Blog G\u00f6nderisi Takip \u015eablonu - Sales AI Agents\",\"isPartOf\":{\"@id\":\"https:\/\/sales-ai-agents.com\/#website\"},\"primaryImageOfPage\":{\"@id\":\"https:\/\/sales-ai-agents.com\/tr\/templates\/blog-post\/#primaryimage\"},\"image\":{\"@id\":\"https:\/\/sales-ai-agents.com\/tr\/templates\/blog-post\/#primaryimage\"},\"thumbnailUrl\":\"https:\/\/sales-ai-agents.com\/wp-content\/uploads\/2022\/09\/Blog-Post-Template.png\",\"datePublished\":\"2022-09-26T12:25:02+00:00\",\"dateModified\":\"2024-01-02T13:52:38+00:00\",\"description\":\"Bir blog yaz\u0131s\u0131 olu\u015fturmak birka\u00e7 ad\u0131m ve a\u015fama i\u00e7erir. Yazma s\u00fcrecinizi takip etmek i\u00e7in, yazma ad\u0131mlar\u0131n\u0131z\u0131 listeleyen bu \u00fccretsiz \u00f6zelle\u015ftirilebilir \u015fablonu kullan\u0131n.\",\"inLanguage\":\"tr\",\"potentialAction\":[{\"@type\":\"ReadAction\",\"target\":[\"https:\/\/sales-ai-agents.com\/tr\/templates\/blog-post\/\"]}]},{\"@type\":\"ImageObject\",\"inLanguage\":\"tr\",\"@id\":\"https:\/\/sales-ai-agents.com\/tr\/templates\/blog-post\/#primaryimage\",\"url\":\"https:\/\/sales-ai-agents.com\/wp-content\/uploads\/2022\/09\/Blog-Post-Template.png\",\"contentUrl\":\"https:\/\/sales-ai-agents.com\/wp-content\/uploads\/2022\/09\/Blog-Post-Template.png\",\"width\":1700,\"height\":1100},{\"@type\":\"WebSite\",\"@id\":\"https:\/\/sales-ai-agents.com\/#website\",\"url\":\"https:\/\/sales-ai-agents.com\/\",\"name\":\"FuseBase\",\"description\":\"Sales AI Agents - Free Online Collaboration Software for Remote Teams. Build your wikis, client portals and more with the Nimbus Platform collaboration tool ? A perfect space for online work\",\"publisher\":{\"@id\":\"https:\/\/sales-ai-agents.com\/#organization\"},\"potentialAction\":[{\"@type\":\"SearchAction\",\"target\":{\"@type\":\"EntryPoint\",\"urlTemplate\":\"https:\/\/sales-ai-agents.com\/?s={search_term_string}\"},\"query-input\":{\"@type\":\"PropertyValueSpecification\",\"valueRequired\":true,\"valueName\":\"search_term_string\"}}],\"inLanguage\":\"tr\"},{\"@type\":\"Organization\",\"@id\":\"https:\/\/sales-ai-agents.com\/#organization\",\"name\":\"FuseBase\",\"url\":\"https:\/\/sales-ai-agents.com\/\",\"logo\":{\"@type\":\"ImageObject\",\"inLanguage\":\"tr\",\"@id\":\"https:\/\/sales-ai-agents.com\/#\/schema\/logo\/image\/\",\"url\":\"https:\/\/sales-ai-agents.com\/wp-content\/uploads\/2023\/11\/icon-7.svg\",\"contentUrl\":\"https:\/\/sales-ai-agents.com\/wp-content\/uploads\/2023\/11\/icon-7.svg\",\"width\":128,\"height\":128,\"caption\":\"FuseBase\"},\"image\":{\"@id\":\"https:\/\/sales-ai-agents.com\/#\/schema\/logo\/image\/\"}}]}<\/script>\n<!-- \/ Yoast SEO plugin. -->","yoast_head_json":{"title":"Blog G\u00f6nderisi Takip \u015eablonu - Sales AI Agents","description":"Bir blog yaz\u0131s\u0131 olu\u015fturmak birka\u00e7 ad\u0131m ve a\u015fama i\u00e7erir. Yazma s\u00fcrecinizi takip etmek i\u00e7in, yazma ad\u0131mlar\u0131n\u0131z\u0131 listeleyen bu \u00fccretsiz \u00f6zelle\u015ftirilebilir \u015fablonu kullan\u0131n.","robots":{"index":"index","follow":"follow","max-snippet":"max-snippet:-1","max-image-preview":"max-image-preview:large","max-video-preview":"max-video-preview:-1"},"canonical":"https:\/\/sales-ai-agents.com\/tr\/templates\/blog-post\/","og_locale":"tr_TR","og_type":"article","og_title":"Blog G\u00f6nderisi Takip \u015eablonu - Sales AI Agents","og_description":"Bir blog yaz\u0131s\u0131 olu\u015fturmak birka\u00e7 ad\u0131m ve a\u015fama i\u00e7erir. Yazma s\u00fcrecinizi takip etmek i\u00e7in, yazma ad\u0131mlar\u0131n\u0131z\u0131 listeleyen bu \u00fccretsiz \u00f6zelle\u015ftirilebilir \u015fablonu kullan\u0131n.","og_url":"https:\/\/sales-ai-agents.com\/tr\/templates\/blog-post\/","og_site_name":"Sales AI Agents","article_modified_time":"2024-01-02T13:52:38+00:00","og_image":[{"width":1700,"height":1100,"url":"https:\/\/sales-ai-agents.com\/wp-content\/uploads\/2022\/09\/Blog-Post-Template.png","type":"image\/png"}],"twitter_card":"summary_large_image","schema":{"@context":"https:\/\/schema.org","@graph":[{"@type":"WebPage","@id":"https:\/\/sales-ai-agents.com\/tr\/templates\/blog-post\/","url":"https:\/\/sales-ai-agents.com\/tr\/templates\/blog-post\/","name":"Blog G\u00f6nderisi Takip \u015eablonu - Sales AI Agents","isPartOf":{"@id":"https:\/\/sales-ai-agents.com\/#website"},"primaryImageOfPage":{"@id":"https:\/\/sales-ai-agents.com\/tr\/templates\/blog-post\/#primaryimage"},"image":{"@id":"https:\/\/sales-ai-agents.com\/tr\/templates\/blog-post\/#primaryimage"},"thumbnailUrl":"https:\/\/sales-ai-agents.com\/wp-content\/uploads\/2022\/09\/Blog-Post-Template.png","datePublished":"2022-09-26T12:25:02+00:00","dateModified":"2024-01-02T13:52:38+00:00","description":"Bir blog yaz\u0131s\u0131 olu\u015fturmak birka\u00e7 ad\u0131m ve a\u015fama i\u00e7erir. Yazma s\u00fcrecinizi takip etmek i\u00e7in, yazma ad\u0131mlar\u0131n\u0131z\u0131 listeleyen bu \u00fccretsiz \u00f6zelle\u015ftirilebilir \u015fablonu kullan\u0131n.","inLanguage":"tr","potentialAction":[{"@type":"ReadAction","target":["https:\/\/sales-ai-agents.com\/tr\/templates\/blog-post\/"]}]},{"@type":"ImageObject","inLanguage":"tr","@id":"https:\/\/sales-ai-agents.com\/tr\/templates\/blog-post\/#primaryimage","url":"https:\/\/sales-ai-agents.com\/wp-content\/uploads\/2022\/09\/Blog-Post-Template.png","contentUrl":"https:\/\/sales-ai-agents.com\/wp-content\/uploads\/2022\/09\/Blog-Post-Template.png","width":1700,"height":1100},{"@type":"WebSite","@id":"https:\/\/sales-ai-agents.com\/#website","url":"https:\/\/sales-ai-agents.com\/","name":"FuseBase","description":"Sales AI Agents - Free Online Collaboration Software for Remote Teams. Build your wikis, client portals and more with the Nimbus Platform collaboration tool ? A perfect space for online work","publisher":{"@id":"https:\/\/sales-ai-agents.com\/#organization"},"potentialAction":[{"@type":"SearchAction","target":{"@type":"EntryPoint","urlTemplate":"https:\/\/sales-ai-agents.com\/?s={search_term_string}"},"query-input":{"@type":"PropertyValueSpecification","valueRequired":true,"valueName":"search_term_string"}}],"inLanguage":"tr"},{"@type":"Organization","@id":"https:\/\/sales-ai-agents.com\/#organization","name":"FuseBase","url":"https:\/\/sales-ai-agents.com\/","logo":{"@type":"ImageObject","inLanguage":"tr","@id":"https:\/\/sales-ai-agents.com\/#\/schema\/logo\/image\/","url":"https:\/\/sales-ai-agents.com\/wp-content\/uploads\/2023\/11\/icon-7.svg","contentUrl":"https:\/\/sales-ai-agents.com\/wp-content\/uploads\/2023\/11\/icon-7.svg","width":128,"height":128,"caption":"FuseBase"},"image":{"@id":"https:\/\/sales-ai-agents.com\/#\/schema\/logo\/image\/"}}]}},"_links":{"self":[{"href":"https:\/\/sales-ai-agents.com\/tr\/wp-json\/wp\/v2\/product\/55619","targetHints":{"allow":["GET"]}}],"collection":[{"href":"https:\/\/sales-ai-agents.com\/tr\/wp-json\/wp\/v2\/product"}],"about":[{"href":"https:\/\/sales-ai-agents.com\/tr\/wp-json\/wp\/v2\/types\/product"}],"wp:featuredmedia":[{"embeddable":true,"href":"https:\/\/sales-ai-agents.com\/tr\/wp-json\/wp\/v2\/media\/55620"}],"wp:attachment":[{"href":"https:\/\/sales-ai-agents.com\/tr\/wp-json\/wp\/v2\/media?parent=55619"}],"wp:term":[{"taxonomy":"product_brand","embeddable":true,"href":"https:\/\/sales-ai-agents.com\/tr\/wp-json\/wp\/v2\/product_brand?post=55619"},{"taxonomy":"product_cat","embeddable":true,"href":"https:\/\/sales-ai-agents.com\/tr\/wp-json\/wp\/v2\/product_cat?post=55619"},{"taxonomy":"product_tag","embeddable":true,"href":"https:\/\/sales-ai-agents.com\/tr\/wp-json\/wp\/v2\/product_tag?post=55619"}],"curies":[{"name":"wp","href":"https:\/\/api.w.org\/{rel}","templated":true}]}}