{"id":55623,"date":"2022-09-26T12:24:58","date_gmt":"2022-09-26T12:24:58","guid":{"rendered":"https:\/\/sales-ai-agents.com\/templates\/product-features\/"},"modified":"2024-01-02T13:12:57","modified_gmt":"2024-01-02T13:12:57","slug":"product-features","status":"publish","type":"product","link":"https:\/\/sales-ai-agents.com\/tr\/templates\/product-features\/","title":{"rendered":"\u00dcr\u00fcn \u00d6zellikleri"},"content":{"rendered":"<p>&nbsp;<\/p>\n<h2>\u00dcr\u00fcn \u00d6zellikleri \u015eablonu<\/h2>\n<p class=\"desc-text\">\u00dcr\u00fcn\u00fcn\u00fcz\u00fcn \u00f6zelliklerini takip etmek ve yenileri i\u00e7in beyin f\u0131rt\u0131nas\u0131 fikirleri ve taslaklar olu\u015fturmak i\u00e7in bu \u015fablonu kullan\u0131n. Hedeflenen kullan\u0131c\u0131lar i\u00e7in demografik bilgileri ekleyin ve g\u00f6rselleri, grafikleri ve tasar\u0131m \u00f6nerilerini payla\u015f\u0131n. Fikirlerinizi y\u00f6netilebilir tek bir belgede organize edin.<\/p>\n<h5>Nas\u0131l kullan\u0131l\u0131r?<\/h5>\n<ul class=\"desc-item_list\">\n<li class=\"desc-item_list__point\">Ama\u00e7 ve hedefleri a\u00e7\u0131klay\u0131n<\/li>\n<li class=\"desc-item_list__point\">\u00d6nemli demografik bilgileri ekleyin<\/li>\n<li class=\"desc-item_list__point\">Ba\u015far\u0131 metriklerini takip edin<\/li>\n<li class=\"desc-item_list__point\">Yeni \u00f6zellik fikirlerini listeleyin ve planlay\u0131n<\/li>\n<\/ul>\n","protected":false},"excerpt":{"rendered":"<p>\u00dcr\u00fcn\u00fcn\u00fcz\u00fcn \u00f6zelliklerini takip etmek i\u00e7in bu \u015fablonu kullan\u0131n. Hedeflenen kullan\u0131c\u0131lar i\u00e7in demografik bilgiler ekleyin ve tasar\u0131m i\u00e7in g\u00f6rseller, grafikler ve fikirler payla\u015f\u0131n.<\/p>\n","protected":false},"featured_media":55624,"template":"","meta":{"_acf_changed":false,"inline_featured_image":false},"product_brand":[],"product_cat":[271,272,252],"product_tag":[],"class_list":{"0":"post-55623","1":"product","2":"type-product","3":"status-publish","4":"has-post-thumbnail","6":"product_cat-product-management","7":"product_cat-project-documents","8":"product_cat-product","10":"first","11":"instock","12":"virtual","13":"sold-individually","14":"product-type-simple"},"acf":[],"yoast_head":"<!-- This site is optimized with the Yoast SEO plugin v25.3.1 - https:\/\/yoast.com\/wordpress\/plugins\/seo\/ -->\n<title>\u00dcr\u00fcn \u00d6zellikleri \u015eablonu - Sales AI Agents<\/title>\n<meta name=\"description\" content=\"\u00dcr\u00fcn\u00fcn\u00fcz\u00fcn \u00f6zelliklerini takip etmek i\u00e7in bu \u015fablonu kullan\u0131n. Hedeflenen kullan\u0131c\u0131lar i\u00e7in demografik bilgiler ekleyin ve tasar\u0131m i\u00e7in g\u00f6rseller, grafikler ve fikirler payla\u015f\u0131n.\" \/>\n<meta name=\"robots\" content=\"index, follow, max-snippet:-1, max-image-preview:large, max-video-preview:-1\" \/>\n<link rel=\"canonical\" href=\"https:\/\/sales-ai-agents.com\/tr\/templates\/product-features\/\" \/>\n<meta property=\"og:locale\" content=\"tr_TR\" \/>\n<meta property=\"og:type\" content=\"article\" \/>\n<meta property=\"og:title\" content=\"\u00dcr\u00fcn \u00d6zellikleri \u015eablonu - Sales AI Agents\" \/>\n<meta property=\"og:description\" content=\"\u00dcr\u00fcn\u00fcn\u00fcz\u00fcn \u00f6zelliklerini takip etmek i\u00e7in bu \u015fablonu kullan\u0131n. Hedeflenen kullan\u0131c\u0131lar i\u00e7in demografik bilgiler ekleyin ve tasar\u0131m i\u00e7in g\u00f6rseller, grafikler ve fikirler payla\u015f\u0131n.\" \/>\n<meta property=\"og:url\" content=\"https:\/\/sales-ai-agents.com\/tr\/templates\/product-features\/\" \/>\n<meta property=\"og:site_name\" content=\"Sales AI Agents\" \/>\n<meta property=\"article:modified_time\" content=\"2024-01-02T13:12:57+00:00\" \/>\n<meta property=\"og:image\" content=\"https:\/\/sales-ai-agents.com\/wp-content\/uploads\/2022\/09\/Product-Features-Templates-Choices.png\" \/>\n\t<meta property=\"og:image:width\" content=\"1700\" \/>\n\t<meta property=\"og:image:height\" content=\"1100\" \/>\n\t<meta property=\"og:image:type\" content=\"image\/png\" \/>\n<meta name=\"twitter:card\" content=\"summary_large_image\" \/>\n<script type=\"application\/ld+json\" class=\"yoast-schema-graph\">{\"@context\":\"https:\/\/schema.org\",\"@graph\":[{\"@type\":\"WebPage\",\"@id\":\"https:\/\/sales-ai-agents.com\/tr\/templates\/product-features\/\",\"url\":\"https:\/\/sales-ai-agents.com\/tr\/templates\/product-features\/\",\"name\":\"\u00dcr\u00fcn \u00d6zellikleri \u015eablonu - Sales AI Agents\",\"isPartOf\":{\"@id\":\"https:\/\/sales-ai-agents.com\/#website\"},\"primaryImageOfPage\":{\"@id\":\"https:\/\/sales-ai-agents.com\/tr\/templates\/product-features\/#primaryimage\"},\"image\":{\"@id\":\"https:\/\/sales-ai-agents.com\/tr\/templates\/product-features\/#primaryimage\"},\"thumbnailUrl\":\"https:\/\/sales-ai-agents.com\/wp-content\/uploads\/2022\/09\/Product-Features-Templates-Choices.png\",\"datePublished\":\"2022-09-26T12:24:58+00:00\",\"dateModified\":\"2024-01-02T13:12:57+00:00\",\"description\":\"\u00dcr\u00fcn\u00fcn\u00fcz\u00fcn \u00f6zelliklerini takip etmek i\u00e7in bu \u015fablonu kullan\u0131n. Hedeflenen kullan\u0131c\u0131lar i\u00e7in demografik bilgiler ekleyin ve tasar\u0131m i\u00e7in g\u00f6rseller, grafikler ve fikirler payla\u015f\u0131n.\",\"inLanguage\":\"tr\",\"potentialAction\":[{\"@type\":\"ReadAction\",\"target\":[\"https:\/\/sales-ai-agents.com\/tr\/templates\/product-features\/\"]}]},{\"@type\":\"ImageObject\",\"inLanguage\":\"tr\",\"@id\":\"https:\/\/sales-ai-agents.com\/tr\/templates\/product-features\/#primaryimage\",\"url\":\"https:\/\/sales-ai-agents.com\/wp-content\/uploads\/2022\/09\/Product-Features-Templates-Choices.png\",\"contentUrl\":\"https:\/\/sales-ai-agents.com\/wp-content\/uploads\/2022\/09\/Product-Features-Templates-Choices.png\",\"width\":1700,\"height\":1100},{\"@type\":\"WebSite\",\"@id\":\"https:\/\/sales-ai-agents.com\/#website\",\"url\":\"https:\/\/sales-ai-agents.com\/\",\"name\":\"FuseBase\",\"description\":\"Sales AI Agents - Free Online Collaboration Software for Remote Teams. Build your wikis, client portals and more with the Nimbus Platform collaboration tool ? A perfect space for online work\",\"publisher\":{\"@id\":\"https:\/\/sales-ai-agents.com\/#organization\"},\"potentialAction\":[{\"@type\":\"SearchAction\",\"target\":{\"@type\":\"EntryPoint\",\"urlTemplate\":\"https:\/\/sales-ai-agents.com\/?s={search_term_string}\"},\"query-input\":{\"@type\":\"PropertyValueSpecification\",\"valueRequired\":true,\"valueName\":\"search_term_string\"}}],\"inLanguage\":\"tr\"},{\"@type\":\"Organization\",\"@id\":\"https:\/\/sales-ai-agents.com\/#organization\",\"name\":\"FuseBase\",\"url\":\"https:\/\/sales-ai-agents.com\/\",\"logo\":{\"@type\":\"ImageObject\",\"inLanguage\":\"tr\",\"@id\":\"https:\/\/sales-ai-agents.com\/#\/schema\/logo\/image\/\",\"url\":\"https:\/\/sales-ai-agents.com\/wp-content\/uploads\/2023\/11\/icon-7.svg\",\"contentUrl\":\"https:\/\/sales-ai-agents.com\/wp-content\/uploads\/2023\/11\/icon-7.svg\",\"width\":128,\"height\":128,\"caption\":\"FuseBase\"},\"image\":{\"@id\":\"https:\/\/sales-ai-agents.com\/#\/schema\/logo\/image\/\"}}]}<\/script>\n<!-- \/ Yoast SEO plugin. -->","yoast_head_json":{"title":"\u00dcr\u00fcn \u00d6zellikleri \u015eablonu - Sales AI Agents","description":"\u00dcr\u00fcn\u00fcn\u00fcz\u00fcn \u00f6zelliklerini takip etmek i\u00e7in bu \u015fablonu kullan\u0131n. Hedeflenen kullan\u0131c\u0131lar i\u00e7in demografik bilgiler ekleyin ve tasar\u0131m i\u00e7in g\u00f6rseller, grafikler ve fikirler payla\u015f\u0131n.","robots":{"index":"index","follow":"follow","max-snippet":"max-snippet:-1","max-image-preview":"max-image-preview:large","max-video-preview":"max-video-preview:-1"},"canonical":"https:\/\/sales-ai-agents.com\/tr\/templates\/product-features\/","og_locale":"tr_TR","og_type":"article","og_title":"\u00dcr\u00fcn \u00d6zellikleri \u015eablonu - Sales AI Agents","og_description":"\u00dcr\u00fcn\u00fcn\u00fcz\u00fcn \u00f6zelliklerini takip etmek i\u00e7in bu \u015fablonu kullan\u0131n. Hedeflenen kullan\u0131c\u0131lar i\u00e7in demografik bilgiler ekleyin ve tasar\u0131m i\u00e7in g\u00f6rseller, grafikler ve fikirler payla\u015f\u0131n.","og_url":"https:\/\/sales-ai-agents.com\/tr\/templates\/product-features\/","og_site_name":"Sales AI Agents","article_modified_time":"2024-01-02T13:12:57+00:00","og_image":[{"width":1700,"height":1100,"url":"https:\/\/sales-ai-agents.com\/wp-content\/uploads\/2022\/09\/Product-Features-Templates-Choices.png","type":"image\/png"}],"twitter_card":"summary_large_image","schema":{"@context":"https:\/\/schema.org","@graph":[{"@type":"WebPage","@id":"https:\/\/sales-ai-agents.com\/tr\/templates\/product-features\/","url":"https:\/\/sales-ai-agents.com\/tr\/templates\/product-features\/","name":"\u00dcr\u00fcn \u00d6zellikleri \u015eablonu - Sales AI Agents","isPartOf":{"@id":"https:\/\/sales-ai-agents.com\/#website"},"primaryImageOfPage":{"@id":"https:\/\/sales-ai-agents.com\/tr\/templates\/product-features\/#primaryimage"},"image":{"@id":"https:\/\/sales-ai-agents.com\/tr\/templates\/product-features\/#primaryimage"},"thumbnailUrl":"https:\/\/sales-ai-agents.com\/wp-content\/uploads\/2022\/09\/Product-Features-Templates-Choices.png","datePublished":"2022-09-26T12:24:58+00:00","dateModified":"2024-01-02T13:12:57+00:00","description":"\u00dcr\u00fcn\u00fcn\u00fcz\u00fcn \u00f6zelliklerini takip etmek i\u00e7in bu \u015fablonu kullan\u0131n. Hedeflenen kullan\u0131c\u0131lar i\u00e7in demografik bilgiler ekleyin ve tasar\u0131m i\u00e7in g\u00f6rseller, grafikler ve fikirler payla\u015f\u0131n.","inLanguage":"tr","potentialAction":[{"@type":"ReadAction","target":["https:\/\/sales-ai-agents.com\/tr\/templates\/product-features\/"]}]},{"@type":"ImageObject","inLanguage":"tr","@id":"https:\/\/sales-ai-agents.com\/tr\/templates\/product-features\/#primaryimage","url":"https:\/\/sales-ai-agents.com\/wp-content\/uploads\/2022\/09\/Product-Features-Templates-Choices.png","contentUrl":"https:\/\/sales-ai-agents.com\/wp-content\/uploads\/2022\/09\/Product-Features-Templates-Choices.png","width":1700,"height":1100},{"@type":"WebSite","@id":"https:\/\/sales-ai-agents.com\/#website","url":"https:\/\/sales-ai-agents.com\/","name":"FuseBase","description":"Sales AI Agents - Free Online Collaboration Software for Remote Teams. Build your wikis, client portals and more with the Nimbus Platform collaboration tool ? A perfect space for online work","publisher":{"@id":"https:\/\/sales-ai-agents.com\/#organization"},"potentialAction":[{"@type":"SearchAction","target":{"@type":"EntryPoint","urlTemplate":"https:\/\/sales-ai-agents.com\/?s={search_term_string}"},"query-input":{"@type":"PropertyValueSpecification","valueRequired":true,"valueName":"search_term_string"}}],"inLanguage":"tr"},{"@type":"Organization","@id":"https:\/\/sales-ai-agents.com\/#organization","name":"FuseBase","url":"https:\/\/sales-ai-agents.com\/","logo":{"@type":"ImageObject","inLanguage":"tr","@id":"https:\/\/sales-ai-agents.com\/#\/schema\/logo\/image\/","url":"https:\/\/sales-ai-agents.com\/wp-content\/uploads\/2023\/11\/icon-7.svg","contentUrl":"https:\/\/sales-ai-agents.com\/wp-content\/uploads\/2023\/11\/icon-7.svg","width":128,"height":128,"caption":"FuseBase"},"image":{"@id":"https:\/\/sales-ai-agents.com\/#\/schema\/logo\/image\/"}}]}},"_links":{"self":[{"href":"https:\/\/sales-ai-agents.com\/tr\/wp-json\/wp\/v2\/product\/55623","targetHints":{"allow":["GET"]}}],"collection":[{"href":"https:\/\/sales-ai-agents.com\/tr\/wp-json\/wp\/v2\/product"}],"about":[{"href":"https:\/\/sales-ai-agents.com\/tr\/wp-json\/wp\/v2\/types\/product"}],"wp:featuredmedia":[{"embeddable":true,"href":"https:\/\/sales-ai-agents.com\/tr\/wp-json\/wp\/v2\/media\/55624"}],"wp:attachment":[{"href":"https:\/\/sales-ai-agents.com\/tr\/wp-json\/wp\/v2\/media?parent=55623"}],"wp:term":[{"taxonomy":"product_brand","embeddable":true,"href":"https:\/\/sales-ai-agents.com\/tr\/wp-json\/wp\/v2\/product_brand?post=55623"},{"taxonomy":"product_cat","embeddable":true,"href":"https:\/\/sales-ai-agents.com\/tr\/wp-json\/wp\/v2\/product_cat?post=55623"},{"taxonomy":"product_tag","embeddable":true,"href":"https:\/\/sales-ai-agents.com\/tr\/wp-json\/wp\/v2\/product_tag?post=55623"}],"curies":[{"name":"wp","href":"https:\/\/api.w.org\/{rel}","templated":true}]}}