{"id":55631,"date":"2022-09-26T12:24:24","date_gmt":"2022-09-26T12:24:24","guid":{"rendered":"https:\/\/sales-ai-agents.com\/templates\/marketing-persona\/"},"modified":"2024-01-02T11:07:19","modified_gmt":"2024-01-02T11:07:19","slug":"marketing-persona","status":"publish","type":"product","link":"https:\/\/sales-ai-agents.com\/tr\/templates\/marketing-persona\/","title":{"rendered":"Pazarlama Personas\u0131"},"content":{"rendered":"<p>&nbsp;<\/p>\n<h2>Pazarlama Personas\u0131 \u015eablonu<\/h2>\n<p class=\"desc-text\">Pazarlama personalar\u0131n\u0131 kullanarak pazarlama kampanyalar\u0131n\u0131z\u0131n hedef kitlenize g\u00f6re ki\u015fiselle\u015ftirildi\u011finden emin olun. M\u00fc\u015fterilerinizi daha iyi tan\u0131yabilmeniz ve ihtiya\u00e7lar\u0131n\u0131 kar\u015f\u0131layabilmeniz i\u00e7in bu kullan\u0131m\u0131 kolay \u015fablonu olu\u015fturduk. Belgeyi doldurmak i\u00e7in ger\u00e7ek verileri ve ara\u015ft\u0131rmalar\u0131 kullan\u0131n. Hedef kitlenizin arzular\u0131n\u0131 ve ilgi alanlar\u0131n\u0131 yakalayan zengin bir profil olu\u015fturmak i\u00e7in ekibinizle beyin f\u0131rt\u0131nas\u0131 yap\u0131n.<\/p>\n<h5>Nas\u0131l kullan\u0131l\u0131r?<\/h5>\n<ul class=\"desc-item_list\">\n<li class=\"desc-item_list__point\">Hedef m\u00fc\u015fterinizin bir resmini ekleyin<\/li>\n<li class=\"desc-item_list__point\">Biyografi b\u00f6l\u00fcm\u00fcnde m\u00fc\u015fterinizi tan\u0131mlay\u0131n<\/li>\n<li class=\"desc-item_list__point\">Ki\u015fili\u011fi de\u011ferlendirmek i\u00e7in y\u00fczdeleri se\u00e7in<\/li>\n<li class=\"desc-item_list__point\">Hedef kitlenizin ama\u00e7lar\u0131n\u0131 ve sorunlar\u0131n\u0131 listeleyin<\/li>\n<li class=\"desc-item_list__point\">Farkl\u0131 motivasyonlar i\u00e7in y\u00fczdeler se\u00e7in<\/li>\n<li class=\"desc-item_list__point\">M\u00fc\u015fterileriniz taraf\u0131ndan kullan\u0131lan teknoloji kaynaklar\u0131n\u0131 dahil edin<\/li>\n<\/ul>\n","protected":false},"excerpt":{"rendered":"<p>Pazarlama personalar\u0131n\u0131 kullanarak pazarlama kampanyalar\u0131n\u0131z\u0131n ki\u015fiselle\u015ftirildi\u011finden emin olun. M\u00fc\u015fterilerinizi daha iyi tan\u0131mak ve ihtiya\u00e7lar\u0131n\u0131 kar\u015f\u0131lamak i\u00e7in \u015fablonu kullan\u0131n.<\/p>\n","protected":false},"featured_media":55632,"template":"","meta":{"_acf_changed":false,"inline_featured_image":false},"product_brand":[],"product_cat":[250,258],"product_tag":[],"class_list":{"0":"post-55631","1":"product","2":"type-product","3":"status-publish","4":"has-post-thumbnail","6":"product_cat-marketing","7":"product_cat-marketing-analysis","8":"collections-client","10":"first","11":"instock","12":"virtual","13":"sold-individually","14":"product-type-simple"},"acf":[],"yoast_head":"<!-- This site is optimized with the Yoast SEO plugin v25.3.1 - https:\/\/yoast.com\/wordpress\/plugins\/seo\/ -->\n<title>Pazarlama Personas\u0131 \u015eablonu - Sales AI Agents<\/title>\n<meta name=\"description\" content=\"Pazarlama personalar\u0131n\u0131 kullanarak pazarlama kampanyalar\u0131n\u0131z\u0131n ki\u015fiselle\u015ftirildi\u011finden emin olun. M\u00fc\u015fterilerinizi daha iyi tan\u0131mak ve ihtiya\u00e7lar\u0131n\u0131 kar\u015f\u0131lamak i\u00e7in \u015fablonu kullan\u0131n.\" \/>\n<meta name=\"robots\" content=\"index, follow, max-snippet:-1, max-image-preview:large, max-video-preview:-1\" \/>\n<link rel=\"canonical\" href=\"https:\/\/sales-ai-agents.com\/tr\/templates\/marketing-persona\/\" \/>\n<meta property=\"og:locale\" content=\"tr_TR\" \/>\n<meta property=\"og:type\" content=\"article\" \/>\n<meta property=\"og:title\" content=\"Pazarlama Personas\u0131 \u015eablonu - Sales AI Agents\" \/>\n<meta property=\"og:description\" content=\"Pazarlama personalar\u0131n\u0131 kullanarak pazarlama kampanyalar\u0131n\u0131z\u0131n ki\u015fiselle\u015ftirildi\u011finden emin olun. M\u00fc\u015fterilerinizi daha iyi tan\u0131mak ve ihtiya\u00e7lar\u0131n\u0131 kar\u015f\u0131lamak i\u00e7in \u015fablonu kullan\u0131n.\" \/>\n<meta property=\"og:url\" content=\"https:\/\/sales-ai-agents.com\/tr\/templates\/marketing-persona\/\" \/>\n<meta property=\"og:site_name\" content=\"Sales AI Agents\" \/>\n<meta property=\"article:modified_time\" content=\"2024-01-02T11:07:19+00:00\" \/>\n<meta property=\"og:image\" content=\"https:\/\/sales-ai-agents.com\/wp-content\/uploads\/2022\/09\/Marketing-Persona-Template.png\" \/>\n\t<meta property=\"og:image:width\" content=\"1700\" \/>\n\t<meta property=\"og:image:height\" content=\"1100\" \/>\n\t<meta property=\"og:image:type\" content=\"image\/png\" \/>\n<meta name=\"twitter:card\" content=\"summary_large_image\" \/>\n<script type=\"application\/ld+json\" class=\"yoast-schema-graph\">{\"@context\":\"https:\/\/schema.org\",\"@graph\":[{\"@type\":\"WebPage\",\"@id\":\"https:\/\/sales-ai-agents.com\/tr\/templates\/marketing-persona\/\",\"url\":\"https:\/\/sales-ai-agents.com\/tr\/templates\/marketing-persona\/\",\"name\":\"Pazarlama Personas\u0131 \u015eablonu - Sales AI Agents\",\"isPartOf\":{\"@id\":\"https:\/\/sales-ai-agents.com\/#website\"},\"primaryImageOfPage\":{\"@id\":\"https:\/\/sales-ai-agents.com\/tr\/templates\/marketing-persona\/#primaryimage\"},\"image\":{\"@id\":\"https:\/\/sales-ai-agents.com\/tr\/templates\/marketing-persona\/#primaryimage\"},\"thumbnailUrl\":\"https:\/\/sales-ai-agents.com\/wp-content\/uploads\/2022\/09\/Marketing-Persona-Template.png\",\"datePublished\":\"2022-09-26T12:24:24+00:00\",\"dateModified\":\"2024-01-02T11:07:19+00:00\",\"description\":\"Pazarlama personalar\u0131n\u0131 kullanarak pazarlama kampanyalar\u0131n\u0131z\u0131n ki\u015fiselle\u015ftirildi\u011finden emin olun. M\u00fc\u015fterilerinizi daha iyi tan\u0131mak ve ihtiya\u00e7lar\u0131n\u0131 kar\u015f\u0131lamak i\u00e7in \u015fablonu kullan\u0131n.\",\"inLanguage\":\"tr\",\"potentialAction\":[{\"@type\":\"ReadAction\",\"target\":[\"https:\/\/sales-ai-agents.com\/tr\/templates\/marketing-persona\/\"]}]},{\"@type\":\"ImageObject\",\"inLanguage\":\"tr\",\"@id\":\"https:\/\/sales-ai-agents.com\/tr\/templates\/marketing-persona\/#primaryimage\",\"url\":\"https:\/\/sales-ai-agents.com\/wp-content\/uploads\/2022\/09\/Marketing-Persona-Template.png\",\"contentUrl\":\"https:\/\/sales-ai-agents.com\/wp-content\/uploads\/2022\/09\/Marketing-Persona-Template.png\",\"width\":1700,\"height\":1100},{\"@type\":\"WebSite\",\"@id\":\"https:\/\/sales-ai-agents.com\/#website\",\"url\":\"https:\/\/sales-ai-agents.com\/\",\"name\":\"FuseBase\",\"description\":\"Sales AI Agents - Free Online Collaboration Software for Remote Teams. Build your wikis, client portals and more with the Nimbus Platform collaboration tool ? A perfect space for online work\",\"publisher\":{\"@id\":\"https:\/\/sales-ai-agents.com\/#organization\"},\"potentialAction\":[{\"@type\":\"SearchAction\",\"target\":{\"@type\":\"EntryPoint\",\"urlTemplate\":\"https:\/\/sales-ai-agents.com\/?s={search_term_string}\"},\"query-input\":{\"@type\":\"PropertyValueSpecification\",\"valueRequired\":true,\"valueName\":\"search_term_string\"}}],\"inLanguage\":\"tr\"},{\"@type\":\"Organization\",\"@id\":\"https:\/\/sales-ai-agents.com\/#organization\",\"name\":\"FuseBase\",\"url\":\"https:\/\/sales-ai-agents.com\/\",\"logo\":{\"@type\":\"ImageObject\",\"inLanguage\":\"tr\",\"@id\":\"https:\/\/sales-ai-agents.com\/#\/schema\/logo\/image\/\",\"url\":\"https:\/\/sales-ai-agents.com\/wp-content\/uploads\/2023\/11\/icon-7.svg\",\"contentUrl\":\"https:\/\/sales-ai-agents.com\/wp-content\/uploads\/2023\/11\/icon-7.svg\",\"width\":128,\"height\":128,\"caption\":\"FuseBase\"},\"image\":{\"@id\":\"https:\/\/sales-ai-agents.com\/#\/schema\/logo\/image\/\"}}]}<\/script>\n<!-- \/ Yoast SEO plugin. -->","yoast_head_json":{"title":"Pazarlama Personas\u0131 \u015eablonu - Sales AI Agents","description":"Pazarlama personalar\u0131n\u0131 kullanarak pazarlama kampanyalar\u0131n\u0131z\u0131n ki\u015fiselle\u015ftirildi\u011finden emin olun. M\u00fc\u015fterilerinizi daha iyi tan\u0131mak ve ihtiya\u00e7lar\u0131n\u0131 kar\u015f\u0131lamak i\u00e7in \u015fablonu kullan\u0131n.","robots":{"index":"index","follow":"follow","max-snippet":"max-snippet:-1","max-image-preview":"max-image-preview:large","max-video-preview":"max-video-preview:-1"},"canonical":"https:\/\/sales-ai-agents.com\/tr\/templates\/marketing-persona\/","og_locale":"tr_TR","og_type":"article","og_title":"Pazarlama Personas\u0131 \u015eablonu - Sales AI Agents","og_description":"Pazarlama personalar\u0131n\u0131 kullanarak pazarlama kampanyalar\u0131n\u0131z\u0131n ki\u015fiselle\u015ftirildi\u011finden emin olun. M\u00fc\u015fterilerinizi daha iyi tan\u0131mak ve ihtiya\u00e7lar\u0131n\u0131 kar\u015f\u0131lamak i\u00e7in \u015fablonu kullan\u0131n.","og_url":"https:\/\/sales-ai-agents.com\/tr\/templates\/marketing-persona\/","og_site_name":"Sales AI Agents","article_modified_time":"2024-01-02T11:07:19+00:00","og_image":[{"width":1700,"height":1100,"url":"https:\/\/sales-ai-agents.com\/wp-content\/uploads\/2022\/09\/Marketing-Persona-Template.png","type":"image\/png"}],"twitter_card":"summary_large_image","schema":{"@context":"https:\/\/schema.org","@graph":[{"@type":"WebPage","@id":"https:\/\/sales-ai-agents.com\/tr\/templates\/marketing-persona\/","url":"https:\/\/sales-ai-agents.com\/tr\/templates\/marketing-persona\/","name":"Pazarlama Personas\u0131 \u015eablonu - Sales AI Agents","isPartOf":{"@id":"https:\/\/sales-ai-agents.com\/#website"},"primaryImageOfPage":{"@id":"https:\/\/sales-ai-agents.com\/tr\/templates\/marketing-persona\/#primaryimage"},"image":{"@id":"https:\/\/sales-ai-agents.com\/tr\/templates\/marketing-persona\/#primaryimage"},"thumbnailUrl":"https:\/\/sales-ai-agents.com\/wp-content\/uploads\/2022\/09\/Marketing-Persona-Template.png","datePublished":"2022-09-26T12:24:24+00:00","dateModified":"2024-01-02T11:07:19+00:00","description":"Pazarlama personalar\u0131n\u0131 kullanarak pazarlama kampanyalar\u0131n\u0131z\u0131n ki\u015fiselle\u015ftirildi\u011finden emin olun. M\u00fc\u015fterilerinizi daha iyi tan\u0131mak ve ihtiya\u00e7lar\u0131n\u0131 kar\u015f\u0131lamak i\u00e7in \u015fablonu kullan\u0131n.","inLanguage":"tr","potentialAction":[{"@type":"ReadAction","target":["https:\/\/sales-ai-agents.com\/tr\/templates\/marketing-persona\/"]}]},{"@type":"ImageObject","inLanguage":"tr","@id":"https:\/\/sales-ai-agents.com\/tr\/templates\/marketing-persona\/#primaryimage","url":"https:\/\/sales-ai-agents.com\/wp-content\/uploads\/2022\/09\/Marketing-Persona-Template.png","contentUrl":"https:\/\/sales-ai-agents.com\/wp-content\/uploads\/2022\/09\/Marketing-Persona-Template.png","width":1700,"height":1100},{"@type":"WebSite","@id":"https:\/\/sales-ai-agents.com\/#website","url":"https:\/\/sales-ai-agents.com\/","name":"FuseBase","description":"Sales AI Agents - Free Online Collaboration Software for Remote Teams. Build your wikis, client portals and more with the Nimbus Platform collaboration tool ? A perfect space for online work","publisher":{"@id":"https:\/\/sales-ai-agents.com\/#organization"},"potentialAction":[{"@type":"SearchAction","target":{"@type":"EntryPoint","urlTemplate":"https:\/\/sales-ai-agents.com\/?s={search_term_string}"},"query-input":{"@type":"PropertyValueSpecification","valueRequired":true,"valueName":"search_term_string"}}],"inLanguage":"tr"},{"@type":"Organization","@id":"https:\/\/sales-ai-agents.com\/#organization","name":"FuseBase","url":"https:\/\/sales-ai-agents.com\/","logo":{"@type":"ImageObject","inLanguage":"tr","@id":"https:\/\/sales-ai-agents.com\/#\/schema\/logo\/image\/","url":"https:\/\/sales-ai-agents.com\/wp-content\/uploads\/2023\/11\/icon-7.svg","contentUrl":"https:\/\/sales-ai-agents.com\/wp-content\/uploads\/2023\/11\/icon-7.svg","width":128,"height":128,"caption":"FuseBase"},"image":{"@id":"https:\/\/sales-ai-agents.com\/#\/schema\/logo\/image\/"}}]}},"_links":{"self":[{"href":"https:\/\/sales-ai-agents.com\/tr\/wp-json\/wp\/v2\/product\/55631","targetHints":{"allow":["GET"]}}],"collection":[{"href":"https:\/\/sales-ai-agents.com\/tr\/wp-json\/wp\/v2\/product"}],"about":[{"href":"https:\/\/sales-ai-agents.com\/tr\/wp-json\/wp\/v2\/types\/product"}],"wp:featuredmedia":[{"embeddable":true,"href":"https:\/\/sales-ai-agents.com\/tr\/wp-json\/wp\/v2\/media\/55632"}],"wp:attachment":[{"href":"https:\/\/sales-ai-agents.com\/tr\/wp-json\/wp\/v2\/media?parent=55631"}],"wp:term":[{"taxonomy":"product_brand","embeddable":true,"href":"https:\/\/sales-ai-agents.com\/tr\/wp-json\/wp\/v2\/product_brand?post=55631"},{"taxonomy":"product_cat","embeddable":true,"href":"https:\/\/sales-ai-agents.com\/tr\/wp-json\/wp\/v2\/product_cat?post=55631"},{"taxonomy":"product_tag","embeddable":true,"href":"https:\/\/sales-ai-agents.com\/tr\/wp-json\/wp\/v2\/product_tag?post=55631"}],"curies":[{"name":"wp","href":"https:\/\/api.w.org\/{rel}","templated":true}]}}