{"id":55635,"date":"2022-09-26T12:24:20","date_gmt":"2022-09-26T12:24:20","guid":{"rendered":"https:\/\/sales-ai-agents.com\/templates\/money-saving\/"},"modified":"2023-12-31T17:32:33","modified_gmt":"2023-12-31T17:32:33","slug":"money-saving","status":"publish","type":"product","link":"https:\/\/sales-ai-agents.com\/tr\/templates\/money-saving\/","title":{"rendered":"Para Tasarrufu"},"content":{"rendered":"<p>&nbsp;<\/p>\n<h2>Para Tasarrufu \u015eablonu<\/h2>\n<p class=\"desc-text\">Para tasarrufu yapmak \u00e7o\u011fu insan i\u00e7in ortak bir hedeftir. Bu \u00fcrk\u00fct\u00fcc\u00fc g\u00f6r\u00fcnse de, baz\u0131 basit planlamalarla daha kolay hale getirilebilir. Kapsaml\u0131 bir b\u00fct\u00e7e yapmak ve gelir ve giderlerinizi takip etmek i\u00e7in bu \u015fablonu kullan\u0131n. Tasarruf hedefleri olu\u015fturun ve hedefinize ula\u015fmak i\u00e7in tam olarak ne kadar para kazanman\u0131z ve harcaman\u0131z gerekti\u011fini planlay\u0131n. Hedeflerinizi d\u00fc\u015f\u00fcn\u00fcn ve her ay paran\u0131z\u0131n hesab\u0131n\u0131 tutun.<\/p>\n<h5>Nas\u0131l kullan\u0131l\u0131r?<\/h5>\n<ul class=\"desc-item_list\">\n<li class=\"desc-item_list__point\">Her ay bir tasarruf hedefi olu\u015fturun<\/li>\n<li class=\"desc-item_list__point\">Planlad\u0131\u011f\u0131n\u0131z giderleri ve gelirleri listeleyin<\/li>\n<li class=\"desc-item_list__point\">Tabloyu ger\u00e7ek giderleriniz ve gelirlerinizle doldurun<\/li>\n<li class=\"desc-item_list__point\">Her ay i\u00e7in yeni bir tablo olu\u015fturun<\/li>\n<\/ul>\n","protected":false},"excerpt":{"rendered":"<p>Para tasarrufu yapmak \u00e7o\u011fu insan i\u00e7in ortak bir hedeftir. Kapsaml\u0131 bir b\u00fct\u00e7e yapmak ve gelir ve giderlerinizi kolayca takip etmek i\u00e7in bu \u00fccretsiz \u00f6zelle\u015ftirilebilir \u015fablonu kullan\u0131n.<\/p>\n","protected":false},"featured_media":55636,"template":"","meta":{"_acf_changed":false,"inline_featured_image":false},"product_brand":[],"product_cat":[257,273],"product_tag":[],"class_list":{"0":"post-55635","1":"product","2":"type-product","3":"status-publish","4":"has-post-thumbnail","6":"product_cat-personal","7":"product_cat-personal-money","9":"first","10":"instock","11":"virtual","12":"sold-individually","13":"product-type-simple"},"acf":[],"yoast_head":"<!-- This site is optimized with the Yoast SEO plugin v25.3.1 - https:\/\/yoast.com\/wordpress\/plugins\/seo\/ -->\n<title>Para Tasarrufu Sa\u011flayan \u015eablon - Sales AI Agents<\/title>\n<meta name=\"description\" content=\"Para tasarrufu yapmak \u00e7o\u011fu insan i\u00e7in ortak bir hedeftir. Kapsaml\u0131 bir b\u00fct\u00e7e yapmak ve gelir ve giderlerinizi kolayca takip etmek i\u00e7in bu \u00fccretsiz \u00f6zelle\u015ftirilebilir \u015fablonu kullan\u0131n.\" \/>\n<meta name=\"robots\" content=\"index, follow, max-snippet:-1, max-image-preview:large, max-video-preview:-1\" \/>\n<link rel=\"canonical\" href=\"https:\/\/sales-ai-agents.com\/tr\/templates\/money-saving\/\" \/>\n<meta property=\"og:locale\" content=\"tr_TR\" \/>\n<meta property=\"og:type\" content=\"article\" \/>\n<meta property=\"og:title\" content=\"Para Tasarrufu Sa\u011flayan \u015eablon - Sales AI Agents\" \/>\n<meta property=\"og:description\" content=\"Para tasarrufu yapmak \u00e7o\u011fu insan i\u00e7in ortak bir hedeftir. Kapsaml\u0131 bir b\u00fct\u00e7e yapmak ve gelir ve giderlerinizi kolayca takip etmek i\u00e7in bu \u00fccretsiz \u00f6zelle\u015ftirilebilir \u015fablonu kullan\u0131n.\" \/>\n<meta property=\"og:url\" content=\"https:\/\/sales-ai-agents.com\/tr\/templates\/money-saving\/\" \/>\n<meta property=\"og:site_name\" content=\"Sales AI Agents\" \/>\n<meta property=\"article:modified_time\" content=\"2023-12-31T17:32:33+00:00\" \/>\n<meta property=\"og:image\" content=\"https:\/\/sales-ai-agents.com\/wp-content\/uploads\/2023\/01\/image-preview120700.png\" \/>\n\t<meta property=\"og:image:width\" content=\"1078\" \/>\n\t<meta property=\"og:image:height\" content=\"1068\" \/>\n\t<meta property=\"og:image:type\" content=\"image\/png\" \/>\n<meta name=\"twitter:card\" content=\"summary_large_image\" \/>\n<script type=\"application\/ld+json\" class=\"yoast-schema-graph\">{\"@context\":\"https:\/\/schema.org\",\"@graph\":[{\"@type\":\"WebPage\",\"@id\":\"https:\/\/sales-ai-agents.com\/tr\/templates\/money-saving\/\",\"url\":\"https:\/\/sales-ai-agents.com\/tr\/templates\/money-saving\/\",\"name\":\"Para Tasarrufu Sa\u011flayan \u015eablon - Sales AI Agents\",\"isPartOf\":{\"@id\":\"https:\/\/sales-ai-agents.com\/#website\"},\"primaryImageOfPage\":{\"@id\":\"https:\/\/sales-ai-agents.com\/tr\/templates\/money-saving\/#primaryimage\"},\"image\":{\"@id\":\"https:\/\/sales-ai-agents.com\/tr\/templates\/money-saving\/#primaryimage\"},\"thumbnailUrl\":\"https:\/\/sales-ai-agents.com\/wp-content\/uploads\/2023\/01\/image-preview120700.png\",\"datePublished\":\"2022-09-26T12:24:20+00:00\",\"dateModified\":\"2023-12-31T17:32:33+00:00\",\"description\":\"Para tasarrufu yapmak \u00e7o\u011fu insan i\u00e7in ortak bir hedeftir. Kapsaml\u0131 bir b\u00fct\u00e7e yapmak ve gelir ve giderlerinizi kolayca takip etmek i\u00e7in bu \u00fccretsiz \u00f6zelle\u015ftirilebilir \u015fablonu kullan\u0131n.\",\"inLanguage\":\"tr\",\"potentialAction\":[{\"@type\":\"ReadAction\",\"target\":[\"https:\/\/sales-ai-agents.com\/tr\/templates\/money-saving\/\"]}]},{\"@type\":\"ImageObject\",\"inLanguage\":\"tr\",\"@id\":\"https:\/\/sales-ai-agents.com\/tr\/templates\/money-saving\/#primaryimage\",\"url\":\"https:\/\/sales-ai-agents.com\/wp-content\/uploads\/2023\/01\/image-preview120700.png\",\"contentUrl\":\"https:\/\/sales-ai-agents.com\/wp-content\/uploads\/2023\/01\/image-preview120700.png\",\"width\":1078,\"height\":1068},{\"@type\":\"WebSite\",\"@id\":\"https:\/\/sales-ai-agents.com\/#website\",\"url\":\"https:\/\/sales-ai-agents.com\/\",\"name\":\"FuseBase\",\"description\":\"Sales AI Agents - Free Online Collaboration Software for Remote Teams. Build your wikis, client portals and more with the Nimbus Platform collaboration tool ? A perfect space for online work\",\"publisher\":{\"@id\":\"https:\/\/sales-ai-agents.com\/#organization\"},\"potentialAction\":[{\"@type\":\"SearchAction\",\"target\":{\"@type\":\"EntryPoint\",\"urlTemplate\":\"https:\/\/sales-ai-agents.com\/?s={search_term_string}\"},\"query-input\":{\"@type\":\"PropertyValueSpecification\",\"valueRequired\":true,\"valueName\":\"search_term_string\"}}],\"inLanguage\":\"tr\"},{\"@type\":\"Organization\",\"@id\":\"https:\/\/sales-ai-agents.com\/#organization\",\"name\":\"FuseBase\",\"url\":\"https:\/\/sales-ai-agents.com\/\",\"logo\":{\"@type\":\"ImageObject\",\"inLanguage\":\"tr\",\"@id\":\"https:\/\/sales-ai-agents.com\/#\/schema\/logo\/image\/\",\"url\":\"https:\/\/sales-ai-agents.com\/wp-content\/uploads\/2023\/11\/icon-7.svg\",\"contentUrl\":\"https:\/\/sales-ai-agents.com\/wp-content\/uploads\/2023\/11\/icon-7.svg\",\"width\":128,\"height\":128,\"caption\":\"FuseBase\"},\"image\":{\"@id\":\"https:\/\/sales-ai-agents.com\/#\/schema\/logo\/image\/\"}}]}<\/script>\n<!-- \/ Yoast SEO plugin. -->","yoast_head_json":{"title":"Para Tasarrufu Sa\u011flayan \u015eablon - Sales AI Agents","description":"Para tasarrufu yapmak \u00e7o\u011fu insan i\u00e7in ortak bir hedeftir. Kapsaml\u0131 bir b\u00fct\u00e7e yapmak ve gelir ve giderlerinizi kolayca takip etmek i\u00e7in bu \u00fccretsiz \u00f6zelle\u015ftirilebilir \u015fablonu kullan\u0131n.","robots":{"index":"index","follow":"follow","max-snippet":"max-snippet:-1","max-image-preview":"max-image-preview:large","max-video-preview":"max-video-preview:-1"},"canonical":"https:\/\/sales-ai-agents.com\/tr\/templates\/money-saving\/","og_locale":"tr_TR","og_type":"article","og_title":"Para Tasarrufu Sa\u011flayan \u015eablon - Sales AI Agents","og_description":"Para tasarrufu yapmak \u00e7o\u011fu insan i\u00e7in ortak bir hedeftir. Kapsaml\u0131 bir b\u00fct\u00e7e yapmak ve gelir ve giderlerinizi kolayca takip etmek i\u00e7in bu \u00fccretsiz \u00f6zelle\u015ftirilebilir \u015fablonu kullan\u0131n.","og_url":"https:\/\/sales-ai-agents.com\/tr\/templates\/money-saving\/","og_site_name":"Sales AI Agents","article_modified_time":"2023-12-31T17:32:33+00:00","og_image":[{"width":1078,"height":1068,"url":"https:\/\/sales-ai-agents.com\/wp-content\/uploads\/2023\/01\/image-preview120700.png","type":"image\/png"}],"twitter_card":"summary_large_image","schema":{"@context":"https:\/\/schema.org","@graph":[{"@type":"WebPage","@id":"https:\/\/sales-ai-agents.com\/tr\/templates\/money-saving\/","url":"https:\/\/sales-ai-agents.com\/tr\/templates\/money-saving\/","name":"Para Tasarrufu Sa\u011flayan \u015eablon - Sales AI Agents","isPartOf":{"@id":"https:\/\/sales-ai-agents.com\/#website"},"primaryImageOfPage":{"@id":"https:\/\/sales-ai-agents.com\/tr\/templates\/money-saving\/#primaryimage"},"image":{"@id":"https:\/\/sales-ai-agents.com\/tr\/templates\/money-saving\/#primaryimage"},"thumbnailUrl":"https:\/\/sales-ai-agents.com\/wp-content\/uploads\/2023\/01\/image-preview120700.png","datePublished":"2022-09-26T12:24:20+00:00","dateModified":"2023-12-31T17:32:33+00:00","description":"Para tasarrufu yapmak \u00e7o\u011fu insan i\u00e7in ortak bir hedeftir. Kapsaml\u0131 bir b\u00fct\u00e7e yapmak ve gelir ve giderlerinizi kolayca takip etmek i\u00e7in bu \u00fccretsiz \u00f6zelle\u015ftirilebilir \u015fablonu kullan\u0131n.","inLanguage":"tr","potentialAction":[{"@type":"ReadAction","target":["https:\/\/sales-ai-agents.com\/tr\/templates\/money-saving\/"]}]},{"@type":"ImageObject","inLanguage":"tr","@id":"https:\/\/sales-ai-agents.com\/tr\/templates\/money-saving\/#primaryimage","url":"https:\/\/sales-ai-agents.com\/wp-content\/uploads\/2023\/01\/image-preview120700.png","contentUrl":"https:\/\/sales-ai-agents.com\/wp-content\/uploads\/2023\/01\/image-preview120700.png","width":1078,"height":1068},{"@type":"WebSite","@id":"https:\/\/sales-ai-agents.com\/#website","url":"https:\/\/sales-ai-agents.com\/","name":"FuseBase","description":"Sales AI Agents - Free Online Collaboration Software for Remote Teams. Build your wikis, client portals and more with the Nimbus Platform collaboration tool ? A perfect space for online work","publisher":{"@id":"https:\/\/sales-ai-agents.com\/#organization"},"potentialAction":[{"@type":"SearchAction","target":{"@type":"EntryPoint","urlTemplate":"https:\/\/sales-ai-agents.com\/?s={search_term_string}"},"query-input":{"@type":"PropertyValueSpecification","valueRequired":true,"valueName":"search_term_string"}}],"inLanguage":"tr"},{"@type":"Organization","@id":"https:\/\/sales-ai-agents.com\/#organization","name":"FuseBase","url":"https:\/\/sales-ai-agents.com\/","logo":{"@type":"ImageObject","inLanguage":"tr","@id":"https:\/\/sales-ai-agents.com\/#\/schema\/logo\/image\/","url":"https:\/\/sales-ai-agents.com\/wp-content\/uploads\/2023\/11\/icon-7.svg","contentUrl":"https:\/\/sales-ai-agents.com\/wp-content\/uploads\/2023\/11\/icon-7.svg","width":128,"height":128,"caption":"FuseBase"},"image":{"@id":"https:\/\/sales-ai-agents.com\/#\/schema\/logo\/image\/"}}]}},"_links":{"self":[{"href":"https:\/\/sales-ai-agents.com\/tr\/wp-json\/wp\/v2\/product\/55635","targetHints":{"allow":["GET"]}}],"collection":[{"href":"https:\/\/sales-ai-agents.com\/tr\/wp-json\/wp\/v2\/product"}],"about":[{"href":"https:\/\/sales-ai-agents.com\/tr\/wp-json\/wp\/v2\/types\/product"}],"wp:featuredmedia":[{"embeddable":true,"href":"https:\/\/sales-ai-agents.com\/tr\/wp-json\/wp\/v2\/media\/55636"}],"wp:attachment":[{"href":"https:\/\/sales-ai-agents.com\/tr\/wp-json\/wp\/v2\/media?parent=55635"}],"wp:term":[{"taxonomy":"product_brand","embeddable":true,"href":"https:\/\/sales-ai-agents.com\/tr\/wp-json\/wp\/v2\/product_brand?post=55635"},{"taxonomy":"product_cat","embeddable":true,"href":"https:\/\/sales-ai-agents.com\/tr\/wp-json\/wp\/v2\/product_cat?post=55635"},{"taxonomy":"product_tag","embeddable":true,"href":"https:\/\/sales-ai-agents.com\/tr\/wp-json\/wp\/v2\/product_tag?post=55635"}],"curies":[{"name":"wp","href":"https:\/\/api.w.org\/{rel}","templated":true}]}}