{"id":55638,"date":"2022-09-26T12:24:15","date_gmt":"2022-09-26T12:24:15","guid":{"rendered":"https:\/\/sales-ai-agents.com\/templates\/student-information\/"},"modified":"2024-01-02T13:28:19","modified_gmt":"2024-01-02T13:28:19","slug":"student-information","status":"publish","type":"product","link":"https:\/\/sales-ai-agents.com\/tr\/templates\/student-information\/","title":{"rendered":"\u00d6\u011frenci Bilgileri"},"content":{"rendered":"<p>&nbsp;<\/p>\n<h2>\u00d6\u011frenci Bilgileri \u015eablonu<\/h2>\n<p class=\"desc-text\">\u00d6\u011fretmenler bu \u015fablonu \u00f6\u011frenciler hakk\u0131nda bilgi toplamak i\u00e7in kullanabilirler. Bir \u00f6\u011frenme akademisi uygulamas\u0131 gibi \u00e7al\u0131\u015fan i\u015flevsel bir belgeyi zahmetsizce olu\u015fturun. \u00d6nemli verileri d\u00fczenli ve anla\u015f\u0131lmas\u0131 kolay bir \u015fekilde kaydedin.<\/p>\n<h5>Nas\u0131l kullan\u0131l\u0131r?<\/h5>\n<ul class=\"desc-item_list\">\n<li class=\"desc-item_list__point\">\u00d6\u011frenci hakk\u0131ndaki temel bilgileri doldurun<\/li>\n<li class=\"desc-item_list__point\">\u00d6\u011frencinin foto\u011fraf\u0131n\u0131 ekleyin<\/li>\n<li class=\"desc-item_list__point\">Ebeveynlerinin her biri + acil durum irtibat ki\u015fileri hakk\u0131ndaki bilgileri girin<\/li>\n<li class=\"desc-item_list__point\">G\u00fc\u00e7l\u00fc y\u00f6nler, \u00f6zel ihtiya\u00e7lar ve di\u011fer notlar hakk\u0131nda \u00f6zel notlar ekleyin<\/li>\n<\/ul>\n","protected":false},"excerpt":{"rendered":"<p>\u00d6\u011fretmenler bu \u015fablonu \u00f6\u011frenciler hakk\u0131nda bilgi toplamak i\u00e7in kullanabilirler. Her \u00f6\u011frenciyle ilgili \u00f6nemli bilgilerin d\u00fczenli bir \u015fekilde kolayca takip edilmesine yard\u0131mc\u0131 olur.<\/p>\n","protected":false},"featured_media":55639,"template":"","meta":{"_acf_changed":false,"inline_featured_image":false},"product_brand":[],"product_cat":[267,268],"product_tag":[],"class_list":{"0":"post-55638","1":"product","2":"type-product","3":"status-publish","4":"has-post-thumbnail","6":"product_cat-student","7":"product_cat-teacher","9":"first","10":"instock","11":"virtual","12":"sold-individually","13":"product-type-simple"},"acf":[],"yoast_head":"<!-- This site is optimized with the Yoast SEO plugin v25.3.1 - https:\/\/yoast.com\/wordpress\/plugins\/seo\/ -->\n<title>\u00d6\u011frenci Bilgi \u015eablonu - Sales AI Agents<\/title>\n<meta name=\"description\" content=\"\u00d6\u011fretmenler bu \u015fablonu \u00f6\u011frenciler hakk\u0131nda bilgi toplamak i\u00e7in kullanabilirler. Her \u00f6\u011frenciyle ilgili \u00f6nemli bilgilerin d\u00fczenli bir \u015fekilde kolayca takip edilmesine yard\u0131mc\u0131 olur.\" \/>\n<meta name=\"robots\" content=\"index, follow, max-snippet:-1, max-image-preview:large, max-video-preview:-1\" \/>\n<link rel=\"canonical\" href=\"https:\/\/sales-ai-agents.com\/tr\/templates\/student-information\/\" \/>\n<meta property=\"og:locale\" content=\"tr_TR\" \/>\n<meta property=\"og:type\" content=\"article\" \/>\n<meta property=\"og:title\" content=\"\u00d6\u011frenci Bilgi \u015eablonu - Sales AI Agents\" \/>\n<meta property=\"og:description\" content=\"\u00d6\u011fretmenler bu \u015fablonu \u00f6\u011frenciler hakk\u0131nda bilgi toplamak i\u00e7in kullanabilirler. Her \u00f6\u011frenciyle ilgili \u00f6nemli bilgilerin d\u00fczenli bir \u015fekilde kolayca takip edilmesine yard\u0131mc\u0131 olur.\" \/>\n<meta property=\"og:url\" content=\"https:\/\/sales-ai-agents.com\/tr\/templates\/student-information\/\" \/>\n<meta property=\"og:site_name\" content=\"Sales AI Agents\" \/>\n<meta property=\"article:modified_time\" content=\"2024-01-02T13:28:19+00:00\" \/>\n<meta property=\"og:image\" content=\"https:\/\/sales-ai-agents.com\/wp-content\/uploads\/2023\/01\/image-preview120254.png\" \/>\n\t<meta property=\"og:image:width\" content=\"1078\" \/>\n\t<meta property=\"og:image:height\" content=\"1464\" \/>\n\t<meta property=\"og:image:type\" content=\"image\/png\" \/>\n<meta name=\"twitter:card\" content=\"summary_large_image\" \/>\n<script type=\"application\/ld+json\" class=\"yoast-schema-graph\">{\"@context\":\"https:\/\/schema.org\",\"@graph\":[{\"@type\":\"WebPage\",\"@id\":\"https:\/\/sales-ai-agents.com\/tr\/templates\/student-information\/\",\"url\":\"https:\/\/sales-ai-agents.com\/tr\/templates\/student-information\/\",\"name\":\"\u00d6\u011frenci Bilgi \u015eablonu - Sales AI Agents\",\"isPartOf\":{\"@id\":\"https:\/\/sales-ai-agents.com\/#website\"},\"primaryImageOfPage\":{\"@id\":\"https:\/\/sales-ai-agents.com\/tr\/templates\/student-information\/#primaryimage\"},\"image\":{\"@id\":\"https:\/\/sales-ai-agents.com\/tr\/templates\/student-information\/#primaryimage\"},\"thumbnailUrl\":\"https:\/\/sales-ai-agents.com\/wp-content\/uploads\/2023\/01\/image-preview120254.png\",\"datePublished\":\"2022-09-26T12:24:15+00:00\",\"dateModified\":\"2024-01-02T13:28:19+00:00\",\"description\":\"\u00d6\u011fretmenler bu \u015fablonu \u00f6\u011frenciler hakk\u0131nda bilgi toplamak i\u00e7in kullanabilirler. Her \u00f6\u011frenciyle ilgili \u00f6nemli bilgilerin d\u00fczenli bir \u015fekilde kolayca takip edilmesine yard\u0131mc\u0131 olur.\",\"inLanguage\":\"tr\",\"potentialAction\":[{\"@type\":\"ReadAction\",\"target\":[\"https:\/\/sales-ai-agents.com\/tr\/templates\/student-information\/\"]}]},{\"@type\":\"ImageObject\",\"inLanguage\":\"tr\",\"@id\":\"https:\/\/sales-ai-agents.com\/tr\/templates\/student-information\/#primaryimage\",\"url\":\"https:\/\/sales-ai-agents.com\/wp-content\/uploads\/2023\/01\/image-preview120254.png\",\"contentUrl\":\"https:\/\/sales-ai-agents.com\/wp-content\/uploads\/2023\/01\/image-preview120254.png\",\"width\":1078,\"height\":1464},{\"@type\":\"WebSite\",\"@id\":\"https:\/\/sales-ai-agents.com\/#website\",\"url\":\"https:\/\/sales-ai-agents.com\/\",\"name\":\"FuseBase\",\"description\":\"Sales AI Agents - Free Online Collaboration Software for Remote Teams. Build your wikis, client portals and more with the Nimbus Platform collaboration tool ? A perfect space for online work\",\"publisher\":{\"@id\":\"https:\/\/sales-ai-agents.com\/#organization\"},\"potentialAction\":[{\"@type\":\"SearchAction\",\"target\":{\"@type\":\"EntryPoint\",\"urlTemplate\":\"https:\/\/sales-ai-agents.com\/?s={search_term_string}\"},\"query-input\":{\"@type\":\"PropertyValueSpecification\",\"valueRequired\":true,\"valueName\":\"search_term_string\"}}],\"inLanguage\":\"tr\"},{\"@type\":\"Organization\",\"@id\":\"https:\/\/sales-ai-agents.com\/#organization\",\"name\":\"FuseBase\",\"url\":\"https:\/\/sales-ai-agents.com\/\",\"logo\":{\"@type\":\"ImageObject\",\"inLanguage\":\"tr\",\"@id\":\"https:\/\/sales-ai-agents.com\/#\/schema\/logo\/image\/\",\"url\":\"https:\/\/sales-ai-agents.com\/wp-content\/uploads\/2023\/11\/icon-7.svg\",\"contentUrl\":\"https:\/\/sales-ai-agents.com\/wp-content\/uploads\/2023\/11\/icon-7.svg\",\"width\":128,\"height\":128,\"caption\":\"FuseBase\"},\"image\":{\"@id\":\"https:\/\/sales-ai-agents.com\/#\/schema\/logo\/image\/\"}}]}<\/script>\n<!-- \/ Yoast SEO plugin. -->","yoast_head_json":{"title":"\u00d6\u011frenci Bilgi \u015eablonu - Sales AI Agents","description":"\u00d6\u011fretmenler bu \u015fablonu \u00f6\u011frenciler hakk\u0131nda bilgi toplamak i\u00e7in kullanabilirler. Her \u00f6\u011frenciyle ilgili \u00f6nemli bilgilerin d\u00fczenli bir \u015fekilde kolayca takip edilmesine yard\u0131mc\u0131 olur.","robots":{"index":"index","follow":"follow","max-snippet":"max-snippet:-1","max-image-preview":"max-image-preview:large","max-video-preview":"max-video-preview:-1"},"canonical":"https:\/\/sales-ai-agents.com\/tr\/templates\/student-information\/","og_locale":"tr_TR","og_type":"article","og_title":"\u00d6\u011frenci Bilgi \u015eablonu - Sales AI Agents","og_description":"\u00d6\u011fretmenler bu \u015fablonu \u00f6\u011frenciler hakk\u0131nda bilgi toplamak i\u00e7in kullanabilirler. Her \u00f6\u011frenciyle ilgili \u00f6nemli bilgilerin d\u00fczenli bir \u015fekilde kolayca takip edilmesine yard\u0131mc\u0131 olur.","og_url":"https:\/\/sales-ai-agents.com\/tr\/templates\/student-information\/","og_site_name":"Sales AI Agents","article_modified_time":"2024-01-02T13:28:19+00:00","og_image":[{"width":1078,"height":1464,"url":"https:\/\/sales-ai-agents.com\/wp-content\/uploads\/2023\/01\/image-preview120254.png","type":"image\/png"}],"twitter_card":"summary_large_image","schema":{"@context":"https:\/\/schema.org","@graph":[{"@type":"WebPage","@id":"https:\/\/sales-ai-agents.com\/tr\/templates\/student-information\/","url":"https:\/\/sales-ai-agents.com\/tr\/templates\/student-information\/","name":"\u00d6\u011frenci Bilgi \u015eablonu - Sales AI Agents","isPartOf":{"@id":"https:\/\/sales-ai-agents.com\/#website"},"primaryImageOfPage":{"@id":"https:\/\/sales-ai-agents.com\/tr\/templates\/student-information\/#primaryimage"},"image":{"@id":"https:\/\/sales-ai-agents.com\/tr\/templates\/student-information\/#primaryimage"},"thumbnailUrl":"https:\/\/sales-ai-agents.com\/wp-content\/uploads\/2023\/01\/image-preview120254.png","datePublished":"2022-09-26T12:24:15+00:00","dateModified":"2024-01-02T13:28:19+00:00","description":"\u00d6\u011fretmenler bu \u015fablonu \u00f6\u011frenciler hakk\u0131nda bilgi toplamak i\u00e7in kullanabilirler. Her \u00f6\u011frenciyle ilgili \u00f6nemli bilgilerin d\u00fczenli bir \u015fekilde kolayca takip edilmesine yard\u0131mc\u0131 olur.","inLanguage":"tr","potentialAction":[{"@type":"ReadAction","target":["https:\/\/sales-ai-agents.com\/tr\/templates\/student-information\/"]}]},{"@type":"ImageObject","inLanguage":"tr","@id":"https:\/\/sales-ai-agents.com\/tr\/templates\/student-information\/#primaryimage","url":"https:\/\/sales-ai-agents.com\/wp-content\/uploads\/2023\/01\/image-preview120254.png","contentUrl":"https:\/\/sales-ai-agents.com\/wp-content\/uploads\/2023\/01\/image-preview120254.png","width":1078,"height":1464},{"@type":"WebSite","@id":"https:\/\/sales-ai-agents.com\/#website","url":"https:\/\/sales-ai-agents.com\/","name":"FuseBase","description":"Sales AI Agents - Free Online Collaboration Software for Remote Teams. Build your wikis, client portals and more with the Nimbus Platform collaboration tool ? A perfect space for online work","publisher":{"@id":"https:\/\/sales-ai-agents.com\/#organization"},"potentialAction":[{"@type":"SearchAction","target":{"@type":"EntryPoint","urlTemplate":"https:\/\/sales-ai-agents.com\/?s={search_term_string}"},"query-input":{"@type":"PropertyValueSpecification","valueRequired":true,"valueName":"search_term_string"}}],"inLanguage":"tr"},{"@type":"Organization","@id":"https:\/\/sales-ai-agents.com\/#organization","name":"FuseBase","url":"https:\/\/sales-ai-agents.com\/","logo":{"@type":"ImageObject","inLanguage":"tr","@id":"https:\/\/sales-ai-agents.com\/#\/schema\/logo\/image\/","url":"https:\/\/sales-ai-agents.com\/wp-content\/uploads\/2023\/11\/icon-7.svg","contentUrl":"https:\/\/sales-ai-agents.com\/wp-content\/uploads\/2023\/11\/icon-7.svg","width":128,"height":128,"caption":"FuseBase"},"image":{"@id":"https:\/\/sales-ai-agents.com\/#\/schema\/logo\/image\/"}}]}},"_links":{"self":[{"href":"https:\/\/sales-ai-agents.com\/tr\/wp-json\/wp\/v2\/product\/55638","targetHints":{"allow":["GET"]}}],"collection":[{"href":"https:\/\/sales-ai-agents.com\/tr\/wp-json\/wp\/v2\/product"}],"about":[{"href":"https:\/\/sales-ai-agents.com\/tr\/wp-json\/wp\/v2\/types\/product"}],"wp:featuredmedia":[{"embeddable":true,"href":"https:\/\/sales-ai-agents.com\/tr\/wp-json\/wp\/v2\/media\/55639"}],"wp:attachment":[{"href":"https:\/\/sales-ai-agents.com\/tr\/wp-json\/wp\/v2\/media?parent=55638"}],"wp:term":[{"taxonomy":"product_brand","embeddable":true,"href":"https:\/\/sales-ai-agents.com\/tr\/wp-json\/wp\/v2\/product_brand?post=55638"},{"taxonomy":"product_cat","embeddable":true,"href":"https:\/\/sales-ai-agents.com\/tr\/wp-json\/wp\/v2\/product_cat?post=55638"},{"taxonomy":"product_tag","embeddable":true,"href":"https:\/\/sales-ai-agents.com\/tr\/wp-json\/wp\/v2\/product_tag?post=55638"}],"curies":[{"name":"wp","href":"https:\/\/api.w.org\/{rel}","templated":true}]}}