{"id":55641,"date":"2022-09-26T12:24:12","date_gmt":"2022-09-26T12:24:12","guid":{"rendered":"https:\/\/sales-ai-agents.com\/templates\/daily-review\/"},"modified":"2023-12-31T16:38:09","modified_gmt":"2023-12-31T16:38:09","slug":"daily-review","status":"publish","type":"product","link":"https:\/\/sales-ai-agents.com\/tr\/templates\/daily-review\/","title":{"rendered":"G\u00fcnl\u00fck \u0130nceleme"},"content":{"rendered":"<p>&nbsp;<\/p>\n<h2>G\u00fcnl\u00fck \u0130nceleme \u015eablonu<\/h2>\n<p class=\"desc-text\">Bu G\u00fcnl\u00fck G\u00f6zden Ge\u00e7irme \u015fablonuyla g\u00fcnl\u00fck planlamay\u0131 rutininize dahil etmek kolay ama gerekli bir ad\u0131md\u0131r. Hayat\u0131n\u0131zda denge olu\u015fturun &#8211; g\u00fcn\u00fcn\u00fcz\u00fc planlay\u0131n, g\u00f6revlerinizi takip edin ve g\u00fcnl\u00fck hedefler ve \u00f6ncelikler belirleyin. Ak\u015famlar\u0131 g\u00fcn\u00fcn\u00fcz\u00fc g\u00f6zden ge\u00e7irmek ve bir sonraki g\u00fcn\u00fc daha etkili bir \u015fekilde planlamak i\u00e7in \u015fablonu kullan\u0131n.<\/p>\n<h5>Nas\u0131l kullan\u0131l\u0131r?<\/h5>\n<ul class=\"desc-item_list\">\n<li class=\"desc-item_list__point\">G\u00fcn\u00fcn tarihini ekleyin<\/li>\n<li class=\"desc-item_list__point\">G\u00fcnl\u00fck program\u0131n\u0131z\u0131 d\u00fczenleyin<\/li>\n<li class=\"desc-item_list__point\">G\u00f6revleri, \u00f6ncelikleri ve g\u00fcnl\u00fck hedefleri belirleyin<\/li>\n<li class=\"desc-item_list__point\">Enerjinizi, odaklanma seviyenizi, tamamlad\u0131\u011f\u0131n\u0131z g\u00f6rev say\u0131s\u0131n\u0131 i\u015faretlemek i\u00e7in g\u00fcnl\u00fck inceleme b\u00f6l\u00fcm\u00fcn\u00fc kullan\u0131n<\/li>\n<li class=\"desc-item_list__point\">G\u00fcnden \u00e7\u0131kar\u0131lacak dersler hakk\u0131nda d\u00fc\u015f\u00fcn\u00fcn<\/li>\n<\/ul>\n","protected":false},"excerpt":{"rendered":"<p>Hayat\u0131n\u0131zda denge olu\u015fturun &#8211; g\u00fcn\u00fcn\u00fcz\u00fc planlay\u0131n, g\u00f6revlerinizi takip edin ve hedefler belirleyin. G\u00fcn\u00fcn\u00fcz\u00fc g\u00f6zden ge\u00e7irmek ve bir sonraki g\u00fcn\u00fc daha etkili bir \u015fekilde planlamak i\u00e7in \u015fablonu kullan\u0131n.<\/p>\n","protected":false},"featured_media":55642,"template":"","meta":{"_acf_changed":false,"inline_featured_image":false},"product_brand":[],"product_cat":[257,256],"product_tag":[],"class_list":{"0":"post-55641","1":"product","2":"type-product","3":"status-publish","4":"has-post-thumbnail","6":"product_cat-personal","7":"product_cat-organizers-planners","9":"first","10":"instock","11":"virtual","12":"sold-individually","13":"product-type-simple"},"acf":[],"yoast_head":"<!-- This site is optimized with the Yoast SEO plugin v25.3.1 - https:\/\/yoast.com\/wordpress\/plugins\/seo\/ -->\n<title>G\u00fcnl\u00fck \u0130nceleme \u015eablonu - Sales AI Agents<\/title>\n<meta name=\"description\" content=\"Hayat\u0131n\u0131zda denge olu\u015fturun - g\u00fcn\u00fcn\u00fcz\u00fc planlay\u0131n, g\u00f6revlerinizi takip edin ve hedefler belirleyin. G\u00fcn\u00fcn\u00fcz\u00fc g\u00f6zden ge\u00e7irmek ve bir sonraki g\u00fcn\u00fc daha etkili bir \u015fekilde planlamak i\u00e7in \u015fablonu kullan\u0131n.\" \/>\n<meta name=\"robots\" content=\"index, follow, max-snippet:-1, max-image-preview:large, max-video-preview:-1\" \/>\n<link rel=\"canonical\" href=\"https:\/\/sales-ai-agents.com\/tr\/templates\/daily-review\/\" \/>\n<meta property=\"og:locale\" content=\"tr_TR\" \/>\n<meta property=\"og:type\" content=\"article\" \/>\n<meta property=\"og:title\" content=\"G\u00fcnl\u00fck \u0130nceleme \u015eablonu - Sales AI Agents\" \/>\n<meta property=\"og:description\" content=\"Hayat\u0131n\u0131zda denge olu\u015fturun - g\u00fcn\u00fcn\u00fcz\u00fc planlay\u0131n, g\u00f6revlerinizi takip edin ve hedefler belirleyin. G\u00fcn\u00fcn\u00fcz\u00fc g\u00f6zden ge\u00e7irmek ve bir sonraki g\u00fcn\u00fc daha etkili bir \u015fekilde planlamak i\u00e7in \u015fablonu kullan\u0131n.\" \/>\n<meta property=\"og:url\" content=\"https:\/\/sales-ai-agents.com\/tr\/templates\/daily-review\/\" \/>\n<meta property=\"og:site_name\" content=\"Sales AI Agents\" \/>\n<meta property=\"article:modified_time\" content=\"2023-12-31T16:38:09+00:00\" \/>\n<meta property=\"og:image\" content=\"https:\/\/sales-ai-agents.com\/wp-content\/uploads\/2022\/09\/Daily-Review-Template.png\" \/>\n\t<meta property=\"og:image:width\" content=\"1700\" \/>\n\t<meta property=\"og:image:height\" content=\"1100\" \/>\n\t<meta property=\"og:image:type\" content=\"image\/png\" \/>\n<meta name=\"twitter:card\" content=\"summary_large_image\" \/>\n<script type=\"application\/ld+json\" class=\"yoast-schema-graph\">{\"@context\":\"https:\/\/schema.org\",\"@graph\":[{\"@type\":\"WebPage\",\"@id\":\"https:\/\/sales-ai-agents.com\/tr\/templates\/daily-review\/\",\"url\":\"https:\/\/sales-ai-agents.com\/tr\/templates\/daily-review\/\",\"name\":\"G\u00fcnl\u00fck \u0130nceleme \u015eablonu - Sales AI Agents\",\"isPartOf\":{\"@id\":\"https:\/\/sales-ai-agents.com\/#website\"},\"primaryImageOfPage\":{\"@id\":\"https:\/\/sales-ai-agents.com\/tr\/templates\/daily-review\/#primaryimage\"},\"image\":{\"@id\":\"https:\/\/sales-ai-agents.com\/tr\/templates\/daily-review\/#primaryimage\"},\"thumbnailUrl\":\"https:\/\/sales-ai-agents.com\/wp-content\/uploads\/2022\/09\/Daily-Review-Template.png\",\"datePublished\":\"2022-09-26T12:24:12+00:00\",\"dateModified\":\"2023-12-31T16:38:09+00:00\",\"description\":\"Hayat\u0131n\u0131zda denge olu\u015fturun - g\u00fcn\u00fcn\u00fcz\u00fc planlay\u0131n, g\u00f6revlerinizi takip edin ve hedefler belirleyin. G\u00fcn\u00fcn\u00fcz\u00fc g\u00f6zden ge\u00e7irmek ve bir sonraki g\u00fcn\u00fc daha etkili bir \u015fekilde planlamak i\u00e7in \u015fablonu kullan\u0131n.\",\"inLanguage\":\"tr\",\"potentialAction\":[{\"@type\":\"ReadAction\",\"target\":[\"https:\/\/sales-ai-agents.com\/tr\/templates\/daily-review\/\"]}]},{\"@type\":\"ImageObject\",\"inLanguage\":\"tr\",\"@id\":\"https:\/\/sales-ai-agents.com\/tr\/templates\/daily-review\/#primaryimage\",\"url\":\"https:\/\/sales-ai-agents.com\/wp-content\/uploads\/2022\/09\/Daily-Review-Template.png\",\"contentUrl\":\"https:\/\/sales-ai-agents.com\/wp-content\/uploads\/2022\/09\/Daily-Review-Template.png\",\"width\":1700,\"height\":1100},{\"@type\":\"WebSite\",\"@id\":\"https:\/\/sales-ai-agents.com\/#website\",\"url\":\"https:\/\/sales-ai-agents.com\/\",\"name\":\"FuseBase\",\"description\":\"Sales AI Agents - Free Online Collaboration Software for Remote Teams. Build your wikis, client portals and more with the Nimbus Platform collaboration tool ? A perfect space for online work\",\"publisher\":{\"@id\":\"https:\/\/sales-ai-agents.com\/#organization\"},\"potentialAction\":[{\"@type\":\"SearchAction\",\"target\":{\"@type\":\"EntryPoint\",\"urlTemplate\":\"https:\/\/sales-ai-agents.com\/?s={search_term_string}\"},\"query-input\":{\"@type\":\"PropertyValueSpecification\",\"valueRequired\":true,\"valueName\":\"search_term_string\"}}],\"inLanguage\":\"tr\"},{\"@type\":\"Organization\",\"@id\":\"https:\/\/sales-ai-agents.com\/#organization\",\"name\":\"FuseBase\",\"url\":\"https:\/\/sales-ai-agents.com\/\",\"logo\":{\"@type\":\"ImageObject\",\"inLanguage\":\"tr\",\"@id\":\"https:\/\/sales-ai-agents.com\/#\/schema\/logo\/image\/\",\"url\":\"https:\/\/sales-ai-agents.com\/wp-content\/uploads\/2023\/11\/icon-7.svg\",\"contentUrl\":\"https:\/\/sales-ai-agents.com\/wp-content\/uploads\/2023\/11\/icon-7.svg\",\"width\":128,\"height\":128,\"caption\":\"FuseBase\"},\"image\":{\"@id\":\"https:\/\/sales-ai-agents.com\/#\/schema\/logo\/image\/\"}}]}<\/script>\n<!-- \/ Yoast SEO plugin. -->","yoast_head_json":{"title":"G\u00fcnl\u00fck \u0130nceleme \u015eablonu - Sales AI Agents","description":"Hayat\u0131n\u0131zda denge olu\u015fturun - g\u00fcn\u00fcn\u00fcz\u00fc planlay\u0131n, g\u00f6revlerinizi takip edin ve hedefler belirleyin. G\u00fcn\u00fcn\u00fcz\u00fc g\u00f6zden ge\u00e7irmek ve bir sonraki g\u00fcn\u00fc daha etkili bir \u015fekilde planlamak i\u00e7in \u015fablonu kullan\u0131n.","robots":{"index":"index","follow":"follow","max-snippet":"max-snippet:-1","max-image-preview":"max-image-preview:large","max-video-preview":"max-video-preview:-1"},"canonical":"https:\/\/sales-ai-agents.com\/tr\/templates\/daily-review\/","og_locale":"tr_TR","og_type":"article","og_title":"G\u00fcnl\u00fck \u0130nceleme \u015eablonu - Sales AI Agents","og_description":"Hayat\u0131n\u0131zda denge olu\u015fturun - g\u00fcn\u00fcn\u00fcz\u00fc planlay\u0131n, g\u00f6revlerinizi takip edin ve hedefler belirleyin. G\u00fcn\u00fcn\u00fcz\u00fc g\u00f6zden ge\u00e7irmek ve bir sonraki g\u00fcn\u00fc daha etkili bir \u015fekilde planlamak i\u00e7in \u015fablonu kullan\u0131n.","og_url":"https:\/\/sales-ai-agents.com\/tr\/templates\/daily-review\/","og_site_name":"Sales AI Agents","article_modified_time":"2023-12-31T16:38:09+00:00","og_image":[{"width":1700,"height":1100,"url":"https:\/\/sales-ai-agents.com\/wp-content\/uploads\/2022\/09\/Daily-Review-Template.png","type":"image\/png"}],"twitter_card":"summary_large_image","schema":{"@context":"https:\/\/schema.org","@graph":[{"@type":"WebPage","@id":"https:\/\/sales-ai-agents.com\/tr\/templates\/daily-review\/","url":"https:\/\/sales-ai-agents.com\/tr\/templates\/daily-review\/","name":"G\u00fcnl\u00fck \u0130nceleme \u015eablonu - Sales AI Agents","isPartOf":{"@id":"https:\/\/sales-ai-agents.com\/#website"},"primaryImageOfPage":{"@id":"https:\/\/sales-ai-agents.com\/tr\/templates\/daily-review\/#primaryimage"},"image":{"@id":"https:\/\/sales-ai-agents.com\/tr\/templates\/daily-review\/#primaryimage"},"thumbnailUrl":"https:\/\/sales-ai-agents.com\/wp-content\/uploads\/2022\/09\/Daily-Review-Template.png","datePublished":"2022-09-26T12:24:12+00:00","dateModified":"2023-12-31T16:38:09+00:00","description":"Hayat\u0131n\u0131zda denge olu\u015fturun - g\u00fcn\u00fcn\u00fcz\u00fc planlay\u0131n, g\u00f6revlerinizi takip edin ve hedefler belirleyin. G\u00fcn\u00fcn\u00fcz\u00fc g\u00f6zden ge\u00e7irmek ve bir sonraki g\u00fcn\u00fc daha etkili bir \u015fekilde planlamak i\u00e7in \u015fablonu kullan\u0131n.","inLanguage":"tr","potentialAction":[{"@type":"ReadAction","target":["https:\/\/sales-ai-agents.com\/tr\/templates\/daily-review\/"]}]},{"@type":"ImageObject","inLanguage":"tr","@id":"https:\/\/sales-ai-agents.com\/tr\/templates\/daily-review\/#primaryimage","url":"https:\/\/sales-ai-agents.com\/wp-content\/uploads\/2022\/09\/Daily-Review-Template.png","contentUrl":"https:\/\/sales-ai-agents.com\/wp-content\/uploads\/2022\/09\/Daily-Review-Template.png","width":1700,"height":1100},{"@type":"WebSite","@id":"https:\/\/sales-ai-agents.com\/#website","url":"https:\/\/sales-ai-agents.com\/","name":"FuseBase","description":"Sales AI Agents - Free Online Collaboration Software for Remote Teams. Build your wikis, client portals and more with the Nimbus Platform collaboration tool ? A perfect space for online work","publisher":{"@id":"https:\/\/sales-ai-agents.com\/#organization"},"potentialAction":[{"@type":"SearchAction","target":{"@type":"EntryPoint","urlTemplate":"https:\/\/sales-ai-agents.com\/?s={search_term_string}"},"query-input":{"@type":"PropertyValueSpecification","valueRequired":true,"valueName":"search_term_string"}}],"inLanguage":"tr"},{"@type":"Organization","@id":"https:\/\/sales-ai-agents.com\/#organization","name":"FuseBase","url":"https:\/\/sales-ai-agents.com\/","logo":{"@type":"ImageObject","inLanguage":"tr","@id":"https:\/\/sales-ai-agents.com\/#\/schema\/logo\/image\/","url":"https:\/\/sales-ai-agents.com\/wp-content\/uploads\/2023\/11\/icon-7.svg","contentUrl":"https:\/\/sales-ai-agents.com\/wp-content\/uploads\/2023\/11\/icon-7.svg","width":128,"height":128,"caption":"FuseBase"},"image":{"@id":"https:\/\/sales-ai-agents.com\/#\/schema\/logo\/image\/"}}]}},"_links":{"self":[{"href":"https:\/\/sales-ai-agents.com\/tr\/wp-json\/wp\/v2\/product\/55641","targetHints":{"allow":["GET"]}}],"collection":[{"href":"https:\/\/sales-ai-agents.com\/tr\/wp-json\/wp\/v2\/product"}],"about":[{"href":"https:\/\/sales-ai-agents.com\/tr\/wp-json\/wp\/v2\/types\/product"}],"wp:featuredmedia":[{"embeddable":true,"href":"https:\/\/sales-ai-agents.com\/tr\/wp-json\/wp\/v2\/media\/55642"}],"wp:attachment":[{"href":"https:\/\/sales-ai-agents.com\/tr\/wp-json\/wp\/v2\/media?parent=55641"}],"wp:term":[{"taxonomy":"product_brand","embeddable":true,"href":"https:\/\/sales-ai-agents.com\/tr\/wp-json\/wp\/v2\/product_brand?post=55641"},{"taxonomy":"product_cat","embeddable":true,"href":"https:\/\/sales-ai-agents.com\/tr\/wp-json\/wp\/v2\/product_cat?post=55641"},{"taxonomy":"product_tag","embeddable":true,"href":"https:\/\/sales-ai-agents.com\/tr\/wp-json\/wp\/v2\/product_tag?post=55641"}],"curies":[{"name":"wp","href":"https:\/\/api.w.org\/{rel}","templated":true}]}}