{"id":55646,"date":"2022-09-26T12:24:08","date_gmt":"2022-09-26T12:24:08","guid":{"rendered":"https:\/\/sales-ai-agents.com\/templates\/workout-records\/"},"modified":"2024-01-02T13:03:56","modified_gmt":"2024-01-02T13:03:56","slug":"workout-records","status":"publish","type":"product","link":"https:\/\/sales-ai-agents.com\/tr\/templates\/workout-records\/","title":{"rendered":"Egzersiz Kay\u0131tlar\u0131"},"content":{"rendered":"<p>&nbsp;<\/p>\n<h2>Egzersiz Kay\u0131tlar\u0131 \u015eablonu<\/h2>\n<p class=\"desc-text\">Antrenman kay\u0131tlar\u0131 i\u00e7in bu \u015fablonu kullan\u0131n. \u0130lerlemeyi izlemek, egzersiz yapmaktan kilo vermeye kadar sa\u011fl\u0131kla ilgili herhangi bir projede motivasyonu koruman\u0131n harika bir yoludur. A\u00e7\u0131klamalar, tekrarlar ve videolara ve ekran g\u00f6r\u00fcnt\u00fclerine ba\u011flant\u0131lar ekleyerek egzersiz rutinini kaydedin. Daha sonra ilerlemenizi takip etmek i\u00e7in \u015fablonu kullan\u0131n.<\/p>\n<h5>Nas\u0131l kullan\u0131l\u0131r?<\/h5>\n<ul class=\"desc-item_list\">\n<li class=\"desc-item_list__point\">Antrenman a\u00e7\u0131klamalar\u0131 ekleyin<\/li>\n<li class=\"desc-item_list__point\">Tekrar say\u0131s\u0131n\u0131 se\u00e7in<\/li>\n<li class=\"desc-item_list__point\">Ekran g\u00f6r\u00fcnt\u00fclerine ve videolara ba\u011flant\u0131lar ekleyin<\/li>\n<li class=\"desc-item_list__point\">\u0130lerlemenizi takip edin<\/li>\n<\/ul>\n","protected":false},"excerpt":{"rendered":"<p>Egzersiz kay\u0131tlar\u0131 i\u00e7in bu \u00fccretsiz \u00f6zelle\u015ftirilebilir \u015fablonu kullan\u0131n. A\u00e7\u0131klamalar, tekrarlar ve videolara ve ekran g\u00f6r\u00fcnt\u00fclerine ba\u011flant\u0131lar ekleyerek egzersiz rutinini kaydedin.<\/p>\n","protected":false},"featured_media":55647,"template":"","meta":{"_acf_changed":false,"inline_featured_image":false},"product_brand":[],"product_cat":[257,259],"product_tag":[],"class_list":{"0":"post-55646","1":"product","2":"type-product","3":"status-publish","4":"has-post-thumbnail","6":"product_cat-personal","7":"product_cat-personal-health","9":"first","10":"instock","11":"virtual","12":"sold-individually","13":"product-type-simple"},"acf":[],"yoast_head":"<!-- This site is optimized with the Yoast SEO plugin v25.3.1 - https:\/\/yoast.com\/wordpress\/plugins\/seo\/ -->\n<title>Egzersiz Kay\u0131tlar\u0131 \u200d\ufe0f\u015eablon - Sales AI Agents<\/title>\n<meta name=\"description\" content=\"Egzersiz kay\u0131tlar\u0131 i\u00e7in bu \u00fccretsiz \u00f6zelle\u015ftirilebilir \u015fablonu kullan\u0131n. A\u00e7\u0131klamalar, tekrarlar ve videolara ve ekran g\u00f6r\u00fcnt\u00fclerine ba\u011flant\u0131lar ekleyerek egzersiz rutinini kaydedin.\" \/>\n<meta name=\"robots\" content=\"index, follow, max-snippet:-1, max-image-preview:large, max-video-preview:-1\" \/>\n<link rel=\"canonical\" href=\"https:\/\/sales-ai-agents.com\/tr\/templates\/workout-records\/\" \/>\n<meta property=\"og:locale\" content=\"tr_TR\" \/>\n<meta property=\"og:type\" content=\"article\" \/>\n<meta property=\"og:title\" content=\"Egzersiz Kay\u0131tlar\u0131 \u200d\ufe0f\u015eablon - Sales AI Agents\" \/>\n<meta property=\"og:description\" content=\"Egzersiz kay\u0131tlar\u0131 i\u00e7in bu \u00fccretsiz \u00f6zelle\u015ftirilebilir \u015fablonu kullan\u0131n. A\u00e7\u0131klamalar, tekrarlar ve videolara ve ekran g\u00f6r\u00fcnt\u00fclerine ba\u011flant\u0131lar ekleyerek egzersiz rutinini kaydedin.\" \/>\n<meta property=\"og:url\" content=\"https:\/\/sales-ai-agents.com\/tr\/templates\/workout-records\/\" \/>\n<meta property=\"og:site_name\" content=\"Sales AI Agents\" \/>\n<meta property=\"article:modified_time\" content=\"2024-01-02T13:03:56+00:00\" \/>\n<meta property=\"og:image\" content=\"https:\/\/sales-ai-agents.com\/wp-content\/uploads\/2023\/01\/image-preview120252.png\" \/>\n\t<meta property=\"og:image:width\" content=\"1078\" \/>\n\t<meta property=\"og:image:height\" content=\"858\" \/>\n\t<meta property=\"og:image:type\" content=\"image\/png\" \/>\n<meta name=\"twitter:card\" content=\"summary_large_image\" \/>\n<script type=\"application\/ld+json\" class=\"yoast-schema-graph\">{\"@context\":\"https:\/\/schema.org\",\"@graph\":[{\"@type\":\"WebPage\",\"@id\":\"https:\/\/sales-ai-agents.com\/tr\/templates\/workout-records\/\",\"url\":\"https:\/\/sales-ai-agents.com\/tr\/templates\/workout-records\/\",\"name\":\"Egzersiz Kay\u0131tlar\u0131 \u200d\ufe0f\u015eablon - Sales AI Agents\",\"isPartOf\":{\"@id\":\"https:\/\/sales-ai-agents.com\/#website\"},\"primaryImageOfPage\":{\"@id\":\"https:\/\/sales-ai-agents.com\/tr\/templates\/workout-records\/#primaryimage\"},\"image\":{\"@id\":\"https:\/\/sales-ai-agents.com\/tr\/templates\/workout-records\/#primaryimage\"},\"thumbnailUrl\":\"https:\/\/sales-ai-agents.com\/wp-content\/uploads\/2023\/01\/image-preview120252.png\",\"datePublished\":\"2022-09-26T12:24:08+00:00\",\"dateModified\":\"2024-01-02T13:03:56+00:00\",\"description\":\"Egzersiz kay\u0131tlar\u0131 i\u00e7in bu \u00fccretsiz \u00f6zelle\u015ftirilebilir \u015fablonu kullan\u0131n. A\u00e7\u0131klamalar, tekrarlar ve videolara ve ekran g\u00f6r\u00fcnt\u00fclerine ba\u011flant\u0131lar ekleyerek egzersiz rutinini kaydedin.\",\"inLanguage\":\"tr\",\"potentialAction\":[{\"@type\":\"ReadAction\",\"target\":[\"https:\/\/sales-ai-agents.com\/tr\/templates\/workout-records\/\"]}]},{\"@type\":\"ImageObject\",\"inLanguage\":\"tr\",\"@id\":\"https:\/\/sales-ai-agents.com\/tr\/templates\/workout-records\/#primaryimage\",\"url\":\"https:\/\/sales-ai-agents.com\/wp-content\/uploads\/2023\/01\/image-preview120252.png\",\"contentUrl\":\"https:\/\/sales-ai-agents.com\/wp-content\/uploads\/2023\/01\/image-preview120252.png\",\"width\":1078,\"height\":858},{\"@type\":\"WebSite\",\"@id\":\"https:\/\/sales-ai-agents.com\/#website\",\"url\":\"https:\/\/sales-ai-agents.com\/\",\"name\":\"FuseBase\",\"description\":\"Sales AI Agents - Free Online Collaboration Software for Remote Teams. Build your wikis, client portals and more with the Nimbus Platform collaboration tool ? A perfect space for online work\",\"publisher\":{\"@id\":\"https:\/\/sales-ai-agents.com\/#organization\"},\"potentialAction\":[{\"@type\":\"SearchAction\",\"target\":{\"@type\":\"EntryPoint\",\"urlTemplate\":\"https:\/\/sales-ai-agents.com\/?s={search_term_string}\"},\"query-input\":{\"@type\":\"PropertyValueSpecification\",\"valueRequired\":true,\"valueName\":\"search_term_string\"}}],\"inLanguage\":\"tr\"},{\"@type\":\"Organization\",\"@id\":\"https:\/\/sales-ai-agents.com\/#organization\",\"name\":\"FuseBase\",\"url\":\"https:\/\/sales-ai-agents.com\/\",\"logo\":{\"@type\":\"ImageObject\",\"inLanguage\":\"tr\",\"@id\":\"https:\/\/sales-ai-agents.com\/#\/schema\/logo\/image\/\",\"url\":\"https:\/\/sales-ai-agents.com\/wp-content\/uploads\/2023\/11\/icon-7.svg\",\"contentUrl\":\"https:\/\/sales-ai-agents.com\/wp-content\/uploads\/2023\/11\/icon-7.svg\",\"width\":128,\"height\":128,\"caption\":\"FuseBase\"},\"image\":{\"@id\":\"https:\/\/sales-ai-agents.com\/#\/schema\/logo\/image\/\"}}]}<\/script>\n<!-- \/ Yoast SEO plugin. -->","yoast_head_json":{"title":"Egzersiz Kay\u0131tlar\u0131 \u200d\ufe0f\u015eablon - Sales AI Agents","description":"Egzersiz kay\u0131tlar\u0131 i\u00e7in bu \u00fccretsiz \u00f6zelle\u015ftirilebilir \u015fablonu kullan\u0131n. A\u00e7\u0131klamalar, tekrarlar ve videolara ve ekran g\u00f6r\u00fcnt\u00fclerine ba\u011flant\u0131lar ekleyerek egzersiz rutinini kaydedin.","robots":{"index":"index","follow":"follow","max-snippet":"max-snippet:-1","max-image-preview":"max-image-preview:large","max-video-preview":"max-video-preview:-1"},"canonical":"https:\/\/sales-ai-agents.com\/tr\/templates\/workout-records\/","og_locale":"tr_TR","og_type":"article","og_title":"Egzersiz Kay\u0131tlar\u0131 \u200d\ufe0f\u015eablon - Sales AI Agents","og_description":"Egzersiz kay\u0131tlar\u0131 i\u00e7in bu \u00fccretsiz \u00f6zelle\u015ftirilebilir \u015fablonu kullan\u0131n. A\u00e7\u0131klamalar, tekrarlar ve videolara ve ekran g\u00f6r\u00fcnt\u00fclerine ba\u011flant\u0131lar ekleyerek egzersiz rutinini kaydedin.","og_url":"https:\/\/sales-ai-agents.com\/tr\/templates\/workout-records\/","og_site_name":"Sales AI Agents","article_modified_time":"2024-01-02T13:03:56+00:00","og_image":[{"width":1078,"height":858,"url":"https:\/\/sales-ai-agents.com\/wp-content\/uploads\/2023\/01\/image-preview120252.png","type":"image\/png"}],"twitter_card":"summary_large_image","schema":{"@context":"https:\/\/schema.org","@graph":[{"@type":"WebPage","@id":"https:\/\/sales-ai-agents.com\/tr\/templates\/workout-records\/","url":"https:\/\/sales-ai-agents.com\/tr\/templates\/workout-records\/","name":"Egzersiz Kay\u0131tlar\u0131 \u200d\ufe0f\u015eablon - Sales AI Agents","isPartOf":{"@id":"https:\/\/sales-ai-agents.com\/#website"},"primaryImageOfPage":{"@id":"https:\/\/sales-ai-agents.com\/tr\/templates\/workout-records\/#primaryimage"},"image":{"@id":"https:\/\/sales-ai-agents.com\/tr\/templates\/workout-records\/#primaryimage"},"thumbnailUrl":"https:\/\/sales-ai-agents.com\/wp-content\/uploads\/2023\/01\/image-preview120252.png","datePublished":"2022-09-26T12:24:08+00:00","dateModified":"2024-01-02T13:03:56+00:00","description":"Egzersiz kay\u0131tlar\u0131 i\u00e7in bu \u00fccretsiz \u00f6zelle\u015ftirilebilir \u015fablonu kullan\u0131n. A\u00e7\u0131klamalar, tekrarlar ve videolara ve ekran g\u00f6r\u00fcnt\u00fclerine ba\u011flant\u0131lar ekleyerek egzersiz rutinini kaydedin.","inLanguage":"tr","potentialAction":[{"@type":"ReadAction","target":["https:\/\/sales-ai-agents.com\/tr\/templates\/workout-records\/"]}]},{"@type":"ImageObject","inLanguage":"tr","@id":"https:\/\/sales-ai-agents.com\/tr\/templates\/workout-records\/#primaryimage","url":"https:\/\/sales-ai-agents.com\/wp-content\/uploads\/2023\/01\/image-preview120252.png","contentUrl":"https:\/\/sales-ai-agents.com\/wp-content\/uploads\/2023\/01\/image-preview120252.png","width":1078,"height":858},{"@type":"WebSite","@id":"https:\/\/sales-ai-agents.com\/#website","url":"https:\/\/sales-ai-agents.com\/","name":"FuseBase","description":"Sales AI Agents - Free Online Collaboration Software for Remote Teams. Build your wikis, client portals and more with the Nimbus Platform collaboration tool ? A perfect space for online work","publisher":{"@id":"https:\/\/sales-ai-agents.com\/#organization"},"potentialAction":[{"@type":"SearchAction","target":{"@type":"EntryPoint","urlTemplate":"https:\/\/sales-ai-agents.com\/?s={search_term_string}"},"query-input":{"@type":"PropertyValueSpecification","valueRequired":true,"valueName":"search_term_string"}}],"inLanguage":"tr"},{"@type":"Organization","@id":"https:\/\/sales-ai-agents.com\/#organization","name":"FuseBase","url":"https:\/\/sales-ai-agents.com\/","logo":{"@type":"ImageObject","inLanguage":"tr","@id":"https:\/\/sales-ai-agents.com\/#\/schema\/logo\/image\/","url":"https:\/\/sales-ai-agents.com\/wp-content\/uploads\/2023\/11\/icon-7.svg","contentUrl":"https:\/\/sales-ai-agents.com\/wp-content\/uploads\/2023\/11\/icon-7.svg","width":128,"height":128,"caption":"FuseBase"},"image":{"@id":"https:\/\/sales-ai-agents.com\/#\/schema\/logo\/image\/"}}]}},"_links":{"self":[{"href":"https:\/\/sales-ai-agents.com\/tr\/wp-json\/wp\/v2\/product\/55646","targetHints":{"allow":["GET"]}}],"collection":[{"href":"https:\/\/sales-ai-agents.com\/tr\/wp-json\/wp\/v2\/product"}],"about":[{"href":"https:\/\/sales-ai-agents.com\/tr\/wp-json\/wp\/v2\/types\/product"}],"wp:featuredmedia":[{"embeddable":true,"href":"https:\/\/sales-ai-agents.com\/tr\/wp-json\/wp\/v2\/media\/55647"}],"wp:attachment":[{"href":"https:\/\/sales-ai-agents.com\/tr\/wp-json\/wp\/v2\/media?parent=55646"}],"wp:term":[{"taxonomy":"product_brand","embeddable":true,"href":"https:\/\/sales-ai-agents.com\/tr\/wp-json\/wp\/v2\/product_brand?post=55646"},{"taxonomy":"product_cat","embeddable":true,"href":"https:\/\/sales-ai-agents.com\/tr\/wp-json\/wp\/v2\/product_cat?post=55646"},{"taxonomy":"product_tag","embeddable":true,"href":"https:\/\/sales-ai-agents.com\/tr\/wp-json\/wp\/v2\/product_tag?post=55646"}],"curies":[{"name":"wp","href":"https:\/\/api.w.org\/{rel}","templated":true}]}}