{"id":55650,"date":"2022-09-26T12:24:05","date_gmt":"2022-09-26T12:24:05","guid":{"rendered":"https:\/\/sales-ai-agents.com\/templates\/project-details\/"},"modified":"2024-01-02T13:26:23","modified_gmt":"2024-01-02T13:26:23","slug":"project-details","status":"publish","type":"product","link":"https:\/\/sales-ai-agents.com\/tr\/templates\/project-details\/","title":{"rendered":"Proje Detaylar\u0131"},"content":{"rendered":"<p>&nbsp;<\/p>\n<h2>Proje Detaylar\u0131 \u015eablonu<\/h2>\n<p class=\"desc-text\">Bu proje planlama \u015fablonu ile t\u00fcm \u00f6nemli ad\u0131mlar\u0131n\u0131z\u0131 tek bir yerde d\u00fczenleyebilirsiniz. Projenizi ve tamamlanmas\u0131 gereken belirli g\u00f6revleri tan\u0131mlay\u0131n. Hedeflerinizi g\u00f6z \u00f6n\u00fcnde bulundurarak \u00e7al\u0131\u015f\u0131n. Son teslim tarihlerine dikkat ederek ekibinizi y\u00f6netin ve g\u00f6revlerinizi \u00f6nceliklendirin. Daha fazlas\u0131n\u0131 yapabilmeniz i\u00e7in ekibinizi g\u00fcncel tutun.<\/p>\n<h5>Nas\u0131l kullan\u0131l\u0131r?<\/h5>\n<ul class=\"desc-item_list\">\n<li class=\"desc-item_list__point\">Hedeflerinizi belirleyin<\/li>\n<li class=\"desc-item_list__point\">Projenizdeki \u00f6nemli ad\u0131mlar\u0131 listeleyin<\/li>\n<li class=\"desc-item_list__point\">Her ekip \u00fcyesine i\u015f atay\u0131n<\/li>\n<li class=\"desc-item_list__point\">Son tarihleri ekleyin ve ilerledik\u00e7e durumu g\u00fcncelleyin<\/li>\n<li class=\"desc-item_list__point\">Toplant\u0131larda konular\u0131 tart\u0131\u015f\u0131n ve notlar\u0131 kaydedin<\/li>\n<li class=\"desc-item_list__point\">Yap\u0131lmas\u0131 gereken \u00f6nemli eylemler i\u00e7in hat\u0131rlat\u0131c\u0131lar olu\u015fturun<\/li>\n<\/ul>\n","protected":false},"excerpt":{"rendered":"<p>Bu \u00fccretsiz \u00f6zelle\u015ftirilebilir proje planlama \u015fablonu ile t\u00fcm \u00f6nemli ad\u0131mlar\u0131n\u0131z\u0131 tek bir yerde d\u00fczenleyebilirsiniz. Projenizi ve tamamlanmas\u0131 gereken belirli g\u00f6revleri tan\u0131mlay\u0131n.<\/p>\n","protected":false},"featured_media":55651,"template":"","meta":{"_acf_changed":false,"inline_featured_image":false},"product_brand":[],"product_cat":[231,252,253],"product_tag":[],"class_list":{"0":"post-55650","1":"product","2":"type-product","3":"status-publish","4":"has-post-thumbnail","6":"product_cat-project-management","7":"product_cat-product","8":"product_cat-product-documents","10":"first","11":"instock","12":"virtual","13":"sold-individually","14":"product-type-simple"},"acf":[],"yoast_head":"<!-- This site is optimized with the Yoast SEO plugin v25.3.1 - https:\/\/yoast.com\/wordpress\/plugins\/seo\/ -->\n<title>Proje Detaylar\u0131 \u015eablonu - Sales AI Agents<\/title>\n<meta name=\"description\" content=\"Bu \u00fccretsiz \u00f6zelle\u015ftirilebilir proje planlama \u015fablonu ile t\u00fcm \u00f6nemli ad\u0131mlar\u0131n\u0131z\u0131 tek bir yerde d\u00fczenleyebilirsiniz. Projenizi ve tamamlanmas\u0131 gereken belirli g\u00f6revleri tan\u0131mlay\u0131n.\" \/>\n<meta name=\"robots\" content=\"index, follow, max-snippet:-1, max-image-preview:large, max-video-preview:-1\" \/>\n<link rel=\"canonical\" href=\"https:\/\/sales-ai-agents.com\/tr\/templates\/project-details\/\" \/>\n<meta property=\"og:locale\" content=\"tr_TR\" \/>\n<meta property=\"og:type\" content=\"article\" \/>\n<meta property=\"og:title\" content=\"Proje Detaylar\u0131 \u015eablonu - Sales AI Agents\" \/>\n<meta property=\"og:description\" content=\"Bu \u00fccretsiz \u00f6zelle\u015ftirilebilir proje planlama \u015fablonu ile t\u00fcm \u00f6nemli ad\u0131mlar\u0131n\u0131z\u0131 tek bir yerde d\u00fczenleyebilirsiniz. Projenizi ve tamamlanmas\u0131 gereken belirli g\u00f6revleri tan\u0131mlay\u0131n.\" \/>\n<meta property=\"og:url\" content=\"https:\/\/sales-ai-agents.com\/tr\/templates\/project-details\/\" \/>\n<meta property=\"og:site_name\" content=\"Sales AI Agents\" \/>\n<meta property=\"article:modified_time\" content=\"2024-01-02T13:26:23+00:00\" \/>\n<meta property=\"og:image\" content=\"https:\/\/sales-ai-agents.com\/wp-content\/uploads\/2022\/09\/Project-Details-Template.png\" \/>\n\t<meta property=\"og:image:width\" content=\"1700\" \/>\n\t<meta property=\"og:image:height\" content=\"1100\" \/>\n\t<meta property=\"og:image:type\" content=\"image\/png\" \/>\n<meta name=\"twitter:card\" content=\"summary_large_image\" \/>\n<script type=\"application\/ld+json\" class=\"yoast-schema-graph\">{\"@context\":\"https:\/\/schema.org\",\"@graph\":[{\"@type\":\"WebPage\",\"@id\":\"https:\/\/sales-ai-agents.com\/tr\/templates\/project-details\/\",\"url\":\"https:\/\/sales-ai-agents.com\/tr\/templates\/project-details\/\",\"name\":\"Proje Detaylar\u0131 \u015eablonu - Sales AI Agents\",\"isPartOf\":{\"@id\":\"https:\/\/sales-ai-agents.com\/#website\"},\"primaryImageOfPage\":{\"@id\":\"https:\/\/sales-ai-agents.com\/tr\/templates\/project-details\/#primaryimage\"},\"image\":{\"@id\":\"https:\/\/sales-ai-agents.com\/tr\/templates\/project-details\/#primaryimage\"},\"thumbnailUrl\":\"https:\/\/sales-ai-agents.com\/wp-content\/uploads\/2022\/09\/Project-Details-Template.png\",\"datePublished\":\"2022-09-26T12:24:05+00:00\",\"dateModified\":\"2024-01-02T13:26:23+00:00\",\"description\":\"Bu \u00fccretsiz \u00f6zelle\u015ftirilebilir proje planlama \u015fablonu ile t\u00fcm \u00f6nemli ad\u0131mlar\u0131n\u0131z\u0131 tek bir yerde d\u00fczenleyebilirsiniz. Projenizi ve tamamlanmas\u0131 gereken belirli g\u00f6revleri tan\u0131mlay\u0131n.\",\"inLanguage\":\"tr\",\"potentialAction\":[{\"@type\":\"ReadAction\",\"target\":[\"https:\/\/sales-ai-agents.com\/tr\/templates\/project-details\/\"]}]},{\"@type\":\"ImageObject\",\"inLanguage\":\"tr\",\"@id\":\"https:\/\/sales-ai-agents.com\/tr\/templates\/project-details\/#primaryimage\",\"url\":\"https:\/\/sales-ai-agents.com\/wp-content\/uploads\/2022\/09\/Project-Details-Template.png\",\"contentUrl\":\"https:\/\/sales-ai-agents.com\/wp-content\/uploads\/2022\/09\/Project-Details-Template.png\",\"width\":1700,\"height\":1100},{\"@type\":\"WebSite\",\"@id\":\"https:\/\/sales-ai-agents.com\/#website\",\"url\":\"https:\/\/sales-ai-agents.com\/\",\"name\":\"FuseBase\",\"description\":\"Sales AI Agents - Free Online Collaboration Software for Remote Teams. Build your wikis, client portals and more with the Nimbus Platform collaboration tool ? A perfect space for online work\",\"publisher\":{\"@id\":\"https:\/\/sales-ai-agents.com\/#organization\"},\"potentialAction\":[{\"@type\":\"SearchAction\",\"target\":{\"@type\":\"EntryPoint\",\"urlTemplate\":\"https:\/\/sales-ai-agents.com\/?s={search_term_string}\"},\"query-input\":{\"@type\":\"PropertyValueSpecification\",\"valueRequired\":true,\"valueName\":\"search_term_string\"}}],\"inLanguage\":\"tr\"},{\"@type\":\"Organization\",\"@id\":\"https:\/\/sales-ai-agents.com\/#organization\",\"name\":\"FuseBase\",\"url\":\"https:\/\/sales-ai-agents.com\/\",\"logo\":{\"@type\":\"ImageObject\",\"inLanguage\":\"tr\",\"@id\":\"https:\/\/sales-ai-agents.com\/#\/schema\/logo\/image\/\",\"url\":\"https:\/\/sales-ai-agents.com\/wp-content\/uploads\/2023\/11\/icon-7.svg\",\"contentUrl\":\"https:\/\/sales-ai-agents.com\/wp-content\/uploads\/2023\/11\/icon-7.svg\",\"width\":128,\"height\":128,\"caption\":\"FuseBase\"},\"image\":{\"@id\":\"https:\/\/sales-ai-agents.com\/#\/schema\/logo\/image\/\"}}]}<\/script>\n<!-- \/ Yoast SEO plugin. -->","yoast_head_json":{"title":"Proje Detaylar\u0131 \u015eablonu - Sales AI Agents","description":"Bu \u00fccretsiz \u00f6zelle\u015ftirilebilir proje planlama \u015fablonu ile t\u00fcm \u00f6nemli ad\u0131mlar\u0131n\u0131z\u0131 tek bir yerde d\u00fczenleyebilirsiniz. Projenizi ve tamamlanmas\u0131 gereken belirli g\u00f6revleri tan\u0131mlay\u0131n.","robots":{"index":"index","follow":"follow","max-snippet":"max-snippet:-1","max-image-preview":"max-image-preview:large","max-video-preview":"max-video-preview:-1"},"canonical":"https:\/\/sales-ai-agents.com\/tr\/templates\/project-details\/","og_locale":"tr_TR","og_type":"article","og_title":"Proje Detaylar\u0131 \u015eablonu - Sales AI Agents","og_description":"Bu \u00fccretsiz \u00f6zelle\u015ftirilebilir proje planlama \u015fablonu ile t\u00fcm \u00f6nemli ad\u0131mlar\u0131n\u0131z\u0131 tek bir yerde d\u00fczenleyebilirsiniz. Projenizi ve tamamlanmas\u0131 gereken belirli g\u00f6revleri tan\u0131mlay\u0131n.","og_url":"https:\/\/sales-ai-agents.com\/tr\/templates\/project-details\/","og_site_name":"Sales AI Agents","article_modified_time":"2024-01-02T13:26:23+00:00","og_image":[{"width":1700,"height":1100,"url":"https:\/\/sales-ai-agents.com\/wp-content\/uploads\/2022\/09\/Project-Details-Template.png","type":"image\/png"}],"twitter_card":"summary_large_image","schema":{"@context":"https:\/\/schema.org","@graph":[{"@type":"WebPage","@id":"https:\/\/sales-ai-agents.com\/tr\/templates\/project-details\/","url":"https:\/\/sales-ai-agents.com\/tr\/templates\/project-details\/","name":"Proje Detaylar\u0131 \u015eablonu - Sales AI Agents","isPartOf":{"@id":"https:\/\/sales-ai-agents.com\/#website"},"primaryImageOfPage":{"@id":"https:\/\/sales-ai-agents.com\/tr\/templates\/project-details\/#primaryimage"},"image":{"@id":"https:\/\/sales-ai-agents.com\/tr\/templates\/project-details\/#primaryimage"},"thumbnailUrl":"https:\/\/sales-ai-agents.com\/wp-content\/uploads\/2022\/09\/Project-Details-Template.png","datePublished":"2022-09-26T12:24:05+00:00","dateModified":"2024-01-02T13:26:23+00:00","description":"Bu \u00fccretsiz \u00f6zelle\u015ftirilebilir proje planlama \u015fablonu ile t\u00fcm \u00f6nemli ad\u0131mlar\u0131n\u0131z\u0131 tek bir yerde d\u00fczenleyebilirsiniz. Projenizi ve tamamlanmas\u0131 gereken belirli g\u00f6revleri tan\u0131mlay\u0131n.","inLanguage":"tr","potentialAction":[{"@type":"ReadAction","target":["https:\/\/sales-ai-agents.com\/tr\/templates\/project-details\/"]}]},{"@type":"ImageObject","inLanguage":"tr","@id":"https:\/\/sales-ai-agents.com\/tr\/templates\/project-details\/#primaryimage","url":"https:\/\/sales-ai-agents.com\/wp-content\/uploads\/2022\/09\/Project-Details-Template.png","contentUrl":"https:\/\/sales-ai-agents.com\/wp-content\/uploads\/2022\/09\/Project-Details-Template.png","width":1700,"height":1100},{"@type":"WebSite","@id":"https:\/\/sales-ai-agents.com\/#website","url":"https:\/\/sales-ai-agents.com\/","name":"FuseBase","description":"Sales AI Agents - Free Online Collaboration Software for Remote Teams. Build your wikis, client portals and more with the Nimbus Platform collaboration tool ? A perfect space for online work","publisher":{"@id":"https:\/\/sales-ai-agents.com\/#organization"},"potentialAction":[{"@type":"SearchAction","target":{"@type":"EntryPoint","urlTemplate":"https:\/\/sales-ai-agents.com\/?s={search_term_string}"},"query-input":{"@type":"PropertyValueSpecification","valueRequired":true,"valueName":"search_term_string"}}],"inLanguage":"tr"},{"@type":"Organization","@id":"https:\/\/sales-ai-agents.com\/#organization","name":"FuseBase","url":"https:\/\/sales-ai-agents.com\/","logo":{"@type":"ImageObject","inLanguage":"tr","@id":"https:\/\/sales-ai-agents.com\/#\/schema\/logo\/image\/","url":"https:\/\/sales-ai-agents.com\/wp-content\/uploads\/2023\/11\/icon-7.svg","contentUrl":"https:\/\/sales-ai-agents.com\/wp-content\/uploads\/2023\/11\/icon-7.svg","width":128,"height":128,"caption":"FuseBase"},"image":{"@id":"https:\/\/sales-ai-agents.com\/#\/schema\/logo\/image\/"}}]}},"_links":{"self":[{"href":"https:\/\/sales-ai-agents.com\/tr\/wp-json\/wp\/v2\/product\/55650","targetHints":{"allow":["GET"]}}],"collection":[{"href":"https:\/\/sales-ai-agents.com\/tr\/wp-json\/wp\/v2\/product"}],"about":[{"href":"https:\/\/sales-ai-agents.com\/tr\/wp-json\/wp\/v2\/types\/product"}],"wp:featuredmedia":[{"embeddable":true,"href":"https:\/\/sales-ai-agents.com\/tr\/wp-json\/wp\/v2\/media\/55651"}],"wp:attachment":[{"href":"https:\/\/sales-ai-agents.com\/tr\/wp-json\/wp\/v2\/media?parent=55650"}],"wp:term":[{"taxonomy":"product_brand","embeddable":true,"href":"https:\/\/sales-ai-agents.com\/tr\/wp-json\/wp\/v2\/product_brand?post=55650"},{"taxonomy":"product_cat","embeddable":true,"href":"https:\/\/sales-ai-agents.com\/tr\/wp-json\/wp\/v2\/product_cat?post=55650"},{"taxonomy":"product_tag","embeddable":true,"href":"https:\/\/sales-ai-agents.com\/tr\/wp-json\/wp\/v2\/product_tag?post=55650"}],"curies":[{"name":"wp","href":"https:\/\/api.w.org\/{rel}","templated":true}]}}