{"id":55655,"date":"2022-09-26T12:24:02","date_gmt":"2022-09-26T12:24:02","guid":{"rendered":"https:\/\/sales-ai-agents.com\/templates\/features-release\/"},"modified":"2024-01-02T13:16:39","modified_gmt":"2024-01-02T13:16:39","slug":"features-release","status":"publish","type":"product","link":"https:\/\/sales-ai-agents.com\/tr\/templates\/features-release\/","title":{"rendered":"\u00d6zellikler Yay\u0131n"},"content":{"rendered":"<p>&nbsp;<\/p>\n<h2>\u00d6zellikler Yay\u0131n \u015eablonu<\/h2>\n<p class=\"desc-text\">\u00c7eyrek, ay ve haftaya g\u00f6re yap\u0131land\u0131r\u0131lm\u0131\u015f bir tablo i\u00e7eren bu \u015fablonla \u00f6zellik s\u00fcr\u00fcmlerini zahmetsizce g\u00f6rselle\u015ftirin. Tablodaki kutular ilerlemeyi g\u00f6stermek i\u00e7in renklendirilebilir, b\u00f6ylece nerede oldu\u011funuzu h\u0131zl\u0131 bir \u015fekilde g\u00f6rebilirsiniz. Ekibinizle payla\u015f\u0131n, b\u00f6ylece herkes ilerleme ve zaman \u00e7izelgelerinden haberdar olsun.<\/p>\n<h5>Nas\u0131l kullan\u0131l\u0131r?<\/h5>\n<ul class=\"desc-item_list\">\n<li class=\"desc-item_list__point\">Tablodaki \u00f6zellikleri listeleyin<\/li>\n<li class=\"desc-item_list__point\">Ekibinizle birlikte bir takvim planlay\u0131n<\/li>\n<li class=\"desc-item_list__point\">Yay\u0131n haftas\u0131n\u0131 g\u00f6stermek i\u00e7in her bir blo\u011fu doldurun<\/li>\n<li class=\"desc-item_list__point\">T\u00fcm ekibinize eri\u015fim sa\u011flay\u0131n<\/li>\n<\/ul>\n","protected":false},"excerpt":{"rendered":"<p>\u00c7eyrek, ay ve haftaya g\u00f6re yap\u0131land\u0131r\u0131lm\u0131\u015f bir tablo i\u00e7eren bu \u00fccretsiz \u00f6zelle\u015ftirilebilir \u015fablon ile gelecekteki \u00f6zellik s\u00fcr\u00fcmlerinizi zahmetsizce g\u00f6rselle\u015ftirin.<\/p>\n","protected":false},"featured_media":55656,"template":"","meta":{"_acf_changed":false,"inline_featured_image":false},"product_brand":[],"product_cat":[231,252],"product_tag":[],"class_list":{"0":"post-55655","1":"product","2":"type-product","3":"status-publish","4":"has-post-thumbnail","6":"product_cat-project-management","7":"product_cat-product","9":"first","10":"instock","11":"virtual","12":"sold-individually","13":"product-type-simple"},"acf":[],"yoast_head":"<!-- This site is optimized with the Yoast SEO plugin v25.3.1 - https:\/\/yoast.com\/wordpress\/plugins\/seo\/ -->\n<title>\u00d6zellikler Yay\u0131n \u015eablonu - Sales AI Agents<\/title>\n<meta name=\"description\" content=\"\u00c7eyrek, ay ve haftaya g\u00f6re yap\u0131land\u0131r\u0131lm\u0131\u015f bir tablo i\u00e7eren bu \u00fccretsiz \u00f6zelle\u015ftirilebilir \u015fablon ile gelecekteki \u00f6zellik s\u00fcr\u00fcmlerinizi zahmetsizce g\u00f6rselle\u015ftirin.\" \/>\n<meta name=\"robots\" content=\"index, follow, max-snippet:-1, max-image-preview:large, max-video-preview:-1\" \/>\n<link rel=\"canonical\" href=\"https:\/\/sales-ai-agents.com\/tr\/templates\/features-release\/\" \/>\n<meta property=\"og:locale\" content=\"tr_TR\" \/>\n<meta property=\"og:type\" content=\"article\" \/>\n<meta property=\"og:title\" content=\"\u00d6zellikler Yay\u0131n \u015eablonu - Sales AI Agents\" \/>\n<meta property=\"og:description\" content=\"\u00c7eyrek, ay ve haftaya g\u00f6re yap\u0131land\u0131r\u0131lm\u0131\u015f bir tablo i\u00e7eren bu \u00fccretsiz \u00f6zelle\u015ftirilebilir \u015fablon ile gelecekteki \u00f6zellik s\u00fcr\u00fcmlerinizi zahmetsizce g\u00f6rselle\u015ftirin.\" \/>\n<meta property=\"og:url\" content=\"https:\/\/sales-ai-agents.com\/tr\/templates\/features-release\/\" \/>\n<meta property=\"og:site_name\" content=\"Sales AI Agents\" \/>\n<meta property=\"article:modified_time\" content=\"2024-01-02T13:16:39+00:00\" \/>\n<meta property=\"og:image\" content=\"https:\/\/sales-ai-agents.com\/wp-content\/uploads\/2023\/01\/image-preview120146.png\" \/>\n\t<meta property=\"og:image:width\" content=\"1078\" \/>\n\t<meta property=\"og:image:height\" content=\"760\" \/>\n\t<meta property=\"og:image:type\" content=\"image\/png\" \/>\n<meta name=\"twitter:card\" content=\"summary_large_image\" \/>\n<script type=\"application\/ld+json\" class=\"yoast-schema-graph\">{\"@context\":\"https:\/\/schema.org\",\"@graph\":[{\"@type\":\"WebPage\",\"@id\":\"https:\/\/sales-ai-agents.com\/tr\/templates\/features-release\/\",\"url\":\"https:\/\/sales-ai-agents.com\/tr\/templates\/features-release\/\",\"name\":\"\u00d6zellikler Yay\u0131n \u015eablonu - Sales AI Agents\",\"isPartOf\":{\"@id\":\"https:\/\/sales-ai-agents.com\/#website\"},\"primaryImageOfPage\":{\"@id\":\"https:\/\/sales-ai-agents.com\/tr\/templates\/features-release\/#primaryimage\"},\"image\":{\"@id\":\"https:\/\/sales-ai-agents.com\/tr\/templates\/features-release\/#primaryimage\"},\"thumbnailUrl\":\"https:\/\/sales-ai-agents.com\/wp-content\/uploads\/2023\/01\/image-preview120146.png\",\"datePublished\":\"2022-09-26T12:24:02+00:00\",\"dateModified\":\"2024-01-02T13:16:39+00:00\",\"description\":\"\u00c7eyrek, ay ve haftaya g\u00f6re yap\u0131land\u0131r\u0131lm\u0131\u015f bir tablo i\u00e7eren bu \u00fccretsiz \u00f6zelle\u015ftirilebilir \u015fablon ile gelecekteki \u00f6zellik s\u00fcr\u00fcmlerinizi zahmetsizce g\u00f6rselle\u015ftirin.\",\"inLanguage\":\"tr\",\"potentialAction\":[{\"@type\":\"ReadAction\",\"target\":[\"https:\/\/sales-ai-agents.com\/tr\/templates\/features-release\/\"]}]},{\"@type\":\"ImageObject\",\"inLanguage\":\"tr\",\"@id\":\"https:\/\/sales-ai-agents.com\/tr\/templates\/features-release\/#primaryimage\",\"url\":\"https:\/\/sales-ai-agents.com\/wp-content\/uploads\/2023\/01\/image-preview120146.png\",\"contentUrl\":\"https:\/\/sales-ai-agents.com\/wp-content\/uploads\/2023\/01\/image-preview120146.png\",\"width\":1078,\"height\":760},{\"@type\":\"WebSite\",\"@id\":\"https:\/\/sales-ai-agents.com\/#website\",\"url\":\"https:\/\/sales-ai-agents.com\/\",\"name\":\"FuseBase\",\"description\":\"Sales AI Agents - Free Online Collaboration Software for Remote Teams. Build your wikis, client portals and more with the Nimbus Platform collaboration tool ? A perfect space for online work\",\"publisher\":{\"@id\":\"https:\/\/sales-ai-agents.com\/#organization\"},\"potentialAction\":[{\"@type\":\"SearchAction\",\"target\":{\"@type\":\"EntryPoint\",\"urlTemplate\":\"https:\/\/sales-ai-agents.com\/?s={search_term_string}\"},\"query-input\":{\"@type\":\"PropertyValueSpecification\",\"valueRequired\":true,\"valueName\":\"search_term_string\"}}],\"inLanguage\":\"tr\"},{\"@type\":\"Organization\",\"@id\":\"https:\/\/sales-ai-agents.com\/#organization\",\"name\":\"FuseBase\",\"url\":\"https:\/\/sales-ai-agents.com\/\",\"logo\":{\"@type\":\"ImageObject\",\"inLanguage\":\"tr\",\"@id\":\"https:\/\/sales-ai-agents.com\/#\/schema\/logo\/image\/\",\"url\":\"https:\/\/sales-ai-agents.com\/wp-content\/uploads\/2023\/11\/icon-7.svg\",\"contentUrl\":\"https:\/\/sales-ai-agents.com\/wp-content\/uploads\/2023\/11\/icon-7.svg\",\"width\":128,\"height\":128,\"caption\":\"FuseBase\"},\"image\":{\"@id\":\"https:\/\/sales-ai-agents.com\/#\/schema\/logo\/image\/\"}}]}<\/script>\n<!-- \/ Yoast SEO plugin. -->","yoast_head_json":{"title":"\u00d6zellikler Yay\u0131n \u015eablonu - Sales AI Agents","description":"\u00c7eyrek, ay ve haftaya g\u00f6re yap\u0131land\u0131r\u0131lm\u0131\u015f bir tablo i\u00e7eren bu \u00fccretsiz \u00f6zelle\u015ftirilebilir \u015fablon ile gelecekteki \u00f6zellik s\u00fcr\u00fcmlerinizi zahmetsizce g\u00f6rselle\u015ftirin.","robots":{"index":"index","follow":"follow","max-snippet":"max-snippet:-1","max-image-preview":"max-image-preview:large","max-video-preview":"max-video-preview:-1"},"canonical":"https:\/\/sales-ai-agents.com\/tr\/templates\/features-release\/","og_locale":"tr_TR","og_type":"article","og_title":"\u00d6zellikler Yay\u0131n \u015eablonu - Sales AI Agents","og_description":"\u00c7eyrek, ay ve haftaya g\u00f6re yap\u0131land\u0131r\u0131lm\u0131\u015f bir tablo i\u00e7eren bu \u00fccretsiz \u00f6zelle\u015ftirilebilir \u015fablon ile gelecekteki \u00f6zellik s\u00fcr\u00fcmlerinizi zahmetsizce g\u00f6rselle\u015ftirin.","og_url":"https:\/\/sales-ai-agents.com\/tr\/templates\/features-release\/","og_site_name":"Sales AI Agents","article_modified_time":"2024-01-02T13:16:39+00:00","og_image":[{"width":1078,"height":760,"url":"https:\/\/sales-ai-agents.com\/wp-content\/uploads\/2023\/01\/image-preview120146.png","type":"image\/png"}],"twitter_card":"summary_large_image","schema":{"@context":"https:\/\/schema.org","@graph":[{"@type":"WebPage","@id":"https:\/\/sales-ai-agents.com\/tr\/templates\/features-release\/","url":"https:\/\/sales-ai-agents.com\/tr\/templates\/features-release\/","name":"\u00d6zellikler Yay\u0131n \u015eablonu - Sales AI Agents","isPartOf":{"@id":"https:\/\/sales-ai-agents.com\/#website"},"primaryImageOfPage":{"@id":"https:\/\/sales-ai-agents.com\/tr\/templates\/features-release\/#primaryimage"},"image":{"@id":"https:\/\/sales-ai-agents.com\/tr\/templates\/features-release\/#primaryimage"},"thumbnailUrl":"https:\/\/sales-ai-agents.com\/wp-content\/uploads\/2023\/01\/image-preview120146.png","datePublished":"2022-09-26T12:24:02+00:00","dateModified":"2024-01-02T13:16:39+00:00","description":"\u00c7eyrek, ay ve haftaya g\u00f6re yap\u0131land\u0131r\u0131lm\u0131\u015f bir tablo i\u00e7eren bu \u00fccretsiz \u00f6zelle\u015ftirilebilir \u015fablon ile gelecekteki \u00f6zellik s\u00fcr\u00fcmlerinizi zahmetsizce g\u00f6rselle\u015ftirin.","inLanguage":"tr","potentialAction":[{"@type":"ReadAction","target":["https:\/\/sales-ai-agents.com\/tr\/templates\/features-release\/"]}]},{"@type":"ImageObject","inLanguage":"tr","@id":"https:\/\/sales-ai-agents.com\/tr\/templates\/features-release\/#primaryimage","url":"https:\/\/sales-ai-agents.com\/wp-content\/uploads\/2023\/01\/image-preview120146.png","contentUrl":"https:\/\/sales-ai-agents.com\/wp-content\/uploads\/2023\/01\/image-preview120146.png","width":1078,"height":760},{"@type":"WebSite","@id":"https:\/\/sales-ai-agents.com\/#website","url":"https:\/\/sales-ai-agents.com\/","name":"FuseBase","description":"Sales AI Agents - Free Online Collaboration Software for Remote Teams. Build your wikis, client portals and more with the Nimbus Platform collaboration tool ? A perfect space for online work","publisher":{"@id":"https:\/\/sales-ai-agents.com\/#organization"},"potentialAction":[{"@type":"SearchAction","target":{"@type":"EntryPoint","urlTemplate":"https:\/\/sales-ai-agents.com\/?s={search_term_string}"},"query-input":{"@type":"PropertyValueSpecification","valueRequired":true,"valueName":"search_term_string"}}],"inLanguage":"tr"},{"@type":"Organization","@id":"https:\/\/sales-ai-agents.com\/#organization","name":"FuseBase","url":"https:\/\/sales-ai-agents.com\/","logo":{"@type":"ImageObject","inLanguage":"tr","@id":"https:\/\/sales-ai-agents.com\/#\/schema\/logo\/image\/","url":"https:\/\/sales-ai-agents.com\/wp-content\/uploads\/2023\/11\/icon-7.svg","contentUrl":"https:\/\/sales-ai-agents.com\/wp-content\/uploads\/2023\/11\/icon-7.svg","width":128,"height":128,"caption":"FuseBase"},"image":{"@id":"https:\/\/sales-ai-agents.com\/#\/schema\/logo\/image\/"}}]}},"_links":{"self":[{"href":"https:\/\/sales-ai-agents.com\/tr\/wp-json\/wp\/v2\/product\/55655","targetHints":{"allow":["GET"]}}],"collection":[{"href":"https:\/\/sales-ai-agents.com\/tr\/wp-json\/wp\/v2\/product"}],"about":[{"href":"https:\/\/sales-ai-agents.com\/tr\/wp-json\/wp\/v2\/types\/product"}],"wp:featuredmedia":[{"embeddable":true,"href":"https:\/\/sales-ai-agents.com\/tr\/wp-json\/wp\/v2\/media\/55656"}],"wp:attachment":[{"href":"https:\/\/sales-ai-agents.com\/tr\/wp-json\/wp\/v2\/media?parent=55655"}],"wp:term":[{"taxonomy":"product_brand","embeddable":true,"href":"https:\/\/sales-ai-agents.com\/tr\/wp-json\/wp\/v2\/product_brand?post=55655"},{"taxonomy":"product_cat","embeddable":true,"href":"https:\/\/sales-ai-agents.com\/tr\/wp-json\/wp\/v2\/product_cat?post=55655"},{"taxonomy":"product_tag","embeddable":true,"href":"https:\/\/sales-ai-agents.com\/tr\/wp-json\/wp\/v2\/product_tag?post=55655"}],"curies":[{"name":"wp","href":"https:\/\/api.w.org\/{rel}","templated":true}]}}