{"id":55665,"date":"2022-09-26T12:23:51","date_gmt":"2022-09-26T12:23:51","guid":{"rendered":"https:\/\/sales-ai-agents.com\/templates\/interview-evaluation-questions\/"},"modified":"2024-01-02T11:27:05","modified_gmt":"2024-01-02T11:27:05","slug":"interview-evaluation-questions","status":"publish","type":"product","link":"https:\/\/sales-ai-agents.com\/tr\/templates\/interview-evaluation-questions\/","title":{"rendered":"M\u00fclakat De\u011ferlendirme Sorular\u0131"},"content":{"rendered":"<p>&nbsp;<\/p>\n<h2>M\u00fclakat De\u011ferlendirme Sorular\u0131 \u015eablonu<\/h2>\n<p class=\"desc-text\">M\u00fclakat de\u011ferlendirmeleri, bir aday\u0131n ekibiniz i\u00e7in do\u011fru olup olmad\u0131\u011f\u0131n\u0131 de\u011ferlendirmenize yard\u0131mc\u0131 olur. Bu \u015fablon, adaylar\u0131 tutarl\u0131 ve yap\u0131land\u0131r\u0131lm\u0131\u015f sorular ve kriterlere g\u00f6re de\u011ferlendirmenizi sa\u011flar. Do\u011fru sorular\u0131 sormak ve derecelendirme kararlar\u0131 i\u00e7in net bir gerek\u00e7e sunmak i\u00e7in g\u00f6r\u00fc\u015fmeler s\u0131ras\u0131nda bu belgeyi kullan\u0131n. M\u00fclakatlar\u0131 etkili bir \u015fekilde planlayarak, g\u00fcvenilir de\u011ferlendirme standartlar\u0131n\u0131 koruyabilir ve potansiyel i\u015fe al\u0131m \u00f6nyarg\u0131lar\u0131n\u0131 ortadan kald\u0131rabilirsiniz.<\/p>\n<h5>Nas\u0131l kullan\u0131l\u0131r?<\/h5>\n<ul class=\"desc-item_list\">\n<li class=\"desc-item_list__point\">M\u00fclakat sorular\u0131n\u0131 listeleyin<\/li>\n<li class=\"desc-item_list__point\">Her sorunun de\u011ferlendirdi\u011fi beceri ve alanlar\u0131 not edin<\/li>\n<li class=\"desc-item_list__point\">M\u00fclakat cevaplar\u0131 i\u00e7in bir puan verin<\/li>\n<li class=\"desc-item_list__point\">Aday\u0131n yetkinliklerini listeleyin<\/li>\n<li class=\"desc-item_list__point\">\u0130lgili notlar\u0131 ekleyin<\/li>\n<\/ul>\n","protected":false},"excerpt":{"rendered":"<p>Ekibiniz i\u00e7in do\u011fru aday\u0131 bulmak \u00fczere m\u00fclakat de\u011ferlendirmeleri olu\u015fturun. Bu \u015fablon, adaylar\u0131n tutarl\u0131 sorular ve kriterlere g\u00f6re se\u00e7ilmesine yard\u0131mc\u0131 olur.<\/p>\n","protected":false},"featured_media":55666,"template":"","meta":{"_acf_changed":false,"inline_featured_image":false},"product_brand":[],"product_cat":[217,218],"product_tag":[],"class_list":{"0":"post-55665","1":"product","2":"type-product","3":"status-publish","4":"has-post-thumbnail","6":"product_cat-entrepreneur","7":"product_cat-operations","9":"first","10":"instock","11":"virtual","12":"sold-individually","13":"product-type-simple"},"acf":[],"yoast_head":"<!-- This site is optimized with the Yoast SEO plugin v25.3.1 - https:\/\/yoast.com\/wordpress\/plugins\/seo\/ -->\n<title>M\u00fclakat De\u011ferlendirme Sorular\u0131 \u015eablonu - Sales AI Agents<\/title>\n<meta name=\"description\" content=\"Ekibiniz i\u00e7in do\u011fru aday\u0131 bulmak \u00fczere m\u00fclakat de\u011ferlendirmeleri olu\u015fturun. Bu \u015fablon, adaylar\u0131n tutarl\u0131 sorular ve kriterlere g\u00f6re se\u00e7ilmesine yard\u0131mc\u0131 olur!\" \/>\n<meta name=\"robots\" content=\"index, follow, max-snippet:-1, max-image-preview:large, max-video-preview:-1\" \/>\n<link rel=\"canonical\" href=\"https:\/\/sales-ai-agents.com\/tr\/templates\/interview-evaluation-questions\/\" \/>\n<meta property=\"og:locale\" content=\"tr_TR\" \/>\n<meta property=\"og:type\" content=\"article\" \/>\n<meta property=\"og:title\" content=\"M\u00fclakat De\u011ferlendirme Sorular\u0131 \u015eablonu - Sales AI Agents\" \/>\n<meta property=\"og:description\" content=\"Ekibiniz i\u00e7in do\u011fru aday\u0131 bulmak \u00fczere m\u00fclakat de\u011ferlendirmeleri olu\u015fturun. Bu \u015fablon, adaylar\u0131n tutarl\u0131 sorular ve kriterlere g\u00f6re se\u00e7ilmesine yard\u0131mc\u0131 olur!\" \/>\n<meta property=\"og:url\" content=\"https:\/\/sales-ai-agents.com\/tr\/templates\/interview-evaluation-questions\/\" \/>\n<meta property=\"og:site_name\" content=\"Sales AI Agents\" \/>\n<meta property=\"article:modified_time\" content=\"2024-01-02T11:27:05+00:00\" \/>\n<meta property=\"og:image\" content=\"https:\/\/sales-ai-agents.com\/wp-content\/uploads\/2023\/01\/image-preview120656.png\" \/>\n\t<meta property=\"og:image:width\" content=\"1078\" \/>\n\t<meta property=\"og:image:height\" content=\"760\" \/>\n\t<meta property=\"og:image:type\" content=\"image\/png\" \/>\n<meta name=\"twitter:card\" content=\"summary_large_image\" \/>\n<script type=\"application\/ld+json\" class=\"yoast-schema-graph\">{\"@context\":\"https:\/\/schema.org\",\"@graph\":[{\"@type\":\"WebPage\",\"@id\":\"https:\/\/sales-ai-agents.com\/tr\/templates\/interview-evaluation-questions\/\",\"url\":\"https:\/\/sales-ai-agents.com\/tr\/templates\/interview-evaluation-questions\/\",\"name\":\"M\u00fclakat De\u011ferlendirme Sorular\u0131 \u015eablonu - Sales AI Agents\",\"isPartOf\":{\"@id\":\"https:\/\/sales-ai-agents.com\/#website\"},\"primaryImageOfPage\":{\"@id\":\"https:\/\/sales-ai-agents.com\/tr\/templates\/interview-evaluation-questions\/#primaryimage\"},\"image\":{\"@id\":\"https:\/\/sales-ai-agents.com\/tr\/templates\/interview-evaluation-questions\/#primaryimage\"},\"thumbnailUrl\":\"https:\/\/sales-ai-agents.com\/wp-content\/uploads\/2023\/01\/image-preview120656.png\",\"datePublished\":\"2022-09-26T12:23:51+00:00\",\"dateModified\":\"2024-01-02T11:27:05+00:00\",\"description\":\"Ekibiniz i\u00e7in do\u011fru aday\u0131 bulmak \u00fczere m\u00fclakat de\u011ferlendirmeleri olu\u015fturun. Bu \u015fablon, adaylar\u0131n tutarl\u0131 sorular ve kriterlere g\u00f6re se\u00e7ilmesine yard\u0131mc\u0131 olur!\",\"inLanguage\":\"tr\",\"potentialAction\":[{\"@type\":\"ReadAction\",\"target\":[\"https:\/\/sales-ai-agents.com\/tr\/templates\/interview-evaluation-questions\/\"]}]},{\"@type\":\"ImageObject\",\"inLanguage\":\"tr\",\"@id\":\"https:\/\/sales-ai-agents.com\/tr\/templates\/interview-evaluation-questions\/#primaryimage\",\"url\":\"https:\/\/sales-ai-agents.com\/wp-content\/uploads\/2023\/01\/image-preview120656.png\",\"contentUrl\":\"https:\/\/sales-ai-agents.com\/wp-content\/uploads\/2023\/01\/image-preview120656.png\",\"width\":1078,\"height\":760},{\"@type\":\"WebSite\",\"@id\":\"https:\/\/sales-ai-agents.com\/#website\",\"url\":\"https:\/\/sales-ai-agents.com\/\",\"name\":\"FuseBase\",\"description\":\"Sales AI Agents - Free Online Collaboration Software for Remote Teams. Build your wikis, client portals and more with the Nimbus Platform collaboration tool ? A perfect space for online work\",\"publisher\":{\"@id\":\"https:\/\/sales-ai-agents.com\/#organization\"},\"potentialAction\":[{\"@type\":\"SearchAction\",\"target\":{\"@type\":\"EntryPoint\",\"urlTemplate\":\"https:\/\/sales-ai-agents.com\/?s={search_term_string}\"},\"query-input\":{\"@type\":\"PropertyValueSpecification\",\"valueRequired\":true,\"valueName\":\"search_term_string\"}}],\"inLanguage\":\"tr\"},{\"@type\":\"Organization\",\"@id\":\"https:\/\/sales-ai-agents.com\/#organization\",\"name\":\"FuseBase\",\"url\":\"https:\/\/sales-ai-agents.com\/\",\"logo\":{\"@type\":\"ImageObject\",\"inLanguage\":\"tr\",\"@id\":\"https:\/\/sales-ai-agents.com\/#\/schema\/logo\/image\/\",\"url\":\"https:\/\/sales-ai-agents.com\/wp-content\/uploads\/2023\/11\/icon-7.svg\",\"contentUrl\":\"https:\/\/sales-ai-agents.com\/wp-content\/uploads\/2023\/11\/icon-7.svg\",\"width\":128,\"height\":128,\"caption\":\"FuseBase\"},\"image\":{\"@id\":\"https:\/\/sales-ai-agents.com\/#\/schema\/logo\/image\/\"}}]}<\/script>\n<!-- \/ Yoast SEO plugin. -->","yoast_head_json":{"title":"M\u00fclakat De\u011ferlendirme Sorular\u0131 \u015eablonu - Sales AI Agents","description":"Ekibiniz i\u00e7in do\u011fru aday\u0131 bulmak \u00fczere m\u00fclakat de\u011ferlendirmeleri olu\u015fturun. Bu \u015fablon, adaylar\u0131n tutarl\u0131 sorular ve kriterlere g\u00f6re se\u00e7ilmesine yard\u0131mc\u0131 olur!","robots":{"index":"index","follow":"follow","max-snippet":"max-snippet:-1","max-image-preview":"max-image-preview:large","max-video-preview":"max-video-preview:-1"},"canonical":"https:\/\/sales-ai-agents.com\/tr\/templates\/interview-evaluation-questions\/","og_locale":"tr_TR","og_type":"article","og_title":"M\u00fclakat De\u011ferlendirme Sorular\u0131 \u015eablonu - Sales AI Agents","og_description":"Ekibiniz i\u00e7in do\u011fru aday\u0131 bulmak \u00fczere m\u00fclakat de\u011ferlendirmeleri olu\u015fturun. Bu \u015fablon, adaylar\u0131n tutarl\u0131 sorular ve kriterlere g\u00f6re se\u00e7ilmesine yard\u0131mc\u0131 olur!","og_url":"https:\/\/sales-ai-agents.com\/tr\/templates\/interview-evaluation-questions\/","og_site_name":"Sales AI Agents","article_modified_time":"2024-01-02T11:27:05+00:00","og_image":[{"width":1078,"height":760,"url":"https:\/\/sales-ai-agents.com\/wp-content\/uploads\/2023\/01\/image-preview120656.png","type":"image\/png"}],"twitter_card":"summary_large_image","schema":{"@context":"https:\/\/schema.org","@graph":[{"@type":"WebPage","@id":"https:\/\/sales-ai-agents.com\/tr\/templates\/interview-evaluation-questions\/","url":"https:\/\/sales-ai-agents.com\/tr\/templates\/interview-evaluation-questions\/","name":"M\u00fclakat De\u011ferlendirme Sorular\u0131 \u015eablonu - Sales AI Agents","isPartOf":{"@id":"https:\/\/sales-ai-agents.com\/#website"},"primaryImageOfPage":{"@id":"https:\/\/sales-ai-agents.com\/tr\/templates\/interview-evaluation-questions\/#primaryimage"},"image":{"@id":"https:\/\/sales-ai-agents.com\/tr\/templates\/interview-evaluation-questions\/#primaryimage"},"thumbnailUrl":"https:\/\/sales-ai-agents.com\/wp-content\/uploads\/2023\/01\/image-preview120656.png","datePublished":"2022-09-26T12:23:51+00:00","dateModified":"2024-01-02T11:27:05+00:00","description":"Ekibiniz i\u00e7in do\u011fru aday\u0131 bulmak \u00fczere m\u00fclakat de\u011ferlendirmeleri olu\u015fturun. Bu \u015fablon, adaylar\u0131n tutarl\u0131 sorular ve kriterlere g\u00f6re se\u00e7ilmesine yard\u0131mc\u0131 olur!","inLanguage":"tr","potentialAction":[{"@type":"ReadAction","target":["https:\/\/sales-ai-agents.com\/tr\/templates\/interview-evaluation-questions\/"]}]},{"@type":"ImageObject","inLanguage":"tr","@id":"https:\/\/sales-ai-agents.com\/tr\/templates\/interview-evaluation-questions\/#primaryimage","url":"https:\/\/sales-ai-agents.com\/wp-content\/uploads\/2023\/01\/image-preview120656.png","contentUrl":"https:\/\/sales-ai-agents.com\/wp-content\/uploads\/2023\/01\/image-preview120656.png","width":1078,"height":760},{"@type":"WebSite","@id":"https:\/\/sales-ai-agents.com\/#website","url":"https:\/\/sales-ai-agents.com\/","name":"FuseBase","description":"Sales AI Agents - Free Online Collaboration Software for Remote Teams. Build your wikis, client portals and more with the Nimbus Platform collaboration tool ? A perfect space for online work","publisher":{"@id":"https:\/\/sales-ai-agents.com\/#organization"},"potentialAction":[{"@type":"SearchAction","target":{"@type":"EntryPoint","urlTemplate":"https:\/\/sales-ai-agents.com\/?s={search_term_string}"},"query-input":{"@type":"PropertyValueSpecification","valueRequired":true,"valueName":"search_term_string"}}],"inLanguage":"tr"},{"@type":"Organization","@id":"https:\/\/sales-ai-agents.com\/#organization","name":"FuseBase","url":"https:\/\/sales-ai-agents.com\/","logo":{"@type":"ImageObject","inLanguage":"tr","@id":"https:\/\/sales-ai-agents.com\/#\/schema\/logo\/image\/","url":"https:\/\/sales-ai-agents.com\/wp-content\/uploads\/2023\/11\/icon-7.svg","contentUrl":"https:\/\/sales-ai-agents.com\/wp-content\/uploads\/2023\/11\/icon-7.svg","width":128,"height":128,"caption":"FuseBase"},"image":{"@id":"https:\/\/sales-ai-agents.com\/#\/schema\/logo\/image\/"}}]}},"_links":{"self":[{"href":"https:\/\/sales-ai-agents.com\/tr\/wp-json\/wp\/v2\/product\/55665","targetHints":{"allow":["GET"]}}],"collection":[{"href":"https:\/\/sales-ai-agents.com\/tr\/wp-json\/wp\/v2\/product"}],"about":[{"href":"https:\/\/sales-ai-agents.com\/tr\/wp-json\/wp\/v2\/types\/product"}],"wp:featuredmedia":[{"embeddable":true,"href":"https:\/\/sales-ai-agents.com\/tr\/wp-json\/wp\/v2\/media\/55666"}],"wp:attachment":[{"href":"https:\/\/sales-ai-agents.com\/tr\/wp-json\/wp\/v2\/media?parent=55665"}],"wp:term":[{"taxonomy":"product_brand","embeddable":true,"href":"https:\/\/sales-ai-agents.com\/tr\/wp-json\/wp\/v2\/product_brand?post=55665"},{"taxonomy":"product_cat","embeddable":true,"href":"https:\/\/sales-ai-agents.com\/tr\/wp-json\/wp\/v2\/product_cat?post=55665"},{"taxonomy":"product_tag","embeddable":true,"href":"https:\/\/sales-ai-agents.com\/tr\/wp-json\/wp\/v2\/product_tag?post=55665"}],"curies":[{"name":"wp","href":"https:\/\/api.w.org\/{rel}","templated":true}]}}