{"id":55668,"date":"2022-09-26T12:23:47","date_gmt":"2022-09-26T12:23:47","guid":{"rendered":"https:\/\/sales-ai-agents.com\/templates\/marketing-strategy\/"},"modified":"2024-01-02T11:22:58","modified_gmt":"2024-01-02T11:22:58","slug":"marketing-strategy","status":"publish","type":"product","link":"https:\/\/sales-ai-agents.com\/tr\/templates\/marketing-strategy\/","title":{"rendered":"Pazarlama Stratejisi"},"content":{"rendered":"<p>&nbsp;<\/p>\n<h2>Pazarlama Stratejisi \u015eablonu<\/h2>\n<p class=\"desc-text\">Bir pazarlama kampanyas\u0131n\u0131 dikkatlice planlayarak her s\u00fcrecin ekibinizin hedeflerine uygun olmas\u0131n\u0131 sa\u011flayabilirsiniz. \u00d6nemli kanallar\u0131 belirleyin, hedefleri listeleyin, ba\u015far\u0131 i\u00e7in \u00f6l\u00e7\u00fctleri tan\u0131mlay\u0131n ve bir eylem plan\u0131 olu\u015fturun. Bu \u015fablonla, kampanyan\u0131z\u0131n m\u00fc\u015fterilerinize ve m\u00fc\u015fterilerinize ula\u015ft\u0131\u011f\u0131ndan emin olmak i\u00e7in s\u00fcrecin her ad\u0131m\u0131n\u0131 takip edebilirsiniz.<\/p>\n<h5>Nas\u0131l kullan\u0131l\u0131r?<\/h5>\n<ul class=\"desc-item_list\">\n<li class=\"desc-item_list__point\">\u00d6nemli arka plan ayr\u0131nt\u0131lar\u0131 ekleyin<\/li>\n<li class=\"desc-item_list__point\">Bir eylem plan\u0131 haz\u0131rlay\u0131n<\/li>\n<li class=\"desc-item_list__point\">Hedef pazar\u0131n\u0131z\u0131 tan\u0131mlay\u0131n<\/li>\n<li class=\"desc-item_list__point\">B\u00fct\u00e7enizi ay\u0131r\u0131n<\/li>\n<li class=\"desc-item_list__point\">Lansman\u0131n\u0131z i\u00e7in etkinlikler planlay\u0131n<\/li>\n<li class=\"desc-item_list__point\">Ba\u015fkalar\u0131n\u0131 etiketleyerek onlar\u0131 yakalay\u0131n<\/li>\n<\/ul>\n","protected":false},"excerpt":{"rendered":"<p>Bu \u00fccretsiz \u00f6zelle\u015ftirilebilir \u015fablon ile pazarlama kampanyas\u0131 s\u00fcrecinin her ad\u0131m\u0131n\u0131 kolayca takip ederek m\u00fc\u015fterilerinize ve m\u00fc\u015fterilerinize ula\u015ft\u0131\u011f\u0131ndan emin olabilirsiniz.<\/p>\n","protected":false},"featured_media":55670,"template":"","meta":{"_acf_changed":false,"inline_featured_image":false},"product_brand":[],"product_cat":[250,262],"product_tag":[],"class_list":{"0":"post-55668","1":"product","2":"type-product","3":"status-publish","4":"has-post-thumbnail","6":"product_cat-marketing","7":"product_cat-marketing-strategy","9":"first","10":"instock","11":"virtual","12":"sold-individually","13":"product-type-simple"},"acf":[],"yoast_head":"<!-- This site is optimized with the Yoast SEO plugin v25.3.1 - https:\/\/yoast.com\/wordpress\/plugins\/seo\/ -->\n<title>Pazarlama Stratejisi \u015eablonu - Sales AI Agents<\/title>\n<meta name=\"description\" content=\"Bu \u00fccretsiz \u00f6zelle\u015ftirilebilir \u015fablon ile pazarlama kampanyas\u0131 s\u00fcrecinin her ad\u0131m\u0131n\u0131 kolayca takip ederek m\u00fc\u015fterilerinize ve m\u00fc\u015fterilerinize ula\u015ft\u0131\u011f\u0131ndan emin olabilirsiniz.\" \/>\n<meta name=\"robots\" content=\"index, follow, max-snippet:-1, max-image-preview:large, max-video-preview:-1\" \/>\n<link rel=\"canonical\" href=\"https:\/\/sales-ai-agents.com\/tr\/templates\/marketing-strategy\/\" \/>\n<meta property=\"og:locale\" content=\"tr_TR\" \/>\n<meta property=\"og:type\" content=\"article\" \/>\n<meta property=\"og:title\" content=\"Pazarlama Stratejisi \u015eablonu - Sales AI Agents\" \/>\n<meta property=\"og:description\" content=\"Bu \u00fccretsiz \u00f6zelle\u015ftirilebilir \u015fablon ile pazarlama kampanyas\u0131 s\u00fcrecinin her ad\u0131m\u0131n\u0131 kolayca takip ederek m\u00fc\u015fterilerinize ve m\u00fc\u015fterilerinize ula\u015ft\u0131\u011f\u0131ndan emin olabilirsiniz.\" \/>\n<meta property=\"og:url\" content=\"https:\/\/sales-ai-agents.com\/tr\/templates\/marketing-strategy\/\" \/>\n<meta property=\"og:site_name\" content=\"Sales AI Agents\" \/>\n<meta property=\"article:modified_time\" content=\"2024-01-02T11:22:58+00:00\" \/>\n<meta property=\"og:image\" content=\"https:\/\/sales-ai-agents.com\/wp-content\/uploads\/2022\/09\/Marketing-Strategy-Template.png\" \/>\n\t<meta property=\"og:image:width\" content=\"1700\" \/>\n\t<meta property=\"og:image:height\" content=\"1100\" \/>\n\t<meta property=\"og:image:type\" content=\"image\/png\" \/>\n<meta name=\"twitter:card\" content=\"summary_large_image\" \/>\n<script type=\"application\/ld+json\" class=\"yoast-schema-graph\">{\"@context\":\"https:\/\/schema.org\",\"@graph\":[{\"@type\":\"WebPage\",\"@id\":\"https:\/\/sales-ai-agents.com\/tr\/templates\/marketing-strategy\/\",\"url\":\"https:\/\/sales-ai-agents.com\/tr\/templates\/marketing-strategy\/\",\"name\":\"Pazarlama Stratejisi \u015eablonu - Sales AI Agents\",\"isPartOf\":{\"@id\":\"https:\/\/sales-ai-agents.com\/#website\"},\"primaryImageOfPage\":{\"@id\":\"https:\/\/sales-ai-agents.com\/tr\/templates\/marketing-strategy\/#primaryimage\"},\"image\":{\"@id\":\"https:\/\/sales-ai-agents.com\/tr\/templates\/marketing-strategy\/#primaryimage\"},\"thumbnailUrl\":\"https:\/\/sales-ai-agents.com\/wp-content\/uploads\/2022\/09\/Marketing-Strategy-Template.png\",\"datePublished\":\"2022-09-26T12:23:47+00:00\",\"dateModified\":\"2024-01-02T11:22:58+00:00\",\"description\":\"Bu \u00fccretsiz \u00f6zelle\u015ftirilebilir \u015fablon ile pazarlama kampanyas\u0131 s\u00fcrecinin her ad\u0131m\u0131n\u0131 kolayca takip ederek m\u00fc\u015fterilerinize ve m\u00fc\u015fterilerinize ula\u015ft\u0131\u011f\u0131ndan emin olabilirsiniz.\",\"inLanguage\":\"tr\",\"potentialAction\":[{\"@type\":\"ReadAction\",\"target\":[\"https:\/\/sales-ai-agents.com\/tr\/templates\/marketing-strategy\/\"]}]},{\"@type\":\"ImageObject\",\"inLanguage\":\"tr\",\"@id\":\"https:\/\/sales-ai-agents.com\/tr\/templates\/marketing-strategy\/#primaryimage\",\"url\":\"https:\/\/sales-ai-agents.com\/wp-content\/uploads\/2022\/09\/Marketing-Strategy-Template.png\",\"contentUrl\":\"https:\/\/sales-ai-agents.com\/wp-content\/uploads\/2022\/09\/Marketing-Strategy-Template.png\",\"width\":1700,\"height\":1100},{\"@type\":\"WebSite\",\"@id\":\"https:\/\/sales-ai-agents.com\/#website\",\"url\":\"https:\/\/sales-ai-agents.com\/\",\"name\":\"FuseBase\",\"description\":\"Sales AI Agents - Free Online Collaboration Software for Remote Teams. Build your wikis, client portals and more with the Nimbus Platform collaboration tool ? A perfect space for online work\",\"publisher\":{\"@id\":\"https:\/\/sales-ai-agents.com\/#organization\"},\"potentialAction\":[{\"@type\":\"SearchAction\",\"target\":{\"@type\":\"EntryPoint\",\"urlTemplate\":\"https:\/\/sales-ai-agents.com\/?s={search_term_string}\"},\"query-input\":{\"@type\":\"PropertyValueSpecification\",\"valueRequired\":true,\"valueName\":\"search_term_string\"}}],\"inLanguage\":\"tr\"},{\"@type\":\"Organization\",\"@id\":\"https:\/\/sales-ai-agents.com\/#organization\",\"name\":\"FuseBase\",\"url\":\"https:\/\/sales-ai-agents.com\/\",\"logo\":{\"@type\":\"ImageObject\",\"inLanguage\":\"tr\",\"@id\":\"https:\/\/sales-ai-agents.com\/#\/schema\/logo\/image\/\",\"url\":\"https:\/\/sales-ai-agents.com\/wp-content\/uploads\/2023\/11\/icon-7.svg\",\"contentUrl\":\"https:\/\/sales-ai-agents.com\/wp-content\/uploads\/2023\/11\/icon-7.svg\",\"width\":128,\"height\":128,\"caption\":\"FuseBase\"},\"image\":{\"@id\":\"https:\/\/sales-ai-agents.com\/#\/schema\/logo\/image\/\"}}]}<\/script>\n<!-- \/ Yoast SEO plugin. -->","yoast_head_json":{"title":"Pazarlama Stratejisi \u015eablonu - Sales AI Agents","description":"Bu \u00fccretsiz \u00f6zelle\u015ftirilebilir \u015fablon ile pazarlama kampanyas\u0131 s\u00fcrecinin her ad\u0131m\u0131n\u0131 kolayca takip ederek m\u00fc\u015fterilerinize ve m\u00fc\u015fterilerinize ula\u015ft\u0131\u011f\u0131ndan emin olabilirsiniz.","robots":{"index":"index","follow":"follow","max-snippet":"max-snippet:-1","max-image-preview":"max-image-preview:large","max-video-preview":"max-video-preview:-1"},"canonical":"https:\/\/sales-ai-agents.com\/tr\/templates\/marketing-strategy\/","og_locale":"tr_TR","og_type":"article","og_title":"Pazarlama Stratejisi \u015eablonu - Sales AI Agents","og_description":"Bu \u00fccretsiz \u00f6zelle\u015ftirilebilir \u015fablon ile pazarlama kampanyas\u0131 s\u00fcrecinin her ad\u0131m\u0131n\u0131 kolayca takip ederek m\u00fc\u015fterilerinize ve m\u00fc\u015fterilerinize ula\u015ft\u0131\u011f\u0131ndan emin olabilirsiniz.","og_url":"https:\/\/sales-ai-agents.com\/tr\/templates\/marketing-strategy\/","og_site_name":"Sales AI Agents","article_modified_time":"2024-01-02T11:22:58+00:00","og_image":[{"width":1700,"height":1100,"url":"https:\/\/sales-ai-agents.com\/wp-content\/uploads\/2022\/09\/Marketing-Strategy-Template.png","type":"image\/png"}],"twitter_card":"summary_large_image","schema":{"@context":"https:\/\/schema.org","@graph":[{"@type":"WebPage","@id":"https:\/\/sales-ai-agents.com\/tr\/templates\/marketing-strategy\/","url":"https:\/\/sales-ai-agents.com\/tr\/templates\/marketing-strategy\/","name":"Pazarlama Stratejisi \u015eablonu - Sales AI Agents","isPartOf":{"@id":"https:\/\/sales-ai-agents.com\/#website"},"primaryImageOfPage":{"@id":"https:\/\/sales-ai-agents.com\/tr\/templates\/marketing-strategy\/#primaryimage"},"image":{"@id":"https:\/\/sales-ai-agents.com\/tr\/templates\/marketing-strategy\/#primaryimage"},"thumbnailUrl":"https:\/\/sales-ai-agents.com\/wp-content\/uploads\/2022\/09\/Marketing-Strategy-Template.png","datePublished":"2022-09-26T12:23:47+00:00","dateModified":"2024-01-02T11:22:58+00:00","description":"Bu \u00fccretsiz \u00f6zelle\u015ftirilebilir \u015fablon ile pazarlama kampanyas\u0131 s\u00fcrecinin her ad\u0131m\u0131n\u0131 kolayca takip ederek m\u00fc\u015fterilerinize ve m\u00fc\u015fterilerinize ula\u015ft\u0131\u011f\u0131ndan emin olabilirsiniz.","inLanguage":"tr","potentialAction":[{"@type":"ReadAction","target":["https:\/\/sales-ai-agents.com\/tr\/templates\/marketing-strategy\/"]}]},{"@type":"ImageObject","inLanguage":"tr","@id":"https:\/\/sales-ai-agents.com\/tr\/templates\/marketing-strategy\/#primaryimage","url":"https:\/\/sales-ai-agents.com\/wp-content\/uploads\/2022\/09\/Marketing-Strategy-Template.png","contentUrl":"https:\/\/sales-ai-agents.com\/wp-content\/uploads\/2022\/09\/Marketing-Strategy-Template.png","width":1700,"height":1100},{"@type":"WebSite","@id":"https:\/\/sales-ai-agents.com\/#website","url":"https:\/\/sales-ai-agents.com\/","name":"FuseBase","description":"Sales AI Agents - Free Online Collaboration Software for Remote Teams. Build your wikis, client portals and more with the Nimbus Platform collaboration tool ? A perfect space for online work","publisher":{"@id":"https:\/\/sales-ai-agents.com\/#organization"},"potentialAction":[{"@type":"SearchAction","target":{"@type":"EntryPoint","urlTemplate":"https:\/\/sales-ai-agents.com\/?s={search_term_string}"},"query-input":{"@type":"PropertyValueSpecification","valueRequired":true,"valueName":"search_term_string"}}],"inLanguage":"tr"},{"@type":"Organization","@id":"https:\/\/sales-ai-agents.com\/#organization","name":"FuseBase","url":"https:\/\/sales-ai-agents.com\/","logo":{"@type":"ImageObject","inLanguage":"tr","@id":"https:\/\/sales-ai-agents.com\/#\/schema\/logo\/image\/","url":"https:\/\/sales-ai-agents.com\/wp-content\/uploads\/2023\/11\/icon-7.svg","contentUrl":"https:\/\/sales-ai-agents.com\/wp-content\/uploads\/2023\/11\/icon-7.svg","width":128,"height":128,"caption":"FuseBase"},"image":{"@id":"https:\/\/sales-ai-agents.com\/#\/schema\/logo\/image\/"}}]}},"_links":{"self":[{"href":"https:\/\/sales-ai-agents.com\/tr\/wp-json\/wp\/v2\/product\/55668","targetHints":{"allow":["GET"]}}],"collection":[{"href":"https:\/\/sales-ai-agents.com\/tr\/wp-json\/wp\/v2\/product"}],"about":[{"href":"https:\/\/sales-ai-agents.com\/tr\/wp-json\/wp\/v2\/types\/product"}],"wp:featuredmedia":[{"embeddable":true,"href":"https:\/\/sales-ai-agents.com\/tr\/wp-json\/wp\/v2\/media\/55670"}],"wp:attachment":[{"href":"https:\/\/sales-ai-agents.com\/tr\/wp-json\/wp\/v2\/media?parent=55668"}],"wp:term":[{"taxonomy":"product_brand","embeddable":true,"href":"https:\/\/sales-ai-agents.com\/tr\/wp-json\/wp\/v2\/product_brand?post=55668"},{"taxonomy":"product_cat","embeddable":true,"href":"https:\/\/sales-ai-agents.com\/tr\/wp-json\/wp\/v2\/product_cat?post=55668"},{"taxonomy":"product_tag","embeddable":true,"href":"https:\/\/sales-ai-agents.com\/tr\/wp-json\/wp\/v2\/product_tag?post=55668"}],"curies":[{"name":"wp","href":"https:\/\/api.w.org\/{rel}","templated":true}]}}