{"id":56102,"date":"2022-09-26T12:22:53","date_gmt":"2022-09-26T12:22:53","guid":{"rendered":"https:\/\/sales-ai-agents.com\/templates\/students-attendance\/"},"modified":"2023-12-27T14:40:29","modified_gmt":"2023-12-27T14:40:29","slug":"students-attendance","status":"publish","type":"product","link":"https:\/\/sales-ai-agents.com\/tr\/templates\/students-attendance\/","title":{"rendered":"\u00d6\u011frenci Devaml\u0131l\u0131\u011f\u0131"},"content":{"rendered":"<p>&nbsp;<\/p>\n<h2>\u00d6\u011frenci Devaml\u0131l\u0131k \u015eablonu<\/h2>\n<p class=\"desc-text\">Devams\u0131z, ge\u00e7 kalan veya erken \u00e7\u0131kan \u00f6\u011frenciler hakk\u0131nda bilgi eklemek i\u00e7in bu okul devam \u00e7izelgesini kullan\u0131n. Belgeyi doldurmak i\u00e7in sadece birka\u00e7 dakikan\u0131z\u0131 ay\u0131r\u0131n ve ihtiyac\u0131n\u0131z oldu\u011funda h\u0131zl\u0131ca eri\u015fin. Her hafta, \u00e7eyrek veya d\u00f6nem s\u0131n\u0131f kat\u0131l\u0131m\u0131n\u0131z\u0131 takip edin &#8211; ve dersleri atlayanlar i\u00e7in tetikte olun.<\/p>\n<h5>Nas\u0131l kullan\u0131l\u0131r?<\/h5>\n<ul class=\"desc-item_list\">\n<li class=\"desc-item_list__point\">Tarih eklemek i\u00e7in takvimi kullan\u0131n<\/li>\n<li class=\"desc-item_list__point\">Haftan\u0131n g\u00fcnlerini kolayca etiketlemek i\u00e7in etiketleri kullan\u0131n<\/li>\n<li class=\"desc-item_list__point\">\u00c7eyrek ve yar\u0131y\u0131l\u0131 okul takviminde i\u015faretleyin<\/li>\n<li class=\"desc-item_list__point\">\u0130zin g\u00fcnlerini veya yar\u0131m g\u00fcnleri takip etmek i\u00e7in onay kutular\u0131n\u0131 kullan\u0131n<\/li>\n<li class=\"desc-item_list__point\">Devams\u0131z, ge\u00e7 kalan veya erken \u00e7\u0131kan \u00f6\u011frencileri ekleyin<\/li>\n<\/ul>\n","protected":false},"excerpt":{"rendered":"<p>Devams\u0131z, ge\u00e7 kalan ve erken \u00e7\u0131kan \u00f6\u011frencileri eklemek i\u00e7in bu \u015fablonu g\u00fcnl\u00fck olarak kullan\u0131n. Veri taban\u0131n\u0131 doldurmak i\u00e7in sadece birka\u00e7 dakikan\u0131z\u0131 ay\u0131r\u0131n ve ihtiya\u00e7 duydu\u011funuzda kolayca eri\u015fin.<\/p>\n","protected":false},"featured_media":56103,"template":"","meta":{"_acf_changed":false,"inline_featured_image":false},"product_brand":[],"product_cat":[268],"product_tag":[],"class_list":{"0":"post-56102","1":"product","2":"type-product","3":"status-publish","4":"has-post-thumbnail","6":"product_cat-teacher","8":"first","9":"instock","10":"virtual","11":"sold-individually","12":"product-type-simple"},"acf":[],"yoast_head":"<!-- This site is optimized with the Yoast SEO plugin v25.3.1 - https:\/\/yoast.com\/wordpress\/plugins\/seo\/ -->\n<title>\u00d6\u011frenci Yoklama \u015eablonu - Sales AI Agents<\/title>\n<meta name=\"description\" content=\"Devams\u0131z, ge\u00e7 kalan ve erken \u00e7\u0131kan \u00f6\u011frencileri eklemek i\u00e7in bu \u015fablonu g\u00fcnl\u00fck olarak kullan\u0131n. Veri taban\u0131n\u0131 doldurmak i\u00e7in sadece birka\u00e7 dakikan\u0131z\u0131 ay\u0131r\u0131n ve ihtiya\u00e7 duydu\u011funuzda eri\u015fin.\" \/>\n<meta name=\"robots\" content=\"index, follow, max-snippet:-1, max-image-preview:large, max-video-preview:-1\" \/>\n<link rel=\"canonical\" href=\"https:\/\/sales-ai-agents.com\/tr\/templates\/students-attendance\/\" \/>\n<meta property=\"og:locale\" content=\"tr_TR\" \/>\n<meta property=\"og:type\" content=\"article\" \/>\n<meta property=\"og:title\" content=\"\u00d6\u011frenci Yoklama \u015eablonu - Sales AI Agents\" \/>\n<meta property=\"og:description\" content=\"Devams\u0131z, ge\u00e7 kalan ve erken \u00e7\u0131kan \u00f6\u011frencileri eklemek i\u00e7in bu \u015fablonu g\u00fcnl\u00fck olarak kullan\u0131n. Veri taban\u0131n\u0131 doldurmak i\u00e7in sadece birka\u00e7 dakikan\u0131z\u0131 ay\u0131r\u0131n ve ihtiya\u00e7 duydu\u011funuzda eri\u015fin.\" \/>\n<meta property=\"og:url\" content=\"https:\/\/sales-ai-agents.com\/tr\/templates\/students-attendance\/\" \/>\n<meta property=\"og:site_name\" content=\"Sales AI Agents\" \/>\n<meta property=\"article:modified_time\" content=\"2023-12-27T14:40:29+00:00\" \/>\n<meta property=\"og:image\" content=\"https:\/\/sales-ai-agents.com\/wp-content\/uploads\/2023\/01\/image-preview120658.png\" \/>\n\t<meta property=\"og:image:width\" content=\"1078\" \/>\n\t<meta property=\"og:image:height\" content=\"760\" \/>\n\t<meta property=\"og:image:type\" content=\"image\/png\" \/>\n<meta name=\"twitter:card\" content=\"summary_large_image\" \/>\n<script type=\"application\/ld+json\" class=\"yoast-schema-graph\">{\"@context\":\"https:\/\/schema.org\",\"@graph\":[{\"@type\":\"WebPage\",\"@id\":\"https:\/\/sales-ai-agents.com\/tr\/templates\/students-attendance\/\",\"url\":\"https:\/\/sales-ai-agents.com\/tr\/templates\/students-attendance\/\",\"name\":\"\u00d6\u011frenci Yoklama \u015eablonu - Sales AI Agents\",\"isPartOf\":{\"@id\":\"https:\/\/sales-ai-agents.com\/#website\"},\"primaryImageOfPage\":{\"@id\":\"https:\/\/sales-ai-agents.com\/tr\/templates\/students-attendance\/#primaryimage\"},\"image\":{\"@id\":\"https:\/\/sales-ai-agents.com\/tr\/templates\/students-attendance\/#primaryimage\"},\"thumbnailUrl\":\"https:\/\/sales-ai-agents.com\/wp-content\/uploads\/2023\/01\/image-preview120658.png\",\"datePublished\":\"2022-09-26T12:22:53+00:00\",\"dateModified\":\"2023-12-27T14:40:29+00:00\",\"description\":\"Devams\u0131z, ge\u00e7 kalan ve erken \u00e7\u0131kan \u00f6\u011frencileri eklemek i\u00e7in bu \u015fablonu g\u00fcnl\u00fck olarak kullan\u0131n. Veri taban\u0131n\u0131 doldurmak i\u00e7in sadece birka\u00e7 dakikan\u0131z\u0131 ay\u0131r\u0131n ve ihtiya\u00e7 duydu\u011funuzda eri\u015fin.\",\"inLanguage\":\"tr\",\"potentialAction\":[{\"@type\":\"ReadAction\",\"target\":[\"https:\/\/sales-ai-agents.com\/tr\/templates\/students-attendance\/\"]}]},{\"@type\":\"ImageObject\",\"inLanguage\":\"tr\",\"@id\":\"https:\/\/sales-ai-agents.com\/tr\/templates\/students-attendance\/#primaryimage\",\"url\":\"https:\/\/sales-ai-agents.com\/wp-content\/uploads\/2023\/01\/image-preview120658.png\",\"contentUrl\":\"https:\/\/sales-ai-agents.com\/wp-content\/uploads\/2023\/01\/image-preview120658.png\",\"width\":1078,\"height\":760},{\"@type\":\"WebSite\",\"@id\":\"https:\/\/sales-ai-agents.com\/#website\",\"url\":\"https:\/\/sales-ai-agents.com\/\",\"name\":\"FuseBase\",\"description\":\"Sales AI Agents - Free Online Collaboration Software for Remote Teams. Build your wikis, client portals and more with the Nimbus Platform collaboration tool ? A perfect space for online work\",\"publisher\":{\"@id\":\"https:\/\/sales-ai-agents.com\/#organization\"},\"potentialAction\":[{\"@type\":\"SearchAction\",\"target\":{\"@type\":\"EntryPoint\",\"urlTemplate\":\"https:\/\/sales-ai-agents.com\/?s={search_term_string}\"},\"query-input\":{\"@type\":\"PropertyValueSpecification\",\"valueRequired\":true,\"valueName\":\"search_term_string\"}}],\"inLanguage\":\"tr\"},{\"@type\":\"Organization\",\"@id\":\"https:\/\/sales-ai-agents.com\/#organization\",\"name\":\"FuseBase\",\"url\":\"https:\/\/sales-ai-agents.com\/\",\"logo\":{\"@type\":\"ImageObject\",\"inLanguage\":\"tr\",\"@id\":\"https:\/\/sales-ai-agents.com\/#\/schema\/logo\/image\/\",\"url\":\"https:\/\/sales-ai-agents.com\/wp-content\/uploads\/2023\/11\/icon-7.svg\",\"contentUrl\":\"https:\/\/sales-ai-agents.com\/wp-content\/uploads\/2023\/11\/icon-7.svg\",\"width\":128,\"height\":128,\"caption\":\"FuseBase\"},\"image\":{\"@id\":\"https:\/\/sales-ai-agents.com\/#\/schema\/logo\/image\/\"}}]}<\/script>\n<!-- \/ Yoast SEO plugin. -->","yoast_head_json":{"title":"\u00d6\u011frenci Yoklama \u015eablonu - Sales AI Agents","description":"Devams\u0131z, ge\u00e7 kalan ve erken \u00e7\u0131kan \u00f6\u011frencileri eklemek i\u00e7in bu \u015fablonu g\u00fcnl\u00fck olarak kullan\u0131n. Veri taban\u0131n\u0131 doldurmak i\u00e7in sadece birka\u00e7 dakikan\u0131z\u0131 ay\u0131r\u0131n ve ihtiya\u00e7 duydu\u011funuzda eri\u015fin.","robots":{"index":"index","follow":"follow","max-snippet":"max-snippet:-1","max-image-preview":"max-image-preview:large","max-video-preview":"max-video-preview:-1"},"canonical":"https:\/\/sales-ai-agents.com\/tr\/templates\/students-attendance\/","og_locale":"tr_TR","og_type":"article","og_title":"\u00d6\u011frenci Yoklama \u015eablonu - Sales AI Agents","og_description":"Devams\u0131z, ge\u00e7 kalan ve erken \u00e7\u0131kan \u00f6\u011frencileri eklemek i\u00e7in bu \u015fablonu g\u00fcnl\u00fck olarak kullan\u0131n. Veri taban\u0131n\u0131 doldurmak i\u00e7in sadece birka\u00e7 dakikan\u0131z\u0131 ay\u0131r\u0131n ve ihtiya\u00e7 duydu\u011funuzda eri\u015fin.","og_url":"https:\/\/sales-ai-agents.com\/tr\/templates\/students-attendance\/","og_site_name":"Sales AI Agents","article_modified_time":"2023-12-27T14:40:29+00:00","og_image":[{"width":1078,"height":760,"url":"https:\/\/sales-ai-agents.com\/wp-content\/uploads\/2023\/01\/image-preview120658.png","type":"image\/png"}],"twitter_card":"summary_large_image","schema":{"@context":"https:\/\/schema.org","@graph":[{"@type":"WebPage","@id":"https:\/\/sales-ai-agents.com\/tr\/templates\/students-attendance\/","url":"https:\/\/sales-ai-agents.com\/tr\/templates\/students-attendance\/","name":"\u00d6\u011frenci Yoklama \u015eablonu - Sales AI Agents","isPartOf":{"@id":"https:\/\/sales-ai-agents.com\/#website"},"primaryImageOfPage":{"@id":"https:\/\/sales-ai-agents.com\/tr\/templates\/students-attendance\/#primaryimage"},"image":{"@id":"https:\/\/sales-ai-agents.com\/tr\/templates\/students-attendance\/#primaryimage"},"thumbnailUrl":"https:\/\/sales-ai-agents.com\/wp-content\/uploads\/2023\/01\/image-preview120658.png","datePublished":"2022-09-26T12:22:53+00:00","dateModified":"2023-12-27T14:40:29+00:00","description":"Devams\u0131z, ge\u00e7 kalan ve erken \u00e7\u0131kan \u00f6\u011frencileri eklemek i\u00e7in bu \u015fablonu g\u00fcnl\u00fck olarak kullan\u0131n. Veri taban\u0131n\u0131 doldurmak i\u00e7in sadece birka\u00e7 dakikan\u0131z\u0131 ay\u0131r\u0131n ve ihtiya\u00e7 duydu\u011funuzda eri\u015fin.","inLanguage":"tr","potentialAction":[{"@type":"ReadAction","target":["https:\/\/sales-ai-agents.com\/tr\/templates\/students-attendance\/"]}]},{"@type":"ImageObject","inLanguage":"tr","@id":"https:\/\/sales-ai-agents.com\/tr\/templates\/students-attendance\/#primaryimage","url":"https:\/\/sales-ai-agents.com\/wp-content\/uploads\/2023\/01\/image-preview120658.png","contentUrl":"https:\/\/sales-ai-agents.com\/wp-content\/uploads\/2023\/01\/image-preview120658.png","width":1078,"height":760},{"@type":"WebSite","@id":"https:\/\/sales-ai-agents.com\/#website","url":"https:\/\/sales-ai-agents.com\/","name":"FuseBase","description":"Sales AI Agents - Free Online Collaboration Software for Remote Teams. Build your wikis, client portals and more with the Nimbus Platform collaboration tool ? A perfect space for online work","publisher":{"@id":"https:\/\/sales-ai-agents.com\/#organization"},"potentialAction":[{"@type":"SearchAction","target":{"@type":"EntryPoint","urlTemplate":"https:\/\/sales-ai-agents.com\/?s={search_term_string}"},"query-input":{"@type":"PropertyValueSpecification","valueRequired":true,"valueName":"search_term_string"}}],"inLanguage":"tr"},{"@type":"Organization","@id":"https:\/\/sales-ai-agents.com\/#organization","name":"FuseBase","url":"https:\/\/sales-ai-agents.com\/","logo":{"@type":"ImageObject","inLanguage":"tr","@id":"https:\/\/sales-ai-agents.com\/#\/schema\/logo\/image\/","url":"https:\/\/sales-ai-agents.com\/wp-content\/uploads\/2023\/11\/icon-7.svg","contentUrl":"https:\/\/sales-ai-agents.com\/wp-content\/uploads\/2023\/11\/icon-7.svg","width":128,"height":128,"caption":"FuseBase"},"image":{"@id":"https:\/\/sales-ai-agents.com\/#\/schema\/logo\/image\/"}}]}},"_links":{"self":[{"href":"https:\/\/sales-ai-agents.com\/tr\/wp-json\/wp\/v2\/product\/56102","targetHints":{"allow":["GET"]}}],"collection":[{"href":"https:\/\/sales-ai-agents.com\/tr\/wp-json\/wp\/v2\/product"}],"about":[{"href":"https:\/\/sales-ai-agents.com\/tr\/wp-json\/wp\/v2\/types\/product"}],"wp:featuredmedia":[{"embeddable":true,"href":"https:\/\/sales-ai-agents.com\/tr\/wp-json\/wp\/v2\/media\/56103"}],"wp:attachment":[{"href":"https:\/\/sales-ai-agents.com\/tr\/wp-json\/wp\/v2\/media?parent=56102"}],"wp:term":[{"taxonomy":"product_brand","embeddable":true,"href":"https:\/\/sales-ai-agents.com\/tr\/wp-json\/wp\/v2\/product_brand?post=56102"},{"taxonomy":"product_cat","embeddable":true,"href":"https:\/\/sales-ai-agents.com\/tr\/wp-json\/wp\/v2\/product_cat?post=56102"},{"taxonomy":"product_tag","embeddable":true,"href":"https:\/\/sales-ai-agents.com\/tr\/wp-json\/wp\/v2\/product_tag?post=56102"}],"curies":[{"name":"wp","href":"https:\/\/api.w.org\/{rel}","templated":true}]}}