{"id":56105,"date":"2022-09-26T12:22:49","date_gmt":"2022-09-26T12:22:49","guid":{"rendered":"https:\/\/sales-ai-agents.com\/templates\/employee-performance-evaluation\/"},"modified":"2024-01-02T13:05:20","modified_gmt":"2024-01-02T13:05:20","slug":"employee-performance-evaluation","status":"publish","type":"product","link":"https:\/\/sales-ai-agents.com\/tr\/templates\/employee-performance-evaluation\/","title":{"rendered":"\u00c7al\u0131\u015fan Performans De\u011ferlendirmesi"},"content":{"rendered":"<p>&nbsp;<\/p>\n<h2>\u00c7al\u0131\u015fan Performans De\u011ferlendirme \u015eablonu<\/h2>\n<p class=\"desc-text\">Performans de\u011ferlendirmeleri, \u00e7al\u0131\u015fanlar\u0131n\u0131zla bire bir g\u00f6r\u00fc\u015fmeler yapmak i\u00e7in harika bir f\u0131rsatt\u0131r. Yap\u0131land\u0131r\u0131lm\u0131\u015f ve organize de\u011ferlendirmeler sa\u011flamak i\u00e7in performans de\u011ferlendirme \u015fablonumuzu deneyin. \u00c7al\u0131\u015fanlar\u0131n kendi ilerlemelerini de\u011ferlendirmelerine ve sonu\u00e7lar\u0131 \u00f6l\u00e7melerine izin verin. Her \u015fey haz\u0131r bir tabloda yap\u0131land\u0131r\u0131lm\u0131\u015f ve etiketlenmi\u015ftir. Sorunsuz ileti\u015fim ve payla\u015f\u0131m i\u00e7in s\u00fcperviz\u00f6rleri etiketleyin.<\/p>\n<h5>Nas\u0131l kullan\u0131l\u0131r?<\/h5>\n<ul class=\"desc-item_list\">\n<li class=\"desc-item_list__point\">\u00c7al\u0131\u015fan bilgilerini ekleyin<\/li>\n<li class=\"desc-item_list__point\">Konumu g\u00f6stermek i\u00e7in etiketleri kullan\u0131n<\/li>\n<li class=\"desc-item_list__point\">Etiket s\u00fcperviz\u00f6rleri<\/li>\n<li class=\"desc-item_list__point\">\u0130nceleme t\u00fcr\u00fcn\u00fc belirtmek i\u00e7in kutular\u0131 i\u015faretleyin<\/li>\n<li class=\"desc-item_list__point\">Performansla ilgili sorular\u0131 yan\u0131tlay\u0131n<\/li>\n<\/ul>\n","protected":false},"excerpt":{"rendered":"<p>Performans de\u011ferlendirmeleri, \u00e7al\u0131\u015fanlar\u0131n\u0131zla tart\u0131\u015fmalar yapmak i\u00e7in harika bir f\u0131rsatt\u0131r. De\u011ferlendirmelerin d\u00fczenli olmas\u0131n\u0131 sa\u011flamak i\u00e7in bir performans de\u011ferlendirme \u015fablonu deneyin<\/p>\n","protected":false},"featured_media":56106,"template":"","meta":{"_acf_changed":false,"inline_featured_image":false},"product_brand":[],"product_cat":[218,231],"product_tag":[],"class_list":{"0":"post-56105","1":"product","2":"type-product","3":"status-publish","4":"has-post-thumbnail","6":"product_cat-operations","7":"product_cat-project-management","9":"first","10":"instock","11":"virtual","12":"sold-individually","13":"product-type-simple"},"acf":[],"yoast_head":"<!-- This site is optimized with the Yoast SEO plugin v25.3.1 - https:\/\/yoast.com\/wordpress\/plugins\/seo\/ -->\n<title>\u00c7al\u0131\u015fan Performans De\u011ferlendirme \u015eablonu - Sales AI Agents<\/title>\n<meta name=\"description\" content=\"Performans de\u011ferlendirmeleri, \u00e7al\u0131\u015fanlar\u0131n\u0131zla tart\u0131\u015fmalar yapmak i\u00e7in harika bir f\u0131rsatt\u0131r. De\u011ferlendirmelerin d\u00fczenli olmas\u0131n\u0131 sa\u011flamak i\u00e7in bir performans de\u011ferlendirme \u015fablonu deneyin\" \/>\n<meta name=\"robots\" content=\"index, follow, max-snippet:-1, max-image-preview:large, max-video-preview:-1\" \/>\n<link rel=\"canonical\" href=\"https:\/\/sales-ai-agents.com\/tr\/templates\/employee-performance-evaluation\/\" \/>\n<meta property=\"og:locale\" content=\"tr_TR\" \/>\n<meta property=\"og:type\" content=\"article\" \/>\n<meta property=\"og:title\" content=\"\u00c7al\u0131\u015fan Performans De\u011ferlendirme \u015eablonu - Sales AI Agents\" \/>\n<meta property=\"og:description\" content=\"Performans de\u011ferlendirmeleri, \u00e7al\u0131\u015fanlar\u0131n\u0131zla tart\u0131\u015fmalar yapmak i\u00e7in harika bir f\u0131rsatt\u0131r. De\u011ferlendirmelerin d\u00fczenli olmas\u0131n\u0131 sa\u011flamak i\u00e7in bir performans de\u011ferlendirme \u015fablonu deneyin\" \/>\n<meta property=\"og:url\" content=\"https:\/\/sales-ai-agents.com\/tr\/templates\/employee-performance-evaluation\/\" \/>\n<meta property=\"og:site_name\" content=\"Sales AI Agents\" \/>\n<meta property=\"article:modified_time\" content=\"2024-01-02T13:05:20+00:00\" \/>\n<meta property=\"og:image\" content=\"https:\/\/sales-ai-agents.com\/wp-content\/uploads\/2022\/09\/Employee-Performance-Evaluation-Template.png\" \/>\n\t<meta property=\"og:image:width\" content=\"1700\" \/>\n\t<meta property=\"og:image:height\" content=\"1100\" \/>\n\t<meta property=\"og:image:type\" content=\"image\/png\" \/>\n<meta name=\"twitter:card\" content=\"summary_large_image\" \/>\n<script type=\"application\/ld+json\" class=\"yoast-schema-graph\">{\"@context\":\"https:\/\/schema.org\",\"@graph\":[{\"@type\":\"WebPage\",\"@id\":\"https:\/\/sales-ai-agents.com\/tr\/templates\/employee-performance-evaluation\/\",\"url\":\"https:\/\/sales-ai-agents.com\/tr\/templates\/employee-performance-evaluation\/\",\"name\":\"\u00c7al\u0131\u015fan Performans De\u011ferlendirme \u015eablonu - Sales AI Agents\",\"isPartOf\":{\"@id\":\"https:\/\/sales-ai-agents.com\/#website\"},\"primaryImageOfPage\":{\"@id\":\"https:\/\/sales-ai-agents.com\/tr\/templates\/employee-performance-evaluation\/#primaryimage\"},\"image\":{\"@id\":\"https:\/\/sales-ai-agents.com\/tr\/templates\/employee-performance-evaluation\/#primaryimage\"},\"thumbnailUrl\":\"https:\/\/sales-ai-agents.com\/wp-content\/uploads\/2022\/09\/Employee-Performance-Evaluation-Template.png\",\"datePublished\":\"2022-09-26T12:22:49+00:00\",\"dateModified\":\"2024-01-02T13:05:20+00:00\",\"description\":\"Performans de\u011ferlendirmeleri, \u00e7al\u0131\u015fanlar\u0131n\u0131zla tart\u0131\u015fmalar yapmak i\u00e7in harika bir f\u0131rsatt\u0131r. De\u011ferlendirmelerin d\u00fczenli olmas\u0131n\u0131 sa\u011flamak i\u00e7in bir performans de\u011ferlendirme \u015fablonu deneyin\",\"inLanguage\":\"tr\",\"potentialAction\":[{\"@type\":\"ReadAction\",\"target\":[\"https:\/\/sales-ai-agents.com\/tr\/templates\/employee-performance-evaluation\/\"]}]},{\"@type\":\"ImageObject\",\"inLanguage\":\"tr\",\"@id\":\"https:\/\/sales-ai-agents.com\/tr\/templates\/employee-performance-evaluation\/#primaryimage\",\"url\":\"https:\/\/sales-ai-agents.com\/wp-content\/uploads\/2022\/09\/Employee-Performance-Evaluation-Template.png\",\"contentUrl\":\"https:\/\/sales-ai-agents.com\/wp-content\/uploads\/2022\/09\/Employee-Performance-Evaluation-Template.png\",\"width\":1700,\"height\":1100},{\"@type\":\"WebSite\",\"@id\":\"https:\/\/sales-ai-agents.com\/#website\",\"url\":\"https:\/\/sales-ai-agents.com\/\",\"name\":\"FuseBase\",\"description\":\"Sales AI Agents - Free Online Collaboration Software for Remote Teams. Build your wikis, client portals and more with the Nimbus Platform collaboration tool ? A perfect space for online work\",\"publisher\":{\"@id\":\"https:\/\/sales-ai-agents.com\/#organization\"},\"potentialAction\":[{\"@type\":\"SearchAction\",\"target\":{\"@type\":\"EntryPoint\",\"urlTemplate\":\"https:\/\/sales-ai-agents.com\/?s={search_term_string}\"},\"query-input\":{\"@type\":\"PropertyValueSpecification\",\"valueRequired\":true,\"valueName\":\"search_term_string\"}}],\"inLanguage\":\"tr\"},{\"@type\":\"Organization\",\"@id\":\"https:\/\/sales-ai-agents.com\/#organization\",\"name\":\"FuseBase\",\"url\":\"https:\/\/sales-ai-agents.com\/\",\"logo\":{\"@type\":\"ImageObject\",\"inLanguage\":\"tr\",\"@id\":\"https:\/\/sales-ai-agents.com\/#\/schema\/logo\/image\/\",\"url\":\"https:\/\/sales-ai-agents.com\/wp-content\/uploads\/2023\/11\/icon-7.svg\",\"contentUrl\":\"https:\/\/sales-ai-agents.com\/wp-content\/uploads\/2023\/11\/icon-7.svg\",\"width\":128,\"height\":128,\"caption\":\"FuseBase\"},\"image\":{\"@id\":\"https:\/\/sales-ai-agents.com\/#\/schema\/logo\/image\/\"}}]}<\/script>\n<!-- \/ Yoast SEO plugin. -->","yoast_head_json":{"title":"\u00c7al\u0131\u015fan Performans De\u011ferlendirme \u015eablonu - Sales AI Agents","description":"Performans de\u011ferlendirmeleri, \u00e7al\u0131\u015fanlar\u0131n\u0131zla tart\u0131\u015fmalar yapmak i\u00e7in harika bir f\u0131rsatt\u0131r. De\u011ferlendirmelerin d\u00fczenli olmas\u0131n\u0131 sa\u011flamak i\u00e7in bir performans de\u011ferlendirme \u015fablonu deneyin","robots":{"index":"index","follow":"follow","max-snippet":"max-snippet:-1","max-image-preview":"max-image-preview:large","max-video-preview":"max-video-preview:-1"},"canonical":"https:\/\/sales-ai-agents.com\/tr\/templates\/employee-performance-evaluation\/","og_locale":"tr_TR","og_type":"article","og_title":"\u00c7al\u0131\u015fan Performans De\u011ferlendirme \u015eablonu - Sales AI Agents","og_description":"Performans de\u011ferlendirmeleri, \u00e7al\u0131\u015fanlar\u0131n\u0131zla tart\u0131\u015fmalar yapmak i\u00e7in harika bir f\u0131rsatt\u0131r. De\u011ferlendirmelerin d\u00fczenli olmas\u0131n\u0131 sa\u011flamak i\u00e7in bir performans de\u011ferlendirme \u015fablonu deneyin","og_url":"https:\/\/sales-ai-agents.com\/tr\/templates\/employee-performance-evaluation\/","og_site_name":"Sales AI Agents","article_modified_time":"2024-01-02T13:05:20+00:00","og_image":[{"width":1700,"height":1100,"url":"https:\/\/sales-ai-agents.com\/wp-content\/uploads\/2022\/09\/Employee-Performance-Evaluation-Template.png","type":"image\/png"}],"twitter_card":"summary_large_image","schema":{"@context":"https:\/\/schema.org","@graph":[{"@type":"WebPage","@id":"https:\/\/sales-ai-agents.com\/tr\/templates\/employee-performance-evaluation\/","url":"https:\/\/sales-ai-agents.com\/tr\/templates\/employee-performance-evaluation\/","name":"\u00c7al\u0131\u015fan Performans De\u011ferlendirme \u015eablonu - Sales AI Agents","isPartOf":{"@id":"https:\/\/sales-ai-agents.com\/#website"},"primaryImageOfPage":{"@id":"https:\/\/sales-ai-agents.com\/tr\/templates\/employee-performance-evaluation\/#primaryimage"},"image":{"@id":"https:\/\/sales-ai-agents.com\/tr\/templates\/employee-performance-evaluation\/#primaryimage"},"thumbnailUrl":"https:\/\/sales-ai-agents.com\/wp-content\/uploads\/2022\/09\/Employee-Performance-Evaluation-Template.png","datePublished":"2022-09-26T12:22:49+00:00","dateModified":"2024-01-02T13:05:20+00:00","description":"Performans de\u011ferlendirmeleri, \u00e7al\u0131\u015fanlar\u0131n\u0131zla tart\u0131\u015fmalar yapmak i\u00e7in harika bir f\u0131rsatt\u0131r. De\u011ferlendirmelerin d\u00fczenli olmas\u0131n\u0131 sa\u011flamak i\u00e7in bir performans de\u011ferlendirme \u015fablonu deneyin","inLanguage":"tr","potentialAction":[{"@type":"ReadAction","target":["https:\/\/sales-ai-agents.com\/tr\/templates\/employee-performance-evaluation\/"]}]},{"@type":"ImageObject","inLanguage":"tr","@id":"https:\/\/sales-ai-agents.com\/tr\/templates\/employee-performance-evaluation\/#primaryimage","url":"https:\/\/sales-ai-agents.com\/wp-content\/uploads\/2022\/09\/Employee-Performance-Evaluation-Template.png","contentUrl":"https:\/\/sales-ai-agents.com\/wp-content\/uploads\/2022\/09\/Employee-Performance-Evaluation-Template.png","width":1700,"height":1100},{"@type":"WebSite","@id":"https:\/\/sales-ai-agents.com\/#website","url":"https:\/\/sales-ai-agents.com\/","name":"FuseBase","description":"Sales AI Agents - Free Online Collaboration Software for Remote Teams. Build your wikis, client portals and more with the Nimbus Platform collaboration tool ? A perfect space for online work","publisher":{"@id":"https:\/\/sales-ai-agents.com\/#organization"},"potentialAction":[{"@type":"SearchAction","target":{"@type":"EntryPoint","urlTemplate":"https:\/\/sales-ai-agents.com\/?s={search_term_string}"},"query-input":{"@type":"PropertyValueSpecification","valueRequired":true,"valueName":"search_term_string"}}],"inLanguage":"tr"},{"@type":"Organization","@id":"https:\/\/sales-ai-agents.com\/#organization","name":"FuseBase","url":"https:\/\/sales-ai-agents.com\/","logo":{"@type":"ImageObject","inLanguage":"tr","@id":"https:\/\/sales-ai-agents.com\/#\/schema\/logo\/image\/","url":"https:\/\/sales-ai-agents.com\/wp-content\/uploads\/2023\/11\/icon-7.svg","contentUrl":"https:\/\/sales-ai-agents.com\/wp-content\/uploads\/2023\/11\/icon-7.svg","width":128,"height":128,"caption":"FuseBase"},"image":{"@id":"https:\/\/sales-ai-agents.com\/#\/schema\/logo\/image\/"}}]}},"_links":{"self":[{"href":"https:\/\/sales-ai-agents.com\/tr\/wp-json\/wp\/v2\/product\/56105","targetHints":{"allow":["GET"]}}],"collection":[{"href":"https:\/\/sales-ai-agents.com\/tr\/wp-json\/wp\/v2\/product"}],"about":[{"href":"https:\/\/sales-ai-agents.com\/tr\/wp-json\/wp\/v2\/types\/product"}],"wp:featuredmedia":[{"embeddable":true,"href":"https:\/\/sales-ai-agents.com\/tr\/wp-json\/wp\/v2\/media\/56106"}],"wp:attachment":[{"href":"https:\/\/sales-ai-agents.com\/tr\/wp-json\/wp\/v2\/media?parent=56105"}],"wp:term":[{"taxonomy":"product_brand","embeddable":true,"href":"https:\/\/sales-ai-agents.com\/tr\/wp-json\/wp\/v2\/product_brand?post=56105"},{"taxonomy":"product_cat","embeddable":true,"href":"https:\/\/sales-ai-agents.com\/tr\/wp-json\/wp\/v2\/product_cat?post=56105"},{"taxonomy":"product_tag","embeddable":true,"href":"https:\/\/sales-ai-agents.com\/tr\/wp-json\/wp\/v2\/product_tag?post=56105"}],"curies":[{"name":"wp","href":"https:\/\/api.w.org\/{rel}","templated":true}]}}