{"id":56108,"date":"2022-09-26T12:22:40","date_gmt":"2022-09-26T12:22:40","guid":{"rendered":"https:\/\/sales-ai-agents.com\/templates\/project-retrospective\/"},"modified":"2024-01-02T13:43:06","modified_gmt":"2024-01-02T13:43:06","slug":"project-retrospective","status":"publish","type":"product","link":"https:\/\/sales-ai-agents.com\/tr\/templates\/project-retrospective\/","title":{"rendered":"Proje Retrospektifi"},"content":{"rendered":"<p>&nbsp;<\/p>\n<h2>Proje Ge\u00e7mi\u015fe Bak\u0131\u015f \u015eablonu<\/h2>\n<p class=\"desc-text\">Hangi departmanda olursan\u0131z olun, bir retrospektif, projelerinizi de\u011ferlendirmenize ve gelecekteki \u00e7al\u0131\u015fmalar\u0131n\u0131za rehberlik etmenize yard\u0131mc\u0131 olabilir. Nelerin iyi gitti\u011fini ve nelerin iyile\u015ftirilmesi gerekti\u011fini incelemek i\u00e7in bu retrospektif \u015fablonu deneyin. \u00c7al\u0131\u015fmalar\u0131n\u0131z\u0131 de\u011ferlendirin ve de\u011ferlendirmelerinizi ekibinizle payla\u015f\u0131n. Herkesin ayn\u0131 belgeye eri\u015febilmesi i\u00e7in \u00fcyeleri etiketleyin. \u0130\u015finizi analiz ederek bir sonraki projeniz i\u00e7in ayarlamalar yapabilir ve ekiplerinize yap\u0131c\u0131 geri bildirimler sunabilirsiniz.<\/p>\n<h5>Nas\u0131l kullan\u0131l\u0131r?<\/h5>\n<ul class=\"desc-item_list\">\n<li class=\"desc-item_list__point\">Toplant\u0131n\u0131zdan \u00f6nce \u015fablonu doldurun<\/li>\n<li class=\"desc-item_list__point\">Her soruya 1&#8217;den 4&#8217;e kadar puan verin<\/li>\n<li class=\"desc-item_list__point\">Uygun numaran\u0131n bulundu\u011fu kutuyu i\u015faretleyin<\/li>\n<li class=\"desc-item_list__point\">Ek yorumlar ekleyin<\/li>\n<li class=\"desc-item_list__point\">\u015eablonu t\u00fcm ekibinizle payla\u015f\u0131n<\/li>\n<li class=\"desc-item_list__point\">De\u011ferlendirmelerinizi bir toplant\u0131da tart\u0131\u015f\u0131n<\/li>\n<\/ul>\n","protected":false},"excerpt":{"rendered":"<p>Ge\u00e7mi\u015fe bak\u0131\u015f, projelerinizi de\u011ferlendirmenize ve gelece\u011finize y\u00f6n vermenize yard\u0131mc\u0131 olabilir. Nelerin iyi gitti\u011fini ve nelerin iyile\u015ftirilmesi gerekti\u011fini incelemek i\u00e7in bu geriye d\u00f6n\u00fck \u015fablonu kontrol edin.<\/p>\n","protected":false},"featured_media":56109,"template":"","meta":{"_acf_changed":false,"inline_featured_image":false},"product_brand":[],"product_cat":[218,231,252],"product_tag":[],"class_list":{"0":"post-56108","1":"product","2":"type-product","3":"status-publish","4":"has-post-thumbnail","6":"product_cat-operations","7":"product_cat-project-management","8":"product_cat-product","10":"first","11":"instock","12":"virtual","13":"sold-individually","14":"product-type-simple"},"acf":[],"yoast_head":"<!-- This site is optimized with the Yoast SEO plugin v25.3.1 - https:\/\/yoast.com\/wordpress\/plugins\/seo\/ -->\n<title>Proje retrospektif \u015fablonu - Sales AI Agents<\/title>\n<meta name=\"description\" content=\"Ge\u00e7mi\u015fe bak\u0131\u015f, projelerinizi de\u011ferlendirmenize ve gelece\u011finize y\u00f6n vermenize yard\u0131mc\u0131 olabilir. Nelerin iyi gitti\u011fini ve nelerin iyile\u015ftirilmesi gerekti\u011fini incelemek i\u00e7in bu \u015fablonu kontrol edin.\" \/>\n<meta name=\"robots\" content=\"index, follow, max-snippet:-1, max-image-preview:large, max-video-preview:-1\" \/>\n<link rel=\"canonical\" href=\"https:\/\/sales-ai-agents.com\/tr\/templates\/project-retrospective\/\" \/>\n<meta property=\"og:locale\" content=\"tr_TR\" \/>\n<meta property=\"og:type\" content=\"article\" \/>\n<meta property=\"og:title\" content=\"Proje retrospektif \u015fablonu - Sales AI Agents\" \/>\n<meta property=\"og:description\" content=\"Ge\u00e7mi\u015fe bak\u0131\u015f, projelerinizi de\u011ferlendirmenize ve gelece\u011finize y\u00f6n vermenize yard\u0131mc\u0131 olabilir. Nelerin iyi gitti\u011fini ve nelerin iyile\u015ftirilmesi gerekti\u011fini incelemek i\u00e7in bu \u015fablonu kontrol edin.\" \/>\n<meta property=\"og:url\" content=\"https:\/\/sales-ai-agents.com\/tr\/templates\/project-retrospective\/\" \/>\n<meta property=\"og:site_name\" content=\"Sales AI Agents\" \/>\n<meta property=\"article:modified_time\" content=\"2024-01-02T13:43:06+00:00\" \/>\n<meta property=\"og:image\" content=\"https:\/\/sales-ai-agents.com\/wp-content\/uploads\/2022\/09\/Project-Retrospective-Template.png\" \/>\n\t<meta property=\"og:image:width\" content=\"1700\" \/>\n\t<meta property=\"og:image:height\" content=\"1100\" \/>\n\t<meta property=\"og:image:type\" content=\"image\/png\" \/>\n<meta name=\"twitter:card\" content=\"summary_large_image\" \/>\n<script type=\"application\/ld+json\" class=\"yoast-schema-graph\">{\"@context\":\"https:\/\/schema.org\",\"@graph\":[{\"@type\":\"WebPage\",\"@id\":\"https:\/\/sales-ai-agents.com\/tr\/templates\/project-retrospective\/\",\"url\":\"https:\/\/sales-ai-agents.com\/tr\/templates\/project-retrospective\/\",\"name\":\"Proje retrospektif \u015fablonu - Sales AI Agents\",\"isPartOf\":{\"@id\":\"https:\/\/sales-ai-agents.com\/#website\"},\"primaryImageOfPage\":{\"@id\":\"https:\/\/sales-ai-agents.com\/tr\/templates\/project-retrospective\/#primaryimage\"},\"image\":{\"@id\":\"https:\/\/sales-ai-agents.com\/tr\/templates\/project-retrospective\/#primaryimage\"},\"thumbnailUrl\":\"https:\/\/sales-ai-agents.com\/wp-content\/uploads\/2022\/09\/Project-Retrospective-Template.png\",\"datePublished\":\"2022-09-26T12:22:40+00:00\",\"dateModified\":\"2024-01-02T13:43:06+00:00\",\"description\":\"Ge\u00e7mi\u015fe bak\u0131\u015f, projelerinizi de\u011ferlendirmenize ve gelece\u011finize y\u00f6n vermenize yard\u0131mc\u0131 olabilir. Nelerin iyi gitti\u011fini ve nelerin iyile\u015ftirilmesi gerekti\u011fini incelemek i\u00e7in bu \u015fablonu kontrol edin.\",\"inLanguage\":\"tr\",\"potentialAction\":[{\"@type\":\"ReadAction\",\"target\":[\"https:\/\/sales-ai-agents.com\/tr\/templates\/project-retrospective\/\"]}]},{\"@type\":\"ImageObject\",\"inLanguage\":\"tr\",\"@id\":\"https:\/\/sales-ai-agents.com\/tr\/templates\/project-retrospective\/#primaryimage\",\"url\":\"https:\/\/sales-ai-agents.com\/wp-content\/uploads\/2022\/09\/Project-Retrospective-Template.png\",\"contentUrl\":\"https:\/\/sales-ai-agents.com\/wp-content\/uploads\/2022\/09\/Project-Retrospective-Template.png\",\"width\":1700,\"height\":1100},{\"@type\":\"WebSite\",\"@id\":\"https:\/\/sales-ai-agents.com\/#website\",\"url\":\"https:\/\/sales-ai-agents.com\/\",\"name\":\"FuseBase\",\"description\":\"Sales AI Agents - Free Online Collaboration Software for Remote Teams. Build your wikis, client portals and more with the Nimbus Platform collaboration tool ? A perfect space for online work\",\"publisher\":{\"@id\":\"https:\/\/sales-ai-agents.com\/#organization\"},\"potentialAction\":[{\"@type\":\"SearchAction\",\"target\":{\"@type\":\"EntryPoint\",\"urlTemplate\":\"https:\/\/sales-ai-agents.com\/?s={search_term_string}\"},\"query-input\":{\"@type\":\"PropertyValueSpecification\",\"valueRequired\":true,\"valueName\":\"search_term_string\"}}],\"inLanguage\":\"tr\"},{\"@type\":\"Organization\",\"@id\":\"https:\/\/sales-ai-agents.com\/#organization\",\"name\":\"FuseBase\",\"url\":\"https:\/\/sales-ai-agents.com\/\",\"logo\":{\"@type\":\"ImageObject\",\"inLanguage\":\"tr\",\"@id\":\"https:\/\/sales-ai-agents.com\/#\/schema\/logo\/image\/\",\"url\":\"https:\/\/sales-ai-agents.com\/wp-content\/uploads\/2023\/11\/icon-7.svg\",\"contentUrl\":\"https:\/\/sales-ai-agents.com\/wp-content\/uploads\/2023\/11\/icon-7.svg\",\"width\":128,\"height\":128,\"caption\":\"FuseBase\"},\"image\":{\"@id\":\"https:\/\/sales-ai-agents.com\/#\/schema\/logo\/image\/\"}}]}<\/script>\n<!-- \/ Yoast SEO plugin. -->","yoast_head_json":{"title":"Proje retrospektif \u015fablonu - Sales AI Agents","description":"Ge\u00e7mi\u015fe bak\u0131\u015f, projelerinizi de\u011ferlendirmenize ve gelece\u011finize y\u00f6n vermenize yard\u0131mc\u0131 olabilir. Nelerin iyi gitti\u011fini ve nelerin iyile\u015ftirilmesi gerekti\u011fini incelemek i\u00e7in bu \u015fablonu kontrol edin.","robots":{"index":"index","follow":"follow","max-snippet":"max-snippet:-1","max-image-preview":"max-image-preview:large","max-video-preview":"max-video-preview:-1"},"canonical":"https:\/\/sales-ai-agents.com\/tr\/templates\/project-retrospective\/","og_locale":"tr_TR","og_type":"article","og_title":"Proje retrospektif \u015fablonu - Sales AI Agents","og_description":"Ge\u00e7mi\u015fe bak\u0131\u015f, projelerinizi de\u011ferlendirmenize ve gelece\u011finize y\u00f6n vermenize yard\u0131mc\u0131 olabilir. Nelerin iyi gitti\u011fini ve nelerin iyile\u015ftirilmesi gerekti\u011fini incelemek i\u00e7in bu \u015fablonu kontrol edin.","og_url":"https:\/\/sales-ai-agents.com\/tr\/templates\/project-retrospective\/","og_site_name":"Sales AI Agents","article_modified_time":"2024-01-02T13:43:06+00:00","og_image":[{"width":1700,"height":1100,"url":"https:\/\/sales-ai-agents.com\/wp-content\/uploads\/2022\/09\/Project-Retrospective-Template.png","type":"image\/png"}],"twitter_card":"summary_large_image","schema":{"@context":"https:\/\/schema.org","@graph":[{"@type":"WebPage","@id":"https:\/\/sales-ai-agents.com\/tr\/templates\/project-retrospective\/","url":"https:\/\/sales-ai-agents.com\/tr\/templates\/project-retrospective\/","name":"Proje retrospektif \u015fablonu - Sales AI Agents","isPartOf":{"@id":"https:\/\/sales-ai-agents.com\/#website"},"primaryImageOfPage":{"@id":"https:\/\/sales-ai-agents.com\/tr\/templates\/project-retrospective\/#primaryimage"},"image":{"@id":"https:\/\/sales-ai-agents.com\/tr\/templates\/project-retrospective\/#primaryimage"},"thumbnailUrl":"https:\/\/sales-ai-agents.com\/wp-content\/uploads\/2022\/09\/Project-Retrospective-Template.png","datePublished":"2022-09-26T12:22:40+00:00","dateModified":"2024-01-02T13:43:06+00:00","description":"Ge\u00e7mi\u015fe bak\u0131\u015f, projelerinizi de\u011ferlendirmenize ve gelece\u011finize y\u00f6n vermenize yard\u0131mc\u0131 olabilir. Nelerin iyi gitti\u011fini ve nelerin iyile\u015ftirilmesi gerekti\u011fini incelemek i\u00e7in bu \u015fablonu kontrol edin.","inLanguage":"tr","potentialAction":[{"@type":"ReadAction","target":["https:\/\/sales-ai-agents.com\/tr\/templates\/project-retrospective\/"]}]},{"@type":"ImageObject","inLanguage":"tr","@id":"https:\/\/sales-ai-agents.com\/tr\/templates\/project-retrospective\/#primaryimage","url":"https:\/\/sales-ai-agents.com\/wp-content\/uploads\/2022\/09\/Project-Retrospective-Template.png","contentUrl":"https:\/\/sales-ai-agents.com\/wp-content\/uploads\/2022\/09\/Project-Retrospective-Template.png","width":1700,"height":1100},{"@type":"WebSite","@id":"https:\/\/sales-ai-agents.com\/#website","url":"https:\/\/sales-ai-agents.com\/","name":"FuseBase","description":"Sales AI Agents - Free Online Collaboration Software for Remote Teams. Build your wikis, client portals and more with the Nimbus Platform collaboration tool ? A perfect space for online work","publisher":{"@id":"https:\/\/sales-ai-agents.com\/#organization"},"potentialAction":[{"@type":"SearchAction","target":{"@type":"EntryPoint","urlTemplate":"https:\/\/sales-ai-agents.com\/?s={search_term_string}"},"query-input":{"@type":"PropertyValueSpecification","valueRequired":true,"valueName":"search_term_string"}}],"inLanguage":"tr"},{"@type":"Organization","@id":"https:\/\/sales-ai-agents.com\/#organization","name":"FuseBase","url":"https:\/\/sales-ai-agents.com\/","logo":{"@type":"ImageObject","inLanguage":"tr","@id":"https:\/\/sales-ai-agents.com\/#\/schema\/logo\/image\/","url":"https:\/\/sales-ai-agents.com\/wp-content\/uploads\/2023\/11\/icon-7.svg","contentUrl":"https:\/\/sales-ai-agents.com\/wp-content\/uploads\/2023\/11\/icon-7.svg","width":128,"height":128,"caption":"FuseBase"},"image":{"@id":"https:\/\/sales-ai-agents.com\/#\/schema\/logo\/image\/"}}]}},"_links":{"self":[{"href":"https:\/\/sales-ai-agents.com\/tr\/wp-json\/wp\/v2\/product\/56108","targetHints":{"allow":["GET"]}}],"collection":[{"href":"https:\/\/sales-ai-agents.com\/tr\/wp-json\/wp\/v2\/product"}],"about":[{"href":"https:\/\/sales-ai-agents.com\/tr\/wp-json\/wp\/v2\/types\/product"}],"wp:featuredmedia":[{"embeddable":true,"href":"https:\/\/sales-ai-agents.com\/tr\/wp-json\/wp\/v2\/media\/56109"}],"wp:attachment":[{"href":"https:\/\/sales-ai-agents.com\/tr\/wp-json\/wp\/v2\/media?parent=56108"}],"wp:term":[{"taxonomy":"product_brand","embeddable":true,"href":"https:\/\/sales-ai-agents.com\/tr\/wp-json\/wp\/v2\/product_brand?post=56108"},{"taxonomy":"product_cat","embeddable":true,"href":"https:\/\/sales-ai-agents.com\/tr\/wp-json\/wp\/v2\/product_cat?post=56108"},{"taxonomy":"product_tag","embeddable":true,"href":"https:\/\/sales-ai-agents.com\/tr\/wp-json\/wp\/v2\/product_tag?post=56108"}],"curies":[{"name":"wp","href":"https:\/\/api.w.org\/{rel}","templated":true}]}}