{"id":56127,"date":"2022-09-26T12:22:19","date_gmt":"2022-09-26T12:22:19","guid":{"rendered":"https:\/\/sales-ai-agents.com\/templates\/homework\/"},"modified":"2024-01-02T13:37:53","modified_gmt":"2024-01-02T13:37:53","slug":"homework","status":"publish","type":"product","link":"https:\/\/sales-ai-agents.com\/tr\/templates\/homework\/","title":{"rendered":"Ev \u00d6devi"},"content":{"rendered":"<p>&nbsp;<\/p>\n<h2>\u00d6dev \u015eablonu<\/h2>\n<p class=\"desc-text\">\u00d6devlerinizi unutmay\u0131n ve ev \u00f6devlerinizi takip edin. \u00d6devler bilgiyi art\u0131r\u0131p \u00f6\u011frencilerin yeteneklerini geli\u015ftirdi\u011fi i\u00e7in \u00e7al\u0131\u015fma hedeflerinize ula\u015f\u0131n. Derslere veya s\u0131navlara haz\u0131rlan\u0131rken ev \u00f6devi yapmak son derece etkilidir.<\/p>\n<h5>Nas\u0131l kullan\u0131l\u0131r:<\/h5>\n<ul class=\"desc-item_list\">\n<li class=\"desc-item_list__point\">Haftal\u0131k program\u0131n\u0131z\u0131 doldurun &#8211; konular\u0131 ekleyin<\/li>\n<li class=\"desc-item_list__point\">Konulara her g\u00fcn \u00f6devler ekleyin<\/li>\n<li class=\"desc-item_list__point\">G\u00f6rev tamamland\u0131\u011f\u0131nda i\u015faretleyin<\/li>\n<li class=\"desc-item_list__point\">\u0130lerlemenizi takip edin<\/li>\n<\/ul>\n","protected":false},"excerpt":{"rendered":"<p>\u00d6devlerinizi unutmay\u0131n ve bu \u015fablonla \u00f6devlerinizi takip edin. \u00c7al\u0131\u015fma hedeflerinize ula\u015f\u0131n, bilginizi art\u0131r\u0131n, yetenek ve becerilerinizi geli\u015ftirin.<\/p>\n","protected":false},"featured_media":56128,"template":"","meta":{"_acf_changed":false,"inline_featured_image":false},"product_brand":[],"product_cat":[257,267,256],"product_tag":[],"class_list":{"0":"post-56127","1":"product","2":"type-product","3":"status-publish","4":"has-post-thumbnail","6":"product_cat-personal","7":"product_cat-student","8":"product_cat-organizers-planners","10":"first","11":"instock","12":"virtual","13":"sold-individually","14":"product-type-simple"},"acf":[],"yoast_head":"<!-- This site is optimized with the Yoast SEO plugin v25.3.1 - https:\/\/yoast.com\/wordpress\/plugins\/seo\/ -->\n<title>\u00d6dev \u015eablonu - Sales AI Agents<\/title>\n<meta name=\"description\" content=\"\u00d6devlerinizi unutmay\u0131n ve bu \u015fablonla \u00f6devlerinizi takip edin. \u00c7al\u0131\u015fma hedeflerinize ula\u015f\u0131n, bilginizi art\u0131r\u0131n ve becerilerinizi geli\u015ftirin.\" \/>\n<meta name=\"robots\" content=\"index, follow, max-snippet:-1, max-image-preview:large, max-video-preview:-1\" \/>\n<link rel=\"canonical\" href=\"https:\/\/sales-ai-agents.com\/tr\/templates\/homework\/\" \/>\n<meta property=\"og:locale\" content=\"tr_TR\" \/>\n<meta property=\"og:type\" content=\"article\" \/>\n<meta property=\"og:title\" content=\"\u00d6dev \u015eablonu - Sales AI Agents\" \/>\n<meta property=\"og:description\" content=\"\u00d6devlerinizi unutmay\u0131n ve bu \u015fablonla \u00f6devlerinizi takip edin. \u00c7al\u0131\u015fma hedeflerinize ula\u015f\u0131n, bilginizi art\u0131r\u0131n ve becerilerinizi geli\u015ftirin.\" \/>\n<meta property=\"og:url\" content=\"https:\/\/sales-ai-agents.com\/tr\/templates\/homework\/\" \/>\n<meta property=\"og:site_name\" content=\"Sales AI Agents\" \/>\n<meta property=\"article:modified_time\" content=\"2024-01-02T13:37:53+00:00\" \/>\n<meta property=\"og:image\" content=\"https:\/\/sales-ai-agents.com\/wp-content\/uploads\/2023\/01\/image-preview120619.png\" \/>\n\t<meta property=\"og:image:width\" content=\"1078\" \/>\n\t<meta property=\"og:image:height\" content=\"1125\" \/>\n\t<meta property=\"og:image:type\" content=\"image\/png\" \/>\n<meta name=\"twitter:card\" content=\"summary_large_image\" \/>\n<script type=\"application\/ld+json\" class=\"yoast-schema-graph\">{\"@context\":\"https:\/\/schema.org\",\"@graph\":[{\"@type\":\"WebPage\",\"@id\":\"https:\/\/sales-ai-agents.com\/tr\/templates\/homework\/\",\"url\":\"https:\/\/sales-ai-agents.com\/tr\/templates\/homework\/\",\"name\":\"\u00d6dev \u015eablonu - Sales AI Agents\",\"isPartOf\":{\"@id\":\"https:\/\/sales-ai-agents.com\/#website\"},\"primaryImageOfPage\":{\"@id\":\"https:\/\/sales-ai-agents.com\/tr\/templates\/homework\/#primaryimage\"},\"image\":{\"@id\":\"https:\/\/sales-ai-agents.com\/tr\/templates\/homework\/#primaryimage\"},\"thumbnailUrl\":\"https:\/\/sales-ai-agents.com\/wp-content\/uploads\/2023\/01\/image-preview120619.png\",\"datePublished\":\"2022-09-26T12:22:19+00:00\",\"dateModified\":\"2024-01-02T13:37:53+00:00\",\"description\":\"\u00d6devlerinizi unutmay\u0131n ve bu \u015fablonla \u00f6devlerinizi takip edin. \u00c7al\u0131\u015fma hedeflerinize ula\u015f\u0131n, bilginizi art\u0131r\u0131n ve becerilerinizi geli\u015ftirin.\",\"inLanguage\":\"tr\",\"potentialAction\":[{\"@type\":\"ReadAction\",\"target\":[\"https:\/\/sales-ai-agents.com\/tr\/templates\/homework\/\"]}]},{\"@type\":\"ImageObject\",\"inLanguage\":\"tr\",\"@id\":\"https:\/\/sales-ai-agents.com\/tr\/templates\/homework\/#primaryimage\",\"url\":\"https:\/\/sales-ai-agents.com\/wp-content\/uploads\/2023\/01\/image-preview120619.png\",\"contentUrl\":\"https:\/\/sales-ai-agents.com\/wp-content\/uploads\/2023\/01\/image-preview120619.png\",\"width\":1078,\"height\":1125},{\"@type\":\"WebSite\",\"@id\":\"https:\/\/sales-ai-agents.com\/#website\",\"url\":\"https:\/\/sales-ai-agents.com\/\",\"name\":\"FuseBase\",\"description\":\"Sales AI Agents - Free Online Collaboration Software for Remote Teams. Build your wikis, client portals and more with the Nimbus Platform collaboration tool ? A perfect space for online work\",\"publisher\":{\"@id\":\"https:\/\/sales-ai-agents.com\/#organization\"},\"potentialAction\":[{\"@type\":\"SearchAction\",\"target\":{\"@type\":\"EntryPoint\",\"urlTemplate\":\"https:\/\/sales-ai-agents.com\/?s={search_term_string}\"},\"query-input\":{\"@type\":\"PropertyValueSpecification\",\"valueRequired\":true,\"valueName\":\"search_term_string\"}}],\"inLanguage\":\"tr\"},{\"@type\":\"Organization\",\"@id\":\"https:\/\/sales-ai-agents.com\/#organization\",\"name\":\"FuseBase\",\"url\":\"https:\/\/sales-ai-agents.com\/\",\"logo\":{\"@type\":\"ImageObject\",\"inLanguage\":\"tr\",\"@id\":\"https:\/\/sales-ai-agents.com\/#\/schema\/logo\/image\/\",\"url\":\"https:\/\/sales-ai-agents.com\/wp-content\/uploads\/2023\/11\/icon-7.svg\",\"contentUrl\":\"https:\/\/sales-ai-agents.com\/wp-content\/uploads\/2023\/11\/icon-7.svg\",\"width\":128,\"height\":128,\"caption\":\"FuseBase\"},\"image\":{\"@id\":\"https:\/\/sales-ai-agents.com\/#\/schema\/logo\/image\/\"}}]}<\/script>\n<!-- \/ Yoast SEO plugin. -->","yoast_head_json":{"title":"\u00d6dev \u015eablonu - Sales AI Agents","description":"\u00d6devlerinizi unutmay\u0131n ve bu \u015fablonla \u00f6devlerinizi takip edin. \u00c7al\u0131\u015fma hedeflerinize ula\u015f\u0131n, bilginizi art\u0131r\u0131n ve becerilerinizi geli\u015ftirin.","robots":{"index":"index","follow":"follow","max-snippet":"max-snippet:-1","max-image-preview":"max-image-preview:large","max-video-preview":"max-video-preview:-1"},"canonical":"https:\/\/sales-ai-agents.com\/tr\/templates\/homework\/","og_locale":"tr_TR","og_type":"article","og_title":"\u00d6dev \u015eablonu - Sales AI Agents","og_description":"\u00d6devlerinizi unutmay\u0131n ve bu \u015fablonla \u00f6devlerinizi takip edin. \u00c7al\u0131\u015fma hedeflerinize ula\u015f\u0131n, bilginizi art\u0131r\u0131n ve becerilerinizi geli\u015ftirin.","og_url":"https:\/\/sales-ai-agents.com\/tr\/templates\/homework\/","og_site_name":"Sales AI Agents","article_modified_time":"2024-01-02T13:37:53+00:00","og_image":[{"width":1078,"height":1125,"url":"https:\/\/sales-ai-agents.com\/wp-content\/uploads\/2023\/01\/image-preview120619.png","type":"image\/png"}],"twitter_card":"summary_large_image","schema":{"@context":"https:\/\/schema.org","@graph":[{"@type":"WebPage","@id":"https:\/\/sales-ai-agents.com\/tr\/templates\/homework\/","url":"https:\/\/sales-ai-agents.com\/tr\/templates\/homework\/","name":"\u00d6dev \u015eablonu - Sales AI Agents","isPartOf":{"@id":"https:\/\/sales-ai-agents.com\/#website"},"primaryImageOfPage":{"@id":"https:\/\/sales-ai-agents.com\/tr\/templates\/homework\/#primaryimage"},"image":{"@id":"https:\/\/sales-ai-agents.com\/tr\/templates\/homework\/#primaryimage"},"thumbnailUrl":"https:\/\/sales-ai-agents.com\/wp-content\/uploads\/2023\/01\/image-preview120619.png","datePublished":"2022-09-26T12:22:19+00:00","dateModified":"2024-01-02T13:37:53+00:00","description":"\u00d6devlerinizi unutmay\u0131n ve bu \u015fablonla \u00f6devlerinizi takip edin. \u00c7al\u0131\u015fma hedeflerinize ula\u015f\u0131n, bilginizi art\u0131r\u0131n ve becerilerinizi geli\u015ftirin.","inLanguage":"tr","potentialAction":[{"@type":"ReadAction","target":["https:\/\/sales-ai-agents.com\/tr\/templates\/homework\/"]}]},{"@type":"ImageObject","inLanguage":"tr","@id":"https:\/\/sales-ai-agents.com\/tr\/templates\/homework\/#primaryimage","url":"https:\/\/sales-ai-agents.com\/wp-content\/uploads\/2023\/01\/image-preview120619.png","contentUrl":"https:\/\/sales-ai-agents.com\/wp-content\/uploads\/2023\/01\/image-preview120619.png","width":1078,"height":1125},{"@type":"WebSite","@id":"https:\/\/sales-ai-agents.com\/#website","url":"https:\/\/sales-ai-agents.com\/","name":"FuseBase","description":"Sales AI Agents - Free Online Collaboration Software for Remote Teams. Build your wikis, client portals and more with the Nimbus Platform collaboration tool ? A perfect space for online work","publisher":{"@id":"https:\/\/sales-ai-agents.com\/#organization"},"potentialAction":[{"@type":"SearchAction","target":{"@type":"EntryPoint","urlTemplate":"https:\/\/sales-ai-agents.com\/?s={search_term_string}"},"query-input":{"@type":"PropertyValueSpecification","valueRequired":true,"valueName":"search_term_string"}}],"inLanguage":"tr"},{"@type":"Organization","@id":"https:\/\/sales-ai-agents.com\/#organization","name":"FuseBase","url":"https:\/\/sales-ai-agents.com\/","logo":{"@type":"ImageObject","inLanguage":"tr","@id":"https:\/\/sales-ai-agents.com\/#\/schema\/logo\/image\/","url":"https:\/\/sales-ai-agents.com\/wp-content\/uploads\/2023\/11\/icon-7.svg","contentUrl":"https:\/\/sales-ai-agents.com\/wp-content\/uploads\/2023\/11\/icon-7.svg","width":128,"height":128,"caption":"FuseBase"},"image":{"@id":"https:\/\/sales-ai-agents.com\/#\/schema\/logo\/image\/"}}]}},"_links":{"self":[{"href":"https:\/\/sales-ai-agents.com\/tr\/wp-json\/wp\/v2\/product\/56127","targetHints":{"allow":["GET"]}}],"collection":[{"href":"https:\/\/sales-ai-agents.com\/tr\/wp-json\/wp\/v2\/product"}],"about":[{"href":"https:\/\/sales-ai-agents.com\/tr\/wp-json\/wp\/v2\/types\/product"}],"wp:featuredmedia":[{"embeddable":true,"href":"https:\/\/sales-ai-agents.com\/tr\/wp-json\/wp\/v2\/media\/56128"}],"wp:attachment":[{"href":"https:\/\/sales-ai-agents.com\/tr\/wp-json\/wp\/v2\/media?parent=56127"}],"wp:term":[{"taxonomy":"product_brand","embeddable":true,"href":"https:\/\/sales-ai-agents.com\/tr\/wp-json\/wp\/v2\/product_brand?post=56127"},{"taxonomy":"product_cat","embeddable":true,"href":"https:\/\/sales-ai-agents.com\/tr\/wp-json\/wp\/v2\/product_cat?post=56127"},{"taxonomy":"product_tag","embeddable":true,"href":"https:\/\/sales-ai-agents.com\/tr\/wp-json\/wp\/v2\/product_tag?post=56127"}],"curies":[{"name":"wp","href":"https:\/\/api.w.org\/{rel}","templated":true}]}}