{"id":56133,"date":"2022-09-26T12:22:03","date_gmt":"2022-09-26T12:22:03","guid":{"rendered":"https:\/\/sales-ai-agents.com\/templates\/basic-business-project-tracker\/"},"modified":"2024-01-02T13:55:43","modified_gmt":"2024-01-02T13:55:43","slug":"basic-business-project-tracker","status":"publish","type":"product","link":"https:\/\/sales-ai-agents.com\/tr\/templates\/basic-business-project-tracker\/","title":{"rendered":"Temel \u0130\u015fletme Proje Takibi"},"content":{"rendered":"<p>&nbsp;<\/p>\n<h2>Temel \u0130\u015f Projesi Takip \u015eablonu<\/h2>\n<p class=\"desc-text\">T\u00fcm proje detaylar\u0131n\u0131 y\u00f6netin, takip edin ve g\u00fcncelleyin. Bu temel i\u015f projesi izleyicisi ile projelerin nas\u0131l ilerledi\u011finden haberdar olun. \u015eablonda, i\u015fbirlik\u00e7iler, mevcut ve gelecekteki g\u00f6revler, durumlar, son tarihler ve daha fazlas\u0131 gibi proje ayr\u0131nt\u0131lar\u0131n\u0131 ekleyin. Projenizin nas\u0131l ilerledi\u011fini ve her bir g\u00f6revin s\u00fcresini takip edin. Bu \u015fekilde, her \u015feyin planland\u0131\u011f\u0131 gibi yap\u0131lmas\u0131n\u0131 sa\u011flars\u0131n\u0131z.<\/p>\n<h5>Nas\u0131l kullan\u0131l\u0131r?<\/h5>\n<ul class=\"desc-item_list\">\n<li class=\"desc-item_list__point\">Proje a\u00e7\u0131klamas\u0131n\u0131 ve hedeflerini ekleyin.<\/li>\n<li class=\"desc-item_list__point\">Bahsedenler @ arac\u0131l\u0131\u011f\u0131yla di\u011fer notlara ba\u011flant\u0131 verin veya sadece ba\u011flant\u0131 ekleyin.<\/li>\n<li class=\"desc-item_list__point\">Ekip liderini ve \u00fcye listesini tan\u0131mlay\u0131n.<\/li>\n<li class=\"desc-item_list__point\">Bir yol haritas\u0131 tamamlay\u0131n ve her g\u00f6rev i\u00e7in ad\u0131mlar\u0131 ve son tarihleri detayland\u0131r\u0131n.<\/li>\n<\/ul>\n","protected":false},"excerpt":{"rendered":"<p>T\u00fcm proje detaylar\u0131n\u0131 y\u00f6netin, takip edin ve g\u00fcncelleyin. \u0130\u015fbirlik\u00e7iler, g\u00f6revler, durumlar, son tarihler ve daha fazlas\u0131 gibi proje ayr\u0131nt\u0131lar\u0131n\u0131 ekleyin.<\/p>\n","protected":false},"featured_media":56136,"template":"","meta":{"_acf_changed":false,"inline_featured_image":false},"product_brand":[],"product_cat":[217,231],"product_tag":[],"class_list":{"0":"post-56133","1":"product","2":"type-product","3":"status-publish","4":"has-post-thumbnail","6":"product_cat-entrepreneur","7":"product_cat-project-management","9":"first","10":"instock","11":"virtual","12":"sold-individually","13":"product-type-simple"},"acf":[],"yoast_head":"<!-- This site is optimized with the Yoast SEO plugin v25.3.1 - https:\/\/yoast.com\/wordpress\/plugins\/seo\/ -->\n<title>Temel \u0130\u015f Projesi Takip \u015eablonu - Sales AI Agents<\/title>\n<meta name=\"description\" content=\"T\u00fcm proje detaylar\u0131n\u0131 y\u00f6netin, takip edin ve g\u00fcncelleyin. Ortak \u00e7al\u0131\u015fanlar, g\u00f6revler, durumlar, son tarihler ve daha fazlas\u0131 gibi proje ayr\u0131nt\u0131lar\u0131n\u0131 ekleyin!\" \/>\n<meta name=\"robots\" content=\"index, follow, max-snippet:-1, max-image-preview:large, max-video-preview:-1\" \/>\n<link rel=\"canonical\" href=\"https:\/\/sales-ai-agents.com\/tr\/templates\/basic-business-project-tracker\/\" \/>\n<meta property=\"og:locale\" content=\"tr_TR\" \/>\n<meta property=\"og:type\" content=\"article\" \/>\n<meta property=\"og:title\" content=\"Temel \u0130\u015f Projesi Takip \u015eablonu - Sales AI Agents\" \/>\n<meta property=\"og:description\" content=\"T\u00fcm proje detaylar\u0131n\u0131 y\u00f6netin, takip edin ve g\u00fcncelleyin. Ortak \u00e7al\u0131\u015fanlar, g\u00f6revler, durumlar, son tarihler ve daha fazlas\u0131 gibi proje ayr\u0131nt\u0131lar\u0131n\u0131 ekleyin!\" \/>\n<meta property=\"og:url\" content=\"https:\/\/sales-ai-agents.com\/tr\/templates\/basic-business-project-tracker\/\" \/>\n<meta property=\"og:site_name\" content=\"Sales AI Agents\" \/>\n<meta property=\"article:modified_time\" content=\"2024-01-02T13:55:43+00:00\" \/>\n<meta property=\"og:image\" content=\"https:\/\/sales-ai-agents.com\/wp-content\/uploads\/2022\/09\/Basic-Business-Project-Tracker-Template-1.png\" \/>\n\t<meta property=\"og:image:width\" content=\"1700\" \/>\n\t<meta property=\"og:image:height\" content=\"1100\" \/>\n\t<meta property=\"og:image:type\" content=\"image\/png\" \/>\n<meta name=\"twitter:card\" content=\"summary_large_image\" \/>\n<script type=\"application\/ld+json\" class=\"yoast-schema-graph\">{\"@context\":\"https:\/\/schema.org\",\"@graph\":[{\"@type\":\"WebPage\",\"@id\":\"https:\/\/sales-ai-agents.com\/tr\/templates\/basic-business-project-tracker\/\",\"url\":\"https:\/\/sales-ai-agents.com\/tr\/templates\/basic-business-project-tracker\/\",\"name\":\"Temel \u0130\u015f Projesi Takip \u015eablonu - Sales AI Agents\",\"isPartOf\":{\"@id\":\"https:\/\/sales-ai-agents.com\/#website\"},\"primaryImageOfPage\":{\"@id\":\"https:\/\/sales-ai-agents.com\/tr\/templates\/basic-business-project-tracker\/#primaryimage\"},\"image\":{\"@id\":\"https:\/\/sales-ai-agents.com\/tr\/templates\/basic-business-project-tracker\/#primaryimage\"},\"thumbnailUrl\":\"https:\/\/sales-ai-agents.com\/wp-content\/uploads\/2022\/09\/Basic-Business-Project-Tracker-Template-1.png\",\"datePublished\":\"2022-09-26T12:22:03+00:00\",\"dateModified\":\"2024-01-02T13:55:43+00:00\",\"description\":\"T\u00fcm proje detaylar\u0131n\u0131 y\u00f6netin, takip edin ve g\u00fcncelleyin. Ortak \u00e7al\u0131\u015fanlar, g\u00f6revler, durumlar, son tarihler ve daha fazlas\u0131 gibi proje ayr\u0131nt\u0131lar\u0131n\u0131 ekleyin!\",\"inLanguage\":\"tr\",\"potentialAction\":[{\"@type\":\"ReadAction\",\"target\":[\"https:\/\/sales-ai-agents.com\/tr\/templates\/basic-business-project-tracker\/\"]}]},{\"@type\":\"ImageObject\",\"inLanguage\":\"tr\",\"@id\":\"https:\/\/sales-ai-agents.com\/tr\/templates\/basic-business-project-tracker\/#primaryimage\",\"url\":\"https:\/\/sales-ai-agents.com\/wp-content\/uploads\/2022\/09\/Basic-Business-Project-Tracker-Template-1.png\",\"contentUrl\":\"https:\/\/sales-ai-agents.com\/wp-content\/uploads\/2022\/09\/Basic-Business-Project-Tracker-Template-1.png\",\"width\":1700,\"height\":1100},{\"@type\":\"WebSite\",\"@id\":\"https:\/\/sales-ai-agents.com\/#website\",\"url\":\"https:\/\/sales-ai-agents.com\/\",\"name\":\"FuseBase\",\"description\":\"Sales AI Agents - Free Online Collaboration Software for Remote Teams. Build your wikis, client portals and more with the Nimbus Platform collaboration tool ? A perfect space for online work\",\"publisher\":{\"@id\":\"https:\/\/sales-ai-agents.com\/#organization\"},\"potentialAction\":[{\"@type\":\"SearchAction\",\"target\":{\"@type\":\"EntryPoint\",\"urlTemplate\":\"https:\/\/sales-ai-agents.com\/?s={search_term_string}\"},\"query-input\":{\"@type\":\"PropertyValueSpecification\",\"valueRequired\":true,\"valueName\":\"search_term_string\"}}],\"inLanguage\":\"tr\"},{\"@type\":\"Organization\",\"@id\":\"https:\/\/sales-ai-agents.com\/#organization\",\"name\":\"FuseBase\",\"url\":\"https:\/\/sales-ai-agents.com\/\",\"logo\":{\"@type\":\"ImageObject\",\"inLanguage\":\"tr\",\"@id\":\"https:\/\/sales-ai-agents.com\/#\/schema\/logo\/image\/\",\"url\":\"https:\/\/sales-ai-agents.com\/wp-content\/uploads\/2023\/11\/icon-7.svg\",\"contentUrl\":\"https:\/\/sales-ai-agents.com\/wp-content\/uploads\/2023\/11\/icon-7.svg\",\"width\":128,\"height\":128,\"caption\":\"FuseBase\"},\"image\":{\"@id\":\"https:\/\/sales-ai-agents.com\/#\/schema\/logo\/image\/\"}}]}<\/script>\n<!-- \/ Yoast SEO plugin. -->","yoast_head_json":{"title":"Temel \u0130\u015f Projesi Takip \u015eablonu - Sales AI Agents","description":"T\u00fcm proje detaylar\u0131n\u0131 y\u00f6netin, takip edin ve g\u00fcncelleyin. Ortak \u00e7al\u0131\u015fanlar, g\u00f6revler, durumlar, son tarihler ve daha fazlas\u0131 gibi proje ayr\u0131nt\u0131lar\u0131n\u0131 ekleyin!","robots":{"index":"index","follow":"follow","max-snippet":"max-snippet:-1","max-image-preview":"max-image-preview:large","max-video-preview":"max-video-preview:-1"},"canonical":"https:\/\/sales-ai-agents.com\/tr\/templates\/basic-business-project-tracker\/","og_locale":"tr_TR","og_type":"article","og_title":"Temel \u0130\u015f Projesi Takip \u015eablonu - Sales AI Agents","og_description":"T\u00fcm proje detaylar\u0131n\u0131 y\u00f6netin, takip edin ve g\u00fcncelleyin. Ortak \u00e7al\u0131\u015fanlar, g\u00f6revler, durumlar, son tarihler ve daha fazlas\u0131 gibi proje ayr\u0131nt\u0131lar\u0131n\u0131 ekleyin!","og_url":"https:\/\/sales-ai-agents.com\/tr\/templates\/basic-business-project-tracker\/","og_site_name":"Sales AI Agents","article_modified_time":"2024-01-02T13:55:43+00:00","og_image":[{"width":1700,"height":1100,"url":"https:\/\/sales-ai-agents.com\/wp-content\/uploads\/2022\/09\/Basic-Business-Project-Tracker-Template-1.png","type":"image\/png"}],"twitter_card":"summary_large_image","schema":{"@context":"https:\/\/schema.org","@graph":[{"@type":"WebPage","@id":"https:\/\/sales-ai-agents.com\/tr\/templates\/basic-business-project-tracker\/","url":"https:\/\/sales-ai-agents.com\/tr\/templates\/basic-business-project-tracker\/","name":"Temel \u0130\u015f Projesi Takip \u015eablonu - Sales AI Agents","isPartOf":{"@id":"https:\/\/sales-ai-agents.com\/#website"},"primaryImageOfPage":{"@id":"https:\/\/sales-ai-agents.com\/tr\/templates\/basic-business-project-tracker\/#primaryimage"},"image":{"@id":"https:\/\/sales-ai-agents.com\/tr\/templates\/basic-business-project-tracker\/#primaryimage"},"thumbnailUrl":"https:\/\/sales-ai-agents.com\/wp-content\/uploads\/2022\/09\/Basic-Business-Project-Tracker-Template-1.png","datePublished":"2022-09-26T12:22:03+00:00","dateModified":"2024-01-02T13:55:43+00:00","description":"T\u00fcm proje detaylar\u0131n\u0131 y\u00f6netin, takip edin ve g\u00fcncelleyin. Ortak \u00e7al\u0131\u015fanlar, g\u00f6revler, durumlar, son tarihler ve daha fazlas\u0131 gibi proje ayr\u0131nt\u0131lar\u0131n\u0131 ekleyin!","inLanguage":"tr","potentialAction":[{"@type":"ReadAction","target":["https:\/\/sales-ai-agents.com\/tr\/templates\/basic-business-project-tracker\/"]}]},{"@type":"ImageObject","inLanguage":"tr","@id":"https:\/\/sales-ai-agents.com\/tr\/templates\/basic-business-project-tracker\/#primaryimage","url":"https:\/\/sales-ai-agents.com\/wp-content\/uploads\/2022\/09\/Basic-Business-Project-Tracker-Template-1.png","contentUrl":"https:\/\/sales-ai-agents.com\/wp-content\/uploads\/2022\/09\/Basic-Business-Project-Tracker-Template-1.png","width":1700,"height":1100},{"@type":"WebSite","@id":"https:\/\/sales-ai-agents.com\/#website","url":"https:\/\/sales-ai-agents.com\/","name":"FuseBase","description":"Sales AI Agents - Free Online Collaboration Software for Remote Teams. Build your wikis, client portals and more with the Nimbus Platform collaboration tool ? A perfect space for online work","publisher":{"@id":"https:\/\/sales-ai-agents.com\/#organization"},"potentialAction":[{"@type":"SearchAction","target":{"@type":"EntryPoint","urlTemplate":"https:\/\/sales-ai-agents.com\/?s={search_term_string}"},"query-input":{"@type":"PropertyValueSpecification","valueRequired":true,"valueName":"search_term_string"}}],"inLanguage":"tr"},{"@type":"Organization","@id":"https:\/\/sales-ai-agents.com\/#organization","name":"FuseBase","url":"https:\/\/sales-ai-agents.com\/","logo":{"@type":"ImageObject","inLanguage":"tr","@id":"https:\/\/sales-ai-agents.com\/#\/schema\/logo\/image\/","url":"https:\/\/sales-ai-agents.com\/wp-content\/uploads\/2023\/11\/icon-7.svg","contentUrl":"https:\/\/sales-ai-agents.com\/wp-content\/uploads\/2023\/11\/icon-7.svg","width":128,"height":128,"caption":"FuseBase"},"image":{"@id":"https:\/\/sales-ai-agents.com\/#\/schema\/logo\/image\/"}}]}},"_links":{"self":[{"href":"https:\/\/sales-ai-agents.com\/tr\/wp-json\/wp\/v2\/product\/56133","targetHints":{"allow":["GET"]}}],"collection":[{"href":"https:\/\/sales-ai-agents.com\/tr\/wp-json\/wp\/v2\/product"}],"about":[{"href":"https:\/\/sales-ai-agents.com\/tr\/wp-json\/wp\/v2\/types\/product"}],"wp:featuredmedia":[{"embeddable":true,"href":"https:\/\/sales-ai-agents.com\/tr\/wp-json\/wp\/v2\/media\/56136"}],"wp:attachment":[{"href":"https:\/\/sales-ai-agents.com\/tr\/wp-json\/wp\/v2\/media?parent=56133"}],"wp:term":[{"taxonomy":"product_brand","embeddable":true,"href":"https:\/\/sales-ai-agents.com\/tr\/wp-json\/wp\/v2\/product_brand?post=56133"},{"taxonomy":"product_cat","embeddable":true,"href":"https:\/\/sales-ai-agents.com\/tr\/wp-json\/wp\/v2\/product_cat?post=56133"},{"taxonomy":"product_tag","embeddable":true,"href":"https:\/\/sales-ai-agents.com\/tr\/wp-json\/wp\/v2\/product_tag?post=56133"}],"curies":[{"name":"wp","href":"https:\/\/api.w.org\/{rel}","templated":true}]}}