{"id":56141,"date":"2022-09-26T12:21:59","date_gmt":"2022-09-26T12:21:59","guid":{"rendered":"https:\/\/sales-ai-agents.com\/templates\/financial-summary\/"},"modified":"2024-01-02T11:16:02","modified_gmt":"2024-01-02T11:16:02","slug":"financial-summary","status":"publish","type":"product","link":"https:\/\/sales-ai-agents.com\/tr\/templates\/financial-summary\/","title":{"rendered":"Finansal \u00d6zet"},"content":{"rendered":"<p>&nbsp;<\/p>\n<h2>Finansal \u00d6zet \u015eablonu<\/h2>\n<p class=\"desc-text\">Y\u0131ll\u0131k gelir ve giderlerinizin kayd\u0131n\u0131 tutun. Varl\u0131k ve y\u00fck\u00fcml\u00fcl\u00fcklerinizin yan\u0131 s\u0131ra net de\u011ferinizi de kontrol edin. Bu \u015fablonu kullanarak daha iyi planlama i\u00e7in mali durumunuzu takip edin.<\/p>\n<h5>Nas\u0131l kullan\u0131l\u0131r?<\/h5>\n<ul class=\"desc-item_list\">\n<li class=\"desc-item_list__point\">Her ay toplam gelirleri, giderleri, bor\u00e7 bakiyesini ve tasarruflar\u0131 girin<\/li>\n<li class=\"desc-item_list__point\">Y\u0131l sonunda toplamlar\u0131 kontrol edin<\/li>\n<li class=\"desc-item_list__point\">Gerekirse not ekleyin<\/li>\n<\/ul>\n","protected":false},"excerpt":{"rendered":"<p>Y\u0131ll\u0131k gelir ve giderlerinizin kayd\u0131n\u0131 tutun ve varl\u0131k ve y\u00fck\u00fcml\u00fcl\u00fcklerinizi yaz\u0131n. Bu \u00fccretsiz \u015fablonu kullanarak daha iyi planlama i\u00e7in mali durumunuzu takip edin.<\/p>\n","protected":false},"featured_media":56142,"template":"","meta":{"_acf_changed":false,"inline_featured_image":false},"product_brand":[],"product_cat":[257,256,273],"product_tag":[],"class_list":{"0":"post-56141","1":"product","2":"type-product","3":"status-publish","4":"has-post-thumbnail","6":"product_cat-personal","7":"product_cat-organizers-planners","8":"product_cat-personal-money","10":"first","11":"instock","12":"virtual","13":"sold-individually","14":"product-type-simple"},"acf":[],"yoast_head":"<!-- This site is optimized with the Yoast SEO plugin v25.3.1 - https:\/\/yoast.com\/wordpress\/plugins\/seo\/ -->\n<title>Finansal \u00d6zet \u015eablonu - Sales AI Agents<\/title>\n<meta name=\"description\" content=\"Y\u0131ll\u0131k gelir ve giderlerinizin kayd\u0131n\u0131 tutun, varl\u0131k ve y\u00fck\u00fcml\u00fcl\u00fcklerinizi yaz\u0131n. Bu \u00fccretsiz \u015fablonu kullanarak daha iyi planlama i\u00e7in mali durumunuzu takip edin.\" \/>\n<meta name=\"robots\" content=\"index, follow, max-snippet:-1, max-image-preview:large, max-video-preview:-1\" \/>\n<link rel=\"canonical\" href=\"https:\/\/sales-ai-agents.com\/tr\/templates\/financial-summary\/\" \/>\n<meta property=\"og:locale\" content=\"tr_TR\" \/>\n<meta property=\"og:type\" content=\"article\" \/>\n<meta property=\"og:title\" content=\"Finansal \u00d6zet \u015eablonu - Sales AI Agents\" \/>\n<meta property=\"og:description\" content=\"Y\u0131ll\u0131k gelir ve giderlerinizin kayd\u0131n\u0131 tutun, varl\u0131k ve y\u00fck\u00fcml\u00fcl\u00fcklerinizi yaz\u0131n. Bu \u00fccretsiz \u015fablonu kullanarak daha iyi planlama i\u00e7in mali durumunuzu takip edin.\" \/>\n<meta property=\"og:url\" content=\"https:\/\/sales-ai-agents.com\/tr\/templates\/financial-summary\/\" \/>\n<meta property=\"og:site_name\" content=\"Sales AI Agents\" \/>\n<meta property=\"article:modified_time\" content=\"2024-01-02T11:16:02+00:00\" \/>\n<meta property=\"og:image\" content=\"https:\/\/sales-ai-agents.com\/wp-content\/uploads\/2023\/01\/image-preview120416.png\" \/>\n\t<meta property=\"og:image:width\" content=\"1078\" \/>\n\t<meta property=\"og:image:height\" content=\"785\" \/>\n\t<meta property=\"og:image:type\" content=\"image\/png\" \/>\n<meta name=\"twitter:card\" content=\"summary_large_image\" \/>\n<script type=\"application\/ld+json\" class=\"yoast-schema-graph\">{\"@context\":\"https:\/\/schema.org\",\"@graph\":[{\"@type\":\"WebPage\",\"@id\":\"https:\/\/sales-ai-agents.com\/tr\/templates\/financial-summary\/\",\"url\":\"https:\/\/sales-ai-agents.com\/tr\/templates\/financial-summary\/\",\"name\":\"Finansal \u00d6zet \u015eablonu - Sales AI Agents\",\"isPartOf\":{\"@id\":\"https:\/\/sales-ai-agents.com\/#website\"},\"primaryImageOfPage\":{\"@id\":\"https:\/\/sales-ai-agents.com\/tr\/templates\/financial-summary\/#primaryimage\"},\"image\":{\"@id\":\"https:\/\/sales-ai-agents.com\/tr\/templates\/financial-summary\/#primaryimage\"},\"thumbnailUrl\":\"https:\/\/sales-ai-agents.com\/wp-content\/uploads\/2023\/01\/image-preview120416.png\",\"datePublished\":\"2022-09-26T12:21:59+00:00\",\"dateModified\":\"2024-01-02T11:16:02+00:00\",\"description\":\"Y\u0131ll\u0131k gelir ve giderlerinizin kayd\u0131n\u0131 tutun, varl\u0131k ve y\u00fck\u00fcml\u00fcl\u00fcklerinizi yaz\u0131n. Bu \u00fccretsiz \u015fablonu kullanarak daha iyi planlama i\u00e7in mali durumunuzu takip edin.\",\"inLanguage\":\"tr\",\"potentialAction\":[{\"@type\":\"ReadAction\",\"target\":[\"https:\/\/sales-ai-agents.com\/tr\/templates\/financial-summary\/\"]}]},{\"@type\":\"ImageObject\",\"inLanguage\":\"tr\",\"@id\":\"https:\/\/sales-ai-agents.com\/tr\/templates\/financial-summary\/#primaryimage\",\"url\":\"https:\/\/sales-ai-agents.com\/wp-content\/uploads\/2023\/01\/image-preview120416.png\",\"contentUrl\":\"https:\/\/sales-ai-agents.com\/wp-content\/uploads\/2023\/01\/image-preview120416.png\",\"width\":1078,\"height\":785},{\"@type\":\"WebSite\",\"@id\":\"https:\/\/sales-ai-agents.com\/#website\",\"url\":\"https:\/\/sales-ai-agents.com\/\",\"name\":\"FuseBase\",\"description\":\"Sales AI Agents - Free Online Collaboration Software for Remote Teams. Build your wikis, client portals and more with the Nimbus Platform collaboration tool ? A perfect space for online work\",\"publisher\":{\"@id\":\"https:\/\/sales-ai-agents.com\/#organization\"},\"potentialAction\":[{\"@type\":\"SearchAction\",\"target\":{\"@type\":\"EntryPoint\",\"urlTemplate\":\"https:\/\/sales-ai-agents.com\/?s={search_term_string}\"},\"query-input\":{\"@type\":\"PropertyValueSpecification\",\"valueRequired\":true,\"valueName\":\"search_term_string\"}}],\"inLanguage\":\"tr\"},{\"@type\":\"Organization\",\"@id\":\"https:\/\/sales-ai-agents.com\/#organization\",\"name\":\"FuseBase\",\"url\":\"https:\/\/sales-ai-agents.com\/\",\"logo\":{\"@type\":\"ImageObject\",\"inLanguage\":\"tr\",\"@id\":\"https:\/\/sales-ai-agents.com\/#\/schema\/logo\/image\/\",\"url\":\"https:\/\/sales-ai-agents.com\/wp-content\/uploads\/2023\/11\/icon-7.svg\",\"contentUrl\":\"https:\/\/sales-ai-agents.com\/wp-content\/uploads\/2023\/11\/icon-7.svg\",\"width\":128,\"height\":128,\"caption\":\"FuseBase\"},\"image\":{\"@id\":\"https:\/\/sales-ai-agents.com\/#\/schema\/logo\/image\/\"}}]}<\/script>\n<!-- \/ Yoast SEO plugin. -->","yoast_head_json":{"title":"Finansal \u00d6zet \u015eablonu - Sales AI Agents","description":"Y\u0131ll\u0131k gelir ve giderlerinizin kayd\u0131n\u0131 tutun, varl\u0131k ve y\u00fck\u00fcml\u00fcl\u00fcklerinizi yaz\u0131n. Bu \u00fccretsiz \u015fablonu kullanarak daha iyi planlama i\u00e7in mali durumunuzu takip edin.","robots":{"index":"index","follow":"follow","max-snippet":"max-snippet:-1","max-image-preview":"max-image-preview:large","max-video-preview":"max-video-preview:-1"},"canonical":"https:\/\/sales-ai-agents.com\/tr\/templates\/financial-summary\/","og_locale":"tr_TR","og_type":"article","og_title":"Finansal \u00d6zet \u015eablonu - Sales AI Agents","og_description":"Y\u0131ll\u0131k gelir ve giderlerinizin kayd\u0131n\u0131 tutun, varl\u0131k ve y\u00fck\u00fcml\u00fcl\u00fcklerinizi yaz\u0131n. Bu \u00fccretsiz \u015fablonu kullanarak daha iyi planlama i\u00e7in mali durumunuzu takip edin.","og_url":"https:\/\/sales-ai-agents.com\/tr\/templates\/financial-summary\/","og_site_name":"Sales AI Agents","article_modified_time":"2024-01-02T11:16:02+00:00","og_image":[{"width":1078,"height":785,"url":"https:\/\/sales-ai-agents.com\/wp-content\/uploads\/2023\/01\/image-preview120416.png","type":"image\/png"}],"twitter_card":"summary_large_image","schema":{"@context":"https:\/\/schema.org","@graph":[{"@type":"WebPage","@id":"https:\/\/sales-ai-agents.com\/tr\/templates\/financial-summary\/","url":"https:\/\/sales-ai-agents.com\/tr\/templates\/financial-summary\/","name":"Finansal \u00d6zet \u015eablonu - Sales AI Agents","isPartOf":{"@id":"https:\/\/sales-ai-agents.com\/#website"},"primaryImageOfPage":{"@id":"https:\/\/sales-ai-agents.com\/tr\/templates\/financial-summary\/#primaryimage"},"image":{"@id":"https:\/\/sales-ai-agents.com\/tr\/templates\/financial-summary\/#primaryimage"},"thumbnailUrl":"https:\/\/sales-ai-agents.com\/wp-content\/uploads\/2023\/01\/image-preview120416.png","datePublished":"2022-09-26T12:21:59+00:00","dateModified":"2024-01-02T11:16:02+00:00","description":"Y\u0131ll\u0131k gelir ve giderlerinizin kayd\u0131n\u0131 tutun, varl\u0131k ve y\u00fck\u00fcml\u00fcl\u00fcklerinizi yaz\u0131n. Bu \u00fccretsiz \u015fablonu kullanarak daha iyi planlama i\u00e7in mali durumunuzu takip edin.","inLanguage":"tr","potentialAction":[{"@type":"ReadAction","target":["https:\/\/sales-ai-agents.com\/tr\/templates\/financial-summary\/"]}]},{"@type":"ImageObject","inLanguage":"tr","@id":"https:\/\/sales-ai-agents.com\/tr\/templates\/financial-summary\/#primaryimage","url":"https:\/\/sales-ai-agents.com\/wp-content\/uploads\/2023\/01\/image-preview120416.png","contentUrl":"https:\/\/sales-ai-agents.com\/wp-content\/uploads\/2023\/01\/image-preview120416.png","width":1078,"height":785},{"@type":"WebSite","@id":"https:\/\/sales-ai-agents.com\/#website","url":"https:\/\/sales-ai-agents.com\/","name":"FuseBase","description":"Sales AI Agents - Free Online Collaboration Software for Remote Teams. Build your wikis, client portals and more with the Nimbus Platform collaboration tool ? A perfect space for online work","publisher":{"@id":"https:\/\/sales-ai-agents.com\/#organization"},"potentialAction":[{"@type":"SearchAction","target":{"@type":"EntryPoint","urlTemplate":"https:\/\/sales-ai-agents.com\/?s={search_term_string}"},"query-input":{"@type":"PropertyValueSpecification","valueRequired":true,"valueName":"search_term_string"}}],"inLanguage":"tr"},{"@type":"Organization","@id":"https:\/\/sales-ai-agents.com\/#organization","name":"FuseBase","url":"https:\/\/sales-ai-agents.com\/","logo":{"@type":"ImageObject","inLanguage":"tr","@id":"https:\/\/sales-ai-agents.com\/#\/schema\/logo\/image\/","url":"https:\/\/sales-ai-agents.com\/wp-content\/uploads\/2023\/11\/icon-7.svg","contentUrl":"https:\/\/sales-ai-agents.com\/wp-content\/uploads\/2023\/11\/icon-7.svg","width":128,"height":128,"caption":"FuseBase"},"image":{"@id":"https:\/\/sales-ai-agents.com\/#\/schema\/logo\/image\/"}}]}},"_links":{"self":[{"href":"https:\/\/sales-ai-agents.com\/tr\/wp-json\/wp\/v2\/product\/56141","targetHints":{"allow":["GET"]}}],"collection":[{"href":"https:\/\/sales-ai-agents.com\/tr\/wp-json\/wp\/v2\/product"}],"about":[{"href":"https:\/\/sales-ai-agents.com\/tr\/wp-json\/wp\/v2\/types\/product"}],"wp:featuredmedia":[{"embeddable":true,"href":"https:\/\/sales-ai-agents.com\/tr\/wp-json\/wp\/v2\/media\/56142"}],"wp:attachment":[{"href":"https:\/\/sales-ai-agents.com\/tr\/wp-json\/wp\/v2\/media?parent=56141"}],"wp:term":[{"taxonomy":"product_brand","embeddable":true,"href":"https:\/\/sales-ai-agents.com\/tr\/wp-json\/wp\/v2\/product_brand?post=56141"},{"taxonomy":"product_cat","embeddable":true,"href":"https:\/\/sales-ai-agents.com\/tr\/wp-json\/wp\/v2\/product_cat?post=56141"},{"taxonomy":"product_tag","embeddable":true,"href":"https:\/\/sales-ai-agents.com\/tr\/wp-json\/wp\/v2\/product_tag?post=56141"}],"curies":[{"name":"wp","href":"https:\/\/api.w.org\/{rel}","templated":true}]}}