{"id":56145,"date":"2022-09-26T12:21:37","date_gmt":"2022-09-26T12:21:37","guid":{"rendered":"https:\/\/sales-ai-agents.com\/templates\/daily-to-do-list\/"},"modified":"2024-01-02T13:02:37","modified_gmt":"2024-01-02T13:02:37","slug":"daily-to-do-list","status":"publish","type":"product","link":"https:\/\/sales-ai-agents.com\/tr\/templates\/daily-to-do-list\/","title":{"rendered":"G\u00fcnl\u00fck Yap\u0131lacaklar Listesi"},"content":{"rendered":"<h2>G\u00fcnl\u00fck Yap\u0131lacaklar Listesi \u015eablonu<\/h2>\n<p class=\"desc-text\">Birden fazla g\u00f6rev, son teslim tarihi ve sorumlulukla kar\u015f\u0131 kar\u015f\u0131ya kald\u0131\u011f\u0131n\u0131zda, her \u015feyi y\u00f6netmek bunalt\u0131c\u0131 ve stresli olabilir. Bu g\u00fcnl\u00fck yap\u0131lacaklar listesi \u015fablonunu kullanarak da\u011f\u0131n\u0131kl\u0131\u011f\u0131 azalt\u0131n. Bu \u015fablon size yap\u0131land\u0131r\u0131lm\u0131\u015f bir g\u00fcnl\u00fck program olu\u015fturman\u0131z i\u00e7in bir \u00e7er\u00e7eve sunar. Renkli y\u00fczde \u00e7ubuklar\u0131 ve etiketlerle ilerlemenizi g\u00f6rselle\u015ftirin. T\u00fcm planlar\u0131n\u0131z\u0131 d\u00fczenleyin, b\u00f6ylece unutulan g\u00f6revler ve ka\u00e7\u0131r\u0131lan son tarihler konusundaki endi\u015fenizi hafifletebilirsiniz.<\/p>\n<h5>Nas\u0131l kullan\u0131l\u0131r?<\/h5>\n<ul class=\"desc-item_list\">\n<li class=\"desc-item_list__point\">Tarihi se\u00e7in<\/li>\n<li class=\"desc-item_list__point\">G\u00f6revlerinizin bir a\u00e7\u0131klamas\u0131n\u0131 yaz\u0131n<\/li>\n<li class=\"desc-item_list__point\">Her g\u00f6revi renkli bir etiketle kategorize edin<\/li>\n<li class=\"desc-item_list__point\">\u00d6ncelik seviyesini g\u00f6stermek i\u00e7in renkli etiketler ekleyin<\/li>\n<li class=\"desc-item_list__point\">Her g\u00f6revin durumunu onay kutular\u0131yla kontrol edin<\/li>\n<li class=\"desc-item_list__point\">\u0130lerlemeyi y\u00fczde \u00e7ubuklar\u0131yla g\u00fcncelleme<\/li>\n<li class=\"desc-item_list__point\">Her g\u00f6rev i\u00e7in son tarihleri ekleyin<\/li>\n<\/ul>\n","protected":false},"excerpt":{"rendered":"<p>G\u00f6revler, son teslim tarihleri ve sorumluluklarla kar\u015f\u0131 kar\u015f\u0131ya kald\u0131\u011f\u0131n\u0131zda, her \u015feyi y\u00f6netmek bunalt\u0131c\u0131 olabilir. Bu g\u00fcnl\u00fck yap\u0131lacaklar listesi \u015fablonunu kullanarak da\u011f\u0131n\u0131kl\u0131\u011f\u0131 azalt\u0131n.<\/p>\n","protected":false},"featured_media":56146,"template":"","meta":{"_acf_changed":false,"inline_featured_image":false},"product_brand":[],"product_cat":[217,257,256],"product_tag":[],"class_list":{"0":"post-56145","1":"product","2":"type-product","3":"status-publish","4":"has-post-thumbnail","6":"product_cat-entrepreneur","7":"product_cat-personal","8":"product_cat-organizers-planners","10":"first","11":"instock","12":"virtual","13":"sold-individually","14":"product-type-simple"},"acf":[],"yoast_head":"<!-- This site is optimized with the Yoast SEO plugin v25.3.1 - https:\/\/yoast.com\/wordpress\/plugins\/seo\/ -->\n<title>G\u00fcnl\u00fck Yap\u0131lacaklar Listesi \u015eablonu - Sales AI Agents<\/title>\n<meta name=\"description\" content=\"G\u00f6revlerle, son teslim tarihleriyle kar\u015f\u0131 kar\u015f\u0131ya kald\u0131\u011f\u0131n\u0131zda, her \u015feyi y\u00f6netmek bunalt\u0131c\u0131 olabilir. Bu g\u00fcnl\u00fck yap\u0131lacaklar listesi \u015fablonunu kullanarak da\u011f\u0131n\u0131kl\u0131\u011f\u0131 azalt\u0131n!\" \/>\n<meta name=\"robots\" content=\"index, follow, max-snippet:-1, max-image-preview:large, max-video-preview:-1\" \/>\n<link rel=\"canonical\" href=\"https:\/\/sales-ai-agents.com\/tr\/templates\/daily-to-do-list\/\" \/>\n<meta property=\"og:locale\" content=\"tr_TR\" \/>\n<meta property=\"og:type\" content=\"article\" \/>\n<meta property=\"og:title\" content=\"G\u00fcnl\u00fck Yap\u0131lacaklar Listesi \u015eablonu - Sales AI Agents\" \/>\n<meta property=\"og:description\" content=\"G\u00f6revlerle, son teslim tarihleriyle kar\u015f\u0131 kar\u015f\u0131ya kald\u0131\u011f\u0131n\u0131zda, her \u015feyi y\u00f6netmek bunalt\u0131c\u0131 olabilir. Bu g\u00fcnl\u00fck yap\u0131lacaklar listesi \u015fablonunu kullanarak da\u011f\u0131n\u0131kl\u0131\u011f\u0131 azalt\u0131n!\" \/>\n<meta property=\"og:url\" content=\"https:\/\/sales-ai-agents.com\/tr\/templates\/daily-to-do-list\/\" \/>\n<meta property=\"og:site_name\" content=\"Sales AI Agents\" \/>\n<meta property=\"article:modified_time\" content=\"2024-01-02T13:02:37+00:00\" \/>\n<meta property=\"og:image\" content=\"https:\/\/sales-ai-agents.com\/wp-content\/uploads\/2022\/09\/Daily-To-Do-List-Template.png\" \/>\n\t<meta property=\"og:image:width\" content=\"1700\" \/>\n\t<meta property=\"og:image:height\" content=\"1100\" \/>\n\t<meta property=\"og:image:type\" content=\"image\/png\" \/>\n<meta name=\"twitter:card\" content=\"summary_large_image\" \/>\n<script type=\"application\/ld+json\" class=\"yoast-schema-graph\">{\"@context\":\"https:\/\/schema.org\",\"@graph\":[{\"@type\":\"WebPage\",\"@id\":\"https:\/\/sales-ai-agents.com\/tr\/templates\/daily-to-do-list\/\",\"url\":\"https:\/\/sales-ai-agents.com\/tr\/templates\/daily-to-do-list\/\",\"name\":\"G\u00fcnl\u00fck Yap\u0131lacaklar Listesi \u015eablonu - Sales AI Agents\",\"isPartOf\":{\"@id\":\"https:\/\/sales-ai-agents.com\/#website\"},\"primaryImageOfPage\":{\"@id\":\"https:\/\/sales-ai-agents.com\/tr\/templates\/daily-to-do-list\/#primaryimage\"},\"image\":{\"@id\":\"https:\/\/sales-ai-agents.com\/tr\/templates\/daily-to-do-list\/#primaryimage\"},\"thumbnailUrl\":\"https:\/\/sales-ai-agents.com\/wp-content\/uploads\/2022\/09\/Daily-To-Do-List-Template.png\",\"datePublished\":\"2022-09-26T12:21:37+00:00\",\"dateModified\":\"2024-01-02T13:02:37+00:00\",\"description\":\"G\u00f6revlerle, son teslim tarihleriyle kar\u015f\u0131 kar\u015f\u0131ya kald\u0131\u011f\u0131n\u0131zda, her \u015feyi y\u00f6netmek bunalt\u0131c\u0131 olabilir. Bu g\u00fcnl\u00fck yap\u0131lacaklar listesi \u015fablonunu kullanarak da\u011f\u0131n\u0131kl\u0131\u011f\u0131 azalt\u0131n!\",\"inLanguage\":\"tr\",\"potentialAction\":[{\"@type\":\"ReadAction\",\"target\":[\"https:\/\/sales-ai-agents.com\/tr\/templates\/daily-to-do-list\/\"]}]},{\"@type\":\"ImageObject\",\"inLanguage\":\"tr\",\"@id\":\"https:\/\/sales-ai-agents.com\/tr\/templates\/daily-to-do-list\/#primaryimage\",\"url\":\"https:\/\/sales-ai-agents.com\/wp-content\/uploads\/2022\/09\/Daily-To-Do-List-Template.png\",\"contentUrl\":\"https:\/\/sales-ai-agents.com\/wp-content\/uploads\/2022\/09\/Daily-To-Do-List-Template.png\",\"width\":1700,\"height\":1100},{\"@type\":\"WebSite\",\"@id\":\"https:\/\/sales-ai-agents.com\/#website\",\"url\":\"https:\/\/sales-ai-agents.com\/\",\"name\":\"FuseBase\",\"description\":\"Sales AI Agents - Free Online Collaboration Software for Remote Teams. Build your wikis, client portals and more with the Nimbus Platform collaboration tool ? A perfect space for online work\",\"publisher\":{\"@id\":\"https:\/\/sales-ai-agents.com\/#organization\"},\"potentialAction\":[{\"@type\":\"SearchAction\",\"target\":{\"@type\":\"EntryPoint\",\"urlTemplate\":\"https:\/\/sales-ai-agents.com\/?s={search_term_string}\"},\"query-input\":{\"@type\":\"PropertyValueSpecification\",\"valueRequired\":true,\"valueName\":\"search_term_string\"}}],\"inLanguage\":\"tr\"},{\"@type\":\"Organization\",\"@id\":\"https:\/\/sales-ai-agents.com\/#organization\",\"name\":\"FuseBase\",\"url\":\"https:\/\/sales-ai-agents.com\/\",\"logo\":{\"@type\":\"ImageObject\",\"inLanguage\":\"tr\",\"@id\":\"https:\/\/sales-ai-agents.com\/#\/schema\/logo\/image\/\",\"url\":\"https:\/\/sales-ai-agents.com\/wp-content\/uploads\/2023\/11\/icon-7.svg\",\"contentUrl\":\"https:\/\/sales-ai-agents.com\/wp-content\/uploads\/2023\/11\/icon-7.svg\",\"width\":128,\"height\":128,\"caption\":\"FuseBase\"},\"image\":{\"@id\":\"https:\/\/sales-ai-agents.com\/#\/schema\/logo\/image\/\"}}]}<\/script>\n<!-- \/ Yoast SEO plugin. -->","yoast_head_json":{"title":"G\u00fcnl\u00fck Yap\u0131lacaklar Listesi \u015eablonu - Sales AI Agents","description":"G\u00f6revlerle, son teslim tarihleriyle kar\u015f\u0131 kar\u015f\u0131ya kald\u0131\u011f\u0131n\u0131zda, her \u015feyi y\u00f6netmek bunalt\u0131c\u0131 olabilir. Bu g\u00fcnl\u00fck yap\u0131lacaklar listesi \u015fablonunu kullanarak da\u011f\u0131n\u0131kl\u0131\u011f\u0131 azalt\u0131n!","robots":{"index":"index","follow":"follow","max-snippet":"max-snippet:-1","max-image-preview":"max-image-preview:large","max-video-preview":"max-video-preview:-1"},"canonical":"https:\/\/sales-ai-agents.com\/tr\/templates\/daily-to-do-list\/","og_locale":"tr_TR","og_type":"article","og_title":"G\u00fcnl\u00fck Yap\u0131lacaklar Listesi \u015eablonu - Sales AI Agents","og_description":"G\u00f6revlerle, son teslim tarihleriyle kar\u015f\u0131 kar\u015f\u0131ya kald\u0131\u011f\u0131n\u0131zda, her \u015feyi y\u00f6netmek bunalt\u0131c\u0131 olabilir. Bu g\u00fcnl\u00fck yap\u0131lacaklar listesi \u015fablonunu kullanarak da\u011f\u0131n\u0131kl\u0131\u011f\u0131 azalt\u0131n!","og_url":"https:\/\/sales-ai-agents.com\/tr\/templates\/daily-to-do-list\/","og_site_name":"Sales AI Agents","article_modified_time":"2024-01-02T13:02:37+00:00","og_image":[{"width":1700,"height":1100,"url":"https:\/\/sales-ai-agents.com\/wp-content\/uploads\/2022\/09\/Daily-To-Do-List-Template.png","type":"image\/png"}],"twitter_card":"summary_large_image","schema":{"@context":"https:\/\/schema.org","@graph":[{"@type":"WebPage","@id":"https:\/\/sales-ai-agents.com\/tr\/templates\/daily-to-do-list\/","url":"https:\/\/sales-ai-agents.com\/tr\/templates\/daily-to-do-list\/","name":"G\u00fcnl\u00fck Yap\u0131lacaklar Listesi \u015eablonu - Sales AI Agents","isPartOf":{"@id":"https:\/\/sales-ai-agents.com\/#website"},"primaryImageOfPage":{"@id":"https:\/\/sales-ai-agents.com\/tr\/templates\/daily-to-do-list\/#primaryimage"},"image":{"@id":"https:\/\/sales-ai-agents.com\/tr\/templates\/daily-to-do-list\/#primaryimage"},"thumbnailUrl":"https:\/\/sales-ai-agents.com\/wp-content\/uploads\/2022\/09\/Daily-To-Do-List-Template.png","datePublished":"2022-09-26T12:21:37+00:00","dateModified":"2024-01-02T13:02:37+00:00","description":"G\u00f6revlerle, son teslim tarihleriyle kar\u015f\u0131 kar\u015f\u0131ya kald\u0131\u011f\u0131n\u0131zda, her \u015feyi y\u00f6netmek bunalt\u0131c\u0131 olabilir. Bu g\u00fcnl\u00fck yap\u0131lacaklar listesi \u015fablonunu kullanarak da\u011f\u0131n\u0131kl\u0131\u011f\u0131 azalt\u0131n!","inLanguage":"tr","potentialAction":[{"@type":"ReadAction","target":["https:\/\/sales-ai-agents.com\/tr\/templates\/daily-to-do-list\/"]}]},{"@type":"ImageObject","inLanguage":"tr","@id":"https:\/\/sales-ai-agents.com\/tr\/templates\/daily-to-do-list\/#primaryimage","url":"https:\/\/sales-ai-agents.com\/wp-content\/uploads\/2022\/09\/Daily-To-Do-List-Template.png","contentUrl":"https:\/\/sales-ai-agents.com\/wp-content\/uploads\/2022\/09\/Daily-To-Do-List-Template.png","width":1700,"height":1100},{"@type":"WebSite","@id":"https:\/\/sales-ai-agents.com\/#website","url":"https:\/\/sales-ai-agents.com\/","name":"FuseBase","description":"Sales AI Agents - Free Online Collaboration Software for Remote Teams. Build your wikis, client portals and more with the Nimbus Platform collaboration tool ? A perfect space for online work","publisher":{"@id":"https:\/\/sales-ai-agents.com\/#organization"},"potentialAction":[{"@type":"SearchAction","target":{"@type":"EntryPoint","urlTemplate":"https:\/\/sales-ai-agents.com\/?s={search_term_string}"},"query-input":{"@type":"PropertyValueSpecification","valueRequired":true,"valueName":"search_term_string"}}],"inLanguage":"tr"},{"@type":"Organization","@id":"https:\/\/sales-ai-agents.com\/#organization","name":"FuseBase","url":"https:\/\/sales-ai-agents.com\/","logo":{"@type":"ImageObject","inLanguage":"tr","@id":"https:\/\/sales-ai-agents.com\/#\/schema\/logo\/image\/","url":"https:\/\/sales-ai-agents.com\/wp-content\/uploads\/2023\/11\/icon-7.svg","contentUrl":"https:\/\/sales-ai-agents.com\/wp-content\/uploads\/2023\/11\/icon-7.svg","width":128,"height":128,"caption":"FuseBase"},"image":{"@id":"https:\/\/sales-ai-agents.com\/#\/schema\/logo\/image\/"}}]}},"_links":{"self":[{"href":"https:\/\/sales-ai-agents.com\/tr\/wp-json\/wp\/v2\/product\/56145","targetHints":{"allow":["GET"]}}],"collection":[{"href":"https:\/\/sales-ai-agents.com\/tr\/wp-json\/wp\/v2\/product"}],"about":[{"href":"https:\/\/sales-ai-agents.com\/tr\/wp-json\/wp\/v2\/types\/product"}],"wp:featuredmedia":[{"embeddable":true,"href":"https:\/\/sales-ai-agents.com\/tr\/wp-json\/wp\/v2\/media\/56146"}],"wp:attachment":[{"href":"https:\/\/sales-ai-agents.com\/tr\/wp-json\/wp\/v2\/media?parent=56145"}],"wp:term":[{"taxonomy":"product_brand","embeddable":true,"href":"https:\/\/sales-ai-agents.com\/tr\/wp-json\/wp\/v2\/product_brand?post=56145"},{"taxonomy":"product_cat","embeddable":true,"href":"https:\/\/sales-ai-agents.com\/tr\/wp-json\/wp\/v2\/product_cat?post=56145"},{"taxonomy":"product_tag","embeddable":true,"href":"https:\/\/sales-ai-agents.com\/tr\/wp-json\/wp\/v2\/product_tag?post=56145"}],"curies":[{"name":"wp","href":"https:\/\/api.w.org\/{rel}","templated":true}]}}