{"id":56159,"date":"2022-09-26T12:21:31","date_gmt":"2022-09-26T12:21:31","guid":{"rendered":"https:\/\/sales-ai-agents.com\/templates\/user-experience-testing\/"},"modified":"2023-12-26T15:00:00","modified_gmt":"2023-12-26T15:00:00","slug":"user-experience-testing","status":"publish","type":"product","link":"https:\/\/sales-ai-agents.com\/tr\/templates\/user-experience-testing\/","title":{"rendered":"Kullan\u0131c\u0131 Deneyimi Testi"},"content":{"rendered":"<p>&nbsp;<\/p>\n<h2>Kullan\u0131c\u0131 Deneyimi Test \u015eablonu<\/h2>\n<p class=\"desc-text\">Kullan\u0131c\u0131 deneyimi testlerinizi takip etmek i\u00e7in bu \u015fablonu kullan\u0131n. Kolay i\u015fbirli\u011fi ve payla\u015f\u0131m sa\u011flamak i\u00e7in her bir test uzman\u0131n\u0131 ve g\u00f6zlemciyi etiketleyin. \u00dcr\u00fcn\u00fcn\u00fcz\u00fcn kullan\u0131c\u0131 deneyiminin farkl\u0131 y\u00f6nlerini de\u011ferlendirmek i\u00e7in her testten al\u0131nan notlar\u0131 ve verileri kullan\u0131n. Ekibinizle birlikte \u00e7\u00f6z\u00fcmler \u00fczerinde beyin f\u0131rt\u0131nas\u0131 yap\u0131n ve \u00fcr\u00fcn\u00fcn\u00fcz\u00fc daha verimli hale getirmek i\u00e7in uygulanabilir ad\u0131mlar olu\u015fturun.<\/p>\n<h5>Nas\u0131l kullan\u0131l\u0131r?<\/h5>\n<ul class=\"desc-item_list\">\n<li class=\"desc-item_list__point\">Test edilecek farkl\u0131 \u00f6\u011feleri listeleyin<\/li>\n<li class=\"desc-item_list__point\">Test uzmanlar\u0131n\u0131 ve g\u00f6zlemcileri etiketlemek i\u00e7in @mentions kullan\u0131n<\/li>\n<li class=\"desc-item_list__point\">Her bir \u00f6\u011fenin durumunu takip edin<\/li>\n<li class=\"desc-item_list__point\">Her test i\u00e7in notlar ve yorumlar ekleyin<\/li>\n<\/ul>\n","protected":false},"excerpt":{"rendered":"<p>Kullan\u0131c\u0131 deneyimi testlerinizi takip etmek i\u00e7in bu \u015fablonu kullan\u0131n. Ekibinizle birlikte \u00e7\u00f6z\u00fcmler \u00fczerinde beyin f\u0131rt\u0131nas\u0131 yap\u0131n ve \u00fcr\u00fcn\u00fcn\u00fcz\u00fc verimli hale getirmek i\u00e7in uygulanabilir ad\u0131mlar olu\u015fturun.<\/p>\n","protected":false},"featured_media":56161,"template":"","meta":{"_acf_changed":false,"inline_featured_image":false},"product_brand":[],"product_cat":[251],"product_tag":[],"class_list":{"0":"post-56159","1":"product","2":"type-product","3":"status-publish","4":"has-post-thumbnail","6":"product_cat-designer","8":"first","9":"instock","10":"virtual","11":"sold-individually","12":"product-type-simple"},"acf":[],"yoast_head":"<!-- This site is optimized with the Yoast SEO plugin v25.3.1 - https:\/\/yoast.com\/wordpress\/plugins\/seo\/ -->\n<title>Kullan\u0131c\u0131 Deneyimi Test \u015eablonu - Sales AI Agents<\/title>\n<meta name=\"description\" content=\"Kullan\u0131c\u0131 deneyimi testlerinizi takip etmek i\u00e7in bu \u015fablonu kullan\u0131n. Ekibinizle birlikte beyin f\u0131rt\u0131nas\u0131 yap\u0131n ve \u00fcr\u00fcn\u00fcn\u00fcz\u00fc verimli hale getirmek i\u00e7in ad\u0131mlar olu\u015fturun!\" \/>\n<meta name=\"robots\" content=\"index, follow, max-snippet:-1, max-image-preview:large, max-video-preview:-1\" \/>\n<link rel=\"canonical\" href=\"https:\/\/sales-ai-agents.com\/tr\/templates\/user-experience-testing\/\" \/>\n<meta property=\"og:locale\" content=\"tr_TR\" \/>\n<meta property=\"og:type\" content=\"article\" \/>\n<meta property=\"og:title\" content=\"Kullan\u0131c\u0131 Deneyimi Test \u015eablonu - Sales AI Agents\" \/>\n<meta property=\"og:description\" content=\"Kullan\u0131c\u0131 deneyimi testlerinizi takip etmek i\u00e7in bu \u015fablonu kullan\u0131n. Ekibinizle birlikte beyin f\u0131rt\u0131nas\u0131 yap\u0131n ve \u00fcr\u00fcn\u00fcn\u00fcz\u00fc verimli hale getirmek i\u00e7in ad\u0131mlar olu\u015fturun!\" \/>\n<meta property=\"og:url\" content=\"https:\/\/sales-ai-agents.com\/tr\/templates\/user-experience-testing\/\" \/>\n<meta property=\"og:site_name\" content=\"Sales AI Agents\" \/>\n<meta property=\"article:modified_time\" content=\"2023-12-26T15:00:00+00:00\" \/>\n<meta property=\"og:image\" content=\"https:\/\/sales-ai-agents.com\/wp-content\/uploads\/2022\/09\/User_Experience_Testing_Template-1-scaled.jpg\" \/>\n\t<meta property=\"og:image:width\" content=\"2560\" \/>\n\t<meta property=\"og:image:height\" content=\"1404\" \/>\n\t<meta property=\"og:image:type\" content=\"image\/jpeg\" \/>\n<meta name=\"twitter:card\" content=\"summary_large_image\" \/>\n<script type=\"application\/ld+json\" class=\"yoast-schema-graph\">{\"@context\":\"https:\/\/schema.org\",\"@graph\":[{\"@type\":\"WebPage\",\"@id\":\"https:\/\/sales-ai-agents.com\/tr\/templates\/user-experience-testing\/\",\"url\":\"https:\/\/sales-ai-agents.com\/tr\/templates\/user-experience-testing\/\",\"name\":\"Kullan\u0131c\u0131 Deneyimi Test \u015eablonu - Sales AI Agents\",\"isPartOf\":{\"@id\":\"https:\/\/sales-ai-agents.com\/#website\"},\"primaryImageOfPage\":{\"@id\":\"https:\/\/sales-ai-agents.com\/tr\/templates\/user-experience-testing\/#primaryimage\"},\"image\":{\"@id\":\"https:\/\/sales-ai-agents.com\/tr\/templates\/user-experience-testing\/#primaryimage\"},\"thumbnailUrl\":\"https:\/\/sales-ai-agents.com\/wp-content\/uploads\/2022\/09\/User_Experience_Testing_Template-1-scaled.jpg\",\"datePublished\":\"2022-09-26T12:21:31+00:00\",\"dateModified\":\"2023-12-26T15:00:00+00:00\",\"description\":\"Kullan\u0131c\u0131 deneyimi testlerinizi takip etmek i\u00e7in bu \u015fablonu kullan\u0131n. Ekibinizle birlikte beyin f\u0131rt\u0131nas\u0131 yap\u0131n ve \u00fcr\u00fcn\u00fcn\u00fcz\u00fc verimli hale getirmek i\u00e7in ad\u0131mlar olu\u015fturun!\",\"inLanguage\":\"tr\",\"potentialAction\":[{\"@type\":\"ReadAction\",\"target\":[\"https:\/\/sales-ai-agents.com\/tr\/templates\/user-experience-testing\/\"]}]},{\"@type\":\"ImageObject\",\"inLanguage\":\"tr\",\"@id\":\"https:\/\/sales-ai-agents.com\/tr\/templates\/user-experience-testing\/#primaryimage\",\"url\":\"https:\/\/sales-ai-agents.com\/wp-content\/uploads\/2022\/09\/User_Experience_Testing_Template-1-scaled.jpg\",\"contentUrl\":\"https:\/\/sales-ai-agents.com\/wp-content\/uploads\/2022\/09\/User_Experience_Testing_Template-1-scaled.jpg\",\"width\":2560,\"height\":1404},{\"@type\":\"WebSite\",\"@id\":\"https:\/\/sales-ai-agents.com\/#website\",\"url\":\"https:\/\/sales-ai-agents.com\/\",\"name\":\"FuseBase\",\"description\":\"Sales AI Agents - Free Online Collaboration Software for Remote Teams. Build your wikis, client portals and more with the Nimbus Platform collaboration tool ? A perfect space for online work\",\"publisher\":{\"@id\":\"https:\/\/sales-ai-agents.com\/#organization\"},\"potentialAction\":[{\"@type\":\"SearchAction\",\"target\":{\"@type\":\"EntryPoint\",\"urlTemplate\":\"https:\/\/sales-ai-agents.com\/?s={search_term_string}\"},\"query-input\":{\"@type\":\"PropertyValueSpecification\",\"valueRequired\":true,\"valueName\":\"search_term_string\"}}],\"inLanguage\":\"tr\"},{\"@type\":\"Organization\",\"@id\":\"https:\/\/sales-ai-agents.com\/#organization\",\"name\":\"FuseBase\",\"url\":\"https:\/\/sales-ai-agents.com\/\",\"logo\":{\"@type\":\"ImageObject\",\"inLanguage\":\"tr\",\"@id\":\"https:\/\/sales-ai-agents.com\/#\/schema\/logo\/image\/\",\"url\":\"https:\/\/sales-ai-agents.com\/wp-content\/uploads\/2023\/11\/icon-7.svg\",\"contentUrl\":\"https:\/\/sales-ai-agents.com\/wp-content\/uploads\/2023\/11\/icon-7.svg\",\"width\":128,\"height\":128,\"caption\":\"FuseBase\"},\"image\":{\"@id\":\"https:\/\/sales-ai-agents.com\/#\/schema\/logo\/image\/\"}}]}<\/script>\n<!-- \/ Yoast SEO plugin. -->","yoast_head_json":{"title":"Kullan\u0131c\u0131 Deneyimi Test \u015eablonu - Sales AI Agents","description":"Kullan\u0131c\u0131 deneyimi testlerinizi takip etmek i\u00e7in bu \u015fablonu kullan\u0131n. Ekibinizle birlikte beyin f\u0131rt\u0131nas\u0131 yap\u0131n ve \u00fcr\u00fcn\u00fcn\u00fcz\u00fc verimli hale getirmek i\u00e7in ad\u0131mlar olu\u015fturun!","robots":{"index":"index","follow":"follow","max-snippet":"max-snippet:-1","max-image-preview":"max-image-preview:large","max-video-preview":"max-video-preview:-1"},"canonical":"https:\/\/sales-ai-agents.com\/tr\/templates\/user-experience-testing\/","og_locale":"tr_TR","og_type":"article","og_title":"Kullan\u0131c\u0131 Deneyimi Test \u015eablonu - Sales AI Agents","og_description":"Kullan\u0131c\u0131 deneyimi testlerinizi takip etmek i\u00e7in bu \u015fablonu kullan\u0131n. Ekibinizle birlikte beyin f\u0131rt\u0131nas\u0131 yap\u0131n ve \u00fcr\u00fcn\u00fcn\u00fcz\u00fc verimli hale getirmek i\u00e7in ad\u0131mlar olu\u015fturun!","og_url":"https:\/\/sales-ai-agents.com\/tr\/templates\/user-experience-testing\/","og_site_name":"Sales AI Agents","article_modified_time":"2023-12-26T15:00:00+00:00","og_image":[{"width":2560,"height":1404,"url":"https:\/\/sales-ai-agents.com\/wp-content\/uploads\/2022\/09\/User_Experience_Testing_Template-1-scaled.jpg","type":"image\/jpeg"}],"twitter_card":"summary_large_image","schema":{"@context":"https:\/\/schema.org","@graph":[{"@type":"WebPage","@id":"https:\/\/sales-ai-agents.com\/tr\/templates\/user-experience-testing\/","url":"https:\/\/sales-ai-agents.com\/tr\/templates\/user-experience-testing\/","name":"Kullan\u0131c\u0131 Deneyimi Test \u015eablonu - Sales AI Agents","isPartOf":{"@id":"https:\/\/sales-ai-agents.com\/#website"},"primaryImageOfPage":{"@id":"https:\/\/sales-ai-agents.com\/tr\/templates\/user-experience-testing\/#primaryimage"},"image":{"@id":"https:\/\/sales-ai-agents.com\/tr\/templates\/user-experience-testing\/#primaryimage"},"thumbnailUrl":"https:\/\/sales-ai-agents.com\/wp-content\/uploads\/2022\/09\/User_Experience_Testing_Template-1-scaled.jpg","datePublished":"2022-09-26T12:21:31+00:00","dateModified":"2023-12-26T15:00:00+00:00","description":"Kullan\u0131c\u0131 deneyimi testlerinizi takip etmek i\u00e7in bu \u015fablonu kullan\u0131n. Ekibinizle birlikte beyin f\u0131rt\u0131nas\u0131 yap\u0131n ve \u00fcr\u00fcn\u00fcn\u00fcz\u00fc verimli hale getirmek i\u00e7in ad\u0131mlar olu\u015fturun!","inLanguage":"tr","potentialAction":[{"@type":"ReadAction","target":["https:\/\/sales-ai-agents.com\/tr\/templates\/user-experience-testing\/"]}]},{"@type":"ImageObject","inLanguage":"tr","@id":"https:\/\/sales-ai-agents.com\/tr\/templates\/user-experience-testing\/#primaryimage","url":"https:\/\/sales-ai-agents.com\/wp-content\/uploads\/2022\/09\/User_Experience_Testing_Template-1-scaled.jpg","contentUrl":"https:\/\/sales-ai-agents.com\/wp-content\/uploads\/2022\/09\/User_Experience_Testing_Template-1-scaled.jpg","width":2560,"height":1404},{"@type":"WebSite","@id":"https:\/\/sales-ai-agents.com\/#website","url":"https:\/\/sales-ai-agents.com\/","name":"FuseBase","description":"Sales AI Agents - Free Online Collaboration Software for Remote Teams. Build your wikis, client portals and more with the Nimbus Platform collaboration tool ? A perfect space for online work","publisher":{"@id":"https:\/\/sales-ai-agents.com\/#organization"},"potentialAction":[{"@type":"SearchAction","target":{"@type":"EntryPoint","urlTemplate":"https:\/\/sales-ai-agents.com\/?s={search_term_string}"},"query-input":{"@type":"PropertyValueSpecification","valueRequired":true,"valueName":"search_term_string"}}],"inLanguage":"tr"},{"@type":"Organization","@id":"https:\/\/sales-ai-agents.com\/#organization","name":"FuseBase","url":"https:\/\/sales-ai-agents.com\/","logo":{"@type":"ImageObject","inLanguage":"tr","@id":"https:\/\/sales-ai-agents.com\/#\/schema\/logo\/image\/","url":"https:\/\/sales-ai-agents.com\/wp-content\/uploads\/2023\/11\/icon-7.svg","contentUrl":"https:\/\/sales-ai-agents.com\/wp-content\/uploads\/2023\/11\/icon-7.svg","width":128,"height":128,"caption":"FuseBase"},"image":{"@id":"https:\/\/sales-ai-agents.com\/#\/schema\/logo\/image\/"}}]}},"_links":{"self":[{"href":"https:\/\/sales-ai-agents.com\/tr\/wp-json\/wp\/v2\/product\/56159","targetHints":{"allow":["GET"]}}],"collection":[{"href":"https:\/\/sales-ai-agents.com\/tr\/wp-json\/wp\/v2\/product"}],"about":[{"href":"https:\/\/sales-ai-agents.com\/tr\/wp-json\/wp\/v2\/types\/product"}],"wp:featuredmedia":[{"embeddable":true,"href":"https:\/\/sales-ai-agents.com\/tr\/wp-json\/wp\/v2\/media\/56161"}],"wp:attachment":[{"href":"https:\/\/sales-ai-agents.com\/tr\/wp-json\/wp\/v2\/media?parent=56159"}],"wp:term":[{"taxonomy":"product_brand","embeddable":true,"href":"https:\/\/sales-ai-agents.com\/tr\/wp-json\/wp\/v2\/product_brand?post=56159"},{"taxonomy":"product_cat","embeddable":true,"href":"https:\/\/sales-ai-agents.com\/tr\/wp-json\/wp\/v2\/product_cat?post=56159"},{"taxonomy":"product_tag","embeddable":true,"href":"https:\/\/sales-ai-agents.com\/tr\/wp-json\/wp\/v2\/product_tag?post=56159"}],"curies":[{"name":"wp","href":"https:\/\/api.w.org\/{rel}","templated":true}]}}