{"id":56167,"date":"2022-09-26T12:21:28","date_gmt":"2022-09-26T12:21:28","guid":{"rendered":"https:\/\/sales-ai-agents.com\/templates\/weekly-planner\/"},"modified":"2024-01-02T11:58:28","modified_gmt":"2024-01-02T11:58:28","slug":"weekly-planner","status":"publish","type":"product","link":"https:\/\/sales-ai-agents.com\/tr\/templates\/weekly-planner\/","title":{"rendered":"Haftal\u0131k Planlay\u0131c\u0131"},"content":{"rendered":"<p>&nbsp;<\/p>\n<h2>Haftal\u0131k Planlay\u0131c\u0131 \u015eablonu<\/h2>\n<p class=\"desc-text\">Bu kullan\u0131\u015fl\u0131 planlay\u0131c\u0131 \u015fablonu haftan\u0131z\u0131 d\u00fczenlemenize yard\u0131mc\u0131 olabilir. Bir program olu\u015fturarak haftan\u0131z\u0131n yap\u0131land\u0131r\u0131lm\u0131\u015f, odaklanm\u0131\u015f ve \u00fcretken oldu\u011fundan emin olun. \u00d6nemli teslim tarihlerini ve etkinlikleri ka\u00e7\u0131rmay\u0131n. G\u00f6rev ve sorumluluklar\u0131n\u0131z\u0131 hat\u0131rlayabilmek i\u00e7in etkili bir \u015fekilde plan yap\u0131n. Bu \u015fablonu notlar yazmak, g\u00f6revleri listelemek ve hedefler olu\u015fturmak i\u00e7in kullan\u0131n, b\u00f6ylece daha fazlas\u0131n\u0131 yapabilirsiniz &#8211; bu kadar basit.<\/p>\n<h5>Nas\u0131l kullan\u0131l\u0131r?<\/h5>\n<ul class=\"desc-item_list\">\n<li class=\"desc-item_list__point\">Her g\u00fcn i\u00e7in etkinlikleri, g\u00f6revleri ve son tarihleri yaz\u0131n<\/li>\n<li class=\"desc-item_list__point\">Haftan\u0131n yedi g\u00fcn\u00fcn\u00fc planlay\u0131n<\/li>\n<li class=\"desc-item_list__point\">Tamamlanacak taslak hedefler<\/li>\n<li class=\"desc-item_list__point\">Hedeflere odaklanan bir yap\u0131lacaklar listesi olu\u015fturun<\/li>\n<li class=\"desc-item_list__point\">Her g\u00f6rev tamamland\u0131\u011f\u0131nda kontrol edin<\/li>\n<li class=\"desc-item_list__point\">Sa\u011f alttaki tabloya notlar yaz\u0131n<\/li>\n<\/ul>\n","protected":false},"excerpt":{"rendered":"<p>Bu kullan\u0131\u015fl\u0131, \u00f6zelle\u015ftirilebilir planlay\u0131c\u0131 \u015fablonu haftan\u0131z\u0131 d\u00fczenlemenize yard\u0131mc\u0131 olabilir. Bir program olu\u015fturarak haftan\u0131z\u0131n yap\u0131land\u0131r\u0131lm\u0131\u015f, odaklanm\u0131\u015f ve \u00fcretken oldu\u011fundan emin olun.<\/p>\n","protected":false},"featured_media":56168,"template":"","meta":{"_acf_changed":false,"inline_featured_image":false},"product_brand":[],"product_cat":[257,256],"product_tag":[],"class_list":{"0":"post-56167","1":"product","2":"type-product","3":"status-publish","4":"has-post-thumbnail","6":"product_cat-personal","7":"product_cat-organizers-planners","9":"first","10":"instock","11":"virtual","12":"sold-individually","13":"product-type-simple"},"acf":[],"yoast_head":"<!-- This site is optimized with the Yoast SEO plugin v25.3.1 - https:\/\/yoast.com\/wordpress\/plugins\/seo\/ -->\n<title>Haftal\u0131k Planlay\u0131c\u0131 \u015eablonu - Sales AI Agents<\/title>\n<meta name=\"description\" content=\"Bu kullan\u0131\u015fl\u0131, \u00f6zelle\u015ftirilebilir planlay\u0131c\u0131 \u015fablonu haftan\u0131z\u0131 d\u00fczenlemenize yard\u0131mc\u0131 olabilir. Bir program olu\u015fturarak haftan\u0131z\u0131n yap\u0131land\u0131r\u0131lm\u0131\u015f, odaklanm\u0131\u015f ve \u00fcretken oldu\u011fundan emin olun.\" \/>\n<meta name=\"robots\" content=\"index, follow, max-snippet:-1, max-image-preview:large, max-video-preview:-1\" \/>\n<link rel=\"canonical\" href=\"https:\/\/sales-ai-agents.com\/tr\/templates\/weekly-planner\/\" \/>\n<meta property=\"og:locale\" content=\"tr_TR\" \/>\n<meta property=\"og:type\" content=\"article\" \/>\n<meta property=\"og:title\" content=\"Haftal\u0131k Planlay\u0131c\u0131 \u015eablonu - Sales AI Agents\" \/>\n<meta property=\"og:description\" content=\"Bu kullan\u0131\u015fl\u0131, \u00f6zelle\u015ftirilebilir planlay\u0131c\u0131 \u015fablonu haftan\u0131z\u0131 d\u00fczenlemenize yard\u0131mc\u0131 olabilir. Bir program olu\u015fturarak haftan\u0131z\u0131n yap\u0131land\u0131r\u0131lm\u0131\u015f, odaklanm\u0131\u015f ve \u00fcretken oldu\u011fundan emin olun.\" \/>\n<meta property=\"og:url\" content=\"https:\/\/sales-ai-agents.com\/tr\/templates\/weekly-planner\/\" \/>\n<meta property=\"og:site_name\" content=\"Sales AI Agents\" \/>\n<meta property=\"article:modified_time\" content=\"2024-01-02T11:58:28+00:00\" \/>\n<meta property=\"og:image\" content=\"https:\/\/sales-ai-agents.com\/wp-content\/uploads\/2022\/09\/Weekly-Planner-Template.png\" \/>\n\t<meta property=\"og:image:width\" content=\"1700\" \/>\n\t<meta property=\"og:image:height\" content=\"1100\" \/>\n\t<meta property=\"og:image:type\" content=\"image\/png\" \/>\n<meta name=\"twitter:card\" content=\"summary_large_image\" \/>\n<script type=\"application\/ld+json\" class=\"yoast-schema-graph\">{\"@context\":\"https:\/\/schema.org\",\"@graph\":[{\"@type\":\"WebPage\",\"@id\":\"https:\/\/sales-ai-agents.com\/tr\/templates\/weekly-planner\/\",\"url\":\"https:\/\/sales-ai-agents.com\/tr\/templates\/weekly-planner\/\",\"name\":\"Haftal\u0131k Planlay\u0131c\u0131 \u015eablonu - Sales AI Agents\",\"isPartOf\":{\"@id\":\"https:\/\/sales-ai-agents.com\/#website\"},\"primaryImageOfPage\":{\"@id\":\"https:\/\/sales-ai-agents.com\/tr\/templates\/weekly-planner\/#primaryimage\"},\"image\":{\"@id\":\"https:\/\/sales-ai-agents.com\/tr\/templates\/weekly-planner\/#primaryimage\"},\"thumbnailUrl\":\"https:\/\/sales-ai-agents.com\/wp-content\/uploads\/2022\/09\/Weekly-Planner-Template.png\",\"datePublished\":\"2022-09-26T12:21:28+00:00\",\"dateModified\":\"2024-01-02T11:58:28+00:00\",\"description\":\"Bu kullan\u0131\u015fl\u0131, \u00f6zelle\u015ftirilebilir planlay\u0131c\u0131 \u015fablonu haftan\u0131z\u0131 d\u00fczenlemenize yard\u0131mc\u0131 olabilir. Bir program olu\u015fturarak haftan\u0131z\u0131n yap\u0131land\u0131r\u0131lm\u0131\u015f, odaklanm\u0131\u015f ve \u00fcretken oldu\u011fundan emin olun.\",\"inLanguage\":\"tr\",\"potentialAction\":[{\"@type\":\"ReadAction\",\"target\":[\"https:\/\/sales-ai-agents.com\/tr\/templates\/weekly-planner\/\"]}]},{\"@type\":\"ImageObject\",\"inLanguage\":\"tr\",\"@id\":\"https:\/\/sales-ai-agents.com\/tr\/templates\/weekly-planner\/#primaryimage\",\"url\":\"https:\/\/sales-ai-agents.com\/wp-content\/uploads\/2022\/09\/Weekly-Planner-Template.png\",\"contentUrl\":\"https:\/\/sales-ai-agents.com\/wp-content\/uploads\/2022\/09\/Weekly-Planner-Template.png\",\"width\":1700,\"height\":1100},{\"@type\":\"WebSite\",\"@id\":\"https:\/\/sales-ai-agents.com\/#website\",\"url\":\"https:\/\/sales-ai-agents.com\/\",\"name\":\"FuseBase\",\"description\":\"Sales AI Agents - Free Online Collaboration Software for Remote Teams. Build your wikis, client portals and more with the Nimbus Platform collaboration tool ? A perfect space for online work\",\"publisher\":{\"@id\":\"https:\/\/sales-ai-agents.com\/#organization\"},\"potentialAction\":[{\"@type\":\"SearchAction\",\"target\":{\"@type\":\"EntryPoint\",\"urlTemplate\":\"https:\/\/sales-ai-agents.com\/?s={search_term_string}\"},\"query-input\":{\"@type\":\"PropertyValueSpecification\",\"valueRequired\":true,\"valueName\":\"search_term_string\"}}],\"inLanguage\":\"tr\"},{\"@type\":\"Organization\",\"@id\":\"https:\/\/sales-ai-agents.com\/#organization\",\"name\":\"FuseBase\",\"url\":\"https:\/\/sales-ai-agents.com\/\",\"logo\":{\"@type\":\"ImageObject\",\"inLanguage\":\"tr\",\"@id\":\"https:\/\/sales-ai-agents.com\/#\/schema\/logo\/image\/\",\"url\":\"https:\/\/sales-ai-agents.com\/wp-content\/uploads\/2023\/11\/icon-7.svg\",\"contentUrl\":\"https:\/\/sales-ai-agents.com\/wp-content\/uploads\/2023\/11\/icon-7.svg\",\"width\":128,\"height\":128,\"caption\":\"FuseBase\"},\"image\":{\"@id\":\"https:\/\/sales-ai-agents.com\/#\/schema\/logo\/image\/\"}}]}<\/script>\n<!-- \/ Yoast SEO plugin. -->","yoast_head_json":{"title":"Haftal\u0131k Planlay\u0131c\u0131 \u015eablonu - Sales AI Agents","description":"Bu kullan\u0131\u015fl\u0131, \u00f6zelle\u015ftirilebilir planlay\u0131c\u0131 \u015fablonu haftan\u0131z\u0131 d\u00fczenlemenize yard\u0131mc\u0131 olabilir. Bir program olu\u015fturarak haftan\u0131z\u0131n yap\u0131land\u0131r\u0131lm\u0131\u015f, odaklanm\u0131\u015f ve \u00fcretken oldu\u011fundan emin olun.","robots":{"index":"index","follow":"follow","max-snippet":"max-snippet:-1","max-image-preview":"max-image-preview:large","max-video-preview":"max-video-preview:-1"},"canonical":"https:\/\/sales-ai-agents.com\/tr\/templates\/weekly-planner\/","og_locale":"tr_TR","og_type":"article","og_title":"Haftal\u0131k Planlay\u0131c\u0131 \u015eablonu - Sales AI Agents","og_description":"Bu kullan\u0131\u015fl\u0131, \u00f6zelle\u015ftirilebilir planlay\u0131c\u0131 \u015fablonu haftan\u0131z\u0131 d\u00fczenlemenize yard\u0131mc\u0131 olabilir. Bir program olu\u015fturarak haftan\u0131z\u0131n yap\u0131land\u0131r\u0131lm\u0131\u015f, odaklanm\u0131\u015f ve \u00fcretken oldu\u011fundan emin olun.","og_url":"https:\/\/sales-ai-agents.com\/tr\/templates\/weekly-planner\/","og_site_name":"Sales AI Agents","article_modified_time":"2024-01-02T11:58:28+00:00","og_image":[{"width":1700,"height":1100,"url":"https:\/\/sales-ai-agents.com\/wp-content\/uploads\/2022\/09\/Weekly-Planner-Template.png","type":"image\/png"}],"twitter_card":"summary_large_image","schema":{"@context":"https:\/\/schema.org","@graph":[{"@type":"WebPage","@id":"https:\/\/sales-ai-agents.com\/tr\/templates\/weekly-planner\/","url":"https:\/\/sales-ai-agents.com\/tr\/templates\/weekly-planner\/","name":"Haftal\u0131k Planlay\u0131c\u0131 \u015eablonu - Sales AI Agents","isPartOf":{"@id":"https:\/\/sales-ai-agents.com\/#website"},"primaryImageOfPage":{"@id":"https:\/\/sales-ai-agents.com\/tr\/templates\/weekly-planner\/#primaryimage"},"image":{"@id":"https:\/\/sales-ai-agents.com\/tr\/templates\/weekly-planner\/#primaryimage"},"thumbnailUrl":"https:\/\/sales-ai-agents.com\/wp-content\/uploads\/2022\/09\/Weekly-Planner-Template.png","datePublished":"2022-09-26T12:21:28+00:00","dateModified":"2024-01-02T11:58:28+00:00","description":"Bu kullan\u0131\u015fl\u0131, \u00f6zelle\u015ftirilebilir planlay\u0131c\u0131 \u015fablonu haftan\u0131z\u0131 d\u00fczenlemenize yard\u0131mc\u0131 olabilir. Bir program olu\u015fturarak haftan\u0131z\u0131n yap\u0131land\u0131r\u0131lm\u0131\u015f, odaklanm\u0131\u015f ve \u00fcretken oldu\u011fundan emin olun.","inLanguage":"tr","potentialAction":[{"@type":"ReadAction","target":["https:\/\/sales-ai-agents.com\/tr\/templates\/weekly-planner\/"]}]},{"@type":"ImageObject","inLanguage":"tr","@id":"https:\/\/sales-ai-agents.com\/tr\/templates\/weekly-planner\/#primaryimage","url":"https:\/\/sales-ai-agents.com\/wp-content\/uploads\/2022\/09\/Weekly-Planner-Template.png","contentUrl":"https:\/\/sales-ai-agents.com\/wp-content\/uploads\/2022\/09\/Weekly-Planner-Template.png","width":1700,"height":1100},{"@type":"WebSite","@id":"https:\/\/sales-ai-agents.com\/#website","url":"https:\/\/sales-ai-agents.com\/","name":"FuseBase","description":"Sales AI Agents - Free Online Collaboration Software for Remote Teams. Build your wikis, client portals and more with the Nimbus Platform collaboration tool ? A perfect space for online work","publisher":{"@id":"https:\/\/sales-ai-agents.com\/#organization"},"potentialAction":[{"@type":"SearchAction","target":{"@type":"EntryPoint","urlTemplate":"https:\/\/sales-ai-agents.com\/?s={search_term_string}"},"query-input":{"@type":"PropertyValueSpecification","valueRequired":true,"valueName":"search_term_string"}}],"inLanguage":"tr"},{"@type":"Organization","@id":"https:\/\/sales-ai-agents.com\/#organization","name":"FuseBase","url":"https:\/\/sales-ai-agents.com\/","logo":{"@type":"ImageObject","inLanguage":"tr","@id":"https:\/\/sales-ai-agents.com\/#\/schema\/logo\/image\/","url":"https:\/\/sales-ai-agents.com\/wp-content\/uploads\/2023\/11\/icon-7.svg","contentUrl":"https:\/\/sales-ai-agents.com\/wp-content\/uploads\/2023\/11\/icon-7.svg","width":128,"height":128,"caption":"FuseBase"},"image":{"@id":"https:\/\/sales-ai-agents.com\/#\/schema\/logo\/image\/"}}]}},"_links":{"self":[{"href":"https:\/\/sales-ai-agents.com\/tr\/wp-json\/wp\/v2\/product\/56167","targetHints":{"allow":["GET"]}}],"collection":[{"href":"https:\/\/sales-ai-agents.com\/tr\/wp-json\/wp\/v2\/product"}],"about":[{"href":"https:\/\/sales-ai-agents.com\/tr\/wp-json\/wp\/v2\/types\/product"}],"wp:featuredmedia":[{"embeddable":true,"href":"https:\/\/sales-ai-agents.com\/tr\/wp-json\/wp\/v2\/media\/56168"}],"wp:attachment":[{"href":"https:\/\/sales-ai-agents.com\/tr\/wp-json\/wp\/v2\/media?parent=56167"}],"wp:term":[{"taxonomy":"product_brand","embeddable":true,"href":"https:\/\/sales-ai-agents.com\/tr\/wp-json\/wp\/v2\/product_brand?post=56167"},{"taxonomy":"product_cat","embeddable":true,"href":"https:\/\/sales-ai-agents.com\/tr\/wp-json\/wp\/v2\/product_cat?post=56167"},{"taxonomy":"product_tag","embeddable":true,"href":"https:\/\/sales-ai-agents.com\/tr\/wp-json\/wp\/v2\/product_tag?post=56167"}],"curies":[{"name":"wp","href":"https:\/\/api.w.org\/{rel}","templated":true}]}}