{"id":56219,"date":"2022-09-26T12:21:25","date_gmt":"2022-09-26T12:21:25","guid":{"rendered":"https:\/\/sales-ai-agents.com\/templates\/event-planning\/"},"modified":"2023-12-31T16:44:12","modified_gmt":"2023-12-31T16:44:12","slug":"event-planning","status":"publish","type":"product","link":"https:\/\/sales-ai-agents.com\/tr\/templates\/event-planning\/","title":{"rendered":"Etkinlik Planlama"},"content":{"rendered":"<p>&nbsp;<\/p>\n<h2>Etkinlik Planlama \u015eablonu<\/h2>\n<p class=\"desc-text\">Bir etkinlik planlama \u00f6zetinden yararlanmak, bir parti, kutlama veya sosyal toplant\u0131ya ev sahipli\u011fi yaparken \u00f6nemli ayr\u0131nt\u0131lar\u0131 ka\u00e7\u0131rmaman\u0131za yard\u0131mc\u0131 olabilir. Fikirlerinizi ortaya koyabilmeniz i\u00e7in bu tamamen \u00f6zelle\u015ftirilebilir \u015fablonu olu\u015fturduk. T\u00fcm payda\u015flar\u0131n\u0131z\u0131 g\u00fcncel tutmak i\u00e7in \u015fablonu payla\u015f\u0131n. Ayr\u0131nt\u0131l\u0131 planlar haz\u0131rlamak, etkinli\u011finizi g\u00f6rselle\u015ftirmenize ve fikirlerinizi hayata ge\u00e7irmenize yard\u0131mc\u0131 olacakt\u0131r.<\/p>\n<h5>Nas\u0131l kullan\u0131l\u0131r?<\/h5>\n<ul class=\"desc-item_list\">\n<li class=\"desc-item_list__point\">Etkinlik ad\u0131n\u0131 girin<\/li>\n<li class=\"desc-item_list__point\">\u00d6nemli ileti\u015fim bilgilerini ekleyin<\/li>\n<li class=\"desc-item_list__point\">Hedef kitle hakk\u0131nda ayr\u0131nt\u0131lar ekleyin<\/li>\n<li class=\"desc-item_list__point\">Mesaj\u0131n\u0131z ve hedefleriniz hakk\u0131nda beyin f\u0131rt\u0131nas\u0131 yap\u0131n<\/li>\n<li class=\"desc-item_list__point\">Potansiyel engelleri listeleyin<\/li>\n<li class=\"desc-item_list__point\">Etkinli\u011finizden sonra bir de\u011ferlendirme yaz\u0131n<\/li>\n<\/ul>\n","protected":false},"excerpt":{"rendered":"<p>Bir etkinli\u011fi kullanmak i\u00e7in bu \u015fablonu kullan\u0131n. Planlama \u00f6zetleri, bir parti, kutlama veya benzeri bir etkinli\u011fe ev sahipli\u011fi yaparken \u00f6nemli ayr\u0131nt\u0131lar\u0131 g\u00f6zden ka\u00e7\u0131rmaman\u0131za yard\u0131mc\u0131 olabilir.<\/p>\n","protected":false},"featured_media":56220,"template":"","meta":{"_acf_changed":false,"inline_featured_image":false},"product_brand":[],"product_cat":[260,256],"product_tag":[],"class_list":{"0":"post-56219","1":"product","2":"type-product","3":"status-publish","4":"has-post-thumbnail","6":"product_cat-events","7":"product_cat-organizers-planners","9":"first","10":"instock","11":"virtual","12":"sold-individually","13":"product-type-simple"},"acf":[],"yoast_head":"<!-- This site is optimized with the Yoast SEO plugin v25.3.1 - https:\/\/yoast.com\/wordpress\/plugins\/seo\/ -->\n<title>Etkinlik Planlama \u015eablonu - Sales AI Agents<\/title>\n<meta name=\"description\" content=\"Bir etkinli\u011fi kullanmak i\u00e7in bu \u015fablonu kullan\u0131n. K\u0131sa bir planlama, bir parti, kutlama veya benzeri bir etkinli\u011fe ev sahipli\u011fi yaparken \u00f6nemli ayr\u0131nt\u0131lar\u0131 ka\u00e7\u0131rmaman\u0131za yard\u0131mc\u0131 olabilir.\" \/>\n<meta name=\"robots\" content=\"index, follow, max-snippet:-1, max-image-preview:large, max-video-preview:-1\" \/>\n<link rel=\"canonical\" href=\"https:\/\/sales-ai-agents.com\/tr\/templates\/event-planning\/\" \/>\n<meta property=\"og:locale\" content=\"tr_TR\" \/>\n<meta property=\"og:type\" content=\"article\" \/>\n<meta property=\"og:title\" content=\"Etkinlik Planlama \u015eablonu - Sales AI Agents\" \/>\n<meta property=\"og:description\" content=\"Bir etkinli\u011fi kullanmak i\u00e7in bu \u015fablonu kullan\u0131n. K\u0131sa bir planlama, bir parti, kutlama veya benzeri bir etkinli\u011fe ev sahipli\u011fi yaparken \u00f6nemli ayr\u0131nt\u0131lar\u0131 ka\u00e7\u0131rmaman\u0131za yard\u0131mc\u0131 olabilir.\" \/>\n<meta property=\"og:url\" content=\"https:\/\/sales-ai-agents.com\/tr\/templates\/event-planning\/\" \/>\n<meta property=\"og:site_name\" content=\"Sales AI Agents\" \/>\n<meta property=\"article:modified_time\" content=\"2023-12-31T16:44:12+00:00\" \/>\n<meta property=\"og:image\" content=\"https:\/\/sales-ai-agents.com\/wp-content\/uploads\/2023\/01\/image-preview120930.png\" \/>\n\t<meta property=\"og:image:width\" content=\"1078\" \/>\n\t<meta property=\"og:image:height\" content=\"760\" \/>\n\t<meta property=\"og:image:type\" content=\"image\/png\" \/>\n<meta name=\"twitter:card\" content=\"summary_large_image\" \/>\n<script type=\"application\/ld+json\" class=\"yoast-schema-graph\">{\"@context\":\"https:\/\/schema.org\",\"@graph\":[{\"@type\":\"WebPage\",\"@id\":\"https:\/\/sales-ai-agents.com\/tr\/templates\/event-planning\/\",\"url\":\"https:\/\/sales-ai-agents.com\/tr\/templates\/event-planning\/\",\"name\":\"Etkinlik Planlama \u015eablonu - Sales AI Agents\",\"isPartOf\":{\"@id\":\"https:\/\/sales-ai-agents.com\/#website\"},\"primaryImageOfPage\":{\"@id\":\"https:\/\/sales-ai-agents.com\/tr\/templates\/event-planning\/#primaryimage\"},\"image\":{\"@id\":\"https:\/\/sales-ai-agents.com\/tr\/templates\/event-planning\/#primaryimage\"},\"thumbnailUrl\":\"https:\/\/sales-ai-agents.com\/wp-content\/uploads\/2023\/01\/image-preview120930.png\",\"datePublished\":\"2022-09-26T12:21:25+00:00\",\"dateModified\":\"2023-12-31T16:44:12+00:00\",\"description\":\"Bir etkinli\u011fi kullanmak i\u00e7in bu \u015fablonu kullan\u0131n. K\u0131sa bir planlama, bir parti, kutlama veya benzeri bir etkinli\u011fe ev sahipli\u011fi yaparken \u00f6nemli ayr\u0131nt\u0131lar\u0131 ka\u00e7\u0131rmaman\u0131za yard\u0131mc\u0131 olabilir.\",\"inLanguage\":\"tr\",\"potentialAction\":[{\"@type\":\"ReadAction\",\"target\":[\"https:\/\/sales-ai-agents.com\/tr\/templates\/event-planning\/\"]}]},{\"@type\":\"ImageObject\",\"inLanguage\":\"tr\",\"@id\":\"https:\/\/sales-ai-agents.com\/tr\/templates\/event-planning\/#primaryimage\",\"url\":\"https:\/\/sales-ai-agents.com\/wp-content\/uploads\/2023\/01\/image-preview120930.png\",\"contentUrl\":\"https:\/\/sales-ai-agents.com\/wp-content\/uploads\/2023\/01\/image-preview120930.png\",\"width\":1078,\"height\":760},{\"@type\":\"WebSite\",\"@id\":\"https:\/\/sales-ai-agents.com\/#website\",\"url\":\"https:\/\/sales-ai-agents.com\/\",\"name\":\"FuseBase\",\"description\":\"Sales AI Agents - Free Online Collaboration Software for Remote Teams. Build your wikis, client portals and more with the Nimbus Platform collaboration tool ? A perfect space for online work\",\"publisher\":{\"@id\":\"https:\/\/sales-ai-agents.com\/#organization\"},\"potentialAction\":[{\"@type\":\"SearchAction\",\"target\":{\"@type\":\"EntryPoint\",\"urlTemplate\":\"https:\/\/sales-ai-agents.com\/?s={search_term_string}\"},\"query-input\":{\"@type\":\"PropertyValueSpecification\",\"valueRequired\":true,\"valueName\":\"search_term_string\"}}],\"inLanguage\":\"tr\"},{\"@type\":\"Organization\",\"@id\":\"https:\/\/sales-ai-agents.com\/#organization\",\"name\":\"FuseBase\",\"url\":\"https:\/\/sales-ai-agents.com\/\",\"logo\":{\"@type\":\"ImageObject\",\"inLanguage\":\"tr\",\"@id\":\"https:\/\/sales-ai-agents.com\/#\/schema\/logo\/image\/\",\"url\":\"https:\/\/sales-ai-agents.com\/wp-content\/uploads\/2023\/11\/icon-7.svg\",\"contentUrl\":\"https:\/\/sales-ai-agents.com\/wp-content\/uploads\/2023\/11\/icon-7.svg\",\"width\":128,\"height\":128,\"caption\":\"FuseBase\"},\"image\":{\"@id\":\"https:\/\/sales-ai-agents.com\/#\/schema\/logo\/image\/\"}}]}<\/script>\n<!-- \/ Yoast SEO plugin. -->","yoast_head_json":{"title":"Etkinlik Planlama \u015eablonu - Sales AI Agents","description":"Bir etkinli\u011fi kullanmak i\u00e7in bu \u015fablonu kullan\u0131n. K\u0131sa bir planlama, bir parti, kutlama veya benzeri bir etkinli\u011fe ev sahipli\u011fi yaparken \u00f6nemli ayr\u0131nt\u0131lar\u0131 ka\u00e7\u0131rmaman\u0131za yard\u0131mc\u0131 olabilir.","robots":{"index":"index","follow":"follow","max-snippet":"max-snippet:-1","max-image-preview":"max-image-preview:large","max-video-preview":"max-video-preview:-1"},"canonical":"https:\/\/sales-ai-agents.com\/tr\/templates\/event-planning\/","og_locale":"tr_TR","og_type":"article","og_title":"Etkinlik Planlama \u015eablonu - Sales AI Agents","og_description":"Bir etkinli\u011fi kullanmak i\u00e7in bu \u015fablonu kullan\u0131n. K\u0131sa bir planlama, bir parti, kutlama veya benzeri bir etkinli\u011fe ev sahipli\u011fi yaparken \u00f6nemli ayr\u0131nt\u0131lar\u0131 ka\u00e7\u0131rmaman\u0131za yard\u0131mc\u0131 olabilir.","og_url":"https:\/\/sales-ai-agents.com\/tr\/templates\/event-planning\/","og_site_name":"Sales AI Agents","article_modified_time":"2023-12-31T16:44:12+00:00","og_image":[{"width":1078,"height":760,"url":"https:\/\/sales-ai-agents.com\/wp-content\/uploads\/2023\/01\/image-preview120930.png","type":"image\/png"}],"twitter_card":"summary_large_image","schema":{"@context":"https:\/\/schema.org","@graph":[{"@type":"WebPage","@id":"https:\/\/sales-ai-agents.com\/tr\/templates\/event-planning\/","url":"https:\/\/sales-ai-agents.com\/tr\/templates\/event-planning\/","name":"Etkinlik Planlama \u015eablonu - Sales AI Agents","isPartOf":{"@id":"https:\/\/sales-ai-agents.com\/#website"},"primaryImageOfPage":{"@id":"https:\/\/sales-ai-agents.com\/tr\/templates\/event-planning\/#primaryimage"},"image":{"@id":"https:\/\/sales-ai-agents.com\/tr\/templates\/event-planning\/#primaryimage"},"thumbnailUrl":"https:\/\/sales-ai-agents.com\/wp-content\/uploads\/2023\/01\/image-preview120930.png","datePublished":"2022-09-26T12:21:25+00:00","dateModified":"2023-12-31T16:44:12+00:00","description":"Bir etkinli\u011fi kullanmak i\u00e7in bu \u015fablonu kullan\u0131n. K\u0131sa bir planlama, bir parti, kutlama veya benzeri bir etkinli\u011fe ev sahipli\u011fi yaparken \u00f6nemli ayr\u0131nt\u0131lar\u0131 ka\u00e7\u0131rmaman\u0131za yard\u0131mc\u0131 olabilir.","inLanguage":"tr","potentialAction":[{"@type":"ReadAction","target":["https:\/\/sales-ai-agents.com\/tr\/templates\/event-planning\/"]}]},{"@type":"ImageObject","inLanguage":"tr","@id":"https:\/\/sales-ai-agents.com\/tr\/templates\/event-planning\/#primaryimage","url":"https:\/\/sales-ai-agents.com\/wp-content\/uploads\/2023\/01\/image-preview120930.png","contentUrl":"https:\/\/sales-ai-agents.com\/wp-content\/uploads\/2023\/01\/image-preview120930.png","width":1078,"height":760},{"@type":"WebSite","@id":"https:\/\/sales-ai-agents.com\/#website","url":"https:\/\/sales-ai-agents.com\/","name":"FuseBase","description":"Sales AI Agents - Free Online Collaboration Software for Remote Teams. Build your wikis, client portals and more with the Nimbus Platform collaboration tool ? A perfect space for online work","publisher":{"@id":"https:\/\/sales-ai-agents.com\/#organization"},"potentialAction":[{"@type":"SearchAction","target":{"@type":"EntryPoint","urlTemplate":"https:\/\/sales-ai-agents.com\/?s={search_term_string}"},"query-input":{"@type":"PropertyValueSpecification","valueRequired":true,"valueName":"search_term_string"}}],"inLanguage":"tr"},{"@type":"Organization","@id":"https:\/\/sales-ai-agents.com\/#organization","name":"FuseBase","url":"https:\/\/sales-ai-agents.com\/","logo":{"@type":"ImageObject","inLanguage":"tr","@id":"https:\/\/sales-ai-agents.com\/#\/schema\/logo\/image\/","url":"https:\/\/sales-ai-agents.com\/wp-content\/uploads\/2023\/11\/icon-7.svg","contentUrl":"https:\/\/sales-ai-agents.com\/wp-content\/uploads\/2023\/11\/icon-7.svg","width":128,"height":128,"caption":"FuseBase"},"image":{"@id":"https:\/\/sales-ai-agents.com\/#\/schema\/logo\/image\/"}}]}},"_links":{"self":[{"href":"https:\/\/sales-ai-agents.com\/tr\/wp-json\/wp\/v2\/product\/56219","targetHints":{"allow":["GET"]}}],"collection":[{"href":"https:\/\/sales-ai-agents.com\/tr\/wp-json\/wp\/v2\/product"}],"about":[{"href":"https:\/\/sales-ai-agents.com\/tr\/wp-json\/wp\/v2\/types\/product"}],"wp:featuredmedia":[{"embeddable":true,"href":"https:\/\/sales-ai-agents.com\/tr\/wp-json\/wp\/v2\/media\/56220"}],"wp:attachment":[{"href":"https:\/\/sales-ai-agents.com\/tr\/wp-json\/wp\/v2\/media?parent=56219"}],"wp:term":[{"taxonomy":"product_brand","embeddable":true,"href":"https:\/\/sales-ai-agents.com\/tr\/wp-json\/wp\/v2\/product_brand?post=56219"},{"taxonomy":"product_cat","embeddable":true,"href":"https:\/\/sales-ai-agents.com\/tr\/wp-json\/wp\/v2\/product_cat?post=56219"},{"taxonomy":"product_tag","embeddable":true,"href":"https:\/\/sales-ai-agents.com\/tr\/wp-json\/wp\/v2\/product_tag?post=56219"}],"curies":[{"name":"wp","href":"https:\/\/api.w.org\/{rel}","templated":true}]}}