{"id":56222,"date":"2022-09-26T12:21:21","date_gmt":"2022-09-26T12:21:21","guid":{"rendered":"https:\/\/sales-ai-agents.com\/templates\/ux-research\/"},"modified":"2023-12-26T15:20:48","modified_gmt":"2023-12-26T15:20:48","slug":"ux-research","status":"publish","type":"product","link":"https:\/\/sales-ai-agents.com\/tr\/templates\/ux-research\/","title":{"rendered":"UX Ara\u015ft\u0131rmas\u0131"},"content":{"rendered":"<p>&nbsp;<\/p>\n<h2>Kullan\u0131c\u0131 Ara\u015ft\u0131rma \u015eablonu<\/h2>\n<p class=\"desc-text\">Kullan\u0131c\u0131 ara\u015ft\u0131rmas\u0131 y\u00fcr\u00fct\u00fcrken her ad\u0131m\u0131 izlemek i\u00e7in bu \u015fablonu kullan\u0131n. \u0130lerlemeyi takip etmek ve i\u015fbirli\u011fine izin vermek i\u00e7in di\u011fer \u00fcyeleri etiketleyin. Belge ihtiya\u00e7lar\u0131n\u0131za uyacak \u015fekilde \u00f6zelle\u015ftirilebilir. Test g\u00f6r\u00fc\u015fmecisinin \u00f6nemli notlar\u0131n\u0131 ekleyin ve \u00fcr\u00fcn\u00fcn\u00fcz\u00fc veya sitenizi geli\u015ftirmek i\u00e7in uygulanabilir ad\u0131mlar olu\u015fturun.<\/p>\n<h5>Nas\u0131l kullan\u0131l\u0131r?<\/h5>\n<ul class=\"desc-item_list\">\n<li class=\"desc-item_list__point\">Kullan\u0131c\u0131lar\u0131 g\u00f6rev notlar\u0131n\u0131n \u00fcst\u00fcndeki ba\u015fl\u0131kta etiketleyin<\/li>\n<li class=\"desc-item_list__point\">\u00d6nemli yorum ve notlar\u0131 ekleyin<\/li>\n<li class=\"desc-item_list__point\">Yap\u0131lacaklar listesi olu\u015fturun<\/li>\n<\/ul>\n","protected":false},"excerpt":{"rendered":"<p>Kullan\u0131c\u0131 ara\u015ft\u0131rmas\u0131 y\u00fcr\u00fct\u00fcrken, her ad\u0131m\u0131 izlemek i\u00e7in bu \u00fccretsiz \u00f6zelle\u015ftirilebilir \u015fablonu kullan\u0131n. \u0130lerlemeyi takip etmek ve kolayca i\u015fbirli\u011fi yapmak i\u00e7in di\u011fer \u00fcyeleri etiketleyin.<\/p>\n","protected":false},"featured_media":56224,"template":"","meta":{"_acf_changed":false,"inline_featured_image":false},"product_brand":[],"product_cat":[251],"product_tag":[],"class_list":{"0":"post-56222","1":"product","2":"type-product","3":"status-publish","4":"has-post-thumbnail","6":"product_cat-designer","8":"first","9":"instock","10":"virtual","11":"sold-individually","12":"product-type-simple"},"acf":[],"yoast_head":"<!-- This site is optimized with the Yoast SEO plugin v25.3.1 - https:\/\/yoast.com\/wordpress\/plugins\/seo\/ -->\n<title>UX Ara\u015ft\u0131rma \u015eablonu - Sales AI Agents<\/title>\n<meta name=\"description\" content=\"Kullan\u0131c\u0131 ara\u015ft\u0131rmas\u0131 y\u00fcr\u00fct\u00fcrken, her ad\u0131m\u0131 izlemek i\u00e7in bu \u00fccretsiz \u00f6zelle\u015ftirilebilir \u015fablonu kullan\u0131n. \u0130lerlemeyi takip etmek ve kolayca i\u015fbirli\u011fi yapmak i\u00e7in di\u011fer \u00fcyeleri etiketleyin!\" \/>\n<meta name=\"robots\" content=\"index, follow, max-snippet:-1, max-image-preview:large, max-video-preview:-1\" \/>\n<link rel=\"canonical\" href=\"https:\/\/sales-ai-agents.com\/tr\/templates\/ux-research\/\" \/>\n<meta property=\"og:locale\" content=\"tr_TR\" \/>\n<meta property=\"og:type\" content=\"article\" \/>\n<meta property=\"og:title\" content=\"UX Ara\u015ft\u0131rma \u015eablonu - Sales AI Agents\" \/>\n<meta property=\"og:description\" content=\"Kullan\u0131c\u0131 ara\u015ft\u0131rmas\u0131 y\u00fcr\u00fct\u00fcrken, her ad\u0131m\u0131 izlemek i\u00e7in bu \u00fccretsiz \u00f6zelle\u015ftirilebilir \u015fablonu kullan\u0131n. \u0130lerlemeyi takip etmek ve kolayca i\u015fbirli\u011fi yapmak i\u00e7in di\u011fer \u00fcyeleri etiketleyin!\" \/>\n<meta property=\"og:url\" content=\"https:\/\/sales-ai-agents.com\/tr\/templates\/ux-research\/\" \/>\n<meta property=\"og:site_name\" content=\"Sales AI Agents\" \/>\n<meta property=\"article:modified_time\" content=\"2023-12-26T15:20:48+00:00\" \/>\n<meta property=\"og:image\" content=\"https:\/\/sales-ai-agents.com\/wp-content\/uploads\/2022\/09\/UX-Research-Template.png\" \/>\n\t<meta property=\"og:image:width\" content=\"1700\" \/>\n\t<meta property=\"og:image:height\" content=\"1100\" \/>\n\t<meta property=\"og:image:type\" content=\"image\/png\" \/>\n<meta name=\"twitter:card\" content=\"summary_large_image\" \/>\n<script type=\"application\/ld+json\" class=\"yoast-schema-graph\">{\"@context\":\"https:\/\/schema.org\",\"@graph\":[{\"@type\":\"WebPage\",\"@id\":\"https:\/\/sales-ai-agents.com\/tr\/templates\/ux-research\/\",\"url\":\"https:\/\/sales-ai-agents.com\/tr\/templates\/ux-research\/\",\"name\":\"UX Ara\u015ft\u0131rma \u015eablonu - Sales AI Agents\",\"isPartOf\":{\"@id\":\"https:\/\/sales-ai-agents.com\/#website\"},\"primaryImageOfPage\":{\"@id\":\"https:\/\/sales-ai-agents.com\/tr\/templates\/ux-research\/#primaryimage\"},\"image\":{\"@id\":\"https:\/\/sales-ai-agents.com\/tr\/templates\/ux-research\/#primaryimage\"},\"thumbnailUrl\":\"https:\/\/sales-ai-agents.com\/wp-content\/uploads\/2022\/09\/UX-Research-Template.png\",\"datePublished\":\"2022-09-26T12:21:21+00:00\",\"dateModified\":\"2023-12-26T15:20:48+00:00\",\"description\":\"Kullan\u0131c\u0131 ara\u015ft\u0131rmas\u0131 y\u00fcr\u00fct\u00fcrken, her ad\u0131m\u0131 izlemek i\u00e7in bu \u00fccretsiz \u00f6zelle\u015ftirilebilir \u015fablonu kullan\u0131n. \u0130lerlemeyi takip etmek ve kolayca i\u015fbirli\u011fi yapmak i\u00e7in di\u011fer \u00fcyeleri etiketleyin!\",\"inLanguage\":\"tr\",\"potentialAction\":[{\"@type\":\"ReadAction\",\"target\":[\"https:\/\/sales-ai-agents.com\/tr\/templates\/ux-research\/\"]}]},{\"@type\":\"ImageObject\",\"inLanguage\":\"tr\",\"@id\":\"https:\/\/sales-ai-agents.com\/tr\/templates\/ux-research\/#primaryimage\",\"url\":\"https:\/\/sales-ai-agents.com\/wp-content\/uploads\/2022\/09\/UX-Research-Template.png\",\"contentUrl\":\"https:\/\/sales-ai-agents.com\/wp-content\/uploads\/2022\/09\/UX-Research-Template.png\",\"width\":1700,\"height\":1100},{\"@type\":\"WebSite\",\"@id\":\"https:\/\/sales-ai-agents.com\/#website\",\"url\":\"https:\/\/sales-ai-agents.com\/\",\"name\":\"FuseBase\",\"description\":\"Sales AI Agents - Free Online Collaboration Software for Remote Teams. Build your wikis, client portals and more with the Nimbus Platform collaboration tool ? A perfect space for online work\",\"publisher\":{\"@id\":\"https:\/\/sales-ai-agents.com\/#organization\"},\"potentialAction\":[{\"@type\":\"SearchAction\",\"target\":{\"@type\":\"EntryPoint\",\"urlTemplate\":\"https:\/\/sales-ai-agents.com\/?s={search_term_string}\"},\"query-input\":{\"@type\":\"PropertyValueSpecification\",\"valueRequired\":true,\"valueName\":\"search_term_string\"}}],\"inLanguage\":\"tr\"},{\"@type\":\"Organization\",\"@id\":\"https:\/\/sales-ai-agents.com\/#organization\",\"name\":\"FuseBase\",\"url\":\"https:\/\/sales-ai-agents.com\/\",\"logo\":{\"@type\":\"ImageObject\",\"inLanguage\":\"tr\",\"@id\":\"https:\/\/sales-ai-agents.com\/#\/schema\/logo\/image\/\",\"url\":\"https:\/\/sales-ai-agents.com\/wp-content\/uploads\/2023\/11\/icon-7.svg\",\"contentUrl\":\"https:\/\/sales-ai-agents.com\/wp-content\/uploads\/2023\/11\/icon-7.svg\",\"width\":128,\"height\":128,\"caption\":\"FuseBase\"},\"image\":{\"@id\":\"https:\/\/sales-ai-agents.com\/#\/schema\/logo\/image\/\"}}]}<\/script>\n<!-- \/ Yoast SEO plugin. -->","yoast_head_json":{"title":"UX Ara\u015ft\u0131rma \u015eablonu - Sales AI Agents","description":"Kullan\u0131c\u0131 ara\u015ft\u0131rmas\u0131 y\u00fcr\u00fct\u00fcrken, her ad\u0131m\u0131 izlemek i\u00e7in bu \u00fccretsiz \u00f6zelle\u015ftirilebilir \u015fablonu kullan\u0131n. \u0130lerlemeyi takip etmek ve kolayca i\u015fbirli\u011fi yapmak i\u00e7in di\u011fer \u00fcyeleri etiketleyin!","robots":{"index":"index","follow":"follow","max-snippet":"max-snippet:-1","max-image-preview":"max-image-preview:large","max-video-preview":"max-video-preview:-1"},"canonical":"https:\/\/sales-ai-agents.com\/tr\/templates\/ux-research\/","og_locale":"tr_TR","og_type":"article","og_title":"UX Ara\u015ft\u0131rma \u015eablonu - Sales AI Agents","og_description":"Kullan\u0131c\u0131 ara\u015ft\u0131rmas\u0131 y\u00fcr\u00fct\u00fcrken, her ad\u0131m\u0131 izlemek i\u00e7in bu \u00fccretsiz \u00f6zelle\u015ftirilebilir \u015fablonu kullan\u0131n. \u0130lerlemeyi takip etmek ve kolayca i\u015fbirli\u011fi yapmak i\u00e7in di\u011fer \u00fcyeleri etiketleyin!","og_url":"https:\/\/sales-ai-agents.com\/tr\/templates\/ux-research\/","og_site_name":"Sales AI Agents","article_modified_time":"2023-12-26T15:20:48+00:00","og_image":[{"width":1700,"height":1100,"url":"https:\/\/sales-ai-agents.com\/wp-content\/uploads\/2022\/09\/UX-Research-Template.png","type":"image\/png"}],"twitter_card":"summary_large_image","schema":{"@context":"https:\/\/schema.org","@graph":[{"@type":"WebPage","@id":"https:\/\/sales-ai-agents.com\/tr\/templates\/ux-research\/","url":"https:\/\/sales-ai-agents.com\/tr\/templates\/ux-research\/","name":"UX Ara\u015ft\u0131rma \u015eablonu - Sales AI Agents","isPartOf":{"@id":"https:\/\/sales-ai-agents.com\/#website"},"primaryImageOfPage":{"@id":"https:\/\/sales-ai-agents.com\/tr\/templates\/ux-research\/#primaryimage"},"image":{"@id":"https:\/\/sales-ai-agents.com\/tr\/templates\/ux-research\/#primaryimage"},"thumbnailUrl":"https:\/\/sales-ai-agents.com\/wp-content\/uploads\/2022\/09\/UX-Research-Template.png","datePublished":"2022-09-26T12:21:21+00:00","dateModified":"2023-12-26T15:20:48+00:00","description":"Kullan\u0131c\u0131 ara\u015ft\u0131rmas\u0131 y\u00fcr\u00fct\u00fcrken, her ad\u0131m\u0131 izlemek i\u00e7in bu \u00fccretsiz \u00f6zelle\u015ftirilebilir \u015fablonu kullan\u0131n. \u0130lerlemeyi takip etmek ve kolayca i\u015fbirli\u011fi yapmak i\u00e7in di\u011fer \u00fcyeleri etiketleyin!","inLanguage":"tr","potentialAction":[{"@type":"ReadAction","target":["https:\/\/sales-ai-agents.com\/tr\/templates\/ux-research\/"]}]},{"@type":"ImageObject","inLanguage":"tr","@id":"https:\/\/sales-ai-agents.com\/tr\/templates\/ux-research\/#primaryimage","url":"https:\/\/sales-ai-agents.com\/wp-content\/uploads\/2022\/09\/UX-Research-Template.png","contentUrl":"https:\/\/sales-ai-agents.com\/wp-content\/uploads\/2022\/09\/UX-Research-Template.png","width":1700,"height":1100},{"@type":"WebSite","@id":"https:\/\/sales-ai-agents.com\/#website","url":"https:\/\/sales-ai-agents.com\/","name":"FuseBase","description":"Sales AI Agents - Free Online Collaboration Software for Remote Teams. Build your wikis, client portals and more with the Nimbus Platform collaboration tool ? A perfect space for online work","publisher":{"@id":"https:\/\/sales-ai-agents.com\/#organization"},"potentialAction":[{"@type":"SearchAction","target":{"@type":"EntryPoint","urlTemplate":"https:\/\/sales-ai-agents.com\/?s={search_term_string}"},"query-input":{"@type":"PropertyValueSpecification","valueRequired":true,"valueName":"search_term_string"}}],"inLanguage":"tr"},{"@type":"Organization","@id":"https:\/\/sales-ai-agents.com\/#organization","name":"FuseBase","url":"https:\/\/sales-ai-agents.com\/","logo":{"@type":"ImageObject","inLanguage":"tr","@id":"https:\/\/sales-ai-agents.com\/#\/schema\/logo\/image\/","url":"https:\/\/sales-ai-agents.com\/wp-content\/uploads\/2023\/11\/icon-7.svg","contentUrl":"https:\/\/sales-ai-agents.com\/wp-content\/uploads\/2023\/11\/icon-7.svg","width":128,"height":128,"caption":"FuseBase"},"image":{"@id":"https:\/\/sales-ai-agents.com\/#\/schema\/logo\/image\/"}}]}},"_links":{"self":[{"href":"https:\/\/sales-ai-agents.com\/tr\/wp-json\/wp\/v2\/product\/56222","targetHints":{"allow":["GET"]}}],"collection":[{"href":"https:\/\/sales-ai-agents.com\/tr\/wp-json\/wp\/v2\/product"}],"about":[{"href":"https:\/\/sales-ai-agents.com\/tr\/wp-json\/wp\/v2\/types\/product"}],"wp:featuredmedia":[{"embeddable":true,"href":"https:\/\/sales-ai-agents.com\/tr\/wp-json\/wp\/v2\/media\/56224"}],"wp:attachment":[{"href":"https:\/\/sales-ai-agents.com\/tr\/wp-json\/wp\/v2\/media?parent=56222"}],"wp:term":[{"taxonomy":"product_brand","embeddable":true,"href":"https:\/\/sales-ai-agents.com\/tr\/wp-json\/wp\/v2\/product_brand?post=56222"},{"taxonomy":"product_cat","embeddable":true,"href":"https:\/\/sales-ai-agents.com\/tr\/wp-json\/wp\/v2\/product_cat?post=56222"},{"taxonomy":"product_tag","embeddable":true,"href":"https:\/\/sales-ai-agents.com\/tr\/wp-json\/wp\/v2\/product_tag?post=56222"}],"curies":[{"name":"wp","href":"https:\/\/api.w.org\/{rel}","templated":true}]}}