{"id":56230,"date":"2022-09-26T12:21:19","date_gmt":"2022-09-26T12:21:19","guid":{"rendered":"https:\/\/sales-ai-agents.com\/templates\/usability-scale\/"},"modified":"2024-01-02T13:33:22","modified_gmt":"2024-01-02T13:33:22","slug":"usability-scale","status":"publish","type":"product","link":"https:\/\/sales-ai-agents.com\/tr\/templates\/usability-scale\/","title":{"rendered":"Kullan\u0131labilirlik \u00d6l\u00e7e\u011fi"},"content":{"rendered":"<p>&nbsp;<\/p>\n<h2>Kullan\u0131labilirlik \u00d6l\u00e7e\u011fi \u015eablonu<\/h2>\n<p class=\"desc-text\">Web sayfalar\u0131n\u0131z ve \u00fcr\u00fcnleriniz i\u00e7in geri bildirim almak, \u00fcr\u00fcn\u00fcn\u00fcz\u00fcn kullan\u0131c\u0131 deneyimini iyile\u015ftirmek i\u00e7in \u00e7ok \u00f6nemlidir. Web sitenizin nas\u0131l kullan\u0131ld\u0131\u011f\u0131na dair fikir edinmek i\u00e7in bu \u015fablonu ba\u015fkalar\u0131yla payla\u015f\u0131n. Sitenizdeki deneyimi iyile\u015ftirmek i\u00e7in geri bildirimlerinizi de\u011ferlendirin.<\/p>\n<h5>Nas\u0131l kullan\u0131l\u0131r?<\/h5>\n<ul class=\"desc-item_list\">\n<li class=\"desc-item_list__point\">Her bir ifadeyi okuyun ve de\u011ferlendirin<\/li>\n<li class=\"desc-item_list__point\">Anla\u015fman\u0131z\u0131 derecelendirmek i\u00e7in y\u0131ld\u0131zlar\u0131 kullan\u0131n<\/li>\n<li class=\"desc-item_list__point\">Sonu\u00e7lar\u0131 ekibinizle payla\u015f\u0131n<\/li>\n<\/ul>\n","protected":false},"excerpt":{"rendered":"<p>\u00dcr\u00fcn\u00fcn\u00fcz\u00fcn kullan\u0131c\u0131 deneyimini iyile\u015ftirmek i\u00e7in web sayfalar\u0131n\u0131z ve \u00fcr\u00fcnleriniz i\u00e7in geri bildirim al\u0131n. \u0130\u00e7g\u00f6r\u00fc kazanmak i\u00e7in bu \u015fablonu ekibinizle ve m\u00fc\u015fterilerinizle payla\u015f\u0131n.<\/p>\n","protected":false},"featured_media":56232,"template":"","meta":{"_acf_changed":false,"inline_featured_image":false},"product_brand":[],"product_cat":[258,251],"product_tag":[],"class_list":{"0":"post-56230","1":"product","2":"type-product","3":"status-publish","4":"has-post-thumbnail","6":"product_cat-marketing-analysis","7":"product_cat-designer","9":"first","10":"instock","11":"virtual","12":"sold-individually","13":"product-type-simple"},"acf":[],"yoast_head":"<!-- This site is optimized with the Yoast SEO plugin v25.3.1 - https:\/\/yoast.com\/wordpress\/plugins\/seo\/ -->\n<title>Kullan\u0131labilirlik \u00d6l\u00e7e\u011fi \u015eablonu - Sales AI Agents<\/title>\n<meta name=\"description\" content=\"\u00dcr\u00fcn\u00fcn\u00fcz\u00fcn kullan\u0131c\u0131 deneyimini iyile\u015ftirmek i\u00e7in web sayfalar\u0131n\u0131z ve \u00fcr\u00fcnleriniz i\u00e7in geri bildirim al\u0131n. \u0130\u00e7g\u00f6r\u00fc kazanmak i\u00e7in bu \u015fablonu ekibinizle ve m\u00fc\u015fterilerinizle payla\u015f\u0131n!\" \/>\n<meta name=\"robots\" content=\"index, follow, max-snippet:-1, max-image-preview:large, max-video-preview:-1\" \/>\n<link rel=\"canonical\" href=\"https:\/\/sales-ai-agents.com\/tr\/templates\/usability-scale\/\" \/>\n<meta property=\"og:locale\" content=\"tr_TR\" \/>\n<meta property=\"og:type\" content=\"article\" \/>\n<meta property=\"og:title\" content=\"Kullan\u0131labilirlik \u00d6l\u00e7e\u011fi \u015eablonu - Sales AI Agents\" \/>\n<meta property=\"og:description\" content=\"\u00dcr\u00fcn\u00fcn\u00fcz\u00fcn kullan\u0131c\u0131 deneyimini iyile\u015ftirmek i\u00e7in web sayfalar\u0131n\u0131z ve \u00fcr\u00fcnleriniz i\u00e7in geri bildirim al\u0131n. \u0130\u00e7g\u00f6r\u00fc kazanmak i\u00e7in bu \u015fablonu ekibinizle ve m\u00fc\u015fterilerinizle payla\u015f\u0131n!\" \/>\n<meta property=\"og:url\" content=\"https:\/\/sales-ai-agents.com\/tr\/templates\/usability-scale\/\" \/>\n<meta property=\"og:site_name\" content=\"Sales AI Agents\" \/>\n<meta property=\"article:modified_time\" content=\"2024-01-02T13:33:22+00:00\" \/>\n<meta property=\"og:image\" content=\"https:\/\/sales-ai-agents.com\/wp-content\/uploads\/2022\/09\/Usability_Scale_Template-scaled.jpg\" \/>\n\t<meta property=\"og:image:width\" content=\"2560\" \/>\n\t<meta property=\"og:image:height\" content=\"1403\" \/>\n\t<meta property=\"og:image:type\" content=\"image\/jpeg\" \/>\n<meta name=\"twitter:card\" content=\"summary_large_image\" \/>\n<script type=\"application\/ld+json\" class=\"yoast-schema-graph\">{\"@context\":\"https:\/\/schema.org\",\"@graph\":[{\"@type\":\"WebPage\",\"@id\":\"https:\/\/sales-ai-agents.com\/tr\/templates\/usability-scale\/\",\"url\":\"https:\/\/sales-ai-agents.com\/tr\/templates\/usability-scale\/\",\"name\":\"Kullan\u0131labilirlik \u00d6l\u00e7e\u011fi \u015eablonu - Sales AI Agents\",\"isPartOf\":{\"@id\":\"https:\/\/sales-ai-agents.com\/#website\"},\"primaryImageOfPage\":{\"@id\":\"https:\/\/sales-ai-agents.com\/tr\/templates\/usability-scale\/#primaryimage\"},\"image\":{\"@id\":\"https:\/\/sales-ai-agents.com\/tr\/templates\/usability-scale\/#primaryimage\"},\"thumbnailUrl\":\"https:\/\/sales-ai-agents.com\/wp-content\/uploads\/2022\/09\/Usability_Scale_Template-scaled.jpg\",\"datePublished\":\"2022-09-26T12:21:19+00:00\",\"dateModified\":\"2024-01-02T13:33:22+00:00\",\"description\":\"\u00dcr\u00fcn\u00fcn\u00fcz\u00fcn kullan\u0131c\u0131 deneyimini iyile\u015ftirmek i\u00e7in web sayfalar\u0131n\u0131z ve \u00fcr\u00fcnleriniz i\u00e7in geri bildirim al\u0131n. \u0130\u00e7g\u00f6r\u00fc kazanmak i\u00e7in bu \u015fablonu ekibinizle ve m\u00fc\u015fterilerinizle payla\u015f\u0131n!\",\"inLanguage\":\"tr\",\"potentialAction\":[{\"@type\":\"ReadAction\",\"target\":[\"https:\/\/sales-ai-agents.com\/tr\/templates\/usability-scale\/\"]}]},{\"@type\":\"ImageObject\",\"inLanguage\":\"tr\",\"@id\":\"https:\/\/sales-ai-agents.com\/tr\/templates\/usability-scale\/#primaryimage\",\"url\":\"https:\/\/sales-ai-agents.com\/wp-content\/uploads\/2022\/09\/Usability_Scale_Template-scaled.jpg\",\"contentUrl\":\"https:\/\/sales-ai-agents.com\/wp-content\/uploads\/2022\/09\/Usability_Scale_Template-scaled.jpg\",\"width\":2560,\"height\":1403},{\"@type\":\"WebSite\",\"@id\":\"https:\/\/sales-ai-agents.com\/#website\",\"url\":\"https:\/\/sales-ai-agents.com\/\",\"name\":\"FuseBase\",\"description\":\"Sales AI Agents - Free Online Collaboration Software for Remote Teams. Build your wikis, client portals and more with the Nimbus Platform collaboration tool ? A perfect space for online work\",\"publisher\":{\"@id\":\"https:\/\/sales-ai-agents.com\/#organization\"},\"potentialAction\":[{\"@type\":\"SearchAction\",\"target\":{\"@type\":\"EntryPoint\",\"urlTemplate\":\"https:\/\/sales-ai-agents.com\/?s={search_term_string}\"},\"query-input\":{\"@type\":\"PropertyValueSpecification\",\"valueRequired\":true,\"valueName\":\"search_term_string\"}}],\"inLanguage\":\"tr\"},{\"@type\":\"Organization\",\"@id\":\"https:\/\/sales-ai-agents.com\/#organization\",\"name\":\"FuseBase\",\"url\":\"https:\/\/sales-ai-agents.com\/\",\"logo\":{\"@type\":\"ImageObject\",\"inLanguage\":\"tr\",\"@id\":\"https:\/\/sales-ai-agents.com\/#\/schema\/logo\/image\/\",\"url\":\"https:\/\/sales-ai-agents.com\/wp-content\/uploads\/2023\/11\/icon-7.svg\",\"contentUrl\":\"https:\/\/sales-ai-agents.com\/wp-content\/uploads\/2023\/11\/icon-7.svg\",\"width\":128,\"height\":128,\"caption\":\"FuseBase\"},\"image\":{\"@id\":\"https:\/\/sales-ai-agents.com\/#\/schema\/logo\/image\/\"}}]}<\/script>\n<!-- \/ Yoast SEO plugin. -->","yoast_head_json":{"title":"Kullan\u0131labilirlik \u00d6l\u00e7e\u011fi \u015eablonu - Sales AI Agents","description":"\u00dcr\u00fcn\u00fcn\u00fcz\u00fcn kullan\u0131c\u0131 deneyimini iyile\u015ftirmek i\u00e7in web sayfalar\u0131n\u0131z ve \u00fcr\u00fcnleriniz i\u00e7in geri bildirim al\u0131n. \u0130\u00e7g\u00f6r\u00fc kazanmak i\u00e7in bu \u015fablonu ekibinizle ve m\u00fc\u015fterilerinizle payla\u015f\u0131n!","robots":{"index":"index","follow":"follow","max-snippet":"max-snippet:-1","max-image-preview":"max-image-preview:large","max-video-preview":"max-video-preview:-1"},"canonical":"https:\/\/sales-ai-agents.com\/tr\/templates\/usability-scale\/","og_locale":"tr_TR","og_type":"article","og_title":"Kullan\u0131labilirlik \u00d6l\u00e7e\u011fi \u015eablonu - Sales AI Agents","og_description":"\u00dcr\u00fcn\u00fcn\u00fcz\u00fcn kullan\u0131c\u0131 deneyimini iyile\u015ftirmek i\u00e7in web sayfalar\u0131n\u0131z ve \u00fcr\u00fcnleriniz i\u00e7in geri bildirim al\u0131n. \u0130\u00e7g\u00f6r\u00fc kazanmak i\u00e7in bu \u015fablonu ekibinizle ve m\u00fc\u015fterilerinizle payla\u015f\u0131n!","og_url":"https:\/\/sales-ai-agents.com\/tr\/templates\/usability-scale\/","og_site_name":"Sales AI Agents","article_modified_time":"2024-01-02T13:33:22+00:00","og_image":[{"width":2560,"height":1403,"url":"https:\/\/sales-ai-agents.com\/wp-content\/uploads\/2022\/09\/Usability_Scale_Template-scaled.jpg","type":"image\/jpeg"}],"twitter_card":"summary_large_image","schema":{"@context":"https:\/\/schema.org","@graph":[{"@type":"WebPage","@id":"https:\/\/sales-ai-agents.com\/tr\/templates\/usability-scale\/","url":"https:\/\/sales-ai-agents.com\/tr\/templates\/usability-scale\/","name":"Kullan\u0131labilirlik \u00d6l\u00e7e\u011fi \u015eablonu - Sales AI Agents","isPartOf":{"@id":"https:\/\/sales-ai-agents.com\/#website"},"primaryImageOfPage":{"@id":"https:\/\/sales-ai-agents.com\/tr\/templates\/usability-scale\/#primaryimage"},"image":{"@id":"https:\/\/sales-ai-agents.com\/tr\/templates\/usability-scale\/#primaryimage"},"thumbnailUrl":"https:\/\/sales-ai-agents.com\/wp-content\/uploads\/2022\/09\/Usability_Scale_Template-scaled.jpg","datePublished":"2022-09-26T12:21:19+00:00","dateModified":"2024-01-02T13:33:22+00:00","description":"\u00dcr\u00fcn\u00fcn\u00fcz\u00fcn kullan\u0131c\u0131 deneyimini iyile\u015ftirmek i\u00e7in web sayfalar\u0131n\u0131z ve \u00fcr\u00fcnleriniz i\u00e7in geri bildirim al\u0131n. \u0130\u00e7g\u00f6r\u00fc kazanmak i\u00e7in bu \u015fablonu ekibinizle ve m\u00fc\u015fterilerinizle payla\u015f\u0131n!","inLanguage":"tr","potentialAction":[{"@type":"ReadAction","target":["https:\/\/sales-ai-agents.com\/tr\/templates\/usability-scale\/"]}]},{"@type":"ImageObject","inLanguage":"tr","@id":"https:\/\/sales-ai-agents.com\/tr\/templates\/usability-scale\/#primaryimage","url":"https:\/\/sales-ai-agents.com\/wp-content\/uploads\/2022\/09\/Usability_Scale_Template-scaled.jpg","contentUrl":"https:\/\/sales-ai-agents.com\/wp-content\/uploads\/2022\/09\/Usability_Scale_Template-scaled.jpg","width":2560,"height":1403},{"@type":"WebSite","@id":"https:\/\/sales-ai-agents.com\/#website","url":"https:\/\/sales-ai-agents.com\/","name":"FuseBase","description":"Sales AI Agents - Free Online Collaboration Software for Remote Teams. Build your wikis, client portals and more with the Nimbus Platform collaboration tool ? A perfect space for online work","publisher":{"@id":"https:\/\/sales-ai-agents.com\/#organization"},"potentialAction":[{"@type":"SearchAction","target":{"@type":"EntryPoint","urlTemplate":"https:\/\/sales-ai-agents.com\/?s={search_term_string}"},"query-input":{"@type":"PropertyValueSpecification","valueRequired":true,"valueName":"search_term_string"}}],"inLanguage":"tr"},{"@type":"Organization","@id":"https:\/\/sales-ai-agents.com\/#organization","name":"FuseBase","url":"https:\/\/sales-ai-agents.com\/","logo":{"@type":"ImageObject","inLanguage":"tr","@id":"https:\/\/sales-ai-agents.com\/#\/schema\/logo\/image\/","url":"https:\/\/sales-ai-agents.com\/wp-content\/uploads\/2023\/11\/icon-7.svg","contentUrl":"https:\/\/sales-ai-agents.com\/wp-content\/uploads\/2023\/11\/icon-7.svg","width":128,"height":128,"caption":"FuseBase"},"image":{"@id":"https:\/\/sales-ai-agents.com\/#\/schema\/logo\/image\/"}}]}},"_links":{"self":[{"href":"https:\/\/sales-ai-agents.com\/tr\/wp-json\/wp\/v2\/product\/56230","targetHints":{"allow":["GET"]}}],"collection":[{"href":"https:\/\/sales-ai-agents.com\/tr\/wp-json\/wp\/v2\/product"}],"about":[{"href":"https:\/\/sales-ai-agents.com\/tr\/wp-json\/wp\/v2\/types\/product"}],"wp:featuredmedia":[{"embeddable":true,"href":"https:\/\/sales-ai-agents.com\/tr\/wp-json\/wp\/v2\/media\/56232"}],"wp:attachment":[{"href":"https:\/\/sales-ai-agents.com\/tr\/wp-json\/wp\/v2\/media?parent=56230"}],"wp:term":[{"taxonomy":"product_brand","embeddable":true,"href":"https:\/\/sales-ai-agents.com\/tr\/wp-json\/wp\/v2\/product_brand?post=56230"},{"taxonomy":"product_cat","embeddable":true,"href":"https:\/\/sales-ai-agents.com\/tr\/wp-json\/wp\/v2\/product_cat?post=56230"},{"taxonomy":"product_tag","embeddable":true,"href":"https:\/\/sales-ai-agents.com\/tr\/wp-json\/wp\/v2\/product_tag?post=56230"}],"curies":[{"name":"wp","href":"https:\/\/api.w.org\/{rel}","templated":true}]}}